{"id":8734,"date":"2023-03-30T09:33:45","date_gmt":"2023-03-30T07:33:45","guid":{"rendered":"https:\/\/facecorner.shop\/?post_type=product&#038;p=8734"},"modified":"2026-01-12T15:03:44","modified_gmt":"2026-01-12T12:03:44","slug":"dalba-white-truffle-prime-intensive-serum-100ml","status":"publish","type":"product","link":"https:\/\/www.facecorner.lv\/lv\/shop\/dalba-white-truffle-prime-intensive-serum-100ml\/","title":{"rendered":"d&#8217;Alba White Truffle Prime Intensive Serum 100ml"},"content":{"rendered":"<p>d&#8217;Alba White Truffle Prime Intensive Serum pretnoveco\u0161an\u0101s seruma aerosols ar trifel\u0113m un pept\u012bdiem acumirkl\u012b mitrina un atsvaidzina, nov\u0113r\u0161ot sausumu un sasprindzin\u0101jumu. Sast\u0101vs, kas bag\u0101ts ar augstu pretnoveco\u0161an\u0101s komponentu koncentr\u0101ciju, samazina grumbas un uzlabo \u0101das elast\u012bbu. Uz kolag\u0113na b\u0101zes veidot\u0101 formula satur pept\u012bdu kompleksu, patent\u0113to Trufferol\u2122 akt\u012bvo vielu, kas sast\u0101v no trife\u013cu ekstrakta un tokoferola, k\u0101 ar\u012b niacinam\u012bda, augu prote\u012bniem un e\u013c\u013cas kompleksa.<\/p>\n<p>Patent\u0113t\u0101 Trufferol\u2122 Active sast\u0101v no trife\u013cu ekstrakta (13 000 ppm) un tokoferola (1 200 ppm), kas nodro\u0161ina atjaunojo\u0161u efektu, palielina audu elast\u012bbu un reljefa gludumu, lai \u0101da b\u016btu vienm\u0113r\u012bga un mirdzo\u0161a.<\/p>\n<p><strong>Lieto\u0161ana<\/strong>: P\u0113c att\u012br\u012b\u0161anas produktu sakratiet 3-5 reizes, lai sajauktos e\u013c\u013cain\u0101 un \u016bde\u0146aina tekst\u016bra. Aizveriet acis, izsmidziniet aerosolu 10-20 centimetru att\u0101lum\u0101 no sejas. Izmantojiet k\u0101 toniku vai citos gad\u012bjumos, kad \u0101dai nepiecie\u0161ama papildu mitrin\u0101\u0161ana.<\/p>\n<p><strong>S\u0101stavs:\u00a0<\/strong>Collagen extract (765,000ppm), sunflower seed oil, dipropylene glycol, 1,2-Hexanediol, glycereth-26, niacinamide, white truffle extract (13,000 ppm), polypropylsilsesquioxane, tocopherol, caprylic \/Capric triglyceride, butylene glycol, macadamia seed oil, water, hydroxyethylurea, betaine, camellia seed oil, avocado oil, saccharide isomerrate, glyceryl glucoside, ethylhexylglycerin, jojoba seed oil, olive oil, pentaerythrityl tetra-di-t-butyl hydroxyhydrocinnamate, disodium edta, safflower seed oil, dipotassium glycyrrhizinate,\u00a0adenosine, stone bean oil, evening primrose oil, glycerin, hydrogenated polydecene, mannose, glucose, acrylates\/C10-30 alkyl acrylate crosspolymer, arginine, annatto seed oil, vitaminosis fruit oil, sodium citrate, citric acid, aga, guar gum, xanthan gum, palmitoyl pentapeptide-4, hydrolyzed barley protein, Hydrolyzed corn protein, copper tripeptide-1, acetyl hexapeptide-8, glycoprotein, hydrolyzed dlupine protein, hydrolyzed oat protein, hydrolyzed pea protein, hydrolyzed potato protein, hydrolyzed rice protein, hydrolyzed soybean protein, hydrolyzed vegetable protein, hydrolyzed wheat protein, fragrance, linalool, hexylcinnamal, limonene, citronellol<\/p>\n","protected":false},"excerpt":{"rendered":"<p>d&#8217;Alba White Truffle Prime Intensive Serum pretnoveco\u0161an\u0101s seruma aerosols ar trifel\u0113m un pept\u012bdiem acumirkl\u012b mitrina un atsvaidzina, nov\u0113r\u0161ot sausumu un sasprindzin\u0101jumu.<\/p>\n","protected":false},"featured_media":8736,"comment_status":"open","ping_status":"closed","template":"","meta":{"site-sidebar-layout":"default","site-content-layout":"","ast-site-content-layout":"default","site-content-style":"default","site-sidebar-style":"default","ast-global-header-display":"","ast-banner-title-visibility":"","ast-main-header-display":"","ast-hfb-above-header-display":"","ast-hfb-below-header-display":"","ast-hfb-mobile-header-display":"","site-post-title":"","ast-breadcrumbs-content":"","ast-featured-img":"","footer-sml-layout":"","theme-transparent-header-meta":"default","adv-header-id-meta":"","stick-header-meta":"","header-above-stick-meta":"","header-main-stick-meta":"","header-below-stick-meta":"","astra-migrate-meta-layouts":"set","ast-page-background-enabled":"default","ast-page-background-meta":{"desktop":{"background-color":"var(--ast-global-color-4)","background-image":"","background-repeat":"repeat","background-position":"center center","background-size":"auto","background-attachment":"scroll","background-type":"","background-media":"","overlay-type":"","overlay-color":"","overlay-opacity":"","overlay-gradient":""},"tablet":{"background-color":"","background-image":"","background-repeat":"repeat","background-position":"center center","background-size":"auto","background-attachment":"scroll","background-type":"","background-media":"","overlay-type":"","overlay-color":"","overlay-opacity":"","overlay-gradient":""},"mobile":{"background-color":"","background-image":"","background-repeat":"repeat","background-position":"center center","background-size":"auto","background-attachment":"scroll","background-type":"","background-media":"","overlay-type":"","overlay-color":"","overlay-opacity":"","overlay-gradient":""}},"ast-content-background-meta":{"desktop":{"background-color":"var(--ast-global-color-5)","background-image":"","background-repeat":"repeat","background-position":"center center","background-size":"auto","background-attachment":"scroll","background-type":"","background-media":"","overlay-type":"","overlay-color":"","overlay-opacity":"","overlay-gradient":""},"tablet":{"background-color":"var(--ast-global-color-5)","background-image":"","background-repeat":"repeat","background-position":"center center","background-size":"auto","background-attachment":"scroll","background-type":"","background-media":"","overlay-type":"","overlay-color":"","overlay-opacity":"","overlay-gradient":""},"mobile":{"background-color":"var(--ast-global-color-5)","background-image":"","background-repeat":"repeat","background-position":"center center","background-size":"auto","background-attachment":"scroll","background-type":"","background-media":"","overlay-type":"","overlay-color":"","overlay-opacity":"","overlay-gradient":""}}},"product_brand":[],"product_cat":[370,371,375,372,380,378,379,363,364,376],"product_tag":[],"berocket_brand":[572],"class_list":{"0":"post-8734","1":"product","2":"type-product","3":"status-publish","4":"has-post-thumbnail","6":"product_cat-adas-mirdzumam","7":"product_cat-anti-age","8":"product_cat-jutigai-adai-toneri","9":"product_cat-jutigai-adai-serumi","10":"product_cat-kombinetai-adai","11":"product_cat-sausai-adai-toneri","12":"product_cat-sausai-adai-anti-age","13":"product_cat-serumi","14":"product_cat-toneri","15":"product_cat-kombinetai-adai-toneri","16":"berocket_brand-dalba","17":"desktop-align-left","18":"tablet-align-left","19":"mobile-align-left","21":"first","22":"outofstock","23":"taxable","24":"shipping-taxable","25":"purchasable","26":"product-type-variable","27":"add-to-wishlist-before_image"},"yoast_head":"<!-- This site is optimized with the Yoast SEO plugin v27.4 - https:\/\/yoast.com\/product\/yoast-seo-wordpress\/ -->\n<title>d&#039;Alba White Truffle Prime Intensive Serum 100ml - FACECORNER<\/title>\n<meta name=\"description\" content=\"d&#039;Alba White Truffle Prime Intensive Serum pretnoveco\u0161an\u0101s seruma aerosols ar trifel\u0113m un pept\u012bdiem acumirkl\u012b mitrina un atsvaidzina, nov\u0113r\u0161ot sausumu.\" \/>\n<meta name=\"robots\" content=\"index, follow, max-snippet:-1, max-image-preview:large, max-video-preview:-1\" \/>\n<link rel=\"canonical\" href=\"https:\/\/www.facecorner.lv\/lv\/shop\/dalba-white-truffle-prime-intensive-serum-100ml\/\" \/>\n<meta property=\"og:locale\" content=\"lv_LV\" \/>\n<meta property=\"og:type\" content=\"article\" \/>\n<meta property=\"og:title\" content=\"d&#039;Alba White Truffle Prime Intensive Serum 100ml - FACECORNER\" \/>\n<meta property=\"og:description\" content=\"d&#039;Alba White Truffle Prime Intensive Serum pretnoveco\u0161an\u0101s seruma aerosols ar trifel\u0113m un pept\u012bdiem acumirkl\u012b mitrina un atsvaidzina, nov\u0113r\u0161ot sausumu.\" \/>\n<meta property=\"og:url\" content=\"https:\/\/www.facecorner.lv\/lv\/shop\/dalba-white-truffle-prime-intensive-serum-100ml\/\" \/>\n<meta property=\"og:site_name\" content=\"FACECORNER\" \/>\n<meta property=\"article:publisher\" content=\"https:\/\/www.facebook.com\/profile.php?id=100063824551839\" \/>\n<meta property=\"article:modified_time\" content=\"2026-01-12T12:03:44+00:00\" \/>\n<meta property=\"og:image\" content=\"https:\/\/www.facecorner.lv\/wp-content\/uploads\/2023\/03\/d_Alba_WhiteTrufflePrimeIntensiveSerum_1024x1024.jpg.webp\" \/>\n\t<meta property=\"og:image:width\" content=\"1000\" \/>\n\t<meta property=\"og:image:height\" content=\"1000\" \/>\n\t<meta property=\"og:image:type\" content=\"image\/webp\" \/>\n<meta name=\"twitter:card\" content=\"summary_large_image\" \/>\n<meta name=\"twitter:label1\" content=\"Availability\" \/>\n\t<meta name=\"twitter:data1\" content=\"Out of stock\" \/>\n<script type=\"application\/ld+json\" class=\"yoast-schema-graph\">{\"@context\":\"https:\\\/\\\/schema.org\",\"@graph\":[{\"@type\":\"WebPage\",\"@id\":\"https:\\\/\\\/www.facecorner.lv\\\/shop\\\/dalba-white-truffle-prime-intensive-serum-100ml\\\/\",\"url\":\"https:\\\/\\\/www.facecorner.lv\\\/shop\\\/dalba-white-truffle-prime-intensive-serum-100ml\\\/\",\"name\":\"d'Alba White Truffle Prime Intensive Serum 100ml - FACECORNER\",\"isPartOf\":{\"@id\":\"https:\\\/\\\/www.facecorner.lv\\\/#website\"},\"primaryImageOfPage\":{\"@id\":\"https:\\\/\\\/www.facecorner.lv\\\/shop\\\/dalba-white-truffle-prime-intensive-serum-100ml\\\/#primaryimage\"},\"image\":{\"@id\":\"https:\\\/\\\/www.facecorner.lv\\\/shop\\\/dalba-white-truffle-prime-intensive-serum-100ml\\\/#primaryimage\"},\"thumbnailUrl\":\"https:\\\/\\\/www.facecorner.lv\\\/wp-content\\\/uploads\\\/2023\\\/03\\\/d_Alba_WhiteTrufflePrimeIntensiveSerum_1024x1024.jpg.webp\",\"datePublished\":\"2023-03-30T07:33:45+00:00\",\"dateModified\":\"2026-01-12T12:03:44+00:00\",\"description\":\"d'Alba White Truffle Prime Intensive Serum pretnoveco\u0161an\u0101s seruma aerosols ar trifel\u0113m un pept\u012bdiem acumirkl\u012b mitrina un atsvaidzina, nov\u0113r\u0161ot sausumu.\",\"breadcrumb\":{\"@id\":\"https:\\\/\\\/www.facecorner.lv\\\/shop\\\/dalba-white-truffle-prime-intensive-serum-100ml\\\/#breadcrumb\"},\"inLanguage\":\"lv-LV\",\"potentialAction\":[{\"@type\":\"ReadAction\",\"target\":[\"https:\\\/\\\/www.facecorner.lv\\\/shop\\\/dalba-white-truffle-prime-intensive-serum-100ml\\\/\"]}]},{\"@type\":\"ImageObject\",\"inLanguage\":\"lv-LV\",\"@id\":\"https:\\\/\\\/www.facecorner.lv\\\/shop\\\/dalba-white-truffle-prime-intensive-serum-100ml\\\/#primaryimage\",\"url\":\"https:\\\/\\\/www.facecorner.lv\\\/wp-content\\\/uploads\\\/2023\\\/03\\\/d_Alba_WhiteTrufflePrimeIntensiveSerum_1024x1024.jpg.webp\",\"contentUrl\":\"https:\\\/\\\/www.facecorner.lv\\\/wp-content\\\/uploads\\\/2023\\\/03\\\/d_Alba_WhiteTrufflePrimeIntensiveSerum_1024x1024.jpg.webp\",\"width\":1000,\"height\":1000,\"caption\":\"d'Alba White Truffle Prime Intensive Serum\"},{\"@type\":\"BreadcrumbList\",\"@id\":\"https:\\\/\\\/www.facecorner.lv\\\/shop\\\/dalba-white-truffle-prime-intensive-serum-100ml\\\/#breadcrumb\",\"itemListElement\":[{\"@type\":\"ListItem\",\"position\":1,\"name\":\"Home\",\"item\":\"https:\\\/\\\/www.facecorner.lv\\\/\"},{\"@type\":\"ListItem\",\"position\":2,\"name\":\"Veikals\",\"item\":\"https:\\\/\\\/www.facecorner.lv\\\/shop\\\/\"},{\"@type\":\"ListItem\",\"position\":3,\"name\":\"d&#8217;Alba White Truffle Prime Intensive Serum 100ml\"}]},{\"@type\":\"WebSite\",\"@id\":\"https:\\\/\\\/www.facecorner.lv\\\/#website\",\"url\":\"https:\\\/\\\/www.facecorner.lv\\\/\",\"name\":\"Facecorner\",\"description\":\"\",\"publisher\":{\"@id\":\"https:\\\/\\\/www.facecorner.lv\\\/#organization\"},\"potentialAction\":[{\"@type\":\"SearchAction\",\"target\":{\"@type\":\"EntryPoint\",\"urlTemplate\":\"https:\\\/\\\/www.facecorner.lv\\\/?s={search_term_string}\"},\"query-input\":{\"@type\":\"PropertyValueSpecification\",\"valueRequired\":true,\"valueName\":\"search_term_string\"}}],\"inLanguage\":\"lv-LV\"},{\"@type\":\"Organization\",\"@id\":\"https:\\\/\\\/www.facecorner.lv\\\/#organization\",\"name\":\"Facecorner\",\"url\":\"https:\\\/\\\/www.facecorner.lv\\\/\",\"logo\":{\"@type\":\"ImageObject\",\"inLanguage\":\"lv-LV\",\"@id\":\"https:\\\/\\\/www.facecorner.lv\\\/#\\\/schema\\\/logo\\\/image\\\/\",\"url\":\"https:\\\/\\\/www.facecorner.lv\\\/wp-content\\\/uploads\\\/2024\\\/04\\\/fc-logo.jpg\",\"contentUrl\":\"https:\\\/\\\/www.facecorner.lv\\\/wp-content\\\/uploads\\\/2024\\\/04\\\/fc-logo.jpg\",\"width\":174,\"height\":28,\"caption\":\"Facecorner\"},\"image\":{\"@id\":\"https:\\\/\\\/www.facecorner.lv\\\/#\\\/schema\\\/logo\\\/image\\\/\"},\"sameAs\":[\"https:\\\/\\\/www.facebook.com\\\/profile.php?id=100063824551839\",\"https:\\\/\\\/www.instagram.com\\\/facecorner_shop\\\/\"]}]}<\/script>\n<meta property=\"og:availability\" content=\"out of stock\" \/>\n<meta property=\"product:availability\" content=\"out of stock\" \/>\n<meta property=\"product:condition\" content=\"new\" \/>\n<!-- \/ Yoast SEO plugin. -->","yoast_head_json":{"title":"d'Alba White Truffle Prime Intensive Serum 100ml - FACECORNER","description":"d'Alba White Truffle Prime Intensive Serum pretnoveco\u0161an\u0101s seruma aerosols ar trifel\u0113m un pept\u012bdiem acumirkl\u012b mitrina un atsvaidzina, nov\u0113r\u0161ot sausumu.","robots":{"index":"index","follow":"follow","max-snippet":"max-snippet:-1","max-image-preview":"max-image-preview:large","max-video-preview":"max-video-preview:-1"},"canonical":"https:\/\/www.facecorner.lv\/lv\/shop\/dalba-white-truffle-prime-intensive-serum-100ml\/","og_locale":"lv_LV","og_type":"article","og_title":"d'Alba White Truffle Prime Intensive Serum 100ml - FACECORNER","og_description":"d'Alba White Truffle Prime Intensive Serum pretnoveco\u0161an\u0101s seruma aerosols ar trifel\u0113m un pept\u012bdiem acumirkl\u012b mitrina un atsvaidzina, nov\u0113r\u0161ot sausumu.","og_url":"https:\/\/www.facecorner.lv\/lv\/shop\/dalba-white-truffle-prime-intensive-serum-100ml\/","og_site_name":"FACECORNER","article_publisher":"https:\/\/www.facebook.com\/profile.php?id=100063824551839","article_modified_time":"2026-01-12T12:03:44+00:00","og_image":[{"width":1000,"height":1000,"url":"https:\/\/www.facecorner.lv\/wp-content\/uploads\/2023\/03\/d_Alba_WhiteTrufflePrimeIntensiveSerum_1024x1024.jpg.webp","type":"image\/webp"}],"twitter_card":"summary_large_image","twitter_misc":{"Availability":"Out of stock"},"schema":{"@context":"https:\/\/schema.org","@graph":[{"@type":"WebPage","@id":"https:\/\/www.facecorner.lv\/shop\/dalba-white-truffle-prime-intensive-serum-100ml\/","url":"https:\/\/www.facecorner.lv\/shop\/dalba-white-truffle-prime-intensive-serum-100ml\/","name":"d'Alba White Truffle Prime Intensive Serum 100ml - FACECORNER","isPartOf":{"@id":"https:\/\/www.facecorner.lv\/#website"},"primaryImageOfPage":{"@id":"https:\/\/www.facecorner.lv\/shop\/dalba-white-truffle-prime-intensive-serum-100ml\/#primaryimage"},"image":{"@id":"https:\/\/www.facecorner.lv\/shop\/dalba-white-truffle-prime-intensive-serum-100ml\/#primaryimage"},"thumbnailUrl":"https:\/\/www.facecorner.lv\/wp-content\/uploads\/2023\/03\/d_Alba_WhiteTrufflePrimeIntensiveSerum_1024x1024.jpg.webp","datePublished":"2023-03-30T07:33:45+00:00","dateModified":"2026-01-12T12:03:44+00:00","description":"d'Alba White Truffle Prime Intensive Serum pretnoveco\u0161an\u0101s seruma aerosols ar trifel\u0113m un pept\u012bdiem acumirkl\u012b mitrina un atsvaidzina, nov\u0113r\u0161ot sausumu.","breadcrumb":{"@id":"https:\/\/www.facecorner.lv\/shop\/dalba-white-truffle-prime-intensive-serum-100ml\/#breadcrumb"},"inLanguage":"lv-LV","potentialAction":[{"@type":"ReadAction","target":["https:\/\/www.facecorner.lv\/shop\/dalba-white-truffle-prime-intensive-serum-100ml\/"]}]},{"@type":"ImageObject","inLanguage":"lv-LV","@id":"https:\/\/www.facecorner.lv\/shop\/dalba-white-truffle-prime-intensive-serum-100ml\/#primaryimage","url":"https:\/\/www.facecorner.lv\/wp-content\/uploads\/2023\/03\/d_Alba_WhiteTrufflePrimeIntensiveSerum_1024x1024.jpg.webp","contentUrl":"https:\/\/www.facecorner.lv\/wp-content\/uploads\/2023\/03\/d_Alba_WhiteTrufflePrimeIntensiveSerum_1024x1024.jpg.webp","width":1000,"height":1000,"caption":"d'Alba White Truffle Prime Intensive Serum"},{"@type":"BreadcrumbList","@id":"https:\/\/www.facecorner.lv\/shop\/dalba-white-truffle-prime-intensive-serum-100ml\/#breadcrumb","itemListElement":[{"@type":"ListItem","position":1,"name":"Home","item":"https:\/\/www.facecorner.lv\/"},{"@type":"ListItem","position":2,"name":"Veikals","item":"https:\/\/www.facecorner.lv\/shop\/"},{"@type":"ListItem","position":3,"name":"d&#8217;Alba White Truffle Prime Intensive Serum 100ml"}]},{"@type":"WebSite","@id":"https:\/\/www.facecorner.lv\/#website","url":"https:\/\/www.facecorner.lv\/","name":"Facecorner","description":"","publisher":{"@id":"https:\/\/www.facecorner.lv\/#organization"},"potentialAction":[{"@type":"SearchAction","target":{"@type":"EntryPoint","urlTemplate":"https:\/\/www.facecorner.lv\/?s={search_term_string}"},"query-input":{"@type":"PropertyValueSpecification","valueRequired":true,"valueName":"search_term_string"}}],"inLanguage":"lv-LV"},{"@type":"Organization","@id":"https:\/\/www.facecorner.lv\/#organization","name":"Facecorner","url":"https:\/\/www.facecorner.lv\/","logo":{"@type":"ImageObject","inLanguage":"lv-LV","@id":"https:\/\/www.facecorner.lv\/#\/schema\/logo\/image\/","url":"https:\/\/www.facecorner.lv\/wp-content\/uploads\/2024\/04\/fc-logo.jpg","contentUrl":"https:\/\/www.facecorner.lv\/wp-content\/uploads\/2024\/04\/fc-logo.jpg","width":174,"height":28,"caption":"Facecorner"},"image":{"@id":"https:\/\/www.facecorner.lv\/#\/schema\/logo\/image\/"},"sameAs":["https:\/\/www.facebook.com\/profile.php?id=100063824551839","https:\/\/www.instagram.com\/facecorner_shop\/"]}]},"og_availability":"out of stock","product_availability":"out of stock","product_condition":"new"},"_links":{"self":[{"href":"https:\/\/www.facecorner.lv\/lv\/wp-json\/wp\/v2\/product\/8734","targetHints":{"allow":["GET"]}}],"collection":[{"href":"https:\/\/www.facecorner.lv\/lv\/wp-json\/wp\/v2\/product"}],"about":[{"href":"https:\/\/www.facecorner.lv\/lv\/wp-json\/wp\/v2\/types\/product"}],"replies":[{"embeddable":true,"href":"https:\/\/www.facecorner.lv\/lv\/wp-json\/wp\/v2\/comments?post=8734"}],"wp:featuredmedia":[{"embeddable":true,"href":"https:\/\/www.facecorner.lv\/lv\/wp-json\/wp\/v2\/media\/8736"}],"wp:attachment":[{"href":"https:\/\/www.facecorner.lv\/lv\/wp-json\/wp\/v2\/media?parent=8734"}],"wp:term":[{"taxonomy":"product_brand","embeddable":true,"href":"https:\/\/www.facecorner.lv\/lv\/wp-json\/wp\/v2\/product_brand?post=8734"},{"taxonomy":"product_cat","embeddable":true,"href":"https:\/\/www.facecorner.lv\/lv\/wp-json\/wp\/v2\/product_cat?post=8734"},{"taxonomy":"product_tag","embeddable":true,"href":"https:\/\/www.facecorner.lv\/lv\/wp-json\/wp\/v2\/product_tag?post=8734"},{"taxonomy":"berocket_brand","embeddable":true,"href":"https:\/\/www.facecorner.lv\/lv\/wp-json\/wp\/v2\/berocket_brand?post=8734"}],"curies":[{"name":"wp","href":"https:\/\/api.w.org\/{rel}","templated":true}]}}