{"id":8717,"date":"2023-03-29T14:29:28","date_gmt":"2023-03-29T12:29:28","guid":{"rendered":"https:\/\/facecorner.shop\/?post_type=product&#038;p=8717"},"modified":"2024-12-03T00:13:06","modified_gmt":"2024-12-02T21:13:06","slug":"masil-5-probiotics-color-radiance-shampoo-300ml","status":"publish","type":"product","link":"https:\/\/www.facecorner.lv\/lv\/shop\/masil-5-probiotics-color-radiance-shampoo-300ml\/","title":{"rendered":"Masil 5 Probiotics Color Radiance Shampoo 300ml"},"content":{"rendered":"<p>\u0160amp\u016bns ar probiotik\u0101m kr\u0101sas aizsardz\u012bbai Masil 5 Probiotics Color Radiance Shampoo atgrie\u017e cirt\u0101m vesel\u012bgu kr\u0101su, nov\u0113r\u0161 bl\u0101vuma un sirmu matu par\u0101d\u012b\u0161anos, aizsarg\u0101 pret agres\u012bvu ultravioleto starojumu. Maigi att\u012bra, stiprina matu saknes, padara \u0161\u0137ipsnas glud\u0101kas un z\u012bdain\u0101kas. Satur laktobacillus.<\/p>\n<p>\u0160amp\u016bns nov\u0113r\u0161 matu kr\u0101sas izmai\u0146as, ko izraisa matu \u017e\u0101v\u0113t\u0101js un UV stari, vienlaikus saglab\u0101jot dabisko toni. Nostiprina matu strukt\u016bru, nov\u0113r\u0161 trauslumu un samezglo\u0161anos, atvieglo \u0137emm\u0113\u0161anu un veido\u0161anu. Veido neredzamu aizsargk\u0101rtu, uzlabo barjeras funkcijas, uztur optim\u0101lu \u016bdens-lip\u012bdu l\u012bdzsvaru.<\/p>\n<p>Galven\u0101s akt\u012bv\u0101s sast\u0101vda\u013cas:<\/p>\n<ul>\n<li>Laktobacillu enz\u012bmi stiprina matus, saglab\u0101 aizsargsl\u0101ni, padara tos iztur\u012bg\u0101kus pret \u0101r\u0113jiem stimuliem, pie\u0161\u0137ir gludumu un iztur\u012bbu.<\/li>\n<li>Polyquaternium-10 ir polim\u0113rs, kas stiprina matu aizsargapvalku. No\u0146em elektriz\u0113\u0161anos, vienk\u0101r\u0161o \u0137emm\u0113\u0161anu un veido\u0161anu, pie\u0161\u0137ir apjomu.<\/li>\n<li>Peru pieni\u0146a ekstrakts stiprina aizsargbarjeru, nov\u0113r\u0161 trauslumu un bl\u0101vumu, piepilda matus ar vitalit\u0101ti.<\/li>\n<li>Piparm\u0113tru ekstrakts pat\u012bkami atv\u0113sina, nomierina niezi un nov\u0113r\u0161 blaugznas un kairin\u0101jumu.<\/li>\n<li>T\u0113jas koka ekstrakts regul\u0113 tauku dziedzeru darb\u012bbu, nov\u0113r\u0161 taukain\u012bbas par\u0101d\u012b\u0161anos un uztur t\u012brus matus.<\/li>\n<\/ul>\n<p>Piem\u0113rots visiem matu tipiem.<\/p>\n<p><strong>K\u0101 lietot:<\/strong> Uzkl\u0101jiet \u0161amp\u016bnu mitros t\u012bros matos un galvas \u0101d\u0101, maigi iemas\u0113jiet 2-3 min\u016btes un r\u016bp\u012bgi noskalojiet ar siltu \u016bdeni.<\/p>\n<p><strong>S\u0101stavs:\u00a0<\/strong>Water, Sodium C14-16 Olefin Sulfonate, Cocamidopropyl Betaine, Glycerin, PEG-60 Hydrogenated Castor Ol, Fragrance, Sodium Chloride, Polyquaternium-10, 1,2 -Hexanediol, Cocamide MEA, Decyl Gluco- side Oryza Sativa (Rice) Bran Oil, Sodium Citrate, Disodium EDTA, Citric Acid, Allantoin, Phenoxyethanol, Guar Hydroxypropytrimonium Chloride, Vitis Vinifera (Grape) Fruit Extract, Royal Jelly Extract, Persea Gratissima (Avo- cado) Fruit Extract, Hippophae Rhamnoides Fruit Extract, Saccharum Officinarum (Sugar Cane) Extract, Melaleuca Alternifolia (Tea Tree) Leaf Extract, Olea Europaea (Olive) Fruit Ext- ract, Daucus carota sativa (Carrot) root Extract, Prunus Mume Fruit Extract, Hibiscus Sabdariffa Flower Extract, Luffa Cylindrica Fruit Extract, Actinidia Chinensis (Kiwi) Fruit Extract, Malus Domestica Fruit Extract, Adansonia Digitata Seed Extract, Lactobacillus Ferment, Sodium Acetate, Isopropyl Alcohol, Hamamelis Virgi- niana (Witch Hazel) Leaf Extract, Salvia Offici- nalis (Sage) Leaf Extract, Melissa Officinalis Leaf Extract, Mentha Piperita (Peppermint) Ext- ract, Lavandula Angustifolia (Lavender) Flower Extract, Houttuynia Cordata Extract, Eucalyptus Globulus Leaf Extract, Butylene Glycol, Cl 17200 Ethylhexylglycerin, Cynanchum Atratum Extract<\/p>\n","protected":false},"excerpt":{"rendered":"<p>\u0160amp\u016bns ar probiotik\u0101m kr\u0101sas aizsardz\u012bbai Masil 5 Probiotics Color Radiance Shampoo atgrie\u017e cirt\u0101m vesel\u012bgu kr\u0101su, nov\u0113r\u0161 bl\u0101vuma un sirmu matu par\u0101d\u012b\u0161anos, aizsarg\u0101 pret agres\u012bvu ultravioleto starojumu. Maigi att\u012bra, stiprina matu saknes, padara \u0161\u0137ipsnas glud\u0101kas un z\u012bdain\u0101kas. Satur laktobacillus. \u0160amp\u016bns nov\u0113r\u0161 matu kr\u0101sas izmai\u0146as, ko izraisa matu \u017e\u0101v\u0113t\u0101js un UV stari, vienlaikus saglab\u0101jot dabisko toni. Nostiprina [&hellip;]<\/p>\n","protected":false},"featured_media":8718,"comment_status":"open","ping_status":"closed","template":"","meta":{"site-sidebar-layout":"default","site-content-layout":"","ast-site-content-layout":"","site-content-style":"default","site-sidebar-style":"default","ast-global-header-display":"","ast-banner-title-visibility":"","ast-main-header-display":"","ast-hfb-above-header-display":"","ast-hfb-below-header-display":"","ast-hfb-mobile-header-display":"","site-post-title":"","ast-breadcrumbs-content":"","ast-featured-img":"","footer-sml-layout":"","theme-transparent-header-meta":"","adv-header-id-meta":"","stick-header-meta":"","header-above-stick-meta":"","header-main-stick-meta":"","header-below-stick-meta":"","astra-migrate-meta-layouts":"default","ast-page-background-enabled":"default","ast-page-background-meta":{"desktop":{"background-color":"var(--ast-global-color-4)","background-image":"","background-repeat":"repeat","background-position":"center center","background-size":"auto","background-attachment":"scroll","background-type":"","background-media":"","overlay-type":"","overlay-color":"","overlay-opacity":"","overlay-gradient":""},"tablet":{"background-color":"","background-image":"","background-repeat":"repeat","background-position":"center center","background-size":"auto","background-attachment":"scroll","background-type":"","background-media":"","overlay-type":"","overlay-color":"","overlay-opacity":"","overlay-gradient":""},"mobile":{"background-color":"","background-image":"","background-repeat":"repeat","background-position":"center center","background-size":"auto","background-attachment":"scroll","background-type":"","background-media":"","overlay-type":"","overlay-color":"","overlay-opacity":"","overlay-gradient":""}},"ast-content-background-meta":{"desktop":{"background-color":"var(--ast-global-color-5)","background-image":"","background-repeat":"repeat","background-position":"center center","background-size":"auto","background-attachment":"scroll","background-type":"","background-media":"","overlay-type":"","overlay-color":"","overlay-opacity":"","overlay-gradient":""},"tablet":{"background-color":"var(--ast-global-color-5)","background-image":"","background-repeat":"repeat","background-position":"center center","background-size":"auto","background-attachment":"scroll","background-type":"","background-media":"","overlay-type":"","overlay-color":"","overlay-opacity":"","overlay-gradient":""},"mobile":{"background-color":"var(--ast-global-color-5)","background-image":"","background-repeat":"repeat","background-position":"center center","background-size":"auto","background-attachment":"scroll","background-type":"","background-media":"","overlay-type":"","overlay-color":"","overlay-opacity":"","overlay-gradient":""}}},"product_brand":[],"product_cat":[330,357],"product_tag":[],"berocket_brand":[593],"class_list":{"0":"post-8717","1":"product","2":"type-product","3":"status-publish","4":"has-post-thumbnail","6":"product_cat-matiem","7":"product_cat-sampuni","8":"berocket_brand-masil","9":"desktop-align-left","10":"tablet-align-left","11":"mobile-align-left","13":"first","14":"outofstock","15":"taxable","16":"shipping-taxable","17":"purchasable","18":"product-type-simple","19":"add-to-wishlist-before_image"},"yoast_head":"<!-- This site is optimized with the Yoast SEO plugin v27.4 - https:\/\/yoast.com\/product\/yoast-seo-wordpress\/ -->\n<title>Masil 5 Probiotics Color Radiance Shampoo 300ml - FACECORNER<\/title>\n<meta name=\"robots\" content=\"index, follow, max-snippet:-1, max-image-preview:large, max-video-preview:-1\" \/>\n<link rel=\"canonical\" href=\"https:\/\/www.facecorner.lv\/lv\/shop\/masil-5-probiotics-color-radiance-shampoo-300ml\/\" \/>\n<meta property=\"og:locale\" content=\"lv_LV\" \/>\n<meta property=\"og:type\" content=\"article\" \/>\n<meta property=\"og:title\" content=\"Masil 5 Probiotics Color Radiance Shampoo 300ml - FACECORNER\" \/>\n<meta property=\"og:description\" content=\"\u0160amp\u016bns ar probiotik\u0101m kr\u0101sas aizsardz\u012bbai Masil 5 Probiotics Color Radiance Shampoo atgrie\u017e cirt\u0101m vesel\u012bgu kr\u0101su, nov\u0113r\u0161 bl\u0101vuma un sirmu matu par\u0101d\u012b\u0161anos, aizsarg\u0101 pret agres\u012bvu ultravioleto starojumu. Maigi att\u012bra, stiprina matu saknes, padara \u0161\u0137ipsnas glud\u0101kas un z\u012bdain\u0101kas. Satur laktobacillus. \u0160amp\u016bns nov\u0113r\u0161 matu kr\u0101sas izmai\u0146as, ko izraisa matu \u017e\u0101v\u0113t\u0101js un UV stari, vienlaikus saglab\u0101jot dabisko toni. Nostiprina [&hellip;]\" \/>\n<meta property=\"og:url\" content=\"https:\/\/www.facecorner.lv\/lv\/shop\/masil-5-probiotics-color-radiance-shampoo-300ml\/\" \/>\n<meta property=\"og:site_name\" content=\"FACECORNER\" \/>\n<meta property=\"article:publisher\" content=\"https:\/\/www.facebook.com\/profile.php?id=100063824551839\" \/>\n<meta property=\"article:modified_time\" content=\"2024-12-02T21:13:06+00:00\" \/>\n<meta property=\"og:image\" content=\"https:\/\/www.facecorner.lv\/wp-content\/uploads\/2023\/03\/masil-5-probiotics-color-radiance-shampoo-1000x1000-1.png\" \/>\n\t<meta property=\"og:image:width\" content=\"1000\" \/>\n\t<meta property=\"og:image:height\" content=\"1000\" \/>\n\t<meta property=\"og:image:type\" content=\"image\/png\" \/>\n<meta name=\"twitter:card\" content=\"summary_large_image\" \/>\n<meta name=\"twitter:label1\" content=\"Price\" \/>\n\t<meta name=\"twitter:data1\" content=\"&euro;22.00\" \/>\n\t<meta name=\"twitter:label2\" content=\"Availability\" \/>\n\t<meta name=\"twitter:data2\" content=\"Out of stock\" \/>\n<script type=\"application\/ld+json\" class=\"yoast-schema-graph\">{\"@context\":\"https:\\\/\\\/schema.org\",\"@graph\":[{\"@type\":\"WebPage\",\"@id\":\"https:\\\/\\\/www.facecorner.lv\\\/shop\\\/masil-5-probiotics-color-radiance-shampoo-300ml\\\/\",\"url\":\"https:\\\/\\\/www.facecorner.lv\\\/shop\\\/masil-5-probiotics-color-radiance-shampoo-300ml\\\/\",\"name\":\"Masil 5 Probiotics Color Radiance Shampoo 300ml - FACECORNER\",\"isPartOf\":{\"@id\":\"https:\\\/\\\/www.facecorner.lv\\\/#website\"},\"primaryImageOfPage\":{\"@id\":\"https:\\\/\\\/www.facecorner.lv\\\/shop\\\/masil-5-probiotics-color-radiance-shampoo-300ml\\\/#primaryimage\"},\"image\":{\"@id\":\"https:\\\/\\\/www.facecorner.lv\\\/shop\\\/masil-5-probiotics-color-radiance-shampoo-300ml\\\/#primaryimage\"},\"thumbnailUrl\":\"https:\\\/\\\/www.facecorner.lv\\\/wp-content\\\/uploads\\\/2023\\\/03\\\/masil-5-probiotics-color-radiance-shampoo-1000x1000-1.png\",\"datePublished\":\"2023-03-29T12:29:28+00:00\",\"dateModified\":\"2024-12-02T21:13:06+00:00\",\"breadcrumb\":{\"@id\":\"https:\\\/\\\/www.facecorner.lv\\\/shop\\\/masil-5-probiotics-color-radiance-shampoo-300ml\\\/#breadcrumb\"},\"inLanguage\":\"lv-LV\",\"potentialAction\":[{\"@type\":\"ReadAction\",\"target\":[\"https:\\\/\\\/www.facecorner.lv\\\/shop\\\/masil-5-probiotics-color-radiance-shampoo-300ml\\\/\"]}]},{\"@type\":\"ImageObject\",\"inLanguage\":\"lv-LV\",\"@id\":\"https:\\\/\\\/www.facecorner.lv\\\/shop\\\/masil-5-probiotics-color-radiance-shampoo-300ml\\\/#primaryimage\",\"url\":\"https:\\\/\\\/www.facecorner.lv\\\/wp-content\\\/uploads\\\/2023\\\/03\\\/masil-5-probiotics-color-radiance-shampoo-1000x1000-1.png\",\"contentUrl\":\"https:\\\/\\\/www.facecorner.lv\\\/wp-content\\\/uploads\\\/2023\\\/03\\\/masil-5-probiotics-color-radiance-shampoo-1000x1000-1.png\",\"width\":1000,\"height\":1000},{\"@type\":\"BreadcrumbList\",\"@id\":\"https:\\\/\\\/www.facecorner.lv\\\/shop\\\/masil-5-probiotics-color-radiance-shampoo-300ml\\\/#breadcrumb\",\"itemListElement\":[{\"@type\":\"ListItem\",\"position\":1,\"name\":\"Home\",\"item\":\"https:\\\/\\\/www.facecorner.lv\\\/\"},{\"@type\":\"ListItem\",\"position\":2,\"name\":\"Veikals\",\"item\":\"https:\\\/\\\/www.facecorner.lv\\\/shop\\\/\"},{\"@type\":\"ListItem\",\"position\":3,\"name\":\"Masil 5 Probiotics Color Radiance Shampoo 300ml\"}]},{\"@type\":\"WebSite\",\"@id\":\"https:\\\/\\\/www.facecorner.lv\\\/#website\",\"url\":\"https:\\\/\\\/www.facecorner.lv\\\/\",\"name\":\"Facecorner\",\"description\":\"\",\"publisher\":{\"@id\":\"https:\\\/\\\/www.facecorner.lv\\\/#organization\"},\"potentialAction\":[{\"@type\":\"SearchAction\",\"target\":{\"@type\":\"EntryPoint\",\"urlTemplate\":\"https:\\\/\\\/www.facecorner.lv\\\/?s={search_term_string}\"},\"query-input\":{\"@type\":\"PropertyValueSpecification\",\"valueRequired\":true,\"valueName\":\"search_term_string\"}}],\"inLanguage\":\"lv-LV\"},{\"@type\":\"Organization\",\"@id\":\"https:\\\/\\\/www.facecorner.lv\\\/#organization\",\"name\":\"Facecorner\",\"url\":\"https:\\\/\\\/www.facecorner.lv\\\/\",\"logo\":{\"@type\":\"ImageObject\",\"inLanguage\":\"lv-LV\",\"@id\":\"https:\\\/\\\/www.facecorner.lv\\\/#\\\/schema\\\/logo\\\/image\\\/\",\"url\":\"https:\\\/\\\/www.facecorner.lv\\\/wp-content\\\/uploads\\\/2024\\\/04\\\/fc-logo.jpg\",\"contentUrl\":\"https:\\\/\\\/www.facecorner.lv\\\/wp-content\\\/uploads\\\/2024\\\/04\\\/fc-logo.jpg\",\"width\":174,\"height\":28,\"caption\":\"Facecorner\"},\"image\":{\"@id\":\"https:\\\/\\\/www.facecorner.lv\\\/#\\\/schema\\\/logo\\\/image\\\/\"},\"sameAs\":[\"https:\\\/\\\/www.facebook.com\\\/profile.php?id=100063824551839\",\"https:\\\/\\\/www.instagram.com\\\/facecorner_shop\\\/\"]}]}<\/script>\n<meta property=\"product:price:amount\" content=\"22.00\" \/>\n<meta property=\"product:price:currency\" content=\"EUR\" \/>\n<meta property=\"og:availability\" content=\"out of stock\" \/>\n<meta property=\"product:availability\" content=\"out of stock\" \/>\n<meta property=\"product:condition\" content=\"new\" \/>\n<!-- \/ Yoast SEO plugin. -->","yoast_head_json":{"title":"Masil 5 Probiotics Color Radiance Shampoo 300ml - FACECORNER","robots":{"index":"index","follow":"follow","max-snippet":"max-snippet:-1","max-image-preview":"max-image-preview:large","max-video-preview":"max-video-preview:-1"},"canonical":"https:\/\/www.facecorner.lv\/lv\/shop\/masil-5-probiotics-color-radiance-shampoo-300ml\/","og_locale":"lv_LV","og_type":"article","og_title":"Masil 5 Probiotics Color Radiance Shampoo 300ml - FACECORNER","og_description":"\u0160amp\u016bns ar probiotik\u0101m kr\u0101sas aizsardz\u012bbai Masil 5 Probiotics Color Radiance Shampoo atgrie\u017e cirt\u0101m vesel\u012bgu kr\u0101su, nov\u0113r\u0161 bl\u0101vuma un sirmu matu par\u0101d\u012b\u0161anos, aizsarg\u0101 pret agres\u012bvu ultravioleto starojumu. Maigi att\u012bra, stiprina matu saknes, padara \u0161\u0137ipsnas glud\u0101kas un z\u012bdain\u0101kas. Satur laktobacillus. \u0160amp\u016bns nov\u0113r\u0161 matu kr\u0101sas izmai\u0146as, ko izraisa matu \u017e\u0101v\u0113t\u0101js un UV stari, vienlaikus saglab\u0101jot dabisko toni. Nostiprina [&hellip;]","og_url":"https:\/\/www.facecorner.lv\/lv\/shop\/masil-5-probiotics-color-radiance-shampoo-300ml\/","og_site_name":"FACECORNER","article_publisher":"https:\/\/www.facebook.com\/profile.php?id=100063824551839","article_modified_time":"2024-12-02T21:13:06+00:00","og_image":[{"width":1000,"height":1000,"url":"https:\/\/www.facecorner.lv\/wp-content\/uploads\/2023\/03\/masil-5-probiotics-color-radiance-shampoo-1000x1000-1.png","type":"image\/png"}],"twitter_card":"summary_large_image","twitter_misc":{"Price":"&euro;22.00","Availability":"Out of stock"},"schema":{"@context":"https:\/\/schema.org","@graph":[{"@type":"WebPage","@id":"https:\/\/www.facecorner.lv\/shop\/masil-5-probiotics-color-radiance-shampoo-300ml\/","url":"https:\/\/www.facecorner.lv\/shop\/masil-5-probiotics-color-radiance-shampoo-300ml\/","name":"Masil 5 Probiotics Color Radiance Shampoo 300ml - FACECORNER","isPartOf":{"@id":"https:\/\/www.facecorner.lv\/#website"},"primaryImageOfPage":{"@id":"https:\/\/www.facecorner.lv\/shop\/masil-5-probiotics-color-radiance-shampoo-300ml\/#primaryimage"},"image":{"@id":"https:\/\/www.facecorner.lv\/shop\/masil-5-probiotics-color-radiance-shampoo-300ml\/#primaryimage"},"thumbnailUrl":"https:\/\/www.facecorner.lv\/wp-content\/uploads\/2023\/03\/masil-5-probiotics-color-radiance-shampoo-1000x1000-1.png","datePublished":"2023-03-29T12:29:28+00:00","dateModified":"2024-12-02T21:13:06+00:00","breadcrumb":{"@id":"https:\/\/www.facecorner.lv\/shop\/masil-5-probiotics-color-radiance-shampoo-300ml\/#breadcrumb"},"inLanguage":"lv-LV","potentialAction":[{"@type":"ReadAction","target":["https:\/\/www.facecorner.lv\/shop\/masil-5-probiotics-color-radiance-shampoo-300ml\/"]}]},{"@type":"ImageObject","inLanguage":"lv-LV","@id":"https:\/\/www.facecorner.lv\/shop\/masil-5-probiotics-color-radiance-shampoo-300ml\/#primaryimage","url":"https:\/\/www.facecorner.lv\/wp-content\/uploads\/2023\/03\/masil-5-probiotics-color-radiance-shampoo-1000x1000-1.png","contentUrl":"https:\/\/www.facecorner.lv\/wp-content\/uploads\/2023\/03\/masil-5-probiotics-color-radiance-shampoo-1000x1000-1.png","width":1000,"height":1000},{"@type":"BreadcrumbList","@id":"https:\/\/www.facecorner.lv\/shop\/masil-5-probiotics-color-radiance-shampoo-300ml\/#breadcrumb","itemListElement":[{"@type":"ListItem","position":1,"name":"Home","item":"https:\/\/www.facecorner.lv\/"},{"@type":"ListItem","position":2,"name":"Veikals","item":"https:\/\/www.facecorner.lv\/shop\/"},{"@type":"ListItem","position":3,"name":"Masil 5 Probiotics Color Radiance Shampoo 300ml"}]},{"@type":"WebSite","@id":"https:\/\/www.facecorner.lv\/#website","url":"https:\/\/www.facecorner.lv\/","name":"Facecorner","description":"","publisher":{"@id":"https:\/\/www.facecorner.lv\/#organization"},"potentialAction":[{"@type":"SearchAction","target":{"@type":"EntryPoint","urlTemplate":"https:\/\/www.facecorner.lv\/?s={search_term_string}"},"query-input":{"@type":"PropertyValueSpecification","valueRequired":true,"valueName":"search_term_string"}}],"inLanguage":"lv-LV"},{"@type":"Organization","@id":"https:\/\/www.facecorner.lv\/#organization","name":"Facecorner","url":"https:\/\/www.facecorner.lv\/","logo":{"@type":"ImageObject","inLanguage":"lv-LV","@id":"https:\/\/www.facecorner.lv\/#\/schema\/logo\/image\/","url":"https:\/\/www.facecorner.lv\/wp-content\/uploads\/2024\/04\/fc-logo.jpg","contentUrl":"https:\/\/www.facecorner.lv\/wp-content\/uploads\/2024\/04\/fc-logo.jpg","width":174,"height":28,"caption":"Facecorner"},"image":{"@id":"https:\/\/www.facecorner.lv\/#\/schema\/logo\/image\/"},"sameAs":["https:\/\/www.facebook.com\/profile.php?id=100063824551839","https:\/\/www.instagram.com\/facecorner_shop\/"]}]},"product_price_amount":"22.00","product_price_currency":"EUR","og_availability":"out of stock","product_availability":"out of stock","product_condition":"new"},"_links":{"self":[{"href":"https:\/\/www.facecorner.lv\/lv\/wp-json\/wp\/v2\/product\/8717","targetHints":{"allow":["GET"]}}],"collection":[{"href":"https:\/\/www.facecorner.lv\/lv\/wp-json\/wp\/v2\/product"}],"about":[{"href":"https:\/\/www.facecorner.lv\/lv\/wp-json\/wp\/v2\/types\/product"}],"replies":[{"embeddable":true,"href":"https:\/\/www.facecorner.lv\/lv\/wp-json\/wp\/v2\/comments?post=8717"}],"wp:featuredmedia":[{"embeddable":true,"href":"https:\/\/www.facecorner.lv\/lv\/wp-json\/wp\/v2\/media\/8718"}],"wp:attachment":[{"href":"https:\/\/www.facecorner.lv\/lv\/wp-json\/wp\/v2\/media?parent=8717"}],"wp:term":[{"taxonomy":"product_brand","embeddable":true,"href":"https:\/\/www.facecorner.lv\/lv\/wp-json\/wp\/v2\/product_brand?post=8717"},{"taxonomy":"product_cat","embeddable":true,"href":"https:\/\/www.facecorner.lv\/lv\/wp-json\/wp\/v2\/product_cat?post=8717"},{"taxonomy":"product_tag","embeddable":true,"href":"https:\/\/www.facecorner.lv\/lv\/wp-json\/wp\/v2\/product_tag?post=8717"},{"taxonomy":"berocket_brand","embeddable":true,"href":"https:\/\/www.facecorner.lv\/lv\/wp-json\/wp\/v2\/berocket_brand?post=8717"}],"curies":[{"name":"wp","href":"https:\/\/api.w.org\/{rel}","templated":true}]}}