{"id":8708,"date":"2023-03-29T13:37:02","date_gmt":"2023-03-29T11:37:02","guid":{"rendered":"https:\/\/facecorner.shop\/?post_type=product&#038;p=8708"},"modified":"2025-09-22T18:28:51","modified_gmt":"2025-09-22T15:28:51","slug":"masil-5-probiotics-apple-vinegar-shampoo-300ml","status":"publish","type":"product","link":"https:\/\/www.facecorner.lv\/lv\/shop\/masil-5-probiotics-apple-vinegar-shampoo-300ml\/","title":{"rendered":"Masil 5 Probiotics Apple Vinegar Shampoo 300ml"},"content":{"rendered":"<p>Pretblaugznu \u0161amp\u016bns ar \u0101bolu sidra eti\u0137i Masil 5 Probiotics Apple Vinegar Shampoo efekt\u012bvi atvese\u013co galvas \u0101du: noloba stratum corneum, pies\u0101tina \u0161\u016bnas ar mitrumu un bar\u012bbas viel\u0101m, k\u0101 ar\u012b nostiprina aizsargbarjeru. \u0160amp\u016bns dzi\u013ci att\u012bra, neizraisot sausumu un lob\u012b\u0161anos, m\u012bkstina matus un padara tos viegl\u0101k vad\u0101mus. Satur laktobacillus, \u0101bolu sidra eti\u0137i un salicilsk\u0101bi.<\/p>\n<p>\u0160amp\u016bnam ir \u017eelejveida tekst\u016bra, tas pat\u012bkami atsvaidzina \u0101du un ir viegli nomazg\u0101jams ar \u016bdeni.<\/p>\n<p>Galven\u0101s akt\u012bv\u0101s sast\u0101vda\u013cas:<\/p>\n<ul>\n<li>Laktobacillu enz\u012bmi stiprina matus, saglab\u0101 aizsargsl\u0101ni, padara tos iztur\u012bg\u0101kus pret \u0101r\u0113jiem stimuliem, pie\u0161\u0137ir gludumu un iztur\u012bbu.<\/li>\n<li>Polyquaternium-10 ir polim\u0113rs, kas stiprina matu aizsargapvalku. No\u0146em elektriz\u0113\u0161anos, vienk\u0101r\u0161o \u0137emm\u0113\u0161anu un veido\u0161anu, pie\u0161\u0137ir apjomu.<\/li>\n<li>\u0100bolu sidra eti\u0137is dzi\u013ci att\u012bra galvas \u0101du, c\u012bn\u0101s ar blaugzn\u0101m un atsvaidzina. Pal\u012bdz uzlabot asinsriti un pa\u0101trina matu aug\u0161anu, pie\u0161\u0137ir tiem sp\u012bdumu.<\/li>\n<li>Salicilsk\u0101be akt\u012bvi att\u012bra galvas \u0101du, no\u0146em visa veida net\u012brumus, noloba atmiru\u0161\u0101s \u0161\u016bnas.<\/li>\n<li>Magnolijas ekstraktam ir nomierino\u0161a un antiseptiska iedarb\u012bba uz \u0101du, mazina kairin\u0101jumu un niezi.<\/li>\n<li>Kartupe\u013cu ekstrakts nov\u0113r\u0161 sausumu, m\u012bkstina raupjus matus, padara tos glud\u0101kus un elast\u012bg\u0101kus.<\/li>\n<\/ul>\n<p>Piem\u0113rots taukainai galvas \u0101dai.<\/p>\n<p><strong>K\u0101 lietot:<\/strong> Uzkl\u0101jiet \u0161amp\u016bnu mitros t\u012bros matos un galvas \u0101d\u0101, maigi iemas\u0113jiet 2-3 min\u016btes un r\u016bp\u012bgi noskalojiet ar siltu \u016bdeni.<\/p>\n<p><strong>S\u0101stavs:\u00a0<\/strong>Water, Disodum Laureth Suilfosuccinate, Cocamdopropyl Betaine, Vinegar, Lauryl Glucoside, Ulmus Davidana Root Extract, Canavalia Gladata Fruit Extract, Magrola Kobus Flower Extract, Comus Officnalis Fruit Extract, Solanum Tuberosum (Potato) Peel Extract, Nelumbo Nucifera Root Extract, Oenanthe Javanica Extradt, Ziziphus Jujuba Fruit Extract, Adenophora Stricta Root Extract. Lactobadllus Ferment, Ctnic Acd, 1.2-Hexanediol Sodum Chloride, Polyquatemum-10, Guar Hydroxypropytrmonum Chloride, Disodum EDTA, Cocamde MPA, Benzyl Salicylate, Fragance<\/p>\n","protected":false},"excerpt":{"rendered":"<p>Pretblaugznu \u0161amp\u016bns ar \u0101bolu sidra eti\u0137i Masil 5 Probiotics Apple Vinegar Shampoo efekt\u012bvi atvese\u013co galvas \u0101du: noloba stratum corneum, pies\u0101tina \u0161\u016bnas ar mitrumu un bar\u012bbas viel\u0101m, k\u0101 ar\u012b nostiprina aizsargbarjeru. \u0160amp\u016bns dzi\u013ci att\u012bra, neizraisot sausumu un lob\u012b\u0161anos, m\u012bkstina matus un padara tos viegl\u0101k vad\u0101mus. Satur laktobacillus, \u0101bolu sidra eti\u0137i un salicilsk\u0101bi. \u0160amp\u016bnam ir \u017eelejveida tekst\u016bra, [&hellip;]<\/p>\n","protected":false},"featured_media":8709,"comment_status":"open","ping_status":"closed","template":"","meta":{"site-sidebar-layout":"default","site-content-layout":"","ast-site-content-layout":"","site-content-style":"default","site-sidebar-style":"default","ast-global-header-display":"","ast-banner-title-visibility":"","ast-main-header-display":"","ast-hfb-above-header-display":"","ast-hfb-below-header-display":"","ast-hfb-mobile-header-display":"","site-post-title":"","ast-breadcrumbs-content":"","ast-featured-img":"","footer-sml-layout":"","theme-transparent-header-meta":"","adv-header-id-meta":"","stick-header-meta":"","header-above-stick-meta":"","header-main-stick-meta":"","header-below-stick-meta":"","astra-migrate-meta-layouts":"default","ast-page-background-enabled":"default","ast-page-background-meta":{"desktop":{"background-color":"var(--ast-global-color-4)","background-image":"","background-repeat":"repeat","background-position":"center center","background-size":"auto","background-attachment":"scroll","background-type":"","background-media":"","overlay-type":"","overlay-color":"","overlay-opacity":"","overlay-gradient":""},"tablet":{"background-color":"","background-image":"","background-repeat":"repeat","background-position":"center center","background-size":"auto","background-attachment":"scroll","background-type":"","background-media":"","overlay-type":"","overlay-color":"","overlay-opacity":"","overlay-gradient":""},"mobile":{"background-color":"","background-image":"","background-repeat":"repeat","background-position":"center center","background-size":"auto","background-attachment":"scroll","background-type":"","background-media":"","overlay-type":"","overlay-color":"","overlay-opacity":"","overlay-gradient":""}},"ast-content-background-meta":{"desktop":{"background-color":"var(--ast-global-color-5)","background-image":"","background-repeat":"repeat","background-position":"center center","background-size":"auto","background-attachment":"scroll","background-type":"","background-media":"","overlay-type":"","overlay-color":"","overlay-opacity":"","overlay-gradient":""},"tablet":{"background-color":"var(--ast-global-color-5)","background-image":"","background-repeat":"repeat","background-position":"center center","background-size":"auto","background-attachment":"scroll","background-type":"","background-media":"","overlay-type":"","overlay-color":"","overlay-opacity":"","overlay-gradient":""},"mobile":{"background-color":"var(--ast-global-color-5)","background-image":"","background-repeat":"repeat","background-position":"center center","background-size":"auto","background-attachment":"scroll","background-type":"","background-media":"","overlay-type":"","overlay-color":"","overlay-opacity":"","overlay-gradient":""}}},"product_brand":[],"product_cat":[330,357],"product_tag":[],"berocket_brand":[593],"class_list":{"0":"post-8708","1":"product","2":"type-product","3":"status-publish","4":"has-post-thumbnail","6":"product_cat-matiem","7":"product_cat-sampuni","8":"berocket_brand-masil","9":"desktop-align-left","10":"tablet-align-left","11":"mobile-align-left","13":"first","14":"instock","15":"taxable","16":"shipping-taxable","17":"purchasable","18":"product-type-simple","19":"add-to-wishlist-before_image"},"yoast_head":"<!-- This site is optimized with the Yoast SEO plugin v27.4 - https:\/\/yoast.com\/product\/yoast-seo-wordpress\/ -->\n<title>Masil 5 Probiotics Apple Vinegar Shampoo 300ml - FACECORNER<\/title>\n<meta name=\"robots\" content=\"index, follow, max-snippet:-1, max-image-preview:large, max-video-preview:-1\" \/>\n<link rel=\"canonical\" href=\"https:\/\/www.facecorner.lv\/lv\/shop\/masil-5-probiotics-apple-vinegar-shampoo-300ml\/\" \/>\n<meta property=\"og:locale\" content=\"lv_LV\" \/>\n<meta property=\"og:type\" content=\"article\" \/>\n<meta property=\"og:title\" content=\"Masil 5 Probiotics Apple Vinegar Shampoo 300ml - FACECORNER\" \/>\n<meta property=\"og:description\" content=\"Pretblaugznu \u0161amp\u016bns ar \u0101bolu sidra eti\u0137i Masil 5 Probiotics Apple Vinegar Shampoo efekt\u012bvi atvese\u013co galvas \u0101du: noloba stratum corneum, pies\u0101tina \u0161\u016bnas ar mitrumu un bar\u012bbas viel\u0101m, k\u0101 ar\u012b nostiprina aizsargbarjeru. \u0160amp\u016bns dzi\u013ci att\u012bra, neizraisot sausumu un lob\u012b\u0161anos, m\u012bkstina matus un padara tos viegl\u0101k vad\u0101mus. Satur laktobacillus, \u0101bolu sidra eti\u0137i un salicilsk\u0101bi. \u0160amp\u016bnam ir \u017eelejveida tekst\u016bra, [&hellip;]\" \/>\n<meta property=\"og:url\" content=\"https:\/\/www.facecorner.lv\/lv\/shop\/masil-5-probiotics-apple-vinegar-shampoo-300ml\/\" \/>\n<meta property=\"og:site_name\" content=\"FACECORNER\" \/>\n<meta property=\"article:publisher\" content=\"https:\/\/www.facebook.com\/profile.php?id=100063824551839\" \/>\n<meta property=\"article:modified_time\" content=\"2025-09-22T15:28:51+00:00\" \/>\n<meta property=\"og:image\" content=\"https:\/\/www.facecorner.lv\/wp-content\/uploads\/2023\/03\/image-1.jpg\" \/>\n\t<meta property=\"og:image:width\" content=\"1000\" \/>\n\t<meta property=\"og:image:height\" content=\"1000\" \/>\n\t<meta property=\"og:image:type\" content=\"image\/jpeg\" \/>\n<meta name=\"twitter:card\" content=\"summary_large_image\" \/>\n<meta name=\"twitter:label1\" content=\"Price\" \/>\n\t<meta name=\"twitter:data1\" content=\"&euro;22.00\" \/>\n\t<meta name=\"twitter:label2\" content=\"Availability\" \/>\n\t<meta name=\"twitter:data2\" content=\"In stock\" \/>\n<script type=\"application\/ld+json\" class=\"yoast-schema-graph\">{\"@context\":\"https:\\\/\\\/schema.org\",\"@graph\":[{\"@type\":\"WebPage\",\"@id\":\"https:\\\/\\\/www.facecorner.lv\\\/shop\\\/masil-5-probiotics-apple-vinegar-shampoo-300ml\\\/\",\"url\":\"https:\\\/\\\/www.facecorner.lv\\\/shop\\\/masil-5-probiotics-apple-vinegar-shampoo-300ml\\\/\",\"name\":\"Masil 5 Probiotics Apple Vinegar Shampoo 300ml - FACECORNER\",\"isPartOf\":{\"@id\":\"https:\\\/\\\/www.facecorner.lv\\\/#website\"},\"primaryImageOfPage\":{\"@id\":\"https:\\\/\\\/www.facecorner.lv\\\/shop\\\/masil-5-probiotics-apple-vinegar-shampoo-300ml\\\/#primaryimage\"},\"image\":{\"@id\":\"https:\\\/\\\/www.facecorner.lv\\\/shop\\\/masil-5-probiotics-apple-vinegar-shampoo-300ml\\\/#primaryimage\"},\"thumbnailUrl\":\"https:\\\/\\\/www.facecorner.lv\\\/wp-content\\\/uploads\\\/2023\\\/03\\\/image-1.jpg\",\"datePublished\":\"2023-03-29T11:37:02+00:00\",\"dateModified\":\"2025-09-22T15:28:51+00:00\",\"breadcrumb\":{\"@id\":\"https:\\\/\\\/www.facecorner.lv\\\/shop\\\/masil-5-probiotics-apple-vinegar-shampoo-300ml\\\/#breadcrumb\"},\"inLanguage\":\"lv-LV\",\"potentialAction\":[{\"@type\":\"ReadAction\",\"target\":[\"https:\\\/\\\/www.facecorner.lv\\\/shop\\\/masil-5-probiotics-apple-vinegar-shampoo-300ml\\\/\"]}]},{\"@type\":\"ImageObject\",\"inLanguage\":\"lv-LV\",\"@id\":\"https:\\\/\\\/www.facecorner.lv\\\/shop\\\/masil-5-probiotics-apple-vinegar-shampoo-300ml\\\/#primaryimage\",\"url\":\"https:\\\/\\\/www.facecorner.lv\\\/wp-content\\\/uploads\\\/2023\\\/03\\\/image-1.jpg\",\"contentUrl\":\"https:\\\/\\\/www.facecorner.lv\\\/wp-content\\\/uploads\\\/2023\\\/03\\\/image-1.jpg\",\"width\":1000,\"height\":1000},{\"@type\":\"BreadcrumbList\",\"@id\":\"https:\\\/\\\/www.facecorner.lv\\\/shop\\\/masil-5-probiotics-apple-vinegar-shampoo-300ml\\\/#breadcrumb\",\"itemListElement\":[{\"@type\":\"ListItem\",\"position\":1,\"name\":\"Home\",\"item\":\"https:\\\/\\\/www.facecorner.lv\\\/\"},{\"@type\":\"ListItem\",\"position\":2,\"name\":\"Veikals\",\"item\":\"https:\\\/\\\/www.facecorner.lv\\\/shop\\\/\"},{\"@type\":\"ListItem\",\"position\":3,\"name\":\"Masil 5 Probiotics Apple Vinegar Shampoo 300ml\"}]},{\"@type\":\"WebSite\",\"@id\":\"https:\\\/\\\/www.facecorner.lv\\\/#website\",\"url\":\"https:\\\/\\\/www.facecorner.lv\\\/\",\"name\":\"Facecorner\",\"description\":\"\",\"publisher\":{\"@id\":\"https:\\\/\\\/www.facecorner.lv\\\/#organization\"},\"potentialAction\":[{\"@type\":\"SearchAction\",\"target\":{\"@type\":\"EntryPoint\",\"urlTemplate\":\"https:\\\/\\\/www.facecorner.lv\\\/?s={search_term_string}\"},\"query-input\":{\"@type\":\"PropertyValueSpecification\",\"valueRequired\":true,\"valueName\":\"search_term_string\"}}],\"inLanguage\":\"lv-LV\"},{\"@type\":\"Organization\",\"@id\":\"https:\\\/\\\/www.facecorner.lv\\\/#organization\",\"name\":\"Facecorner\",\"url\":\"https:\\\/\\\/www.facecorner.lv\\\/\",\"logo\":{\"@type\":\"ImageObject\",\"inLanguage\":\"lv-LV\",\"@id\":\"https:\\\/\\\/www.facecorner.lv\\\/#\\\/schema\\\/logo\\\/image\\\/\",\"url\":\"https:\\\/\\\/www.facecorner.lv\\\/wp-content\\\/uploads\\\/2024\\\/04\\\/fc-logo.jpg\",\"contentUrl\":\"https:\\\/\\\/www.facecorner.lv\\\/wp-content\\\/uploads\\\/2024\\\/04\\\/fc-logo.jpg\",\"width\":174,\"height\":28,\"caption\":\"Facecorner\"},\"image\":{\"@id\":\"https:\\\/\\\/www.facecorner.lv\\\/#\\\/schema\\\/logo\\\/image\\\/\"},\"sameAs\":[\"https:\\\/\\\/www.facebook.com\\\/profile.php?id=100063824551839\",\"https:\\\/\\\/www.instagram.com\\\/facecorner_shop\\\/\"]}]}<\/script>\n<meta property=\"product:price:amount\" content=\"22.00\" \/>\n<meta property=\"product:price:currency\" content=\"EUR\" \/>\n<meta property=\"og:availability\" content=\"instock\" \/>\n<meta property=\"product:availability\" content=\"instock\" \/>\n<meta property=\"product:condition\" content=\"new\" \/>\n<!-- \/ Yoast SEO plugin. -->","yoast_head_json":{"title":"Masil 5 Probiotics Apple Vinegar Shampoo 300ml - FACECORNER","robots":{"index":"index","follow":"follow","max-snippet":"max-snippet:-1","max-image-preview":"max-image-preview:large","max-video-preview":"max-video-preview:-1"},"canonical":"https:\/\/www.facecorner.lv\/lv\/shop\/masil-5-probiotics-apple-vinegar-shampoo-300ml\/","og_locale":"lv_LV","og_type":"article","og_title":"Masil 5 Probiotics Apple Vinegar Shampoo 300ml - FACECORNER","og_description":"Pretblaugznu \u0161amp\u016bns ar \u0101bolu sidra eti\u0137i Masil 5 Probiotics Apple Vinegar Shampoo efekt\u012bvi atvese\u013co galvas \u0101du: noloba stratum corneum, pies\u0101tina \u0161\u016bnas ar mitrumu un bar\u012bbas viel\u0101m, k\u0101 ar\u012b nostiprina aizsargbarjeru. \u0160amp\u016bns dzi\u013ci att\u012bra, neizraisot sausumu un lob\u012b\u0161anos, m\u012bkstina matus un padara tos viegl\u0101k vad\u0101mus. Satur laktobacillus, \u0101bolu sidra eti\u0137i un salicilsk\u0101bi. \u0160amp\u016bnam ir \u017eelejveida tekst\u016bra, [&hellip;]","og_url":"https:\/\/www.facecorner.lv\/lv\/shop\/masil-5-probiotics-apple-vinegar-shampoo-300ml\/","og_site_name":"FACECORNER","article_publisher":"https:\/\/www.facebook.com\/profile.php?id=100063824551839","article_modified_time":"2025-09-22T15:28:51+00:00","og_image":[{"width":1000,"height":1000,"url":"https:\/\/www.facecorner.lv\/wp-content\/uploads\/2023\/03\/image-1.jpg","type":"image\/jpeg"}],"twitter_card":"summary_large_image","twitter_misc":{"Price":"&euro;22.00","Availability":"In stock"},"schema":{"@context":"https:\/\/schema.org","@graph":[{"@type":"WebPage","@id":"https:\/\/www.facecorner.lv\/shop\/masil-5-probiotics-apple-vinegar-shampoo-300ml\/","url":"https:\/\/www.facecorner.lv\/shop\/masil-5-probiotics-apple-vinegar-shampoo-300ml\/","name":"Masil 5 Probiotics Apple Vinegar Shampoo 300ml - FACECORNER","isPartOf":{"@id":"https:\/\/www.facecorner.lv\/#website"},"primaryImageOfPage":{"@id":"https:\/\/www.facecorner.lv\/shop\/masil-5-probiotics-apple-vinegar-shampoo-300ml\/#primaryimage"},"image":{"@id":"https:\/\/www.facecorner.lv\/shop\/masil-5-probiotics-apple-vinegar-shampoo-300ml\/#primaryimage"},"thumbnailUrl":"https:\/\/www.facecorner.lv\/wp-content\/uploads\/2023\/03\/image-1.jpg","datePublished":"2023-03-29T11:37:02+00:00","dateModified":"2025-09-22T15:28:51+00:00","breadcrumb":{"@id":"https:\/\/www.facecorner.lv\/shop\/masil-5-probiotics-apple-vinegar-shampoo-300ml\/#breadcrumb"},"inLanguage":"lv-LV","potentialAction":[{"@type":"ReadAction","target":["https:\/\/www.facecorner.lv\/shop\/masil-5-probiotics-apple-vinegar-shampoo-300ml\/"]}]},{"@type":"ImageObject","inLanguage":"lv-LV","@id":"https:\/\/www.facecorner.lv\/shop\/masil-5-probiotics-apple-vinegar-shampoo-300ml\/#primaryimage","url":"https:\/\/www.facecorner.lv\/wp-content\/uploads\/2023\/03\/image-1.jpg","contentUrl":"https:\/\/www.facecorner.lv\/wp-content\/uploads\/2023\/03\/image-1.jpg","width":1000,"height":1000},{"@type":"BreadcrumbList","@id":"https:\/\/www.facecorner.lv\/shop\/masil-5-probiotics-apple-vinegar-shampoo-300ml\/#breadcrumb","itemListElement":[{"@type":"ListItem","position":1,"name":"Home","item":"https:\/\/www.facecorner.lv\/"},{"@type":"ListItem","position":2,"name":"Veikals","item":"https:\/\/www.facecorner.lv\/shop\/"},{"@type":"ListItem","position":3,"name":"Masil 5 Probiotics Apple Vinegar Shampoo 300ml"}]},{"@type":"WebSite","@id":"https:\/\/www.facecorner.lv\/#website","url":"https:\/\/www.facecorner.lv\/","name":"Facecorner","description":"","publisher":{"@id":"https:\/\/www.facecorner.lv\/#organization"},"potentialAction":[{"@type":"SearchAction","target":{"@type":"EntryPoint","urlTemplate":"https:\/\/www.facecorner.lv\/?s={search_term_string}"},"query-input":{"@type":"PropertyValueSpecification","valueRequired":true,"valueName":"search_term_string"}}],"inLanguage":"lv-LV"},{"@type":"Organization","@id":"https:\/\/www.facecorner.lv\/#organization","name":"Facecorner","url":"https:\/\/www.facecorner.lv\/","logo":{"@type":"ImageObject","inLanguage":"lv-LV","@id":"https:\/\/www.facecorner.lv\/#\/schema\/logo\/image\/","url":"https:\/\/www.facecorner.lv\/wp-content\/uploads\/2024\/04\/fc-logo.jpg","contentUrl":"https:\/\/www.facecorner.lv\/wp-content\/uploads\/2024\/04\/fc-logo.jpg","width":174,"height":28,"caption":"Facecorner"},"image":{"@id":"https:\/\/www.facecorner.lv\/#\/schema\/logo\/image\/"},"sameAs":["https:\/\/www.facebook.com\/profile.php?id=100063824551839","https:\/\/www.instagram.com\/facecorner_shop\/"]}]},"product_price_amount":"22.00","product_price_currency":"EUR","og_availability":"instock","product_availability":"instock","product_condition":"new"},"_links":{"self":[{"href":"https:\/\/www.facecorner.lv\/lv\/wp-json\/wp\/v2\/product\/8708","targetHints":{"allow":["GET"]}}],"collection":[{"href":"https:\/\/www.facecorner.lv\/lv\/wp-json\/wp\/v2\/product"}],"about":[{"href":"https:\/\/www.facecorner.lv\/lv\/wp-json\/wp\/v2\/types\/product"}],"replies":[{"embeddable":true,"href":"https:\/\/www.facecorner.lv\/lv\/wp-json\/wp\/v2\/comments?post=8708"}],"wp:featuredmedia":[{"embeddable":true,"href":"https:\/\/www.facecorner.lv\/lv\/wp-json\/wp\/v2\/media\/8709"}],"wp:attachment":[{"href":"https:\/\/www.facecorner.lv\/lv\/wp-json\/wp\/v2\/media?parent=8708"}],"wp:term":[{"taxonomy":"product_brand","embeddable":true,"href":"https:\/\/www.facecorner.lv\/lv\/wp-json\/wp\/v2\/product_brand?post=8708"},{"taxonomy":"product_cat","embeddable":true,"href":"https:\/\/www.facecorner.lv\/lv\/wp-json\/wp\/v2\/product_cat?post=8708"},{"taxonomy":"product_tag","embeddable":true,"href":"https:\/\/www.facecorner.lv\/lv\/wp-json\/wp\/v2\/product_tag?post=8708"},{"taxonomy":"berocket_brand","embeddable":true,"href":"https:\/\/www.facecorner.lv\/lv\/wp-json\/wp\/v2\/berocket_brand?post=8708"}],"curies":[{"name":"wp","href":"https:\/\/api.w.org\/{rel}","templated":true}]}}