{"id":8683,"date":"2023-03-29T12:35:09","date_gmt":"2023-03-29T10:35:09","guid":{"rendered":"https:\/\/facecorner.shop\/?post_type=product&#038;p=8683"},"modified":"2026-04-15T19:26:14","modified_gmt":"2026-04-15T16:26:14","slug":"masil-8-seconds-salon-super-mild-hair-mask-350ml","status":"publish","type":"product","link":"https:\/\/www.facecorner.lv\/lv\/shop\/masil-8-seconds-salon-super-mild-hair-mask-350ml\/","title":{"rendered":"Masil 8 Seconds Salon Super Mild Hair Mask 100ml"},"content":{"rendered":"<p>Atjaunojo\u0161a maska \u200b\u200bnov\u0101jin\u0101tiem matiem Masil 8 Seconds Salon Super Mild Hair Mask dzi\u013ci mitrina, nostiprina \u0161\u0137ipsnu strukt\u016bru, nov\u0113r\u0161 trauslumu un jucek\u013cus. Maskai ir \u0101rstnieciska iedarb\u012bba uz boj\u0101t\u0101m lok\u0101m, atjaunojot matiem gludumu un skaistu sp\u012bdumu. Satur burvju lazdas un v\u0113rmeles ekstraktus, aminosk\u0101bju kompleksu un prote\u012bnus.<br \/>\nInstruments veido neredzamu aizsargapvalku, maigi atjauno matus p\u0113c iedarb\u012bbas ar f\u0113nu, kr\u0101so\u0161anas, loko\u0161anas un taisno\u0161anas proced\u016br\u0101m. Uzlabo bar\u012bbas vielu pl\u016bsmu uz matu sakn\u0113m, stiprina matu folikulus, stimul\u0113 matu aug\u0161anu. Normaliz\u0113 pH l\u012bdzsvaru, nov\u0113r\u0161 blaugznas un lob\u012b\u0161anos, nov\u0113r\u0161 matu izkri\u0161anu.<\/p>\n<p>Saskaroties ar \u016bdeni, maska \u200b\u200bieg\u016bst maigu kr\u0113m\u012bgu tekst\u016bru, viegli sadal\u0101s pa cirt\u0101m.<\/p>\n<p>Piem\u0113rots v\u0101jiem matiem.<\/p>\n<p><strong>Lieto\u0161ana<\/strong>: Uzkl\u0101jiet masku mitros, t\u012bros matos un galvas \u0101d\u0101, maigi iemas\u0113jiet un r\u016bp\u012bgi noskalojiet ar siltu \u016bdeni.<\/p>\n<p><strong>S\u0101stavs:<\/strong> Dipropylene Glycol, Myristyl Alcohol, Water, 1,2-Hexanediol, Hamamelis Virginiana (Witch Hazel) Leaf Extract, Salvia Officinalis (Sage) Leaf Extract, Melissa Officinalis Leaf Extract, Mentha Piperita (Peppermint) Extract, Lavandula Angustifolia (Lavender) Flower Extract, Houttuynia Cordata Extract, Eucalyptus Globulus Leaf Extract, Cetrimonium Chloride, Arginine, Leucine, Tryptophan, Lysine, Isoleucine, Threonine, Methionine, Histidine, Asparagine, Alanine, Proline, Glutamic Acid, Glutamine, Glycine, Valine, Phenylalanine, Aspartic Acid, Tyrosine, Serine, Cystine, Glycerin, Hydrolyzed Barley Protein, Hydrolyzed Corn Protein, Hydrolyzed Potato Protein, Hydrolyzed Rice Protein, Hydrolyzed Rice Bran Protein, Hydrolyzed Soy Protein, Hydrolyzed Oat Protein, Hydrolyzed Pea Protein, Hydrolyzed Wheat Protein, Hydrolyzed Sweet Almond Protein, C13-15 Alkane, Fragrance<\/p>\n","protected":false},"excerpt":{"rendered":"<p>Atjaunojo\u0161a maska \u200b\u200bnov\u0101jin\u0101tiem matiem Masil 8 Seconds Salon Super Mild Hair Mask dzi\u013ci mitrina, nostiprina \u0161\u0137ipsnu strukt\u016bru, nov\u0113r\u0161 trauslumu un jucek\u013cus. Maskai ir \u0101rstnieciska iedarb\u012bba uz boj\u0101t\u0101m lok\u0101m, atjaunojot matiem gludumu un skaistu sp\u012bdumu. Satur burvju lazdas un v\u0113rmeles ekstraktus, aminosk\u0101bju kompleksu un prote\u012bnus. Instruments veido neredzamu aizsargapvalku, maigi atjauno matus p\u0113c iedarb\u012bbas ar f\u0113nu, [&hellip;]<\/p>\n","protected":false},"featured_media":8684,"comment_status":"open","ping_status":"closed","template":"","meta":{"site-sidebar-layout":"default","site-content-layout":"","ast-site-content-layout":"","site-content-style":"default","site-sidebar-style":"default","ast-global-header-display":"","ast-banner-title-visibility":"","ast-main-header-display":"","ast-hfb-above-header-display":"","ast-hfb-below-header-display":"","ast-hfb-mobile-header-display":"","site-post-title":"","ast-breadcrumbs-content":"","ast-featured-img":"","footer-sml-layout":"","theme-transparent-header-meta":"","adv-header-id-meta":"","stick-header-meta":"","header-above-stick-meta":"","header-main-stick-meta":"","header-below-stick-meta":"","astra-migrate-meta-layouts":"default","ast-page-background-enabled":"default","ast-page-background-meta":{"desktop":{"background-color":"var(--ast-global-color-4)","background-image":"","background-repeat":"repeat","background-position":"center center","background-size":"auto","background-attachment":"scroll","background-type":"","background-media":"","overlay-type":"","overlay-color":"","overlay-opacity":"","overlay-gradient":""},"tablet":{"background-color":"","background-image":"","background-repeat":"repeat","background-position":"center center","background-size":"auto","background-attachment":"scroll","background-type":"","background-media":"","overlay-type":"","overlay-color":"","overlay-opacity":"","overlay-gradient":""},"mobile":{"background-color":"","background-image":"","background-repeat":"repeat","background-position":"center center","background-size":"auto","background-attachment":"scroll","background-type":"","background-media":"","overlay-type":"","overlay-color":"","overlay-opacity":"","overlay-gradient":""}},"ast-content-background-meta":{"desktop":{"background-color":"var(--ast-global-color-5)","background-image":"","background-repeat":"repeat","background-position":"center center","background-size":"auto","background-attachment":"scroll","background-type":"","background-media":"","overlay-type":"","overlay-color":"","overlay-opacity":"","overlay-gradient":""},"tablet":{"background-color":"var(--ast-global-color-5)","background-image":"","background-repeat":"repeat","background-position":"center center","background-size":"auto","background-attachment":"scroll","background-type":"","background-media":"","overlay-type":"","overlay-color":"","overlay-opacity":"","overlay-gradient":""},"mobile":{"background-color":"var(--ast-global-color-5)","background-image":"","background-repeat":"repeat","background-position":"center center","background-size":"auto","background-attachment":"scroll","background-type":"","background-media":"","overlay-type":"","overlay-color":"","overlay-opacity":"","overlay-gradient":""}}},"product_brand":[],"product_cat":[354,356,330,351],"product_tag":[],"berocket_brand":[593],"class_list":{"0":"post-8683","1":"product","2":"type-product","3":"status-publish","4":"has-post-thumbnail","6":"product_cat-filleri-un-serumi","7":"product_cat-kondicionieri","8":"product_cat-matiem","9":"product_cat-matu-maskas","10":"berocket_brand-masil","11":"desktop-align-left","12":"tablet-align-left","13":"mobile-align-left","15":"first","16":"outofstock","17":"taxable","18":"shipping-taxable","19":"purchasable","20":"product-type-simple","21":"add-to-wishlist-before_image"},"yoast_head":"<!-- This site is optimized with the Yoast SEO plugin v27.4 - https:\/\/yoast.com\/product\/yoast-seo-wordpress\/ -->\n<title>Masil 8 Seconds Salon Super Mild Hair Mask 100ml - FACECORNER<\/title>\n<meta name=\"robots\" content=\"index, follow, max-snippet:-1, max-image-preview:large, max-video-preview:-1\" \/>\n<link rel=\"canonical\" href=\"https:\/\/www.facecorner.lv\/lv\/shop\/masil-8-seconds-salon-super-mild-hair-mask-350ml\/\" \/>\n<meta property=\"og:locale\" content=\"lv_LV\" \/>\n<meta property=\"og:type\" content=\"article\" \/>\n<meta property=\"og:title\" content=\"Masil 8 Seconds Salon Super Mild Hair Mask 100ml - FACECORNER\" \/>\n<meta property=\"og:description\" content=\"Atjaunojo\u0161a maska \u200b\u200bnov\u0101jin\u0101tiem matiem Masil 8 Seconds Salon Super Mild Hair Mask dzi\u013ci mitrina, nostiprina \u0161\u0137ipsnu strukt\u016bru, nov\u0113r\u0161 trauslumu un jucek\u013cus. Maskai ir \u0101rstnieciska iedarb\u012bba uz boj\u0101t\u0101m lok\u0101m, atjaunojot matiem gludumu un skaistu sp\u012bdumu. Satur burvju lazdas un v\u0113rmeles ekstraktus, aminosk\u0101bju kompleksu un prote\u012bnus. Instruments veido neredzamu aizsargapvalku, maigi atjauno matus p\u0113c iedarb\u012bbas ar f\u0113nu, [&hellip;]\" \/>\n<meta property=\"og:url\" content=\"https:\/\/www.facecorner.lv\/lv\/shop\/masil-8-seconds-salon-super-mild-hair-mask-350ml\/\" \/>\n<meta property=\"og:site_name\" content=\"FACECORNER\" \/>\n<meta property=\"article:publisher\" content=\"https:\/\/www.facebook.com\/profile.php?id=100063824551839\" \/>\n<meta property=\"article:modified_time\" content=\"2026-04-15T16:26:14+00:00\" \/>\n<meta property=\"og:image\" content=\"https:\/\/www.facecorner.lv\/wp-content\/uploads\/2023\/03\/060309.jpg\" \/>\n\t<meta property=\"og:image:width\" content=\"1000\" \/>\n\t<meta property=\"og:image:height\" content=\"1000\" \/>\n\t<meta property=\"og:image:type\" content=\"image\/jpeg\" \/>\n<meta name=\"twitter:card\" content=\"summary_large_image\" \/>\n<meta name=\"twitter:label1\" content=\"Price\" \/>\n\t<meta name=\"twitter:data1\" content=\"&euro;15.50\" \/>\n\t<meta name=\"twitter:label2\" content=\"Availability\" \/>\n\t<meta name=\"twitter:data2\" content=\"Out of stock\" \/>\n<script type=\"application\/ld+json\" class=\"yoast-schema-graph\">{\"@context\":\"https:\\\/\\\/schema.org\",\"@graph\":[{\"@type\":\"WebPage\",\"@id\":\"https:\\\/\\\/www.facecorner.lv\\\/shop\\\/masil-8-seconds-salon-super-mild-hair-mask-350ml\\\/\",\"url\":\"https:\\\/\\\/www.facecorner.lv\\\/shop\\\/masil-8-seconds-salon-super-mild-hair-mask-350ml\\\/\",\"name\":\"Masil 8 Seconds Salon Super Mild Hair Mask 100ml - FACECORNER\",\"isPartOf\":{\"@id\":\"https:\\\/\\\/www.facecorner.lv\\\/#website\"},\"primaryImageOfPage\":{\"@id\":\"https:\\\/\\\/www.facecorner.lv\\\/shop\\\/masil-8-seconds-salon-super-mild-hair-mask-350ml\\\/#primaryimage\"},\"image\":{\"@id\":\"https:\\\/\\\/www.facecorner.lv\\\/shop\\\/masil-8-seconds-salon-super-mild-hair-mask-350ml\\\/#primaryimage\"},\"thumbnailUrl\":\"https:\\\/\\\/www.facecorner.lv\\\/wp-content\\\/uploads\\\/2023\\\/03\\\/060309.jpg\",\"datePublished\":\"2023-03-29T10:35:09+00:00\",\"dateModified\":\"2026-04-15T16:26:14+00:00\",\"breadcrumb\":{\"@id\":\"https:\\\/\\\/www.facecorner.lv\\\/shop\\\/masil-8-seconds-salon-super-mild-hair-mask-350ml\\\/#breadcrumb\"},\"inLanguage\":\"lv-LV\",\"potentialAction\":[{\"@type\":\"ReadAction\",\"target\":[\"https:\\\/\\\/www.facecorner.lv\\\/shop\\\/masil-8-seconds-salon-super-mild-hair-mask-350ml\\\/\"]}]},{\"@type\":\"ImageObject\",\"inLanguage\":\"lv-LV\",\"@id\":\"https:\\\/\\\/www.facecorner.lv\\\/shop\\\/masil-8-seconds-salon-super-mild-hair-mask-350ml\\\/#primaryimage\",\"url\":\"https:\\\/\\\/www.facecorner.lv\\\/wp-content\\\/uploads\\\/2023\\\/03\\\/060309.jpg\",\"contentUrl\":\"https:\\\/\\\/www.facecorner.lv\\\/wp-content\\\/uploads\\\/2023\\\/03\\\/060309.jpg\",\"width\":1000,\"height\":1000},{\"@type\":\"BreadcrumbList\",\"@id\":\"https:\\\/\\\/www.facecorner.lv\\\/shop\\\/masil-8-seconds-salon-super-mild-hair-mask-350ml\\\/#breadcrumb\",\"itemListElement\":[{\"@type\":\"ListItem\",\"position\":1,\"name\":\"Home\",\"item\":\"https:\\\/\\\/www.facecorner.lv\\\/\"},{\"@type\":\"ListItem\",\"position\":2,\"name\":\"Veikals\",\"item\":\"https:\\\/\\\/www.facecorner.lv\\\/shop\\\/\"},{\"@type\":\"ListItem\",\"position\":3,\"name\":\"Masil 8 Seconds Salon Super Mild Hair Mask 100ml\"}]},{\"@type\":\"WebSite\",\"@id\":\"https:\\\/\\\/www.facecorner.lv\\\/#website\",\"url\":\"https:\\\/\\\/www.facecorner.lv\\\/\",\"name\":\"Facecorner\",\"description\":\"\",\"publisher\":{\"@id\":\"https:\\\/\\\/www.facecorner.lv\\\/#organization\"},\"potentialAction\":[{\"@type\":\"SearchAction\",\"target\":{\"@type\":\"EntryPoint\",\"urlTemplate\":\"https:\\\/\\\/www.facecorner.lv\\\/?s={search_term_string}\"},\"query-input\":{\"@type\":\"PropertyValueSpecification\",\"valueRequired\":true,\"valueName\":\"search_term_string\"}}],\"inLanguage\":\"lv-LV\"},{\"@type\":\"Organization\",\"@id\":\"https:\\\/\\\/www.facecorner.lv\\\/#organization\",\"name\":\"Facecorner\",\"url\":\"https:\\\/\\\/www.facecorner.lv\\\/\",\"logo\":{\"@type\":\"ImageObject\",\"inLanguage\":\"lv-LV\",\"@id\":\"https:\\\/\\\/www.facecorner.lv\\\/#\\\/schema\\\/logo\\\/image\\\/\",\"url\":\"https:\\\/\\\/www.facecorner.lv\\\/wp-content\\\/uploads\\\/2024\\\/04\\\/fc-logo.jpg\",\"contentUrl\":\"https:\\\/\\\/www.facecorner.lv\\\/wp-content\\\/uploads\\\/2024\\\/04\\\/fc-logo.jpg\",\"width\":174,\"height\":28,\"caption\":\"Facecorner\"},\"image\":{\"@id\":\"https:\\\/\\\/www.facecorner.lv\\\/#\\\/schema\\\/logo\\\/image\\\/\"},\"sameAs\":[\"https:\\\/\\\/www.facebook.com\\\/profile.php?id=100063824551839\",\"https:\\\/\\\/www.instagram.com\\\/facecorner_shop\\\/\"]}]}<\/script>\n<meta property=\"product:price:amount\" content=\"15.50\" \/>\n<meta property=\"product:price:currency\" content=\"EUR\" \/>\n<meta property=\"og:availability\" content=\"out of stock\" \/>\n<meta property=\"product:availability\" content=\"out of stock\" \/>\n<meta property=\"product:condition\" content=\"new\" \/>\n<!-- \/ Yoast SEO plugin. -->","yoast_head_json":{"title":"Masil 8 Seconds Salon Super Mild Hair Mask 100ml - FACECORNER","robots":{"index":"index","follow":"follow","max-snippet":"max-snippet:-1","max-image-preview":"max-image-preview:large","max-video-preview":"max-video-preview:-1"},"canonical":"https:\/\/www.facecorner.lv\/lv\/shop\/masil-8-seconds-salon-super-mild-hair-mask-350ml\/","og_locale":"lv_LV","og_type":"article","og_title":"Masil 8 Seconds Salon Super Mild Hair Mask 100ml - FACECORNER","og_description":"Atjaunojo\u0161a maska \u200b\u200bnov\u0101jin\u0101tiem matiem Masil 8 Seconds Salon Super Mild Hair Mask dzi\u013ci mitrina, nostiprina \u0161\u0137ipsnu strukt\u016bru, nov\u0113r\u0161 trauslumu un jucek\u013cus. Maskai ir \u0101rstnieciska iedarb\u012bba uz boj\u0101t\u0101m lok\u0101m, atjaunojot matiem gludumu un skaistu sp\u012bdumu. Satur burvju lazdas un v\u0113rmeles ekstraktus, aminosk\u0101bju kompleksu un prote\u012bnus. Instruments veido neredzamu aizsargapvalku, maigi atjauno matus p\u0113c iedarb\u012bbas ar f\u0113nu, [&hellip;]","og_url":"https:\/\/www.facecorner.lv\/lv\/shop\/masil-8-seconds-salon-super-mild-hair-mask-350ml\/","og_site_name":"FACECORNER","article_publisher":"https:\/\/www.facebook.com\/profile.php?id=100063824551839","article_modified_time":"2026-04-15T16:26:14+00:00","og_image":[{"width":1000,"height":1000,"url":"https:\/\/www.facecorner.lv\/wp-content\/uploads\/2023\/03\/060309.jpg","type":"image\/jpeg"}],"twitter_card":"summary_large_image","twitter_misc":{"Price":"&euro;15.50","Availability":"Out of stock"},"schema":{"@context":"https:\/\/schema.org","@graph":[{"@type":"WebPage","@id":"https:\/\/www.facecorner.lv\/shop\/masil-8-seconds-salon-super-mild-hair-mask-350ml\/","url":"https:\/\/www.facecorner.lv\/shop\/masil-8-seconds-salon-super-mild-hair-mask-350ml\/","name":"Masil 8 Seconds Salon Super Mild Hair Mask 100ml - FACECORNER","isPartOf":{"@id":"https:\/\/www.facecorner.lv\/#website"},"primaryImageOfPage":{"@id":"https:\/\/www.facecorner.lv\/shop\/masil-8-seconds-salon-super-mild-hair-mask-350ml\/#primaryimage"},"image":{"@id":"https:\/\/www.facecorner.lv\/shop\/masil-8-seconds-salon-super-mild-hair-mask-350ml\/#primaryimage"},"thumbnailUrl":"https:\/\/www.facecorner.lv\/wp-content\/uploads\/2023\/03\/060309.jpg","datePublished":"2023-03-29T10:35:09+00:00","dateModified":"2026-04-15T16:26:14+00:00","breadcrumb":{"@id":"https:\/\/www.facecorner.lv\/shop\/masil-8-seconds-salon-super-mild-hair-mask-350ml\/#breadcrumb"},"inLanguage":"lv-LV","potentialAction":[{"@type":"ReadAction","target":["https:\/\/www.facecorner.lv\/shop\/masil-8-seconds-salon-super-mild-hair-mask-350ml\/"]}]},{"@type":"ImageObject","inLanguage":"lv-LV","@id":"https:\/\/www.facecorner.lv\/shop\/masil-8-seconds-salon-super-mild-hair-mask-350ml\/#primaryimage","url":"https:\/\/www.facecorner.lv\/wp-content\/uploads\/2023\/03\/060309.jpg","contentUrl":"https:\/\/www.facecorner.lv\/wp-content\/uploads\/2023\/03\/060309.jpg","width":1000,"height":1000},{"@type":"BreadcrumbList","@id":"https:\/\/www.facecorner.lv\/shop\/masil-8-seconds-salon-super-mild-hair-mask-350ml\/#breadcrumb","itemListElement":[{"@type":"ListItem","position":1,"name":"Home","item":"https:\/\/www.facecorner.lv\/"},{"@type":"ListItem","position":2,"name":"Veikals","item":"https:\/\/www.facecorner.lv\/shop\/"},{"@type":"ListItem","position":3,"name":"Masil 8 Seconds Salon Super Mild Hair Mask 100ml"}]},{"@type":"WebSite","@id":"https:\/\/www.facecorner.lv\/#website","url":"https:\/\/www.facecorner.lv\/","name":"Facecorner","description":"","publisher":{"@id":"https:\/\/www.facecorner.lv\/#organization"},"potentialAction":[{"@type":"SearchAction","target":{"@type":"EntryPoint","urlTemplate":"https:\/\/www.facecorner.lv\/?s={search_term_string}"},"query-input":{"@type":"PropertyValueSpecification","valueRequired":true,"valueName":"search_term_string"}}],"inLanguage":"lv-LV"},{"@type":"Organization","@id":"https:\/\/www.facecorner.lv\/#organization","name":"Facecorner","url":"https:\/\/www.facecorner.lv\/","logo":{"@type":"ImageObject","inLanguage":"lv-LV","@id":"https:\/\/www.facecorner.lv\/#\/schema\/logo\/image\/","url":"https:\/\/www.facecorner.lv\/wp-content\/uploads\/2024\/04\/fc-logo.jpg","contentUrl":"https:\/\/www.facecorner.lv\/wp-content\/uploads\/2024\/04\/fc-logo.jpg","width":174,"height":28,"caption":"Facecorner"},"image":{"@id":"https:\/\/www.facecorner.lv\/#\/schema\/logo\/image\/"},"sameAs":["https:\/\/www.facebook.com\/profile.php?id=100063824551839","https:\/\/www.instagram.com\/facecorner_shop\/"]}]},"product_price_amount":"15.50","product_price_currency":"EUR","og_availability":"out of stock","product_availability":"out of stock","product_condition":"new"},"_links":{"self":[{"href":"https:\/\/www.facecorner.lv\/lv\/wp-json\/wp\/v2\/product\/8683","targetHints":{"allow":["GET"]}}],"collection":[{"href":"https:\/\/www.facecorner.lv\/lv\/wp-json\/wp\/v2\/product"}],"about":[{"href":"https:\/\/www.facecorner.lv\/lv\/wp-json\/wp\/v2\/types\/product"}],"replies":[{"embeddable":true,"href":"https:\/\/www.facecorner.lv\/lv\/wp-json\/wp\/v2\/comments?post=8683"}],"wp:featuredmedia":[{"embeddable":true,"href":"https:\/\/www.facecorner.lv\/lv\/wp-json\/wp\/v2\/media\/8684"}],"wp:attachment":[{"href":"https:\/\/www.facecorner.lv\/lv\/wp-json\/wp\/v2\/media?parent=8683"}],"wp:term":[{"taxonomy":"product_brand","embeddable":true,"href":"https:\/\/www.facecorner.lv\/lv\/wp-json\/wp\/v2\/product_brand?post=8683"},{"taxonomy":"product_cat","embeddable":true,"href":"https:\/\/www.facecorner.lv\/lv\/wp-json\/wp\/v2\/product_cat?post=8683"},{"taxonomy":"product_tag","embeddable":true,"href":"https:\/\/www.facecorner.lv\/lv\/wp-json\/wp\/v2\/product_tag?post=8683"},{"taxonomy":"berocket_brand","embeddable":true,"href":"https:\/\/www.facecorner.lv\/lv\/wp-json\/wp\/v2\/berocket_brand?post=8683"}],"curies":[{"name":"wp","href":"https:\/\/api.w.org\/{rel}","templated":true}]}}