{"id":8677,"date":"2023-03-29T12:25:46","date_gmt":"2023-03-29T10:25:46","guid":{"rendered":"https:\/\/facecorner.shop\/?post_type=product&#038;p=8677"},"modified":"2025-11-27T00:56:58","modified_gmt":"2025-11-26T21:56:58","slug":"pyunkang-yul-nutrition-cream-100ml","status":"publish","type":"product","link":"https:\/\/www.facecorner.lv\/lv\/shop\/pyunkang-yul-nutrition-cream-100ml\/","title":{"rendered":"PYUNKANG YUL NUTRITION CREAM 100ml"},"content":{"rendered":"<p>Pyunkang Yul &#8211; Nutrition Cream ir dzi\u013ci mitrino\u0161s barojo\u0161s kr\u0113ms, kas ide\u0101li piem\u0113rots cilv\u0113kiem ar sausu un noguru\u0161u \u0101du. Kr\u0113mam ir viegla tekst\u016bra un tas \u0101tri ies\u016bcas.<br \/>\nKr\u0113ma pamat\u0101 ir astragalus saknes ekstrakts, kam piem\u012bt sp\u0113c\u012bga antioksidanta iedarb\u012bba.<br \/>\nKr\u0113ms satur ar\u012b \u0161\u012b sviestu, kas nomierina kairin\u0101jumus un aizsarg\u0101 \u0101du no br\u012bvajiem radik\u0101\u013ciem, un bi\u0161u vasku, kas aizsarg\u0101 \u0101du no p\u0101rm\u0113r\u012bga sausuma. Kr\u0113ms nodro\u0161ina ilgsto\u0161u mitrin\u0101\u0161anu, atjauno un pal\u012bdz uzlabot \u0101das elast\u012bbu. Nesatur m\u0101ksl\u012bgas gar\u0161as, kr\u0101svielas vai kairin\u0101t\u0101jus.<\/p>\n<p>Galven\u0101s akt\u012bv\u0101s sast\u0101vda\u013cas:<\/p>\n<ul>\n<li>\u0160\u012b sviests nomierina kairin\u0101jumus un aizsarg\u0101 \u0101du no br\u012bvajiem radik\u0101\u013ciem, intens\u012bvi baro un mitrina \u0101du, nov\u0113r\u0161 lob\u012b\u0161anos, un tai ir \u0101rstnieciska iedarb\u012bba. Izl\u012bdzina m\u012bmisk\u0101s un smalk\u0101s krunci\u0146as, mazina iekaisumu.<\/li>\n<li><span style=\"color: var(--g5-color-text-main); font-family: var(--g5-body-font); font-size: var(--g5-body-font-size); font-style: var(--g5-body-font-style); letter-spacing: var(--g5-body-letter-spacing); text-transform: var(--g5-body-text-transform);\">Astragalus saknes ekstrakts ir sp\u0113c\u012bgs pretnoveco\u0161an\u0101s, dziedino\u0161s un \u0101du barojo\u0161s kosm\u0113tikas komponents.<\/span><\/li>\n<li><span style=\"color: var(--g5-color-text-main); font-family: var(--g5-body-font); font-size: var(--g5-body-font-size); font-style: var(--g5-body-font-style); letter-spacing: var(--g5-body-letter-spacing); text-transform: var(--g5-body-text-transform);\">Hialuronsk\u0101be regul\u0113 \u016bdens l\u012bdzsvaru, pie\u0161\u0137ir elast\u012bbu, izl\u012bdzina tonusu, c\u012bn\u0101s ar vecumu saist\u012bt\u0101m izmai\u0146\u0101m.<\/span><\/li>\n<\/ul>\n<p><strong>Lieto\u0161ana<\/strong>: Uzkl\u0101jiet nepiecie\u0161amo kr\u0113ma daudzumu uz att\u012br\u012btas un toniz\u0113tas \u0101das p\u0113d\u0113j\u0101 kop\u0161anas posm\u0101.<\/p>\n<p><strong>S\u0101stavs:\u00a0<\/strong><span lang=\"EN-US\">astragalus membranaceus root extract, butylene glycol, cetyl ethylhexanoate, butylene glycol dicaprylate\/dicaprate, hydrogenated polydecene, butyrospermum parkii (shea) butter, cyclopentasiloxane, cetearyl alcohol, macadamia temifolia seed oil, polysorbate 60, 1,2-hexanediol, beeswax, glyceryl stearate, cyclohexasiloxane, sodium hyaluronate, sorbitan sesquioleate, sodium acrylate\/sodium acryloyldimethyl taurate copolymer, isohexadecane, polysorbate 80, PEG-100 stearate, glyceryl caprate.<\/span><\/p>\n","protected":false},"excerpt":{"rendered":"<p>Pyunkang Yul &#8211; Nutrition Cream ir dzi\u013ci mitrino\u0161s barojo\u0161s kr\u0113ms, kas ide\u0101li piem\u0113rots cilv\u0113kiem ar sausu un noguru\u0161u \u0101du. Kr\u0113mam ir viegla tekst\u016bra un tas \u0101tri ies\u016bcas. Kr\u0113ma pamat\u0101 ir astragalus saknes ekstrakts, kam piem\u012bt sp\u0113c\u012bga antioksidanta iedarb\u012bba. Kr\u0113ms satur ar\u012b \u0161\u012b sviestu, kas nomierina kairin\u0101jumus un aizsarg\u0101 \u0101du no br\u012bvajiem radik\u0101\u013ciem, un bi\u0161u vasku, [&hellip;]<\/p>\n","protected":false},"featured_media":8678,"comment_status":"open","ping_status":"closed","template":"","meta":{"site-sidebar-layout":"default","site-content-layout":"","ast-site-content-layout":"","site-content-style":"default","site-sidebar-style":"default","ast-global-header-display":"","ast-banner-title-visibility":"","ast-main-header-display":"","ast-hfb-above-header-display":"","ast-hfb-below-header-display":"","ast-hfb-mobile-header-display":"","site-post-title":"","ast-breadcrumbs-content":"","ast-featured-img":"","footer-sml-layout":"","theme-transparent-header-meta":"","adv-header-id-meta":"","stick-header-meta":"","header-above-stick-meta":"","header-main-stick-meta":"","header-below-stick-meta":"","astra-migrate-meta-layouts":"default","ast-page-background-enabled":"default","ast-page-background-meta":{"desktop":{"background-color":"var(--ast-global-color-4)","background-image":"","background-repeat":"repeat","background-position":"center center","background-size":"auto","background-attachment":"scroll","background-type":"","background-media":"","overlay-type":"","overlay-color":"","overlay-opacity":"","overlay-gradient":""},"tablet":{"background-color":"","background-image":"","background-repeat":"repeat","background-position":"center center","background-size":"auto","background-attachment":"scroll","background-type":"","background-media":"","overlay-type":"","overlay-color":"","overlay-opacity":"","overlay-gradient":""},"mobile":{"background-color":"","background-image":"","background-repeat":"repeat","background-position":"center center","background-size":"auto","background-attachment":"scroll","background-type":"","background-media":"","overlay-type":"","overlay-color":"","overlay-opacity":"","overlay-gradient":""}},"ast-content-background-meta":{"desktop":{"background-color":"var(--ast-global-color-5)","background-image":"","background-repeat":"repeat","background-position":"center center","background-size":"auto","background-attachment":"scroll","background-type":"","background-media":"","overlay-type":"","overlay-color":"","overlay-opacity":"","overlay-gradient":""},"tablet":{"background-color":"var(--ast-global-color-5)","background-image":"","background-repeat":"repeat","background-position":"center center","background-size":"auto","background-attachment":"scroll","background-type":"","background-media":"","overlay-type":"","overlay-color":"","overlay-opacity":"","overlay-gradient":""},"mobile":{"background-color":"var(--ast-global-color-5)","background-image":"","background-repeat":"repeat","background-position":"center center","background-size":"auto","background-attachment":"scroll","background-type":"","background-media":"","overlay-type":"","overlay-color":"","overlay-opacity":"","overlay-gradient":""}}},"product_brand":[],"product_cat":[365,380,367,379,307,362],"product_tag":[],"berocket_brand":[587],"class_list":{"0":"post-8677","1":"product","2":"type-product","3":"status-publish","4":"has-post-thumbnail","6":"product_cat-barojoss","7":"product_cat-kombinetai-adai","8":"product_cat-nomierinoss","9":"product_cat-sausai-adai-anti-age","10":"product_cat-sejai","11":"product_cat-sejas-krems","12":"berocket_brand-pyunkangyul","13":"desktop-align-left","14":"tablet-align-left","15":"mobile-align-left","17":"first","18":"outofstock","19":"sale","20":"taxable","21":"shipping-taxable","22":"purchasable","23":"product-type-simple","24":"add-to-wishlist-before_image"},"yoast_head":"<!-- This site is optimized with the Yoast SEO plugin v27.4 - https:\/\/yoast.com\/product\/yoast-seo-wordpress\/ -->\n<title>PYUNKANG YUL NUTRITION CREAM 100ml - FACECORNER<\/title>\n<meta name=\"robots\" content=\"index, follow, max-snippet:-1, max-image-preview:large, max-video-preview:-1\" \/>\n<link rel=\"canonical\" href=\"https:\/\/www.facecorner.lv\/lv\/shop\/pyunkang-yul-nutrition-cream-100ml\/\" \/>\n<meta property=\"og:locale\" content=\"lv_LV\" \/>\n<meta property=\"og:type\" content=\"article\" \/>\n<meta property=\"og:title\" content=\"PYUNKANG YUL NUTRITION CREAM 100ml - FACECORNER\" \/>\n<meta property=\"og:description\" content=\"Pyunkang Yul &#8211; Nutrition Cream ir dzi\u013ci mitrino\u0161s barojo\u0161s kr\u0113ms, kas ide\u0101li piem\u0113rots cilv\u0113kiem ar sausu un noguru\u0161u \u0101du. Kr\u0113mam ir viegla tekst\u016bra un tas \u0101tri ies\u016bcas. Kr\u0113ma pamat\u0101 ir astragalus saknes ekstrakts, kam piem\u012bt sp\u0113c\u012bga antioksidanta iedarb\u012bba. Kr\u0113ms satur ar\u012b \u0161\u012b sviestu, kas nomierina kairin\u0101jumus un aizsarg\u0101 \u0101du no br\u012bvajiem radik\u0101\u013ciem, un bi\u0161u vasku, [&hellip;]\" \/>\n<meta property=\"og:url\" content=\"https:\/\/www.facecorner.lv\/lv\/shop\/pyunkang-yul-nutrition-cream-100ml\/\" \/>\n<meta property=\"og:site_name\" content=\"FACECORNER\" \/>\n<meta property=\"article:publisher\" content=\"https:\/\/www.facebook.com\/profile.php?id=100063824551839\" \/>\n<meta property=\"article:modified_time\" content=\"2025-11-26T21:56:58+00:00\" \/>\n<meta property=\"og:image\" content=\"https:\/\/www.facecorner.lv\/wp-content\/uploads\/2023\/03\/51uMe28Mm9L-1.jpg\" \/>\n\t<meta property=\"og:image:width\" content=\"1000\" \/>\n\t<meta property=\"og:image:height\" content=\"1000\" \/>\n\t<meta property=\"og:image:type\" content=\"image\/jpeg\" \/>\n<meta name=\"twitter:card\" content=\"summary_large_image\" \/>\n<meta name=\"twitter:label1\" content=\"Price\" \/>\n\t<meta name=\"twitter:data1\" content=\"&euro;31.90\" \/>\n\t<meta name=\"twitter:label2\" content=\"Availability\" \/>\n\t<meta name=\"twitter:data2\" content=\"Out of stock\" \/>\n<script type=\"application\/ld+json\" class=\"yoast-schema-graph\">{\"@context\":\"https:\\\/\\\/schema.org\",\"@graph\":[{\"@type\":\"WebPage\",\"@id\":\"https:\\\/\\\/www.facecorner.lv\\\/shop\\\/pyunkang-yul-nutrition-cream-100ml\\\/\",\"url\":\"https:\\\/\\\/www.facecorner.lv\\\/shop\\\/pyunkang-yul-nutrition-cream-100ml\\\/\",\"name\":\"PYUNKANG YUL NUTRITION CREAM 100ml - FACECORNER\",\"isPartOf\":{\"@id\":\"https:\\\/\\\/www.facecorner.lv\\\/#website\"},\"primaryImageOfPage\":{\"@id\":\"https:\\\/\\\/www.facecorner.lv\\\/shop\\\/pyunkang-yul-nutrition-cream-100ml\\\/#primaryimage\"},\"image\":{\"@id\":\"https:\\\/\\\/www.facecorner.lv\\\/shop\\\/pyunkang-yul-nutrition-cream-100ml\\\/#primaryimage\"},\"thumbnailUrl\":\"https:\\\/\\\/www.facecorner.lv\\\/wp-content\\\/uploads\\\/2023\\\/03\\\/51uMe28Mm9L-1.jpg\",\"datePublished\":\"2023-03-29T10:25:46+00:00\",\"dateModified\":\"2025-11-26T21:56:58+00:00\",\"breadcrumb\":{\"@id\":\"https:\\\/\\\/www.facecorner.lv\\\/shop\\\/pyunkang-yul-nutrition-cream-100ml\\\/#breadcrumb\"},\"inLanguage\":\"lv-LV\",\"potentialAction\":[{\"@type\":\"ReadAction\",\"target\":[\"https:\\\/\\\/www.facecorner.lv\\\/shop\\\/pyunkang-yul-nutrition-cream-100ml\\\/\"]}]},{\"@type\":\"ImageObject\",\"inLanguage\":\"lv-LV\",\"@id\":\"https:\\\/\\\/www.facecorner.lv\\\/shop\\\/pyunkang-yul-nutrition-cream-100ml\\\/#primaryimage\",\"url\":\"https:\\\/\\\/www.facecorner.lv\\\/wp-content\\\/uploads\\\/2023\\\/03\\\/51uMe28Mm9L-1.jpg\",\"contentUrl\":\"https:\\\/\\\/www.facecorner.lv\\\/wp-content\\\/uploads\\\/2023\\\/03\\\/51uMe28Mm9L-1.jpg\",\"width\":1000,\"height\":1000},{\"@type\":\"BreadcrumbList\",\"@id\":\"https:\\\/\\\/www.facecorner.lv\\\/shop\\\/pyunkang-yul-nutrition-cream-100ml\\\/#breadcrumb\",\"itemListElement\":[{\"@type\":\"ListItem\",\"position\":1,\"name\":\"Home\",\"item\":\"https:\\\/\\\/www.facecorner.lv\\\/\"},{\"@type\":\"ListItem\",\"position\":2,\"name\":\"Veikals\",\"item\":\"https:\\\/\\\/www.facecorner.lv\\\/shop\\\/\"},{\"@type\":\"ListItem\",\"position\":3,\"name\":\"PYUNKANG YUL NUTRITION CREAM 100ml\"}]},{\"@type\":\"WebSite\",\"@id\":\"https:\\\/\\\/www.facecorner.lv\\\/#website\",\"url\":\"https:\\\/\\\/www.facecorner.lv\\\/\",\"name\":\"Facecorner\",\"description\":\"\",\"publisher\":{\"@id\":\"https:\\\/\\\/www.facecorner.lv\\\/#organization\"},\"potentialAction\":[{\"@type\":\"SearchAction\",\"target\":{\"@type\":\"EntryPoint\",\"urlTemplate\":\"https:\\\/\\\/www.facecorner.lv\\\/?s={search_term_string}\"},\"query-input\":{\"@type\":\"PropertyValueSpecification\",\"valueRequired\":true,\"valueName\":\"search_term_string\"}}],\"inLanguage\":\"lv-LV\"},{\"@type\":\"Organization\",\"@id\":\"https:\\\/\\\/www.facecorner.lv\\\/#organization\",\"name\":\"Facecorner\",\"url\":\"https:\\\/\\\/www.facecorner.lv\\\/\",\"logo\":{\"@type\":\"ImageObject\",\"inLanguage\":\"lv-LV\",\"@id\":\"https:\\\/\\\/www.facecorner.lv\\\/#\\\/schema\\\/logo\\\/image\\\/\",\"url\":\"https:\\\/\\\/www.facecorner.lv\\\/wp-content\\\/uploads\\\/2024\\\/04\\\/fc-logo.jpg\",\"contentUrl\":\"https:\\\/\\\/www.facecorner.lv\\\/wp-content\\\/uploads\\\/2024\\\/04\\\/fc-logo.jpg\",\"width\":174,\"height\":28,\"caption\":\"Facecorner\"},\"image\":{\"@id\":\"https:\\\/\\\/www.facecorner.lv\\\/#\\\/schema\\\/logo\\\/image\\\/\"},\"sameAs\":[\"https:\\\/\\\/www.facebook.com\\\/profile.php?id=100063824551839\",\"https:\\\/\\\/www.instagram.com\\\/facecorner_shop\\\/\"]}]}<\/script>\n<meta property=\"product:price:amount\" content=\"31.90\" \/>\n<meta property=\"product:price:currency\" content=\"EUR\" \/>\n<meta property=\"og:availability\" content=\"out of stock\" \/>\n<meta property=\"product:availability\" content=\"out of stock\" \/>\n<meta property=\"product:condition\" content=\"new\" \/>\n<!-- \/ Yoast SEO plugin. -->","yoast_head_json":{"title":"PYUNKANG YUL NUTRITION CREAM 100ml - FACECORNER","robots":{"index":"index","follow":"follow","max-snippet":"max-snippet:-1","max-image-preview":"max-image-preview:large","max-video-preview":"max-video-preview:-1"},"canonical":"https:\/\/www.facecorner.lv\/lv\/shop\/pyunkang-yul-nutrition-cream-100ml\/","og_locale":"lv_LV","og_type":"article","og_title":"PYUNKANG YUL NUTRITION CREAM 100ml - FACECORNER","og_description":"Pyunkang Yul &#8211; Nutrition Cream ir dzi\u013ci mitrino\u0161s barojo\u0161s kr\u0113ms, kas ide\u0101li piem\u0113rots cilv\u0113kiem ar sausu un noguru\u0161u \u0101du. Kr\u0113mam ir viegla tekst\u016bra un tas \u0101tri ies\u016bcas. Kr\u0113ma pamat\u0101 ir astragalus saknes ekstrakts, kam piem\u012bt sp\u0113c\u012bga antioksidanta iedarb\u012bba. Kr\u0113ms satur ar\u012b \u0161\u012b sviestu, kas nomierina kairin\u0101jumus un aizsarg\u0101 \u0101du no br\u012bvajiem radik\u0101\u013ciem, un bi\u0161u vasku, [&hellip;]","og_url":"https:\/\/www.facecorner.lv\/lv\/shop\/pyunkang-yul-nutrition-cream-100ml\/","og_site_name":"FACECORNER","article_publisher":"https:\/\/www.facebook.com\/profile.php?id=100063824551839","article_modified_time":"2025-11-26T21:56:58+00:00","og_image":[{"width":1000,"height":1000,"url":"https:\/\/www.facecorner.lv\/wp-content\/uploads\/2023\/03\/51uMe28Mm9L-1.jpg","type":"image\/jpeg"}],"twitter_card":"summary_large_image","twitter_misc":{"Price":"&euro;31.90","Availability":"Out of stock"},"schema":{"@context":"https:\/\/schema.org","@graph":[{"@type":"WebPage","@id":"https:\/\/www.facecorner.lv\/shop\/pyunkang-yul-nutrition-cream-100ml\/","url":"https:\/\/www.facecorner.lv\/shop\/pyunkang-yul-nutrition-cream-100ml\/","name":"PYUNKANG YUL NUTRITION CREAM 100ml - FACECORNER","isPartOf":{"@id":"https:\/\/www.facecorner.lv\/#website"},"primaryImageOfPage":{"@id":"https:\/\/www.facecorner.lv\/shop\/pyunkang-yul-nutrition-cream-100ml\/#primaryimage"},"image":{"@id":"https:\/\/www.facecorner.lv\/shop\/pyunkang-yul-nutrition-cream-100ml\/#primaryimage"},"thumbnailUrl":"https:\/\/www.facecorner.lv\/wp-content\/uploads\/2023\/03\/51uMe28Mm9L-1.jpg","datePublished":"2023-03-29T10:25:46+00:00","dateModified":"2025-11-26T21:56:58+00:00","breadcrumb":{"@id":"https:\/\/www.facecorner.lv\/shop\/pyunkang-yul-nutrition-cream-100ml\/#breadcrumb"},"inLanguage":"lv-LV","potentialAction":[{"@type":"ReadAction","target":["https:\/\/www.facecorner.lv\/shop\/pyunkang-yul-nutrition-cream-100ml\/"]}]},{"@type":"ImageObject","inLanguage":"lv-LV","@id":"https:\/\/www.facecorner.lv\/shop\/pyunkang-yul-nutrition-cream-100ml\/#primaryimage","url":"https:\/\/www.facecorner.lv\/wp-content\/uploads\/2023\/03\/51uMe28Mm9L-1.jpg","contentUrl":"https:\/\/www.facecorner.lv\/wp-content\/uploads\/2023\/03\/51uMe28Mm9L-1.jpg","width":1000,"height":1000},{"@type":"BreadcrumbList","@id":"https:\/\/www.facecorner.lv\/shop\/pyunkang-yul-nutrition-cream-100ml\/#breadcrumb","itemListElement":[{"@type":"ListItem","position":1,"name":"Home","item":"https:\/\/www.facecorner.lv\/"},{"@type":"ListItem","position":2,"name":"Veikals","item":"https:\/\/www.facecorner.lv\/shop\/"},{"@type":"ListItem","position":3,"name":"PYUNKANG YUL NUTRITION CREAM 100ml"}]},{"@type":"WebSite","@id":"https:\/\/www.facecorner.lv\/#website","url":"https:\/\/www.facecorner.lv\/","name":"Facecorner","description":"","publisher":{"@id":"https:\/\/www.facecorner.lv\/#organization"},"potentialAction":[{"@type":"SearchAction","target":{"@type":"EntryPoint","urlTemplate":"https:\/\/www.facecorner.lv\/?s={search_term_string}"},"query-input":{"@type":"PropertyValueSpecification","valueRequired":true,"valueName":"search_term_string"}}],"inLanguage":"lv-LV"},{"@type":"Organization","@id":"https:\/\/www.facecorner.lv\/#organization","name":"Facecorner","url":"https:\/\/www.facecorner.lv\/","logo":{"@type":"ImageObject","inLanguage":"lv-LV","@id":"https:\/\/www.facecorner.lv\/#\/schema\/logo\/image\/","url":"https:\/\/www.facecorner.lv\/wp-content\/uploads\/2024\/04\/fc-logo.jpg","contentUrl":"https:\/\/www.facecorner.lv\/wp-content\/uploads\/2024\/04\/fc-logo.jpg","width":174,"height":28,"caption":"Facecorner"},"image":{"@id":"https:\/\/www.facecorner.lv\/#\/schema\/logo\/image\/"},"sameAs":["https:\/\/www.facebook.com\/profile.php?id=100063824551839","https:\/\/www.instagram.com\/facecorner_shop\/"]}]},"product_price_amount":"31.90","product_price_currency":"EUR","og_availability":"out of stock","product_availability":"out of stock","product_condition":"new"},"_links":{"self":[{"href":"https:\/\/www.facecorner.lv\/lv\/wp-json\/wp\/v2\/product\/8677","targetHints":{"allow":["GET"]}}],"collection":[{"href":"https:\/\/www.facecorner.lv\/lv\/wp-json\/wp\/v2\/product"}],"about":[{"href":"https:\/\/www.facecorner.lv\/lv\/wp-json\/wp\/v2\/types\/product"}],"replies":[{"embeddable":true,"href":"https:\/\/www.facecorner.lv\/lv\/wp-json\/wp\/v2\/comments?post=8677"}],"wp:featuredmedia":[{"embeddable":true,"href":"https:\/\/www.facecorner.lv\/lv\/wp-json\/wp\/v2\/media\/8678"}],"wp:attachment":[{"href":"https:\/\/www.facecorner.lv\/lv\/wp-json\/wp\/v2\/media?parent=8677"}],"wp:term":[{"taxonomy":"product_brand","embeddable":true,"href":"https:\/\/www.facecorner.lv\/lv\/wp-json\/wp\/v2\/product_brand?post=8677"},{"taxonomy":"product_cat","embeddable":true,"href":"https:\/\/www.facecorner.lv\/lv\/wp-json\/wp\/v2\/product_cat?post=8677"},{"taxonomy":"product_tag","embeddable":true,"href":"https:\/\/www.facecorner.lv\/lv\/wp-json\/wp\/v2\/product_tag?post=8677"},{"taxonomy":"berocket_brand","embeddable":true,"href":"https:\/\/www.facecorner.lv\/lv\/wp-json\/wp\/v2\/berocket_brand?post=8677"}],"curies":[{"name":"wp","href":"https:\/\/api.w.org\/{rel}","templated":true}]}}