{"id":8670,"date":"2023-03-28T21:44:14","date_gmt":"2023-03-28T19:44:14","guid":{"rendered":"https:\/\/facecorner.shop\/?post_type=product&#038;p=8670"},"modified":"2025-11-11T16:53:31","modified_gmt":"2025-11-11T13:53:31","slug":"pyunkang-yul-cleansing-foam-150ml-2","status":"publish","type":"product","link":"https:\/\/www.facecorner.lv\/lv\/shop\/pyunkang-yul-cleansing-foam-150ml-2\/","title":{"rendered":"PYUNKANG YUL CLEANSING FOAM  150ml"},"content":{"rendered":"<p>Atsvaidzino\u0161\u0101s Pyunkang Yul t\u012br\u012b\u0161anas putas maigi un efekt\u012bvi att\u012bra \u0101du no liek\u0101 sebuma, pateicoties t\u0101s \u012bpa\u0161ajai staip\u012bgajai konsistencei, t\u0101s uztver un izvelk net\u012brumus no por\u0101m, neizn\u012bcina \u0101das sk\u0101bes apvalka integrit\u0101ti.<br \/>\nGalven\u0101 putu \u012bpa\u0161\u012bba ir neparasta &#8220;viskoza&#8221; konsistence. At\u0161\u0137ir\u012bb\u0101 no klasiskajiem putu t\u012br\u012b\u0161anas l\u012bdzek\u013ciem, ra\u017eot\u0101js iesaka vispirms \u0161\u012bs putas uzkl\u0101t uz sausas sejas \u0101das un tikai tad ieputot ar mitru plaukstu \u201cnoraujo\u0161\u0101m\u201d kust\u012bb\u0101m.<br \/>\nLieto\u0161anas rezult\u0101ts: \u013coti t\u012bra, bet ne p\u0101r\u0101k iz\u017euvusi \u0101da, maiga, mat\u0113ta un samtaina.<\/p>\n<p>Produkts ir lieliski piem\u0113rots norm\u0101lai \u0101dai, kombin\u0113tai un taukainai \u0101dai.<\/p>\n<p><strong>Lieto\u0161ana:<\/strong> izspiediet nepiecie\u0161amo produkta daudzumu saus\u0101 plaukst\u0101, uzkl\u0101jiet vienm\u0113r\u012bgu k\u0101rtu uz sausas \u0101das. Izvairieties no zonas ap ac\u012bm un l\u016bp\u0101m. Samitriniet plaukstas un putojiet produktu uz \u0101das ar plaukstu \u201cnorau\u0161anas\u201d kust\u012bb\u0101m 2-3 min\u016btes. Nomazg\u0101t ar siltu \u016bdeni.<\/p>\n<p><strong>S\u0101stavs:\u00a0<\/strong>Saposhnikovia divaricata root extract, glycerin, myristic acid, lauric acid, potassium hydroxide, stearic acid, cocamidopropyl betaine, beeswax, glyceryl stearate, peg-100 stearate, glycol distearate, lauramide DEA, glyceryl stearate SE, sodium polyacrylate, glyceryl caprylate, perfume.<\/p>\n","protected":false},"excerpt":{"rendered":"<p>Atsvaidzino\u0161\u0101s Pyunkang Yul t\u012br\u012b\u0161anas putas maigi un efekt\u012bvi att\u012bra \u0101du no liek\u0101 sebuma, pateicoties t\u0101s \u012bpa\u0161ajai staip\u012bgajai konsistencei, t\u0101s uztver un izvelk net\u012brumus no por\u0101m, neizn\u012bcina \u0101das sk\u0101bes apvalka integrit\u0101ti. Galven\u0101 putu \u012bpa\u0161\u012bba ir neparasta &#8220;viskoza&#8221; konsistence. At\u0161\u0137ir\u012bb\u0101 no klasiskajiem putu t\u012br\u012b\u0161anas l\u012bdzek\u013ciem, ra\u017eot\u0101js iesaka vispirms \u0161\u012bs putas uzkl\u0101t uz sausas sejas \u0101das un tikai [&hellip;]<\/p>\n","protected":false},"featured_media":8671,"comment_status":"open","ping_status":"closed","template":"","meta":{"site-sidebar-layout":"default","site-content-layout":"","ast-site-content-layout":"","site-content-style":"default","site-sidebar-style":"default","ast-global-header-display":"","ast-banner-title-visibility":"","ast-main-header-display":"","ast-hfb-above-header-display":"","ast-hfb-below-header-display":"","ast-hfb-mobile-header-display":"","site-post-title":"","ast-breadcrumbs-content":"","ast-featured-img":"","footer-sml-layout":"","theme-transparent-header-meta":"","adv-header-id-meta":"","stick-header-meta":"","header-above-stick-meta":"","header-main-stick-meta":"","header-below-stick-meta":"","astra-migrate-meta-layouts":"default","ast-page-background-enabled":"default","ast-page-background-meta":{"desktop":{"background-color":"var(--ast-global-color-4)","background-image":"","background-repeat":"repeat","background-position":"center center","background-size":"auto","background-attachment":"scroll","background-type":"","background-media":"","overlay-type":"","overlay-color":"","overlay-opacity":"","overlay-gradient":""},"tablet":{"background-color":"","background-image":"","background-repeat":"repeat","background-position":"center center","background-size":"auto","background-attachment":"scroll","background-type":"","background-media":"","overlay-type":"","overlay-color":"","overlay-opacity":"","overlay-gradient":""},"mobile":{"background-color":"","background-image":"","background-repeat":"repeat","background-position":"center center","background-size":"auto","background-attachment":"scroll","background-type":"","background-media":"","overlay-type":"","overlay-color":"","overlay-opacity":"","overlay-gradient":""}},"ast-content-background-meta":{"desktop":{"background-color":"var(--ast-global-color-5)","background-image":"","background-repeat":"repeat","background-position":"center center","background-size":"auto","background-attachment":"scroll","background-type":"","background-media":"","overlay-type":"","overlay-color":"","overlay-opacity":"","overlay-gradient":""},"tablet":{"background-color":"var(--ast-global-color-5)","background-image":"","background-repeat":"repeat","background-position":"center center","background-size":"auto","background-attachment":"scroll","background-type":"","background-media":"","overlay-type":"","overlay-color":"","overlay-opacity":"","overlay-gradient":""},"mobile":{"background-color":"var(--ast-global-color-5)","background-image":"","background-repeat":"repeat","background-position":"center center","background-size":"auto","background-attachment":"scroll","background-type":"","background-media":"","overlay-type":"","overlay-color":"","overlay-opacity":"","overlay-gradient":""}}},"product_brand":[],"product_cat":[310,311,312,380,313,381,317,379,314],"product_tag":[],"berocket_brand":[587],"class_list":{"0":"post-8670","1":"product","2":"type-product","3":"status-publish","4":"has-post-thumbnail","6":"product_cat-attirisana","7":"product_cat-jutigai-adai-attirisana","8":"product_cat-kombinetai-adai-attirisana","9":"product_cat-kombinetai-adai","10":"product_cat-problematiskai-adai-attirisana","11":"product_cat-problematiskai-un-taukainai-adai","12":"product_cat-sausai-adai-attirisana","13":"product_cat-sausai-adai-anti-age","14":"product_cat-taukainai-adai-attirisana","15":"berocket_brand-pyunkangyul","16":"desktop-align-left","17":"tablet-align-left","18":"mobile-align-left","20":"first","21":"instock","22":"sale","23":"taxable","24":"shipping-taxable","25":"purchasable","26":"product-type-simple","27":"add-to-wishlist-before_image"},"yoast_head":"<!-- This site is optimized with the Yoast SEO plugin v27.3 - https:\/\/yoast.com\/product\/yoast-seo-wordpress\/ -->\n<title>PYUNKANG YUL CLEANSING FOAM 150ml - FACECORNER<\/title>\n<meta name=\"robots\" content=\"index, follow, max-snippet:-1, max-image-preview:large, max-video-preview:-1\" \/>\n<link rel=\"canonical\" href=\"https:\/\/www.facecorner.lv\/lv\/shop\/pyunkang-yul-cleansing-foam-150ml-2\/\" \/>\n<meta property=\"og:locale\" content=\"lv_LV\" \/>\n<meta property=\"og:type\" content=\"article\" \/>\n<meta property=\"og:title\" content=\"PYUNKANG YUL CLEANSING FOAM 150ml - FACECORNER\" \/>\n<meta property=\"og:description\" content=\"Atsvaidzino\u0161\u0101s Pyunkang Yul t\u012br\u012b\u0161anas putas maigi un efekt\u012bvi att\u012bra \u0101du no liek\u0101 sebuma, pateicoties t\u0101s \u012bpa\u0161ajai staip\u012bgajai konsistencei, t\u0101s uztver un izvelk net\u012brumus no por\u0101m, neizn\u012bcina \u0101das sk\u0101bes apvalka integrit\u0101ti. Galven\u0101 putu \u012bpa\u0161\u012bba ir neparasta &#8220;viskoza&#8221; konsistence. At\u0161\u0137ir\u012bb\u0101 no klasiskajiem putu t\u012br\u012b\u0161anas l\u012bdzek\u013ciem, ra\u017eot\u0101js iesaka vispirms \u0161\u012bs putas uzkl\u0101t uz sausas sejas \u0101das un tikai [&hellip;]\" \/>\n<meta property=\"og:url\" content=\"https:\/\/www.facecorner.lv\/lv\/shop\/pyunkang-yul-cleansing-foam-150ml-2\/\" \/>\n<meta property=\"og:site_name\" content=\"FACECORNER\" \/>\n<meta property=\"article:publisher\" content=\"https:\/\/www.facebook.com\/profile.php?id=100063824551839\" \/>\n<meta property=\"article:modified_time\" content=\"2025-11-11T13:53:31+00:00\" \/>\n<meta property=\"og:image\" content=\"https:\/\/www.facecorner.lv\/wp-content\/uploads\/2023\/03\/image.jpg\" \/>\n\t<meta property=\"og:image:width\" content=\"1000\" \/>\n\t<meta property=\"og:image:height\" content=\"1000\" \/>\n\t<meta property=\"og:image:type\" content=\"image\/jpeg\" \/>\n<meta name=\"twitter:card\" content=\"summary_large_image\" \/>\n<meta name=\"twitter:label1\" content=\"Price\" \/>\n\t<meta name=\"twitter:data1\" content=\"&euro;20.00\" \/>\n\t<meta name=\"twitter:label2\" content=\"Availability\" \/>\n\t<meta name=\"twitter:data2\" content=\"In stock\" \/>\n<script type=\"application\/ld+json\" class=\"yoast-schema-graph\">{\"@context\":\"https:\\\/\\\/schema.org\",\"@graph\":[{\"@type\":\"WebPage\",\"@id\":\"https:\\\/\\\/www.facecorner.lv\\\/shop\\\/pyunkang-yul-cleansing-foam-150ml-2\\\/\",\"url\":\"https:\\\/\\\/www.facecorner.lv\\\/shop\\\/pyunkang-yul-cleansing-foam-150ml-2\\\/\",\"name\":\"PYUNKANG YUL CLEANSING FOAM 150ml - FACECORNER\",\"isPartOf\":{\"@id\":\"https:\\\/\\\/www.facecorner.lv\\\/#website\"},\"primaryImageOfPage\":{\"@id\":\"https:\\\/\\\/www.facecorner.lv\\\/shop\\\/pyunkang-yul-cleansing-foam-150ml-2\\\/#primaryimage\"},\"image\":{\"@id\":\"https:\\\/\\\/www.facecorner.lv\\\/shop\\\/pyunkang-yul-cleansing-foam-150ml-2\\\/#primaryimage\"},\"thumbnailUrl\":\"https:\\\/\\\/www.facecorner.lv\\\/wp-content\\\/uploads\\\/2023\\\/03\\\/image.jpg\",\"datePublished\":\"2023-03-28T19:44:14+00:00\",\"dateModified\":\"2025-11-11T13:53:31+00:00\",\"breadcrumb\":{\"@id\":\"https:\\\/\\\/www.facecorner.lv\\\/shop\\\/pyunkang-yul-cleansing-foam-150ml-2\\\/#breadcrumb\"},\"inLanguage\":\"lv-LV\",\"potentialAction\":[{\"@type\":\"ReadAction\",\"target\":[\"https:\\\/\\\/www.facecorner.lv\\\/shop\\\/pyunkang-yul-cleansing-foam-150ml-2\\\/\"]}]},{\"@type\":\"ImageObject\",\"inLanguage\":\"lv-LV\",\"@id\":\"https:\\\/\\\/www.facecorner.lv\\\/shop\\\/pyunkang-yul-cleansing-foam-150ml-2\\\/#primaryimage\",\"url\":\"https:\\\/\\\/www.facecorner.lv\\\/wp-content\\\/uploads\\\/2023\\\/03\\\/image.jpg\",\"contentUrl\":\"https:\\\/\\\/www.facecorner.lv\\\/wp-content\\\/uploads\\\/2023\\\/03\\\/image.jpg\",\"width\":1000,\"height\":1000},{\"@type\":\"BreadcrumbList\",\"@id\":\"https:\\\/\\\/www.facecorner.lv\\\/shop\\\/pyunkang-yul-cleansing-foam-150ml-2\\\/#breadcrumb\",\"itemListElement\":[{\"@type\":\"ListItem\",\"position\":1,\"name\":\"Home\",\"item\":\"https:\\\/\\\/www.facecorner.lv\\\/\"},{\"@type\":\"ListItem\",\"position\":2,\"name\":\"Veikals\",\"item\":\"https:\\\/\\\/www.facecorner.lv\\\/shop\\\/\"},{\"@type\":\"ListItem\",\"position\":3,\"name\":\"PYUNKANG YUL CLEANSING FOAM 150ml\"}]},{\"@type\":\"WebSite\",\"@id\":\"https:\\\/\\\/www.facecorner.lv\\\/#website\",\"url\":\"https:\\\/\\\/www.facecorner.lv\\\/\",\"name\":\"Facecorner\",\"description\":\"\",\"publisher\":{\"@id\":\"https:\\\/\\\/www.facecorner.lv\\\/#organization\"},\"potentialAction\":[{\"@type\":\"SearchAction\",\"target\":{\"@type\":\"EntryPoint\",\"urlTemplate\":\"https:\\\/\\\/www.facecorner.lv\\\/?s={search_term_string}\"},\"query-input\":{\"@type\":\"PropertyValueSpecification\",\"valueRequired\":true,\"valueName\":\"search_term_string\"}}],\"inLanguage\":\"lv-LV\"},{\"@type\":\"Organization\",\"@id\":\"https:\\\/\\\/www.facecorner.lv\\\/#organization\",\"name\":\"Facecorner\",\"url\":\"https:\\\/\\\/www.facecorner.lv\\\/\",\"logo\":{\"@type\":\"ImageObject\",\"inLanguage\":\"lv-LV\",\"@id\":\"https:\\\/\\\/www.facecorner.lv\\\/#\\\/schema\\\/logo\\\/image\\\/\",\"url\":\"https:\\\/\\\/www.facecorner.lv\\\/wp-content\\\/uploads\\\/2024\\\/04\\\/fc-logo.jpg\",\"contentUrl\":\"https:\\\/\\\/www.facecorner.lv\\\/wp-content\\\/uploads\\\/2024\\\/04\\\/fc-logo.jpg\",\"width\":174,\"height\":28,\"caption\":\"Facecorner\"},\"image\":{\"@id\":\"https:\\\/\\\/www.facecorner.lv\\\/#\\\/schema\\\/logo\\\/image\\\/\"},\"sameAs\":[\"https:\\\/\\\/www.facebook.com\\\/profile.php?id=100063824551839\",\"https:\\\/\\\/www.instagram.com\\\/facecorner_shop\\\/\"]}]}<\/script>\n<meta property=\"product:price:amount\" content=\"20.00\" \/>\n<meta property=\"product:price:currency\" content=\"EUR\" \/>\n<meta property=\"og:availability\" content=\"instock\" \/>\n<meta property=\"product:availability\" content=\"instock\" \/>\n<meta property=\"product:condition\" content=\"new\" \/>\n<!-- \/ Yoast SEO plugin. -->","yoast_head_json":{"title":"PYUNKANG YUL CLEANSING FOAM 150ml - FACECORNER","robots":{"index":"index","follow":"follow","max-snippet":"max-snippet:-1","max-image-preview":"max-image-preview:large","max-video-preview":"max-video-preview:-1"},"canonical":"https:\/\/www.facecorner.lv\/lv\/shop\/pyunkang-yul-cleansing-foam-150ml-2\/","og_locale":"lv_LV","og_type":"article","og_title":"PYUNKANG YUL CLEANSING FOAM 150ml - FACECORNER","og_description":"Atsvaidzino\u0161\u0101s Pyunkang Yul t\u012br\u012b\u0161anas putas maigi un efekt\u012bvi att\u012bra \u0101du no liek\u0101 sebuma, pateicoties t\u0101s \u012bpa\u0161ajai staip\u012bgajai konsistencei, t\u0101s uztver un izvelk net\u012brumus no por\u0101m, neizn\u012bcina \u0101das sk\u0101bes apvalka integrit\u0101ti. Galven\u0101 putu \u012bpa\u0161\u012bba ir neparasta &#8220;viskoza&#8221; konsistence. At\u0161\u0137ir\u012bb\u0101 no klasiskajiem putu t\u012br\u012b\u0161anas l\u012bdzek\u013ciem, ra\u017eot\u0101js iesaka vispirms \u0161\u012bs putas uzkl\u0101t uz sausas sejas \u0101das un tikai [&hellip;]","og_url":"https:\/\/www.facecorner.lv\/lv\/shop\/pyunkang-yul-cleansing-foam-150ml-2\/","og_site_name":"FACECORNER","article_publisher":"https:\/\/www.facebook.com\/profile.php?id=100063824551839","article_modified_time":"2025-11-11T13:53:31+00:00","og_image":[{"width":1000,"height":1000,"url":"https:\/\/www.facecorner.lv\/wp-content\/uploads\/2023\/03\/image.jpg","type":"image\/jpeg"}],"twitter_card":"summary_large_image","twitter_misc":{"Price":"&euro;20.00","Availability":"In stock"},"schema":{"@context":"https:\/\/schema.org","@graph":[{"@type":"WebPage","@id":"https:\/\/www.facecorner.lv\/shop\/pyunkang-yul-cleansing-foam-150ml-2\/","url":"https:\/\/www.facecorner.lv\/shop\/pyunkang-yul-cleansing-foam-150ml-2\/","name":"PYUNKANG YUL CLEANSING FOAM 150ml - FACECORNER","isPartOf":{"@id":"https:\/\/www.facecorner.lv\/#website"},"primaryImageOfPage":{"@id":"https:\/\/www.facecorner.lv\/shop\/pyunkang-yul-cleansing-foam-150ml-2\/#primaryimage"},"image":{"@id":"https:\/\/www.facecorner.lv\/shop\/pyunkang-yul-cleansing-foam-150ml-2\/#primaryimage"},"thumbnailUrl":"https:\/\/www.facecorner.lv\/wp-content\/uploads\/2023\/03\/image.jpg","datePublished":"2023-03-28T19:44:14+00:00","dateModified":"2025-11-11T13:53:31+00:00","breadcrumb":{"@id":"https:\/\/www.facecorner.lv\/shop\/pyunkang-yul-cleansing-foam-150ml-2\/#breadcrumb"},"inLanguage":"lv-LV","potentialAction":[{"@type":"ReadAction","target":["https:\/\/www.facecorner.lv\/shop\/pyunkang-yul-cleansing-foam-150ml-2\/"]}]},{"@type":"ImageObject","inLanguage":"lv-LV","@id":"https:\/\/www.facecorner.lv\/shop\/pyunkang-yul-cleansing-foam-150ml-2\/#primaryimage","url":"https:\/\/www.facecorner.lv\/wp-content\/uploads\/2023\/03\/image.jpg","contentUrl":"https:\/\/www.facecorner.lv\/wp-content\/uploads\/2023\/03\/image.jpg","width":1000,"height":1000},{"@type":"BreadcrumbList","@id":"https:\/\/www.facecorner.lv\/shop\/pyunkang-yul-cleansing-foam-150ml-2\/#breadcrumb","itemListElement":[{"@type":"ListItem","position":1,"name":"Home","item":"https:\/\/www.facecorner.lv\/"},{"@type":"ListItem","position":2,"name":"Veikals","item":"https:\/\/www.facecorner.lv\/shop\/"},{"@type":"ListItem","position":3,"name":"PYUNKANG YUL CLEANSING FOAM 150ml"}]},{"@type":"WebSite","@id":"https:\/\/www.facecorner.lv\/#website","url":"https:\/\/www.facecorner.lv\/","name":"Facecorner","description":"","publisher":{"@id":"https:\/\/www.facecorner.lv\/#organization"},"potentialAction":[{"@type":"SearchAction","target":{"@type":"EntryPoint","urlTemplate":"https:\/\/www.facecorner.lv\/?s={search_term_string}"},"query-input":{"@type":"PropertyValueSpecification","valueRequired":true,"valueName":"search_term_string"}}],"inLanguage":"lv-LV"},{"@type":"Organization","@id":"https:\/\/www.facecorner.lv\/#organization","name":"Facecorner","url":"https:\/\/www.facecorner.lv\/","logo":{"@type":"ImageObject","inLanguage":"lv-LV","@id":"https:\/\/www.facecorner.lv\/#\/schema\/logo\/image\/","url":"https:\/\/www.facecorner.lv\/wp-content\/uploads\/2024\/04\/fc-logo.jpg","contentUrl":"https:\/\/www.facecorner.lv\/wp-content\/uploads\/2024\/04\/fc-logo.jpg","width":174,"height":28,"caption":"Facecorner"},"image":{"@id":"https:\/\/www.facecorner.lv\/#\/schema\/logo\/image\/"},"sameAs":["https:\/\/www.facebook.com\/profile.php?id=100063824551839","https:\/\/www.instagram.com\/facecorner_shop\/"]}]},"product_price_amount":"20.00","product_price_currency":"EUR","og_availability":"instock","product_availability":"instock","product_condition":"new"},"_links":{"self":[{"href":"https:\/\/www.facecorner.lv\/lv\/wp-json\/wp\/v2\/product\/8670","targetHints":{"allow":["GET"]}}],"collection":[{"href":"https:\/\/www.facecorner.lv\/lv\/wp-json\/wp\/v2\/product"}],"about":[{"href":"https:\/\/www.facecorner.lv\/lv\/wp-json\/wp\/v2\/types\/product"}],"replies":[{"embeddable":true,"href":"https:\/\/www.facecorner.lv\/lv\/wp-json\/wp\/v2\/comments?post=8670"}],"wp:featuredmedia":[{"embeddable":true,"href":"https:\/\/www.facecorner.lv\/lv\/wp-json\/wp\/v2\/media\/8671"}],"wp:attachment":[{"href":"https:\/\/www.facecorner.lv\/lv\/wp-json\/wp\/v2\/media?parent=8670"}],"wp:term":[{"taxonomy":"product_brand","embeddable":true,"href":"https:\/\/www.facecorner.lv\/lv\/wp-json\/wp\/v2\/product_brand?post=8670"},{"taxonomy":"product_cat","embeddable":true,"href":"https:\/\/www.facecorner.lv\/lv\/wp-json\/wp\/v2\/product_cat?post=8670"},{"taxonomy":"product_tag","embeddable":true,"href":"https:\/\/www.facecorner.lv\/lv\/wp-json\/wp\/v2\/product_tag?post=8670"},{"taxonomy":"berocket_brand","embeddable":true,"href":"https:\/\/www.facecorner.lv\/lv\/wp-json\/wp\/v2\/berocket_brand?post=8670"}],"curies":[{"name":"wp","href":"https:\/\/api.w.org\/{rel}","templated":true}]}}