{"id":8667,"date":"2023-03-28T21:34:20","date_gmt":"2023-03-28T19:34:20","guid":{"rendered":"https:\/\/facecorner.shop\/?post_type=product&#038;p=8667"},"modified":"2025-03-27T22:36:48","modified_gmt":"2025-03-27T19:36:48","slug":"pyunkang-yul-peeling-gel-100ml","status":"publish","type":"product","link":"https:\/\/www.facecorner.lv\/lv\/shop\/pyunkang-yul-peeling-gel-100ml\/","title":{"rendered":"Pyunkang Yul Peeling Gel 100ml"},"content":{"rendered":"<p>Maiga p\u012blinga \u017eeleja ar papaijas ekstraktu Pyunkang Yul Peeling Gel maigi un r\u016bp\u012bgi noloba raga sl\u0101ni, izgaismo un izl\u012bdzina sejas toni. Uzlabo mikrocirkul\u0101ciju, pa\u0101trina dz\u012b\u0161anas un atjauno\u0161an\u0101s procesus, mazina aps\u0101rtumu.<\/p>\n<p>P\u012blinga \u017eeleja dzi\u013ci att\u012bra, no\u0146em atmiru\u0161\u0101s \u0161\u016bnas, kosm\u0113tikas atlikumus un lieko sebumu, nov\u0113r\u0161ot poru aizs\u0113r\u0113\u0161anu un netraum\u0113jot \u0101du. Izl\u012bdzina mikroreljefu, uzlabo \u0101das tekst\u016bru, uzlabo sejas kr\u0101su. Nov\u0113r\u0161 taukaina sp\u012bduma par\u0101d\u012b\u0161anos, uztur optim\u0101lu \u016bdens-lip\u012bdu l\u012bdzsvaru.<\/p>\n<p>Galven\u0101s akt\u012bv\u0101s sast\u0101vda\u013cas:<\/p>\n<ul>\n<li>Papaijas ekstrakts nodro\u0161ina maigu, bet efekt\u012bvu t\u012br\u012b\u0161anu un p\u012blingu. Tam ir izgaismojo\u0161s efekts, kura d\u0113\u013c tas izl\u012bdzina kop\u0113jo \u0101das toni un uzlabo sejas kr\u0101su. Lieliski \u0101rst\u0113 iekaisumus, tiek gal\u0101 ar pinn\u0113m un pinn\u0113m.<\/li>\n<li>Lakricas ekstraktam piem\u012bt re\u0123ener\u0113jo\u0161a iedarb\u012bba, pal\u012bdz mazin\u0101t kairin\u0101juma un piet\u016bkuma paz\u012bmes, nomierina \u0101du un stimul\u0113 kolag\u0113na sint\u0113zi. kuras m\u0113r\u0137is ir apkarot p\u0101rm\u0113r\u012bgu pigment\u0101ciju.<\/li>\n<li>Ceramide NP stiprina \u0101das \u0161\u016bnas un aizsarg\u0101 t\u0101s no boj\u0101jumiem, nov\u0113r\u0161 mitruma iztvaiko\u0161anu un veicina ilgsto\u0161u mitrin\u0101\u0161anu, uztur optim\u0101lu hidrolip\u012bdu l\u012bdzsvaru.<\/li>\n<li>Centella asiatica ekstrakts uzlabo \u0101das tvirtumu un elast\u012bbu, pies\u0101tina dermas \u0161\u016bnas ar mitrumu. Veido aizsargbarjeru, kas pasarg\u0101 \u0101du no ultraviolet\u0101 starojuma un negat\u012bviem vides faktoriem.<\/li>\n<li>T\u0113jas koka ekstraktam ir sp\u0113c\u012bga pretmikrobu iedarb\u012bba. Tas c\u012bn\u0101s ar poru aizs\u0113r\u0113\u0161anu, normaliz\u0113 tauku dziedzeru darb\u012bbu un \u0101das sebuma veido\u0161anos, k\u0101 ar\u012b samazina taukaino sp\u012bdumu.<\/li>\n<li>Rozmar\u012bna ekstrakts aktiviz\u0113 epidermas \u0161\u016bnu atjauno\u0161anos, toniz\u0113, uzlabo asinsriti, dezinfic\u0113 un \u0101rst\u0113 iekaisumus.<\/li>\n<li>Kumel\u012b\u0161u ekstraktam piem\u012bt \u0101rstnieciska re\u0123ener\u0113jo\u0161a iedarb\u012bba. Nomierina kairin\u0101jumu, mazina aps\u0101rtumu, nov\u0113r\u0161 iekaisumu.<\/li>\n<\/ul>\n<p><strong>Lieto\u0161ana<\/strong>: Vienm\u0113r\u012bgi uzkl\u0101jiet produktu uz sausas, att\u012br\u012btas \u0101das, maigi iemas\u0113jiet un noskalojiet produkta paliekas ar siltu \u016bdeni. Lietojiet 1 reizi ned\u0113\u013c\u0101.<\/p>\n<p><strong>S\u0101stavs:\u00a0<\/strong>Water, Quaternium-60, Carbomer, 1,2-Hexanediol, Carica Papaya (Papaya) Fruit Extract, Citric Acid, Scutellaria Baicalensis Root Extract, Glycyrrhiza Glabra (Licorice) Root Extract, Sodium Hyaluronate, Hydroxyethyl Urea, Ceramide NP, Centella Asiatica Extract, Melaleuca Alternifolia (Tea Tree) Leaf Extract, Allantoin, Betaine Salicylate, Octyldodecanol, Polygonum Cuspidatum Root Extract, Camellia Sinensis Leaf Extract, Rosmarinus Officinalis (Rosemary) Leaf Extract, Chamomilla Recutita (Matricaria) Flower Extract, Pentylene Glycol, Butylene Glycol, Caprylyl Glycol, Disodium EDTA<\/p>\n","protected":false},"excerpt":{"rendered":"<p>Maiga p\u012blinga \u017eeleja ar papaijas ekstraktu Pyunkang Yul Peeling Gel maigi un r\u016bp\u012bgi noloba raga sl\u0101ni, izgaismo un izl\u012bdzina sejas toni. Uzlabo mikrocirkul\u0101ciju, pa\u0101trina dz\u012b\u0161anas un atjauno\u0161an\u0101s procesus, mazina aps\u0101rtumu. P\u012blinga \u017eeleja dzi\u013ci att\u012bra, no\u0146em atmiru\u0161\u0101s \u0161\u016bnas, kosm\u0113tikas atlikumus un lieko sebumu, nov\u0113r\u0161ot poru aizs\u0113r\u0113\u0161anu un netraum\u0113jot \u0101du. Izl\u012bdzina mikroreljefu, uzlabo \u0101das tekst\u016bru, uzlabo sejas [&hellip;]<\/p>\n","protected":false},"featured_media":9197,"comment_status":"open","ping_status":"closed","template":"","meta":{"site-sidebar-layout":"default","site-content-layout":"","ast-site-content-layout":"","site-content-style":"default","site-sidebar-style":"default","ast-global-header-display":"","ast-banner-title-visibility":"","ast-main-header-display":"","ast-hfb-above-header-display":"","ast-hfb-below-header-display":"","ast-hfb-mobile-header-display":"","site-post-title":"","ast-breadcrumbs-content":"","ast-featured-img":"","footer-sml-layout":"","theme-transparent-header-meta":"","adv-header-id-meta":"","stick-header-meta":"","header-above-stick-meta":"","header-main-stick-meta":"","header-below-stick-meta":"","astra-migrate-meta-layouts":"default","ast-page-background-enabled":"default","ast-page-background-meta":{"desktop":{"background-color":"var(--ast-global-color-4)","background-image":"","background-repeat":"repeat","background-position":"center center","background-size":"auto","background-attachment":"scroll","background-type":"","background-media":"","overlay-type":"","overlay-color":"","overlay-opacity":"","overlay-gradient":""},"tablet":{"background-color":"","background-image":"","background-repeat":"repeat","background-position":"center center","background-size":"auto","background-attachment":"scroll","background-type":"","background-media":"","overlay-type":"","overlay-color":"","overlay-opacity":"","overlay-gradient":""},"mobile":{"background-color":"","background-image":"","background-repeat":"repeat","background-position":"center center","background-size":"auto","background-attachment":"scroll","background-type":"","background-media":"","overlay-type":"","overlay-color":"","overlay-opacity":"","overlay-gradient":""}},"ast-content-background-meta":{"desktop":{"background-color":"var(--ast-global-color-5)","background-image":"","background-repeat":"repeat","background-position":"center center","background-size":"auto","background-attachment":"scroll","background-type":"","background-media":"","overlay-type":"","overlay-color":"","overlay-opacity":"","overlay-gradient":""},"tablet":{"background-color":"var(--ast-global-color-5)","background-image":"","background-repeat":"repeat","background-position":"center center","background-size":"auto","background-attachment":"scroll","background-type":"","background-media":"","overlay-type":"","overlay-color":"","overlay-opacity":"","overlay-gradient":""},"mobile":{"background-color":"var(--ast-global-color-5)","background-image":"","background-repeat":"repeat","background-position":"center center","background-size":"auto","background-attachment":"scroll","background-type":"","background-media":"","overlay-type":"","overlay-color":"","overlay-opacity":"","overlay-gradient":""}}},"product_brand":[],"product_cat":[380,328,381,379],"product_tag":[],"berocket_brand":[587],"class_list":{"0":"post-8667","1":"product","2":"type-product","3":"status-publish","4":"has-post-thumbnail","6":"product_cat-kombinetai-adai","7":"product_cat-pilingi-un-skrubji","8":"product_cat-problematiskai-un-taukainai-adai","9":"product_cat-sausai-adai-anti-age","10":"berocket_brand-pyunkangyul","11":"desktop-align-left","12":"tablet-align-left","13":"mobile-align-left","15":"first","16":"outofstock","17":"taxable","18":"shipping-taxable","19":"purchasable","20":"product-type-simple","21":"add-to-wishlist-before_image"},"yoast_head":"<!-- This site is optimized with the Yoast SEO plugin v27.3 - https:\/\/yoast.com\/product\/yoast-seo-wordpress\/ -->\n<title>Pyunkang Yul Peeling Gel 100ml - FACECORNER<\/title>\n<meta name=\"robots\" content=\"index, follow, max-snippet:-1, max-image-preview:large, max-video-preview:-1\" \/>\n<link rel=\"canonical\" href=\"https:\/\/www.facecorner.lv\/lv\/shop\/pyunkang-yul-peeling-gel-100ml\/\" \/>\n<meta property=\"og:locale\" content=\"lv_LV\" \/>\n<meta property=\"og:type\" content=\"article\" \/>\n<meta property=\"og:title\" content=\"Pyunkang Yul Peeling Gel 100ml - FACECORNER\" \/>\n<meta property=\"og:description\" content=\"Maiga p\u012blinga \u017eeleja ar papaijas ekstraktu Pyunkang Yul Peeling Gel maigi un r\u016bp\u012bgi noloba raga sl\u0101ni, izgaismo un izl\u012bdzina sejas toni. Uzlabo mikrocirkul\u0101ciju, pa\u0101trina dz\u012b\u0161anas un atjauno\u0161an\u0101s procesus, mazina aps\u0101rtumu. P\u012blinga \u017eeleja dzi\u013ci att\u012bra, no\u0146em atmiru\u0161\u0101s \u0161\u016bnas, kosm\u0113tikas atlikumus un lieko sebumu, nov\u0113r\u0161ot poru aizs\u0113r\u0113\u0161anu un netraum\u0113jot \u0101du. Izl\u012bdzina mikroreljefu, uzlabo \u0101das tekst\u016bru, uzlabo sejas [&hellip;]\" \/>\n<meta property=\"og:url\" content=\"https:\/\/www.facecorner.lv\/lv\/shop\/pyunkang-yul-peeling-gel-100ml\/\" \/>\n<meta property=\"og:site_name\" content=\"FACECORNER\" \/>\n<meta property=\"article:publisher\" content=\"https:\/\/www.facebook.com\/profile.php?id=100063824551839\" \/>\n<meta property=\"article:modified_time\" content=\"2025-03-27T19:36:48+00:00\" \/>\n<meta property=\"og:image\" content=\"https:\/\/www.facecorner.lv\/wp-content\/uploads\/2023\/03\/Pyunkang-Yul-Peeling-Gel.jpg\" \/>\n\t<meta property=\"og:image:width\" content=\"1024\" \/>\n\t<meta property=\"og:image:height\" content=\"1024\" \/>\n\t<meta property=\"og:image:type\" content=\"image\/jpeg\" \/>\n<meta name=\"twitter:card\" content=\"summary_large_image\" \/>\n<meta name=\"twitter:label1\" content=\"Price\" \/>\n\t<meta name=\"twitter:data1\" content=\"&euro;21.00\" \/>\n\t<meta name=\"twitter:label2\" content=\"Availability\" \/>\n\t<meta name=\"twitter:data2\" content=\"Out of stock\" \/>\n<script type=\"application\/ld+json\" class=\"yoast-schema-graph\">{\"@context\":\"https:\\\/\\\/schema.org\",\"@graph\":[{\"@type\":\"WebPage\",\"@id\":\"https:\\\/\\\/www.facecorner.lv\\\/shop\\\/pyunkang-yul-peeling-gel-100ml\\\/\",\"url\":\"https:\\\/\\\/www.facecorner.lv\\\/shop\\\/pyunkang-yul-peeling-gel-100ml\\\/\",\"name\":\"Pyunkang Yul Peeling Gel 100ml - FACECORNER\",\"isPartOf\":{\"@id\":\"https:\\\/\\\/www.facecorner.lv\\\/#website\"},\"primaryImageOfPage\":{\"@id\":\"https:\\\/\\\/www.facecorner.lv\\\/shop\\\/pyunkang-yul-peeling-gel-100ml\\\/#primaryimage\"},\"image\":{\"@id\":\"https:\\\/\\\/www.facecorner.lv\\\/shop\\\/pyunkang-yul-peeling-gel-100ml\\\/#primaryimage\"},\"thumbnailUrl\":\"https:\\\/\\\/www.facecorner.lv\\\/wp-content\\\/uploads\\\/2023\\\/03\\\/Pyunkang-Yul-Peeling-Gel.jpg\",\"datePublished\":\"2023-03-28T19:34:20+00:00\",\"dateModified\":\"2025-03-27T19:36:48+00:00\",\"breadcrumb\":{\"@id\":\"https:\\\/\\\/www.facecorner.lv\\\/shop\\\/pyunkang-yul-peeling-gel-100ml\\\/#breadcrumb\"},\"inLanguage\":\"lv-LV\",\"potentialAction\":[{\"@type\":\"ReadAction\",\"target\":[\"https:\\\/\\\/www.facecorner.lv\\\/shop\\\/pyunkang-yul-peeling-gel-100ml\\\/\"]}]},{\"@type\":\"ImageObject\",\"inLanguage\":\"lv-LV\",\"@id\":\"https:\\\/\\\/www.facecorner.lv\\\/shop\\\/pyunkang-yul-peeling-gel-100ml\\\/#primaryimage\",\"url\":\"https:\\\/\\\/www.facecorner.lv\\\/wp-content\\\/uploads\\\/2023\\\/03\\\/Pyunkang-Yul-Peeling-Gel.jpg\",\"contentUrl\":\"https:\\\/\\\/www.facecorner.lv\\\/wp-content\\\/uploads\\\/2023\\\/03\\\/Pyunkang-Yul-Peeling-Gel.jpg\",\"width\":1024,\"height\":1024},{\"@type\":\"BreadcrumbList\",\"@id\":\"https:\\\/\\\/www.facecorner.lv\\\/shop\\\/pyunkang-yul-peeling-gel-100ml\\\/#breadcrumb\",\"itemListElement\":[{\"@type\":\"ListItem\",\"position\":1,\"name\":\"Home\",\"item\":\"https:\\\/\\\/www.facecorner.lv\\\/\"},{\"@type\":\"ListItem\",\"position\":2,\"name\":\"Veikals\",\"item\":\"https:\\\/\\\/www.facecorner.lv\\\/shop\\\/\"},{\"@type\":\"ListItem\",\"position\":3,\"name\":\"Pyunkang Yul Peeling Gel 100ml\"}]},{\"@type\":\"WebSite\",\"@id\":\"https:\\\/\\\/www.facecorner.lv\\\/#website\",\"url\":\"https:\\\/\\\/www.facecorner.lv\\\/\",\"name\":\"Facecorner\",\"description\":\"\",\"publisher\":{\"@id\":\"https:\\\/\\\/www.facecorner.lv\\\/#organization\"},\"potentialAction\":[{\"@type\":\"SearchAction\",\"target\":{\"@type\":\"EntryPoint\",\"urlTemplate\":\"https:\\\/\\\/www.facecorner.lv\\\/?s={search_term_string}\"},\"query-input\":{\"@type\":\"PropertyValueSpecification\",\"valueRequired\":true,\"valueName\":\"search_term_string\"}}],\"inLanguage\":\"lv-LV\"},{\"@type\":\"Organization\",\"@id\":\"https:\\\/\\\/www.facecorner.lv\\\/#organization\",\"name\":\"Facecorner\",\"url\":\"https:\\\/\\\/www.facecorner.lv\\\/\",\"logo\":{\"@type\":\"ImageObject\",\"inLanguage\":\"lv-LV\",\"@id\":\"https:\\\/\\\/www.facecorner.lv\\\/#\\\/schema\\\/logo\\\/image\\\/\",\"url\":\"https:\\\/\\\/www.facecorner.lv\\\/wp-content\\\/uploads\\\/2024\\\/04\\\/fc-logo.jpg\",\"contentUrl\":\"https:\\\/\\\/www.facecorner.lv\\\/wp-content\\\/uploads\\\/2024\\\/04\\\/fc-logo.jpg\",\"width\":174,\"height\":28,\"caption\":\"Facecorner\"},\"image\":{\"@id\":\"https:\\\/\\\/www.facecorner.lv\\\/#\\\/schema\\\/logo\\\/image\\\/\"},\"sameAs\":[\"https:\\\/\\\/www.facebook.com\\\/profile.php?id=100063824551839\",\"https:\\\/\\\/www.instagram.com\\\/facecorner_shop\\\/\"]}]}<\/script>\n<meta property=\"product:price:amount\" content=\"21.00\" \/>\n<meta property=\"product:price:currency\" content=\"EUR\" \/>\n<meta property=\"og:availability\" content=\"out of stock\" \/>\n<meta property=\"product:availability\" content=\"out of stock\" \/>\n<meta property=\"product:condition\" content=\"new\" \/>\n<!-- \/ Yoast SEO plugin. -->","yoast_head_json":{"title":"Pyunkang Yul Peeling Gel 100ml - FACECORNER","robots":{"index":"index","follow":"follow","max-snippet":"max-snippet:-1","max-image-preview":"max-image-preview:large","max-video-preview":"max-video-preview:-1"},"canonical":"https:\/\/www.facecorner.lv\/lv\/shop\/pyunkang-yul-peeling-gel-100ml\/","og_locale":"lv_LV","og_type":"article","og_title":"Pyunkang Yul Peeling Gel 100ml - FACECORNER","og_description":"Maiga p\u012blinga \u017eeleja ar papaijas ekstraktu Pyunkang Yul Peeling Gel maigi un r\u016bp\u012bgi noloba raga sl\u0101ni, izgaismo un izl\u012bdzina sejas toni. Uzlabo mikrocirkul\u0101ciju, pa\u0101trina dz\u012b\u0161anas un atjauno\u0161an\u0101s procesus, mazina aps\u0101rtumu. P\u012blinga \u017eeleja dzi\u013ci att\u012bra, no\u0146em atmiru\u0161\u0101s \u0161\u016bnas, kosm\u0113tikas atlikumus un lieko sebumu, nov\u0113r\u0161ot poru aizs\u0113r\u0113\u0161anu un netraum\u0113jot \u0101du. Izl\u012bdzina mikroreljefu, uzlabo \u0101das tekst\u016bru, uzlabo sejas [&hellip;]","og_url":"https:\/\/www.facecorner.lv\/lv\/shop\/pyunkang-yul-peeling-gel-100ml\/","og_site_name":"FACECORNER","article_publisher":"https:\/\/www.facebook.com\/profile.php?id=100063824551839","article_modified_time":"2025-03-27T19:36:48+00:00","og_image":[{"width":1024,"height":1024,"url":"https:\/\/www.facecorner.lv\/wp-content\/uploads\/2023\/03\/Pyunkang-Yul-Peeling-Gel.jpg","type":"image\/jpeg"}],"twitter_card":"summary_large_image","twitter_misc":{"Price":"&euro;21.00","Availability":"Out of stock"},"schema":{"@context":"https:\/\/schema.org","@graph":[{"@type":"WebPage","@id":"https:\/\/www.facecorner.lv\/shop\/pyunkang-yul-peeling-gel-100ml\/","url":"https:\/\/www.facecorner.lv\/shop\/pyunkang-yul-peeling-gel-100ml\/","name":"Pyunkang Yul Peeling Gel 100ml - FACECORNER","isPartOf":{"@id":"https:\/\/www.facecorner.lv\/#website"},"primaryImageOfPage":{"@id":"https:\/\/www.facecorner.lv\/shop\/pyunkang-yul-peeling-gel-100ml\/#primaryimage"},"image":{"@id":"https:\/\/www.facecorner.lv\/shop\/pyunkang-yul-peeling-gel-100ml\/#primaryimage"},"thumbnailUrl":"https:\/\/www.facecorner.lv\/wp-content\/uploads\/2023\/03\/Pyunkang-Yul-Peeling-Gel.jpg","datePublished":"2023-03-28T19:34:20+00:00","dateModified":"2025-03-27T19:36:48+00:00","breadcrumb":{"@id":"https:\/\/www.facecorner.lv\/shop\/pyunkang-yul-peeling-gel-100ml\/#breadcrumb"},"inLanguage":"lv-LV","potentialAction":[{"@type":"ReadAction","target":["https:\/\/www.facecorner.lv\/shop\/pyunkang-yul-peeling-gel-100ml\/"]}]},{"@type":"ImageObject","inLanguage":"lv-LV","@id":"https:\/\/www.facecorner.lv\/shop\/pyunkang-yul-peeling-gel-100ml\/#primaryimage","url":"https:\/\/www.facecorner.lv\/wp-content\/uploads\/2023\/03\/Pyunkang-Yul-Peeling-Gel.jpg","contentUrl":"https:\/\/www.facecorner.lv\/wp-content\/uploads\/2023\/03\/Pyunkang-Yul-Peeling-Gel.jpg","width":1024,"height":1024},{"@type":"BreadcrumbList","@id":"https:\/\/www.facecorner.lv\/shop\/pyunkang-yul-peeling-gel-100ml\/#breadcrumb","itemListElement":[{"@type":"ListItem","position":1,"name":"Home","item":"https:\/\/www.facecorner.lv\/"},{"@type":"ListItem","position":2,"name":"Veikals","item":"https:\/\/www.facecorner.lv\/shop\/"},{"@type":"ListItem","position":3,"name":"Pyunkang Yul Peeling Gel 100ml"}]},{"@type":"WebSite","@id":"https:\/\/www.facecorner.lv\/#website","url":"https:\/\/www.facecorner.lv\/","name":"Facecorner","description":"","publisher":{"@id":"https:\/\/www.facecorner.lv\/#organization"},"potentialAction":[{"@type":"SearchAction","target":{"@type":"EntryPoint","urlTemplate":"https:\/\/www.facecorner.lv\/?s={search_term_string}"},"query-input":{"@type":"PropertyValueSpecification","valueRequired":true,"valueName":"search_term_string"}}],"inLanguage":"lv-LV"},{"@type":"Organization","@id":"https:\/\/www.facecorner.lv\/#organization","name":"Facecorner","url":"https:\/\/www.facecorner.lv\/","logo":{"@type":"ImageObject","inLanguage":"lv-LV","@id":"https:\/\/www.facecorner.lv\/#\/schema\/logo\/image\/","url":"https:\/\/www.facecorner.lv\/wp-content\/uploads\/2024\/04\/fc-logo.jpg","contentUrl":"https:\/\/www.facecorner.lv\/wp-content\/uploads\/2024\/04\/fc-logo.jpg","width":174,"height":28,"caption":"Facecorner"},"image":{"@id":"https:\/\/www.facecorner.lv\/#\/schema\/logo\/image\/"},"sameAs":["https:\/\/www.facebook.com\/profile.php?id=100063824551839","https:\/\/www.instagram.com\/facecorner_shop\/"]}]},"product_price_amount":"21.00","product_price_currency":"EUR","og_availability":"out of stock","product_availability":"out of stock","product_condition":"new"},"_links":{"self":[{"href":"https:\/\/www.facecorner.lv\/lv\/wp-json\/wp\/v2\/product\/8667","targetHints":{"allow":["GET"]}}],"collection":[{"href":"https:\/\/www.facecorner.lv\/lv\/wp-json\/wp\/v2\/product"}],"about":[{"href":"https:\/\/www.facecorner.lv\/lv\/wp-json\/wp\/v2\/types\/product"}],"replies":[{"embeddable":true,"href":"https:\/\/www.facecorner.lv\/lv\/wp-json\/wp\/v2\/comments?post=8667"}],"wp:featuredmedia":[{"embeddable":true,"href":"https:\/\/www.facecorner.lv\/lv\/wp-json\/wp\/v2\/media\/9197"}],"wp:attachment":[{"href":"https:\/\/www.facecorner.lv\/lv\/wp-json\/wp\/v2\/media?parent=8667"}],"wp:term":[{"taxonomy":"product_brand","embeddable":true,"href":"https:\/\/www.facecorner.lv\/lv\/wp-json\/wp\/v2\/product_brand?post=8667"},{"taxonomy":"product_cat","embeddable":true,"href":"https:\/\/www.facecorner.lv\/lv\/wp-json\/wp\/v2\/product_cat?post=8667"},{"taxonomy":"product_tag","embeddable":true,"href":"https:\/\/www.facecorner.lv\/lv\/wp-json\/wp\/v2\/product_tag?post=8667"},{"taxonomy":"berocket_brand","embeddable":true,"href":"https:\/\/www.facecorner.lv\/lv\/wp-json\/wp\/v2\/berocket_brand?post=8667"}],"curies":[{"name":"wp","href":"https:\/\/api.w.org\/{rel}","templated":true}]}}