{"id":8664,"date":"2023-03-28T21:30:15","date_gmt":"2023-03-28T19:30:15","guid":{"rendered":"https:\/\/facecorner.shop\/?post_type=product&#038;p=8664"},"modified":"2026-03-10T14:53:42","modified_gmt":"2026-03-10T11:53:42","slug":"pyunkang-yul-acne-toner-150ml","status":"publish","type":"product","link":"https:\/\/www.facecorner.lv\/lv\/shop\/pyunkang-yul-acne-toner-150ml\/","title":{"rendered":"Pyunkang Yul Acne Toner 150ml"},"content":{"rendered":"<p>Pyunkang Yul Acne Toner ir mat\u0113jo\u0161s toniks problem\u0101tiskai \u0101dai, kas samazina pinnes un c\u012bn\u0101s ar iekaisumu.<\/p>\n<p>Akt\u012bv\u0101s vielas, kas iek\u013c\u016bst dzi\u013ci epiderm\u0101, att\u012bra, nov\u0113r\u0161 poru aizs\u0113r\u0113\u0161anu un vizu\u0101li sa\u0161aurina t\u0101s.Antibakteri\u0101l\u0101 un pretiekaisuma iedarb\u012bba normaliz\u0113 sebuma veido\u0161anos, nov\u0113r\u0161 taukaino sp\u012bdumu un melnos punktus.Produkts r\u016bp\u012bgi un bez kairin\u0101juma noloba atmiru\u0161\u0101s \u0161\u016bnas un aktiviz\u0113 re\u0123ener\u0101cijas procesu, padarot \u0101das tekst\u016bru maigu, mat\u0113tu, vienm\u0113r\u012bgu un gludu.Produkts satur vara tripept\u012bdu, kas stimul\u0113 cilmes \u0161\u016bnu darb\u012bbu, pa\u0101trina atvese\u013co\u0161anos un atjauno\u0161anos, nov\u0113r\u0161 grumbu par\u0101d\u012b\u0161anos un samazina to redzam\u012bbu.<\/p>\n<p>Galven\u0101s akt\u012bv\u0101s sast\u0101vda\u013cas:<\/p>\n<ul>\n<li>Centella asiatica komplekss nomierina un uzs\u0101k re\u0123ener\u0101cijas procesu, c\u012bn\u0101s ar aps\u0101rtumu un piet\u016bkumu, uzlabo tvirtumu un elast\u012bbu.<\/li>\n<li>Niacinam\u012bds (B3 vitam\u012bns) m\u012bkstina, normaliz\u0113 sebuma veido\u0161anos, stiprina aizsargbarjeru, uzlabo mikrocirkul\u0101ciju un izl\u012bdzina mikroreljefu.<\/li>\n<li>Balt\u0101 v\u012btola mizas ekstrakts normaliz\u0113 tauku dziedzeru darb\u012bbu, savelk poras, stimul\u0113 \u0161\u016bnu atjauno\u0161anos, att\u012bra atmiru\u0161\u0101s \u0161\u016bnas, uzlabo sejas kr\u0101su un st\u0101vokli.<\/li>\n<li>Baik\u0101la galvaskausa ekstraktam piem\u012bt antioksidanta, pretiekaisuma un antibakteri\u0101las \u012bpa\u0161\u012bbas, tas veicina citu akt\u012bvo komponentu iek\u013c\u016b\u0161anu.<\/li>\n<li>Meln\u0101s t\u0113jas lapu ekstrakts toniz\u0113 un uzlabo viet\u0113jo imunit\u0101ti, nov\u0113r\u0161 bl\u0101vumu, mitrina un baro, ir izteikta antioksidanta iedarb\u012bba, stiprina \u0101das turgoru un uzlabo audu caurlaid\u012bbu.<\/li>\n<\/ul>\n<p><strong>Lieto\u0161ana: U<\/strong>zkl\u0101jiet toniku uz att\u012br\u012btas sejas, samitrinot taj\u0101 vates spilventi\u0146u, vai ieberiet pietiekamu daudzumu tonika plaukst\u0101 un noslaukiet seju.<\/p>\n<p><strong>S\u0101stavs: <\/strong>Water, Butylene Glycol, Dimethyl Sulfone, Pyridoxine HCl, Salix Alba (Willow) Bark Extract, Niacinamide, Forsythia Suspensa Fruit Extract, Centella Asiatica Extract, Polygonum Cuspidatum Root Extract, Scutellaria Baicalensis Root Extract, Camellia Sinensis Leaf Extract, Glycyrrhiza Uralensis (Licorice) Root Extract, Chamomilla Recutita (Matricaria) Flower Extract, Rosmarinus Officinalis (Rosemary) Leaf Extract, Copper Tripeptide-1, Glycerin, Hydroxyacetophenone, Myrtus Communis Extract, Tropaeolum majus Extract, Ethylhexylglycerin, Disodium EDTA<\/p>\n","protected":false},"excerpt":{"rendered":"<p>Pyunkang Yul Acne Toner ir mat\u0113jo\u0161s toniks problem\u0101tiskai \u0101dai, kas samazina pinnes un c\u012bn\u0101s ar iekaisumu. Akt\u012bv\u0101s vielas, kas iek\u013c\u016bst dzi\u013ci epiderm\u0101, att\u012bra, nov\u0113r\u0161 poru aizs\u0113r\u0113\u0161anu un vizu\u0101li sa\u0161aurina t\u0101s.Antibakteri\u0101l\u0101 un pretiekaisuma iedarb\u012bba normaliz\u0113 sebuma veido\u0161anos, nov\u0113r\u0161 taukaino sp\u012bdumu un melnos punktus.Produkts r\u016bp\u012bgi un bez kairin\u0101juma noloba atmiru\u0161\u0101s \u0161\u016bnas un aktiviz\u0113 re\u0123ener\u0101cijas procesu, padarot \u0101das [&hellip;]<\/p>\n","protected":false},"featured_media":8665,"comment_status":"open","ping_status":"closed","template":"","meta":{"site-sidebar-layout":"default","site-content-layout":"","ast-site-content-layout":"","site-content-style":"default","site-sidebar-style":"default","ast-global-header-display":"","ast-banner-title-visibility":"","ast-main-header-display":"","ast-hfb-above-header-display":"","ast-hfb-below-header-display":"","ast-hfb-mobile-header-display":"","site-post-title":"","ast-breadcrumbs-content":"","ast-featured-img":"","footer-sml-layout":"","theme-transparent-header-meta":"","adv-header-id-meta":"","stick-header-meta":"","header-above-stick-meta":"","header-main-stick-meta":"","header-below-stick-meta":"","astra-migrate-meta-layouts":"default","ast-page-background-enabled":"default","ast-page-background-meta":{"desktop":{"background-color":"var(--ast-global-color-4)","background-image":"","background-repeat":"repeat","background-position":"center center","background-size":"auto","background-attachment":"scroll","background-type":"","background-media":"","overlay-type":"","overlay-color":"","overlay-opacity":"","overlay-gradient":""},"tablet":{"background-color":"","background-image":"","background-repeat":"repeat","background-position":"center center","background-size":"auto","background-attachment":"scroll","background-type":"","background-media":"","overlay-type":"","overlay-color":"","overlay-opacity":"","overlay-gradient":""},"mobile":{"background-color":"","background-image":"","background-repeat":"repeat","background-position":"center center","background-size":"auto","background-attachment":"scroll","background-type":"","background-media":"","overlay-type":"","overlay-color":"","overlay-opacity":"","overlay-gradient":""}},"ast-content-background-meta":{"desktop":{"background-color":"var(--ast-global-color-5)","background-image":"","background-repeat":"repeat","background-position":"center center","background-size":"auto","background-attachment":"scroll","background-type":"","background-media":"","overlay-type":"","overlay-color":"","overlay-opacity":"","overlay-gradient":""},"tablet":{"background-color":"var(--ast-global-color-5)","background-image":"","background-repeat":"repeat","background-position":"center center","background-size":"auto","background-attachment":"scroll","background-type":"","background-media":"","overlay-type":"","overlay-color":"","overlay-opacity":"","overlay-gradient":""},"mobile":{"background-color":"var(--ast-global-color-5)","background-image":"","background-repeat":"repeat","background-position":"center center","background-size":"auto","background-attachment":"scroll","background-type":"","background-media":"","overlay-type":"","overlay-color":"","overlay-opacity":"","overlay-gradient":""}}},"product_brand":[],"product_cat":[380,377,381,364,376],"product_tag":[],"berocket_brand":[587],"class_list":{"0":"post-8664","1":"product","2":"type-product","3":"status-publish","4":"has-post-thumbnail","6":"product_cat-kombinetai-adai","7":"product_cat-problematiskai-adai-toneri","8":"product_cat-problematiskai-un-taukainai-adai","9":"product_cat-toneri","10":"product_cat-kombinetai-adai-toneri","11":"berocket_brand-pyunkangyul","12":"desktop-align-left","13":"tablet-align-left","14":"mobile-align-left","16":"first","17":"instock","18":"taxable","19":"shipping-taxable","20":"purchasable","21":"product-type-simple","22":"add-to-wishlist-before_image"},"yoast_head":"<!-- This site is optimized with the Yoast SEO plugin v27.3 - https:\/\/yoast.com\/product\/yoast-seo-wordpress\/ -->\n<title>Pyunkang Yul Acne Toner 150ml - FACECORNER<\/title>\n<meta name=\"robots\" content=\"index, follow, max-snippet:-1, max-image-preview:large, max-video-preview:-1\" \/>\n<link rel=\"canonical\" href=\"https:\/\/www.facecorner.lv\/lv\/shop\/pyunkang-yul-acne-toner-150ml\/\" \/>\n<meta property=\"og:locale\" content=\"lv_LV\" \/>\n<meta property=\"og:type\" content=\"article\" \/>\n<meta property=\"og:title\" content=\"Pyunkang Yul Acne Toner 150ml - FACECORNER\" \/>\n<meta property=\"og:description\" content=\"Pyunkang Yul Acne Toner ir mat\u0113jo\u0161s toniks problem\u0101tiskai \u0101dai, kas samazina pinnes un c\u012bn\u0101s ar iekaisumu. Akt\u012bv\u0101s vielas, kas iek\u013c\u016bst dzi\u013ci epiderm\u0101, att\u012bra, nov\u0113r\u0161 poru aizs\u0113r\u0113\u0161anu un vizu\u0101li sa\u0161aurina t\u0101s.Antibakteri\u0101l\u0101 un pretiekaisuma iedarb\u012bba normaliz\u0113 sebuma veido\u0161anos, nov\u0113r\u0161 taukaino sp\u012bdumu un melnos punktus.Produkts r\u016bp\u012bgi un bez kairin\u0101juma noloba atmiru\u0161\u0101s \u0161\u016bnas un aktiviz\u0113 re\u0123ener\u0101cijas procesu, padarot \u0101das [&hellip;]\" \/>\n<meta property=\"og:url\" content=\"https:\/\/www.facecorner.lv\/lv\/shop\/pyunkang-yul-acne-toner-150ml\/\" \/>\n<meta property=\"og:site_name\" content=\"FACECORNER\" \/>\n<meta property=\"article:publisher\" content=\"https:\/\/www.facebook.com\/profile.php?id=100063824551839\" \/>\n<meta property=\"article:modified_time\" content=\"2026-03-10T11:53:42+00:00\" \/>\n<meta property=\"og:image\" content=\"https:\/\/www.facecorner.lv\/wp-content\/uploads\/2023\/03\/6843-1000x1000-1.jpeg\" \/>\n\t<meta property=\"og:image:width\" content=\"1000\" \/>\n\t<meta property=\"og:image:height\" content=\"1000\" \/>\n\t<meta property=\"og:image:type\" content=\"image\/jpeg\" \/>\n<meta name=\"twitter:card\" content=\"summary_large_image\" \/>\n<meta name=\"twitter:label1\" content=\"Price\" \/>\n\t<meta name=\"twitter:data1\" content=\"&euro;17.00\" \/>\n\t<meta name=\"twitter:label2\" content=\"Availability\" \/>\n\t<meta name=\"twitter:data2\" content=\"In stock\" \/>\n<script type=\"application\/ld+json\" class=\"yoast-schema-graph\">{\"@context\":\"https:\\\/\\\/schema.org\",\"@graph\":[{\"@type\":\"WebPage\",\"@id\":\"https:\\\/\\\/www.facecorner.lv\\\/shop\\\/pyunkang-yul-acne-toner-150ml\\\/\",\"url\":\"https:\\\/\\\/www.facecorner.lv\\\/shop\\\/pyunkang-yul-acne-toner-150ml\\\/\",\"name\":\"Pyunkang Yul Acne Toner 150ml - FACECORNER\",\"isPartOf\":{\"@id\":\"https:\\\/\\\/www.facecorner.lv\\\/#website\"},\"primaryImageOfPage\":{\"@id\":\"https:\\\/\\\/www.facecorner.lv\\\/shop\\\/pyunkang-yul-acne-toner-150ml\\\/#primaryimage\"},\"image\":{\"@id\":\"https:\\\/\\\/www.facecorner.lv\\\/shop\\\/pyunkang-yul-acne-toner-150ml\\\/#primaryimage\"},\"thumbnailUrl\":\"https:\\\/\\\/www.facecorner.lv\\\/wp-content\\\/uploads\\\/2023\\\/03\\\/6843-1000x1000-1.jpeg\",\"datePublished\":\"2023-03-28T19:30:15+00:00\",\"dateModified\":\"2026-03-10T11:53:42+00:00\",\"breadcrumb\":{\"@id\":\"https:\\\/\\\/www.facecorner.lv\\\/shop\\\/pyunkang-yul-acne-toner-150ml\\\/#breadcrumb\"},\"inLanguage\":\"lv-LV\",\"potentialAction\":[{\"@type\":\"ReadAction\",\"target\":[\"https:\\\/\\\/www.facecorner.lv\\\/shop\\\/pyunkang-yul-acne-toner-150ml\\\/\"]}]},{\"@type\":\"ImageObject\",\"inLanguage\":\"lv-LV\",\"@id\":\"https:\\\/\\\/www.facecorner.lv\\\/shop\\\/pyunkang-yul-acne-toner-150ml\\\/#primaryimage\",\"url\":\"https:\\\/\\\/www.facecorner.lv\\\/wp-content\\\/uploads\\\/2023\\\/03\\\/6843-1000x1000-1.jpeg\",\"contentUrl\":\"https:\\\/\\\/www.facecorner.lv\\\/wp-content\\\/uploads\\\/2023\\\/03\\\/6843-1000x1000-1.jpeg\",\"width\":1000,\"height\":1000},{\"@type\":\"BreadcrumbList\",\"@id\":\"https:\\\/\\\/www.facecorner.lv\\\/shop\\\/pyunkang-yul-acne-toner-150ml\\\/#breadcrumb\",\"itemListElement\":[{\"@type\":\"ListItem\",\"position\":1,\"name\":\"Home\",\"item\":\"https:\\\/\\\/www.facecorner.lv\\\/\"},{\"@type\":\"ListItem\",\"position\":2,\"name\":\"Veikals\",\"item\":\"https:\\\/\\\/www.facecorner.lv\\\/shop\\\/\"},{\"@type\":\"ListItem\",\"position\":3,\"name\":\"Pyunkang Yul Acne Toner 150ml\"}]},{\"@type\":\"WebSite\",\"@id\":\"https:\\\/\\\/www.facecorner.lv\\\/#website\",\"url\":\"https:\\\/\\\/www.facecorner.lv\\\/\",\"name\":\"Facecorner\",\"description\":\"\",\"publisher\":{\"@id\":\"https:\\\/\\\/www.facecorner.lv\\\/#organization\"},\"potentialAction\":[{\"@type\":\"SearchAction\",\"target\":{\"@type\":\"EntryPoint\",\"urlTemplate\":\"https:\\\/\\\/www.facecorner.lv\\\/?s={search_term_string}\"},\"query-input\":{\"@type\":\"PropertyValueSpecification\",\"valueRequired\":true,\"valueName\":\"search_term_string\"}}],\"inLanguage\":\"lv-LV\"},{\"@type\":\"Organization\",\"@id\":\"https:\\\/\\\/www.facecorner.lv\\\/#organization\",\"name\":\"Facecorner\",\"url\":\"https:\\\/\\\/www.facecorner.lv\\\/\",\"logo\":{\"@type\":\"ImageObject\",\"inLanguage\":\"lv-LV\",\"@id\":\"https:\\\/\\\/www.facecorner.lv\\\/#\\\/schema\\\/logo\\\/image\\\/\",\"url\":\"https:\\\/\\\/www.facecorner.lv\\\/wp-content\\\/uploads\\\/2024\\\/04\\\/fc-logo.jpg\",\"contentUrl\":\"https:\\\/\\\/www.facecorner.lv\\\/wp-content\\\/uploads\\\/2024\\\/04\\\/fc-logo.jpg\",\"width\":174,\"height\":28,\"caption\":\"Facecorner\"},\"image\":{\"@id\":\"https:\\\/\\\/www.facecorner.lv\\\/#\\\/schema\\\/logo\\\/image\\\/\"},\"sameAs\":[\"https:\\\/\\\/www.facebook.com\\\/profile.php?id=100063824551839\",\"https:\\\/\\\/www.instagram.com\\\/facecorner_shop\\\/\"]}]}<\/script>\n<meta property=\"product:price:amount\" content=\"17.00\" \/>\n<meta property=\"product:price:currency\" content=\"EUR\" \/>\n<meta property=\"og:availability\" content=\"instock\" \/>\n<meta property=\"product:availability\" content=\"instock\" \/>\n<meta property=\"product:condition\" content=\"new\" \/>\n<!-- \/ Yoast SEO plugin. -->","yoast_head_json":{"title":"Pyunkang Yul Acne Toner 150ml - FACECORNER","robots":{"index":"index","follow":"follow","max-snippet":"max-snippet:-1","max-image-preview":"max-image-preview:large","max-video-preview":"max-video-preview:-1"},"canonical":"https:\/\/www.facecorner.lv\/lv\/shop\/pyunkang-yul-acne-toner-150ml\/","og_locale":"lv_LV","og_type":"article","og_title":"Pyunkang Yul Acne Toner 150ml - FACECORNER","og_description":"Pyunkang Yul Acne Toner ir mat\u0113jo\u0161s toniks problem\u0101tiskai \u0101dai, kas samazina pinnes un c\u012bn\u0101s ar iekaisumu. Akt\u012bv\u0101s vielas, kas iek\u013c\u016bst dzi\u013ci epiderm\u0101, att\u012bra, nov\u0113r\u0161 poru aizs\u0113r\u0113\u0161anu un vizu\u0101li sa\u0161aurina t\u0101s.Antibakteri\u0101l\u0101 un pretiekaisuma iedarb\u012bba normaliz\u0113 sebuma veido\u0161anos, nov\u0113r\u0161 taukaino sp\u012bdumu un melnos punktus.Produkts r\u016bp\u012bgi un bez kairin\u0101juma noloba atmiru\u0161\u0101s \u0161\u016bnas un aktiviz\u0113 re\u0123ener\u0101cijas procesu, padarot \u0101das [&hellip;]","og_url":"https:\/\/www.facecorner.lv\/lv\/shop\/pyunkang-yul-acne-toner-150ml\/","og_site_name":"FACECORNER","article_publisher":"https:\/\/www.facebook.com\/profile.php?id=100063824551839","article_modified_time":"2026-03-10T11:53:42+00:00","og_image":[{"width":1000,"height":1000,"url":"https:\/\/www.facecorner.lv\/wp-content\/uploads\/2023\/03\/6843-1000x1000-1.jpeg","type":"image\/jpeg"}],"twitter_card":"summary_large_image","twitter_misc":{"Price":"&euro;17.00","Availability":"In stock"},"schema":{"@context":"https:\/\/schema.org","@graph":[{"@type":"WebPage","@id":"https:\/\/www.facecorner.lv\/shop\/pyunkang-yul-acne-toner-150ml\/","url":"https:\/\/www.facecorner.lv\/shop\/pyunkang-yul-acne-toner-150ml\/","name":"Pyunkang Yul Acne Toner 150ml - FACECORNER","isPartOf":{"@id":"https:\/\/www.facecorner.lv\/#website"},"primaryImageOfPage":{"@id":"https:\/\/www.facecorner.lv\/shop\/pyunkang-yul-acne-toner-150ml\/#primaryimage"},"image":{"@id":"https:\/\/www.facecorner.lv\/shop\/pyunkang-yul-acne-toner-150ml\/#primaryimage"},"thumbnailUrl":"https:\/\/www.facecorner.lv\/wp-content\/uploads\/2023\/03\/6843-1000x1000-1.jpeg","datePublished":"2023-03-28T19:30:15+00:00","dateModified":"2026-03-10T11:53:42+00:00","breadcrumb":{"@id":"https:\/\/www.facecorner.lv\/shop\/pyunkang-yul-acne-toner-150ml\/#breadcrumb"},"inLanguage":"lv-LV","potentialAction":[{"@type":"ReadAction","target":["https:\/\/www.facecorner.lv\/shop\/pyunkang-yul-acne-toner-150ml\/"]}]},{"@type":"ImageObject","inLanguage":"lv-LV","@id":"https:\/\/www.facecorner.lv\/shop\/pyunkang-yul-acne-toner-150ml\/#primaryimage","url":"https:\/\/www.facecorner.lv\/wp-content\/uploads\/2023\/03\/6843-1000x1000-1.jpeg","contentUrl":"https:\/\/www.facecorner.lv\/wp-content\/uploads\/2023\/03\/6843-1000x1000-1.jpeg","width":1000,"height":1000},{"@type":"BreadcrumbList","@id":"https:\/\/www.facecorner.lv\/shop\/pyunkang-yul-acne-toner-150ml\/#breadcrumb","itemListElement":[{"@type":"ListItem","position":1,"name":"Home","item":"https:\/\/www.facecorner.lv\/"},{"@type":"ListItem","position":2,"name":"Veikals","item":"https:\/\/www.facecorner.lv\/shop\/"},{"@type":"ListItem","position":3,"name":"Pyunkang Yul Acne Toner 150ml"}]},{"@type":"WebSite","@id":"https:\/\/www.facecorner.lv\/#website","url":"https:\/\/www.facecorner.lv\/","name":"Facecorner","description":"","publisher":{"@id":"https:\/\/www.facecorner.lv\/#organization"},"potentialAction":[{"@type":"SearchAction","target":{"@type":"EntryPoint","urlTemplate":"https:\/\/www.facecorner.lv\/?s={search_term_string}"},"query-input":{"@type":"PropertyValueSpecification","valueRequired":true,"valueName":"search_term_string"}}],"inLanguage":"lv-LV"},{"@type":"Organization","@id":"https:\/\/www.facecorner.lv\/#organization","name":"Facecorner","url":"https:\/\/www.facecorner.lv\/","logo":{"@type":"ImageObject","inLanguage":"lv-LV","@id":"https:\/\/www.facecorner.lv\/#\/schema\/logo\/image\/","url":"https:\/\/www.facecorner.lv\/wp-content\/uploads\/2024\/04\/fc-logo.jpg","contentUrl":"https:\/\/www.facecorner.lv\/wp-content\/uploads\/2024\/04\/fc-logo.jpg","width":174,"height":28,"caption":"Facecorner"},"image":{"@id":"https:\/\/www.facecorner.lv\/#\/schema\/logo\/image\/"},"sameAs":["https:\/\/www.facebook.com\/profile.php?id=100063824551839","https:\/\/www.instagram.com\/facecorner_shop\/"]}]},"product_price_amount":"17.00","product_price_currency":"EUR","og_availability":"instock","product_availability":"instock","product_condition":"new"},"_links":{"self":[{"href":"https:\/\/www.facecorner.lv\/lv\/wp-json\/wp\/v2\/product\/8664","targetHints":{"allow":["GET"]}}],"collection":[{"href":"https:\/\/www.facecorner.lv\/lv\/wp-json\/wp\/v2\/product"}],"about":[{"href":"https:\/\/www.facecorner.lv\/lv\/wp-json\/wp\/v2\/types\/product"}],"replies":[{"embeddable":true,"href":"https:\/\/www.facecorner.lv\/lv\/wp-json\/wp\/v2\/comments?post=8664"}],"wp:featuredmedia":[{"embeddable":true,"href":"https:\/\/www.facecorner.lv\/lv\/wp-json\/wp\/v2\/media\/8665"}],"wp:attachment":[{"href":"https:\/\/www.facecorner.lv\/lv\/wp-json\/wp\/v2\/media?parent=8664"}],"wp:term":[{"taxonomy":"product_brand","embeddable":true,"href":"https:\/\/www.facecorner.lv\/lv\/wp-json\/wp\/v2\/product_brand?post=8664"},{"taxonomy":"product_cat","embeddable":true,"href":"https:\/\/www.facecorner.lv\/lv\/wp-json\/wp\/v2\/product_cat?post=8664"},{"taxonomy":"product_tag","embeddable":true,"href":"https:\/\/www.facecorner.lv\/lv\/wp-json\/wp\/v2\/product_tag?post=8664"},{"taxonomy":"berocket_brand","embeddable":true,"href":"https:\/\/www.facecorner.lv\/lv\/wp-json\/wp\/v2\/berocket_brand?post=8664"}],"curies":[{"name":"wp","href":"https:\/\/api.w.org\/{rel}","templated":true}]}}