{"id":8638,"date":"2023-03-28T20:52:33","date_gmt":"2023-03-28T18:52:33","guid":{"rendered":"https:\/\/facecorner.shop\/?post_type=product&#038;p=8638"},"modified":"2026-03-10T14:53:42","modified_gmt":"2026-03-10T11:53:42","slug":"pyunkang-yul-acne-facial-cleanser-120ml-2","status":"publish","type":"product","link":"https:\/\/www.facecorner.lv\/lv\/shop\/pyunkang-yul-acne-facial-cleanser-120ml-2\/","title":{"rendered":"Pyunkang Yul Acne Facial Cleanser 120ml"},"content":{"rendered":"<p>Antibakteri\u0101las putas problem\u0101tiskai \u0101dai Pyunkang Yul Acne Facial Cleanser efekt\u012bvi no\u0146em visu veidu net\u012brumus, putek\u013cus, grimu un hidrof\u012blos atlikumus no epidermas virsmas. Tam ir sp\u0113c\u012bga dezinfic\u0113jo\u0161a un pretiekaisuma iedarb\u012bba, tas pa\u0101trina p\u016bt\u012b\u0161u dz\u012b\u0161anu un normaliz\u0113 tauku dziedzeru darb\u012bbu.<\/p>\n<ul>\n<li>Galven\u0101s akt\u012bv\u0101s sast\u0101vda\u013cas:<br \/>\nBalt\u0101 v\u012btola mizas ekstrakts uzlabo \u0101das kr\u0101su, mazina kairin\u0101jumu, atjauno, samazina poras, regul\u0113 sebuma veido\u0161anos, efekt\u012bvi noloba, pal\u012bdz \u0101dai atjaunot t\u0101s aizsargfunkcijas.<\/li>\n<li>Vara pept\u012bds rada savilk\u0161anas efektu, stiprina \u0101das imunit\u0101ti, pa\u0101trina dz\u012b\u0161anas un atvese\u013co\u0161an\u0101s procesus, izl\u012bdzina tonusu. Uzlabo starp\u0161\u016bnu vielmai\u0146u, veicina epidermas atjauno\u0161anos.<\/li>\n<li>T\u012b\u0123erlilijas ekstraktam ir nomierino\u0161a un atsvaidzino\u0161a iedarb\u012bba. Toniz\u0113 noguru\u0161u un noguru\u0161u \u0101du. Maigi izgaismo un izl\u012bdzina sejas toni, no\u0146em vecuma plankumus, vasaras raibumus un dzimumz\u012bmes.<\/li>\n<li>Rozmar\u012bna ekstrakts aktiviz\u0113 epidermas \u0161\u016bnu atjauno\u0161anos, toniz\u0113, uzlabo asinsriti, dezinfic\u0113 un \u0101rst\u0113 iekaisumus.<\/li>\n<li>Lakricas ekstraktam piem\u012bt re\u0123ener\u0113jo\u0161a iedarb\u012bba, mazina kairin\u0101juma un piet\u016bkuma paz\u012bmes, nomierina, stimul\u0113 kolag\u0113na sint\u0113zi. pal\u012bdz c\u012b\u0146\u0101 pret p\u0101rm\u0113r\u012bgu pigment\u0101ciju.<\/li>\n<\/ul>\n<p><strong>Piem\u0113rots<\/strong> kombin\u0113tai un taukainai \u0101dai.<\/p>\n<p><strong>Lieto\u0161ana<\/strong>: sajauciet nelielu produkta daudzumu ar \u016bdeni un saputojiet putas. Ar maig\u0101m mas\u0101\u017eas kust\u012bb\u0101m izkl\u0101jiet putas pa \u0101du, iemas\u0113jiet un noskalojiet ar siltu \u016bdeni.<\/p>\n<p><strong>S\u0101stavs<\/strong>:Water, cocamidoopropyl betaine, sodium methyl oleoyl taurate, peg-75, acrylates, copolymer, glycerin, disodium, cocoamphodipropionate, peg-120 methyl glucose dioleate, dimethyl sulfone, pyridoxine hcl, salix alba (willow) bark extract, forsythia suspensa fruit extract, butylene glycol, centella asiatica extract, polygonum cuspidatum root extract, scutellaria baicalensis root extract, camellia sinensis leaf extract, glycyrrhiza uralensis (licorice) root extract, chamomilla recutita (matricaria) flower extract, rosmarinus officinalis (rosemary) leaf extract, sodium chloride, copper tripeptide-1, allantoin, citric acid, potassium hydroxide, sodium benzoate, phenoxyethanol, disodium edta.<\/p>\n","protected":false},"excerpt":{"rendered":"<p>Antibakteri\u0101las putas problem\u0101tiskai \u0101dai Pyunkang Yul Acne Facial Cleanser efekt\u012bvi no\u0146em visu veidu net\u012brumus, putek\u013cus, grimu un hidrof\u012blos atlikumus no epidermas virsmas. Tam ir sp\u0113c\u012bga dezinfic\u0113jo\u0161a un pretiekaisuma iedarb\u012bba, tas pa\u0101trina p\u016bt\u012b\u0161u dz\u012b\u0161anu un normaliz\u0113 tauku dziedzeru darb\u012bbu. Galven\u0101s akt\u012bv\u0101s sast\u0101vda\u013cas: Balt\u0101 v\u012btola mizas ekstrakts uzlabo \u0101das kr\u0101su, mazina kairin\u0101jumu, atjauno, samazina poras, regul\u0113 sebuma [&hellip;]<\/p>\n","protected":false},"featured_media":8639,"comment_status":"open","ping_status":"closed","template":"","meta":{"site-sidebar-layout":"default","site-content-layout":"","ast-site-content-layout":"","site-content-style":"default","site-sidebar-style":"default","ast-global-header-display":"","ast-banner-title-visibility":"","ast-main-header-display":"","ast-hfb-above-header-display":"","ast-hfb-below-header-display":"","ast-hfb-mobile-header-display":"","site-post-title":"","ast-breadcrumbs-content":"","ast-featured-img":"","footer-sml-layout":"","theme-transparent-header-meta":"","adv-header-id-meta":"","stick-header-meta":"","header-above-stick-meta":"","header-main-stick-meta":"","header-below-stick-meta":"","astra-migrate-meta-layouts":"default","ast-page-background-enabled":"default","ast-page-background-meta":{"desktop":{"background-color":"var(--ast-global-color-4)","background-image":"","background-repeat":"repeat","background-position":"center center","background-size":"auto","background-attachment":"scroll","background-type":"","background-media":"","overlay-type":"","overlay-color":"","overlay-opacity":"","overlay-gradient":""},"tablet":{"background-color":"","background-image":"","background-repeat":"repeat","background-position":"center center","background-size":"auto","background-attachment":"scroll","background-type":"","background-media":"","overlay-type":"","overlay-color":"","overlay-opacity":"","overlay-gradient":""},"mobile":{"background-color":"","background-image":"","background-repeat":"repeat","background-position":"center center","background-size":"auto","background-attachment":"scroll","background-type":"","background-media":"","overlay-type":"","overlay-color":"","overlay-opacity":"","overlay-gradient":""}},"ast-content-background-meta":{"desktop":{"background-color":"var(--ast-global-color-5)","background-image":"","background-repeat":"repeat","background-position":"center center","background-size":"auto","background-attachment":"scroll","background-type":"","background-media":"","overlay-type":"","overlay-color":"","overlay-opacity":"","overlay-gradient":""},"tablet":{"background-color":"var(--ast-global-color-5)","background-image":"","background-repeat":"repeat","background-position":"center center","background-size":"auto","background-attachment":"scroll","background-type":"","background-media":"","overlay-type":"","overlay-color":"","overlay-opacity":"","overlay-gradient":""},"mobile":{"background-color":"var(--ast-global-color-5)","background-image":"","background-repeat":"repeat","background-position":"center center","background-size":"auto","background-attachment":"scroll","background-type":"","background-media":"","overlay-type":"","overlay-color":"","overlay-opacity":"","overlay-gradient":""}}},"product_brand":[],"product_cat":[310,312,380,313,381,307,314],"product_tag":[],"berocket_brand":[587],"class_list":{"0":"post-8638","1":"product","2":"type-product","3":"status-publish","4":"has-post-thumbnail","6":"product_cat-attirisana","7":"product_cat-kombinetai-adai-attirisana","8":"product_cat-kombinetai-adai","9":"product_cat-problematiskai-adai-attirisana","10":"product_cat-problematiskai-un-taukainai-adai","11":"product_cat-sejai","12":"product_cat-taukainai-adai-attirisana","13":"berocket_brand-pyunkangyul","14":"desktop-align-left","15":"tablet-align-left","16":"mobile-align-left","18":"first","19":"outofstock","20":"taxable","21":"shipping-taxable","22":"purchasable","23":"product-type-simple","24":"add-to-wishlist-before_image"},"yoast_head":"<!-- This site is optimized with the Yoast SEO plugin v27.3 - https:\/\/yoast.com\/product\/yoast-seo-wordpress\/ -->\n<title>Pyunkang Yul Acne Facial Cleanser 120ml - FACECORNER<\/title>\n<meta name=\"robots\" content=\"index, follow, max-snippet:-1, max-image-preview:large, max-video-preview:-1\" \/>\n<link rel=\"canonical\" href=\"https:\/\/www.facecorner.lv\/lv\/shop\/pyunkang-yul-acne-facial-cleanser-120ml-2\/\" \/>\n<meta property=\"og:locale\" content=\"lv_LV\" \/>\n<meta property=\"og:type\" content=\"article\" \/>\n<meta property=\"og:title\" content=\"Pyunkang Yul Acne Facial Cleanser 120ml - FACECORNER\" \/>\n<meta property=\"og:description\" content=\"Antibakteri\u0101las putas problem\u0101tiskai \u0101dai Pyunkang Yul Acne Facial Cleanser efekt\u012bvi no\u0146em visu veidu net\u012brumus, putek\u013cus, grimu un hidrof\u012blos atlikumus no epidermas virsmas. Tam ir sp\u0113c\u012bga dezinfic\u0113jo\u0161a un pretiekaisuma iedarb\u012bba, tas pa\u0101trina p\u016bt\u012b\u0161u dz\u012b\u0161anu un normaliz\u0113 tauku dziedzeru darb\u012bbu. Galven\u0101s akt\u012bv\u0101s sast\u0101vda\u013cas: Balt\u0101 v\u012btola mizas ekstrakts uzlabo \u0101das kr\u0101su, mazina kairin\u0101jumu, atjauno, samazina poras, regul\u0113 sebuma [&hellip;]\" \/>\n<meta property=\"og:url\" content=\"https:\/\/www.facecorner.lv\/lv\/shop\/pyunkang-yul-acne-facial-cleanser-120ml-2\/\" \/>\n<meta property=\"og:site_name\" content=\"FACECORNER\" \/>\n<meta property=\"article:publisher\" content=\"https:\/\/www.facebook.com\/profile.php?id=100063824551839\" \/>\n<meta property=\"article:modified_time\" content=\"2026-03-10T11:53:42+00:00\" \/>\n<meta property=\"og:image\" content=\"https:\/\/www.facecorner.lv\/wp-content\/uploads\/2023\/03\/pyunkang-yul-acne-facial-cleanser-120ml-28290572943426.png.webp\" \/>\n\t<meta property=\"og:image:width\" content=\"1000\" \/>\n\t<meta property=\"og:image:height\" content=\"1000\" \/>\n\t<meta property=\"og:image:type\" content=\"image\/webp\" \/>\n<meta name=\"twitter:card\" content=\"summary_large_image\" \/>\n<meta name=\"twitter:label1\" content=\"Price\" \/>\n\t<meta name=\"twitter:data1\" content=\"&euro;19.36\" \/>\n\t<meta name=\"twitter:label2\" content=\"Availability\" \/>\n\t<meta name=\"twitter:data2\" content=\"Out of stock\" \/>\n<script type=\"application\/ld+json\" class=\"yoast-schema-graph\">{\"@context\":\"https:\\\/\\\/schema.org\",\"@graph\":[{\"@type\":\"WebPage\",\"@id\":\"https:\\\/\\\/www.facecorner.lv\\\/shop\\\/pyunkang-yul-acne-facial-cleanser-120ml-2\\\/\",\"url\":\"https:\\\/\\\/www.facecorner.lv\\\/shop\\\/pyunkang-yul-acne-facial-cleanser-120ml-2\\\/\",\"name\":\"Pyunkang Yul Acne Facial Cleanser 120ml - FACECORNER\",\"isPartOf\":{\"@id\":\"https:\\\/\\\/www.facecorner.lv\\\/#website\"},\"primaryImageOfPage\":{\"@id\":\"https:\\\/\\\/www.facecorner.lv\\\/shop\\\/pyunkang-yul-acne-facial-cleanser-120ml-2\\\/#primaryimage\"},\"image\":{\"@id\":\"https:\\\/\\\/www.facecorner.lv\\\/shop\\\/pyunkang-yul-acne-facial-cleanser-120ml-2\\\/#primaryimage\"},\"thumbnailUrl\":\"https:\\\/\\\/www.facecorner.lv\\\/wp-content\\\/uploads\\\/2023\\\/03\\\/pyunkang-yul-acne-facial-cleanser-120ml-28290572943426.png.webp\",\"datePublished\":\"2023-03-28T18:52:33+00:00\",\"dateModified\":\"2026-03-10T11:53:42+00:00\",\"breadcrumb\":{\"@id\":\"https:\\\/\\\/www.facecorner.lv\\\/shop\\\/pyunkang-yul-acne-facial-cleanser-120ml-2\\\/#breadcrumb\"},\"inLanguage\":\"lv-LV\",\"potentialAction\":[{\"@type\":\"ReadAction\",\"target\":[\"https:\\\/\\\/www.facecorner.lv\\\/shop\\\/pyunkang-yul-acne-facial-cleanser-120ml-2\\\/\"]}]},{\"@type\":\"ImageObject\",\"inLanguage\":\"lv-LV\",\"@id\":\"https:\\\/\\\/www.facecorner.lv\\\/shop\\\/pyunkang-yul-acne-facial-cleanser-120ml-2\\\/#primaryimage\",\"url\":\"https:\\\/\\\/www.facecorner.lv\\\/wp-content\\\/uploads\\\/2023\\\/03\\\/pyunkang-yul-acne-facial-cleanser-120ml-28290572943426.png.webp\",\"contentUrl\":\"https:\\\/\\\/www.facecorner.lv\\\/wp-content\\\/uploads\\\/2023\\\/03\\\/pyunkang-yul-acne-facial-cleanser-120ml-28290572943426.png.webp\",\"width\":1000,\"height\":1000},{\"@type\":\"BreadcrumbList\",\"@id\":\"https:\\\/\\\/www.facecorner.lv\\\/shop\\\/pyunkang-yul-acne-facial-cleanser-120ml-2\\\/#breadcrumb\",\"itemListElement\":[{\"@type\":\"ListItem\",\"position\":1,\"name\":\"Home\",\"item\":\"https:\\\/\\\/www.facecorner.lv\\\/\"},{\"@type\":\"ListItem\",\"position\":2,\"name\":\"Veikals\",\"item\":\"https:\\\/\\\/www.facecorner.lv\\\/shop\\\/\"},{\"@type\":\"ListItem\",\"position\":3,\"name\":\"Pyunkang Yul Acne Facial Cleanser 120ml\"}]},{\"@type\":\"WebSite\",\"@id\":\"https:\\\/\\\/www.facecorner.lv\\\/#website\",\"url\":\"https:\\\/\\\/www.facecorner.lv\\\/\",\"name\":\"Facecorner\",\"description\":\"\",\"publisher\":{\"@id\":\"https:\\\/\\\/www.facecorner.lv\\\/#organization\"},\"potentialAction\":[{\"@type\":\"SearchAction\",\"target\":{\"@type\":\"EntryPoint\",\"urlTemplate\":\"https:\\\/\\\/www.facecorner.lv\\\/?s={search_term_string}\"},\"query-input\":{\"@type\":\"PropertyValueSpecification\",\"valueRequired\":true,\"valueName\":\"search_term_string\"}}],\"inLanguage\":\"lv-LV\"},{\"@type\":\"Organization\",\"@id\":\"https:\\\/\\\/www.facecorner.lv\\\/#organization\",\"name\":\"Facecorner\",\"url\":\"https:\\\/\\\/www.facecorner.lv\\\/\",\"logo\":{\"@type\":\"ImageObject\",\"inLanguage\":\"lv-LV\",\"@id\":\"https:\\\/\\\/www.facecorner.lv\\\/#\\\/schema\\\/logo\\\/image\\\/\",\"url\":\"https:\\\/\\\/www.facecorner.lv\\\/wp-content\\\/uploads\\\/2024\\\/04\\\/fc-logo.jpg\",\"contentUrl\":\"https:\\\/\\\/www.facecorner.lv\\\/wp-content\\\/uploads\\\/2024\\\/04\\\/fc-logo.jpg\",\"width\":174,\"height\":28,\"caption\":\"Facecorner\"},\"image\":{\"@id\":\"https:\\\/\\\/www.facecorner.lv\\\/#\\\/schema\\\/logo\\\/image\\\/\"},\"sameAs\":[\"https:\\\/\\\/www.facebook.com\\\/profile.php?id=100063824551839\",\"https:\\\/\\\/www.instagram.com\\\/facecorner_shop\\\/\"]}]}<\/script>\n<meta property=\"product:price:amount\" content=\"19.36\" \/>\n<meta property=\"product:price:currency\" content=\"EUR\" \/>\n<meta property=\"og:availability\" content=\"out of stock\" \/>\n<meta property=\"product:availability\" content=\"out of stock\" \/>\n<meta property=\"product:condition\" content=\"new\" \/>\n<!-- \/ Yoast SEO plugin. -->","yoast_head_json":{"title":"Pyunkang Yul Acne Facial Cleanser 120ml - FACECORNER","robots":{"index":"index","follow":"follow","max-snippet":"max-snippet:-1","max-image-preview":"max-image-preview:large","max-video-preview":"max-video-preview:-1"},"canonical":"https:\/\/www.facecorner.lv\/lv\/shop\/pyunkang-yul-acne-facial-cleanser-120ml-2\/","og_locale":"lv_LV","og_type":"article","og_title":"Pyunkang Yul Acne Facial Cleanser 120ml - FACECORNER","og_description":"Antibakteri\u0101las putas problem\u0101tiskai \u0101dai Pyunkang Yul Acne Facial Cleanser efekt\u012bvi no\u0146em visu veidu net\u012brumus, putek\u013cus, grimu un hidrof\u012blos atlikumus no epidermas virsmas. Tam ir sp\u0113c\u012bga dezinfic\u0113jo\u0161a un pretiekaisuma iedarb\u012bba, tas pa\u0101trina p\u016bt\u012b\u0161u dz\u012b\u0161anu un normaliz\u0113 tauku dziedzeru darb\u012bbu. Galven\u0101s akt\u012bv\u0101s sast\u0101vda\u013cas: Balt\u0101 v\u012btola mizas ekstrakts uzlabo \u0101das kr\u0101su, mazina kairin\u0101jumu, atjauno, samazina poras, regul\u0113 sebuma [&hellip;]","og_url":"https:\/\/www.facecorner.lv\/lv\/shop\/pyunkang-yul-acne-facial-cleanser-120ml-2\/","og_site_name":"FACECORNER","article_publisher":"https:\/\/www.facebook.com\/profile.php?id=100063824551839","article_modified_time":"2026-03-10T11:53:42+00:00","og_image":[{"width":1000,"height":1000,"url":"https:\/\/www.facecorner.lv\/wp-content\/uploads\/2023\/03\/pyunkang-yul-acne-facial-cleanser-120ml-28290572943426.png.webp","type":"image\/webp"}],"twitter_card":"summary_large_image","twitter_misc":{"Price":"&euro;19.36","Availability":"Out of stock"},"schema":{"@context":"https:\/\/schema.org","@graph":[{"@type":"WebPage","@id":"https:\/\/www.facecorner.lv\/shop\/pyunkang-yul-acne-facial-cleanser-120ml-2\/","url":"https:\/\/www.facecorner.lv\/shop\/pyunkang-yul-acne-facial-cleanser-120ml-2\/","name":"Pyunkang Yul Acne Facial Cleanser 120ml - FACECORNER","isPartOf":{"@id":"https:\/\/www.facecorner.lv\/#website"},"primaryImageOfPage":{"@id":"https:\/\/www.facecorner.lv\/shop\/pyunkang-yul-acne-facial-cleanser-120ml-2\/#primaryimage"},"image":{"@id":"https:\/\/www.facecorner.lv\/shop\/pyunkang-yul-acne-facial-cleanser-120ml-2\/#primaryimage"},"thumbnailUrl":"https:\/\/www.facecorner.lv\/wp-content\/uploads\/2023\/03\/pyunkang-yul-acne-facial-cleanser-120ml-28290572943426.png.webp","datePublished":"2023-03-28T18:52:33+00:00","dateModified":"2026-03-10T11:53:42+00:00","breadcrumb":{"@id":"https:\/\/www.facecorner.lv\/shop\/pyunkang-yul-acne-facial-cleanser-120ml-2\/#breadcrumb"},"inLanguage":"lv-LV","potentialAction":[{"@type":"ReadAction","target":["https:\/\/www.facecorner.lv\/shop\/pyunkang-yul-acne-facial-cleanser-120ml-2\/"]}]},{"@type":"ImageObject","inLanguage":"lv-LV","@id":"https:\/\/www.facecorner.lv\/shop\/pyunkang-yul-acne-facial-cleanser-120ml-2\/#primaryimage","url":"https:\/\/www.facecorner.lv\/wp-content\/uploads\/2023\/03\/pyunkang-yul-acne-facial-cleanser-120ml-28290572943426.png.webp","contentUrl":"https:\/\/www.facecorner.lv\/wp-content\/uploads\/2023\/03\/pyunkang-yul-acne-facial-cleanser-120ml-28290572943426.png.webp","width":1000,"height":1000},{"@type":"BreadcrumbList","@id":"https:\/\/www.facecorner.lv\/shop\/pyunkang-yul-acne-facial-cleanser-120ml-2\/#breadcrumb","itemListElement":[{"@type":"ListItem","position":1,"name":"Home","item":"https:\/\/www.facecorner.lv\/"},{"@type":"ListItem","position":2,"name":"Veikals","item":"https:\/\/www.facecorner.lv\/shop\/"},{"@type":"ListItem","position":3,"name":"Pyunkang Yul Acne Facial Cleanser 120ml"}]},{"@type":"WebSite","@id":"https:\/\/www.facecorner.lv\/#website","url":"https:\/\/www.facecorner.lv\/","name":"Facecorner","description":"","publisher":{"@id":"https:\/\/www.facecorner.lv\/#organization"},"potentialAction":[{"@type":"SearchAction","target":{"@type":"EntryPoint","urlTemplate":"https:\/\/www.facecorner.lv\/?s={search_term_string}"},"query-input":{"@type":"PropertyValueSpecification","valueRequired":true,"valueName":"search_term_string"}}],"inLanguage":"lv-LV"},{"@type":"Organization","@id":"https:\/\/www.facecorner.lv\/#organization","name":"Facecorner","url":"https:\/\/www.facecorner.lv\/","logo":{"@type":"ImageObject","inLanguage":"lv-LV","@id":"https:\/\/www.facecorner.lv\/#\/schema\/logo\/image\/","url":"https:\/\/www.facecorner.lv\/wp-content\/uploads\/2024\/04\/fc-logo.jpg","contentUrl":"https:\/\/www.facecorner.lv\/wp-content\/uploads\/2024\/04\/fc-logo.jpg","width":174,"height":28,"caption":"Facecorner"},"image":{"@id":"https:\/\/www.facecorner.lv\/#\/schema\/logo\/image\/"},"sameAs":["https:\/\/www.facebook.com\/profile.php?id=100063824551839","https:\/\/www.instagram.com\/facecorner_shop\/"]}]},"product_price_amount":"19.36","product_price_currency":"EUR","og_availability":"out of stock","product_availability":"out of stock","product_condition":"new"},"_links":{"self":[{"href":"https:\/\/www.facecorner.lv\/lv\/wp-json\/wp\/v2\/product\/8638","targetHints":{"allow":["GET"]}}],"collection":[{"href":"https:\/\/www.facecorner.lv\/lv\/wp-json\/wp\/v2\/product"}],"about":[{"href":"https:\/\/www.facecorner.lv\/lv\/wp-json\/wp\/v2\/types\/product"}],"replies":[{"embeddable":true,"href":"https:\/\/www.facecorner.lv\/lv\/wp-json\/wp\/v2\/comments?post=8638"}],"wp:featuredmedia":[{"embeddable":true,"href":"https:\/\/www.facecorner.lv\/lv\/wp-json\/wp\/v2\/media\/8639"}],"wp:attachment":[{"href":"https:\/\/www.facecorner.lv\/lv\/wp-json\/wp\/v2\/media?parent=8638"}],"wp:term":[{"taxonomy":"product_brand","embeddable":true,"href":"https:\/\/www.facecorner.lv\/lv\/wp-json\/wp\/v2\/product_brand?post=8638"},{"taxonomy":"product_cat","embeddable":true,"href":"https:\/\/www.facecorner.lv\/lv\/wp-json\/wp\/v2\/product_cat?post=8638"},{"taxonomy":"product_tag","embeddable":true,"href":"https:\/\/www.facecorner.lv\/lv\/wp-json\/wp\/v2\/product_tag?post=8638"},{"taxonomy":"berocket_brand","embeddable":true,"href":"https:\/\/www.facecorner.lv\/lv\/wp-json\/wp\/v2\/berocket_brand?post=8638"}],"curies":[{"name":"wp","href":"https:\/\/api.w.org\/{rel}","templated":true}]}}