{"id":8620,"date":"2023-03-28T17:23:52","date_gmt":"2023-03-28T15:23:52","guid":{"rendered":"https:\/\/facecorner.shop\/?post_type=product&#038;p=8620"},"modified":"2025-12-11T00:52:24","modified_gmt":"2025-12-10T21:52:24","slug":"pyunkang-yul-moisture-ampoule-100ml","status":"publish","type":"product","link":"https:\/\/www.facecorner.lv\/lv\/shop\/pyunkang-yul-moisture-ampoule-100ml\/","title":{"rendered":"Pyunkang Yul Moisture Ampoule 100ml"},"content":{"rendered":"<p>Mitrino\u0161s serums ar jap\u0101\u0146u Pyunkang Yul Moisture Ampoule ekstraktu maksim\u0101li mitrina \u0101du un pies\u0101tina to ar mitrumu, nov\u0113r\u0161 sausuma un savilk\u0161anas saj\u016btu. Regul\u0113 sebuma sekr\u0113ciju, mazina aps\u0101rtumu un nomierina kairin\u0101tu \u0101du. Pateicoties jap\u0101\u0146u koptu ekstraktam, kas ir t\u0101 sast\u0101vda\u013ca, tam piem\u012bt pretiekaisuma un antibakteri\u0101la iedarb\u012bba.<\/p>\n<p>Serumam ir bieza, nedaudz viskoza tekst\u016bra. Uzs\u016bcas 5-7 sekun\u017eu laik\u0101. Atst\u0101j vis\u0113rt\u0101ko mitrin\u0101tas un samtainas \u0101das apdari. Neatst\u0101j nek\u0101du lip\u012bgu vai taukainu saj\u016btu. Tam ir visvienk\u0101r\u0161\u0101k\u0101, bet taj\u0101 pa\u0161\u0101 laik\u0101 str\u0101d\u0101jo\u0161a formula.<\/p>\n<p>Neizraisa aler\u0123iju un kairin\u0101jumu. Nesatur smar\u017eas, nesatur smar\u017evielas. Satur sast\u0101vda\u013cas, ko sertific\u0113jusi EWG Vides darba grupa.<\/p>\n<p>Galvenais ampulu ieguvums ir jap\u0101\u0146u koptu ekstrakts:<\/p>\n<ul>\n<li>piem\u012bt pretiekaisuma darb\u012bba, tiek akt\u012bvi izmantots dermatolo\u0123isko slim\u012bbu \u0101rst\u0113\u0161an\u0101;<\/li>\n<li>darbojas k\u0101 sp\u0113c\u012bgs antioksidants, tas ir, neitraliz\u0113 nev\u0113lamo oksidat\u012bvo procesu darb\u012bbu epiderm\u0101; nodro\u0161ina profilaktisku pretnoveco\u0161an\u0101s apr\u016bpi;<\/li>\n<li>stimul\u0113 \u0161\u016bnu imunit\u0101ti un nodro\u0161ina \u0101das mitrin\u0101\u0161anu epidermas dzi\u013cajos sl\u0101\u0146os; Padara \u0101du tvirt\u0101ku, tvirt\u0101ku un glud\u0101ku;<\/li>\n<\/ul>\n<p>Piem\u0113rots taukainai, problem\u0101tiskai un dehidr\u0113tai \u0101dai.<\/p>\n<p>Serumu var lietot tr\u012bs veidos:<\/p>\n<ul>\n<li>Norm\u0101lai \u0101dai ampulu lietot p\u0113c \u0101das att\u012br\u012b\u0161anas un toniz\u0113\u0161anas, pirms kr\u0113ma uzkl\u0101\u0161anas.<\/li>\n<li>Kombin\u0113tai un taukainai \u0101dai ampulu var izmantot p\u0113d\u0113j\u0101 mitrin\u0101\u0161anas stadij\u0101 k\u0101 neatkar\u012bgu l\u012bdzekli.<\/li>\n<li>Sausai un dehidr\u0113tai \u0101dai ampulu var lietot virs kr\u0113ma. Ampula &#8220;aizver&#8221; kr\u0113mu un uzlabo \u0101das pies\u0101tin\u0101jumu ar mitrumu.<\/li>\n<\/ul>\n<p><strong>S\u0101stavs<\/strong>: Coptis Japonica Root Extract, Polysorbate 80, PEG-150 Distearate, Polysorbate 20, 1,2-Hexanediol, Glyceryl Caprylate<\/p>\n","protected":false},"excerpt":{"rendered":"<p>Mitrino\u0161s serums ar jap\u0101\u0146u Pyunkang Yul Moisture Ampoule ekstraktu maksim\u0101li mitrina \u0101du un pies\u0101tina to ar mitrumu, nov\u0113r\u0161 sausuma un savilk\u0161anas saj\u016btu. Regul\u0113 sebuma sekr\u0113ciju, mazina aps\u0101rtumu un nomierina kairin\u0101tu \u0101du. Pateicoties jap\u0101\u0146u koptu ekstraktam, kas ir t\u0101 sast\u0101vda\u013ca, tam piem\u012bt pretiekaisuma un antibakteri\u0101la iedarb\u012bba. Serumam ir bieza, nedaudz viskoza tekst\u016bra. Uzs\u016bcas 5-7 sekun\u017eu laik\u0101. [&hellip;]<\/p>\n","protected":false},"featured_media":8621,"comment_status":"open","ping_status":"closed","template":"","meta":{"site-sidebar-layout":"default","site-content-layout":"","ast-site-content-layout":"","site-content-style":"default","site-sidebar-style":"default","ast-global-header-display":"","ast-banner-title-visibility":"","ast-main-header-display":"","ast-hfb-above-header-display":"","ast-hfb-below-header-display":"","ast-hfb-mobile-header-display":"","site-post-title":"","ast-breadcrumbs-content":"","ast-featured-img":"","footer-sml-layout":"","theme-transparent-header-meta":"","adv-header-id-meta":"","stick-header-meta":"","header-above-stick-meta":"","header-main-stick-meta":"","header-below-stick-meta":"","astra-migrate-meta-layouts":"default","ast-page-background-enabled":"default","ast-page-background-meta":{"desktop":{"background-color":"var(--ast-global-color-4)","background-image":"","background-repeat":"repeat","background-position":"center center","background-size":"auto","background-attachment":"scroll","background-type":"","background-media":"","overlay-type":"","overlay-color":"","overlay-opacity":"","overlay-gradient":""},"tablet":{"background-color":"","background-image":"","background-repeat":"repeat","background-position":"center center","background-size":"auto","background-attachment":"scroll","background-type":"","background-media":"","overlay-type":"","overlay-color":"","overlay-opacity":"","overlay-gradient":""},"mobile":{"background-color":"","background-image":"","background-repeat":"repeat","background-position":"center center","background-size":"auto","background-attachment":"scroll","background-type":"","background-media":"","overlay-type":"","overlay-color":"","overlay-opacity":"","overlay-gradient":""}},"ast-content-background-meta":{"desktop":{"background-color":"var(--ast-global-color-5)","background-image":"","background-repeat":"repeat","background-position":"center center","background-size":"auto","background-attachment":"scroll","background-type":"","background-media":"","overlay-type":"","overlay-color":"","overlay-opacity":"","overlay-gradient":""},"tablet":{"background-color":"var(--ast-global-color-5)","background-image":"","background-repeat":"repeat","background-position":"center center","background-size":"auto","background-attachment":"scroll","background-type":"","background-media":"","overlay-type":"","overlay-color":"","overlay-opacity":"","overlay-gradient":""},"mobile":{"background-color":"var(--ast-global-color-5)","background-image":"","background-repeat":"repeat","background-position":"center center","background-size":"auto","background-attachment":"scroll","background-type":"","background-media":"","overlay-type":"","overlay-color":"","overlay-opacity":"","overlay-gradient":""}}},"product_brand":[],"product_cat":[370,371,511,372,380,374,381,379,363],"product_tag":[],"berocket_brand":[587],"class_list":{"0":"post-8620","1":"product","2":"type-product","3":"status-publish","4":"has-post-thumbnail","6":"product_cat-adas-mirdzumam","7":"product_cat-anti-age","8":"product_cat-atlaides","9":"product_cat-jutigai-adai-serumi","10":"product_cat-kombinetai-adai","11":"product_cat-pret-pinnem","12":"product_cat-problematiskai-un-taukainai-adai","13":"product_cat-sausai-adai-anti-age","14":"product_cat-serumi","15":"berocket_brand-pyunkangyul","16":"desktop-align-left","17":"tablet-align-left","18":"mobile-align-left","20":"first","21":"instock","22":"sale","23":"taxable","24":"shipping-taxable","25":"purchasable","26":"product-type-simple","27":"add-to-wishlist-before_image"},"yoast_head":"<!-- This site is optimized with the Yoast SEO plugin v27.3 - https:\/\/yoast.com\/product\/yoast-seo-wordpress\/ -->\n<title>Pyunkang Yul Moisture Ampoule 100ml - FACECORNER<\/title>\n<meta name=\"robots\" content=\"index, follow, max-snippet:-1, max-image-preview:large, max-video-preview:-1\" \/>\n<link rel=\"canonical\" href=\"https:\/\/www.facecorner.lv\/lv\/shop\/pyunkang-yul-moisture-ampoule-100ml\/\" \/>\n<meta property=\"og:locale\" content=\"lv_LV\" \/>\n<meta property=\"og:type\" content=\"article\" \/>\n<meta property=\"og:title\" content=\"Pyunkang Yul Moisture Ampoule 100ml - FACECORNER\" \/>\n<meta property=\"og:description\" content=\"Mitrino\u0161s serums ar jap\u0101\u0146u Pyunkang Yul Moisture Ampoule ekstraktu maksim\u0101li mitrina \u0101du un pies\u0101tina to ar mitrumu, nov\u0113r\u0161 sausuma un savilk\u0161anas saj\u016btu. Regul\u0113 sebuma sekr\u0113ciju, mazina aps\u0101rtumu un nomierina kairin\u0101tu \u0101du. Pateicoties jap\u0101\u0146u koptu ekstraktam, kas ir t\u0101 sast\u0101vda\u013ca, tam piem\u012bt pretiekaisuma un antibakteri\u0101la iedarb\u012bba. Serumam ir bieza, nedaudz viskoza tekst\u016bra. Uzs\u016bcas 5-7 sekun\u017eu laik\u0101. [&hellip;]\" \/>\n<meta property=\"og:url\" content=\"https:\/\/www.facecorner.lv\/lv\/shop\/pyunkang-yul-moisture-ampoule-100ml\/\" \/>\n<meta property=\"og:site_name\" content=\"FACECORNER\" \/>\n<meta property=\"article:publisher\" content=\"https:\/\/www.facebook.com\/profile.php?id=100063824551839\" \/>\n<meta property=\"article:modified_time\" content=\"2025-12-10T21:52:24+00:00\" \/>\n<meta property=\"og:image\" content=\"https:\/\/www.facecorner.lv\/wp-content\/uploads\/2023\/03\/pyunkang_yul_moisture_ampoule_.jpg.webp\" \/>\n\t<meta property=\"og:image:width\" content=\"1000\" \/>\n\t<meta property=\"og:image:height\" content=\"1000\" \/>\n\t<meta property=\"og:image:type\" content=\"image\/webp\" \/>\n<meta name=\"twitter:card\" content=\"summary_large_image\" \/>\n<meta name=\"twitter:label1\" content=\"Price\" \/>\n\t<meta name=\"twitter:data1\" content=\"&euro;25.50\" \/>\n\t<meta name=\"twitter:label2\" content=\"Availability\" \/>\n\t<meta name=\"twitter:data2\" content=\"In stock\" \/>\n<script type=\"application\/ld+json\" class=\"yoast-schema-graph\">{\"@context\":\"https:\\\/\\\/schema.org\",\"@graph\":[{\"@type\":\"WebPage\",\"@id\":\"https:\\\/\\\/www.facecorner.lv\\\/shop\\\/pyunkang-yul-moisture-ampoule-100ml\\\/\",\"url\":\"https:\\\/\\\/www.facecorner.lv\\\/shop\\\/pyunkang-yul-moisture-ampoule-100ml\\\/\",\"name\":\"Pyunkang Yul Moisture Ampoule 100ml - FACECORNER\",\"isPartOf\":{\"@id\":\"https:\\\/\\\/www.facecorner.lv\\\/#website\"},\"primaryImageOfPage\":{\"@id\":\"https:\\\/\\\/www.facecorner.lv\\\/shop\\\/pyunkang-yul-moisture-ampoule-100ml\\\/#primaryimage\"},\"image\":{\"@id\":\"https:\\\/\\\/www.facecorner.lv\\\/shop\\\/pyunkang-yul-moisture-ampoule-100ml\\\/#primaryimage\"},\"thumbnailUrl\":\"https:\\\/\\\/www.facecorner.lv\\\/wp-content\\\/uploads\\\/2023\\\/03\\\/pyunkang_yul_moisture_ampoule_.jpg.webp\",\"datePublished\":\"2023-03-28T15:23:52+00:00\",\"dateModified\":\"2025-12-10T21:52:24+00:00\",\"breadcrumb\":{\"@id\":\"https:\\\/\\\/www.facecorner.lv\\\/shop\\\/pyunkang-yul-moisture-ampoule-100ml\\\/#breadcrumb\"},\"inLanguage\":\"lv-LV\",\"potentialAction\":[{\"@type\":\"ReadAction\",\"target\":[\"https:\\\/\\\/www.facecorner.lv\\\/shop\\\/pyunkang-yul-moisture-ampoule-100ml\\\/\"]}]},{\"@type\":\"ImageObject\",\"inLanguage\":\"lv-LV\",\"@id\":\"https:\\\/\\\/www.facecorner.lv\\\/shop\\\/pyunkang-yul-moisture-ampoule-100ml\\\/#primaryimage\",\"url\":\"https:\\\/\\\/www.facecorner.lv\\\/wp-content\\\/uploads\\\/2023\\\/03\\\/pyunkang_yul_moisture_ampoule_.jpg.webp\",\"contentUrl\":\"https:\\\/\\\/www.facecorner.lv\\\/wp-content\\\/uploads\\\/2023\\\/03\\\/pyunkang_yul_moisture_ampoule_.jpg.webp\",\"width\":1000,\"height\":1000},{\"@type\":\"BreadcrumbList\",\"@id\":\"https:\\\/\\\/www.facecorner.lv\\\/shop\\\/pyunkang-yul-moisture-ampoule-100ml\\\/#breadcrumb\",\"itemListElement\":[{\"@type\":\"ListItem\",\"position\":1,\"name\":\"Home\",\"item\":\"https:\\\/\\\/www.facecorner.lv\\\/\"},{\"@type\":\"ListItem\",\"position\":2,\"name\":\"Veikals\",\"item\":\"https:\\\/\\\/www.facecorner.lv\\\/shop\\\/\"},{\"@type\":\"ListItem\",\"position\":3,\"name\":\"Pyunkang Yul Moisture Ampoule 100ml\"}]},{\"@type\":\"WebSite\",\"@id\":\"https:\\\/\\\/www.facecorner.lv\\\/#website\",\"url\":\"https:\\\/\\\/www.facecorner.lv\\\/\",\"name\":\"Facecorner\",\"description\":\"\",\"publisher\":{\"@id\":\"https:\\\/\\\/www.facecorner.lv\\\/#organization\"},\"potentialAction\":[{\"@type\":\"SearchAction\",\"target\":{\"@type\":\"EntryPoint\",\"urlTemplate\":\"https:\\\/\\\/www.facecorner.lv\\\/?s={search_term_string}\"},\"query-input\":{\"@type\":\"PropertyValueSpecification\",\"valueRequired\":true,\"valueName\":\"search_term_string\"}}],\"inLanguage\":\"lv-LV\"},{\"@type\":\"Organization\",\"@id\":\"https:\\\/\\\/www.facecorner.lv\\\/#organization\",\"name\":\"Facecorner\",\"url\":\"https:\\\/\\\/www.facecorner.lv\\\/\",\"logo\":{\"@type\":\"ImageObject\",\"inLanguage\":\"lv-LV\",\"@id\":\"https:\\\/\\\/www.facecorner.lv\\\/#\\\/schema\\\/logo\\\/image\\\/\",\"url\":\"https:\\\/\\\/www.facecorner.lv\\\/wp-content\\\/uploads\\\/2024\\\/04\\\/fc-logo.jpg\",\"contentUrl\":\"https:\\\/\\\/www.facecorner.lv\\\/wp-content\\\/uploads\\\/2024\\\/04\\\/fc-logo.jpg\",\"width\":174,\"height\":28,\"caption\":\"Facecorner\"},\"image\":{\"@id\":\"https:\\\/\\\/www.facecorner.lv\\\/#\\\/schema\\\/logo\\\/image\\\/\"},\"sameAs\":[\"https:\\\/\\\/www.facebook.com\\\/profile.php?id=100063824551839\",\"https:\\\/\\\/www.instagram.com\\\/facecorner_shop\\\/\"]}]}<\/script>\n<meta property=\"product:price:amount\" content=\"25.50\" \/>\n<meta property=\"product:price:currency\" content=\"EUR\" \/>\n<meta property=\"og:availability\" content=\"instock\" \/>\n<meta property=\"product:availability\" content=\"instock\" \/>\n<meta property=\"product:condition\" content=\"new\" \/>\n<!-- \/ Yoast SEO plugin. -->","yoast_head_json":{"title":"Pyunkang Yul Moisture Ampoule 100ml - FACECORNER","robots":{"index":"index","follow":"follow","max-snippet":"max-snippet:-1","max-image-preview":"max-image-preview:large","max-video-preview":"max-video-preview:-1"},"canonical":"https:\/\/www.facecorner.lv\/lv\/shop\/pyunkang-yul-moisture-ampoule-100ml\/","og_locale":"lv_LV","og_type":"article","og_title":"Pyunkang Yul Moisture Ampoule 100ml - FACECORNER","og_description":"Mitrino\u0161s serums ar jap\u0101\u0146u Pyunkang Yul Moisture Ampoule ekstraktu maksim\u0101li mitrina \u0101du un pies\u0101tina to ar mitrumu, nov\u0113r\u0161 sausuma un savilk\u0161anas saj\u016btu. Regul\u0113 sebuma sekr\u0113ciju, mazina aps\u0101rtumu un nomierina kairin\u0101tu \u0101du. Pateicoties jap\u0101\u0146u koptu ekstraktam, kas ir t\u0101 sast\u0101vda\u013ca, tam piem\u012bt pretiekaisuma un antibakteri\u0101la iedarb\u012bba. Serumam ir bieza, nedaudz viskoza tekst\u016bra. Uzs\u016bcas 5-7 sekun\u017eu laik\u0101. [&hellip;]","og_url":"https:\/\/www.facecorner.lv\/lv\/shop\/pyunkang-yul-moisture-ampoule-100ml\/","og_site_name":"FACECORNER","article_publisher":"https:\/\/www.facebook.com\/profile.php?id=100063824551839","article_modified_time":"2025-12-10T21:52:24+00:00","og_image":[{"width":1000,"height":1000,"url":"https:\/\/www.facecorner.lv\/wp-content\/uploads\/2023\/03\/pyunkang_yul_moisture_ampoule_.jpg.webp","type":"image\/webp"}],"twitter_card":"summary_large_image","twitter_misc":{"Price":"&euro;25.50","Availability":"In stock"},"schema":{"@context":"https:\/\/schema.org","@graph":[{"@type":"WebPage","@id":"https:\/\/www.facecorner.lv\/shop\/pyunkang-yul-moisture-ampoule-100ml\/","url":"https:\/\/www.facecorner.lv\/shop\/pyunkang-yul-moisture-ampoule-100ml\/","name":"Pyunkang Yul Moisture Ampoule 100ml - FACECORNER","isPartOf":{"@id":"https:\/\/www.facecorner.lv\/#website"},"primaryImageOfPage":{"@id":"https:\/\/www.facecorner.lv\/shop\/pyunkang-yul-moisture-ampoule-100ml\/#primaryimage"},"image":{"@id":"https:\/\/www.facecorner.lv\/shop\/pyunkang-yul-moisture-ampoule-100ml\/#primaryimage"},"thumbnailUrl":"https:\/\/www.facecorner.lv\/wp-content\/uploads\/2023\/03\/pyunkang_yul_moisture_ampoule_.jpg.webp","datePublished":"2023-03-28T15:23:52+00:00","dateModified":"2025-12-10T21:52:24+00:00","breadcrumb":{"@id":"https:\/\/www.facecorner.lv\/shop\/pyunkang-yul-moisture-ampoule-100ml\/#breadcrumb"},"inLanguage":"lv-LV","potentialAction":[{"@type":"ReadAction","target":["https:\/\/www.facecorner.lv\/shop\/pyunkang-yul-moisture-ampoule-100ml\/"]}]},{"@type":"ImageObject","inLanguage":"lv-LV","@id":"https:\/\/www.facecorner.lv\/shop\/pyunkang-yul-moisture-ampoule-100ml\/#primaryimage","url":"https:\/\/www.facecorner.lv\/wp-content\/uploads\/2023\/03\/pyunkang_yul_moisture_ampoule_.jpg.webp","contentUrl":"https:\/\/www.facecorner.lv\/wp-content\/uploads\/2023\/03\/pyunkang_yul_moisture_ampoule_.jpg.webp","width":1000,"height":1000},{"@type":"BreadcrumbList","@id":"https:\/\/www.facecorner.lv\/shop\/pyunkang-yul-moisture-ampoule-100ml\/#breadcrumb","itemListElement":[{"@type":"ListItem","position":1,"name":"Home","item":"https:\/\/www.facecorner.lv\/"},{"@type":"ListItem","position":2,"name":"Veikals","item":"https:\/\/www.facecorner.lv\/shop\/"},{"@type":"ListItem","position":3,"name":"Pyunkang Yul Moisture Ampoule 100ml"}]},{"@type":"WebSite","@id":"https:\/\/www.facecorner.lv\/#website","url":"https:\/\/www.facecorner.lv\/","name":"Facecorner","description":"","publisher":{"@id":"https:\/\/www.facecorner.lv\/#organization"},"potentialAction":[{"@type":"SearchAction","target":{"@type":"EntryPoint","urlTemplate":"https:\/\/www.facecorner.lv\/?s={search_term_string}"},"query-input":{"@type":"PropertyValueSpecification","valueRequired":true,"valueName":"search_term_string"}}],"inLanguage":"lv-LV"},{"@type":"Organization","@id":"https:\/\/www.facecorner.lv\/#organization","name":"Facecorner","url":"https:\/\/www.facecorner.lv\/","logo":{"@type":"ImageObject","inLanguage":"lv-LV","@id":"https:\/\/www.facecorner.lv\/#\/schema\/logo\/image\/","url":"https:\/\/www.facecorner.lv\/wp-content\/uploads\/2024\/04\/fc-logo.jpg","contentUrl":"https:\/\/www.facecorner.lv\/wp-content\/uploads\/2024\/04\/fc-logo.jpg","width":174,"height":28,"caption":"Facecorner"},"image":{"@id":"https:\/\/www.facecorner.lv\/#\/schema\/logo\/image\/"},"sameAs":["https:\/\/www.facebook.com\/profile.php?id=100063824551839","https:\/\/www.instagram.com\/facecorner_shop\/"]}]},"product_price_amount":"25.50","product_price_currency":"EUR","og_availability":"instock","product_availability":"instock","product_condition":"new"},"_links":{"self":[{"href":"https:\/\/www.facecorner.lv\/lv\/wp-json\/wp\/v2\/product\/8620","targetHints":{"allow":["GET"]}}],"collection":[{"href":"https:\/\/www.facecorner.lv\/lv\/wp-json\/wp\/v2\/product"}],"about":[{"href":"https:\/\/www.facecorner.lv\/lv\/wp-json\/wp\/v2\/types\/product"}],"replies":[{"embeddable":true,"href":"https:\/\/www.facecorner.lv\/lv\/wp-json\/wp\/v2\/comments?post=8620"}],"wp:featuredmedia":[{"embeddable":true,"href":"https:\/\/www.facecorner.lv\/lv\/wp-json\/wp\/v2\/media\/8621"}],"wp:attachment":[{"href":"https:\/\/www.facecorner.lv\/lv\/wp-json\/wp\/v2\/media?parent=8620"}],"wp:term":[{"taxonomy":"product_brand","embeddable":true,"href":"https:\/\/www.facecorner.lv\/lv\/wp-json\/wp\/v2\/product_brand?post=8620"},{"taxonomy":"product_cat","embeddable":true,"href":"https:\/\/www.facecorner.lv\/lv\/wp-json\/wp\/v2\/product_cat?post=8620"},{"taxonomy":"product_tag","embeddable":true,"href":"https:\/\/www.facecorner.lv\/lv\/wp-json\/wp\/v2\/product_tag?post=8620"},{"taxonomy":"berocket_brand","embeddable":true,"href":"https:\/\/www.facecorner.lv\/lv\/wp-json\/wp\/v2\/berocket_brand?post=8620"}],"curies":[{"name":"wp","href":"https:\/\/api.w.org\/{rel}","templated":true}]}}