{"id":8612,"date":"2023-03-28T17:17:54","date_gmt":"2023-03-28T15:17:54","guid":{"rendered":"https:\/\/facecorner.shop\/?post_type=product&#038;p=8612"},"modified":"2025-11-26T14:04:55","modified_gmt":"2025-11-26T11:04:55","slug":"pyunkang-yul-deep-clear-cleansing-balm-100ml-2","status":"publish","type":"product","link":"https:\/\/www.facecorner.lv\/lv\/shop\/pyunkang-yul-deep-clear-cleansing-balm-100ml-2\/","title":{"rendered":"Pyunkang Yul Deep Clear Cleansing Balm 100ml"},"content":{"rendered":"<p>Pyunkang Yul Deep Clear t\u012br\u012b\u0161anas balzams maigi no\u0146em pat notur\u012bgu grimu, att\u012bra poras no net\u012brumiem un liek\u0101 sebuma, nesausina un nesavelk.<\/p>\n<p>Formula, kas pies\u0101tin\u0101ta ar augu e\u013c\u013c\u0101m un ekstraktiem, mitrina un baro, tai piem\u012bt antioksidanta iedarb\u012bba un uzlabo \u0101das tekst\u016bru.<\/p>\n<p>Dermatolo\u0123iski p\u0101rbaud\u012bts: produkts neizraisa kairin\u0101jumu.K\u016bsto\u0161ais balzams viegli sajaucas ar \u016bdeni un p\u0101rv\u0113r\u0161as maig\u0101 pieni\u0146\u0101, kas p\u0113c mazg\u0101\u0161anas atst\u0101j atsvaidzino\u0161u t\u012br\u012bbas un mitrin\u0101\u0161anas saj\u016btu, nov\u0113r\u0161 mitruma zudumu.<\/p>\n<ul>\n<li>Galven\u0101s akt\u012bv\u0101s sast\u0101vda\u013cas:<br \/>\nR\u012bsu kliju e\u013c\u013ca atjauno \u0101das mitrumu p\u0113c mazg\u0101\u0161anas, neitraliz\u0113 br\u012bvos radik\u0101\u013cus, pies\u0101tina ar vitam\u012bniem un antioksidantiem, nedaudz izgaismo un izl\u012bdzina toni.<\/li>\n<li>Keram\u012bdi stiprina hidrolip\u012bdu barjeru, kas nov\u0113r\u0161 mitruma iztvaiko\u0161anu, aizsarg\u0101 pret kait\u012bgo vielu iek\u013c\u016b\u0161anu un paaugstina mitruma l\u012bmeni.<\/li>\n<li>Za\u013c\u0101s t\u0113jas s\u0113klu e\u013c\u013ca ir dabisks antioksidants, satur vitam\u012bnus, polifenolus un mikroelementus, normaliz\u0113 hidrolip\u012bdu l\u012bdzsvaru, samazina p\u0101rm\u0113r\u012bgu sebuma veido\u0161anos un mazina piet\u016bkumu.<\/li>\n<li>Hialuronsk\u0101be dzi\u013ci mitrina, uzlabo elast\u012bbu un tvirtumu, stiprina aizsargbarjeru, nov\u0113r\u0161 sausumu un lob\u012b\u0161anos.<\/li>\n<li>Pantenols (B5 vitam\u012bns) dzied\u0113, nomierina, mazina aps\u0101rtumu un niezi.<\/li>\n<\/ul>\n<p><span style=\"color: var(--g5-color-text-main); font-family: var(--g5-body-font); font-size: var(--g5-body-font-size); font-style: var(--g5-body-font-style); letter-spacing: var(--g5-body-letter-spacing); text-transform: var(--g5-body-text-transform);\">Piem\u0113rots visiem \u0101das tipiem.<\/span><\/p>\n<p><strong>Lieto\u0161ana:<\/strong> Uzkl\u0101jiet balzamu uz sausas sejas, ar mas\u0101\u017eas kust\u012bb\u0101m, no\u0146emot kosm\u0113tiku, izkl\u0101jiet pa \u0101du un noskalojiet ar siltu \u016bdeni.<\/p>\n<p><strong>S\u0101stavs:<\/strong> Cetyl Ethylhexanoate,\u00a0Caprylic\/Capric Triglyceride, PEG-20 Glyceryl Tnisostearate,\u00a0Synthetic Wax, PEG-10 Isostearate,\u00a0Sorbitan Sesquioleate,\u00a0Helianthus Annuus Seed Oil,\u00a0Macadamia Ternifolia Seed Oil, Camellia Sinensis Seed Oil,\u00a0Water,\u00a0Oryza Sativa Bran Oil,\u00a0Centella Asiatica Extract,\u00a0Glycyrrhiza Glabra Root Extract, Solanum Melongena Fruit Extract, Melaleuca Alternifolia Extract,\u00a0Houttuynia Cordata Extract,\u00a0Panthenol,\u00a0Glycerin,\u00a0Ceramide NP,\u00a0Hydrogenated Lecithin, 1, 2 Hexanediol,\u00a0Glyceryl Stearate,\u00a0Dipropylene Glycol,\u00a0Butylene Glycol,\u00a0Sodium Hyaluronate,\u00a0Pantolactone,\u00a0Hydrolyzed Hyaluronic Acid,\u00a0Hydrolyzed Sodium Hyaluronate,\u00a0Hyaluronic Acid, Hydroxypropyltrimonium Hyaluronate, Potassium Hyaluronate,\u00a0Pentylene Glycol, Sodium Hyaluronate Crosspolymer,\u00a0Sodium Acetylated Hyaluronate,\u00a0Phenoxyethanol,\u00a0Fragrance<\/p>\n","protected":false},"excerpt":{"rendered":"<p>Pyunkang Yul Deep Clear t\u012br\u012b\u0161anas balzams maigi no\u0146em pat notur\u012bgu grimu, att\u012bra poras no net\u012brumiem un liek\u0101 sebuma, nesausina un nesavelk. Formula, kas pies\u0101tin\u0101ta ar augu e\u013c\u013c\u0101m un ekstraktiem, mitrina un baro, tai piem\u012bt antioksidanta iedarb\u012bba un uzlabo \u0101das tekst\u016bru. Dermatolo\u0123iski p\u0101rbaud\u012bts: produkts neizraisa kairin\u0101jumu.K\u016bsto\u0161ais balzams viegli sajaucas ar \u016bdeni un p\u0101rv\u0113r\u0161as maig\u0101 pieni\u0146\u0101, kas [&hellip;]<\/p>\n","protected":false},"featured_media":8618,"comment_status":"open","ping_status":"closed","template":"","meta":{"site-sidebar-layout":"default","site-content-layout":"","ast-site-content-layout":"","site-content-style":"default","site-sidebar-style":"default","ast-global-header-display":"","ast-banner-title-visibility":"","ast-main-header-display":"","ast-hfb-above-header-display":"","ast-hfb-below-header-display":"","ast-hfb-mobile-header-display":"","site-post-title":"","ast-breadcrumbs-content":"","ast-featured-img":"","footer-sml-layout":"","theme-transparent-header-meta":"","adv-header-id-meta":"","stick-header-meta":"","header-above-stick-meta":"","header-main-stick-meta":"","header-below-stick-meta":"","astra-migrate-meta-layouts":"default","ast-page-background-enabled":"default","ast-page-background-meta":{"desktop":{"background-color":"var(--ast-global-color-4)","background-image":"","background-repeat":"repeat","background-position":"center center","background-size":"auto","background-attachment":"scroll","background-type":"","background-media":"","overlay-type":"","overlay-color":"","overlay-opacity":"","overlay-gradient":""},"tablet":{"background-color":"","background-image":"","background-repeat":"repeat","background-position":"center center","background-size":"auto","background-attachment":"scroll","background-type":"","background-media":"","overlay-type":"","overlay-color":"","overlay-opacity":"","overlay-gradient":""},"mobile":{"background-color":"","background-image":"","background-repeat":"repeat","background-position":"center center","background-size":"auto","background-attachment":"scroll","background-type":"","background-media":"","overlay-type":"","overlay-color":"","overlay-opacity":"","overlay-gradient":""}},"ast-content-background-meta":{"desktop":{"background-color":"var(--ast-global-color-5)","background-image":"","background-repeat":"repeat","background-position":"center center","background-size":"auto","background-attachment":"scroll","background-type":"","background-media":"","overlay-type":"","overlay-color":"","overlay-opacity":"","overlay-gradient":""},"tablet":{"background-color":"var(--ast-global-color-5)","background-image":"","background-repeat":"repeat","background-position":"center center","background-size":"auto","background-attachment":"scroll","background-type":"","background-media":"","overlay-type":"","overlay-color":"","overlay-opacity":"","overlay-gradient":""},"mobile":{"background-color":"var(--ast-global-color-5)","background-image":"","background-repeat":"repeat","background-position":"center center","background-size":"auto","background-attachment":"scroll","background-type":"","background-media":"","overlay-type":"","overlay-color":"","overlay-opacity":"","overlay-gradient":""}}},"product_brand":[],"product_cat":[321,380,381,379,307],"product_tag":[],"berocket_brand":[587],"class_list":{"0":"post-8612","1":"product","2":"type-product","3":"status-publish","4":"has-post-thumbnail","6":"product_cat-hidrofila-ella","7":"product_cat-kombinetai-adai","8":"product_cat-problematiskai-un-taukainai-adai","9":"product_cat-sausai-adai-anti-age","10":"product_cat-sejai","11":"berocket_brand-pyunkangyul","12":"desktop-align-left","13":"tablet-align-left","14":"mobile-align-left","16":"first","17":"instock","18":"taxable","19":"shipping-taxable","20":"purchasable","21":"product-type-simple","22":"add-to-wishlist-before_image"},"yoast_head":"<!-- This site is optimized with the Yoast SEO plugin v27.3 - https:\/\/yoast.com\/product\/yoast-seo-wordpress\/ -->\n<title>Pyunkang Yul Deep Clear Cleansing Balm 100ml - FACECORNER<\/title>\n<meta name=\"robots\" content=\"index, follow, max-snippet:-1, max-image-preview:large, max-video-preview:-1\" \/>\n<link rel=\"canonical\" href=\"https:\/\/www.facecorner.lv\/lv\/shop\/pyunkang-yul-deep-clear-cleansing-balm-100ml-2\/\" \/>\n<meta property=\"og:locale\" content=\"lv_LV\" \/>\n<meta property=\"og:type\" content=\"article\" \/>\n<meta property=\"og:title\" content=\"Pyunkang Yul Deep Clear Cleansing Balm 100ml - FACECORNER\" \/>\n<meta property=\"og:description\" content=\"Pyunkang Yul Deep Clear t\u012br\u012b\u0161anas balzams maigi no\u0146em pat notur\u012bgu grimu, att\u012bra poras no net\u012brumiem un liek\u0101 sebuma, nesausina un nesavelk. Formula, kas pies\u0101tin\u0101ta ar augu e\u013c\u013c\u0101m un ekstraktiem, mitrina un baro, tai piem\u012bt antioksidanta iedarb\u012bba un uzlabo \u0101das tekst\u016bru. Dermatolo\u0123iski p\u0101rbaud\u012bts: produkts neizraisa kairin\u0101jumu.K\u016bsto\u0161ais balzams viegli sajaucas ar \u016bdeni un p\u0101rv\u0113r\u0161as maig\u0101 pieni\u0146\u0101, kas [&hellip;]\" \/>\n<meta property=\"og:url\" content=\"https:\/\/www.facecorner.lv\/lv\/shop\/pyunkang-yul-deep-clear-cleansing-balm-100ml-2\/\" \/>\n<meta property=\"og:site_name\" content=\"FACECORNER\" \/>\n<meta property=\"article:publisher\" content=\"https:\/\/www.facebook.com\/profile.php?id=100063824551839\" \/>\n<meta property=\"article:modified_time\" content=\"2025-11-26T11:04:55+00:00\" \/>\n<meta property=\"og:image\" content=\"https:\/\/www.facecorner.lv\/wp-content\/uploads\/2023\/03\/Pyunkang-Yul-Deep-Clear-Cleasing-Balm_.jpg\" \/>\n\t<meta property=\"og:image:width\" content=\"1000\" \/>\n\t<meta property=\"og:image:height\" content=\"1000\" \/>\n\t<meta property=\"og:image:type\" content=\"image\/jpeg\" \/>\n<meta name=\"twitter:card\" content=\"summary_large_image\" \/>\n<meta name=\"twitter:label1\" content=\"Price\" \/>\n\t<meta name=\"twitter:data1\" content=\"&euro;25.41\" \/>\n\t<meta name=\"twitter:label2\" content=\"Availability\" \/>\n\t<meta name=\"twitter:data2\" content=\"In stock\" \/>\n<script type=\"application\/ld+json\" class=\"yoast-schema-graph\">{\"@context\":\"https:\\\/\\\/schema.org\",\"@graph\":[{\"@type\":\"WebPage\",\"@id\":\"https:\\\/\\\/www.facecorner.lv\\\/shop\\\/pyunkang-yul-deep-clear-cleansing-balm-100ml-2\\\/\",\"url\":\"https:\\\/\\\/www.facecorner.lv\\\/shop\\\/pyunkang-yul-deep-clear-cleansing-balm-100ml-2\\\/\",\"name\":\"Pyunkang Yul Deep Clear Cleansing Balm 100ml - FACECORNER\",\"isPartOf\":{\"@id\":\"https:\\\/\\\/www.facecorner.lv\\\/#website\"},\"primaryImageOfPage\":{\"@id\":\"https:\\\/\\\/www.facecorner.lv\\\/shop\\\/pyunkang-yul-deep-clear-cleansing-balm-100ml-2\\\/#primaryimage\"},\"image\":{\"@id\":\"https:\\\/\\\/www.facecorner.lv\\\/shop\\\/pyunkang-yul-deep-clear-cleansing-balm-100ml-2\\\/#primaryimage\"},\"thumbnailUrl\":\"https:\\\/\\\/www.facecorner.lv\\\/wp-content\\\/uploads\\\/2023\\\/03\\\/Pyunkang-Yul-Deep-Clear-Cleasing-Balm_.jpg\",\"datePublished\":\"2023-03-28T15:17:54+00:00\",\"dateModified\":\"2025-11-26T11:04:55+00:00\",\"breadcrumb\":{\"@id\":\"https:\\\/\\\/www.facecorner.lv\\\/shop\\\/pyunkang-yul-deep-clear-cleansing-balm-100ml-2\\\/#breadcrumb\"},\"inLanguage\":\"lv-LV\",\"potentialAction\":[{\"@type\":\"ReadAction\",\"target\":[\"https:\\\/\\\/www.facecorner.lv\\\/shop\\\/pyunkang-yul-deep-clear-cleansing-balm-100ml-2\\\/\"]}]},{\"@type\":\"ImageObject\",\"inLanguage\":\"lv-LV\",\"@id\":\"https:\\\/\\\/www.facecorner.lv\\\/shop\\\/pyunkang-yul-deep-clear-cleansing-balm-100ml-2\\\/#primaryimage\",\"url\":\"https:\\\/\\\/www.facecorner.lv\\\/wp-content\\\/uploads\\\/2023\\\/03\\\/Pyunkang-Yul-Deep-Clear-Cleasing-Balm_.jpg\",\"contentUrl\":\"https:\\\/\\\/www.facecorner.lv\\\/wp-content\\\/uploads\\\/2023\\\/03\\\/Pyunkang-Yul-Deep-Clear-Cleasing-Balm_.jpg\",\"width\":1000,\"height\":1000},{\"@type\":\"BreadcrumbList\",\"@id\":\"https:\\\/\\\/www.facecorner.lv\\\/shop\\\/pyunkang-yul-deep-clear-cleansing-balm-100ml-2\\\/#breadcrumb\",\"itemListElement\":[{\"@type\":\"ListItem\",\"position\":1,\"name\":\"Home\",\"item\":\"https:\\\/\\\/www.facecorner.lv\\\/\"},{\"@type\":\"ListItem\",\"position\":2,\"name\":\"Veikals\",\"item\":\"https:\\\/\\\/www.facecorner.lv\\\/shop\\\/\"},{\"@type\":\"ListItem\",\"position\":3,\"name\":\"Pyunkang Yul Deep Clear Cleansing Balm 100ml\"}]},{\"@type\":\"WebSite\",\"@id\":\"https:\\\/\\\/www.facecorner.lv\\\/#website\",\"url\":\"https:\\\/\\\/www.facecorner.lv\\\/\",\"name\":\"Facecorner\",\"description\":\"\",\"publisher\":{\"@id\":\"https:\\\/\\\/www.facecorner.lv\\\/#organization\"},\"potentialAction\":[{\"@type\":\"SearchAction\",\"target\":{\"@type\":\"EntryPoint\",\"urlTemplate\":\"https:\\\/\\\/www.facecorner.lv\\\/?s={search_term_string}\"},\"query-input\":{\"@type\":\"PropertyValueSpecification\",\"valueRequired\":true,\"valueName\":\"search_term_string\"}}],\"inLanguage\":\"lv-LV\"},{\"@type\":\"Organization\",\"@id\":\"https:\\\/\\\/www.facecorner.lv\\\/#organization\",\"name\":\"Facecorner\",\"url\":\"https:\\\/\\\/www.facecorner.lv\\\/\",\"logo\":{\"@type\":\"ImageObject\",\"inLanguage\":\"lv-LV\",\"@id\":\"https:\\\/\\\/www.facecorner.lv\\\/#\\\/schema\\\/logo\\\/image\\\/\",\"url\":\"https:\\\/\\\/www.facecorner.lv\\\/wp-content\\\/uploads\\\/2024\\\/04\\\/fc-logo.jpg\",\"contentUrl\":\"https:\\\/\\\/www.facecorner.lv\\\/wp-content\\\/uploads\\\/2024\\\/04\\\/fc-logo.jpg\",\"width\":174,\"height\":28,\"caption\":\"Facecorner\"},\"image\":{\"@id\":\"https:\\\/\\\/www.facecorner.lv\\\/#\\\/schema\\\/logo\\\/image\\\/\"},\"sameAs\":[\"https:\\\/\\\/www.facebook.com\\\/profile.php?id=100063824551839\",\"https:\\\/\\\/www.instagram.com\\\/facecorner_shop\\\/\"]}]}<\/script>\n<meta property=\"product:price:amount\" content=\"25.41\" \/>\n<meta property=\"product:price:currency\" content=\"EUR\" \/>\n<meta property=\"og:availability\" content=\"instock\" \/>\n<meta property=\"product:availability\" content=\"instock\" \/>\n<meta property=\"product:condition\" content=\"new\" \/>\n<!-- \/ Yoast SEO plugin. -->","yoast_head_json":{"title":"Pyunkang Yul Deep Clear Cleansing Balm 100ml - FACECORNER","robots":{"index":"index","follow":"follow","max-snippet":"max-snippet:-1","max-image-preview":"max-image-preview:large","max-video-preview":"max-video-preview:-1"},"canonical":"https:\/\/www.facecorner.lv\/lv\/shop\/pyunkang-yul-deep-clear-cleansing-balm-100ml-2\/","og_locale":"lv_LV","og_type":"article","og_title":"Pyunkang Yul Deep Clear Cleansing Balm 100ml - FACECORNER","og_description":"Pyunkang Yul Deep Clear t\u012br\u012b\u0161anas balzams maigi no\u0146em pat notur\u012bgu grimu, att\u012bra poras no net\u012brumiem un liek\u0101 sebuma, nesausina un nesavelk. Formula, kas pies\u0101tin\u0101ta ar augu e\u013c\u013c\u0101m un ekstraktiem, mitrina un baro, tai piem\u012bt antioksidanta iedarb\u012bba un uzlabo \u0101das tekst\u016bru. Dermatolo\u0123iski p\u0101rbaud\u012bts: produkts neizraisa kairin\u0101jumu.K\u016bsto\u0161ais balzams viegli sajaucas ar \u016bdeni un p\u0101rv\u0113r\u0161as maig\u0101 pieni\u0146\u0101, kas [&hellip;]","og_url":"https:\/\/www.facecorner.lv\/lv\/shop\/pyunkang-yul-deep-clear-cleansing-balm-100ml-2\/","og_site_name":"FACECORNER","article_publisher":"https:\/\/www.facebook.com\/profile.php?id=100063824551839","article_modified_time":"2025-11-26T11:04:55+00:00","og_image":[{"width":1000,"height":1000,"url":"https:\/\/www.facecorner.lv\/wp-content\/uploads\/2023\/03\/Pyunkang-Yul-Deep-Clear-Cleasing-Balm_.jpg","type":"image\/jpeg"}],"twitter_card":"summary_large_image","twitter_misc":{"Price":"&euro;25.41","Availability":"In stock"},"schema":{"@context":"https:\/\/schema.org","@graph":[{"@type":"WebPage","@id":"https:\/\/www.facecorner.lv\/shop\/pyunkang-yul-deep-clear-cleansing-balm-100ml-2\/","url":"https:\/\/www.facecorner.lv\/shop\/pyunkang-yul-deep-clear-cleansing-balm-100ml-2\/","name":"Pyunkang Yul Deep Clear Cleansing Balm 100ml - FACECORNER","isPartOf":{"@id":"https:\/\/www.facecorner.lv\/#website"},"primaryImageOfPage":{"@id":"https:\/\/www.facecorner.lv\/shop\/pyunkang-yul-deep-clear-cleansing-balm-100ml-2\/#primaryimage"},"image":{"@id":"https:\/\/www.facecorner.lv\/shop\/pyunkang-yul-deep-clear-cleansing-balm-100ml-2\/#primaryimage"},"thumbnailUrl":"https:\/\/www.facecorner.lv\/wp-content\/uploads\/2023\/03\/Pyunkang-Yul-Deep-Clear-Cleasing-Balm_.jpg","datePublished":"2023-03-28T15:17:54+00:00","dateModified":"2025-11-26T11:04:55+00:00","breadcrumb":{"@id":"https:\/\/www.facecorner.lv\/shop\/pyunkang-yul-deep-clear-cleansing-balm-100ml-2\/#breadcrumb"},"inLanguage":"lv-LV","potentialAction":[{"@type":"ReadAction","target":["https:\/\/www.facecorner.lv\/shop\/pyunkang-yul-deep-clear-cleansing-balm-100ml-2\/"]}]},{"@type":"ImageObject","inLanguage":"lv-LV","@id":"https:\/\/www.facecorner.lv\/shop\/pyunkang-yul-deep-clear-cleansing-balm-100ml-2\/#primaryimage","url":"https:\/\/www.facecorner.lv\/wp-content\/uploads\/2023\/03\/Pyunkang-Yul-Deep-Clear-Cleasing-Balm_.jpg","contentUrl":"https:\/\/www.facecorner.lv\/wp-content\/uploads\/2023\/03\/Pyunkang-Yul-Deep-Clear-Cleasing-Balm_.jpg","width":1000,"height":1000},{"@type":"BreadcrumbList","@id":"https:\/\/www.facecorner.lv\/shop\/pyunkang-yul-deep-clear-cleansing-balm-100ml-2\/#breadcrumb","itemListElement":[{"@type":"ListItem","position":1,"name":"Home","item":"https:\/\/www.facecorner.lv\/"},{"@type":"ListItem","position":2,"name":"Veikals","item":"https:\/\/www.facecorner.lv\/shop\/"},{"@type":"ListItem","position":3,"name":"Pyunkang Yul Deep Clear Cleansing Balm 100ml"}]},{"@type":"WebSite","@id":"https:\/\/www.facecorner.lv\/#website","url":"https:\/\/www.facecorner.lv\/","name":"Facecorner","description":"","publisher":{"@id":"https:\/\/www.facecorner.lv\/#organization"},"potentialAction":[{"@type":"SearchAction","target":{"@type":"EntryPoint","urlTemplate":"https:\/\/www.facecorner.lv\/?s={search_term_string}"},"query-input":{"@type":"PropertyValueSpecification","valueRequired":true,"valueName":"search_term_string"}}],"inLanguage":"lv-LV"},{"@type":"Organization","@id":"https:\/\/www.facecorner.lv\/#organization","name":"Facecorner","url":"https:\/\/www.facecorner.lv\/","logo":{"@type":"ImageObject","inLanguage":"lv-LV","@id":"https:\/\/www.facecorner.lv\/#\/schema\/logo\/image\/","url":"https:\/\/www.facecorner.lv\/wp-content\/uploads\/2024\/04\/fc-logo.jpg","contentUrl":"https:\/\/www.facecorner.lv\/wp-content\/uploads\/2024\/04\/fc-logo.jpg","width":174,"height":28,"caption":"Facecorner"},"image":{"@id":"https:\/\/www.facecorner.lv\/#\/schema\/logo\/image\/"},"sameAs":["https:\/\/www.facebook.com\/profile.php?id=100063824551839","https:\/\/www.instagram.com\/facecorner_shop\/"]}]},"product_price_amount":"25.41","product_price_currency":"EUR","og_availability":"instock","product_availability":"instock","product_condition":"new"},"_links":{"self":[{"href":"https:\/\/www.facecorner.lv\/lv\/wp-json\/wp\/v2\/product\/8612","targetHints":{"allow":["GET"]}}],"collection":[{"href":"https:\/\/www.facecorner.lv\/lv\/wp-json\/wp\/v2\/product"}],"about":[{"href":"https:\/\/www.facecorner.lv\/lv\/wp-json\/wp\/v2\/types\/product"}],"replies":[{"embeddable":true,"href":"https:\/\/www.facecorner.lv\/lv\/wp-json\/wp\/v2\/comments?post=8612"}],"wp:featuredmedia":[{"embeddable":true,"href":"https:\/\/www.facecorner.lv\/lv\/wp-json\/wp\/v2\/media\/8618"}],"wp:attachment":[{"href":"https:\/\/www.facecorner.lv\/lv\/wp-json\/wp\/v2\/media?parent=8612"}],"wp:term":[{"taxonomy":"product_brand","embeddable":true,"href":"https:\/\/www.facecorner.lv\/lv\/wp-json\/wp\/v2\/product_brand?post=8612"},{"taxonomy":"product_cat","embeddable":true,"href":"https:\/\/www.facecorner.lv\/lv\/wp-json\/wp\/v2\/product_cat?post=8612"},{"taxonomy":"product_tag","embeddable":true,"href":"https:\/\/www.facecorner.lv\/lv\/wp-json\/wp\/v2\/product_tag?post=8612"},{"taxonomy":"berocket_brand","embeddable":true,"href":"https:\/\/www.facecorner.lv\/lv\/wp-json\/wp\/v2\/berocket_brand?post=8612"}],"curies":[{"name":"wp","href":"https:\/\/api.w.org\/{rel}","templated":true}]}}