{"id":5920,"date":"2023-02-07T13:43:02","date_gmt":"2023-02-07T11:43:02","guid":{"rendered":"http:\/\/dev.ligums.lv\/facecorner\/?post_type=product&#038;p=5920"},"modified":"2023-12-18T19:52:19","modified_gmt":"2023-12-18T17:52:19","slug":"medi-peel-hyaluron-cica-peptide-9-ampoule-eye-patch","status":"publish","type":"product","link":"https:\/\/www.facecorner.lv\/lv\/shop\/medi-peel-hyaluron-cica-peptide-9-ampoule-eye-patch\/","title":{"rendered":"MEDI-PEEL HYALURON CICA PEPTIDE 9 AMPOULE EYE PATCH"},"content":{"rendered":"<p>Nomierino\u0161ie hidrog\u0113la pl\u0101ksteri ar pept\u012bdiem p\u0113c iesp\u0113jas \u012bs\u0101k\u0101 laik\u0101\u00a0<strong>mazina niezi un iekaisumus, akt\u012bvi mitrina, nov\u0113r\u0161 sausumu un pal\u012bdz c\u012b\u0146\u0101 pret lob\u012b\u0161anos.<\/strong><\/p>\n<p>Nomierino\u0161ie hidrog\u0113la pl\u0101ksteri ar pept\u012bdiem Medi-Peel Hyaluron Cica Peptide 9 Ampoule Eye Patch p\u0113c iesp\u0113jas \u012bs\u0101k\u0101 laik\u0101 mazina niezi un iekaisumus, akt\u012bvi mitrina, nov\u0113r\u0161 sausumu un pal\u012bdz c\u012b\u0146\u0101 pret lob\u012b\u0161anos. Pept\u012bdu kompleksam piem\u012bt atjaunojo\u0161a iedarb\u012bba, tas pal\u012bdz izl\u012bdzin\u0101t grumbas un saglab\u0101t jaunekl\u012bgu \u0101du. Pl\u0101ksteri ir daudzfunkcion\u0101li, piem\u0113roti lieto\u0161anai ap ac\u012bm, zon\u0101 starp uzac\u012bm un nasolabi\u0101laj\u0101m krok\u0101m.<\/p>\n<p>Sast\u0101vs: 60 gab (30 p\u0101ri).<\/p>\n<p><strong>Sast\u0101vs:\u00a0<\/strong>Distilled water, glycerin, carrageenan, butylene glycol, centella extract (100ppm), lavender flower extract, bergamot leaf extract. Petermin Water, Freesia Extract, Matricaria Flower Extract, Rosemary Leaf Extract. Aloe Vera Leaf Extract, Malto text Lin, Asian De Asiatico Side Matecic Acid, Hydrolyzed De Klagen, Sodium Hyaluronate (110 ppm), Ethylene Hydrated Hydrolyzed Hyaluronic Acid ( Ippm), Sodium Acetylated Hyaluronate 1ppm), Hydroxypromultramonium Hyaluronate (10gprm), Potassium Hyaluronate (000ppm), Sodium Hyaluronate Cross-Polymer 01ppm), Hami Aluronic Acid (0.25ppm), Glyceral Polymethacrylate, Propylene Glycol, Palmitoyl Oligo Peptide (0.001ppmi Palmitoyl Tripeptide -1001pprr), Palmitoyl Tetrafemide -70,006ppm), Palmitoyl Tripeptide 50.1ppml, asetrexa peptide -8001pgpm), copper tripeptide-1 (0,01ppm), oligopeptide-23 (0.0006 ppm), oligo peptide -20005 gp m), palmitoyl penta peptide -400001pprm), propane diol, menthylene glycol, coconut palm fruit extract, Savior pine extract, carob gum, sucrose, potassium chloride, guar gum, cellulose gum, Allantoin, Betaine, Dipotassium Glycerate, Cal-Turate, Calcium Chloride, Castor Seed Oil, Shea Burr, Piza-60 Hydrogenated Castor Oil, Solbitancaprylate, Caprylac \/ Capric Triglyceride , Chromium Oxide Green, Synthetic Fluoride Logo Fights, Titanium Dioxide, Al Haan, Di-Doublet, Ethylene Diol, 12-Nucleic Acid Diol, Clofenesin, Flavor<\/p>\n","protected":false},"excerpt":{"rendered":"<p>Nomierino\u0161ie hidrog\u0113la pl\u0101ksteri ar pept\u012bdiem p\u0113c iesp\u0113jas \u012bs\u0101k\u0101 laik\u0101\u00a0mazina niezi un iekaisumus, akt\u012bvi mitrina, nov\u0113r\u0161 sausumu un pal\u012bdz c\u012b\u0146\u0101 pret lob\u012b\u0161anos. Nomierino\u0161ie hidrog\u0113la pl\u0101ksteri ar pept\u012bdiem Medi-Peel Hyaluron Cica Peptide 9 Ampoule Eye Patch p\u0113c iesp\u0113jas \u012bs\u0101k\u0101 laik\u0101 mazina niezi un iekaisumus, akt\u012bvi mitrina, nov\u0113r\u0161 sausumu un pal\u012bdz c\u012b\u0146\u0101 pret lob\u012b\u0161anos. Pept\u012bdu kompleksam piem\u012bt atjaunojo\u0161a [&hellip;]<\/p>\n","protected":false},"featured_media":8732,"comment_status":"open","ping_status":"closed","template":"","meta":{"site-sidebar-layout":"default","site-content-layout":"","ast-site-content-layout":"","site-content-style":"default","site-sidebar-style":"default","ast-global-header-display":"","ast-banner-title-visibility":"","ast-main-header-display":"","ast-hfb-above-header-display":"","ast-hfb-below-header-display":"","ast-hfb-mobile-header-display":"","site-post-title":"","ast-breadcrumbs-content":"","ast-featured-img":"","footer-sml-layout":"","theme-transparent-header-meta":"","adv-header-id-meta":"","stick-header-meta":"","header-above-stick-meta":"","header-main-stick-meta":"","header-below-stick-meta":"","astra-migrate-meta-layouts":"default","ast-page-background-enabled":"default","ast-page-background-meta":{"desktop":{"background-color":"var(--ast-global-color-4)","background-image":"","background-repeat":"repeat","background-position":"center center","background-size":"auto","background-attachment":"scroll","background-type":"","background-media":"","overlay-type":"","overlay-color":"","overlay-opacity":"","overlay-gradient":""},"tablet":{"background-color":"","background-image":"","background-repeat":"repeat","background-position":"center center","background-size":"auto","background-attachment":"scroll","background-type":"","background-media":"","overlay-type":"","overlay-color":"","overlay-opacity":"","overlay-gradient":""},"mobile":{"background-color":"","background-image":"","background-repeat":"repeat","background-position":"center center","background-size":"auto","background-attachment":"scroll","background-type":"","background-media":"","overlay-type":"","overlay-color":"","overlay-opacity":"","overlay-gradient":""}},"ast-content-background-meta":{"desktop":{"background-color":"var(--ast-global-color-5)","background-image":"","background-repeat":"repeat","background-position":"center center","background-size":"auto","background-attachment":"scroll","background-type":"","background-media":"","overlay-type":"","overlay-color":"","overlay-opacity":"","overlay-gradient":""},"tablet":{"background-color":"var(--ast-global-color-5)","background-image":"","background-repeat":"repeat","background-position":"center center","background-size":"auto","background-attachment":"scroll","background-type":"","background-media":"","overlay-type":"","overlay-color":"","overlay-opacity":"","overlay-gradient":""},"mobile":{"background-color":"var(--ast-global-color-5)","background-image":"","background-repeat":"repeat","background-position":"center center","background-size":"auto","background-attachment":"scroll","background-type":"","background-media":"","overlay-type":"","overlay-color":"","overlay-opacity":"","overlay-gradient":""}}},"product_brand":[],"product_cat":[327,307],"product_tag":[],"berocket_brand":[],"class_list":{"0":"post-5920","1":"product","2":"type-product","3":"status-publish","4":"has-post-thumbnail","6":"product_cat-patci","7":"product_cat-sejai","8":"desktop-align-left","9":"tablet-align-left","10":"mobile-align-left","12":"first","13":"outofstock","14":"taxable","15":"shipping-taxable","16":"purchasable","17":"product-type-simple","18":"add-to-wishlist-before_image"},"yoast_head":"<!-- This site is optimized with the Yoast SEO plugin v27.3 - https:\/\/yoast.com\/product\/yoast-seo-wordpress\/ -->\n<title>MEDI-PEEL HYALURON CICA PEPTIDE 9 AMPOULE EYE PATCH - FACECORNER<\/title>\n<meta name=\"robots\" content=\"index, follow, max-snippet:-1, max-image-preview:large, max-video-preview:-1\" \/>\n<link rel=\"canonical\" href=\"https:\/\/www.facecorner.lv\/lv\/shop\/medi-peel-hyaluron-cica-peptide-9-ampoule-eye-patch\/\" \/>\n<meta property=\"og:locale\" content=\"lv_LV\" \/>\n<meta property=\"og:type\" content=\"article\" \/>\n<meta property=\"og:title\" content=\"MEDI-PEEL HYALURON CICA PEPTIDE 9 AMPOULE EYE PATCH - FACECORNER\" \/>\n<meta property=\"og:description\" content=\"Nomierino\u0161ie hidrog\u0113la pl\u0101ksteri ar pept\u012bdiem p\u0113c iesp\u0113jas \u012bs\u0101k\u0101 laik\u0101\u00a0mazina niezi un iekaisumus, akt\u012bvi mitrina, nov\u0113r\u0161 sausumu un pal\u012bdz c\u012b\u0146\u0101 pret lob\u012b\u0161anos. Nomierino\u0161ie hidrog\u0113la pl\u0101ksteri ar pept\u012bdiem Medi-Peel Hyaluron Cica Peptide 9 Ampoule Eye Patch p\u0113c iesp\u0113jas \u012bs\u0101k\u0101 laik\u0101 mazina niezi un iekaisumus, akt\u012bvi mitrina, nov\u0113r\u0161 sausumu un pal\u012bdz c\u012b\u0146\u0101 pret lob\u012b\u0161anos. Pept\u012bdu kompleksam piem\u012bt atjaunojo\u0161a [&hellip;]\" \/>\n<meta property=\"og:url\" content=\"https:\/\/www.facecorner.lv\/lv\/shop\/medi-peel-hyaluron-cica-peptide-9-ampoule-eye-patch\/\" \/>\n<meta property=\"og:site_name\" content=\"FACECORNER\" \/>\n<meta property=\"article:publisher\" content=\"https:\/\/www.facebook.com\/profile.php?id=100063824551839\" \/>\n<meta property=\"article:modified_time\" content=\"2023-12-18T17:52:19+00:00\" \/>\n<meta property=\"og:image\" content=\"https:\/\/www.facecorner.lv\/wp-content\/uploads\/2023\/02\/image-1.jpg\" \/>\n\t<meta property=\"og:image:width\" content=\"1000\" \/>\n\t<meta property=\"og:image:height\" content=\"1000\" \/>\n\t<meta property=\"og:image:type\" content=\"image\/jpeg\" \/>\n<meta name=\"twitter:card\" content=\"summary_large_image\" \/>\n<meta name=\"twitter:label1\" content=\"Price\" \/>\n\t<meta name=\"twitter:data1\" content=\"&euro;21.00\" \/>\n\t<meta name=\"twitter:label2\" content=\"Availability\" \/>\n\t<meta name=\"twitter:data2\" content=\"Out of stock\" \/>\n<script type=\"application\/ld+json\" class=\"yoast-schema-graph\">{\"@context\":\"https:\\\/\\\/schema.org\",\"@graph\":[{\"@type\":\"WebPage\",\"@id\":\"https:\\\/\\\/www.facecorner.lv\\\/shop\\\/medi-peel-hyaluron-cica-peptide-9-ampoule-eye-patch\\\/\",\"url\":\"https:\\\/\\\/www.facecorner.lv\\\/shop\\\/medi-peel-hyaluron-cica-peptide-9-ampoule-eye-patch\\\/\",\"name\":\"MEDI-PEEL HYALURON CICA PEPTIDE 9 AMPOULE EYE PATCH - FACECORNER\",\"isPartOf\":{\"@id\":\"https:\\\/\\\/www.facecorner.lv\\\/#website\"},\"primaryImageOfPage\":{\"@id\":\"https:\\\/\\\/www.facecorner.lv\\\/shop\\\/medi-peel-hyaluron-cica-peptide-9-ampoule-eye-patch\\\/#primaryimage\"},\"image\":{\"@id\":\"https:\\\/\\\/www.facecorner.lv\\\/shop\\\/medi-peel-hyaluron-cica-peptide-9-ampoule-eye-patch\\\/#primaryimage\"},\"thumbnailUrl\":\"https:\\\/\\\/www.facecorner.lv\\\/wp-content\\\/uploads\\\/2023\\\/02\\\/image-1.jpg\",\"datePublished\":\"2023-02-07T11:43:02+00:00\",\"dateModified\":\"2023-12-18T17:52:19+00:00\",\"breadcrumb\":{\"@id\":\"https:\\\/\\\/www.facecorner.lv\\\/shop\\\/medi-peel-hyaluron-cica-peptide-9-ampoule-eye-patch\\\/#breadcrumb\"},\"inLanguage\":\"lv-LV\",\"potentialAction\":[{\"@type\":\"ReadAction\",\"target\":[\"https:\\\/\\\/www.facecorner.lv\\\/shop\\\/medi-peel-hyaluron-cica-peptide-9-ampoule-eye-patch\\\/\"]}]},{\"@type\":\"ImageObject\",\"inLanguage\":\"lv-LV\",\"@id\":\"https:\\\/\\\/www.facecorner.lv\\\/shop\\\/medi-peel-hyaluron-cica-peptide-9-ampoule-eye-patch\\\/#primaryimage\",\"url\":\"https:\\\/\\\/www.facecorner.lv\\\/wp-content\\\/uploads\\\/2023\\\/02\\\/image-1.jpg\",\"contentUrl\":\"https:\\\/\\\/www.facecorner.lv\\\/wp-content\\\/uploads\\\/2023\\\/02\\\/image-1.jpg\",\"width\":1000,\"height\":1000},{\"@type\":\"BreadcrumbList\",\"@id\":\"https:\\\/\\\/www.facecorner.lv\\\/shop\\\/medi-peel-hyaluron-cica-peptide-9-ampoule-eye-patch\\\/#breadcrumb\",\"itemListElement\":[{\"@type\":\"ListItem\",\"position\":1,\"name\":\"Home\",\"item\":\"https:\\\/\\\/www.facecorner.lv\\\/\"},{\"@type\":\"ListItem\",\"position\":2,\"name\":\"Veikals\",\"item\":\"https:\\\/\\\/www.facecorner.lv\\\/shop\\\/\"},{\"@type\":\"ListItem\",\"position\":3,\"name\":\"MEDI-PEEL HYALURON CICA PEPTIDE 9 AMPOULE EYE PATCH\"}]},{\"@type\":\"WebSite\",\"@id\":\"https:\\\/\\\/www.facecorner.lv\\\/#website\",\"url\":\"https:\\\/\\\/www.facecorner.lv\\\/\",\"name\":\"Facecorner\",\"description\":\"\",\"publisher\":{\"@id\":\"https:\\\/\\\/www.facecorner.lv\\\/#organization\"},\"potentialAction\":[{\"@type\":\"SearchAction\",\"target\":{\"@type\":\"EntryPoint\",\"urlTemplate\":\"https:\\\/\\\/www.facecorner.lv\\\/?s={search_term_string}\"},\"query-input\":{\"@type\":\"PropertyValueSpecification\",\"valueRequired\":true,\"valueName\":\"search_term_string\"}}],\"inLanguage\":\"lv-LV\"},{\"@type\":\"Organization\",\"@id\":\"https:\\\/\\\/www.facecorner.lv\\\/#organization\",\"name\":\"Facecorner\",\"url\":\"https:\\\/\\\/www.facecorner.lv\\\/\",\"logo\":{\"@type\":\"ImageObject\",\"inLanguage\":\"lv-LV\",\"@id\":\"https:\\\/\\\/www.facecorner.lv\\\/#\\\/schema\\\/logo\\\/image\\\/\",\"url\":\"https:\\\/\\\/www.facecorner.lv\\\/wp-content\\\/uploads\\\/2024\\\/04\\\/fc-logo.jpg\",\"contentUrl\":\"https:\\\/\\\/www.facecorner.lv\\\/wp-content\\\/uploads\\\/2024\\\/04\\\/fc-logo.jpg\",\"width\":174,\"height\":28,\"caption\":\"Facecorner\"},\"image\":{\"@id\":\"https:\\\/\\\/www.facecorner.lv\\\/#\\\/schema\\\/logo\\\/image\\\/\"},\"sameAs\":[\"https:\\\/\\\/www.facebook.com\\\/profile.php?id=100063824551839\",\"https:\\\/\\\/www.instagram.com\\\/facecorner_shop\\\/\"]}]}<\/script>\n<meta property=\"product:price:amount\" content=\"21.00\" \/>\n<meta property=\"product:price:currency\" content=\"EUR\" \/>\n<meta property=\"og:availability\" content=\"out of stock\" \/>\n<meta property=\"product:availability\" content=\"out of stock\" \/>\n<meta property=\"product:condition\" content=\"new\" \/>\n<!-- \/ Yoast SEO plugin. -->","yoast_head_json":{"title":"MEDI-PEEL HYALURON CICA PEPTIDE 9 AMPOULE EYE PATCH - FACECORNER","robots":{"index":"index","follow":"follow","max-snippet":"max-snippet:-1","max-image-preview":"max-image-preview:large","max-video-preview":"max-video-preview:-1"},"canonical":"https:\/\/www.facecorner.lv\/lv\/shop\/medi-peel-hyaluron-cica-peptide-9-ampoule-eye-patch\/","og_locale":"lv_LV","og_type":"article","og_title":"MEDI-PEEL HYALURON CICA PEPTIDE 9 AMPOULE EYE PATCH - FACECORNER","og_description":"Nomierino\u0161ie hidrog\u0113la pl\u0101ksteri ar pept\u012bdiem p\u0113c iesp\u0113jas \u012bs\u0101k\u0101 laik\u0101\u00a0mazina niezi un iekaisumus, akt\u012bvi mitrina, nov\u0113r\u0161 sausumu un pal\u012bdz c\u012b\u0146\u0101 pret lob\u012b\u0161anos. Nomierino\u0161ie hidrog\u0113la pl\u0101ksteri ar pept\u012bdiem Medi-Peel Hyaluron Cica Peptide 9 Ampoule Eye Patch p\u0113c iesp\u0113jas \u012bs\u0101k\u0101 laik\u0101 mazina niezi un iekaisumus, akt\u012bvi mitrina, nov\u0113r\u0161 sausumu un pal\u012bdz c\u012b\u0146\u0101 pret lob\u012b\u0161anos. Pept\u012bdu kompleksam piem\u012bt atjaunojo\u0161a [&hellip;]","og_url":"https:\/\/www.facecorner.lv\/lv\/shop\/medi-peel-hyaluron-cica-peptide-9-ampoule-eye-patch\/","og_site_name":"FACECORNER","article_publisher":"https:\/\/www.facebook.com\/profile.php?id=100063824551839","article_modified_time":"2023-12-18T17:52:19+00:00","og_image":[{"width":1000,"height":1000,"url":"https:\/\/www.facecorner.lv\/wp-content\/uploads\/2023\/02\/image-1.jpg","type":"image\/jpeg"}],"twitter_card":"summary_large_image","twitter_misc":{"Price":"&euro;21.00","Availability":"Out of stock"},"schema":{"@context":"https:\/\/schema.org","@graph":[{"@type":"WebPage","@id":"https:\/\/www.facecorner.lv\/shop\/medi-peel-hyaluron-cica-peptide-9-ampoule-eye-patch\/","url":"https:\/\/www.facecorner.lv\/shop\/medi-peel-hyaluron-cica-peptide-9-ampoule-eye-patch\/","name":"MEDI-PEEL HYALURON CICA PEPTIDE 9 AMPOULE EYE PATCH - FACECORNER","isPartOf":{"@id":"https:\/\/www.facecorner.lv\/#website"},"primaryImageOfPage":{"@id":"https:\/\/www.facecorner.lv\/shop\/medi-peel-hyaluron-cica-peptide-9-ampoule-eye-patch\/#primaryimage"},"image":{"@id":"https:\/\/www.facecorner.lv\/shop\/medi-peel-hyaluron-cica-peptide-9-ampoule-eye-patch\/#primaryimage"},"thumbnailUrl":"https:\/\/www.facecorner.lv\/wp-content\/uploads\/2023\/02\/image-1.jpg","datePublished":"2023-02-07T11:43:02+00:00","dateModified":"2023-12-18T17:52:19+00:00","breadcrumb":{"@id":"https:\/\/www.facecorner.lv\/shop\/medi-peel-hyaluron-cica-peptide-9-ampoule-eye-patch\/#breadcrumb"},"inLanguage":"lv-LV","potentialAction":[{"@type":"ReadAction","target":["https:\/\/www.facecorner.lv\/shop\/medi-peel-hyaluron-cica-peptide-9-ampoule-eye-patch\/"]}]},{"@type":"ImageObject","inLanguage":"lv-LV","@id":"https:\/\/www.facecorner.lv\/shop\/medi-peel-hyaluron-cica-peptide-9-ampoule-eye-patch\/#primaryimage","url":"https:\/\/www.facecorner.lv\/wp-content\/uploads\/2023\/02\/image-1.jpg","contentUrl":"https:\/\/www.facecorner.lv\/wp-content\/uploads\/2023\/02\/image-1.jpg","width":1000,"height":1000},{"@type":"BreadcrumbList","@id":"https:\/\/www.facecorner.lv\/shop\/medi-peel-hyaluron-cica-peptide-9-ampoule-eye-patch\/#breadcrumb","itemListElement":[{"@type":"ListItem","position":1,"name":"Home","item":"https:\/\/www.facecorner.lv\/"},{"@type":"ListItem","position":2,"name":"Veikals","item":"https:\/\/www.facecorner.lv\/shop\/"},{"@type":"ListItem","position":3,"name":"MEDI-PEEL HYALURON CICA PEPTIDE 9 AMPOULE EYE PATCH"}]},{"@type":"WebSite","@id":"https:\/\/www.facecorner.lv\/#website","url":"https:\/\/www.facecorner.lv\/","name":"Facecorner","description":"","publisher":{"@id":"https:\/\/www.facecorner.lv\/#organization"},"potentialAction":[{"@type":"SearchAction","target":{"@type":"EntryPoint","urlTemplate":"https:\/\/www.facecorner.lv\/?s={search_term_string}"},"query-input":{"@type":"PropertyValueSpecification","valueRequired":true,"valueName":"search_term_string"}}],"inLanguage":"lv-LV"},{"@type":"Organization","@id":"https:\/\/www.facecorner.lv\/#organization","name":"Facecorner","url":"https:\/\/www.facecorner.lv\/","logo":{"@type":"ImageObject","inLanguage":"lv-LV","@id":"https:\/\/www.facecorner.lv\/#\/schema\/logo\/image\/","url":"https:\/\/www.facecorner.lv\/wp-content\/uploads\/2024\/04\/fc-logo.jpg","contentUrl":"https:\/\/www.facecorner.lv\/wp-content\/uploads\/2024\/04\/fc-logo.jpg","width":174,"height":28,"caption":"Facecorner"},"image":{"@id":"https:\/\/www.facecorner.lv\/#\/schema\/logo\/image\/"},"sameAs":["https:\/\/www.facebook.com\/profile.php?id=100063824551839","https:\/\/www.instagram.com\/facecorner_shop\/"]}]},"product_price_amount":"21.00","product_price_currency":"EUR","og_availability":"out of stock","product_availability":"out of stock","product_condition":"new"},"_links":{"self":[{"href":"https:\/\/www.facecorner.lv\/lv\/wp-json\/wp\/v2\/product\/5920","targetHints":{"allow":["GET"]}}],"collection":[{"href":"https:\/\/www.facecorner.lv\/lv\/wp-json\/wp\/v2\/product"}],"about":[{"href":"https:\/\/www.facecorner.lv\/lv\/wp-json\/wp\/v2\/types\/product"}],"replies":[{"embeddable":true,"href":"https:\/\/www.facecorner.lv\/lv\/wp-json\/wp\/v2\/comments?post=5920"}],"wp:featuredmedia":[{"embeddable":true,"href":"https:\/\/www.facecorner.lv\/lv\/wp-json\/wp\/v2\/media\/8732"}],"wp:attachment":[{"href":"https:\/\/www.facecorner.lv\/lv\/wp-json\/wp\/v2\/media?parent=5920"}],"wp:term":[{"taxonomy":"product_brand","embeddable":true,"href":"https:\/\/www.facecorner.lv\/lv\/wp-json\/wp\/v2\/product_brand?post=5920"},{"taxonomy":"product_cat","embeddable":true,"href":"https:\/\/www.facecorner.lv\/lv\/wp-json\/wp\/v2\/product_cat?post=5920"},{"taxonomy":"product_tag","embeddable":true,"href":"https:\/\/www.facecorner.lv\/lv\/wp-json\/wp\/v2\/product_tag?post=5920"},{"taxonomy":"berocket_brand","embeddable":true,"href":"https:\/\/www.facecorner.lv\/lv\/wp-json\/wp\/v2\/berocket_brand?post=5920"}],"curies":[{"name":"wp","href":"https:\/\/api.w.org\/{rel}","templated":true}]}}