{"id":5804,"date":"2023-02-07T13:42:39","date_gmt":"2023-02-07T11:42:39","guid":{"rendered":"http:\/\/dev.ligums.lv\/facecorner\/?post_type=product&#038;p=5804"},"modified":"2025-12-25T16:58:14","modified_gmt":"2025-12-25T13:58:14","slug":"dalba-white-truffle-nourishing-treatment-mask","status":"publish","type":"product","link":"https:\/\/www.facecorner.lv\/lv\/shop\/dalba-white-truffle-nourishing-treatment-mask\/","title":{"rendered":"D&#8217;ALBA WHITE TRUFFLE NOURISHING TREATMENT MASK"},"content":{"rendered":"<p>Atjaunot \u0101dai jaunekl\u012bgu mirdzumu un perfektu gludumu, apturot noveco\u0161an\u0101s procesu un izl\u012bdzinot eso\u0161\u0101s grumbi\u0146as, uzs\u0101kot re\u0123ener\u0101cijas procesus epiderm\u0101 \u2013 t\u0101 ir tikai neliela da\u013ca no vis\u0101m korejie\u0161u maskas ar balto trifeli \u012bpa\u0161\u012bb\u0101m D&#8217;ALBA WHITE TRUFFLE NOURISHING \u0100RST\u0112\u0160ANAS MASKA.<\/p>\n<p>Trife\u013cu ekstrakta darb\u012bbu mask\u0101 papildina milz\u012bgs dabisko sast\u0101vda\u013cu komplekss ar izteikt\u0101m liftinga, antioksidanta, izl\u012bdzino\u0161\u0101m un vitaminiz\u0113jo\u0161\u0101m \u012bpa\u0161\u012bb\u0101m. \u0160is ir lielisks ekspress kop\u0161anas l\u012bdzeklis, kas \u013cauj \u0101tri atjaunot vesel\u012bgu, atp\u016btu\u0161os izskatu noguru\u0161ai, bl\u0101vai un sausai \u0101dai.<\/p>\n<p>Sejas maskas akt\u012bv\u0101s sast\u0101vda\u013cas:<\/p>\n<ul>\n<li>It\u0101\u013cu balto trife\u013cu ekstraktam piem\u012bt sp\u0113c\u012bgas pretnoveco\u0161an\u0101s, mitrino\u0161as un antioksidanta \u012bpa\u0161\u012bbas. Kalpo k\u0101 daudzu b\u016btisku vitam\u012bnu, miner\u0101lvielu, miner\u0101ls\u0101\u013cu un citu vielu avots, lai izl\u012bdzin\u0101tu, toniz\u0113tu un padar\u012btu \u0101du gai\u0161\u0101ku.<\/li>\n<li>Centella asiatica ekstrakts ir slavens ar sav\u0101m sp\u0113c\u012bgaj\u0101m antioksidanta un pretiekaisuma \u012bpa\u0161\u012bb\u0101m. Tas dzied\u0113 boj\u0101jumus, paaugstina \u0161\u016bnu imunit\u0101ti, savelk un izl\u012bdzina \u0101du kolag\u0113na \u0161\u0137iedru sint\u0113zes d\u0113\u013c.<\/li>\n<li>Alanto\u012bns kvalitat\u012bvi mitrina un palielina epidermas \u016bdens aiztures sp\u0113ju, lai pie\u0161\u0137irtu elast\u012bbu un izl\u012bdzin\u0101tu reljefa nel\u012bdzenumus.<\/li>\n<li>Bifidobakt\u0113riju liz\u0101ts normaliz\u0113 \u0101das mikrofloru, veicina re\u0123ener\u0101cijas procesu \u0101truma palielin\u0101\u0161anos, uzlabo vielmai\u0146u un asins mikrocirkul\u0101ciju, piedal\u0101s kolag\u0113na ra\u017eo\u0161an\u0101 un uztur epidermas dabisko elast\u012bbu.<\/li>\n<li>Za\u013c\u0101s t\u0113jas ekstraktam piem\u012bt sp\u0113c\u012bgas pretiekaisuma, nomierino\u0161as, br\u016bces dziedino\u0161as \u012bpa\u0161\u012bbas. Toniz\u0113, rada svaiguma saj\u016btu, savelk un izl\u012bdzina.<\/li>\n<li>Citronu ekstraktam piem\u012bt sp\u0113c\u012bgas antioksidanta, pretnoveco\u0161an\u0101s, toniz\u0113jo\u0161as \u012bpa\u0161\u012bbas. Att\u012bra poras, tiek gal\u0101 ar taukainu sp\u012bdumu un aps\u0101rtumu, balina, aizsarg\u0101 no ultraviolet\u0101 starojuma, izl\u012bdzina epidermas tonusu.<\/li>\n<li>Hibiska ekstraktam piem\u012bt izl\u012bdzino\u0161as, toniz\u0113jo\u0161as, dekongestantas un mitrino\u0161as \u012bpa\u0161\u012bbas. Nov\u0113r\u0161 grumbu par\u0101d\u012b\u0161anos, dzied\u0113 boj\u0101jumus, pastiprina \u0161\u016bnu vielmai\u0146u, nostiprina \u0101das tekst\u016bru.<\/li>\n<li>Eikalipta ekstrakts nomierina kairin\u0101jumus, aizsarg\u0101 \u0101du no negat\u012bv\u0101s ietekmes, pa\u0101trina dz\u012b\u0161anu, atjauno, regul\u0113 sebuma veido\u0161anos.<\/li>\n<li>Hialuronsk\u0101be intens\u012bvi mitrina, saglab\u0101 epidermas elast\u012bbu un optim\u0101lu mitruma l\u012bmeni.<\/li>\n<li>Maska p\u0113c uzkl\u0101\u0161anas labi izklied\u0113jas pa \u0101du un nodro\u0161ina labu akt\u012bvo vielu uzs\u016bk\u0161anos ar to augsto efektivit\u0101ti.<\/li>\n<\/ul>\n<p><strong>Lieto\u0161ana:\u00a0<\/strong>Uzkl\u0101t uz t\u012bras \u0101das, izl\u012bdzin\u0101t, atst\u0101t iedarboties 15-20 min\u016btes, iz\u0146emt un iemas\u0113t \u0101d\u0101 atliku\u0161o barojo\u0161o esenci.<\/p>\n","protected":false},"excerpt":{"rendered":"<p>Atjaunot \u0101dai jaunekl\u012bgu mirdzumu un perfektu gludumu, apturot noveco\u0161an\u0101s procesu un izl\u012bdzinot eso\u0161\u0101s grumbi\u0146as, uzs\u0101kot re\u0123ener\u0101cijas procesus epiderm\u0101 \u2013 t\u0101 ir tikai neliela da\u013ca no vis\u0101m korejie\u0161u maskas ar balto trifeli \u012bpa\u0161\u012bb\u0101m D&#8217;ALBA WHITE TRUFFLE NOURISHING \u0100RST\u0112\u0160ANAS MASKA. Trife\u013cu ekstrakta darb\u012bbu mask\u0101 papildina milz\u012bgs dabisko sast\u0101vda\u013cu komplekss ar izteikt\u0101m liftinga, antioksidanta, izl\u012bdzino\u0161\u0101m un vitaminiz\u0113jo\u0161\u0101m \u012bpa\u0161\u012bb\u0101m. [&hellip;]<\/p>\n","protected":false},"featured_media":7502,"comment_status":"open","ping_status":"closed","template":"","meta":{"site-sidebar-layout":"default","site-content-layout":"","ast-site-content-layout":"default","site-content-style":"default","site-sidebar-style":"default","ast-global-header-display":"","ast-banner-title-visibility":"","ast-main-header-display":"","ast-hfb-above-header-display":"","ast-hfb-below-header-display":"","ast-hfb-mobile-header-display":"","site-post-title":"","ast-breadcrumbs-content":"","ast-featured-img":"","footer-sml-layout":"","theme-transparent-header-meta":"default","adv-header-id-meta":"","stick-header-meta":"","header-above-stick-meta":"","header-main-stick-meta":"","header-below-stick-meta":"","astra-migrate-meta-layouts":"set","ast-page-background-enabled":"default","ast-page-background-meta":{"desktop":{"background-color":"var(--ast-global-color-4)","background-image":"","background-repeat":"repeat","background-position":"center center","background-size":"auto","background-attachment":"scroll","background-type":"","background-media":"","overlay-type":"","overlay-color":"","overlay-opacity":"","overlay-gradient":""},"tablet":{"background-color":"","background-image":"","background-repeat":"repeat","background-position":"center center","background-size":"auto","background-attachment":"scroll","background-type":"","background-media":"","overlay-type":"","overlay-color":"","overlay-opacity":"","overlay-gradient":""},"mobile":{"background-color":"","background-image":"","background-repeat":"repeat","background-position":"center center","background-size":"auto","background-attachment":"scroll","background-type":"","background-media":"","overlay-type":"","overlay-color":"","overlay-opacity":"","overlay-gradient":""}},"ast-content-background-meta":{"desktop":{"background-color":"var(--ast-global-color-5)","background-image":"","background-repeat":"repeat","background-position":"center center","background-size":"auto","background-attachment":"scroll","background-type":"","background-media":"","overlay-type":"","overlay-color":"","overlay-opacity":"","overlay-gradient":""},"tablet":{"background-color":"var(--ast-global-color-5)","background-image":"","background-repeat":"repeat","background-position":"center center","background-size":"auto","background-attachment":"scroll","background-type":"","background-media":"","overlay-type":"","overlay-color":"","overlay-opacity":"","overlay-gradient":""},"mobile":{"background-color":"var(--ast-global-color-5)","background-image":"","background-repeat":"repeat","background-position":"center center","background-size":"auto","background-attachment":"scroll","background-type":"","background-media":"","overlay-type":"","overlay-color":"","overlay-opacity":"","overlay-gradient":""}}},"product_brand":[],"product_cat":[324,315,307],"product_tag":[],"berocket_brand":[572],"class_list":{"0":"post-5804","1":"product","2":"type-product","3":"status-publish","4":"has-post-thumbnail","6":"product_cat-auduma","7":"product_cat-maskas","8":"product_cat-sejai","9":"berocket_brand-dalba","10":"desktop-align-left","11":"tablet-align-left","12":"mobile-align-left","14":"first","15":"outofstock","16":"taxable","17":"shipping-taxable","18":"purchasable","19":"product-type-simple","20":"add-to-wishlist-before_image"},"yoast_head":"<!-- This site is optimized with the Yoast SEO plugin v27.3 - https:\/\/yoast.com\/product\/yoast-seo-wordpress\/ -->\n<title>D&#039;ALBA WHITE TRUFFLE NOURISHING TREATMENT MASK - FACECORNER<\/title>\n<meta name=\"robots\" content=\"index, follow, max-snippet:-1, max-image-preview:large, max-video-preview:-1\" \/>\n<link rel=\"canonical\" href=\"https:\/\/www.facecorner.lv\/lv\/shop\/dalba-white-truffle-nourishing-treatment-mask\/\" \/>\n<meta property=\"og:locale\" content=\"lv_LV\" \/>\n<meta property=\"og:type\" content=\"article\" \/>\n<meta property=\"og:title\" content=\"D&#039;ALBA WHITE TRUFFLE NOURISHING TREATMENT MASK - FACECORNER\" \/>\n<meta property=\"og:description\" content=\"Atjaunot \u0101dai jaunekl\u012bgu mirdzumu un perfektu gludumu, apturot noveco\u0161an\u0101s procesu un izl\u012bdzinot eso\u0161\u0101s grumbi\u0146as, uzs\u0101kot re\u0123ener\u0101cijas procesus epiderm\u0101 \u2013 t\u0101 ir tikai neliela da\u013ca no vis\u0101m korejie\u0161u maskas ar balto trifeli \u012bpa\u0161\u012bb\u0101m D&#8217;ALBA WHITE TRUFFLE NOURISHING \u0100RST\u0112\u0160ANAS MASKA. Trife\u013cu ekstrakta darb\u012bbu mask\u0101 papildina milz\u012bgs dabisko sast\u0101vda\u013cu komplekss ar izteikt\u0101m liftinga, antioksidanta, izl\u012bdzino\u0161\u0101m un vitaminiz\u0113jo\u0161\u0101m \u012bpa\u0161\u012bb\u0101m. [&hellip;]\" \/>\n<meta property=\"og:url\" content=\"https:\/\/www.facecorner.lv\/lv\/shop\/dalba-white-truffle-nourishing-treatment-mask\/\" \/>\n<meta property=\"og:site_name\" content=\"FACECORNER\" \/>\n<meta property=\"article:publisher\" content=\"https:\/\/www.facebook.com\/profile.php?id=100063824551839\" \/>\n<meta property=\"article:modified_time\" content=\"2025-12-25T13:58:14+00:00\" \/>\n<meta property=\"og:image\" content=\"https:\/\/www.facecorner.lv\/wp-content\/uploads\/2023\/02\/d_Albawhitetrufflenourishingtreatmentmask_1024x.jpg.webp\" \/>\n\t<meta property=\"og:image:width\" content=\"1024\" \/>\n\t<meta property=\"og:image:height\" content=\"1024\" \/>\n\t<meta property=\"og:image:type\" content=\"image\/webp\" \/>\n<meta name=\"twitter:card\" content=\"summary_large_image\" \/>\n<meta name=\"twitter:label1\" content=\"Price\" \/>\n\t<meta name=\"twitter:data1\" content=\"&euro;6.66\" \/>\n\t<meta name=\"twitter:label2\" content=\"Availability\" \/>\n\t<meta name=\"twitter:data2\" content=\"Out of stock\" \/>\n<script type=\"application\/ld+json\" class=\"yoast-schema-graph\">{\"@context\":\"https:\\\/\\\/schema.org\",\"@graph\":[{\"@type\":\"WebPage\",\"@id\":\"https:\\\/\\\/www.facecorner.lv\\\/shop\\\/dalba-white-truffle-nourishing-treatment-mask\\\/\",\"url\":\"https:\\\/\\\/www.facecorner.lv\\\/shop\\\/dalba-white-truffle-nourishing-treatment-mask\\\/\",\"name\":\"D'ALBA WHITE TRUFFLE NOURISHING TREATMENT MASK - FACECORNER\",\"isPartOf\":{\"@id\":\"https:\\\/\\\/www.facecorner.lv\\\/#website\"},\"primaryImageOfPage\":{\"@id\":\"https:\\\/\\\/www.facecorner.lv\\\/shop\\\/dalba-white-truffle-nourishing-treatment-mask\\\/#primaryimage\"},\"image\":{\"@id\":\"https:\\\/\\\/www.facecorner.lv\\\/shop\\\/dalba-white-truffle-nourishing-treatment-mask\\\/#primaryimage\"},\"thumbnailUrl\":\"https:\\\/\\\/www.facecorner.lv\\\/wp-content\\\/uploads\\\/2023\\\/02\\\/d_Albawhitetrufflenourishingtreatmentmask_1024x.jpg.webp\",\"datePublished\":\"2023-02-07T11:42:39+00:00\",\"dateModified\":\"2025-12-25T13:58:14+00:00\",\"breadcrumb\":{\"@id\":\"https:\\\/\\\/www.facecorner.lv\\\/shop\\\/dalba-white-truffle-nourishing-treatment-mask\\\/#breadcrumb\"},\"inLanguage\":\"lv-LV\",\"potentialAction\":[{\"@type\":\"ReadAction\",\"target\":[\"https:\\\/\\\/www.facecorner.lv\\\/shop\\\/dalba-white-truffle-nourishing-treatment-mask\\\/\"]}]},{\"@type\":\"ImageObject\",\"inLanguage\":\"lv-LV\",\"@id\":\"https:\\\/\\\/www.facecorner.lv\\\/shop\\\/dalba-white-truffle-nourishing-treatment-mask\\\/#primaryimage\",\"url\":\"https:\\\/\\\/www.facecorner.lv\\\/wp-content\\\/uploads\\\/2023\\\/02\\\/d_Albawhitetrufflenourishingtreatmentmask_1024x.jpg.webp\",\"contentUrl\":\"https:\\\/\\\/www.facecorner.lv\\\/wp-content\\\/uploads\\\/2023\\\/02\\\/d_Albawhitetrufflenourishingtreatmentmask_1024x.jpg.webp\",\"width\":1024,\"height\":1024},{\"@type\":\"BreadcrumbList\",\"@id\":\"https:\\\/\\\/www.facecorner.lv\\\/shop\\\/dalba-white-truffle-nourishing-treatment-mask\\\/#breadcrumb\",\"itemListElement\":[{\"@type\":\"ListItem\",\"position\":1,\"name\":\"Home\",\"item\":\"https:\\\/\\\/www.facecorner.lv\\\/\"},{\"@type\":\"ListItem\",\"position\":2,\"name\":\"Veikals\",\"item\":\"https:\\\/\\\/www.facecorner.lv\\\/shop\\\/\"},{\"@type\":\"ListItem\",\"position\":3,\"name\":\"D&#8217;ALBA WHITE TRUFFLE NOURISHING TREATMENT MASK\"}]},{\"@type\":\"WebSite\",\"@id\":\"https:\\\/\\\/www.facecorner.lv\\\/#website\",\"url\":\"https:\\\/\\\/www.facecorner.lv\\\/\",\"name\":\"Facecorner\",\"description\":\"\",\"publisher\":{\"@id\":\"https:\\\/\\\/www.facecorner.lv\\\/#organization\"},\"potentialAction\":[{\"@type\":\"SearchAction\",\"target\":{\"@type\":\"EntryPoint\",\"urlTemplate\":\"https:\\\/\\\/www.facecorner.lv\\\/?s={search_term_string}\"},\"query-input\":{\"@type\":\"PropertyValueSpecification\",\"valueRequired\":true,\"valueName\":\"search_term_string\"}}],\"inLanguage\":\"lv-LV\"},{\"@type\":\"Organization\",\"@id\":\"https:\\\/\\\/www.facecorner.lv\\\/#organization\",\"name\":\"Facecorner\",\"url\":\"https:\\\/\\\/www.facecorner.lv\\\/\",\"logo\":{\"@type\":\"ImageObject\",\"inLanguage\":\"lv-LV\",\"@id\":\"https:\\\/\\\/www.facecorner.lv\\\/#\\\/schema\\\/logo\\\/image\\\/\",\"url\":\"https:\\\/\\\/www.facecorner.lv\\\/wp-content\\\/uploads\\\/2024\\\/04\\\/fc-logo.jpg\",\"contentUrl\":\"https:\\\/\\\/www.facecorner.lv\\\/wp-content\\\/uploads\\\/2024\\\/04\\\/fc-logo.jpg\",\"width\":174,\"height\":28,\"caption\":\"Facecorner\"},\"image\":{\"@id\":\"https:\\\/\\\/www.facecorner.lv\\\/#\\\/schema\\\/logo\\\/image\\\/\"},\"sameAs\":[\"https:\\\/\\\/www.facebook.com\\\/profile.php?id=100063824551839\",\"https:\\\/\\\/www.instagram.com\\\/facecorner_shop\\\/\"]}]}<\/script>\n<meta property=\"product:price:amount\" content=\"6.66\" \/>\n<meta property=\"product:price:currency\" content=\"EUR\" \/>\n<meta property=\"og:availability\" content=\"out of stock\" \/>\n<meta property=\"product:availability\" content=\"out of stock\" \/>\n<meta property=\"product:condition\" content=\"new\" \/>\n<!-- \/ Yoast SEO plugin. -->","yoast_head_json":{"title":"D'ALBA WHITE TRUFFLE NOURISHING TREATMENT MASK - FACECORNER","robots":{"index":"index","follow":"follow","max-snippet":"max-snippet:-1","max-image-preview":"max-image-preview:large","max-video-preview":"max-video-preview:-1"},"canonical":"https:\/\/www.facecorner.lv\/lv\/shop\/dalba-white-truffle-nourishing-treatment-mask\/","og_locale":"lv_LV","og_type":"article","og_title":"D'ALBA WHITE TRUFFLE NOURISHING TREATMENT MASK - FACECORNER","og_description":"Atjaunot \u0101dai jaunekl\u012bgu mirdzumu un perfektu gludumu, apturot noveco\u0161an\u0101s procesu un izl\u012bdzinot eso\u0161\u0101s grumbi\u0146as, uzs\u0101kot re\u0123ener\u0101cijas procesus epiderm\u0101 \u2013 t\u0101 ir tikai neliela da\u013ca no vis\u0101m korejie\u0161u maskas ar balto trifeli \u012bpa\u0161\u012bb\u0101m D&#8217;ALBA WHITE TRUFFLE NOURISHING \u0100RST\u0112\u0160ANAS MASKA. Trife\u013cu ekstrakta darb\u012bbu mask\u0101 papildina milz\u012bgs dabisko sast\u0101vda\u013cu komplekss ar izteikt\u0101m liftinga, antioksidanta, izl\u012bdzino\u0161\u0101m un vitaminiz\u0113jo\u0161\u0101m \u012bpa\u0161\u012bb\u0101m. [&hellip;]","og_url":"https:\/\/www.facecorner.lv\/lv\/shop\/dalba-white-truffle-nourishing-treatment-mask\/","og_site_name":"FACECORNER","article_publisher":"https:\/\/www.facebook.com\/profile.php?id=100063824551839","article_modified_time":"2025-12-25T13:58:14+00:00","og_image":[{"width":1024,"height":1024,"url":"https:\/\/www.facecorner.lv\/wp-content\/uploads\/2023\/02\/d_Albawhitetrufflenourishingtreatmentmask_1024x.jpg.webp","type":"image\/webp"}],"twitter_card":"summary_large_image","twitter_misc":{"Price":"&euro;6.66","Availability":"Out of stock"},"schema":{"@context":"https:\/\/schema.org","@graph":[{"@type":"WebPage","@id":"https:\/\/www.facecorner.lv\/shop\/dalba-white-truffle-nourishing-treatment-mask\/","url":"https:\/\/www.facecorner.lv\/shop\/dalba-white-truffle-nourishing-treatment-mask\/","name":"D'ALBA WHITE TRUFFLE NOURISHING TREATMENT MASK - FACECORNER","isPartOf":{"@id":"https:\/\/www.facecorner.lv\/#website"},"primaryImageOfPage":{"@id":"https:\/\/www.facecorner.lv\/shop\/dalba-white-truffle-nourishing-treatment-mask\/#primaryimage"},"image":{"@id":"https:\/\/www.facecorner.lv\/shop\/dalba-white-truffle-nourishing-treatment-mask\/#primaryimage"},"thumbnailUrl":"https:\/\/www.facecorner.lv\/wp-content\/uploads\/2023\/02\/d_Albawhitetrufflenourishingtreatmentmask_1024x.jpg.webp","datePublished":"2023-02-07T11:42:39+00:00","dateModified":"2025-12-25T13:58:14+00:00","breadcrumb":{"@id":"https:\/\/www.facecorner.lv\/shop\/dalba-white-truffle-nourishing-treatment-mask\/#breadcrumb"},"inLanguage":"lv-LV","potentialAction":[{"@type":"ReadAction","target":["https:\/\/www.facecorner.lv\/shop\/dalba-white-truffle-nourishing-treatment-mask\/"]}]},{"@type":"ImageObject","inLanguage":"lv-LV","@id":"https:\/\/www.facecorner.lv\/shop\/dalba-white-truffle-nourishing-treatment-mask\/#primaryimage","url":"https:\/\/www.facecorner.lv\/wp-content\/uploads\/2023\/02\/d_Albawhitetrufflenourishingtreatmentmask_1024x.jpg.webp","contentUrl":"https:\/\/www.facecorner.lv\/wp-content\/uploads\/2023\/02\/d_Albawhitetrufflenourishingtreatmentmask_1024x.jpg.webp","width":1024,"height":1024},{"@type":"BreadcrumbList","@id":"https:\/\/www.facecorner.lv\/shop\/dalba-white-truffle-nourishing-treatment-mask\/#breadcrumb","itemListElement":[{"@type":"ListItem","position":1,"name":"Home","item":"https:\/\/www.facecorner.lv\/"},{"@type":"ListItem","position":2,"name":"Veikals","item":"https:\/\/www.facecorner.lv\/shop\/"},{"@type":"ListItem","position":3,"name":"D&#8217;ALBA WHITE TRUFFLE NOURISHING TREATMENT MASK"}]},{"@type":"WebSite","@id":"https:\/\/www.facecorner.lv\/#website","url":"https:\/\/www.facecorner.lv\/","name":"Facecorner","description":"","publisher":{"@id":"https:\/\/www.facecorner.lv\/#organization"},"potentialAction":[{"@type":"SearchAction","target":{"@type":"EntryPoint","urlTemplate":"https:\/\/www.facecorner.lv\/?s={search_term_string}"},"query-input":{"@type":"PropertyValueSpecification","valueRequired":true,"valueName":"search_term_string"}}],"inLanguage":"lv-LV"},{"@type":"Organization","@id":"https:\/\/www.facecorner.lv\/#organization","name":"Facecorner","url":"https:\/\/www.facecorner.lv\/","logo":{"@type":"ImageObject","inLanguage":"lv-LV","@id":"https:\/\/www.facecorner.lv\/#\/schema\/logo\/image\/","url":"https:\/\/www.facecorner.lv\/wp-content\/uploads\/2024\/04\/fc-logo.jpg","contentUrl":"https:\/\/www.facecorner.lv\/wp-content\/uploads\/2024\/04\/fc-logo.jpg","width":174,"height":28,"caption":"Facecorner"},"image":{"@id":"https:\/\/www.facecorner.lv\/#\/schema\/logo\/image\/"},"sameAs":["https:\/\/www.facebook.com\/profile.php?id=100063824551839","https:\/\/www.instagram.com\/facecorner_shop\/"]}]},"product_price_amount":"6.66","product_price_currency":"EUR","og_availability":"out of stock","product_availability":"out of stock","product_condition":"new"},"_links":{"self":[{"href":"https:\/\/www.facecorner.lv\/lv\/wp-json\/wp\/v2\/product\/5804","targetHints":{"allow":["GET"]}}],"collection":[{"href":"https:\/\/www.facecorner.lv\/lv\/wp-json\/wp\/v2\/product"}],"about":[{"href":"https:\/\/www.facecorner.lv\/lv\/wp-json\/wp\/v2\/types\/product"}],"replies":[{"embeddable":true,"href":"https:\/\/www.facecorner.lv\/lv\/wp-json\/wp\/v2\/comments?post=5804"}],"wp:featuredmedia":[{"embeddable":true,"href":"https:\/\/www.facecorner.lv\/lv\/wp-json\/wp\/v2\/media\/7502"}],"wp:attachment":[{"href":"https:\/\/www.facecorner.lv\/lv\/wp-json\/wp\/v2\/media?parent=5804"}],"wp:term":[{"taxonomy":"product_brand","embeddable":true,"href":"https:\/\/www.facecorner.lv\/lv\/wp-json\/wp\/v2\/product_brand?post=5804"},{"taxonomy":"product_cat","embeddable":true,"href":"https:\/\/www.facecorner.lv\/lv\/wp-json\/wp\/v2\/product_cat?post=5804"},{"taxonomy":"product_tag","embeddable":true,"href":"https:\/\/www.facecorner.lv\/lv\/wp-json\/wp\/v2\/product_tag?post=5804"},{"taxonomy":"berocket_brand","embeddable":true,"href":"https:\/\/www.facecorner.lv\/lv\/wp-json\/wp\/v2\/berocket_brand?post=5804"}],"curies":[{"name":"wp","href":"https:\/\/api.w.org\/{rel}","templated":true}]}}