{"id":5612,"date":"2023-02-07T13:42:00","date_gmt":"2023-02-07T11:42:00","guid":{"rendered":"http:\/\/dev.ligums.lv\/facecorner\/?post_type=product&#038;p=5612"},"modified":"2025-11-13T15:42:51","modified_gmt":"2025-11-13T12:42:51","slug":"pyunkang-yul-calming-low-ph-foaming-cleanser-150ml","status":"publish","type":"product","link":"https:\/\/www.facecorner.lv\/lv\/shop\/pyunkang-yul-calming-low-ph-foaming-cleanser-150ml\/","title":{"rendered":"PYUNKANG YUL CALMING LOW PH FOAMING CLEANSER 150ML"},"content":{"rendered":"<p>Maigas putas jut\u012bgai \u0101dai Pyunkang Yul Calming Low pH Foaming Cleanser maigi att\u012bra, nov\u0113r\u0161ot aizsprostotas poras, iekaisumu un melnus punktus.L\u012bdzeklis ar zemu pH l\u012bmeni atjauno norm\u0101lu sk\u0101bju-b\u0101zes l\u012bdzsvaru, nostiprinot epidermas barjerfunkcijas.Putas samazina taukaino sp\u012bdumu, maigi noloba un m\u012bkstina, neizraisa kairin\u0101jumu.<\/p>\n<p>Formula ir bag\u0101tin\u0101ta ar Centella asiatica kompleksu, komponentu, kas uzlabo reakt\u012bv\u0101s \u0101das st\u0101vokli: nomierina, veicina dz\u012b\u0161anu, mazina jut\u012bgumu un piet\u016bkumu, c\u012bn\u0101s ar rosacejas izpausm\u0113m.<\/p>\n<p>Galven\u0101s akt\u012bv\u0101s sast\u0101vda\u013cas:<\/p>\n<ul>\n<li>Kam\u0113lijas ekstrakts dzi\u013ci atjauno, uzlabo barjeras sl\u0101ni, kas nov\u0113r\u0161 mitruma iztvaiko\u0161anu un aizsarg\u0101 pret agres\u012bv\u0101m \u0101r\u0113j\u0101m ietekm\u0113m. Dzied\u0113 mikroboj\u0101jumus, stimul\u0113 kolag\u0113na un elast\u012bna sint\u0113zi, saglab\u0101 bl\u012bvumu un elast\u012bbu.<\/li>\n<li>5 hialuronsk\u0101bes veidi efekt\u012bvi mitrina, nosl\u0113dzot \u016bdens molekulas un der\u012bg\u0101s vielas epiderm\u0101, radot aizsargbarjeru.<br \/>\nSausser\u017ea ekstraktam ir paaugstin\u0101ta sp\u0113ja stiprin\u0101t asinsvadu sieni\u0146as, piem\u012bt stimul\u0113jo\u0161a un atjaunojo\u0161a iedarb\u012bba, pal\u012bdz c\u012bn\u012bties ar pinn\u0113m, stimul\u0113 vielmai\u0146as procesus.<br \/>\nT\u0113jas koka ekstrakts ir sp\u0113c\u012bgs dabisks antiseptisks l\u012bdzeklis, piem\u012bt antibakteri\u0101la un prets\u0113n\u012b\u0161u iedarb\u012bba, mazina iekaisumu un \u0101rst\u0113 pinnes.<\/li>\n<\/ul>\n<p>Piem\u0113rots kombin\u0113tai, taukainai un jut\u012bgai \u0101dai.<\/p>\n<p><strong>Lieto\u0161ana<\/strong>: nospiediet dozatoru 1-2 reizes, saputojiet produktu un uzkl\u0101jiet uz sejas, sadaliet ar mas\u0101\u017eas kust\u012bb\u0101m, att\u012brot no net\u012brumiem. Nomazg\u0101t ar siltu \u016bdeni.<\/p>\n","protected":false},"excerpt":{"rendered":"<p>Maigas putas jut\u012bgai \u0101dai Pyunkang Yul Calming Low pH Foaming Cleanser maigi att\u012bra, nov\u0113r\u0161ot aizsprostotas poras, iekaisumu un melnus punktus.L\u012bdzeklis ar zemu pH l\u012bmeni atjauno norm\u0101lu sk\u0101bju-b\u0101zes l\u012bdzsvaru, nostiprinot epidermas barjerfunkcijas.Putas samazina taukaino sp\u012bdumu, maigi noloba un m\u012bkstina, neizraisa kairin\u0101jumu. Formula ir bag\u0101tin\u0101ta ar Centella asiatica kompleksu, komponentu, kas uzlabo reakt\u012bv\u0101s \u0101das st\u0101vokli: nomierina, veicina [&hellip;]<\/p>\n","protected":false},"featured_media":8590,"comment_status":"open","ping_status":"closed","template":"","meta":{"site-sidebar-layout":"default","site-content-layout":"","ast-site-content-layout":"default","site-content-style":"default","site-sidebar-style":"default","ast-global-header-display":"","ast-banner-title-visibility":"","ast-main-header-display":"","ast-hfb-above-header-display":"","ast-hfb-below-header-display":"","ast-hfb-mobile-header-display":"","site-post-title":"","ast-breadcrumbs-content":"","ast-featured-img":"","footer-sml-layout":"","theme-transparent-header-meta":"default","adv-header-id-meta":"","stick-header-meta":"","header-above-stick-meta":"","header-main-stick-meta":"","header-below-stick-meta":"","astra-migrate-meta-layouts":"set","ast-page-background-enabled":"default","ast-page-background-meta":{"desktop":{"background-color":"var(--ast-global-color-4)","background-image":"","background-repeat":"repeat","background-position":"center center","background-size":"auto","background-attachment":"scroll","background-type":"","background-media":"","overlay-type":"","overlay-color":"","overlay-opacity":"","overlay-gradient":""},"tablet":{"background-color":"","background-image":"","background-repeat":"repeat","background-position":"center center","background-size":"auto","background-attachment":"scroll","background-type":"","background-media":"","overlay-type":"","overlay-color":"","overlay-opacity":"","overlay-gradient":""},"mobile":{"background-color":"","background-image":"","background-repeat":"repeat","background-position":"center center","background-size":"auto","background-attachment":"scroll","background-type":"","background-media":"","overlay-type":"","overlay-color":"","overlay-opacity":"","overlay-gradient":""}},"ast-content-background-meta":{"desktop":{"background-color":"var(--ast-global-color-5)","background-image":"","background-repeat":"repeat","background-position":"center center","background-size":"auto","background-attachment":"scroll","background-type":"","background-media":"","overlay-type":"","overlay-color":"","overlay-opacity":"","overlay-gradient":""},"tablet":{"background-color":"var(--ast-global-color-5)","background-image":"","background-repeat":"repeat","background-position":"center center","background-size":"auto","background-attachment":"scroll","background-type":"","background-media":"","overlay-type":"","overlay-color":"","overlay-opacity":"","overlay-gradient":""},"mobile":{"background-color":"var(--ast-global-color-5)","background-image":"","background-repeat":"repeat","background-position":"center center","background-size":"auto","background-attachment":"scroll","background-type":"","background-media":"","overlay-type":"","overlay-color":"","overlay-opacity":"","overlay-gradient":""}}},"product_brand":[],"product_cat":[310,311,312,380,317,379,307],"product_tag":[],"berocket_brand":[587],"class_list":{"0":"post-5612","1":"product","2":"type-product","3":"status-publish","4":"has-post-thumbnail","6":"product_cat-attirisana","7":"product_cat-jutigai-adai-attirisana","8":"product_cat-kombinetai-adai-attirisana","9":"product_cat-kombinetai-adai","10":"product_cat-sausai-adai-attirisana","11":"product_cat-sausai-adai-anti-age","12":"product_cat-sejai","13":"berocket_brand-pyunkangyul","14":"desktop-align-left","15":"tablet-align-left","16":"mobile-align-left","18":"first","19":"outofstock","20":"taxable","21":"shipping-taxable","22":"purchasable","23":"product-type-simple","24":"add-to-wishlist-before_image"},"yoast_head":"<!-- This site is optimized with the Yoast SEO plugin v27.4 - https:\/\/yoast.com\/product\/yoast-seo-wordpress\/ -->\n<title>PYUNKANG YUL CALMING LOW PH FOAMING CLEANSER 150ML - FACECORNER<\/title>\n<meta name=\"robots\" content=\"index, follow, max-snippet:-1, max-image-preview:large, max-video-preview:-1\" \/>\n<link rel=\"canonical\" href=\"https:\/\/www.facecorner.lv\/lv\/shop\/pyunkang-yul-calming-low-ph-foaming-cleanser-150ml\/\" \/>\n<meta property=\"og:locale\" content=\"lv_LV\" \/>\n<meta property=\"og:type\" content=\"article\" \/>\n<meta property=\"og:title\" content=\"PYUNKANG YUL CALMING LOW PH FOAMING CLEANSER 150ML - FACECORNER\" \/>\n<meta property=\"og:description\" content=\"Maigas putas jut\u012bgai \u0101dai Pyunkang Yul Calming Low pH Foaming Cleanser maigi att\u012bra, nov\u0113r\u0161ot aizsprostotas poras, iekaisumu un melnus punktus.L\u012bdzeklis ar zemu pH l\u012bmeni atjauno norm\u0101lu sk\u0101bju-b\u0101zes l\u012bdzsvaru, nostiprinot epidermas barjerfunkcijas.Putas samazina taukaino sp\u012bdumu, maigi noloba un m\u012bkstina, neizraisa kairin\u0101jumu. Formula ir bag\u0101tin\u0101ta ar Centella asiatica kompleksu, komponentu, kas uzlabo reakt\u012bv\u0101s \u0101das st\u0101vokli: nomierina, veicina [&hellip;]\" \/>\n<meta property=\"og:url\" content=\"https:\/\/www.facecorner.lv\/lv\/shop\/pyunkang-yul-calming-low-ph-foaming-cleanser-150ml\/\" \/>\n<meta property=\"og:site_name\" content=\"FACECORNER\" \/>\n<meta property=\"article:publisher\" content=\"https:\/\/www.facebook.com\/profile.php?id=100063824551839\" \/>\n<meta property=\"article:modified_time\" content=\"2025-11-13T12:42:51+00:00\" \/>\n<meta property=\"og:image\" content=\"https:\/\/www.facecorner.lv\/wp-content\/uploads\/2023\/02\/498ba42a-503d-4885-b018-90e9a6005f11.webp\" \/>\n\t<meta property=\"og:image:width\" content=\"1000\" \/>\n\t<meta property=\"og:image:height\" content=\"1000\" \/>\n\t<meta property=\"og:image:type\" content=\"image\/webp\" \/>\n<meta name=\"twitter:card\" content=\"summary_large_image\" \/>\n<meta name=\"twitter:label1\" content=\"Price\" \/>\n\t<meta name=\"twitter:data1\" content=\"&euro;22.00\" \/>\n\t<meta name=\"twitter:label2\" content=\"Availability\" \/>\n\t<meta name=\"twitter:data2\" content=\"Out of stock\" \/>\n<script type=\"application\/ld+json\" class=\"yoast-schema-graph\">{\"@context\":\"https:\\\/\\\/schema.org\",\"@graph\":[{\"@type\":\"WebPage\",\"@id\":\"https:\\\/\\\/www.facecorner.lv\\\/shop\\\/pyunkang-yul-calming-low-ph-foaming-cleanser-150ml\\\/\",\"url\":\"https:\\\/\\\/www.facecorner.lv\\\/shop\\\/pyunkang-yul-calming-low-ph-foaming-cleanser-150ml\\\/\",\"name\":\"PYUNKANG YUL CALMING LOW PH FOAMING CLEANSER 150ML - FACECORNER\",\"isPartOf\":{\"@id\":\"https:\\\/\\\/www.facecorner.lv\\\/#website\"},\"primaryImageOfPage\":{\"@id\":\"https:\\\/\\\/www.facecorner.lv\\\/shop\\\/pyunkang-yul-calming-low-ph-foaming-cleanser-150ml\\\/#primaryimage\"},\"image\":{\"@id\":\"https:\\\/\\\/www.facecorner.lv\\\/shop\\\/pyunkang-yul-calming-low-ph-foaming-cleanser-150ml\\\/#primaryimage\"},\"thumbnailUrl\":\"https:\\\/\\\/www.facecorner.lv\\\/wp-content\\\/uploads\\\/2023\\\/02\\\/498ba42a-503d-4885-b018-90e9a6005f11.webp\",\"datePublished\":\"2023-02-07T11:42:00+00:00\",\"dateModified\":\"2025-11-13T12:42:51+00:00\",\"breadcrumb\":{\"@id\":\"https:\\\/\\\/www.facecorner.lv\\\/shop\\\/pyunkang-yul-calming-low-ph-foaming-cleanser-150ml\\\/#breadcrumb\"},\"inLanguage\":\"lv-LV\",\"potentialAction\":[{\"@type\":\"ReadAction\",\"target\":[\"https:\\\/\\\/www.facecorner.lv\\\/shop\\\/pyunkang-yul-calming-low-ph-foaming-cleanser-150ml\\\/\"]}]},{\"@type\":\"ImageObject\",\"inLanguage\":\"lv-LV\",\"@id\":\"https:\\\/\\\/www.facecorner.lv\\\/shop\\\/pyunkang-yul-calming-low-ph-foaming-cleanser-150ml\\\/#primaryimage\",\"url\":\"https:\\\/\\\/www.facecorner.lv\\\/wp-content\\\/uploads\\\/2023\\\/02\\\/498ba42a-503d-4885-b018-90e9a6005f11.webp\",\"contentUrl\":\"https:\\\/\\\/www.facecorner.lv\\\/wp-content\\\/uploads\\\/2023\\\/02\\\/498ba42a-503d-4885-b018-90e9a6005f11.webp\",\"width\":1000,\"height\":1000},{\"@type\":\"BreadcrumbList\",\"@id\":\"https:\\\/\\\/www.facecorner.lv\\\/shop\\\/pyunkang-yul-calming-low-ph-foaming-cleanser-150ml\\\/#breadcrumb\",\"itemListElement\":[{\"@type\":\"ListItem\",\"position\":1,\"name\":\"Home\",\"item\":\"https:\\\/\\\/www.facecorner.lv\\\/\"},{\"@type\":\"ListItem\",\"position\":2,\"name\":\"Veikals\",\"item\":\"https:\\\/\\\/www.facecorner.lv\\\/shop\\\/\"},{\"@type\":\"ListItem\",\"position\":3,\"name\":\"PYUNKANG YUL CALMING LOW PH FOAMING CLEANSER 150ML\"}]},{\"@type\":\"WebSite\",\"@id\":\"https:\\\/\\\/www.facecorner.lv\\\/#website\",\"url\":\"https:\\\/\\\/www.facecorner.lv\\\/\",\"name\":\"Facecorner\",\"description\":\"\",\"publisher\":{\"@id\":\"https:\\\/\\\/www.facecorner.lv\\\/#organization\"},\"potentialAction\":[{\"@type\":\"SearchAction\",\"target\":{\"@type\":\"EntryPoint\",\"urlTemplate\":\"https:\\\/\\\/www.facecorner.lv\\\/?s={search_term_string}\"},\"query-input\":{\"@type\":\"PropertyValueSpecification\",\"valueRequired\":true,\"valueName\":\"search_term_string\"}}],\"inLanguage\":\"lv-LV\"},{\"@type\":\"Organization\",\"@id\":\"https:\\\/\\\/www.facecorner.lv\\\/#organization\",\"name\":\"Facecorner\",\"url\":\"https:\\\/\\\/www.facecorner.lv\\\/\",\"logo\":{\"@type\":\"ImageObject\",\"inLanguage\":\"lv-LV\",\"@id\":\"https:\\\/\\\/www.facecorner.lv\\\/#\\\/schema\\\/logo\\\/image\\\/\",\"url\":\"https:\\\/\\\/www.facecorner.lv\\\/wp-content\\\/uploads\\\/2024\\\/04\\\/fc-logo.jpg\",\"contentUrl\":\"https:\\\/\\\/www.facecorner.lv\\\/wp-content\\\/uploads\\\/2024\\\/04\\\/fc-logo.jpg\",\"width\":174,\"height\":28,\"caption\":\"Facecorner\"},\"image\":{\"@id\":\"https:\\\/\\\/www.facecorner.lv\\\/#\\\/schema\\\/logo\\\/image\\\/\"},\"sameAs\":[\"https:\\\/\\\/www.facebook.com\\\/profile.php?id=100063824551839\",\"https:\\\/\\\/www.instagram.com\\\/facecorner_shop\\\/\"]}]}<\/script>\n<meta property=\"product:price:amount\" content=\"22.00\" \/>\n<meta property=\"product:price:currency\" content=\"EUR\" \/>\n<meta property=\"og:availability\" content=\"out of stock\" \/>\n<meta property=\"product:availability\" content=\"out of stock\" \/>\n<meta property=\"product:condition\" content=\"new\" \/>\n<!-- \/ Yoast SEO plugin. -->","yoast_head_json":{"title":"PYUNKANG YUL CALMING LOW PH FOAMING CLEANSER 150ML - FACECORNER","robots":{"index":"index","follow":"follow","max-snippet":"max-snippet:-1","max-image-preview":"max-image-preview:large","max-video-preview":"max-video-preview:-1"},"canonical":"https:\/\/www.facecorner.lv\/lv\/shop\/pyunkang-yul-calming-low-ph-foaming-cleanser-150ml\/","og_locale":"lv_LV","og_type":"article","og_title":"PYUNKANG YUL CALMING LOW PH FOAMING CLEANSER 150ML - FACECORNER","og_description":"Maigas putas jut\u012bgai \u0101dai Pyunkang Yul Calming Low pH Foaming Cleanser maigi att\u012bra, nov\u0113r\u0161ot aizsprostotas poras, iekaisumu un melnus punktus.L\u012bdzeklis ar zemu pH l\u012bmeni atjauno norm\u0101lu sk\u0101bju-b\u0101zes l\u012bdzsvaru, nostiprinot epidermas barjerfunkcijas.Putas samazina taukaino sp\u012bdumu, maigi noloba un m\u012bkstina, neizraisa kairin\u0101jumu. Formula ir bag\u0101tin\u0101ta ar Centella asiatica kompleksu, komponentu, kas uzlabo reakt\u012bv\u0101s \u0101das st\u0101vokli: nomierina, veicina [&hellip;]","og_url":"https:\/\/www.facecorner.lv\/lv\/shop\/pyunkang-yul-calming-low-ph-foaming-cleanser-150ml\/","og_site_name":"FACECORNER","article_publisher":"https:\/\/www.facebook.com\/profile.php?id=100063824551839","article_modified_time":"2025-11-13T12:42:51+00:00","og_image":[{"width":1000,"height":1000,"url":"https:\/\/www.facecorner.lv\/wp-content\/uploads\/2023\/02\/498ba42a-503d-4885-b018-90e9a6005f11.webp","type":"image\/webp"}],"twitter_card":"summary_large_image","twitter_misc":{"Price":"&euro;22.00","Availability":"Out of stock"},"schema":{"@context":"https:\/\/schema.org","@graph":[{"@type":"WebPage","@id":"https:\/\/www.facecorner.lv\/shop\/pyunkang-yul-calming-low-ph-foaming-cleanser-150ml\/","url":"https:\/\/www.facecorner.lv\/shop\/pyunkang-yul-calming-low-ph-foaming-cleanser-150ml\/","name":"PYUNKANG YUL CALMING LOW PH FOAMING CLEANSER 150ML - FACECORNER","isPartOf":{"@id":"https:\/\/www.facecorner.lv\/#website"},"primaryImageOfPage":{"@id":"https:\/\/www.facecorner.lv\/shop\/pyunkang-yul-calming-low-ph-foaming-cleanser-150ml\/#primaryimage"},"image":{"@id":"https:\/\/www.facecorner.lv\/shop\/pyunkang-yul-calming-low-ph-foaming-cleanser-150ml\/#primaryimage"},"thumbnailUrl":"https:\/\/www.facecorner.lv\/wp-content\/uploads\/2023\/02\/498ba42a-503d-4885-b018-90e9a6005f11.webp","datePublished":"2023-02-07T11:42:00+00:00","dateModified":"2025-11-13T12:42:51+00:00","breadcrumb":{"@id":"https:\/\/www.facecorner.lv\/shop\/pyunkang-yul-calming-low-ph-foaming-cleanser-150ml\/#breadcrumb"},"inLanguage":"lv-LV","potentialAction":[{"@type":"ReadAction","target":["https:\/\/www.facecorner.lv\/shop\/pyunkang-yul-calming-low-ph-foaming-cleanser-150ml\/"]}]},{"@type":"ImageObject","inLanguage":"lv-LV","@id":"https:\/\/www.facecorner.lv\/shop\/pyunkang-yul-calming-low-ph-foaming-cleanser-150ml\/#primaryimage","url":"https:\/\/www.facecorner.lv\/wp-content\/uploads\/2023\/02\/498ba42a-503d-4885-b018-90e9a6005f11.webp","contentUrl":"https:\/\/www.facecorner.lv\/wp-content\/uploads\/2023\/02\/498ba42a-503d-4885-b018-90e9a6005f11.webp","width":1000,"height":1000},{"@type":"BreadcrumbList","@id":"https:\/\/www.facecorner.lv\/shop\/pyunkang-yul-calming-low-ph-foaming-cleanser-150ml\/#breadcrumb","itemListElement":[{"@type":"ListItem","position":1,"name":"Home","item":"https:\/\/www.facecorner.lv\/"},{"@type":"ListItem","position":2,"name":"Veikals","item":"https:\/\/www.facecorner.lv\/shop\/"},{"@type":"ListItem","position":3,"name":"PYUNKANG YUL CALMING LOW PH FOAMING CLEANSER 150ML"}]},{"@type":"WebSite","@id":"https:\/\/www.facecorner.lv\/#website","url":"https:\/\/www.facecorner.lv\/","name":"Facecorner","description":"","publisher":{"@id":"https:\/\/www.facecorner.lv\/#organization"},"potentialAction":[{"@type":"SearchAction","target":{"@type":"EntryPoint","urlTemplate":"https:\/\/www.facecorner.lv\/?s={search_term_string}"},"query-input":{"@type":"PropertyValueSpecification","valueRequired":true,"valueName":"search_term_string"}}],"inLanguage":"lv-LV"},{"@type":"Organization","@id":"https:\/\/www.facecorner.lv\/#organization","name":"Facecorner","url":"https:\/\/www.facecorner.lv\/","logo":{"@type":"ImageObject","inLanguage":"lv-LV","@id":"https:\/\/www.facecorner.lv\/#\/schema\/logo\/image\/","url":"https:\/\/www.facecorner.lv\/wp-content\/uploads\/2024\/04\/fc-logo.jpg","contentUrl":"https:\/\/www.facecorner.lv\/wp-content\/uploads\/2024\/04\/fc-logo.jpg","width":174,"height":28,"caption":"Facecorner"},"image":{"@id":"https:\/\/www.facecorner.lv\/#\/schema\/logo\/image\/"},"sameAs":["https:\/\/www.facebook.com\/profile.php?id=100063824551839","https:\/\/www.instagram.com\/facecorner_shop\/"]}]},"product_price_amount":"22.00","product_price_currency":"EUR","og_availability":"out of stock","product_availability":"out of stock","product_condition":"new"},"_links":{"self":[{"href":"https:\/\/www.facecorner.lv\/lv\/wp-json\/wp\/v2\/product\/5612","targetHints":{"allow":["GET"]}}],"collection":[{"href":"https:\/\/www.facecorner.lv\/lv\/wp-json\/wp\/v2\/product"}],"about":[{"href":"https:\/\/www.facecorner.lv\/lv\/wp-json\/wp\/v2\/types\/product"}],"replies":[{"embeddable":true,"href":"https:\/\/www.facecorner.lv\/lv\/wp-json\/wp\/v2\/comments?post=5612"}],"wp:featuredmedia":[{"embeddable":true,"href":"https:\/\/www.facecorner.lv\/lv\/wp-json\/wp\/v2\/media\/8590"}],"wp:attachment":[{"href":"https:\/\/www.facecorner.lv\/lv\/wp-json\/wp\/v2\/media?parent=5612"}],"wp:term":[{"taxonomy":"product_brand","embeddable":true,"href":"https:\/\/www.facecorner.lv\/lv\/wp-json\/wp\/v2\/product_brand?post=5612"},{"taxonomy":"product_cat","embeddable":true,"href":"https:\/\/www.facecorner.lv\/lv\/wp-json\/wp\/v2\/product_cat?post=5612"},{"taxonomy":"product_tag","embeddable":true,"href":"https:\/\/www.facecorner.lv\/lv\/wp-json\/wp\/v2\/product_tag?post=5612"},{"taxonomy":"berocket_brand","embeddable":true,"href":"https:\/\/www.facecorner.lv\/lv\/wp-json\/wp\/v2\/berocket_brand?post=5612"}],"curies":[{"name":"wp","href":"https:\/\/api.w.org\/{rel}","templated":true}]}}