{"id":5606,"date":"2023-02-07T13:41:59","date_gmt":"2023-02-07T11:41:59","guid":{"rendered":"http:\/\/dev.ligums.lv\/facecorner\/?post_type=product&#038;p=5606"},"modified":"2026-04-29T13:52:25","modified_gmt":"2026-04-29T10:52:25","slug":"pyunkang-yul-black-tea-time-reverse-eye-cream-25ml","status":"publish","type":"product","link":"https:\/\/www.facecorner.lv\/lv\/shop\/pyunkang-yul-black-tea-time-reverse-eye-cream-25ml\/","title":{"rendered":"PYUNKANG YUL BLACK TEA TIME REVERSE EYE CREAM 25ML"},"content":{"rendered":"<p>Pretnoveco\u0161anas acu kr\u0113ms Pyunkang Yul Black Tea Time Reverse Eye Cream efekt\u012bvi baro \u0101du, mitrina, toniz\u0113 \u0101du. Izgaismo tum\u0161os lokus zem ac\u012bm ar niacinam\u012bdu. Efekt\u012bvi izl\u012bdzina grumbas, jo t\u0101 sast\u0101v\u0101 ir Acetyl Hexapeptide-8, kam ir Botox l\u012bdz\u012bga iedarb\u012bba. Satur \u0161\u012b sviestu, makad\u0101mijas sviestu, keram\u012bdus un niacinam\u012bdu.<\/p>\n<p>Produkts ir dro\u0161s un hipoaler\u0123isks, nesatur m\u0101ksl\u012bgas kr\u0101svielas un smar\u017evielas. Kr\u0113ms neizraisa kairin\u0101jumu un ir lieliski piem\u0113rots pat jut\u012bgai \u0101dai. Satur sast\u0101vda\u013cas, ko sertific\u0113jusi EWG Vides darba grupa.<\/p>\n<p>Pyunkang Yul ir Korejas kosm\u0113tikas z\u012bmols, ko izveidojusi viena no lab\u0101kaj\u0101m austrumu medic\u012bnas kl\u012bnik\u0101m Korej\u0101. Z\u012bmols ra\u017eo tikai dab\u012bgu kosm\u0113tiku (bez smar\u017eviel\u0101m, spirta, parab\u0113niem un silikoniem), kas ir piem\u0113rota vispras\u012bg\u0101kajai, jut\u012bg\u0101kajai un problem\u0101tiskai \u0101dai.<\/p>\n<p>Piem\u0113rots nobriedu\u0161ai un paaugstin\u0101tas jut\u012bbas \u0101dai.<\/p>\n<p><strong>Lieto\u0161ana<\/strong>: ar pirkstu galiem uzkl\u0101jiet nepiecie\u0161amo kr\u0113ma daudzumu uz zonu ap ac\u012bm.<\/p>\n<p><strong>S\u0101stavs<\/strong>: Water, Glycerin, Methylpropanediol, Caprylic\/Capric Triglyceride, Cetearyl Alcohol, Macadamia Temifolia Seed Oil, Hydrogenated Polydecene, Niacinamide, Butyrospermum Parkii (Shea) Butter, Glyceryl Stearate, Beeswax, Saccharomyces\/Xylinum\/Black Tea Ferment, Arachidyl Alcohol, Behenyl Alcohol, Arachidyl Glucoside, Phenyl Trimethicone, Cetearyl Glucoside, Sorbitan Stearate, Cellulose Gum, Sodium Hyaluronate, Hydrolyzed Hyaluronic Acid, Sodium Acetylated Hyaluronate, Hydroxyethylcellulose, Broussonetia Kazinoki Root Extract, Punica Granatum Fruit Extract, Coptis Japonica Extract, Centenlla Asiatica Extract, Adenosine, Ceramide NP, Yeast Beta-Glucan, Copper Tripeptide-1, Acetyl Hexapeptide-8, Hydrogenated Lecithin, Carbomer, Butytene Glycol, Hydroxyacetophenone, Myrtus Communis Extract, Tropaeolum Majus Extract, Tromethamine, Disodium EDTA, Octyldodecanol, Caprylyl Glycol, Ethylhexylglycerin, 1,2-Hexanediol<\/p>\n","protected":false},"excerpt":{"rendered":"<p>Pretnoveco\u0161anas acu kr\u0113ms Pyunkang Yul Black Tea Time Reverse Eye Cream efekt\u012bvi baro \u0101du, mitrina, toniz\u0113 \u0101du. Izgaismo tum\u0161os lokus zem ac\u012bm ar niacinam\u012bdu. Efekt\u012bvi izl\u012bdzina grumbas, jo t\u0101 sast\u0101v\u0101 ir Acetyl Hexapeptide-8, kam ir Botox l\u012bdz\u012bga iedarb\u012bba. Satur \u0161\u012b sviestu, makad\u0101mijas sviestu, keram\u012bdus un niacinam\u012bdu. Produkts ir dro\u0161s un hipoaler\u0123isks, nesatur m\u0101ksl\u012bgas kr\u0101svielas un [&hellip;]<\/p>\n","protected":false},"featured_media":8583,"comment_status":"open","ping_status":"closed","template":"","meta":{"site-sidebar-layout":"default","site-content-layout":"","ast-site-content-layout":"","site-content-style":"default","site-sidebar-style":"default","ast-global-header-display":"","ast-banner-title-visibility":"","ast-main-header-display":"","ast-hfb-above-header-display":"","ast-hfb-below-header-display":"","ast-hfb-mobile-header-display":"","site-post-title":"","ast-breadcrumbs-content":"","ast-featured-img":"","footer-sml-layout":"","theme-transparent-header-meta":"","adv-header-id-meta":"","stick-header-meta":"","header-above-stick-meta":"","header-main-stick-meta":"","header-below-stick-meta":"","astra-migrate-meta-layouts":"default","ast-page-background-enabled":"default","ast-page-background-meta":{"desktop":{"background-color":"var(--ast-global-color-4)","background-image":"","background-repeat":"repeat","background-position":"center center","background-size":"auto","background-attachment":"scroll","background-type":"","background-media":"","overlay-type":"","overlay-color":"","overlay-opacity":"","overlay-gradient":""},"tablet":{"background-color":"","background-image":"","background-repeat":"repeat","background-position":"center center","background-size":"auto","background-attachment":"scroll","background-type":"","background-media":"","overlay-type":"","overlay-color":"","overlay-opacity":"","overlay-gradient":""},"mobile":{"background-color":"","background-image":"","background-repeat":"repeat","background-position":"center center","background-size":"auto","background-attachment":"scroll","background-type":"","background-media":"","overlay-type":"","overlay-color":"","overlay-opacity":"","overlay-gradient":""}},"ast-content-background-meta":{"desktop":{"background-color":"var(--ast-global-color-5)","background-image":"","background-repeat":"repeat","background-position":"center center","background-size":"auto","background-attachment":"scroll","background-type":"","background-media":"","overlay-type":"","overlay-color":"","overlay-opacity":"","overlay-gradient":""},"tablet":{"background-color":"var(--ast-global-color-5)","background-image":"","background-repeat":"repeat","background-position":"center center","background-size":"auto","background-attachment":"scroll","background-type":"","background-media":"","overlay-type":"","overlay-color":"","overlay-opacity":"","overlay-gradient":""},"mobile":{"background-color":"var(--ast-global-color-5)","background-image":"","background-repeat":"repeat","background-position":"center center","background-size":"auto","background-attachment":"scroll","background-type":"","background-media":"","overlay-type":"","overlay-color":"","overlay-opacity":"","overlay-gradient":""}}},"product_brand":[],"product_cat":[308,307],"product_tag":[],"berocket_brand":[587],"class_list":{"0":"post-5606","1":"product","2":"type-product","3":"status-publish","4":"has-post-thumbnail","6":"product_cat-acu-krems","7":"product_cat-sejai","8":"berocket_brand-pyunkangyul","9":"desktop-align-left","10":"tablet-align-left","11":"mobile-align-left","13":"first","14":"instock","15":"taxable","16":"shipping-taxable","17":"purchasable","18":"product-type-simple","19":"add-to-wishlist-before_image"},"yoast_head":"<!-- This site is optimized with the Yoast SEO plugin v27.4 - https:\/\/yoast.com\/product\/yoast-seo-wordpress\/ -->\n<title>PYUNKANG YUL BLACK TEA TIME REVERSE EYE CREAM 25ML - FACECORNER<\/title>\n<meta name=\"robots\" content=\"index, follow, max-snippet:-1, max-image-preview:large, max-video-preview:-1\" \/>\n<link rel=\"canonical\" href=\"https:\/\/www.facecorner.lv\/lv\/shop\/pyunkang-yul-black-tea-time-reverse-eye-cream-25ml\/\" \/>\n<meta property=\"og:locale\" content=\"lv_LV\" \/>\n<meta property=\"og:type\" content=\"article\" \/>\n<meta property=\"og:title\" content=\"PYUNKANG YUL BLACK TEA TIME REVERSE EYE CREAM 25ML - FACECORNER\" \/>\n<meta property=\"og:description\" content=\"Pretnoveco\u0161anas acu kr\u0113ms Pyunkang Yul Black Tea Time Reverse Eye Cream efekt\u012bvi baro \u0101du, mitrina, toniz\u0113 \u0101du. Izgaismo tum\u0161os lokus zem ac\u012bm ar niacinam\u012bdu. Efekt\u012bvi izl\u012bdzina grumbas, jo t\u0101 sast\u0101v\u0101 ir Acetyl Hexapeptide-8, kam ir Botox l\u012bdz\u012bga iedarb\u012bba. Satur \u0161\u012b sviestu, makad\u0101mijas sviestu, keram\u012bdus un niacinam\u012bdu. Produkts ir dro\u0161s un hipoaler\u0123isks, nesatur m\u0101ksl\u012bgas kr\u0101svielas un [&hellip;]\" \/>\n<meta property=\"og:url\" content=\"https:\/\/www.facecorner.lv\/lv\/shop\/pyunkang-yul-black-tea-time-reverse-eye-cream-25ml\/\" \/>\n<meta property=\"og:site_name\" content=\"FACECORNER\" \/>\n<meta property=\"article:publisher\" content=\"https:\/\/www.facebook.com\/profile.php?id=100063824551839\" \/>\n<meta property=\"article:modified_time\" content=\"2026-04-29T10:52:25+00:00\" \/>\n<meta property=\"og:image\" content=\"https:\/\/www.facecorner.lv\/wp-content\/uploads\/2023\/02\/pyunkang-yul-black-tea-time-reverse-eye-cream-25ml_1024x1024.jpg.webp\" \/>\n\t<meta property=\"og:image:width\" content=\"1000\" \/>\n\t<meta property=\"og:image:height\" content=\"1000\" \/>\n\t<meta property=\"og:image:type\" content=\"image\/webp\" \/>\n<meta name=\"twitter:card\" content=\"summary_large_image\" \/>\n<meta name=\"twitter:label1\" content=\"Price\" \/>\n\t<meta name=\"twitter:data1\" content=\"&euro;36.30\" \/>\n\t<meta name=\"twitter:label2\" content=\"Availability\" \/>\n\t<meta name=\"twitter:data2\" content=\"In stock\" \/>\n<script type=\"application\/ld+json\" class=\"yoast-schema-graph\">{\"@context\":\"https:\\\/\\\/schema.org\",\"@graph\":[{\"@type\":\"WebPage\",\"@id\":\"https:\\\/\\\/www.facecorner.lv\\\/shop\\\/pyunkang-yul-black-tea-time-reverse-eye-cream-25ml\\\/\",\"url\":\"https:\\\/\\\/www.facecorner.lv\\\/shop\\\/pyunkang-yul-black-tea-time-reverse-eye-cream-25ml\\\/\",\"name\":\"PYUNKANG YUL BLACK TEA TIME REVERSE EYE CREAM 25ML - FACECORNER\",\"isPartOf\":{\"@id\":\"https:\\\/\\\/www.facecorner.lv\\\/#website\"},\"primaryImageOfPage\":{\"@id\":\"https:\\\/\\\/www.facecorner.lv\\\/shop\\\/pyunkang-yul-black-tea-time-reverse-eye-cream-25ml\\\/#primaryimage\"},\"image\":{\"@id\":\"https:\\\/\\\/www.facecorner.lv\\\/shop\\\/pyunkang-yul-black-tea-time-reverse-eye-cream-25ml\\\/#primaryimage\"},\"thumbnailUrl\":\"https:\\\/\\\/www.facecorner.lv\\\/wp-content\\\/uploads\\\/2023\\\/02\\\/pyunkang-yul-black-tea-time-reverse-eye-cream-25ml_1024x1024.jpg.webp\",\"datePublished\":\"2023-02-07T11:41:59+00:00\",\"dateModified\":\"2026-04-29T10:52:25+00:00\",\"breadcrumb\":{\"@id\":\"https:\\\/\\\/www.facecorner.lv\\\/shop\\\/pyunkang-yul-black-tea-time-reverse-eye-cream-25ml\\\/#breadcrumb\"},\"inLanguage\":\"lv-LV\",\"potentialAction\":[{\"@type\":\"ReadAction\",\"target\":[\"https:\\\/\\\/www.facecorner.lv\\\/shop\\\/pyunkang-yul-black-tea-time-reverse-eye-cream-25ml\\\/\"]}]},{\"@type\":\"ImageObject\",\"inLanguage\":\"lv-LV\",\"@id\":\"https:\\\/\\\/www.facecorner.lv\\\/shop\\\/pyunkang-yul-black-tea-time-reverse-eye-cream-25ml\\\/#primaryimage\",\"url\":\"https:\\\/\\\/www.facecorner.lv\\\/wp-content\\\/uploads\\\/2023\\\/02\\\/pyunkang-yul-black-tea-time-reverse-eye-cream-25ml_1024x1024.jpg.webp\",\"contentUrl\":\"https:\\\/\\\/www.facecorner.lv\\\/wp-content\\\/uploads\\\/2023\\\/02\\\/pyunkang-yul-black-tea-time-reverse-eye-cream-25ml_1024x1024.jpg.webp\",\"width\":1000,\"height\":1000},{\"@type\":\"BreadcrumbList\",\"@id\":\"https:\\\/\\\/www.facecorner.lv\\\/shop\\\/pyunkang-yul-black-tea-time-reverse-eye-cream-25ml\\\/#breadcrumb\",\"itemListElement\":[{\"@type\":\"ListItem\",\"position\":1,\"name\":\"Home\",\"item\":\"https:\\\/\\\/www.facecorner.lv\\\/\"},{\"@type\":\"ListItem\",\"position\":2,\"name\":\"Veikals\",\"item\":\"https:\\\/\\\/www.facecorner.lv\\\/shop\\\/\"},{\"@type\":\"ListItem\",\"position\":3,\"name\":\"PYUNKANG YUL BLACK TEA TIME REVERSE EYE CREAM 25ML\"}]},{\"@type\":\"WebSite\",\"@id\":\"https:\\\/\\\/www.facecorner.lv\\\/#website\",\"url\":\"https:\\\/\\\/www.facecorner.lv\\\/\",\"name\":\"Facecorner\",\"description\":\"\",\"publisher\":{\"@id\":\"https:\\\/\\\/www.facecorner.lv\\\/#organization\"},\"potentialAction\":[{\"@type\":\"SearchAction\",\"target\":{\"@type\":\"EntryPoint\",\"urlTemplate\":\"https:\\\/\\\/www.facecorner.lv\\\/?s={search_term_string}\"},\"query-input\":{\"@type\":\"PropertyValueSpecification\",\"valueRequired\":true,\"valueName\":\"search_term_string\"}}],\"inLanguage\":\"lv-LV\"},{\"@type\":\"Organization\",\"@id\":\"https:\\\/\\\/www.facecorner.lv\\\/#organization\",\"name\":\"Facecorner\",\"url\":\"https:\\\/\\\/www.facecorner.lv\\\/\",\"logo\":{\"@type\":\"ImageObject\",\"inLanguage\":\"lv-LV\",\"@id\":\"https:\\\/\\\/www.facecorner.lv\\\/#\\\/schema\\\/logo\\\/image\\\/\",\"url\":\"https:\\\/\\\/www.facecorner.lv\\\/wp-content\\\/uploads\\\/2024\\\/04\\\/fc-logo.jpg\",\"contentUrl\":\"https:\\\/\\\/www.facecorner.lv\\\/wp-content\\\/uploads\\\/2024\\\/04\\\/fc-logo.jpg\",\"width\":174,\"height\":28,\"caption\":\"Facecorner\"},\"image\":{\"@id\":\"https:\\\/\\\/www.facecorner.lv\\\/#\\\/schema\\\/logo\\\/image\\\/\"},\"sameAs\":[\"https:\\\/\\\/www.facebook.com\\\/profile.php?id=100063824551839\",\"https:\\\/\\\/www.instagram.com\\\/facecorner_shop\\\/\"]}]}<\/script>\n<meta property=\"product:price:amount\" content=\"36.30\" \/>\n<meta property=\"product:price:currency\" content=\"EUR\" \/>\n<meta property=\"og:availability\" content=\"instock\" \/>\n<meta property=\"product:availability\" content=\"instock\" \/>\n<meta property=\"product:condition\" content=\"new\" \/>\n<!-- \/ Yoast SEO plugin. -->","yoast_head_json":{"title":"PYUNKANG YUL BLACK TEA TIME REVERSE EYE CREAM 25ML - FACECORNER","robots":{"index":"index","follow":"follow","max-snippet":"max-snippet:-1","max-image-preview":"max-image-preview:large","max-video-preview":"max-video-preview:-1"},"canonical":"https:\/\/www.facecorner.lv\/lv\/shop\/pyunkang-yul-black-tea-time-reverse-eye-cream-25ml\/","og_locale":"lv_LV","og_type":"article","og_title":"PYUNKANG YUL BLACK TEA TIME REVERSE EYE CREAM 25ML - FACECORNER","og_description":"Pretnoveco\u0161anas acu kr\u0113ms Pyunkang Yul Black Tea Time Reverse Eye Cream efekt\u012bvi baro \u0101du, mitrina, toniz\u0113 \u0101du. Izgaismo tum\u0161os lokus zem ac\u012bm ar niacinam\u012bdu. Efekt\u012bvi izl\u012bdzina grumbas, jo t\u0101 sast\u0101v\u0101 ir Acetyl Hexapeptide-8, kam ir Botox l\u012bdz\u012bga iedarb\u012bba. Satur \u0161\u012b sviestu, makad\u0101mijas sviestu, keram\u012bdus un niacinam\u012bdu. Produkts ir dro\u0161s un hipoaler\u0123isks, nesatur m\u0101ksl\u012bgas kr\u0101svielas un [&hellip;]","og_url":"https:\/\/www.facecorner.lv\/lv\/shop\/pyunkang-yul-black-tea-time-reverse-eye-cream-25ml\/","og_site_name":"FACECORNER","article_publisher":"https:\/\/www.facebook.com\/profile.php?id=100063824551839","article_modified_time":"2026-04-29T10:52:25+00:00","og_image":[{"width":1000,"height":1000,"url":"https:\/\/www.facecorner.lv\/wp-content\/uploads\/2023\/02\/pyunkang-yul-black-tea-time-reverse-eye-cream-25ml_1024x1024.jpg.webp","type":"image\/webp"}],"twitter_card":"summary_large_image","twitter_misc":{"Price":"&euro;36.30","Availability":"In stock"},"schema":{"@context":"https:\/\/schema.org","@graph":[{"@type":"WebPage","@id":"https:\/\/www.facecorner.lv\/shop\/pyunkang-yul-black-tea-time-reverse-eye-cream-25ml\/","url":"https:\/\/www.facecorner.lv\/shop\/pyunkang-yul-black-tea-time-reverse-eye-cream-25ml\/","name":"PYUNKANG YUL BLACK TEA TIME REVERSE EYE CREAM 25ML - FACECORNER","isPartOf":{"@id":"https:\/\/www.facecorner.lv\/#website"},"primaryImageOfPage":{"@id":"https:\/\/www.facecorner.lv\/shop\/pyunkang-yul-black-tea-time-reverse-eye-cream-25ml\/#primaryimage"},"image":{"@id":"https:\/\/www.facecorner.lv\/shop\/pyunkang-yul-black-tea-time-reverse-eye-cream-25ml\/#primaryimage"},"thumbnailUrl":"https:\/\/www.facecorner.lv\/wp-content\/uploads\/2023\/02\/pyunkang-yul-black-tea-time-reverse-eye-cream-25ml_1024x1024.jpg.webp","datePublished":"2023-02-07T11:41:59+00:00","dateModified":"2026-04-29T10:52:25+00:00","breadcrumb":{"@id":"https:\/\/www.facecorner.lv\/shop\/pyunkang-yul-black-tea-time-reverse-eye-cream-25ml\/#breadcrumb"},"inLanguage":"lv-LV","potentialAction":[{"@type":"ReadAction","target":["https:\/\/www.facecorner.lv\/shop\/pyunkang-yul-black-tea-time-reverse-eye-cream-25ml\/"]}]},{"@type":"ImageObject","inLanguage":"lv-LV","@id":"https:\/\/www.facecorner.lv\/shop\/pyunkang-yul-black-tea-time-reverse-eye-cream-25ml\/#primaryimage","url":"https:\/\/www.facecorner.lv\/wp-content\/uploads\/2023\/02\/pyunkang-yul-black-tea-time-reverse-eye-cream-25ml_1024x1024.jpg.webp","contentUrl":"https:\/\/www.facecorner.lv\/wp-content\/uploads\/2023\/02\/pyunkang-yul-black-tea-time-reverse-eye-cream-25ml_1024x1024.jpg.webp","width":1000,"height":1000},{"@type":"BreadcrumbList","@id":"https:\/\/www.facecorner.lv\/shop\/pyunkang-yul-black-tea-time-reverse-eye-cream-25ml\/#breadcrumb","itemListElement":[{"@type":"ListItem","position":1,"name":"Home","item":"https:\/\/www.facecorner.lv\/"},{"@type":"ListItem","position":2,"name":"Veikals","item":"https:\/\/www.facecorner.lv\/shop\/"},{"@type":"ListItem","position":3,"name":"PYUNKANG YUL BLACK TEA TIME REVERSE EYE CREAM 25ML"}]},{"@type":"WebSite","@id":"https:\/\/www.facecorner.lv\/#website","url":"https:\/\/www.facecorner.lv\/","name":"Facecorner","description":"","publisher":{"@id":"https:\/\/www.facecorner.lv\/#organization"},"potentialAction":[{"@type":"SearchAction","target":{"@type":"EntryPoint","urlTemplate":"https:\/\/www.facecorner.lv\/?s={search_term_string}"},"query-input":{"@type":"PropertyValueSpecification","valueRequired":true,"valueName":"search_term_string"}}],"inLanguage":"lv-LV"},{"@type":"Organization","@id":"https:\/\/www.facecorner.lv\/#organization","name":"Facecorner","url":"https:\/\/www.facecorner.lv\/","logo":{"@type":"ImageObject","inLanguage":"lv-LV","@id":"https:\/\/www.facecorner.lv\/#\/schema\/logo\/image\/","url":"https:\/\/www.facecorner.lv\/wp-content\/uploads\/2024\/04\/fc-logo.jpg","contentUrl":"https:\/\/www.facecorner.lv\/wp-content\/uploads\/2024\/04\/fc-logo.jpg","width":174,"height":28,"caption":"Facecorner"},"image":{"@id":"https:\/\/www.facecorner.lv\/#\/schema\/logo\/image\/"},"sameAs":["https:\/\/www.facebook.com\/profile.php?id=100063824551839","https:\/\/www.instagram.com\/facecorner_shop\/"]}]},"product_price_amount":"36.30","product_price_currency":"EUR","og_availability":"instock","product_availability":"instock","product_condition":"new"},"_links":{"self":[{"href":"https:\/\/www.facecorner.lv\/lv\/wp-json\/wp\/v2\/product\/5606","targetHints":{"allow":["GET"]}}],"collection":[{"href":"https:\/\/www.facecorner.lv\/lv\/wp-json\/wp\/v2\/product"}],"about":[{"href":"https:\/\/www.facecorner.lv\/lv\/wp-json\/wp\/v2\/types\/product"}],"replies":[{"embeddable":true,"href":"https:\/\/www.facecorner.lv\/lv\/wp-json\/wp\/v2\/comments?post=5606"}],"wp:featuredmedia":[{"embeddable":true,"href":"https:\/\/www.facecorner.lv\/lv\/wp-json\/wp\/v2\/media\/8583"}],"wp:attachment":[{"href":"https:\/\/www.facecorner.lv\/lv\/wp-json\/wp\/v2\/media?parent=5606"}],"wp:term":[{"taxonomy":"product_brand","embeddable":true,"href":"https:\/\/www.facecorner.lv\/lv\/wp-json\/wp\/v2\/product_brand?post=5606"},{"taxonomy":"product_cat","embeddable":true,"href":"https:\/\/www.facecorner.lv\/lv\/wp-json\/wp\/v2\/product_cat?post=5606"},{"taxonomy":"product_tag","embeddable":true,"href":"https:\/\/www.facecorner.lv\/lv\/wp-json\/wp\/v2\/product_tag?post=5606"},{"taxonomy":"berocket_brand","embeddable":true,"href":"https:\/\/www.facecorner.lv\/lv\/wp-json\/wp\/v2\/berocket_brand?post=5606"}],"curies":[{"name":"wp","href":"https:\/\/api.w.org\/{rel}","templated":true}]}}