{"id":27658,"date":"2026-05-13T15:56:01","date_gmt":"2026-05-13T12:56:01","guid":{"rendered":"https:\/\/www.facecorner.lv\/?post_type=product&#038;p=27658"},"modified":"2026-05-13T15:56:01","modified_gmt":"2026-05-13T12:56:01","slug":"nine-less-my-fit-sheet-mask-auduma-maska","status":"publish","type":"product","link":"https:\/\/www.facecorner.lv\/lv\/shop\/nine-less-my-fit-sheet-mask-auduma-maska\/","title":{"rendered":"NINE LESS My Fit Sheet Mask auduma maska"},"content":{"rendered":"<p>NINELESS My Fit Sheet Mask ir korejie\u0161u loksnes masku s\u0113rija, kur\u0101 katra maska ir veidota ar vienu galveno akt\u012bvo ingredientu, m\u0113r\u0137tiec\u012bgi iedarbojoties uz konkr\u0113tu \u0101das probl\u0113mu.<\/p>\n<p>M\u012bkst\u0101, \u0101dai cie\u0161i piegu\u013co\u0161\u0101 loksne nodro\u0161ina intens\u012bvu akt\u012bvo vielu ievad\u012b\u0161anu \u0101d\u0101 tikai <strong>15 min\u016b\u0161u<\/strong> laik\u0101.<\/p>\n<p>Rezult\u0101ts \u2014 mitrin\u0101ta, nomierin\u0101ta un atjaunota \u0101da jau p\u0113c pirm\u0101s lieto\u0161anas.<\/p>\n<p><strong>Kojic Acid (Kojisk\u0101be)<\/strong> Izgaismo \u0101du, mazina tum\u0161os plankumus un p\u0113cp\u016bt\u012b\u0161u pigment\u0101ciju. Satur ar\u012b glutationu, arbut\u012bnu un vitam\u012bnu C.<\/p>\n<p><strong>Tranexamic Acid (Traneks\u0101msk\u0101be)<\/strong> Iedarbojas uz sp\u012bt\u012bgiem tum\u0161ajiem plankumiem, \u0101das nevienm\u0113r\u012bgumu un aps\u0101rtumu. Satur ar\u012b niacinam\u012bdu un hialuronsk\u0101bi.<\/p>\n<p><strong>DRN (Polinukleot\u012bdi)<\/strong> Atbalsta \u0101das re\u0123ener\u0101ciju, uzlabo elast\u012bbu un stiprina barjeru. Piem\u0113rota noguru\u0161ai, boj\u0101tai vai j\u016bt\u012bgai \u0101dai.<\/p>\n<p class=\"text-text-100 mt-2 -mb-1 text-base font-bold\"><strong>Lieto\u0161anas veids<\/strong><\/p>\n<ol class=\"[li_&amp;]:mb-0 [li_&amp;]:mt-1 [li_&amp;]:gap-1 [&amp;:not(:last-child)_ul]:pb-1 [&amp;:not(:last-child)_ol]:pb-1 list-decimal flex flex-col gap-1 pl-8 mb-3\">\n<li class=\"font-claude-response-body whitespace-normal break-words pl-2\">Izt\u012briet seju un lietojiet toniku.<\/li>\n<li class=\"font-claude-response-body whitespace-normal break-words pl-2\">Uzlieciet loksnes masku uz sejas un piestipriniet to pie \u0101das.<\/li>\n<li class=\"font-claude-response-body whitespace-normal break-words pl-2\">Atst\u0101jiet uz <strong>15 min\u016bt\u0113m<\/strong>.<\/li>\n<li class=\"font-claude-response-body whitespace-normal break-words pl-2\">No\u0146emiet masku un viegli iemas\u0113jiet atliku\u0161o serumu \u0101d\u0101.<\/li>\n<li class=\"font-claude-response-body whitespace-normal break-words pl-2\"><strong>Neskalojiet.<\/strong> Turpiniet ar parastajiem \u0101das kop\u0161anas l\u012bdzek\u013ciem.<\/li>\n<\/ol>\n<p class=\"font-claude-response-body break-words whitespace-normal leading-[1.7]\">Ieteicams lietot 2\u20133 reizes ned\u0113\u013c\u0101 vai p\u0113c nepiecie\u0161am\u012bbas.<\/p>\n<h6 class=\"text-text-100 mt-2 -mb-1 text-base font-bold\">Piesardz\u012bbas noteikumi<\/h6>\n<ul class=\"[li_&amp;]:mb-0 [li_&amp;]:mt-1 [li_&amp;]:gap-1 [&amp;:not(:last-child)_ul]:pb-1 [&amp;:not(:last-child)_ol]:pb-1 list-disc flex flex-col gap-1 pl-8 mb-3\">\n<li class=\"font-claude-response-body whitespace-normal break-words pl-2\">Paredz\u0113ts tikai \u0101r\u0113jai lieto\u0161anai.<\/li>\n<li class=\"font-claude-response-body whitespace-normal break-words pl-2\">Izvair\u012bties no saskares ar ac\u012bm. Ja produkts nok\u013c\u016bst ac\u012bs, nekav\u0113joties skalojiet ar \u016bdeni.<\/li>\n<li class=\"font-claude-response-body whitespace-normal break-words pl-2\">Pirms lieto\u0161anas ieteicams veikt tolerances testu uz nelielas \u0101das zonas.<\/li>\n<li class=\"font-claude-response-body whitespace-normal break-words pl-2\">Glab\u0101t b\u0113rniem nepieejam\u0101 viet\u0101.<\/li>\n<li class=\"font-claude-response-body whitespace-normal break-words pl-2\">Glab\u0101t v\u0113s\u0101, saus\u0101 viet\u0101, pasarg\u0101t no tie\u0161as saules gaismas.<\/li>\n<li class=\"font-claude-response-body whitespace-normal break-words pl-2\">P\u0101rtrauciet lieto\u0161anu kairin\u0101juma gad\u012bjum\u0101.<\/li>\n<\/ul>\n<p><strong>EU atbild\u012bg\u0101 persona:<\/strong> AK Biocosmetics GmbH,Postfach 14 Langenzersdorf 2103 Austria<\/p>\n<p>Sast\u0101vs: <strong>PDRN:<\/strong> Aqua (Water), Butylene Glycol, Glycerin, 1,2-Hexanediol, Methylpropanediol, Trehalose, Carbomer, Arginine, Allantoin, Panthenol, Ethylhexylglycerin, Polyglyceryl-10 Laurate, Xanthan Gum, Disodium EDTA, Glyceryl Acrylate\/Acrylic Acid Copolymer, Cyanocobalamin, Sodium DNA, Oenothera Biennis (Evening Primrose) Flower Extract, Bambusa Vulgaris Water, Nelumbo Nucifera Extract<\/p>\n","protected":false},"excerpt":{"rendered":"<p>NINELESS My Fit Sheet Mask ir korejie\u0161u loksnes masku s\u0113rija, kur\u0101 katra maska ir veidota ar vienu galveno akt\u012bvo ingredientu, m\u0113r\u0137tiec\u012bgi iedarbojoties uz konkr\u0113tu \u0101das probl\u0113mu.<\/p>\n","protected":false},"featured_media":27662,"comment_status":"open","ping_status":"closed","template":"","meta":{"site-sidebar-layout":"default","site-content-layout":"","ast-site-content-layout":"default","site-content-style":"default","site-sidebar-style":"default","ast-global-header-display":"","ast-banner-title-visibility":"","ast-main-header-display":"","ast-hfb-above-header-display":"","ast-hfb-below-header-display":"","ast-hfb-mobile-header-display":"","site-post-title":"","ast-breadcrumbs-content":"","ast-featured-img":"","footer-sml-layout":"","theme-transparent-header-meta":"default","adv-header-id-meta":"","stick-header-meta":"","header-above-stick-meta":"","header-main-stick-meta":"","header-below-stick-meta":"","astra-migrate-meta-layouts":"set","ast-page-background-enabled":"default","ast-page-background-meta":{"desktop":{"background-color":"var(--ast-global-color-4)","background-image":"","background-repeat":"repeat","background-position":"center center","background-size":"auto","background-attachment":"scroll","background-type":"","background-media":"","overlay-type":"","overlay-color":"","overlay-opacity":"","overlay-gradient":""},"tablet":{"background-color":"","background-image":"","background-repeat":"repeat","background-position":"center center","background-size":"auto","background-attachment":"scroll","background-type":"","background-media":"","overlay-type":"","overlay-color":"","overlay-opacity":"","overlay-gradient":""},"mobile":{"background-color":"","background-image":"","background-repeat":"repeat","background-position":"center center","background-size":"auto","background-attachment":"scroll","background-type":"","background-media":"","overlay-type":"","overlay-color":"","overlay-opacity":"","overlay-gradient":""}},"ast-content-background-meta":{"desktop":{"background-color":"var(--ast-global-color-5)","background-image":"","background-repeat":"repeat","background-position":"center center","background-size":"auto","background-attachment":"scroll","background-type":"","background-media":"","overlay-type":"","overlay-color":"","overlay-opacity":"","overlay-gradient":""},"tablet":{"background-color":"var(--ast-global-color-5)","background-image":"","background-repeat":"repeat","background-position":"center center","background-size":"auto","background-attachment":"scroll","background-type":"","background-media":"","overlay-type":"","overlay-color":"","overlay-opacity":"","overlay-gradient":""},"mobile":{"background-color":"var(--ast-global-color-5)","background-image":"","background-repeat":"repeat","background-position":"center center","background-size":"auto","background-attachment":"scroll","background-type":"","background-media":"","overlay-type":"","overlay-color":"","overlay-opacity":"","overlay-gradient":""}}},"product_brand":[],"product_cat":[324,315,652],"product_tag":[],"berocket_brand":[694],"class_list":{"0":"post-27658","1":"product","2":"type-product","3":"status-publish","4":"has-post-thumbnail","6":"product_cat-auduma","7":"product_cat-maskas","8":"product_cat-pdrn","9":"berocket_brand-nine-less","10":"desktop-align-left","11":"tablet-align-left","12":"mobile-align-left","14":"first","15":"instock","16":"taxable","17":"shipping-taxable","18":"purchasable","19":"product-type-variable","20":"add-to-wishlist-before_image"},"yoast_head":"<!-- This site is optimized with the Yoast SEO plugin v27.4 - https:\/\/yoast.com\/product\/yoast-seo-wordpress\/ -->\n<title>NINE LESS My Fit Sheet Mask auduma maska - FACECORNER<\/title>\n<meta name=\"description\" content=\"NINELESS My Fit Sheet Mask ir korejie\u0161u loksnes masku s\u0113rija, kur\u0101 katra maska ir veidota ar vienu galveno akt\u012bvo ingredientu, m\u0113r\u0137tiec\u012bgi iedarbojoties uz konkr\u0113tu \u0101das probl\u0113mu.\" \/>\n<meta name=\"robots\" content=\"index, follow, max-snippet:-1, max-image-preview:large, max-video-preview:-1\" \/>\n<link rel=\"canonical\" href=\"https:\/\/www.facecorner.lv\/lv\/shop\/nine-less-my-fit-sheet-mask-auduma-maska\/\" \/>\n<meta property=\"og:locale\" content=\"lv_LV\" \/>\n<meta property=\"og:type\" content=\"article\" \/>\n<meta property=\"og:title\" content=\"NINE LESS My Fit Sheet Mask auduma maska - FACECORNER\" \/>\n<meta property=\"og:description\" content=\"NINELESS My Fit Sheet Mask ir korejie\u0161u loksnes masku s\u0113rija, kur\u0101 katra maska ir veidota ar vienu galveno akt\u012bvo ingredientu, m\u0113r\u0137tiec\u012bgi iedarbojoties uz konkr\u0113tu \u0101das probl\u0113mu.\" \/>\n<meta property=\"og:url\" content=\"https:\/\/www.facecorner.lv\/lv\/shop\/nine-less-my-fit-sheet-mask-auduma-maska\/\" \/>\n<meta property=\"og:site_name\" content=\"FACECORNER\" \/>\n<meta property=\"article:publisher\" content=\"https:\/\/www.facebook.com\/profile.php?id=100063824551839\" \/>\n<meta property=\"og:image\" content=\"https:\/\/www.facecorner.lv\/wp-content\/uploads\/2026\/05\/XXL_p0222844143.webp\" \/>\n\t<meta property=\"og:image:width\" content=\"640\" \/>\n\t<meta property=\"og:image:height\" content=\"640\" \/>\n\t<meta property=\"og:image:type\" content=\"image\/webp\" \/>\n<meta name=\"twitter:card\" content=\"summary_large_image\" \/>\n<meta name=\"twitter:label1\" content=\"Availability\" \/>\n\t<meta name=\"twitter:data1\" content=\"In stock\" \/>\n<script type=\"application\/ld+json\" class=\"yoast-schema-graph\">{\"@context\":\"https:\\\/\\\/schema.org\",\"@graph\":[{\"@type\":\"WebPage\",\"@id\":\"https:\\\/\\\/www.facecorner.lv\\\/shop\\\/nine-less-my-fit-sheet-mask-auduma-maska\\\/\",\"url\":\"https:\\\/\\\/www.facecorner.lv\\\/shop\\\/nine-less-my-fit-sheet-mask-auduma-maska\\\/\",\"name\":\"NINE LESS My Fit Sheet Mask auduma maska - FACECORNER\",\"isPartOf\":{\"@id\":\"https:\\\/\\\/www.facecorner.lv\\\/#website\"},\"primaryImageOfPage\":{\"@id\":\"https:\\\/\\\/www.facecorner.lv\\\/shop\\\/nine-less-my-fit-sheet-mask-auduma-maska\\\/#primaryimage\"},\"image\":{\"@id\":\"https:\\\/\\\/www.facecorner.lv\\\/shop\\\/nine-less-my-fit-sheet-mask-auduma-maska\\\/#primaryimage\"},\"thumbnailUrl\":\"https:\\\/\\\/www.facecorner.lv\\\/wp-content\\\/uploads\\\/2026\\\/05\\\/XXL_p0222844143.webp\",\"datePublished\":\"2026-05-13T12:56:01+00:00\",\"description\":\"NINELESS My Fit Sheet Mask ir korejie\u0161u loksnes masku s\u0113rija, kur\u0101 katra maska ir veidota ar vienu galveno akt\u012bvo ingredientu, m\u0113r\u0137tiec\u012bgi iedarbojoties uz konkr\u0113tu \u0101das probl\u0113mu.\",\"breadcrumb\":{\"@id\":\"https:\\\/\\\/www.facecorner.lv\\\/shop\\\/nine-less-my-fit-sheet-mask-auduma-maska\\\/#breadcrumb\"},\"inLanguage\":\"lv-LV\",\"potentialAction\":[{\"@type\":\"ReadAction\",\"target\":[\"https:\\\/\\\/www.facecorner.lv\\\/shop\\\/nine-less-my-fit-sheet-mask-auduma-maska\\\/\"]}]},{\"@type\":\"ImageObject\",\"inLanguage\":\"lv-LV\",\"@id\":\"https:\\\/\\\/www.facecorner.lv\\\/shop\\\/nine-less-my-fit-sheet-mask-auduma-maska\\\/#primaryimage\",\"url\":\"https:\\\/\\\/www.facecorner.lv\\\/wp-content\\\/uploads\\\/2026\\\/05\\\/XXL_p0222844143.webp\",\"contentUrl\":\"https:\\\/\\\/www.facecorner.lv\\\/wp-content\\\/uploads\\\/2026\\\/05\\\/XXL_p0222844143.webp\",\"width\":640,\"height\":640,\"caption\":\"NINE LESS My Fit Sheet Mask\"},{\"@type\":\"BreadcrumbList\",\"@id\":\"https:\\\/\\\/www.facecorner.lv\\\/shop\\\/nine-less-my-fit-sheet-mask-auduma-maska\\\/#breadcrumb\",\"itemListElement\":[{\"@type\":\"ListItem\",\"position\":1,\"name\":\"Home\",\"item\":\"https:\\\/\\\/www.facecorner.lv\\\/\"},{\"@type\":\"ListItem\",\"position\":2,\"name\":\"Veikals\",\"item\":\"https:\\\/\\\/www.facecorner.lv\\\/shop\\\/\"},{\"@type\":\"ListItem\",\"position\":3,\"name\":\"NINE LESS My Fit Sheet Mask auduma maska\"}]},{\"@type\":\"WebSite\",\"@id\":\"https:\\\/\\\/www.facecorner.lv\\\/#website\",\"url\":\"https:\\\/\\\/www.facecorner.lv\\\/\",\"name\":\"Facecorner\",\"description\":\"\",\"publisher\":{\"@id\":\"https:\\\/\\\/www.facecorner.lv\\\/#organization\"},\"potentialAction\":[{\"@type\":\"SearchAction\",\"target\":{\"@type\":\"EntryPoint\",\"urlTemplate\":\"https:\\\/\\\/www.facecorner.lv\\\/?s={search_term_string}\"},\"query-input\":{\"@type\":\"PropertyValueSpecification\",\"valueRequired\":true,\"valueName\":\"search_term_string\"}}],\"inLanguage\":\"lv-LV\"},{\"@type\":\"Organization\",\"@id\":\"https:\\\/\\\/www.facecorner.lv\\\/#organization\",\"name\":\"Facecorner\",\"url\":\"https:\\\/\\\/www.facecorner.lv\\\/\",\"logo\":{\"@type\":\"ImageObject\",\"inLanguage\":\"lv-LV\",\"@id\":\"https:\\\/\\\/www.facecorner.lv\\\/#\\\/schema\\\/logo\\\/image\\\/\",\"url\":\"https:\\\/\\\/www.facecorner.lv\\\/wp-content\\\/uploads\\\/2024\\\/04\\\/fc-logo.jpg\",\"contentUrl\":\"https:\\\/\\\/www.facecorner.lv\\\/wp-content\\\/uploads\\\/2024\\\/04\\\/fc-logo.jpg\",\"width\":174,\"height\":28,\"caption\":\"Facecorner\"},\"image\":{\"@id\":\"https:\\\/\\\/www.facecorner.lv\\\/#\\\/schema\\\/logo\\\/image\\\/\"},\"sameAs\":[\"https:\\\/\\\/www.facebook.com\\\/profile.php?id=100063824551839\",\"https:\\\/\\\/www.instagram.com\\\/facecorner_shop\\\/\"]}]}<\/script>\n<meta property=\"og:availability\" content=\"instock\" \/>\n<meta property=\"product:availability\" content=\"instock\" \/>\n<meta property=\"product:condition\" content=\"new\" \/>\n<!-- \/ Yoast SEO plugin. -->","yoast_head_json":{"title":"NINE LESS My Fit Sheet Mask auduma maska - FACECORNER","description":"NINELESS My Fit Sheet Mask ir korejie\u0161u loksnes masku s\u0113rija, kur\u0101 katra maska ir veidota ar vienu galveno akt\u012bvo ingredientu, m\u0113r\u0137tiec\u012bgi iedarbojoties uz konkr\u0113tu \u0101das probl\u0113mu.","robots":{"index":"index","follow":"follow","max-snippet":"max-snippet:-1","max-image-preview":"max-image-preview:large","max-video-preview":"max-video-preview:-1"},"canonical":"https:\/\/www.facecorner.lv\/lv\/shop\/nine-less-my-fit-sheet-mask-auduma-maska\/","og_locale":"lv_LV","og_type":"article","og_title":"NINE LESS My Fit Sheet Mask auduma maska - FACECORNER","og_description":"NINELESS My Fit Sheet Mask ir korejie\u0161u loksnes masku s\u0113rija, kur\u0101 katra maska ir veidota ar vienu galveno akt\u012bvo ingredientu, m\u0113r\u0137tiec\u012bgi iedarbojoties uz konkr\u0113tu \u0101das probl\u0113mu.","og_url":"https:\/\/www.facecorner.lv\/lv\/shop\/nine-less-my-fit-sheet-mask-auduma-maska\/","og_site_name":"FACECORNER","article_publisher":"https:\/\/www.facebook.com\/profile.php?id=100063824551839","og_image":[{"width":640,"height":640,"url":"https:\/\/www.facecorner.lv\/wp-content\/uploads\/2026\/05\/XXL_p0222844143.webp","type":"image\/webp"}],"twitter_card":"summary_large_image","twitter_misc":{"Availability":"In stock"},"schema":{"@context":"https:\/\/schema.org","@graph":[{"@type":"WebPage","@id":"https:\/\/www.facecorner.lv\/shop\/nine-less-my-fit-sheet-mask-auduma-maska\/","url":"https:\/\/www.facecorner.lv\/shop\/nine-less-my-fit-sheet-mask-auduma-maska\/","name":"NINE LESS My Fit Sheet Mask auduma maska - FACECORNER","isPartOf":{"@id":"https:\/\/www.facecorner.lv\/#website"},"primaryImageOfPage":{"@id":"https:\/\/www.facecorner.lv\/shop\/nine-less-my-fit-sheet-mask-auduma-maska\/#primaryimage"},"image":{"@id":"https:\/\/www.facecorner.lv\/shop\/nine-less-my-fit-sheet-mask-auduma-maska\/#primaryimage"},"thumbnailUrl":"https:\/\/www.facecorner.lv\/wp-content\/uploads\/2026\/05\/XXL_p0222844143.webp","datePublished":"2026-05-13T12:56:01+00:00","description":"NINELESS My Fit Sheet Mask ir korejie\u0161u loksnes masku s\u0113rija, kur\u0101 katra maska ir veidota ar vienu galveno akt\u012bvo ingredientu, m\u0113r\u0137tiec\u012bgi iedarbojoties uz konkr\u0113tu \u0101das probl\u0113mu.","breadcrumb":{"@id":"https:\/\/www.facecorner.lv\/shop\/nine-less-my-fit-sheet-mask-auduma-maska\/#breadcrumb"},"inLanguage":"lv-LV","potentialAction":[{"@type":"ReadAction","target":["https:\/\/www.facecorner.lv\/shop\/nine-less-my-fit-sheet-mask-auduma-maska\/"]}]},{"@type":"ImageObject","inLanguage":"lv-LV","@id":"https:\/\/www.facecorner.lv\/shop\/nine-less-my-fit-sheet-mask-auduma-maska\/#primaryimage","url":"https:\/\/www.facecorner.lv\/wp-content\/uploads\/2026\/05\/XXL_p0222844143.webp","contentUrl":"https:\/\/www.facecorner.lv\/wp-content\/uploads\/2026\/05\/XXL_p0222844143.webp","width":640,"height":640,"caption":"NINE LESS My Fit Sheet Mask"},{"@type":"BreadcrumbList","@id":"https:\/\/www.facecorner.lv\/shop\/nine-less-my-fit-sheet-mask-auduma-maska\/#breadcrumb","itemListElement":[{"@type":"ListItem","position":1,"name":"Home","item":"https:\/\/www.facecorner.lv\/"},{"@type":"ListItem","position":2,"name":"Veikals","item":"https:\/\/www.facecorner.lv\/shop\/"},{"@type":"ListItem","position":3,"name":"NINE LESS My Fit Sheet Mask auduma maska"}]},{"@type":"WebSite","@id":"https:\/\/www.facecorner.lv\/#website","url":"https:\/\/www.facecorner.lv\/","name":"Facecorner","description":"","publisher":{"@id":"https:\/\/www.facecorner.lv\/#organization"},"potentialAction":[{"@type":"SearchAction","target":{"@type":"EntryPoint","urlTemplate":"https:\/\/www.facecorner.lv\/?s={search_term_string}"},"query-input":{"@type":"PropertyValueSpecification","valueRequired":true,"valueName":"search_term_string"}}],"inLanguage":"lv-LV"},{"@type":"Organization","@id":"https:\/\/www.facecorner.lv\/#organization","name":"Facecorner","url":"https:\/\/www.facecorner.lv\/","logo":{"@type":"ImageObject","inLanguage":"lv-LV","@id":"https:\/\/www.facecorner.lv\/#\/schema\/logo\/image\/","url":"https:\/\/www.facecorner.lv\/wp-content\/uploads\/2024\/04\/fc-logo.jpg","contentUrl":"https:\/\/www.facecorner.lv\/wp-content\/uploads\/2024\/04\/fc-logo.jpg","width":174,"height":28,"caption":"Facecorner"},"image":{"@id":"https:\/\/www.facecorner.lv\/#\/schema\/logo\/image\/"},"sameAs":["https:\/\/www.facebook.com\/profile.php?id=100063824551839","https:\/\/www.instagram.com\/facecorner_shop\/"]}]},"og_availability":"instock","product_availability":"instock","product_condition":"new"},"_links":{"self":[{"href":"https:\/\/www.facecorner.lv\/lv\/wp-json\/wp\/v2\/product\/27658","targetHints":{"allow":["GET"]}}],"collection":[{"href":"https:\/\/www.facecorner.lv\/lv\/wp-json\/wp\/v2\/product"}],"about":[{"href":"https:\/\/www.facecorner.lv\/lv\/wp-json\/wp\/v2\/types\/product"}],"replies":[{"embeddable":true,"href":"https:\/\/www.facecorner.lv\/lv\/wp-json\/wp\/v2\/comments?post=27658"}],"wp:featuredmedia":[{"embeddable":true,"href":"https:\/\/www.facecorner.lv\/lv\/wp-json\/wp\/v2\/media\/27662"}],"wp:attachment":[{"href":"https:\/\/www.facecorner.lv\/lv\/wp-json\/wp\/v2\/media?parent=27658"}],"wp:term":[{"taxonomy":"product_brand","embeddable":true,"href":"https:\/\/www.facecorner.lv\/lv\/wp-json\/wp\/v2\/product_brand?post=27658"},{"taxonomy":"product_cat","embeddable":true,"href":"https:\/\/www.facecorner.lv\/lv\/wp-json\/wp\/v2\/product_cat?post=27658"},{"taxonomy":"product_tag","embeddable":true,"href":"https:\/\/www.facecorner.lv\/lv\/wp-json\/wp\/v2\/product_tag?post=27658"},{"taxonomy":"berocket_brand","embeddable":true,"href":"https:\/\/www.facecorner.lv\/lv\/wp-json\/wp\/v2\/berocket_brand?post=27658"}],"curies":[{"name":"wp","href":"https:\/\/api.w.org\/{rel}","templated":true}]}}