{"id":27585,"date":"2026-05-07T12:57:14","date_gmt":"2026-05-07T09:57:14","guid":{"rendered":"https:\/\/www.facecorner.lv\/?post_type=product&#038;p=27585"},"modified":"2026-05-07T12:57:14","modified_gmt":"2026-05-07T09:57:14","slug":"medicube-one-day-exosome-shot-25000-ampula-ar-eksosomam-un-spikulam-13ml","status":"publish","type":"product","link":"https:\/\/www.facecorner.lv\/lv\/shop\/medicube-one-day-exosome-shot-25000-ampula-ar-eksosomam-un-spikulam-13ml\/","title":{"rendered":"Medicube One Day Exosome Shot 25000 ampula ar eksosom\u0101m un spikul\u0101m 13ml"},"content":{"rendered":"<p>Medicube One Day Exosome Shot 25000 intens\u012bvs serums-ampula ar eksosom\u0101m un spikul\u0101m, kas iev\u0113rojami atjauno \u0101das tekst\u016bru, sa\u0161aurina poras un uzlabo \u0101das elast\u012bbu. Formul\u0101 ar augstu Exosome Shot 25000 koncentr\u0101ciju pal\u012bdz akt\u012bvaj\u0101m sast\u0101vda\u013c\u0101m iek\u013c\u016bt dzi\u013c\u0101k, nodro\u0161inot glud\u0101ku un mirdzo\u0161\u0101ku \u0101das izskatu.<\/p>\n<p>L\u012bdzeklis apvieno niacinam\u012bdu, PHA sk\u0101bes, pept\u012bdus un eksosomas, nodro\u0161inot kompleksu kop\u0161anu: maigu atjauno\u0161anu, to\u0146a izl\u012bdzin\u0101\u0161anu un poru redzam\u012bbas samazin\u0101\u0161anu. P\u0113c uzkl\u0101\u0161anas var b\u016bt viegla sirdz\u0113\u0161ana \u2014 t\u0101 ir norm\u0101la reakcija uz spikul\u0101m (mikroadatu da\u013ci\u0146\u0101m).<\/p>\n<h6>Priek\u0161roc\u012bbas:<\/h6>\n<ul>\n<li>Pal\u012bdz vizu\u0101li samazin\u0101t poras<\/li>\n<li>Izl\u012bdzina \u0101das tekst\u016bru<\/li>\n<li>Veicina \u0101das atjauno\u0161anos un elast\u012bbu<\/li>\n<li>Pal\u012bdz pan\u0101kt glud\u0101ku un mirdzo\u0161\u0101ku \u0101das toni<\/li>\n<li>Satur niac\u012bnam\u012bdu, pept\u012bdus un eksosomas<\/li>\n<li>Piem\u0113rots bl\u0101vai, nevienm\u0113r\u012bgai un problem\u0101tiskai \u0101dai<\/li>\n<\/ul>\n<p><strong>Lieto\u0161anas veids: <\/strong>Vakar\u0101 uzkl\u0101jiet nelielu daudzumu l\u012bdzek\u013ca uz att\u012br\u012btas, sausas \u0101das, izvairoties no zonas ap ac\u012bm un l\u016bp\u0101m. Viegli izl\u012bdziniet pa \u0101du, l\u012bdz l\u012bdzeklis piln\u012bb\u0101 ies\u016bcas. P\u0113c tam izmantojiet mitrino\u0161u kr\u0113mu. Ieteicams s\u0101kt lietot 1\u20132 reizes ned\u0113\u013c\u0101, pak\u0101peniski palielinot lieto\u0161anas bie\u017eumu.<\/p>\n<p><strong>Sast\u0101vs<\/strong>: Water, Glycereth-26, Dipropylene Glycol, Butylene Glycol, Caprylic\/Capric Triglyceride, Niacinamide, Hydrolyzed Sponge, Calcium Aluminum Borosilicate, Sodium Acrylate\/Sodium Acryloyldimethyl Taurate Copolymer, Hydroxyethyl Acrylate\/Sodium Acryloyldimethyl Taurate Copolymer, 1,2-Hexanediol, Caprylyl Glycol, Isohexadecane, Glycerin, Polysorbate 80, Carbomer, Tromethamine, Panthenol, Ethylhexylglycerin, Adenosine, Sorbitan Oleate, Sorbitan Isostearate, Polysorbate 60, Disodium EDTA, Lactobacillus Extracellular Vesicles, Kummerowia Striata Extract, Oenothera Biennis Flower Extract, Pinus Palustris Leaf Extract, Ulmus Davidiana Root Extract, Pueraria Lobata Root Extract, Cinchona Pubescens Bark Extract, Gluconolactone, Betaine Salicylate, Citric Acid, Milk Exosomes, Leptospermum Scoparium Leaf Extract, Hydrogenated Lecithin, Polyglyceryl-10 Laurate, Ceramide NP, Acetyl Tetrapeptide-5, Palmitoyl Pentapeptide-4, Palmitoyl Tripeptide-5.<\/p>\n<p><strong>Piesardz\u012bbas pas\u0101kumi:<\/strong><\/p>\n<ul>\n<li>Tikai \u0101r\u0113jai lieto\u0161anai.<\/li>\n<li>Lieto\u0161anas laik\u0101 var rasties tirp\u0161anas vai vieglas dedzin\u0101\u0161anas saj\u016bta.<\/li>\n<li>Nelietot uz boj\u0101tas, iekaisu\u0161as vai jut\u012bgas \u0101das.<\/li>\n<li>Izvairieties no saskares ar ac\u012bm un l\u016bpu zonu.<\/li>\n<li>Nav ieteicams lietot vienlaikus ar retinolu, sp\u0113c\u012bg\u0101m sk\u0101b\u0113m un agres\u012bviem eksfoli\u0113jo\u0161iem l\u012bdzek\u013ciem.<\/li>\n<li>Ja par\u0101d\u0101s stiprs kairin\u0101jums, p\u0101rtrauciet lieto\u0161anu.<\/li>\n<li>Dienas laik\u0101 oblig\u0101ti lietojiet SPF l\u012bdzek\u013cus.<\/li>\n<li>Glab\u0101jiet b\u0113rniem nepieejam\u0101 viet\u0101.<\/li>\n<\/ul>\n<p><strong>Atbild\u012bga persona:<\/strong><\/p>\n<p>NEMO GmbH<\/p>\n<p>Mergenthalerallee 77 Eschborn 65760 Germany<\/p>\n<p>info@nemobrands.com<\/p>\n","protected":false},"excerpt":{"rendered":"<p>Intens\u012bvs serums-ampula ar eksosom\u0101m un spikul\u0101m, kas iev\u0113rojami atjauno \u0101das tekst\u016bru, sa\u0161aurina poras un uzlabo \u0101das elast\u012bbu. Formul\u0101 ar augstu Exosome Shot 25000 koncentr\u0101ciju pal\u012bdz akt\u012bvaj\u0101m sast\u0101vda\u013c\u0101m iek\u013c\u016bt dzi\u013c\u0101k, nodro\u0161inot glud\u0101ku un mirdzo\u0161\u0101ku \u0101das izskatu.<\/p>\n","protected":false},"featured_media":27586,"comment_status":"open","ping_status":"closed","template":"","meta":{"site-sidebar-layout":"default","site-content-layout":"","ast-site-content-layout":"default","site-content-style":"default","site-sidebar-style":"default","ast-global-header-display":"","ast-banner-title-visibility":"","ast-main-header-display":"","ast-hfb-above-header-display":"","ast-hfb-below-header-display":"","ast-hfb-mobile-header-display":"","site-post-title":"","ast-breadcrumbs-content":"","ast-featured-img":"","footer-sml-layout":"","theme-transparent-header-meta":"default","adv-header-id-meta":"","stick-header-meta":"","header-above-stick-meta":"","header-main-stick-meta":"","header-below-stick-meta":"","astra-migrate-meta-layouts":"set","ast-page-background-enabled":"default","ast-page-background-meta":{"desktop":{"background-color":"var(--ast-global-color-4)","background-image":"","background-repeat":"repeat","background-position":"center center","background-size":"auto","background-attachment":"scroll","background-type":"","background-media":"","overlay-type":"","overlay-color":"","overlay-opacity":"","overlay-gradient":""},"tablet":{"background-color":"","background-image":"","background-repeat":"repeat","background-position":"center center","background-size":"auto","background-attachment":"scroll","background-type":"","background-media":"","overlay-type":"","overlay-color":"","overlay-opacity":"","overlay-gradient":""},"mobile":{"background-color":"","background-image":"","background-repeat":"repeat","background-position":"center center","background-size":"auto","background-attachment":"scroll","background-type":"","background-media":"","overlay-type":"","overlay-color":"","overlay-opacity":"","overlay-gradient":""}},"ast-content-background-meta":{"desktop":{"background-color":"var(--ast-global-color-5)","background-image":"","background-repeat":"repeat","background-position":"center center","background-size":"auto","background-attachment":"scroll","background-type":"","background-media":"","overlay-type":"","overlay-color":"","overlay-opacity":"","overlay-gradient":""},"tablet":{"background-color":"var(--ast-global-color-5)","background-image":"","background-repeat":"repeat","background-position":"center center","background-size":"auto","background-attachment":"scroll","background-type":"","background-media":"","overlay-type":"","overlay-color":"","overlay-opacity":"","overlay-gradient":""},"mobile":{"background-color":"var(--ast-global-color-5)","background-image":"","background-repeat":"repeat","background-position":"center center","background-size":"auto","background-attachment":"scroll","background-type":"","background-media":"","overlay-type":"","overlay-color":"","overlay-opacity":"","overlay-gradient":""}}},"product_brand":[],"product_cat":[371,373,374,363],"product_tag":[],"berocket_brand":[579],"class_list":{"0":"post-27585","1":"product","2":"type-product","3":"status-publish","4":"has-post-thumbnail","6":"product_cat-anti-age","7":"product_cat-poras-sasaurinoss","8":"product_cat-pret-pinnem","9":"product_cat-serumi","10":"berocket_brand-medicube","11":"desktop-align-left","12":"tablet-align-left","13":"mobile-align-left","15":"first","16":"instock","17":"taxable","18":"shipping-taxable","19":"purchasable","20":"product-type-simple","21":"add-to-wishlist-before_image"},"yoast_head":"<!-- This site is optimized with the Yoast SEO plugin v27.4 - https:\/\/yoast.com\/product\/yoast-seo-wordpress\/ -->\n<title>Medicube One Day Exosome Shot 25000 ampula ar eksosom\u0101m un spikul\u0101m 13ml - FACECORNER<\/title>\n<meta name=\"description\" content=\"Intens\u012bvs serums-ampula ar eksosom\u0101m un spikul\u0101m, kas iev\u0113rojami atjauno \u0101das tekst\u016bru, sa\u0161aurina poras un uzlabo \u0101das elast\u012bbu. Formul\u0101 ar augstu Exosome Shot 25000 koncentr\u0101ciju pal\u012bdz akt\u012bvaj\u0101m sast\u0101vda\u013c\u0101m iek\u013c\u016bt dzi\u013c\u0101k, nodro\u0161inot glud\u0101ku un mirdzo\u0161\u0101ku \u0101das izskatu.\" \/>\n<meta name=\"robots\" content=\"index, follow, max-snippet:-1, max-image-preview:large, max-video-preview:-1\" \/>\n<link rel=\"canonical\" href=\"https:\/\/www.facecorner.lv\/lv\/shop\/medicube-one-day-exosome-shot-25000-ampula-ar-eksosomam-un-spikulam-13ml\/\" \/>\n<meta property=\"og:locale\" content=\"lv_LV\" \/>\n<meta property=\"og:type\" content=\"article\" \/>\n<meta property=\"og:title\" content=\"Medicube One Day Exosome Shot 25000 ampula ar eksosom\u0101m un spikul\u0101m 13ml - FACECORNER\" \/>\n<meta property=\"og:description\" content=\"Intens\u012bvs serums-ampula ar eksosom\u0101m un spikul\u0101m, kas iev\u0113rojami atjauno \u0101das tekst\u016bru, sa\u0161aurina poras un uzlabo \u0101das elast\u012bbu. Formul\u0101 ar augstu Exosome Shot 25000 koncentr\u0101ciju pal\u012bdz akt\u012bvaj\u0101m sast\u0101vda\u013c\u0101m iek\u013c\u016bt dzi\u013c\u0101k, nodro\u0161inot glud\u0101ku un mirdzo\u0161\u0101ku \u0101das izskatu.\" \/>\n<meta property=\"og:url\" content=\"https:\/\/www.facecorner.lv\/lv\/shop\/medicube-one-day-exosome-shot-25000-ampula-ar-eksosomam-un-spikulam-13ml\/\" \/>\n<meta property=\"og:site_name\" content=\"FACECORNER\" \/>\n<meta property=\"article:publisher\" content=\"https:\/\/www.facebook.com\/profile.php?id=100063824551839\" \/>\n<meta property=\"og:image\" content=\"https:\/\/www.facecorner.lv\/wp-content\/uploads\/2026\/05\/medicube-one-day-exosome-shot-pore-ampoule-25000-13-ml.webp\" \/>\n\t<meta property=\"og:image:width\" content=\"800\" \/>\n\t<meta property=\"og:image:height\" content=\"800\" \/>\n\t<meta property=\"og:image:type\" content=\"image\/webp\" \/>\n<meta name=\"twitter:card\" content=\"summary_large_image\" \/>\n<meta name=\"twitter:label1\" content=\"Price\" \/>\n\t<meta name=\"twitter:data1\" content=\"&euro;22.95\" \/>\n\t<meta name=\"twitter:label2\" content=\"Availability\" \/>\n\t<meta name=\"twitter:data2\" content=\"In stock\" \/>\n<script type=\"application\/ld+json\" class=\"yoast-schema-graph\">{\"@context\":\"https:\\\/\\\/schema.org\",\"@graph\":[{\"@type\":\"WebPage\",\"@id\":\"https:\\\/\\\/www.facecorner.lv\\\/shop\\\/medicube-one-day-exosome-shot-25000-ampula-ar-eksosomam-un-spikulam-13ml\\\/\",\"url\":\"https:\\\/\\\/www.facecorner.lv\\\/shop\\\/medicube-one-day-exosome-shot-25000-ampula-ar-eksosomam-un-spikulam-13ml\\\/\",\"name\":\"Medicube One Day Exosome Shot 25000 ampula ar eksosom\u0101m un spikul\u0101m 13ml - FACECORNER\",\"isPartOf\":{\"@id\":\"https:\\\/\\\/www.facecorner.lv\\\/#website\"},\"primaryImageOfPage\":{\"@id\":\"https:\\\/\\\/www.facecorner.lv\\\/shop\\\/medicube-one-day-exosome-shot-25000-ampula-ar-eksosomam-un-spikulam-13ml\\\/#primaryimage\"},\"image\":{\"@id\":\"https:\\\/\\\/www.facecorner.lv\\\/shop\\\/medicube-one-day-exosome-shot-25000-ampula-ar-eksosomam-un-spikulam-13ml\\\/#primaryimage\"},\"thumbnailUrl\":\"https:\\\/\\\/www.facecorner.lv\\\/wp-content\\\/uploads\\\/2026\\\/05\\\/medicube-one-day-exosome-shot-pore-ampoule-25000-13-ml.webp\",\"datePublished\":\"2026-05-07T09:57:14+00:00\",\"description\":\"Intens\u012bvs serums-ampula ar eksosom\u0101m un spikul\u0101m, kas iev\u0113rojami atjauno \u0101das tekst\u016bru, sa\u0161aurina poras un uzlabo \u0101das elast\u012bbu. Formul\u0101 ar augstu Exosome Shot 25000 koncentr\u0101ciju pal\u012bdz akt\u012bvaj\u0101m sast\u0101vda\u013c\u0101m iek\u013c\u016bt dzi\u013c\u0101k, nodro\u0161inot glud\u0101ku un mirdzo\u0161\u0101ku \u0101das izskatu.\",\"breadcrumb\":{\"@id\":\"https:\\\/\\\/www.facecorner.lv\\\/shop\\\/medicube-one-day-exosome-shot-25000-ampula-ar-eksosomam-un-spikulam-13ml\\\/#breadcrumb\"},\"inLanguage\":\"lv-LV\",\"potentialAction\":[{\"@type\":\"ReadAction\",\"target\":[\"https:\\\/\\\/www.facecorner.lv\\\/shop\\\/medicube-one-day-exosome-shot-25000-ampula-ar-eksosomam-un-spikulam-13ml\\\/\"]}]},{\"@type\":\"ImageObject\",\"inLanguage\":\"lv-LV\",\"@id\":\"https:\\\/\\\/www.facecorner.lv\\\/shop\\\/medicube-one-day-exosome-shot-25000-ampula-ar-eksosomam-un-spikulam-13ml\\\/#primaryimage\",\"url\":\"https:\\\/\\\/www.facecorner.lv\\\/wp-content\\\/uploads\\\/2026\\\/05\\\/medicube-one-day-exosome-shot-pore-ampoule-25000-13-ml.webp\",\"contentUrl\":\"https:\\\/\\\/www.facecorner.lv\\\/wp-content\\\/uploads\\\/2026\\\/05\\\/medicube-one-day-exosome-shot-pore-ampoule-25000-13-ml.webp\",\"width\":800,\"height\":800,\"caption\":\"Medicube One Day Exosome Shot 25000\"},{\"@type\":\"BreadcrumbList\",\"@id\":\"https:\\\/\\\/www.facecorner.lv\\\/shop\\\/medicube-one-day-exosome-shot-25000-ampula-ar-eksosomam-un-spikulam-13ml\\\/#breadcrumb\",\"itemListElement\":[{\"@type\":\"ListItem\",\"position\":1,\"name\":\"Home\",\"item\":\"https:\\\/\\\/www.facecorner.lv\\\/\"},{\"@type\":\"ListItem\",\"position\":2,\"name\":\"Veikals\",\"item\":\"https:\\\/\\\/www.facecorner.lv\\\/shop\\\/\"},{\"@type\":\"ListItem\",\"position\":3,\"name\":\"Medicube One Day Exosome Shot 25000 ampula ar eksosom\u0101m un spikul\u0101m 13ml\"}]},{\"@type\":\"WebSite\",\"@id\":\"https:\\\/\\\/www.facecorner.lv\\\/#website\",\"url\":\"https:\\\/\\\/www.facecorner.lv\\\/\",\"name\":\"Facecorner\",\"description\":\"\",\"publisher\":{\"@id\":\"https:\\\/\\\/www.facecorner.lv\\\/#organization\"},\"potentialAction\":[{\"@type\":\"SearchAction\",\"target\":{\"@type\":\"EntryPoint\",\"urlTemplate\":\"https:\\\/\\\/www.facecorner.lv\\\/?s={search_term_string}\"},\"query-input\":{\"@type\":\"PropertyValueSpecification\",\"valueRequired\":true,\"valueName\":\"search_term_string\"}}],\"inLanguage\":\"lv-LV\"},{\"@type\":\"Organization\",\"@id\":\"https:\\\/\\\/www.facecorner.lv\\\/#organization\",\"name\":\"Facecorner\",\"url\":\"https:\\\/\\\/www.facecorner.lv\\\/\",\"logo\":{\"@type\":\"ImageObject\",\"inLanguage\":\"lv-LV\",\"@id\":\"https:\\\/\\\/www.facecorner.lv\\\/#\\\/schema\\\/logo\\\/image\\\/\",\"url\":\"https:\\\/\\\/www.facecorner.lv\\\/wp-content\\\/uploads\\\/2024\\\/04\\\/fc-logo.jpg\",\"contentUrl\":\"https:\\\/\\\/www.facecorner.lv\\\/wp-content\\\/uploads\\\/2024\\\/04\\\/fc-logo.jpg\",\"width\":174,\"height\":28,\"caption\":\"Facecorner\"},\"image\":{\"@id\":\"https:\\\/\\\/www.facecorner.lv\\\/#\\\/schema\\\/logo\\\/image\\\/\"},\"sameAs\":[\"https:\\\/\\\/www.facebook.com\\\/profile.php?id=100063824551839\",\"https:\\\/\\\/www.instagram.com\\\/facecorner_shop\\\/\"]}]}<\/script>\n<meta property=\"product:price:amount\" content=\"22.95\" \/>\n<meta property=\"product:price:currency\" content=\"EUR\" \/>\n<meta property=\"og:availability\" content=\"instock\" \/>\n<meta property=\"product:availability\" content=\"instock\" \/>\n<meta property=\"product:condition\" content=\"new\" \/>\n<!-- \/ Yoast SEO plugin. -->","yoast_head_json":{"title":"Medicube One Day Exosome Shot 25000 ampula ar eksosom\u0101m un spikul\u0101m 13ml - FACECORNER","description":"Intens\u012bvs serums-ampula ar eksosom\u0101m un spikul\u0101m, kas iev\u0113rojami atjauno \u0101das tekst\u016bru, sa\u0161aurina poras un uzlabo \u0101das elast\u012bbu. Formul\u0101 ar augstu Exosome Shot 25000 koncentr\u0101ciju pal\u012bdz akt\u012bvaj\u0101m sast\u0101vda\u013c\u0101m iek\u013c\u016bt dzi\u013c\u0101k, nodro\u0161inot glud\u0101ku un mirdzo\u0161\u0101ku \u0101das izskatu.","robots":{"index":"index","follow":"follow","max-snippet":"max-snippet:-1","max-image-preview":"max-image-preview:large","max-video-preview":"max-video-preview:-1"},"canonical":"https:\/\/www.facecorner.lv\/lv\/shop\/medicube-one-day-exosome-shot-25000-ampula-ar-eksosomam-un-spikulam-13ml\/","og_locale":"lv_LV","og_type":"article","og_title":"Medicube One Day Exosome Shot 25000 ampula ar eksosom\u0101m un spikul\u0101m 13ml - FACECORNER","og_description":"Intens\u012bvs serums-ampula ar eksosom\u0101m un spikul\u0101m, kas iev\u0113rojami atjauno \u0101das tekst\u016bru, sa\u0161aurina poras un uzlabo \u0101das elast\u012bbu. Formul\u0101 ar augstu Exosome Shot 25000 koncentr\u0101ciju pal\u012bdz akt\u012bvaj\u0101m sast\u0101vda\u013c\u0101m iek\u013c\u016bt dzi\u013c\u0101k, nodro\u0161inot glud\u0101ku un mirdzo\u0161\u0101ku \u0101das izskatu.","og_url":"https:\/\/www.facecorner.lv\/lv\/shop\/medicube-one-day-exosome-shot-25000-ampula-ar-eksosomam-un-spikulam-13ml\/","og_site_name":"FACECORNER","article_publisher":"https:\/\/www.facebook.com\/profile.php?id=100063824551839","og_image":[{"width":800,"height":800,"url":"https:\/\/www.facecorner.lv\/wp-content\/uploads\/2026\/05\/medicube-one-day-exosome-shot-pore-ampoule-25000-13-ml.webp","type":"image\/webp"}],"twitter_card":"summary_large_image","twitter_misc":{"Price":"&euro;22.95","Availability":"In stock"},"schema":{"@context":"https:\/\/schema.org","@graph":[{"@type":"WebPage","@id":"https:\/\/www.facecorner.lv\/shop\/medicube-one-day-exosome-shot-25000-ampula-ar-eksosomam-un-spikulam-13ml\/","url":"https:\/\/www.facecorner.lv\/shop\/medicube-one-day-exosome-shot-25000-ampula-ar-eksosomam-un-spikulam-13ml\/","name":"Medicube One Day Exosome Shot 25000 ampula ar eksosom\u0101m un spikul\u0101m 13ml - FACECORNER","isPartOf":{"@id":"https:\/\/www.facecorner.lv\/#website"},"primaryImageOfPage":{"@id":"https:\/\/www.facecorner.lv\/shop\/medicube-one-day-exosome-shot-25000-ampula-ar-eksosomam-un-spikulam-13ml\/#primaryimage"},"image":{"@id":"https:\/\/www.facecorner.lv\/shop\/medicube-one-day-exosome-shot-25000-ampula-ar-eksosomam-un-spikulam-13ml\/#primaryimage"},"thumbnailUrl":"https:\/\/www.facecorner.lv\/wp-content\/uploads\/2026\/05\/medicube-one-day-exosome-shot-pore-ampoule-25000-13-ml.webp","datePublished":"2026-05-07T09:57:14+00:00","description":"Intens\u012bvs serums-ampula ar eksosom\u0101m un spikul\u0101m, kas iev\u0113rojami atjauno \u0101das tekst\u016bru, sa\u0161aurina poras un uzlabo \u0101das elast\u012bbu. Formul\u0101 ar augstu Exosome Shot 25000 koncentr\u0101ciju pal\u012bdz akt\u012bvaj\u0101m sast\u0101vda\u013c\u0101m iek\u013c\u016bt dzi\u013c\u0101k, nodro\u0161inot glud\u0101ku un mirdzo\u0161\u0101ku \u0101das izskatu.","breadcrumb":{"@id":"https:\/\/www.facecorner.lv\/shop\/medicube-one-day-exosome-shot-25000-ampula-ar-eksosomam-un-spikulam-13ml\/#breadcrumb"},"inLanguage":"lv-LV","potentialAction":[{"@type":"ReadAction","target":["https:\/\/www.facecorner.lv\/shop\/medicube-one-day-exosome-shot-25000-ampula-ar-eksosomam-un-spikulam-13ml\/"]}]},{"@type":"ImageObject","inLanguage":"lv-LV","@id":"https:\/\/www.facecorner.lv\/shop\/medicube-one-day-exosome-shot-25000-ampula-ar-eksosomam-un-spikulam-13ml\/#primaryimage","url":"https:\/\/www.facecorner.lv\/wp-content\/uploads\/2026\/05\/medicube-one-day-exosome-shot-pore-ampoule-25000-13-ml.webp","contentUrl":"https:\/\/www.facecorner.lv\/wp-content\/uploads\/2026\/05\/medicube-one-day-exosome-shot-pore-ampoule-25000-13-ml.webp","width":800,"height":800,"caption":"Medicube One Day Exosome Shot 25000"},{"@type":"BreadcrumbList","@id":"https:\/\/www.facecorner.lv\/shop\/medicube-one-day-exosome-shot-25000-ampula-ar-eksosomam-un-spikulam-13ml\/#breadcrumb","itemListElement":[{"@type":"ListItem","position":1,"name":"Home","item":"https:\/\/www.facecorner.lv\/"},{"@type":"ListItem","position":2,"name":"Veikals","item":"https:\/\/www.facecorner.lv\/shop\/"},{"@type":"ListItem","position":3,"name":"Medicube One Day Exosome Shot 25000 ampula ar eksosom\u0101m un spikul\u0101m 13ml"}]},{"@type":"WebSite","@id":"https:\/\/www.facecorner.lv\/#website","url":"https:\/\/www.facecorner.lv\/","name":"Facecorner","description":"","publisher":{"@id":"https:\/\/www.facecorner.lv\/#organization"},"potentialAction":[{"@type":"SearchAction","target":{"@type":"EntryPoint","urlTemplate":"https:\/\/www.facecorner.lv\/?s={search_term_string}"},"query-input":{"@type":"PropertyValueSpecification","valueRequired":true,"valueName":"search_term_string"}}],"inLanguage":"lv-LV"},{"@type":"Organization","@id":"https:\/\/www.facecorner.lv\/#organization","name":"Facecorner","url":"https:\/\/www.facecorner.lv\/","logo":{"@type":"ImageObject","inLanguage":"lv-LV","@id":"https:\/\/www.facecorner.lv\/#\/schema\/logo\/image\/","url":"https:\/\/www.facecorner.lv\/wp-content\/uploads\/2024\/04\/fc-logo.jpg","contentUrl":"https:\/\/www.facecorner.lv\/wp-content\/uploads\/2024\/04\/fc-logo.jpg","width":174,"height":28,"caption":"Facecorner"},"image":{"@id":"https:\/\/www.facecorner.lv\/#\/schema\/logo\/image\/"},"sameAs":["https:\/\/www.facebook.com\/profile.php?id=100063824551839","https:\/\/www.instagram.com\/facecorner_shop\/"]}]},"product_price_amount":"22.95","product_price_currency":"EUR","og_availability":"instock","product_availability":"instock","product_condition":"new"},"_links":{"self":[{"href":"https:\/\/www.facecorner.lv\/lv\/wp-json\/wp\/v2\/product\/27585","targetHints":{"allow":["GET"]}}],"collection":[{"href":"https:\/\/www.facecorner.lv\/lv\/wp-json\/wp\/v2\/product"}],"about":[{"href":"https:\/\/www.facecorner.lv\/lv\/wp-json\/wp\/v2\/types\/product"}],"replies":[{"embeddable":true,"href":"https:\/\/www.facecorner.lv\/lv\/wp-json\/wp\/v2\/comments?post=27585"}],"wp:featuredmedia":[{"embeddable":true,"href":"https:\/\/www.facecorner.lv\/lv\/wp-json\/wp\/v2\/media\/27586"}],"wp:attachment":[{"href":"https:\/\/www.facecorner.lv\/lv\/wp-json\/wp\/v2\/media?parent=27585"}],"wp:term":[{"taxonomy":"product_brand","embeddable":true,"href":"https:\/\/www.facecorner.lv\/lv\/wp-json\/wp\/v2\/product_brand?post=27585"},{"taxonomy":"product_cat","embeddable":true,"href":"https:\/\/www.facecorner.lv\/lv\/wp-json\/wp\/v2\/product_cat?post=27585"},{"taxonomy":"product_tag","embeddable":true,"href":"https:\/\/www.facecorner.lv\/lv\/wp-json\/wp\/v2\/product_tag?post=27585"},{"taxonomy":"berocket_brand","embeddable":true,"href":"https:\/\/www.facecorner.lv\/lv\/wp-json\/wp\/v2\/berocket_brand?post=27585"}],"curies":[{"name":"wp","href":"https:\/\/api.w.org\/{rel}","templated":true}]}}