{"id":27583,"date":"2026-05-07T12:16:24","date_gmt":"2026-05-07T09:16:24","guid":{"rendered":"https:\/\/www.facecorner.lv\/?post_type=product&#038;p=27583"},"modified":"2026-05-07T12:16:24","modified_gmt":"2026-05-07T09:16:24","slug":"arencia-discovery-kit-miniaturu-komplekts","status":"publish","type":"product","link":"https:\/\/www.facecorner.lv\/lv\/shop\/arencia-discovery-kit-miniaturu-komplekts\/","title":{"rendered":"Arencia Discovery Kit  miniat\u016bru komplekts"},"content":{"rendered":"<p>Arencia mini produktu komplekts, kas \u013cauj iepaz\u012bt z\u012bmola le\u0123end\u0101ros produktus un nodro\u0161ina pilnv\u0113rt\u012bgu \u0101das pamata kop\u0161anu. Ide\u0101li piem\u0113rots ce\u013cojumiem, produktu izm\u0113\u0123in\u0101\u0161anai vai k\u0101 d\u0101vana.<\/p>\n<p>Formulas uz augu ekstraktu b\u0101zes maigi att\u012bra, nomierina un mitrina \u0101du, pal\u012bdzot saglab\u0101t t\u0101s svaigumu un dabisko mirdzumu.<\/p>\n<h6><strong>Komplekt\u0101 ietilpst:<\/strong><\/h6>\n<ul>\n<li>Holy Hyssop Serum 30 \u2014 mitrino\u0161s un nomierino\u0161s serums<\/li>\n<li>Fresh Green Cleanser \u2014 atsvaidzino\u0161s att\u012bro\u0161s g\u0113ls<\/li>\n<li>Fresh Royal Rosehip Cleanser \u2014 barojo\u0161s att\u012bro\u0161s l\u012bdzeklis ar ro\u017eu aug\u013ciem<\/li>\n<li>White Chamomile Tea Cleanser \u2014 maigs att\u012bro\u0161s l\u012bdzeklis ar kumel\u012bti<\/li>\n<\/ul>\n<p><strong>Priek\u0161roc\u012bbas:<\/strong><\/p>\n<ul>\n<li>Pilnv\u0113rt\u012bgs mini komplekts ikdienas kop\u0161anai<\/li>\n<li>Maigi att\u012bra, neradot saspringuma saj\u016btu<\/li>\n<li>Mitrina un nomierina \u0101du<\/li>\n<li>Saglab\u0101 \u0101das dabisko l\u012bdzsvaru<\/li>\n<li>Piem\u0113rots visiem \u0101das tipiem, ieskaitot jut\u012bgu \u0101du<\/li>\n<li>\u0112rts ce\u013cojuma form\u0101ts<\/li>\n<\/ul>\n<p><strong>Piesardz\u012bbas pas\u0101kumi:<\/strong><\/p>\n<ul>\n<li>Tikai \u0101r\u0113jai lieto\u0161anai.<\/li>\n<li>Izvair\u012bties no saskares ar ac\u012bm.<\/li>\n<li>Ja rodas kairin\u0101jums, p\u0101rtraukt lieto\u0161anu.<\/li>\n<li>Nelietot uz boj\u0101tu \u0101du.<\/li>\n<li>Glab\u0101t b\u0113rniem nepieejam\u0101 viet\u0101.<\/li>\n<li>Sarg\u0101t no tie\u0161as saules gaismas un augstas temperat\u016bras.<\/li>\n<\/ul>\n<p><strong>Atbild\u012bga persona:<\/strong><\/p>\n<p>BELAB SERVICES BELAB INTERNATIONAL COMPLIANCE SL<\/p>\n<p>7 Monaco Avenue,A-3 Badalona 08917 Spain<\/p>\n","protected":false},"excerpt":{"rendered":"<p>Arencia mini produktu komplekts, kas \u013cauj iepaz\u012bt z\u012bmola le\u0123end\u0101ros produktus un nodro\u0161ina pilnv\u0113rt\u012bgu \u0101das pamata kop\u0161anu. Ide\u0101li piem\u0113rots ce\u013cojumiem, produktu izm\u0113\u0123in\u0101\u0161anai vai k\u0101 d\u0101vana.<\/p>\n","protected":false},"featured_media":27584,"comment_status":"open","ping_status":"closed","template":"","meta":{"site-sidebar-layout":"default","site-content-layout":"","ast-site-content-layout":"default","site-content-style":"default","site-sidebar-style":"default","ast-global-header-display":"","ast-banner-title-visibility":"","ast-main-header-display":"","ast-hfb-above-header-display":"","ast-hfb-below-header-display":"","ast-hfb-mobile-header-display":"","site-post-title":"","ast-breadcrumbs-content":"","ast-featured-img":"","footer-sml-layout":"","theme-transparent-header-meta":"default","adv-header-id-meta":"","stick-header-meta":"","header-above-stick-meta":"","header-main-stick-meta":"","header-below-stick-meta":"","astra-migrate-meta-layouts":"set","ast-page-background-enabled":"default","ast-page-background-meta":{"desktop":{"background-color":"var(--ast-global-color-4)","background-image":"","background-repeat":"repeat","background-position":"center center","background-size":"auto","background-attachment":"scroll","background-type":"","background-media":"","overlay-type":"","overlay-color":"","overlay-opacity":"","overlay-gradient":""},"tablet":{"background-color":"","background-image":"","background-repeat":"repeat","background-position":"center center","background-size":"auto","background-attachment":"scroll","background-type":"","background-media":"","overlay-type":"","overlay-color":"","overlay-opacity":"","overlay-gradient":""},"mobile":{"background-color":"","background-image":"","background-repeat":"repeat","background-position":"center center","background-size":"auto","background-attachment":"scroll","background-type":"","background-media":"","overlay-type":"","overlay-color":"","overlay-opacity":"","overlay-gradient":""}},"ast-content-background-meta":{"desktop":{"background-color":"var(--ast-global-color-5)","background-image":"","background-repeat":"repeat","background-position":"center center","background-size":"auto","background-attachment":"scroll","background-type":"","background-media":"","overlay-type":"","overlay-color":"","overlay-opacity":"","overlay-gradient":""},"tablet":{"background-color":"var(--ast-global-color-5)","background-image":"","background-repeat":"repeat","background-position":"center center","background-size":"auto","background-attachment":"scroll","background-type":"","background-media":"","overlay-type":"","overlay-color":"","overlay-opacity":"","overlay-gradient":""},"mobile":{"background-color":"var(--ast-global-color-5)","background-image":"","background-repeat":"repeat","background-position":"center center","background-size":"auto","background-attachment":"scroll","background-type":"","background-media":"","overlay-type":"","overlay-color":"","overlay-opacity":"","overlay-gradient":""}}},"product_brand":[],"product_cat":[310,318,307],"product_tag":[],"berocket_brand":[635],"class_list":{"0":"post-27583","1":"product","2":"type-product","3":"status-publish","4":"has-post-thumbnail","6":"product_cat-attirisana","7":"product_cat-komplekti-sejai","8":"product_cat-sejai","9":"berocket_brand-arencia","10":"desktop-align-left","11":"tablet-align-left","12":"mobile-align-left","14":"first","15":"instock","16":"taxable","17":"shipping-taxable","18":"purchasable","19":"product-type-simple","20":"add-to-wishlist-before_image"},"yoast_head":"<!-- This site is optimized with the Yoast SEO plugin v27.4 - https:\/\/yoast.com\/product\/yoast-seo-wordpress\/ -->\n<title>Arencia Discovery Kit miniat\u016bru komplekts - FACECORNER<\/title>\n<meta name=\"description\" content=\"Arencia mini produktu komplekts, kas \u013cauj iepaz\u012bt z\u012bmola le\u0123end\u0101ros produktus un nodro\u0161ina pilnv\u0113rt\u012bgu \u0101das pamata kop\u0161anu. Ide\u0101li piem\u0113rots ce\u013cojumiem, produktu izm\u0113\u0123in\u0101\u0161anai vai k\u0101 d\u0101vana.\" \/>\n<meta name=\"robots\" content=\"index, follow, max-snippet:-1, max-image-preview:large, max-video-preview:-1\" \/>\n<link rel=\"canonical\" href=\"https:\/\/www.facecorner.lv\/lv\/shop\/arencia-discovery-kit-miniaturu-komplekts\/\" \/>\n<meta property=\"og:locale\" content=\"lv_LV\" \/>\n<meta property=\"og:type\" content=\"article\" \/>\n<meta property=\"og:title\" content=\"Arencia Discovery Kit miniat\u016bru komplekts - FACECORNER\" \/>\n<meta property=\"og:description\" content=\"Arencia mini produktu komplekts, kas \u013cauj iepaz\u012bt z\u012bmola le\u0123end\u0101ros produktus un nodro\u0161ina pilnv\u0113rt\u012bgu \u0101das pamata kop\u0161anu. Ide\u0101li piem\u0113rots ce\u013cojumiem, produktu izm\u0113\u0123in\u0101\u0161anai vai k\u0101 d\u0101vana.\" \/>\n<meta property=\"og:url\" content=\"https:\/\/www.facecorner.lv\/lv\/shop\/arencia-discovery-kit-miniaturu-komplekts\/\" \/>\n<meta property=\"og:site_name\" content=\"FACECORNER\" \/>\n<meta property=\"article:publisher\" content=\"https:\/\/www.facebook.com\/profile.php?id=100063824551839\" \/>\n<meta property=\"og:image\" content=\"https:\/\/www.facecorner.lv\/wp-content\/uploads\/2026\/05\/arencia-4pcs-discovery-kit-68954084082047.webp\" \/>\n\t<meta property=\"og:image:width\" content=\"1500\" \/>\n\t<meta property=\"og:image:height\" content=\"1500\" \/>\n\t<meta property=\"og:image:type\" content=\"image\/webp\" \/>\n<meta name=\"twitter:card\" content=\"summary_large_image\" \/>\n<meta name=\"twitter:label1\" content=\"Price\" \/>\n\t<meta name=\"twitter:data1\" content=\"&euro;26.90\" \/>\n\t<meta name=\"twitter:label2\" content=\"Availability\" \/>\n\t<meta name=\"twitter:data2\" content=\"In stock\" \/>\n<script type=\"application\/ld+json\" class=\"yoast-schema-graph\">{\"@context\":\"https:\\\/\\\/schema.org\",\"@graph\":[{\"@type\":\"WebPage\",\"@id\":\"https:\\\/\\\/www.facecorner.lv\\\/shop\\\/arencia-discovery-kit-miniaturu-komplekts\\\/\",\"url\":\"https:\\\/\\\/www.facecorner.lv\\\/shop\\\/arencia-discovery-kit-miniaturu-komplekts\\\/\",\"name\":\"Arencia Discovery Kit miniat\u016bru komplekts - FACECORNER\",\"isPartOf\":{\"@id\":\"https:\\\/\\\/www.facecorner.lv\\\/#website\"},\"primaryImageOfPage\":{\"@id\":\"https:\\\/\\\/www.facecorner.lv\\\/shop\\\/arencia-discovery-kit-miniaturu-komplekts\\\/#primaryimage\"},\"image\":{\"@id\":\"https:\\\/\\\/www.facecorner.lv\\\/shop\\\/arencia-discovery-kit-miniaturu-komplekts\\\/#primaryimage\"},\"thumbnailUrl\":\"https:\\\/\\\/www.facecorner.lv\\\/wp-content\\\/uploads\\\/2026\\\/05\\\/arencia-4pcs-discovery-kit-68954084082047.webp\",\"datePublished\":\"2026-05-07T09:16:24+00:00\",\"description\":\"Arencia mini produktu komplekts, kas \u013cauj iepaz\u012bt z\u012bmola le\u0123end\u0101ros produktus un nodro\u0161ina pilnv\u0113rt\u012bgu \u0101das pamata kop\u0161anu. Ide\u0101li piem\u0113rots ce\u013cojumiem, produktu izm\u0113\u0123in\u0101\u0161anai vai k\u0101 d\u0101vana.\",\"breadcrumb\":{\"@id\":\"https:\\\/\\\/www.facecorner.lv\\\/shop\\\/arencia-discovery-kit-miniaturu-komplekts\\\/#breadcrumb\"},\"inLanguage\":\"lv-LV\",\"potentialAction\":[{\"@type\":\"ReadAction\",\"target\":[\"https:\\\/\\\/www.facecorner.lv\\\/shop\\\/arencia-discovery-kit-miniaturu-komplekts\\\/\"]}]},{\"@type\":\"ImageObject\",\"inLanguage\":\"lv-LV\",\"@id\":\"https:\\\/\\\/www.facecorner.lv\\\/shop\\\/arencia-discovery-kit-miniaturu-komplekts\\\/#primaryimage\",\"url\":\"https:\\\/\\\/www.facecorner.lv\\\/wp-content\\\/uploads\\\/2026\\\/05\\\/arencia-4pcs-discovery-kit-68954084082047.webp\",\"contentUrl\":\"https:\\\/\\\/www.facecorner.lv\\\/wp-content\\\/uploads\\\/2026\\\/05\\\/arencia-4pcs-discovery-kit-68954084082047.webp\",\"width\":1500,\"height\":1500,\"caption\":\"Arencia Discovery Kit\"},{\"@type\":\"BreadcrumbList\",\"@id\":\"https:\\\/\\\/www.facecorner.lv\\\/shop\\\/arencia-discovery-kit-miniaturu-komplekts\\\/#breadcrumb\",\"itemListElement\":[{\"@type\":\"ListItem\",\"position\":1,\"name\":\"Home\",\"item\":\"https:\\\/\\\/www.facecorner.lv\\\/\"},{\"@type\":\"ListItem\",\"position\":2,\"name\":\"Veikals\",\"item\":\"https:\\\/\\\/www.facecorner.lv\\\/shop\\\/\"},{\"@type\":\"ListItem\",\"position\":3,\"name\":\"Arencia Discovery Kit miniat\u016bru komplekts\"}]},{\"@type\":\"WebSite\",\"@id\":\"https:\\\/\\\/www.facecorner.lv\\\/#website\",\"url\":\"https:\\\/\\\/www.facecorner.lv\\\/\",\"name\":\"Facecorner\",\"description\":\"\",\"publisher\":{\"@id\":\"https:\\\/\\\/www.facecorner.lv\\\/#organization\"},\"potentialAction\":[{\"@type\":\"SearchAction\",\"target\":{\"@type\":\"EntryPoint\",\"urlTemplate\":\"https:\\\/\\\/www.facecorner.lv\\\/?s={search_term_string}\"},\"query-input\":{\"@type\":\"PropertyValueSpecification\",\"valueRequired\":true,\"valueName\":\"search_term_string\"}}],\"inLanguage\":\"lv-LV\"},{\"@type\":\"Organization\",\"@id\":\"https:\\\/\\\/www.facecorner.lv\\\/#organization\",\"name\":\"Facecorner\",\"url\":\"https:\\\/\\\/www.facecorner.lv\\\/\",\"logo\":{\"@type\":\"ImageObject\",\"inLanguage\":\"lv-LV\",\"@id\":\"https:\\\/\\\/www.facecorner.lv\\\/#\\\/schema\\\/logo\\\/image\\\/\",\"url\":\"https:\\\/\\\/www.facecorner.lv\\\/wp-content\\\/uploads\\\/2024\\\/04\\\/fc-logo.jpg\",\"contentUrl\":\"https:\\\/\\\/www.facecorner.lv\\\/wp-content\\\/uploads\\\/2024\\\/04\\\/fc-logo.jpg\",\"width\":174,\"height\":28,\"caption\":\"Facecorner\"},\"image\":{\"@id\":\"https:\\\/\\\/www.facecorner.lv\\\/#\\\/schema\\\/logo\\\/image\\\/\"},\"sameAs\":[\"https:\\\/\\\/www.facebook.com\\\/profile.php?id=100063824551839\",\"https:\\\/\\\/www.instagram.com\\\/facecorner_shop\\\/\"]}]}<\/script>\n<meta property=\"product:price:amount\" content=\"26.90\" \/>\n<meta property=\"product:price:currency\" content=\"EUR\" \/>\n<meta property=\"og:availability\" content=\"instock\" \/>\n<meta property=\"product:availability\" content=\"instock\" \/>\n<meta property=\"product:condition\" content=\"new\" \/>\n<!-- \/ Yoast SEO plugin. -->","yoast_head_json":{"title":"Arencia Discovery Kit miniat\u016bru komplekts - FACECORNER","description":"Arencia mini produktu komplekts, kas \u013cauj iepaz\u012bt z\u012bmola le\u0123end\u0101ros produktus un nodro\u0161ina pilnv\u0113rt\u012bgu \u0101das pamata kop\u0161anu. Ide\u0101li piem\u0113rots ce\u013cojumiem, produktu izm\u0113\u0123in\u0101\u0161anai vai k\u0101 d\u0101vana.","robots":{"index":"index","follow":"follow","max-snippet":"max-snippet:-1","max-image-preview":"max-image-preview:large","max-video-preview":"max-video-preview:-1"},"canonical":"https:\/\/www.facecorner.lv\/lv\/shop\/arencia-discovery-kit-miniaturu-komplekts\/","og_locale":"lv_LV","og_type":"article","og_title":"Arencia Discovery Kit miniat\u016bru komplekts - FACECORNER","og_description":"Arencia mini produktu komplekts, kas \u013cauj iepaz\u012bt z\u012bmola le\u0123end\u0101ros produktus un nodro\u0161ina pilnv\u0113rt\u012bgu \u0101das pamata kop\u0161anu. Ide\u0101li piem\u0113rots ce\u013cojumiem, produktu izm\u0113\u0123in\u0101\u0161anai vai k\u0101 d\u0101vana.","og_url":"https:\/\/www.facecorner.lv\/lv\/shop\/arencia-discovery-kit-miniaturu-komplekts\/","og_site_name":"FACECORNER","article_publisher":"https:\/\/www.facebook.com\/profile.php?id=100063824551839","og_image":[{"width":1500,"height":1500,"url":"https:\/\/www.facecorner.lv\/wp-content\/uploads\/2026\/05\/arencia-4pcs-discovery-kit-68954084082047.webp","type":"image\/webp"}],"twitter_card":"summary_large_image","twitter_misc":{"Price":"&euro;26.90","Availability":"In stock"},"schema":{"@context":"https:\/\/schema.org","@graph":[{"@type":"WebPage","@id":"https:\/\/www.facecorner.lv\/shop\/arencia-discovery-kit-miniaturu-komplekts\/","url":"https:\/\/www.facecorner.lv\/shop\/arencia-discovery-kit-miniaturu-komplekts\/","name":"Arencia Discovery Kit miniat\u016bru komplekts - FACECORNER","isPartOf":{"@id":"https:\/\/www.facecorner.lv\/#website"},"primaryImageOfPage":{"@id":"https:\/\/www.facecorner.lv\/shop\/arencia-discovery-kit-miniaturu-komplekts\/#primaryimage"},"image":{"@id":"https:\/\/www.facecorner.lv\/shop\/arencia-discovery-kit-miniaturu-komplekts\/#primaryimage"},"thumbnailUrl":"https:\/\/www.facecorner.lv\/wp-content\/uploads\/2026\/05\/arencia-4pcs-discovery-kit-68954084082047.webp","datePublished":"2026-05-07T09:16:24+00:00","description":"Arencia mini produktu komplekts, kas \u013cauj iepaz\u012bt z\u012bmola le\u0123end\u0101ros produktus un nodro\u0161ina pilnv\u0113rt\u012bgu \u0101das pamata kop\u0161anu. Ide\u0101li piem\u0113rots ce\u013cojumiem, produktu izm\u0113\u0123in\u0101\u0161anai vai k\u0101 d\u0101vana.","breadcrumb":{"@id":"https:\/\/www.facecorner.lv\/shop\/arencia-discovery-kit-miniaturu-komplekts\/#breadcrumb"},"inLanguage":"lv-LV","potentialAction":[{"@type":"ReadAction","target":["https:\/\/www.facecorner.lv\/shop\/arencia-discovery-kit-miniaturu-komplekts\/"]}]},{"@type":"ImageObject","inLanguage":"lv-LV","@id":"https:\/\/www.facecorner.lv\/shop\/arencia-discovery-kit-miniaturu-komplekts\/#primaryimage","url":"https:\/\/www.facecorner.lv\/wp-content\/uploads\/2026\/05\/arencia-4pcs-discovery-kit-68954084082047.webp","contentUrl":"https:\/\/www.facecorner.lv\/wp-content\/uploads\/2026\/05\/arencia-4pcs-discovery-kit-68954084082047.webp","width":1500,"height":1500,"caption":"Arencia Discovery Kit"},{"@type":"BreadcrumbList","@id":"https:\/\/www.facecorner.lv\/shop\/arencia-discovery-kit-miniaturu-komplekts\/#breadcrumb","itemListElement":[{"@type":"ListItem","position":1,"name":"Home","item":"https:\/\/www.facecorner.lv\/"},{"@type":"ListItem","position":2,"name":"Veikals","item":"https:\/\/www.facecorner.lv\/shop\/"},{"@type":"ListItem","position":3,"name":"Arencia Discovery Kit miniat\u016bru komplekts"}]},{"@type":"WebSite","@id":"https:\/\/www.facecorner.lv\/#website","url":"https:\/\/www.facecorner.lv\/","name":"Facecorner","description":"","publisher":{"@id":"https:\/\/www.facecorner.lv\/#organization"},"potentialAction":[{"@type":"SearchAction","target":{"@type":"EntryPoint","urlTemplate":"https:\/\/www.facecorner.lv\/?s={search_term_string}"},"query-input":{"@type":"PropertyValueSpecification","valueRequired":true,"valueName":"search_term_string"}}],"inLanguage":"lv-LV"},{"@type":"Organization","@id":"https:\/\/www.facecorner.lv\/#organization","name":"Facecorner","url":"https:\/\/www.facecorner.lv\/","logo":{"@type":"ImageObject","inLanguage":"lv-LV","@id":"https:\/\/www.facecorner.lv\/#\/schema\/logo\/image\/","url":"https:\/\/www.facecorner.lv\/wp-content\/uploads\/2024\/04\/fc-logo.jpg","contentUrl":"https:\/\/www.facecorner.lv\/wp-content\/uploads\/2024\/04\/fc-logo.jpg","width":174,"height":28,"caption":"Facecorner"},"image":{"@id":"https:\/\/www.facecorner.lv\/#\/schema\/logo\/image\/"},"sameAs":["https:\/\/www.facebook.com\/profile.php?id=100063824551839","https:\/\/www.instagram.com\/facecorner_shop\/"]}]},"product_price_amount":"26.90","product_price_currency":"EUR","og_availability":"instock","product_availability":"instock","product_condition":"new"},"_links":{"self":[{"href":"https:\/\/www.facecorner.lv\/lv\/wp-json\/wp\/v2\/product\/27583","targetHints":{"allow":["GET"]}}],"collection":[{"href":"https:\/\/www.facecorner.lv\/lv\/wp-json\/wp\/v2\/product"}],"about":[{"href":"https:\/\/www.facecorner.lv\/lv\/wp-json\/wp\/v2\/types\/product"}],"replies":[{"embeddable":true,"href":"https:\/\/www.facecorner.lv\/lv\/wp-json\/wp\/v2\/comments?post=27583"}],"wp:featuredmedia":[{"embeddable":true,"href":"https:\/\/www.facecorner.lv\/lv\/wp-json\/wp\/v2\/media\/27584"}],"wp:attachment":[{"href":"https:\/\/www.facecorner.lv\/lv\/wp-json\/wp\/v2\/media?parent=27583"}],"wp:term":[{"taxonomy":"product_brand","embeddable":true,"href":"https:\/\/www.facecorner.lv\/lv\/wp-json\/wp\/v2\/product_brand?post=27583"},{"taxonomy":"product_cat","embeddable":true,"href":"https:\/\/www.facecorner.lv\/lv\/wp-json\/wp\/v2\/product_cat?post=27583"},{"taxonomy":"product_tag","embeddable":true,"href":"https:\/\/www.facecorner.lv\/lv\/wp-json\/wp\/v2\/product_tag?post=27583"},{"taxonomy":"berocket_brand","embeddable":true,"href":"https:\/\/www.facecorner.lv\/lv\/wp-json\/wp\/v2\/berocket_brand?post=27583"}],"curies":[{"name":"wp","href":"https:\/\/api.w.org\/{rel}","templated":true}]}}