{"id":27491,"date":"2026-04-16T14:13:38","date_gmt":"2026-04-16T11:13:38","guid":{"rendered":"https:\/\/www.facecorner.lv\/?post_type=product&#038;p=27491"},"modified":"2026-04-16T14:13:38","modified_gmt":"2026-04-16T11:13:38","slug":"centellian24-lifting-peptide-serum-liftinga-serums-ar-peptidiem-30ml","status":"publish","type":"product","link":"https:\/\/www.facecorner.lv\/lv\/shop\/centellian24-lifting-peptide-serum-liftinga-serums-ar-peptidiem-30ml\/","title":{"rendered":"Centellian24 Lifting Peptide Serum liftinga serums ar pept\u012bdiem 30ml"},"content":{"rendered":"<p>Intens\u012bv\u0101 pretnoveco\u0161an\u0101s seruma Centellian24 Lifting Peptide Serum ir rad\u012bts, lai uzlabotu \u0101das elast\u012bbu un c\u012bn\u012btos pret noveco\u0161an\u0101s paz\u012bm\u0113m.<\/p>\n<p>Formul\u0101 ir iek\u013cauts 42 pept\u012bdu un prote\u012bnu komplekss, kas pal\u012bdz nostiprin\u0101t \u0101du, samazin\u0101t grumbu veido\u0161anos un atjaunot \u0101das bl\u012bvumu.<\/p>\n<p>Augsti koncentr\u0113t\u0101 tekst\u016bra dzi\u013ci baro un \u0101tri ies\u016bcas, pie\u0161\u0137irot \u0101dai stingr\u0101ku, glud\u0101ku un mirdzo\u0161\u0101ku izskatu jau p\u0113c pirmajiem lieto\u0161anas reiz\u0113m.<\/p>\n<h6>Priek\u0161roc\u012bbas:<\/h6>\n<ul>\n<li>izteikts liftinga efekts<\/li>\n<li>grumbu un krunci\u0146u mazin\u0101\u0161ana<\/li>\n<li>\u0101das stingr\u012bbas un elast\u012bbas uzlabo\u0161ana<\/li>\n<li>intens\u012bva baro\u0161ana un mitrin\u0101\u0161ana<\/li>\n<li>\u0101das to\u0146a izl\u012bdzin\u0101\u0161ana un mirdzuma pie\u0161\u0137ir\u0161ana<\/li>\n<li>\u0101das barjeras stiprin\u0101\u0161ana<\/li>\n<\/ul>\n<h6><strong>Galven\u0101s sast\u0101vda\u013cas:<\/strong><\/h6>\n<ul>\n<li>42 pept\u012bdu komplekss \u2014 stimul\u0113 kolag\u0113na veido\u0161anos<\/li>\n<li>kolag\u0113ns un elast\u012bns \u2014 palielina \u0101das bl\u012bvumu<\/li>\n<li>hialuronsk\u0101be \u2014 dzi\u013ci mitrina<\/li>\n<li>niacinam\u012bds \u2014 uzlabo \u0101das toni un pie\u0161\u0137ir mirdzumu<\/li>\n<li>centella asiatica \u2014 nomierina un atjauno \u0101du<\/li>\n<\/ul>\n<p><strong>Lieto\u0161ana:<\/strong> Uzkl\u0101jiet nelielu daudzumu seruma uz att\u012br\u012btas sejas \u0101das un iemas\u0113jiet, l\u012bdz tas piln\u012bb\u0101 ies\u016bcies. Lietojiet no r\u012bta un\/vai vakar\u0101.<\/p>\n<p><strong>Kontaktinform\u0101cija:\u00a0<\/strong><\/p>\n<p>REACH24H Cosmetics Europe Co. LIMITED<\/p>\n<p>8\/9 WESTMORELAND STREET, DUBLIN 2, DUBLIN, D02NW22, IRELAND Dublin D02NW22 Ireland<\/p>\n<p>&nbsp;<\/p>\n<p><strong>Sast\u0101vs:<\/strong> Water, Glycerin, Dipropylene Glycol, Polymethylsilsesquioxane, Niacinamide, Methyl Trimethicone, Cetyl Ethylhexanoate, Bifida Ferment Lysate, Polyglyceryl-10 Stearate, Polyglyceryl-3 Methylglucose Distearate, 1,2-Hexanediol, Hydrogenated Poly(C6-14 Olefin), Pentaerythrityl Distearate, Butyrospermum Parkii (Shea) Butter, Soluble Collagen, Butylene Glycol, Hydroxyacetophenone, Ammonium Acryloyldimethyltaurate\/VP Copolymer, Sodium Stearoyl Glutamate, Camellia Sinensis Leaf Water, Acrylates\/C10-30 Alkyl Acrylate Crosspolymer, Eclipta Prostrata Leaf Extract, Laminaria Japonica Extract, Tromethamine, Xanthan Gum, Fragrance, Hydrogenated Lecithin, Glyceryl Polymethacrylate, Adenosine, Fructooligosaccharides, Centella Asiatica Extract, Ficus Carica (Fig) Fruit Extract, Disodium EDTA, Melia Azadirachta Leaf Extract, Carbomer, Beta-Glucan, Melia Azadirachta Flower Extract, Curcuma Longa (Turmeric) Root Extract, Hydrolyzed Hyaluronic Acid, Ceramide NP, Hydrolyzed Elastin, Ocimum Sanctum Leaf Extract, Acetic Acid, Hyaluronic Acid, Elastin, Lactic Acid, Ascorbic Acid Polypeptide, Cyanocobalamin, Corallina Officinalis Extract, Caprylyl Glycol, Palmitoyl Pentapeptide-4, Alcohol, PEG-40 Hydrogenated Castor Oil, Hydrolyzed Lupine Protein, PPG-26-Buteth-26, Potassium Sorbate, Hydrolyzed Wheat Protein, Polyglyceryl-10 Laurate, Acetyl Hexapeptide-8, Hydrolyzed Rice Protein, Copper Tripeptide-1, Tripeptide-1, Hydrolyzed Corn Protein, Hydrolyzed Soy Protein, Hexapeptide-9, Palmitoyl Tetrapeptide-7, Palmitoyl Tripeptide-1, Nonapeptide-1, Lecithin, Acetyl Tetrapeptide-11, Phenoxyethanol, Tripeptide-29, Polysorbate 20, Superoxide Dismutase, Glycine Soja (Soybean) Protein, Sodium Benzoate, Acetyl Octapeptide-3, Oligopeptide-34, Palmitoyl Tripeptide-29, Nonapeptide-7, Nicotinoyl Tripeptide-35, Hexapeptide-12, Tripeptide-3, Alanine\/Histidine\/Lysine Polypeptide Copper HCl, Dipeptide-4, Oligopeptide-6, Dipeptide-2, Acetyl Tetrapeptide-3, Acetyl Tripeptide-1, Acetyl Tetrapeptide-5, Acetyl Tetrapeptide-2, Hexapeptide-2, Tripeptide-2, Dipeptide-1, Pentapeptide-3, Sodium Ascorbyl Phosphate, Sodium Dextran Sulfate, Palmitoyl Dipeptide-7, Dipeptide Diaminobutyroyl Benzylamide Diacetate, Palmitoyl Hexapeptide-12, Palmitoyl Tripeptide-5, Folic Acid, sh-Oligopeptide-1, Acetyl Decapeptide-3, Oligopeptide-24, Decapeptide-4, sh-Polypeptide-1, sh-Polypeptide-11, sh-Oligopeptide-2, sh-Polypeptide-9<\/p>\n<p>&nbsp;<\/p>\n","protected":false},"excerpt":{"rendered":"<p>Intens\u012bv\u0101 pretnoveco\u0161an\u0101s seruma Centellian24 Lifting Peptide Serum ir rad\u012bts, lai uzlabotu \u0101das elast\u012bbu un c\u012bn\u012btos pret noveco\u0161an\u0101s paz\u012bm\u0113m.<\/p>\n","protected":false},"featured_media":27492,"comment_status":"open","ping_status":"closed","template":"","meta":{"site-sidebar-layout":"default","site-content-layout":"","ast-site-content-layout":"default","site-content-style":"default","site-sidebar-style":"default","ast-global-header-display":"","ast-banner-title-visibility":"","ast-main-header-display":"","ast-hfb-above-header-display":"","ast-hfb-below-header-display":"","ast-hfb-mobile-header-display":"","site-post-title":"","ast-breadcrumbs-content":"","ast-featured-img":"","footer-sml-layout":"","theme-transparent-header-meta":"default","adv-header-id-meta":"","stick-header-meta":"","header-above-stick-meta":"","header-main-stick-meta":"","header-below-stick-meta":"","astra-migrate-meta-layouts":"set","ast-page-background-enabled":"default","ast-page-background-meta":{"desktop":{"background-color":"var(--ast-global-color-4)","background-image":"","background-repeat":"repeat","background-position":"center center","background-size":"auto","background-attachment":"scroll","background-type":"","background-media":"","overlay-type":"","overlay-color":"","overlay-opacity":"","overlay-gradient":""},"tablet":{"background-color":"","background-image":"","background-repeat":"repeat","background-position":"center center","background-size":"auto","background-attachment":"scroll","background-type":"","background-media":"","overlay-type":"","overlay-color":"","overlay-opacity":"","overlay-gradient":""},"mobile":{"background-color":"","background-image":"","background-repeat":"repeat","background-position":"center center","background-size":"auto","background-attachment":"scroll","background-type":"","background-media":"","overlay-type":"","overlay-color":"","overlay-opacity":"","overlay-gradient":""}},"ast-content-background-meta":{"desktop":{"background-color":"var(--ast-global-color-5)","background-image":"","background-repeat":"repeat","background-position":"center center","background-size":"auto","background-attachment":"scroll","background-type":"","background-media":"","overlay-type":"","overlay-color":"","overlay-opacity":"","overlay-gradient":""},"tablet":{"background-color":"var(--ast-global-color-5)","background-image":"","background-repeat":"repeat","background-position":"center center","background-size":"auto","background-attachment":"scroll","background-type":"","background-media":"","overlay-type":"","overlay-color":"","overlay-opacity":"","overlay-gradient":""},"mobile":{"background-color":"var(--ast-global-color-5)","background-image":"","background-repeat":"repeat","background-position":"center center","background-size":"auto","background-attachment":"scroll","background-type":"","background-media":"","overlay-type":"","overlay-color":"","overlay-opacity":"","overlay-gradient":""}}},"product_brand":[],"product_cat":[370,371,511,363],"product_tag":[],"berocket_brand":[682],"class_list":{"0":"post-27491","1":"product","2":"type-product","3":"status-publish","4":"has-post-thumbnail","6":"product_cat-adas-mirdzumam","7":"product_cat-anti-age","8":"product_cat-atlaides","9":"product_cat-serumi","10":"berocket_brand-centellian24","11":"desktop-align-left","12":"tablet-align-left","13":"mobile-align-left","15":"first","16":"instock","17":"sale","18":"taxable","19":"shipping-taxable","20":"purchasable","21":"product-type-simple","22":"add-to-wishlist-before_image"},"yoast_head":"<!-- This site is optimized with the Yoast SEO plugin v27.4 - https:\/\/yoast.com\/product\/yoast-seo-wordpress\/ -->\n<title>Centellian24 Lifting Peptide Serum liftinga serums ar pept\u012bdiem 30ml - FACECORNER<\/title>\n<meta name=\"description\" content=\"Intens\u012bv\u0101 pretnoveco\u0161an\u0101s seruma Centellian24 Lifting Peptide Serum ir rad\u012bts, lai uzlabotu \u0101das elast\u012bbu un c\u012bn\u012btos pret noveco\u0161an\u0101s paz\u012bm\u0113m.\" \/>\n<meta name=\"robots\" content=\"index, follow, max-snippet:-1, max-image-preview:large, max-video-preview:-1\" \/>\n<link rel=\"canonical\" href=\"https:\/\/www.facecorner.lv\/lv\/shop\/centellian24-lifting-peptide-serum-liftinga-serums-ar-peptidiem-30ml\/\" \/>\n<meta property=\"og:locale\" content=\"lv_LV\" \/>\n<meta property=\"og:type\" content=\"article\" \/>\n<meta property=\"og:title\" content=\"Centellian24 Lifting Peptide Serum liftinga serums ar pept\u012bdiem 30ml - FACECORNER\" \/>\n<meta property=\"og:description\" content=\"Intens\u012bv\u0101 pretnoveco\u0161an\u0101s seruma Centellian24 Lifting Peptide Serum ir rad\u012bts, lai uzlabotu \u0101das elast\u012bbu un c\u012bn\u012btos pret noveco\u0161an\u0101s paz\u012bm\u0113m.\" \/>\n<meta property=\"og:url\" content=\"https:\/\/www.facecorner.lv\/lv\/shop\/centellian24-lifting-peptide-serum-liftinga-serums-ar-peptidiem-30ml\/\" \/>\n<meta property=\"og:site_name\" content=\"FACECORNER\" \/>\n<meta property=\"article:publisher\" content=\"https:\/\/www.facebook.com\/profile.php?id=100063824551839\" \/>\n<meta property=\"og:image\" content=\"https:\/\/www.facecorner.lv\/wp-content\/uploads\/2026\/04\/d1b54b31ec300bf946a47a7caef8e16c.jpg\" \/>\n\t<meta property=\"og:image:width\" content=\"500\" \/>\n\t<meta property=\"og:image:height\" content=\"500\" \/>\n\t<meta property=\"og:image:type\" content=\"image\/jpeg\" \/>\n<meta name=\"twitter:card\" content=\"summary_large_image\" \/>\n<meta name=\"twitter:label1\" content=\"Price\" \/>\n\t<meta name=\"twitter:data1\" content=\"&euro;18.90\" \/>\n\t<meta name=\"twitter:label2\" content=\"Availability\" \/>\n\t<meta name=\"twitter:data2\" content=\"In stock\" \/>\n<script type=\"application\/ld+json\" class=\"yoast-schema-graph\">{\"@context\":\"https:\\\/\\\/schema.org\",\"@graph\":[{\"@type\":\"WebPage\",\"@id\":\"https:\\\/\\\/www.facecorner.lv\\\/shop\\\/centellian24-lifting-peptide-serum-liftinga-serums-ar-peptidiem-30ml\\\/\",\"url\":\"https:\\\/\\\/www.facecorner.lv\\\/shop\\\/centellian24-lifting-peptide-serum-liftinga-serums-ar-peptidiem-30ml\\\/\",\"name\":\"Centellian24 Lifting Peptide Serum liftinga serums ar pept\u012bdiem 30ml - FACECORNER\",\"isPartOf\":{\"@id\":\"https:\\\/\\\/www.facecorner.lv\\\/#website\"},\"primaryImageOfPage\":{\"@id\":\"https:\\\/\\\/www.facecorner.lv\\\/shop\\\/centellian24-lifting-peptide-serum-liftinga-serums-ar-peptidiem-30ml\\\/#primaryimage\"},\"image\":{\"@id\":\"https:\\\/\\\/www.facecorner.lv\\\/shop\\\/centellian24-lifting-peptide-serum-liftinga-serums-ar-peptidiem-30ml\\\/#primaryimage\"},\"thumbnailUrl\":\"https:\\\/\\\/www.facecorner.lv\\\/wp-content\\\/uploads\\\/2026\\\/04\\\/d1b54b31ec300bf946a47a7caef8e16c.jpg\",\"datePublished\":\"2026-04-16T11:13:38+00:00\",\"description\":\"Intens\u012bv\u0101 pretnoveco\u0161an\u0101s seruma Centellian24 Lifting Peptide Serum ir rad\u012bts, lai uzlabotu \u0101das elast\u012bbu un c\u012bn\u012btos pret noveco\u0161an\u0101s paz\u012bm\u0113m.\",\"breadcrumb\":{\"@id\":\"https:\\\/\\\/www.facecorner.lv\\\/shop\\\/centellian24-lifting-peptide-serum-liftinga-serums-ar-peptidiem-30ml\\\/#breadcrumb\"},\"inLanguage\":\"lv-LV\",\"potentialAction\":[{\"@type\":\"ReadAction\",\"target\":[\"https:\\\/\\\/www.facecorner.lv\\\/shop\\\/centellian24-lifting-peptide-serum-liftinga-serums-ar-peptidiem-30ml\\\/\"]}]},{\"@type\":\"ImageObject\",\"inLanguage\":\"lv-LV\",\"@id\":\"https:\\\/\\\/www.facecorner.lv\\\/shop\\\/centellian24-lifting-peptide-serum-liftinga-serums-ar-peptidiem-30ml\\\/#primaryimage\",\"url\":\"https:\\\/\\\/www.facecorner.lv\\\/wp-content\\\/uploads\\\/2026\\\/04\\\/d1b54b31ec300bf946a47a7caef8e16c.jpg\",\"contentUrl\":\"https:\\\/\\\/www.facecorner.lv\\\/wp-content\\\/uploads\\\/2026\\\/04\\\/d1b54b31ec300bf946a47a7caef8e16c.jpg\",\"width\":500,\"height\":500,\"caption\":\"Centellian24 Lifting Peptide Serum\"},{\"@type\":\"BreadcrumbList\",\"@id\":\"https:\\\/\\\/www.facecorner.lv\\\/shop\\\/centellian24-lifting-peptide-serum-liftinga-serums-ar-peptidiem-30ml\\\/#breadcrumb\",\"itemListElement\":[{\"@type\":\"ListItem\",\"position\":1,\"name\":\"Home\",\"item\":\"https:\\\/\\\/www.facecorner.lv\\\/\"},{\"@type\":\"ListItem\",\"position\":2,\"name\":\"Veikals\",\"item\":\"https:\\\/\\\/www.facecorner.lv\\\/shop\\\/\"},{\"@type\":\"ListItem\",\"position\":3,\"name\":\"Centellian24 Lifting Peptide Serum liftinga serums ar pept\u012bdiem 30ml\"}]},{\"@type\":\"WebSite\",\"@id\":\"https:\\\/\\\/www.facecorner.lv\\\/#website\",\"url\":\"https:\\\/\\\/www.facecorner.lv\\\/\",\"name\":\"Facecorner\",\"description\":\"\",\"publisher\":{\"@id\":\"https:\\\/\\\/www.facecorner.lv\\\/#organization\"},\"potentialAction\":[{\"@type\":\"SearchAction\",\"target\":{\"@type\":\"EntryPoint\",\"urlTemplate\":\"https:\\\/\\\/www.facecorner.lv\\\/?s={search_term_string}\"},\"query-input\":{\"@type\":\"PropertyValueSpecification\",\"valueRequired\":true,\"valueName\":\"search_term_string\"}}],\"inLanguage\":\"lv-LV\"},{\"@type\":\"Organization\",\"@id\":\"https:\\\/\\\/www.facecorner.lv\\\/#organization\",\"name\":\"Facecorner\",\"url\":\"https:\\\/\\\/www.facecorner.lv\\\/\",\"logo\":{\"@type\":\"ImageObject\",\"inLanguage\":\"lv-LV\",\"@id\":\"https:\\\/\\\/www.facecorner.lv\\\/#\\\/schema\\\/logo\\\/image\\\/\",\"url\":\"https:\\\/\\\/www.facecorner.lv\\\/wp-content\\\/uploads\\\/2024\\\/04\\\/fc-logo.jpg\",\"contentUrl\":\"https:\\\/\\\/www.facecorner.lv\\\/wp-content\\\/uploads\\\/2024\\\/04\\\/fc-logo.jpg\",\"width\":174,\"height\":28,\"caption\":\"Facecorner\"},\"image\":{\"@id\":\"https:\\\/\\\/www.facecorner.lv\\\/#\\\/schema\\\/logo\\\/image\\\/\"},\"sameAs\":[\"https:\\\/\\\/www.facebook.com\\\/profile.php?id=100063824551839\",\"https:\\\/\\\/www.instagram.com\\\/facecorner_shop\\\/\"]}]}<\/script>\n<meta property=\"product:price:amount\" content=\"18.90\" \/>\n<meta property=\"product:price:currency\" content=\"EUR\" \/>\n<meta property=\"og:availability\" content=\"instock\" \/>\n<meta property=\"product:availability\" content=\"instock\" \/>\n<meta property=\"product:condition\" content=\"new\" \/>\n<!-- \/ Yoast SEO plugin. -->","yoast_head_json":{"title":"Centellian24 Lifting Peptide Serum liftinga serums ar pept\u012bdiem 30ml - FACECORNER","description":"Intens\u012bv\u0101 pretnoveco\u0161an\u0101s seruma Centellian24 Lifting Peptide Serum ir rad\u012bts, lai uzlabotu \u0101das elast\u012bbu un c\u012bn\u012btos pret noveco\u0161an\u0101s paz\u012bm\u0113m.","robots":{"index":"index","follow":"follow","max-snippet":"max-snippet:-1","max-image-preview":"max-image-preview:large","max-video-preview":"max-video-preview:-1"},"canonical":"https:\/\/www.facecorner.lv\/lv\/shop\/centellian24-lifting-peptide-serum-liftinga-serums-ar-peptidiem-30ml\/","og_locale":"lv_LV","og_type":"article","og_title":"Centellian24 Lifting Peptide Serum liftinga serums ar pept\u012bdiem 30ml - FACECORNER","og_description":"Intens\u012bv\u0101 pretnoveco\u0161an\u0101s seruma Centellian24 Lifting Peptide Serum ir rad\u012bts, lai uzlabotu \u0101das elast\u012bbu un c\u012bn\u012btos pret noveco\u0161an\u0101s paz\u012bm\u0113m.","og_url":"https:\/\/www.facecorner.lv\/lv\/shop\/centellian24-lifting-peptide-serum-liftinga-serums-ar-peptidiem-30ml\/","og_site_name":"FACECORNER","article_publisher":"https:\/\/www.facebook.com\/profile.php?id=100063824551839","og_image":[{"width":500,"height":500,"url":"https:\/\/www.facecorner.lv\/wp-content\/uploads\/2026\/04\/d1b54b31ec300bf946a47a7caef8e16c.jpg","type":"image\/jpeg"}],"twitter_card":"summary_large_image","twitter_misc":{"Price":"&euro;18.90","Availability":"In stock"},"schema":{"@context":"https:\/\/schema.org","@graph":[{"@type":"WebPage","@id":"https:\/\/www.facecorner.lv\/shop\/centellian24-lifting-peptide-serum-liftinga-serums-ar-peptidiem-30ml\/","url":"https:\/\/www.facecorner.lv\/shop\/centellian24-lifting-peptide-serum-liftinga-serums-ar-peptidiem-30ml\/","name":"Centellian24 Lifting Peptide Serum liftinga serums ar pept\u012bdiem 30ml - FACECORNER","isPartOf":{"@id":"https:\/\/www.facecorner.lv\/#website"},"primaryImageOfPage":{"@id":"https:\/\/www.facecorner.lv\/shop\/centellian24-lifting-peptide-serum-liftinga-serums-ar-peptidiem-30ml\/#primaryimage"},"image":{"@id":"https:\/\/www.facecorner.lv\/shop\/centellian24-lifting-peptide-serum-liftinga-serums-ar-peptidiem-30ml\/#primaryimage"},"thumbnailUrl":"https:\/\/www.facecorner.lv\/wp-content\/uploads\/2026\/04\/d1b54b31ec300bf946a47a7caef8e16c.jpg","datePublished":"2026-04-16T11:13:38+00:00","description":"Intens\u012bv\u0101 pretnoveco\u0161an\u0101s seruma Centellian24 Lifting Peptide Serum ir rad\u012bts, lai uzlabotu \u0101das elast\u012bbu un c\u012bn\u012btos pret noveco\u0161an\u0101s paz\u012bm\u0113m.","breadcrumb":{"@id":"https:\/\/www.facecorner.lv\/shop\/centellian24-lifting-peptide-serum-liftinga-serums-ar-peptidiem-30ml\/#breadcrumb"},"inLanguage":"lv-LV","potentialAction":[{"@type":"ReadAction","target":["https:\/\/www.facecorner.lv\/shop\/centellian24-lifting-peptide-serum-liftinga-serums-ar-peptidiem-30ml\/"]}]},{"@type":"ImageObject","inLanguage":"lv-LV","@id":"https:\/\/www.facecorner.lv\/shop\/centellian24-lifting-peptide-serum-liftinga-serums-ar-peptidiem-30ml\/#primaryimage","url":"https:\/\/www.facecorner.lv\/wp-content\/uploads\/2026\/04\/d1b54b31ec300bf946a47a7caef8e16c.jpg","contentUrl":"https:\/\/www.facecorner.lv\/wp-content\/uploads\/2026\/04\/d1b54b31ec300bf946a47a7caef8e16c.jpg","width":500,"height":500,"caption":"Centellian24 Lifting Peptide Serum"},{"@type":"BreadcrumbList","@id":"https:\/\/www.facecorner.lv\/shop\/centellian24-lifting-peptide-serum-liftinga-serums-ar-peptidiem-30ml\/#breadcrumb","itemListElement":[{"@type":"ListItem","position":1,"name":"Home","item":"https:\/\/www.facecorner.lv\/"},{"@type":"ListItem","position":2,"name":"Veikals","item":"https:\/\/www.facecorner.lv\/shop\/"},{"@type":"ListItem","position":3,"name":"Centellian24 Lifting Peptide Serum liftinga serums ar pept\u012bdiem 30ml"}]},{"@type":"WebSite","@id":"https:\/\/www.facecorner.lv\/#website","url":"https:\/\/www.facecorner.lv\/","name":"Facecorner","description":"","publisher":{"@id":"https:\/\/www.facecorner.lv\/#organization"},"potentialAction":[{"@type":"SearchAction","target":{"@type":"EntryPoint","urlTemplate":"https:\/\/www.facecorner.lv\/?s={search_term_string}"},"query-input":{"@type":"PropertyValueSpecification","valueRequired":true,"valueName":"search_term_string"}}],"inLanguage":"lv-LV"},{"@type":"Organization","@id":"https:\/\/www.facecorner.lv\/#organization","name":"Facecorner","url":"https:\/\/www.facecorner.lv\/","logo":{"@type":"ImageObject","inLanguage":"lv-LV","@id":"https:\/\/www.facecorner.lv\/#\/schema\/logo\/image\/","url":"https:\/\/www.facecorner.lv\/wp-content\/uploads\/2024\/04\/fc-logo.jpg","contentUrl":"https:\/\/www.facecorner.lv\/wp-content\/uploads\/2024\/04\/fc-logo.jpg","width":174,"height":28,"caption":"Facecorner"},"image":{"@id":"https:\/\/www.facecorner.lv\/#\/schema\/logo\/image\/"},"sameAs":["https:\/\/www.facebook.com\/profile.php?id=100063824551839","https:\/\/www.instagram.com\/facecorner_shop\/"]}]},"product_price_amount":"18.90","product_price_currency":"EUR","og_availability":"instock","product_availability":"instock","product_condition":"new"},"_links":{"self":[{"href":"https:\/\/www.facecorner.lv\/lv\/wp-json\/wp\/v2\/product\/27491","targetHints":{"allow":["GET"]}}],"collection":[{"href":"https:\/\/www.facecorner.lv\/lv\/wp-json\/wp\/v2\/product"}],"about":[{"href":"https:\/\/www.facecorner.lv\/lv\/wp-json\/wp\/v2\/types\/product"}],"replies":[{"embeddable":true,"href":"https:\/\/www.facecorner.lv\/lv\/wp-json\/wp\/v2\/comments?post=27491"}],"wp:featuredmedia":[{"embeddable":true,"href":"https:\/\/www.facecorner.lv\/lv\/wp-json\/wp\/v2\/media\/27492"}],"wp:attachment":[{"href":"https:\/\/www.facecorner.lv\/lv\/wp-json\/wp\/v2\/media?parent=27491"}],"wp:term":[{"taxonomy":"product_brand","embeddable":true,"href":"https:\/\/www.facecorner.lv\/lv\/wp-json\/wp\/v2\/product_brand?post=27491"},{"taxonomy":"product_cat","embeddable":true,"href":"https:\/\/www.facecorner.lv\/lv\/wp-json\/wp\/v2\/product_cat?post=27491"},{"taxonomy":"product_tag","embeddable":true,"href":"https:\/\/www.facecorner.lv\/lv\/wp-json\/wp\/v2\/product_tag?post=27491"},{"taxonomy":"berocket_brand","embeddable":true,"href":"https:\/\/www.facecorner.lv\/lv\/wp-json\/wp\/v2\/berocket_brand?post=27491"}],"curies":[{"name":"wp","href":"https:\/\/api.w.org\/{rel}","templated":true}]}}