{"id":27486,"date":"2026-04-16T13:53:22","date_gmt":"2026-04-16T10:53:22","guid":{"rendered":"https:\/\/www.facecorner.lv\/?post_type=product&#038;p=27486"},"modified":"2026-04-16T13:56:31","modified_gmt":"2026-04-16T10:56:31","slug":"biodance-collagen-eye-patch-hidrogela-patci-60gab","status":"publish","type":"product","link":"https:\/\/www.facecorner.lv\/lv\/shop\/biodance-collagen-eye-patch-hidrogela-patci-60gab\/","title":{"rendered":"Biodance Collagen Eye Patch hidro\u0123el\u0101 pat\u010di 60gab"},"content":{"rendered":"<p>Biodance Collagen Eye Patch hidro\u0123el\u0101 pl\u0101ksteri ir izstr\u0101d\u0101ti intens\u012bvai maig\u0101s \u0101das ap ac\u012bm kop\u0161anai. Tie pal\u012bdz mazin\u0101t noguruma paz\u012bmes, samazin\u0101t tum\u0161os lokus un piet\u016bkumu, k\u0101 ar\u012b uzlabot \u0101das elast\u012bbu.<\/p>\n<p>Pateicoties kolag\u0113na un mitrino\u0161o sast\u0101vda\u013cu kl\u0101tb\u016btnei, \u0101da k\u013c\u016bst glud\u0101ka, svaig\u0101ka un mirdzo\u0161\u0101ka.<br \/>\nPl\u0101ksteri \u0113rti piestiprin\u0101s, nenokr\u012bt un nodro\u0161ina \u0101tru iedarb\u012bbu jau p\u0113c pirm\u0101s lieto\u0161anas reizes.<\/p>\n<h6>Priek\u0161roc\u012bbas:<\/h6>\n<ul>\n<li>tum\u0161o loku un noguruma paz\u012bmju mazin\u0101\u0161ana<\/li>\n<li>piet\u016bkuma samazin\u0101\u0161ana<\/li>\n<li>intens\u012bva mitrin\u0101\u0161ana un baro\u0161ana<\/li>\n<li>\u0101das elast\u012bbas uzlabo\u0161ana<\/li>\n<li>s\u012bko grumbu izl\u012bdzin\u0101\u0161ana<\/li>\n<li>\u0101trs \u201esvaiga skatiena\u201d efekts<\/li>\n<\/ul>\n<h6>Akt\u012bv\u0101s sast\u0101vda\u013cas:<\/h6>\n<ul>\n<li>kolag\u0113ns \u2014 uzlabo \u0101das elast\u012bbu<\/li>\n<li>mitrino\u0161\u0101s sast\u0101vda\u013cas \u2014 uztur optim\u0101lu mitruma l\u012bmeni<\/li>\n<li>niacinam\u012bds \u2014 izgaismo un izl\u012bdzina \u0101das toni<\/li>\n<li>kofe\u012bns \u2014 mazina piet\u016bkumu un tum\u0161os lokus ap ac\u012bm<\/li>\n<\/ul>\n<p><strong>Lieto\u0161anas veids:<\/strong> Uzkl\u0101jiet pl\u0101ksterus uz att\u012br\u012btas \u0101das zem ac\u012bm un atst\u0101jiet uz 15\u201320 min\u016bt\u0113m. P\u0113c no\u0146em\u0161anas iemas\u0113jiet atliku\u0161o esenci, l\u012bdz t\u0101 piln\u012bb\u0101 ies\u016bcas. Nav nepiecie\u0161ams noskalot.<\/p>\n<p><strong>Kontaktinform\u0101cija:<\/strong><\/p>\n<p>TRADEGATE TO EUROPE S.L<\/p>\n<p>Albasanz 79, Nave 6, 28037 Madrid, SPAIN.\u00a0centro@rhone.es<\/p>\n<p><strong>Sast\u0101vs:\u00a0<\/strong>Water, Glycerin, Collagen Water, Niacinamide, Chondrus Crispus Powder, Butylene Glycol, 1,2-Hexanediol, Ceratonia Siliqua Gum, Betaine, Hydroxyacetophenone, Chondrus Crispus, Cyamopsis Tetragonoloba Gum, Calcium Chloride, Allantoin, Polyglyceryl-3 Methylglucose Distearate, Potassium Chloride, Glucomannan, Polyglyceryl-10 Laurate, Propanediol, Trehalose, Butyrospermum Parkii (Shea) Butter, Calcium Aluminum Borosilicate, Sucrose, Cellulose Gum, Adenosine, Dipotassium Glycyrrhizate, Ethylhexylglycerin, CI 77891, Caffeine, CI 77491, Hydrolyzed Hyaluronic Acid, Tin Oxide, Lactobacillus Ferment Lysate, Hydrolyzed Collagen, Tocopherol (Vitamin E), Collagen Extract, Elastin, Glycosaminoglycans, Sodium Hyaluronate, Acetyl Hexapeptide-8, Ascorbic Acid Polypeptide, Sh-Oligopeptide-1, Sh-Oligopeptide-2, Sh-Polypeptide-1, Sh-Polypeptide-22, Sh-Polypeptide-3, Acetyl Octapeptide-3, Acetyl Tetrapeptide-2, Acetyl Tetrapeptide-3, Acetyl Tetrapeptide-5, Acetyl Tetrapeptide-9, Carnosine, Copper Tripeptide-1, Nonapeptide-1, Palmitoyl Pentapeptide-4, Palmitoyl Tripeptide-1, Palmitoyl Tripeptide-5<\/p>\n","protected":false},"excerpt":{"rendered":"<p>Biodance Collagen Eye Patch hidro\u0123el\u0101 pl\u0101ksteri ir izstr\u0101d\u0101ti intens\u012bvai maig\u0101s \u0101das ap ac\u012bm kop\u0161anai. Tie pal\u012bdz mazin\u0101t noguruma paz\u012bmes, samazin\u0101t tum\u0161os lokus un piet\u016bkumu, k\u0101 ar\u012b uzlabot \u0101das elast\u012bbu.<\/p>\n","protected":false},"featured_media":27490,"comment_status":"open","ping_status":"closed","template":"","meta":{"site-sidebar-layout":"default","site-content-layout":"","ast-site-content-layout":"default","site-content-style":"default","site-sidebar-style":"default","ast-global-header-display":"","ast-banner-title-visibility":"","ast-main-header-display":"","ast-hfb-above-header-display":"","ast-hfb-below-header-display":"","ast-hfb-mobile-header-display":"","site-post-title":"","ast-breadcrumbs-content":"","ast-featured-img":"","footer-sml-layout":"","theme-transparent-header-meta":"default","adv-header-id-meta":"","stick-header-meta":"","header-above-stick-meta":"","header-main-stick-meta":"","header-below-stick-meta":"","astra-migrate-meta-layouts":"set","ast-page-background-enabled":"default","ast-page-background-meta":{"desktop":{"background-color":"var(--ast-global-color-4)","background-image":"","background-repeat":"repeat","background-position":"center center","background-size":"auto","background-attachment":"scroll","background-type":"","background-media":"","overlay-type":"","overlay-color":"","overlay-opacity":"","overlay-gradient":""},"tablet":{"background-color":"","background-image":"","background-repeat":"repeat","background-position":"center center","background-size":"auto","background-attachment":"scroll","background-type":"","background-media":"","overlay-type":"","overlay-color":"","overlay-opacity":"","overlay-gradient":""},"mobile":{"background-color":"","background-image":"","background-repeat":"repeat","background-position":"center center","background-size":"auto","background-attachment":"scroll","background-type":"","background-media":"","overlay-type":"","overlay-color":"","overlay-opacity":"","overlay-gradient":""}},"ast-content-background-meta":{"desktop":{"background-color":"var(--ast-global-color-5)","background-image":"","background-repeat":"repeat","background-position":"center center","background-size":"auto","background-attachment":"scroll","background-type":"","background-media":"","overlay-type":"","overlay-color":"","overlay-opacity":"","overlay-gradient":""},"tablet":{"background-color":"var(--ast-global-color-5)","background-image":"","background-repeat":"repeat","background-position":"center center","background-size":"auto","background-attachment":"scroll","background-type":"","background-media":"","overlay-type":"","overlay-color":"","overlay-opacity":"","overlay-gradient":""},"mobile":{"background-color":"var(--ast-global-color-5)","background-image":"","background-repeat":"repeat","background-position":"center center","background-size":"auto","background-attachment":"scroll","background-type":"","background-media":"","overlay-type":"","overlay-color":"","overlay-opacity":"","overlay-gradient":""}}},"product_brand":[],"product_cat":[327],"product_tag":[],"berocket_brand":[578],"class_list":{"0":"post-27486","1":"product","2":"type-product","3":"status-publish","4":"has-post-thumbnail","6":"product_cat-patci","7":"berocket_brand-biodance","8":"desktop-align-left","9":"tablet-align-left","10":"mobile-align-left","12":"first","13":"instock","14":"taxable","15":"shipping-taxable","16":"purchasable","17":"product-type-simple","18":"add-to-wishlist-before_image"},"yoast_head":"<!-- This site is optimized with the Yoast SEO plugin v27.4 - https:\/\/yoast.com\/product\/yoast-seo-wordpress\/ -->\n<title>Biodance Collagen Eye Patch hidro\u0123el\u0101 pat\u010di 60gab - FACECORNER<\/title>\n<meta name=\"description\" content=\"Biodance Collagen Eye Patch hidro\u0123el\u0101 pl\u0101ksteri ir izstr\u0101d\u0101ti intens\u012bvai maig\u0101s \u0101das ap ac\u012bm kop\u0161anai. Tie pal\u012bdz mazin\u0101t noguruma paz\u012bmes, samazin\u0101t tum\u0161os lokus un piet\u016bkumu, k\u0101 ar\u012b uzlabot \u0101das elast\u012bbu.\" \/>\n<meta name=\"robots\" content=\"index, follow, max-snippet:-1, max-image-preview:large, max-video-preview:-1\" \/>\n<link rel=\"canonical\" href=\"https:\/\/www.facecorner.lv\/lv\/shop\/biodance-collagen-eye-patch-hidrogela-patci-60gab\/\" \/>\n<meta property=\"og:locale\" content=\"lv_LV\" \/>\n<meta property=\"og:type\" content=\"article\" \/>\n<meta property=\"og:title\" content=\"Biodance Collagen Eye Patch hidro\u0123el\u0101 pat\u010di 60gab - FACECORNER\" \/>\n<meta property=\"og:description\" content=\"Biodance Collagen Eye Patch hidro\u0123el\u0101 pl\u0101ksteri ir izstr\u0101d\u0101ti intens\u012bvai maig\u0101s \u0101das ap ac\u012bm kop\u0161anai. Tie pal\u012bdz mazin\u0101t noguruma paz\u012bmes, samazin\u0101t tum\u0161os lokus un piet\u016bkumu, k\u0101 ar\u012b uzlabot \u0101das elast\u012bbu.\" \/>\n<meta property=\"og:url\" content=\"https:\/\/www.facecorner.lv\/lv\/shop\/biodance-collagen-eye-patch-hidrogela-patci-60gab\/\" \/>\n<meta property=\"og:site_name\" content=\"FACECORNER\" \/>\n<meta property=\"article:publisher\" content=\"https:\/\/www.facebook.com\/profile.php?id=100063824551839\" \/>\n<meta property=\"article:modified_time\" content=\"2026-04-16T10:56:31+00:00\" \/>\n<meta property=\"og:image\" content=\"https:\/\/www.facecorner.lv\/wp-content\/uploads\/2026\/04\/s2965051-main-zoom-500x500-1.jpg\" \/>\n\t<meta property=\"og:image:width\" content=\"500\" \/>\n\t<meta property=\"og:image:height\" content=\"500\" \/>\n\t<meta property=\"og:image:type\" content=\"image\/jpeg\" \/>\n<meta name=\"twitter:card\" content=\"summary_large_image\" \/>\n<meta name=\"twitter:label1\" content=\"Price\" \/>\n\t<meta name=\"twitter:data1\" content=\"&euro;29.95\" \/>\n\t<meta name=\"twitter:label2\" content=\"Availability\" \/>\n\t<meta name=\"twitter:data2\" content=\"In stock\" \/>\n<script type=\"application\/ld+json\" class=\"yoast-schema-graph\">{\"@context\":\"https:\\\/\\\/schema.org\",\"@graph\":[{\"@type\":\"WebPage\",\"@id\":\"https:\\\/\\\/www.facecorner.lv\\\/shop\\\/biodance-collagen-eye-patch-hidrogela-patci-60gab\\\/\",\"url\":\"https:\\\/\\\/www.facecorner.lv\\\/shop\\\/biodance-collagen-eye-patch-hidrogela-patci-60gab\\\/\",\"name\":\"Biodance Collagen Eye Patch hidro\u0123el\u0101 pat\u010di 60gab - FACECORNER\",\"isPartOf\":{\"@id\":\"https:\\\/\\\/www.facecorner.lv\\\/#website\"},\"primaryImageOfPage\":{\"@id\":\"https:\\\/\\\/www.facecorner.lv\\\/shop\\\/biodance-collagen-eye-patch-hidrogela-patci-60gab\\\/#primaryimage\"},\"image\":{\"@id\":\"https:\\\/\\\/www.facecorner.lv\\\/shop\\\/biodance-collagen-eye-patch-hidrogela-patci-60gab\\\/#primaryimage\"},\"thumbnailUrl\":\"https:\\\/\\\/www.facecorner.lv\\\/wp-content\\\/uploads\\\/2026\\\/04\\\/s2965051-main-zoom-500x500-1.jpg\",\"datePublished\":\"2026-04-16T10:53:22+00:00\",\"dateModified\":\"2026-04-16T10:56:31+00:00\",\"description\":\"Biodance Collagen Eye Patch hidro\u0123el\u0101 pl\u0101ksteri ir izstr\u0101d\u0101ti intens\u012bvai maig\u0101s \u0101das ap ac\u012bm kop\u0161anai. Tie pal\u012bdz mazin\u0101t noguruma paz\u012bmes, samazin\u0101t tum\u0161os lokus un piet\u016bkumu, k\u0101 ar\u012b uzlabot \u0101das elast\u012bbu.\",\"breadcrumb\":{\"@id\":\"https:\\\/\\\/www.facecorner.lv\\\/shop\\\/biodance-collagen-eye-patch-hidrogela-patci-60gab\\\/#breadcrumb\"},\"inLanguage\":\"lv-LV\",\"potentialAction\":[{\"@type\":\"ReadAction\",\"target\":[\"https:\\\/\\\/www.facecorner.lv\\\/shop\\\/biodance-collagen-eye-patch-hidrogela-patci-60gab\\\/\"]}]},{\"@type\":\"ImageObject\",\"inLanguage\":\"lv-LV\",\"@id\":\"https:\\\/\\\/www.facecorner.lv\\\/shop\\\/biodance-collagen-eye-patch-hidrogela-patci-60gab\\\/#primaryimage\",\"url\":\"https:\\\/\\\/www.facecorner.lv\\\/wp-content\\\/uploads\\\/2026\\\/04\\\/s2965051-main-zoom-500x500-1.jpg\",\"contentUrl\":\"https:\\\/\\\/www.facecorner.lv\\\/wp-content\\\/uploads\\\/2026\\\/04\\\/s2965051-main-zoom-500x500-1.jpg\",\"width\":500,\"height\":500},{\"@type\":\"BreadcrumbList\",\"@id\":\"https:\\\/\\\/www.facecorner.lv\\\/shop\\\/biodance-collagen-eye-patch-hidrogela-patci-60gab\\\/#breadcrumb\",\"itemListElement\":[{\"@type\":\"ListItem\",\"position\":1,\"name\":\"Home\",\"item\":\"https:\\\/\\\/www.facecorner.lv\\\/\"},{\"@type\":\"ListItem\",\"position\":2,\"name\":\"Veikals\",\"item\":\"https:\\\/\\\/www.facecorner.lv\\\/shop\\\/\"},{\"@type\":\"ListItem\",\"position\":3,\"name\":\"Biodance Collagen Eye Patch hidro\u0123el\u0101 pat\u010di 60gab\"}]},{\"@type\":\"WebSite\",\"@id\":\"https:\\\/\\\/www.facecorner.lv\\\/#website\",\"url\":\"https:\\\/\\\/www.facecorner.lv\\\/\",\"name\":\"Facecorner\",\"description\":\"\",\"publisher\":{\"@id\":\"https:\\\/\\\/www.facecorner.lv\\\/#organization\"},\"potentialAction\":[{\"@type\":\"SearchAction\",\"target\":{\"@type\":\"EntryPoint\",\"urlTemplate\":\"https:\\\/\\\/www.facecorner.lv\\\/?s={search_term_string}\"},\"query-input\":{\"@type\":\"PropertyValueSpecification\",\"valueRequired\":true,\"valueName\":\"search_term_string\"}}],\"inLanguage\":\"lv-LV\"},{\"@type\":\"Organization\",\"@id\":\"https:\\\/\\\/www.facecorner.lv\\\/#organization\",\"name\":\"Facecorner\",\"url\":\"https:\\\/\\\/www.facecorner.lv\\\/\",\"logo\":{\"@type\":\"ImageObject\",\"inLanguage\":\"lv-LV\",\"@id\":\"https:\\\/\\\/www.facecorner.lv\\\/#\\\/schema\\\/logo\\\/image\\\/\",\"url\":\"https:\\\/\\\/www.facecorner.lv\\\/wp-content\\\/uploads\\\/2024\\\/04\\\/fc-logo.jpg\",\"contentUrl\":\"https:\\\/\\\/www.facecorner.lv\\\/wp-content\\\/uploads\\\/2024\\\/04\\\/fc-logo.jpg\",\"width\":174,\"height\":28,\"caption\":\"Facecorner\"},\"image\":{\"@id\":\"https:\\\/\\\/www.facecorner.lv\\\/#\\\/schema\\\/logo\\\/image\\\/\"},\"sameAs\":[\"https:\\\/\\\/www.facebook.com\\\/profile.php?id=100063824551839\",\"https:\\\/\\\/www.instagram.com\\\/facecorner_shop\\\/\"]}]}<\/script>\n<meta property=\"product:price:amount\" content=\"29.95\" \/>\n<meta property=\"product:price:currency\" content=\"EUR\" \/>\n<meta property=\"og:availability\" content=\"instock\" \/>\n<meta property=\"product:availability\" content=\"instock\" \/>\n<meta property=\"product:condition\" content=\"new\" \/>\n<!-- \/ Yoast SEO plugin. -->","yoast_head_json":{"title":"Biodance Collagen Eye Patch hidro\u0123el\u0101 pat\u010di 60gab - FACECORNER","description":"Biodance Collagen Eye Patch hidro\u0123el\u0101 pl\u0101ksteri ir izstr\u0101d\u0101ti intens\u012bvai maig\u0101s \u0101das ap ac\u012bm kop\u0161anai. Tie pal\u012bdz mazin\u0101t noguruma paz\u012bmes, samazin\u0101t tum\u0161os lokus un piet\u016bkumu, k\u0101 ar\u012b uzlabot \u0101das elast\u012bbu.","robots":{"index":"index","follow":"follow","max-snippet":"max-snippet:-1","max-image-preview":"max-image-preview:large","max-video-preview":"max-video-preview:-1"},"canonical":"https:\/\/www.facecorner.lv\/lv\/shop\/biodance-collagen-eye-patch-hidrogela-patci-60gab\/","og_locale":"lv_LV","og_type":"article","og_title":"Biodance Collagen Eye Patch hidro\u0123el\u0101 pat\u010di 60gab - FACECORNER","og_description":"Biodance Collagen Eye Patch hidro\u0123el\u0101 pl\u0101ksteri ir izstr\u0101d\u0101ti intens\u012bvai maig\u0101s \u0101das ap ac\u012bm kop\u0161anai. Tie pal\u012bdz mazin\u0101t noguruma paz\u012bmes, samazin\u0101t tum\u0161os lokus un piet\u016bkumu, k\u0101 ar\u012b uzlabot \u0101das elast\u012bbu.","og_url":"https:\/\/www.facecorner.lv\/lv\/shop\/biodance-collagen-eye-patch-hidrogela-patci-60gab\/","og_site_name":"FACECORNER","article_publisher":"https:\/\/www.facebook.com\/profile.php?id=100063824551839","article_modified_time":"2026-04-16T10:56:31+00:00","og_image":[{"width":500,"height":500,"url":"https:\/\/www.facecorner.lv\/wp-content\/uploads\/2026\/04\/s2965051-main-zoom-500x500-1.jpg","type":"image\/jpeg"}],"twitter_card":"summary_large_image","twitter_misc":{"Price":"&euro;29.95","Availability":"In stock"},"schema":{"@context":"https:\/\/schema.org","@graph":[{"@type":"WebPage","@id":"https:\/\/www.facecorner.lv\/shop\/biodance-collagen-eye-patch-hidrogela-patci-60gab\/","url":"https:\/\/www.facecorner.lv\/shop\/biodance-collagen-eye-patch-hidrogela-patci-60gab\/","name":"Biodance Collagen Eye Patch hidro\u0123el\u0101 pat\u010di 60gab - FACECORNER","isPartOf":{"@id":"https:\/\/www.facecorner.lv\/#website"},"primaryImageOfPage":{"@id":"https:\/\/www.facecorner.lv\/shop\/biodance-collagen-eye-patch-hidrogela-patci-60gab\/#primaryimage"},"image":{"@id":"https:\/\/www.facecorner.lv\/shop\/biodance-collagen-eye-patch-hidrogela-patci-60gab\/#primaryimage"},"thumbnailUrl":"https:\/\/www.facecorner.lv\/wp-content\/uploads\/2026\/04\/s2965051-main-zoom-500x500-1.jpg","datePublished":"2026-04-16T10:53:22+00:00","dateModified":"2026-04-16T10:56:31+00:00","description":"Biodance Collagen Eye Patch hidro\u0123el\u0101 pl\u0101ksteri ir izstr\u0101d\u0101ti intens\u012bvai maig\u0101s \u0101das ap ac\u012bm kop\u0161anai. Tie pal\u012bdz mazin\u0101t noguruma paz\u012bmes, samazin\u0101t tum\u0161os lokus un piet\u016bkumu, k\u0101 ar\u012b uzlabot \u0101das elast\u012bbu.","breadcrumb":{"@id":"https:\/\/www.facecorner.lv\/shop\/biodance-collagen-eye-patch-hidrogela-patci-60gab\/#breadcrumb"},"inLanguage":"lv-LV","potentialAction":[{"@type":"ReadAction","target":["https:\/\/www.facecorner.lv\/shop\/biodance-collagen-eye-patch-hidrogela-patci-60gab\/"]}]},{"@type":"ImageObject","inLanguage":"lv-LV","@id":"https:\/\/www.facecorner.lv\/shop\/biodance-collagen-eye-patch-hidrogela-patci-60gab\/#primaryimage","url":"https:\/\/www.facecorner.lv\/wp-content\/uploads\/2026\/04\/s2965051-main-zoom-500x500-1.jpg","contentUrl":"https:\/\/www.facecorner.lv\/wp-content\/uploads\/2026\/04\/s2965051-main-zoom-500x500-1.jpg","width":500,"height":500},{"@type":"BreadcrumbList","@id":"https:\/\/www.facecorner.lv\/shop\/biodance-collagen-eye-patch-hidrogela-patci-60gab\/#breadcrumb","itemListElement":[{"@type":"ListItem","position":1,"name":"Home","item":"https:\/\/www.facecorner.lv\/"},{"@type":"ListItem","position":2,"name":"Veikals","item":"https:\/\/www.facecorner.lv\/shop\/"},{"@type":"ListItem","position":3,"name":"Biodance Collagen Eye Patch hidro\u0123el\u0101 pat\u010di 60gab"}]},{"@type":"WebSite","@id":"https:\/\/www.facecorner.lv\/#website","url":"https:\/\/www.facecorner.lv\/","name":"Facecorner","description":"","publisher":{"@id":"https:\/\/www.facecorner.lv\/#organization"},"potentialAction":[{"@type":"SearchAction","target":{"@type":"EntryPoint","urlTemplate":"https:\/\/www.facecorner.lv\/?s={search_term_string}"},"query-input":{"@type":"PropertyValueSpecification","valueRequired":true,"valueName":"search_term_string"}}],"inLanguage":"lv-LV"},{"@type":"Organization","@id":"https:\/\/www.facecorner.lv\/#organization","name":"Facecorner","url":"https:\/\/www.facecorner.lv\/","logo":{"@type":"ImageObject","inLanguage":"lv-LV","@id":"https:\/\/www.facecorner.lv\/#\/schema\/logo\/image\/","url":"https:\/\/www.facecorner.lv\/wp-content\/uploads\/2024\/04\/fc-logo.jpg","contentUrl":"https:\/\/www.facecorner.lv\/wp-content\/uploads\/2024\/04\/fc-logo.jpg","width":174,"height":28,"caption":"Facecorner"},"image":{"@id":"https:\/\/www.facecorner.lv\/#\/schema\/logo\/image\/"},"sameAs":["https:\/\/www.facebook.com\/profile.php?id=100063824551839","https:\/\/www.instagram.com\/facecorner_shop\/"]}]},"product_price_amount":"29.95","product_price_currency":"EUR","og_availability":"instock","product_availability":"instock","product_condition":"new"},"_links":{"self":[{"href":"https:\/\/www.facecorner.lv\/lv\/wp-json\/wp\/v2\/product\/27486","targetHints":{"allow":["GET"]}}],"collection":[{"href":"https:\/\/www.facecorner.lv\/lv\/wp-json\/wp\/v2\/product"}],"about":[{"href":"https:\/\/www.facecorner.lv\/lv\/wp-json\/wp\/v2\/types\/product"}],"replies":[{"embeddable":true,"href":"https:\/\/www.facecorner.lv\/lv\/wp-json\/wp\/v2\/comments?post=27486"}],"wp:featuredmedia":[{"embeddable":true,"href":"https:\/\/www.facecorner.lv\/lv\/wp-json\/wp\/v2\/media\/27490"}],"wp:attachment":[{"href":"https:\/\/www.facecorner.lv\/lv\/wp-json\/wp\/v2\/media?parent=27486"}],"wp:term":[{"taxonomy":"product_brand","embeddable":true,"href":"https:\/\/www.facecorner.lv\/lv\/wp-json\/wp\/v2\/product_brand?post=27486"},{"taxonomy":"product_cat","embeddable":true,"href":"https:\/\/www.facecorner.lv\/lv\/wp-json\/wp\/v2\/product_cat?post=27486"},{"taxonomy":"product_tag","embeddable":true,"href":"https:\/\/www.facecorner.lv\/lv\/wp-json\/wp\/v2\/product_tag?post=27486"},{"taxonomy":"berocket_brand","embeddable":true,"href":"https:\/\/www.facecorner.lv\/lv\/wp-json\/wp\/v2\/berocket_brand?post=27486"}],"curies":[{"name":"wp","href":"https:\/\/api.w.org\/{rel}","templated":true}]}}