{"id":27467,"date":"2026-04-15T15:32:07","date_gmt":"2026-04-15T12:32:07","guid":{"rendered":"https:\/\/www.facecorner.lv\/?post_type=product&#038;p=27467"},"modified":"2026-04-15T15:41:38","modified_gmt":"2026-04-15T12:41:38","slug":"vt-cosmetics-pdrn-pads-tonera-diski-ar-pdrn-60gab","status":"publish","type":"product","link":"https:\/\/www.facecorner.lv\/lv\/shop\/vt-cosmetics-pdrn-pads-tonera-diski-ar-pdrn-60gab\/","title":{"rendered":"VT Cosmetics PDRN Pads tonera diski ar PDRN 60gab"},"content":{"rendered":"<p>VT Cosmetics PDRN Pads ir \u013coti efekt\u012bvi tonera diski ar PDRN (polinukleot\u012bdiem), kas rad\u012bti, lai dzi\u013ci atjaunotu, intens\u012bvi mitrin\u0101tu un uzlabotu \u0101das visp\u0101r\u0113jo st\u0101vokli.<\/p>\n<p>Produkts apvieno tonika, esences un \u0101tr\u0101s maskas funkcijas, nodro\u0161inot visaptvero\u0161u kop\u0161anu vien\u0101 sol\u012b.<\/p>\n<ul>\n<li><strong>Intens\u012bva atjauno\u0161ana <\/strong>PDRN veicina \u0101das re\u0123ener\u0101ciju, uzlabo t\u0101s tekst\u016bru un palielina elast\u012bbu.<\/li>\n<li><strong style=\"font-size: 16px;\">Dzi\u013ci mitrino\u0161s efekts <\/strong>Akt\u012bv\u0101s sast\u0101vda\u013cas pal\u012bdz saglab\u0101t mitrumu \u0101d\u0101, nov\u0113r\u0161ot sausumu un saspringuma saj\u016btu.<\/li>\n<li><strong style=\"font-size: 16px;\">Gluda un mirdzo\u0161a \u0101da <\/strong>Pads izl\u012bdzina sejas toni, pie\u0161\u0137irot \u0101dai svaigu un vesel\u012bgu izskatu.<\/li>\n<li><strong style=\"font-size: 16px;\">Aizsargbarjeras stiprin\u0101\u0161ana <\/strong>Formula pal\u012bdz samazin\u0101t \u0101das jut\u012bgumu un aizsarg\u0101 to no \u0101r\u0113jiem faktoriem.<\/li>\n<li><strong style=\"font-size: 16px;\">\u0112rta lieto\u0161ana <\/strong>M\u012bksti, elast\u012bgi pads cie\u0161i piek\u013caujas \u0101dai un var tikt izmantoti k\u0101 lok\u0101la maska.<\/li>\n<\/ul>\n<p><strong>Lieto\u0161anas veids:<\/strong> P\u0113c sejas att\u012br\u012b\u0161anas maigi noslaukiet \u0101du ar vati vai izmantojiet k\u0101 lok\u0101lu masku, atst\u0101jot uz 5\u201310 min\u016bt\u0113m. Nelietojiet ar \u016bdeni.<\/p>\n<p><strong>Kontaktinform\u0101cija:<\/strong><\/p>\n<p>CDRI GERMANY GmbH<\/p>\n<p>Am Kronberger Hang 2 65824 Schwalbach<\/p>\n<p>eu.cs@cdri.pro<\/p>\n<p><strong>Sast\u0101vs:<\/strong> Water, Dipropylene Glycol, Glycereth-26, Niacinamide, 1,2-Hexanediol, Betaine, Hydroxyacetophenone, Butyrospermum Parkii (Shea) Butter, Caprylic\/Capric Triglyceride, Glycerin, Olea Europaea (Olive) Fruit Oil, Panthenol, Sodium Polyacrylate, Hydrogenated Lecithin, Squalane, Allantoin, Xanthan Gum, Adenosine, Disodium EDTA, Ceramide NP, Cholesterol, Butylene Glycol, Phytosphingosine, Sodium Hyaluronate, Aloe Barbadensis Leaf Extract, Althaea Rosea Root Extract, Thamnolia Vermicularis Extract, Hydroxypropyltrimonium Hyaluronate, Hydrolyzed Hyaluronic Acid, Sodium Acetylated Hyaluronate, Panax Ginseng Root Extract, Hyaluronic Acid, Hydrolyzed Sodium Hyaluronate, Sodium Hyaluronate Crosspolymer, Sodium DNA, Potassium Hyaluronate<\/p>\n<div class=\"woocommerce-tabs wc-tabs-wrapper\">\n<div id=\"tab-description\" class=\"woocommerce-Tabs-panel woocommerce-Tabs-panel--description panel entry-content wc-tab\" role=\"tabpanel\" aria-labelledby=\"tab-title-description\">\n<p>&nbsp;<\/p>\n<\/div>\n<\/div>\n<p>&nbsp;<\/p>\n","protected":false},"excerpt":{"rendered":"<p>VT Cosmetics PDRN Pads ir \u013coti efekt\u012bvi tonera diski ar PDRN (polinukleot\u012bdiem), kas rad\u012bti, lai dzi\u013ci atjaunotu, intens\u012bvi mitrin\u0101tu un uzlabotu \u0101das visp\u0101r\u0113jo st\u0101vokli.<\/p>\n","protected":false},"featured_media":27468,"comment_status":"open","ping_status":"closed","template":"","meta":{"site-sidebar-layout":"default","site-content-layout":"","ast-site-content-layout":"default","site-content-style":"default","site-sidebar-style":"default","ast-global-header-display":"","ast-banner-title-visibility":"","ast-main-header-display":"","ast-hfb-above-header-display":"","ast-hfb-below-header-display":"","ast-hfb-mobile-header-display":"","site-post-title":"","ast-breadcrumbs-content":"","ast-featured-img":"","footer-sml-layout":"","theme-transparent-header-meta":"default","adv-header-id-meta":"","stick-header-meta":"","header-above-stick-meta":"","header-main-stick-meta":"","header-below-stick-meta":"","astra-migrate-meta-layouts":"set","ast-page-background-enabled":"default","ast-page-background-meta":{"desktop":{"background-color":"var(--ast-global-color-4)","background-image":"","background-repeat":"repeat","background-position":"center center","background-size":"auto","background-attachment":"scroll","background-type":"","background-media":"","overlay-type":"","overlay-color":"","overlay-opacity":"","overlay-gradient":""},"tablet":{"background-color":"","background-image":"","background-repeat":"repeat","background-position":"center center","background-size":"auto","background-attachment":"scroll","background-type":"","background-media":"","overlay-type":"","overlay-color":"","overlay-opacity":"","overlay-gradient":""},"mobile":{"background-color":"","background-image":"","background-repeat":"repeat","background-position":"center center","background-size":"auto","background-attachment":"scroll","background-type":"","background-media":"","overlay-type":"","overlay-color":"","overlay-opacity":"","overlay-gradient":""}},"ast-content-background-meta":{"desktop":{"background-color":"var(--ast-global-color-5)","background-image":"","background-repeat":"repeat","background-position":"center center","background-size":"auto","background-attachment":"scroll","background-type":"","background-media":"","overlay-type":"","overlay-color":"","overlay-opacity":"","overlay-gradient":""},"tablet":{"background-color":"var(--ast-global-color-5)","background-image":"","background-repeat":"repeat","background-position":"center center","background-size":"auto","background-attachment":"scroll","background-type":"","background-media":"","overlay-type":"","overlay-color":"","overlay-opacity":"","overlay-gradient":""},"mobile":{"background-color":"var(--ast-global-color-5)","background-image":"","background-repeat":"repeat","background-position":"center center","background-size":"auto","background-attachment":"scroll","background-type":"","background-media":"","overlay-type":"","overlay-color":"","overlay-opacity":"","overlay-gradient":""}}},"product_brand":[],"product_cat":[375,652,377,378,364,376],"product_tag":[],"berocket_brand":[582],"class_list":{"0":"post-27467","1":"product","2":"type-product","3":"status-publish","4":"has-post-thumbnail","6":"product_cat-jutigai-adai-toneri","7":"product_cat-pdrn","8":"product_cat-problematiskai-adai-toneri","9":"product_cat-sausai-adai-toneri","10":"product_cat-toneri","11":"product_cat-kombinetai-adai-toneri","12":"berocket_brand-vt","13":"desktop-align-left","14":"tablet-align-left","15":"mobile-align-left","17":"first","18":"instock","19":"taxable","20":"shipping-taxable","21":"purchasable","22":"product-type-simple","23":"add-to-wishlist-before_image"},"yoast_head":"<!-- This site is optimized with the Yoast SEO plugin v27.4 - https:\/\/yoast.com\/product\/yoast-seo-wordpress\/ -->\n<title>VT Cosmetics PDRN Pads tonera diski ar PDRN 60gab - FACECORNER<\/title>\n<meta name=\"description\" content=\"VT Cosmetics PDRN Pads ir \u013coti efekt\u012bvi tonera diski ar PDRN (polinukleot\u012bdiem), kas rad\u012bti, lai dzi\u013ci atjaunotu, intens\u012bvi mitrin\u0101tu un uzlabotu \u0101das visp\u0101r\u0113jo st\u0101vokli.\" \/>\n<meta name=\"robots\" content=\"index, follow, max-snippet:-1, max-image-preview:large, max-video-preview:-1\" \/>\n<link rel=\"canonical\" href=\"https:\/\/www.facecorner.lv\/lv\/shop\/vt-cosmetics-pdrn-pads-tonera-diski-ar-pdrn-60gab\/\" \/>\n<meta property=\"og:locale\" content=\"lv_LV\" \/>\n<meta property=\"og:type\" content=\"article\" \/>\n<meta property=\"og:title\" content=\"VT Cosmetics PDRN Pads tonera diski ar PDRN 60gab - FACECORNER\" \/>\n<meta property=\"og:description\" content=\"VT Cosmetics PDRN Pads ir \u013coti efekt\u012bvi tonera diski ar PDRN (polinukleot\u012bdiem), kas rad\u012bti, lai dzi\u013ci atjaunotu, intens\u012bvi mitrin\u0101tu un uzlabotu \u0101das visp\u0101r\u0113jo st\u0101vokli.\" \/>\n<meta property=\"og:url\" content=\"https:\/\/www.facecorner.lv\/lv\/shop\/vt-cosmetics-pdrn-pads-tonera-diski-ar-pdrn-60gab\/\" \/>\n<meta property=\"og:site_name\" content=\"FACECORNER\" \/>\n<meta property=\"article:publisher\" content=\"https:\/\/www.facebook.com\/profile.php?id=100063824551839\" \/>\n<meta property=\"article:modified_time\" content=\"2026-04-15T12:41:38+00:00\" \/>\n<meta property=\"og:image\" content=\"https:\/\/www.facecorner.lv\/wp-content\/uploads\/2026\/04\/71-D47JvGAL.jpg\" \/>\n\t<meta property=\"og:image:width\" content=\"2000\" \/>\n\t<meta property=\"og:image:height\" content=\"2000\" \/>\n\t<meta property=\"og:image:type\" content=\"image\/jpeg\" \/>\n<meta name=\"twitter:card\" content=\"summary_large_image\" \/>\n<meta name=\"twitter:label1\" content=\"Price\" \/>\n\t<meta name=\"twitter:data1\" content=\"&euro;29.90\" \/>\n\t<meta name=\"twitter:label2\" content=\"Availability\" \/>\n\t<meta name=\"twitter:data2\" content=\"In stock\" \/>\n<script type=\"application\/ld+json\" class=\"yoast-schema-graph\">{\"@context\":\"https:\\\/\\\/schema.org\",\"@graph\":[{\"@type\":\"WebPage\",\"@id\":\"https:\\\/\\\/www.facecorner.lv\\\/shop\\\/vt-cosmetics-pdrn-pads-tonera-diski-ar-pdrn-60gab\\\/\",\"url\":\"https:\\\/\\\/www.facecorner.lv\\\/shop\\\/vt-cosmetics-pdrn-pads-tonera-diski-ar-pdrn-60gab\\\/\",\"name\":\"VT Cosmetics PDRN Pads tonera diski ar PDRN 60gab - FACECORNER\",\"isPartOf\":{\"@id\":\"https:\\\/\\\/www.facecorner.lv\\\/#website\"},\"primaryImageOfPage\":{\"@id\":\"https:\\\/\\\/www.facecorner.lv\\\/shop\\\/vt-cosmetics-pdrn-pads-tonera-diski-ar-pdrn-60gab\\\/#primaryimage\"},\"image\":{\"@id\":\"https:\\\/\\\/www.facecorner.lv\\\/shop\\\/vt-cosmetics-pdrn-pads-tonera-diski-ar-pdrn-60gab\\\/#primaryimage\"},\"thumbnailUrl\":\"https:\\\/\\\/www.facecorner.lv\\\/wp-content\\\/uploads\\\/2026\\\/04\\\/71-D47JvGAL.jpg\",\"datePublished\":\"2026-04-15T12:32:07+00:00\",\"dateModified\":\"2026-04-15T12:41:38+00:00\",\"description\":\"VT Cosmetics PDRN Pads ir \u013coti efekt\u012bvi tonera diski ar PDRN (polinukleot\u012bdiem), kas rad\u012bti, lai dzi\u013ci atjaunotu, intens\u012bvi mitrin\u0101tu un uzlabotu \u0101das visp\u0101r\u0113jo st\u0101vokli.\",\"breadcrumb\":{\"@id\":\"https:\\\/\\\/www.facecorner.lv\\\/shop\\\/vt-cosmetics-pdrn-pads-tonera-diski-ar-pdrn-60gab\\\/#breadcrumb\"},\"inLanguage\":\"lv-LV\",\"potentialAction\":[{\"@type\":\"ReadAction\",\"target\":[\"https:\\\/\\\/www.facecorner.lv\\\/shop\\\/vt-cosmetics-pdrn-pads-tonera-diski-ar-pdrn-60gab\\\/\"]}]},{\"@type\":\"ImageObject\",\"inLanguage\":\"lv-LV\",\"@id\":\"https:\\\/\\\/www.facecorner.lv\\\/shop\\\/vt-cosmetics-pdrn-pads-tonera-diski-ar-pdrn-60gab\\\/#primaryimage\",\"url\":\"https:\\\/\\\/www.facecorner.lv\\\/wp-content\\\/uploads\\\/2026\\\/04\\\/71-D47JvGAL.jpg\",\"contentUrl\":\"https:\\\/\\\/www.facecorner.lv\\\/wp-content\\\/uploads\\\/2026\\\/04\\\/71-D47JvGAL.jpg\",\"width\":2000,\"height\":2000,\"caption\":\"VT Cosmetics PDRN Pads\"},{\"@type\":\"BreadcrumbList\",\"@id\":\"https:\\\/\\\/www.facecorner.lv\\\/shop\\\/vt-cosmetics-pdrn-pads-tonera-diski-ar-pdrn-60gab\\\/#breadcrumb\",\"itemListElement\":[{\"@type\":\"ListItem\",\"position\":1,\"name\":\"Home\",\"item\":\"https:\\\/\\\/www.facecorner.lv\\\/\"},{\"@type\":\"ListItem\",\"position\":2,\"name\":\"Veikals\",\"item\":\"https:\\\/\\\/www.facecorner.lv\\\/shop\\\/\"},{\"@type\":\"ListItem\",\"position\":3,\"name\":\"VT Cosmetics PDRN Pads tonera diski ar PDRN 60gab\"}]},{\"@type\":\"WebSite\",\"@id\":\"https:\\\/\\\/www.facecorner.lv\\\/#website\",\"url\":\"https:\\\/\\\/www.facecorner.lv\\\/\",\"name\":\"Facecorner\",\"description\":\"\",\"publisher\":{\"@id\":\"https:\\\/\\\/www.facecorner.lv\\\/#organization\"},\"potentialAction\":[{\"@type\":\"SearchAction\",\"target\":{\"@type\":\"EntryPoint\",\"urlTemplate\":\"https:\\\/\\\/www.facecorner.lv\\\/?s={search_term_string}\"},\"query-input\":{\"@type\":\"PropertyValueSpecification\",\"valueRequired\":true,\"valueName\":\"search_term_string\"}}],\"inLanguage\":\"lv-LV\"},{\"@type\":\"Organization\",\"@id\":\"https:\\\/\\\/www.facecorner.lv\\\/#organization\",\"name\":\"Facecorner\",\"url\":\"https:\\\/\\\/www.facecorner.lv\\\/\",\"logo\":{\"@type\":\"ImageObject\",\"inLanguage\":\"lv-LV\",\"@id\":\"https:\\\/\\\/www.facecorner.lv\\\/#\\\/schema\\\/logo\\\/image\\\/\",\"url\":\"https:\\\/\\\/www.facecorner.lv\\\/wp-content\\\/uploads\\\/2024\\\/04\\\/fc-logo.jpg\",\"contentUrl\":\"https:\\\/\\\/www.facecorner.lv\\\/wp-content\\\/uploads\\\/2024\\\/04\\\/fc-logo.jpg\",\"width\":174,\"height\":28,\"caption\":\"Facecorner\"},\"image\":{\"@id\":\"https:\\\/\\\/www.facecorner.lv\\\/#\\\/schema\\\/logo\\\/image\\\/\"},\"sameAs\":[\"https:\\\/\\\/www.facebook.com\\\/profile.php?id=100063824551839\",\"https:\\\/\\\/www.instagram.com\\\/facecorner_shop\\\/\"]}]}<\/script>\n<meta property=\"product:price:amount\" content=\"29.90\" \/>\n<meta property=\"product:price:currency\" content=\"EUR\" \/>\n<meta property=\"og:availability\" content=\"instock\" \/>\n<meta property=\"product:availability\" content=\"instock\" \/>\n<meta property=\"product:condition\" content=\"new\" \/>\n<!-- \/ Yoast SEO plugin. -->","yoast_head_json":{"title":"VT Cosmetics PDRN Pads tonera diski ar PDRN 60gab - FACECORNER","description":"VT Cosmetics PDRN Pads ir \u013coti efekt\u012bvi tonera diski ar PDRN (polinukleot\u012bdiem), kas rad\u012bti, lai dzi\u013ci atjaunotu, intens\u012bvi mitrin\u0101tu un uzlabotu \u0101das visp\u0101r\u0113jo st\u0101vokli.","robots":{"index":"index","follow":"follow","max-snippet":"max-snippet:-1","max-image-preview":"max-image-preview:large","max-video-preview":"max-video-preview:-1"},"canonical":"https:\/\/www.facecorner.lv\/lv\/shop\/vt-cosmetics-pdrn-pads-tonera-diski-ar-pdrn-60gab\/","og_locale":"lv_LV","og_type":"article","og_title":"VT Cosmetics PDRN Pads tonera diski ar PDRN 60gab - FACECORNER","og_description":"VT Cosmetics PDRN Pads ir \u013coti efekt\u012bvi tonera diski ar PDRN (polinukleot\u012bdiem), kas rad\u012bti, lai dzi\u013ci atjaunotu, intens\u012bvi mitrin\u0101tu un uzlabotu \u0101das visp\u0101r\u0113jo st\u0101vokli.","og_url":"https:\/\/www.facecorner.lv\/lv\/shop\/vt-cosmetics-pdrn-pads-tonera-diski-ar-pdrn-60gab\/","og_site_name":"FACECORNER","article_publisher":"https:\/\/www.facebook.com\/profile.php?id=100063824551839","article_modified_time":"2026-04-15T12:41:38+00:00","og_image":[{"width":2000,"height":2000,"url":"https:\/\/www.facecorner.lv\/wp-content\/uploads\/2026\/04\/71-D47JvGAL.jpg","type":"image\/jpeg"}],"twitter_card":"summary_large_image","twitter_misc":{"Price":"&euro;29.90","Availability":"In stock"},"schema":{"@context":"https:\/\/schema.org","@graph":[{"@type":"WebPage","@id":"https:\/\/www.facecorner.lv\/shop\/vt-cosmetics-pdrn-pads-tonera-diski-ar-pdrn-60gab\/","url":"https:\/\/www.facecorner.lv\/shop\/vt-cosmetics-pdrn-pads-tonera-diski-ar-pdrn-60gab\/","name":"VT Cosmetics PDRN Pads tonera diski ar PDRN 60gab - FACECORNER","isPartOf":{"@id":"https:\/\/www.facecorner.lv\/#website"},"primaryImageOfPage":{"@id":"https:\/\/www.facecorner.lv\/shop\/vt-cosmetics-pdrn-pads-tonera-diski-ar-pdrn-60gab\/#primaryimage"},"image":{"@id":"https:\/\/www.facecorner.lv\/shop\/vt-cosmetics-pdrn-pads-tonera-diski-ar-pdrn-60gab\/#primaryimage"},"thumbnailUrl":"https:\/\/www.facecorner.lv\/wp-content\/uploads\/2026\/04\/71-D47JvGAL.jpg","datePublished":"2026-04-15T12:32:07+00:00","dateModified":"2026-04-15T12:41:38+00:00","description":"VT Cosmetics PDRN Pads ir \u013coti efekt\u012bvi tonera diski ar PDRN (polinukleot\u012bdiem), kas rad\u012bti, lai dzi\u013ci atjaunotu, intens\u012bvi mitrin\u0101tu un uzlabotu \u0101das visp\u0101r\u0113jo st\u0101vokli.","breadcrumb":{"@id":"https:\/\/www.facecorner.lv\/shop\/vt-cosmetics-pdrn-pads-tonera-diski-ar-pdrn-60gab\/#breadcrumb"},"inLanguage":"lv-LV","potentialAction":[{"@type":"ReadAction","target":["https:\/\/www.facecorner.lv\/shop\/vt-cosmetics-pdrn-pads-tonera-diski-ar-pdrn-60gab\/"]}]},{"@type":"ImageObject","inLanguage":"lv-LV","@id":"https:\/\/www.facecorner.lv\/shop\/vt-cosmetics-pdrn-pads-tonera-diski-ar-pdrn-60gab\/#primaryimage","url":"https:\/\/www.facecorner.lv\/wp-content\/uploads\/2026\/04\/71-D47JvGAL.jpg","contentUrl":"https:\/\/www.facecorner.lv\/wp-content\/uploads\/2026\/04\/71-D47JvGAL.jpg","width":2000,"height":2000,"caption":"VT Cosmetics PDRN Pads"},{"@type":"BreadcrumbList","@id":"https:\/\/www.facecorner.lv\/shop\/vt-cosmetics-pdrn-pads-tonera-diski-ar-pdrn-60gab\/#breadcrumb","itemListElement":[{"@type":"ListItem","position":1,"name":"Home","item":"https:\/\/www.facecorner.lv\/"},{"@type":"ListItem","position":2,"name":"Veikals","item":"https:\/\/www.facecorner.lv\/shop\/"},{"@type":"ListItem","position":3,"name":"VT Cosmetics PDRN Pads tonera diski ar PDRN 60gab"}]},{"@type":"WebSite","@id":"https:\/\/www.facecorner.lv\/#website","url":"https:\/\/www.facecorner.lv\/","name":"Facecorner","description":"","publisher":{"@id":"https:\/\/www.facecorner.lv\/#organization"},"potentialAction":[{"@type":"SearchAction","target":{"@type":"EntryPoint","urlTemplate":"https:\/\/www.facecorner.lv\/?s={search_term_string}"},"query-input":{"@type":"PropertyValueSpecification","valueRequired":true,"valueName":"search_term_string"}}],"inLanguage":"lv-LV"},{"@type":"Organization","@id":"https:\/\/www.facecorner.lv\/#organization","name":"Facecorner","url":"https:\/\/www.facecorner.lv\/","logo":{"@type":"ImageObject","inLanguage":"lv-LV","@id":"https:\/\/www.facecorner.lv\/#\/schema\/logo\/image\/","url":"https:\/\/www.facecorner.lv\/wp-content\/uploads\/2024\/04\/fc-logo.jpg","contentUrl":"https:\/\/www.facecorner.lv\/wp-content\/uploads\/2024\/04\/fc-logo.jpg","width":174,"height":28,"caption":"Facecorner"},"image":{"@id":"https:\/\/www.facecorner.lv\/#\/schema\/logo\/image\/"},"sameAs":["https:\/\/www.facebook.com\/profile.php?id=100063824551839","https:\/\/www.instagram.com\/facecorner_shop\/"]}]},"product_price_amount":"29.90","product_price_currency":"EUR","og_availability":"instock","product_availability":"instock","product_condition":"new"},"_links":{"self":[{"href":"https:\/\/www.facecorner.lv\/lv\/wp-json\/wp\/v2\/product\/27467","targetHints":{"allow":["GET"]}}],"collection":[{"href":"https:\/\/www.facecorner.lv\/lv\/wp-json\/wp\/v2\/product"}],"about":[{"href":"https:\/\/www.facecorner.lv\/lv\/wp-json\/wp\/v2\/types\/product"}],"replies":[{"embeddable":true,"href":"https:\/\/www.facecorner.lv\/lv\/wp-json\/wp\/v2\/comments?post=27467"}],"wp:featuredmedia":[{"embeddable":true,"href":"https:\/\/www.facecorner.lv\/lv\/wp-json\/wp\/v2\/media\/27468"}],"wp:attachment":[{"href":"https:\/\/www.facecorner.lv\/lv\/wp-json\/wp\/v2\/media?parent=27467"}],"wp:term":[{"taxonomy":"product_brand","embeddable":true,"href":"https:\/\/www.facecorner.lv\/lv\/wp-json\/wp\/v2\/product_brand?post=27467"},{"taxonomy":"product_cat","embeddable":true,"href":"https:\/\/www.facecorner.lv\/lv\/wp-json\/wp\/v2\/product_cat?post=27467"},{"taxonomy":"product_tag","embeddable":true,"href":"https:\/\/www.facecorner.lv\/lv\/wp-json\/wp\/v2\/product_tag?post=27467"},{"taxonomy":"berocket_brand","embeddable":true,"href":"https:\/\/www.facecorner.lv\/lv\/wp-json\/wp\/v2\/berocket_brand?post=27467"}],"curies":[{"name":"wp","href":"https:\/\/api.w.org\/{rel}","templated":true}]}}