{"id":27441,"date":"2026-04-09T15:16:28","date_gmt":"2026-04-09T12:16:28","guid":{"rendered":"https:\/\/www.facecorner.lv\/?post_type=product&#038;p=27441"},"modified":"2026-04-09T15:16:29","modified_gmt":"2026-04-09T12:16:29","slug":"medicube-kojic-acid-turmeric-serum-balinoss-serums-30ml","status":"publish","type":"product","link":"https:\/\/www.facecorner.lv\/lv\/shop\/medicube-kojic-acid-turmeric-serum-balinoss-serums-30ml\/","title":{"rendered":"Medicube Kojic Acid Turmeric Serum balino\u0161s serums 30ml"},"content":{"rendered":"<p>Medicube Kojic Acid Turmeric Serum ir sejas balino\u0161s serums, kas paredz\u0113ts \u0101das to\u0146a izl\u012bdzin\u0101\u0161anai, pigment\u0101cijas mazin\u0101\u0161anai un \u0101das izskata padar\u012b\u0161anai mirdzo\u0161\u0101ku un vesel\u012bg\u0101ku.<\/p>\n<p>Formul\u0101 apvienotas sast\u0101vda\u013cas, kas paz\u012bstamas ar sav\u0101m izgaismojo\u0161aj\u0101m un antioksidantu \u012bpa\u0161\u012bb\u0101m, t\u0101d\u0113j\u0101di padarot l\u012bdzekli efekt\u012bvu gad\u012bjumos, kad sejas kr\u0101sa ir bl\u0101va, ir p\u0113capneses sekas vai nevienm\u0113r\u012bgs tonis.<\/p>\n<p>Seruma viegl\u0101 tekst\u016bra \u0101tri ies\u016bcas, neatst\u0101jot lip\u012bguma saj\u016btu, un ir piem\u0113rota ikdienas \u0101das kop\u0161anai.<\/p>\n<h6>Galven\u0101s priek\u0161roc\u012bbas:<\/h6>\n<ul>\n<li>pal\u012bdz izgaismot pigmentu plankumus un p\u0113capneses<\/li>\n<li>izl\u012bdzina \u0101das toni<\/li>\n<li>pie\u0161\u0137ir \u0101dai mirdzumu un svaigumu<\/li>\n<li>pal\u012bdz mazin\u0101t \u0101das bl\u0101vumu<\/li>\n<li>piem\u012bt antioksidanta iedarb\u012bba<\/li>\n<li>\u0101tri ies\u016bcas un neapgr\u016btina \u0101du<\/li>\n<\/ul>\n<p><strong>Akt\u012bv\u0101s sast\u0101vda\u013cas:<\/strong><\/p>\n<ul>\n<li>koj\u0113sk\u0101be \u2014 pal\u012bdz izgaismot \u0101du un c\u012bn\u012bties pret pigment\u0101ciju<\/li>\n<li>kurkuma (turmeric) \u2014 piem\u012bt antioksidantu un nomierino\u0161as \u012bpa\u0161\u012bbas<\/li>\n<li>papildu mitrino\u0161as sast\u0101vda\u013cas \u2014 uztur \u0101das komfortu<\/li>\n<\/ul>\n<p><strong>Lieto\u0161ana:<\/strong> Uzkl\u0101jiet da\u017eus pilienus seruma uz att\u012br\u012btas un toniz\u0113tas sejas \u0101das, vienm\u0113r\u012bgi izl\u012bdziniet un \u013caujiet ies\u016bkties. Lietojiet no r\u012bta un\/vai vakar\u0101. Dienas laik\u0101 ieteicams lietot aizsardz\u012bbu pret sauli (SPF).<\/p>\n<p><strong>Sast\u0101vs:<\/strong> Water (Aqua), Niacinamide, Butylene Glycol, Jojoba Esters, 1,2-hexanediol, Curcuma Longa (Turmeric) Root Extract, Caprylic\/capric\/succinic Triglyceride, Coco-caprylate\/caprate, Kojic Acid, Ammonium Acryloyldimethyltaurate\/vp Copolymer, Hydrogenated Castor Oil\/sebacic Acid Copolymer, Melia Azadirachta Flower Extract, Ocimum Sanctum Leaf Extract, Coccinia Indica Fruit Extract, Eclipta Prostrata Extract, Melia Azadirachta Leaf Extract, Allantoin, Cetyl Alcohol, Silica Silylate, Sodium Citrate, Ethylhexylglycerin, Corallina Officinalis Extract, Adenosine, Chamaecyparis Obtusa Wood Oil, Behenyl Alcohol, Arginine, Citric Acid, Tocopherol, Panthenol, Squalane, Thioctic Acid , Glycolic Acid<\/p>\n","protected":false},"excerpt":{"rendered":"<p>Medicube Kojic Acid Turmeric Serum ir sejas balino\u0161s serums, kas paredz\u0113ts \u0101das to\u0146a izl\u012bdzin\u0101\u0161anai, pigment\u0101cijas mazin\u0101\u0161anai un \u0101das izskata padar\u012b\u0161anai mirdzo\u0161\u0101ku un vesel\u012bg\u0101ku.<\/p>\n","protected":false},"featured_media":27442,"comment_status":"open","ping_status":"closed","template":"","meta":{"site-sidebar-layout":"default","site-content-layout":"","ast-site-content-layout":"default","site-content-style":"default","site-sidebar-style":"default","ast-global-header-display":"","ast-banner-title-visibility":"","ast-main-header-display":"","ast-hfb-above-header-display":"","ast-hfb-below-header-display":"","ast-hfb-mobile-header-display":"","site-post-title":"","ast-breadcrumbs-content":"","ast-featured-img":"","footer-sml-layout":"","theme-transparent-header-meta":"default","adv-header-id-meta":"","stick-header-meta":"","header-above-stick-meta":"","header-main-stick-meta":"","header-below-stick-meta":"","astra-migrate-meta-layouts":"set","ast-page-background-enabled":"default","ast-page-background-meta":{"desktop":{"background-color":"var(--ast-global-color-4)","background-image":"","background-repeat":"repeat","background-position":"center center","background-size":"auto","background-attachment":"scroll","background-type":"","background-media":"","overlay-type":"","overlay-color":"","overlay-opacity":"","overlay-gradient":""},"tablet":{"background-color":"","background-image":"","background-repeat":"repeat","background-position":"center center","background-size":"auto","background-attachment":"scroll","background-type":"","background-media":"","overlay-type":"","overlay-color":"","overlay-opacity":"","overlay-gradient":""},"mobile":{"background-color":"","background-image":"","background-repeat":"repeat","background-position":"center center","background-size":"auto","background-attachment":"scroll","background-type":"","background-media":"","overlay-type":"","overlay-color":"","overlay-opacity":"","overlay-gradient":""}},"ast-content-background-meta":{"desktop":{"background-color":"var(--ast-global-color-5)","background-image":"","background-repeat":"repeat","background-position":"center center","background-size":"auto","background-attachment":"scroll","background-type":"","background-media":"","overlay-type":"","overlay-color":"","overlay-opacity":"","overlay-gradient":""},"tablet":{"background-color":"var(--ast-global-color-5)","background-image":"","background-repeat":"repeat","background-position":"center center","background-size":"auto","background-attachment":"scroll","background-type":"","background-media":"","overlay-type":"","overlay-color":"","overlay-opacity":"","overlay-gradient":""},"mobile":{"background-color":"var(--ast-global-color-5)","background-image":"","background-repeat":"repeat","background-position":"center center","background-size":"auto","background-attachment":"scroll","background-type":"","background-media":"","overlay-type":"","overlay-color":"","overlay-opacity":"","overlay-gradient":""}}},"product_brand":[],"product_cat":[370,363],"product_tag":[],"berocket_brand":[579],"class_list":{"0":"post-27441","1":"product","2":"type-product","3":"status-publish","4":"has-post-thumbnail","6":"product_cat-adas-mirdzumam","7":"product_cat-serumi","8":"berocket_brand-medicube","9":"desktop-align-left","10":"tablet-align-left","11":"mobile-align-left","13":"first","14":"instock","15":"taxable","16":"shipping-taxable","17":"purchasable","18":"product-type-simple","19":"add-to-wishlist-before_image"},"yoast_head":"<!-- This site is optimized with the Yoast SEO plugin v27.3 - https:\/\/yoast.com\/product\/yoast-seo-wordpress\/ -->\n<title>Medicube Kojic Acid Turmeric Serum balino\u0161s serums 30ml - FACECORNER<\/title>\n<meta name=\"description\" content=\"Medicube Kojic Acid Turmeric Serum ir sejas balino\u0161s serums, kas paredz\u0113ts \u0101das to\u0146a izl\u012bdzin\u0101\u0161anai, pigment\u0101cijas mazin\u0101\u0161anai un \u0101das izskata padar\u012b\u0161anai mirdzo\u0161\u0101ku un vesel\u012bg\u0101ku.\" \/>\n<meta name=\"robots\" content=\"index, follow, max-snippet:-1, max-image-preview:large, max-video-preview:-1\" \/>\n<link rel=\"canonical\" href=\"https:\/\/www.facecorner.lv\/lv\/shop\/medicube-kojic-acid-turmeric-serum-balinoss-serums-30ml\/\" \/>\n<meta property=\"og:locale\" content=\"lv_LV\" \/>\n<meta property=\"og:type\" content=\"article\" \/>\n<meta property=\"og:title\" content=\"Medicube Kojic Acid Turmeric Serum balino\u0161s serums 30ml - FACECORNER\" \/>\n<meta property=\"og:description\" content=\"Medicube Kojic Acid Turmeric Serum ir sejas balino\u0161s serums, kas paredz\u0113ts \u0101das to\u0146a izl\u012bdzin\u0101\u0161anai, pigment\u0101cijas mazin\u0101\u0161anai un \u0101das izskata padar\u012b\u0161anai mirdzo\u0161\u0101ku un vesel\u012bg\u0101ku.\" \/>\n<meta property=\"og:url\" content=\"https:\/\/www.facecorner.lv\/lv\/shop\/medicube-kojic-acid-turmeric-serum-balinoss-serums-30ml\/\" \/>\n<meta property=\"og:site_name\" content=\"FACECORNER\" \/>\n<meta property=\"article:publisher\" content=\"https:\/\/www.facebook.com\/profile.php?id=100063824551839\" \/>\n<meta property=\"article:modified_time\" content=\"2026-04-09T12:16:29+00:00\" \/>\n<meta property=\"og:image\" content=\"https:\/\/www.facecorner.lv\/wp-content\/uploads\/2026\/04\/product_images_1753781049.284463b18699b1f5ddb178707f3da5cf1753872458.webp\" \/>\n\t<meta property=\"og:image:width\" content=\"1344\" \/>\n\t<meta property=\"og:image:height\" content=\"1344\" \/>\n\t<meta property=\"og:image:type\" content=\"image\/webp\" \/>\n<meta name=\"twitter:card\" content=\"summary_large_image\" \/>\n<meta name=\"twitter:label1\" content=\"Price\" \/>\n\t<meta name=\"twitter:data1\" content=\"&euro;24.94\" \/>\n\t<meta name=\"twitter:label2\" content=\"Availability\" \/>\n\t<meta name=\"twitter:data2\" content=\"In stock\" \/>\n<script type=\"application\/ld+json\" class=\"yoast-schema-graph\">{\"@context\":\"https:\\\/\\\/schema.org\",\"@graph\":[{\"@type\":\"WebPage\",\"@id\":\"https:\\\/\\\/www.facecorner.lv\\\/shop\\\/medicube-kojic-acid-turmeric-serum-balinoss-serums-30ml\\\/\",\"url\":\"https:\\\/\\\/www.facecorner.lv\\\/shop\\\/medicube-kojic-acid-turmeric-serum-balinoss-serums-30ml\\\/\",\"name\":\"Medicube Kojic Acid Turmeric Serum balino\u0161s serums 30ml - FACECORNER\",\"isPartOf\":{\"@id\":\"https:\\\/\\\/www.facecorner.lv\\\/#website\"},\"primaryImageOfPage\":{\"@id\":\"https:\\\/\\\/www.facecorner.lv\\\/shop\\\/medicube-kojic-acid-turmeric-serum-balinoss-serums-30ml\\\/#primaryimage\"},\"image\":{\"@id\":\"https:\\\/\\\/www.facecorner.lv\\\/shop\\\/medicube-kojic-acid-turmeric-serum-balinoss-serums-30ml\\\/#primaryimage\"},\"thumbnailUrl\":\"https:\\\/\\\/www.facecorner.lv\\\/wp-content\\\/uploads\\\/2026\\\/04\\\/product_images_1753781049.284463b18699b1f5ddb178707f3da5cf1753872458.webp\",\"datePublished\":\"2026-04-09T12:16:28+00:00\",\"dateModified\":\"2026-04-09T12:16:29+00:00\",\"description\":\"Medicube Kojic Acid Turmeric Serum ir sejas balino\u0161s serums, kas paredz\u0113ts \u0101das to\u0146a izl\u012bdzin\u0101\u0161anai, pigment\u0101cijas mazin\u0101\u0161anai un \u0101das izskata padar\u012b\u0161anai mirdzo\u0161\u0101ku un vesel\u012bg\u0101ku.\",\"breadcrumb\":{\"@id\":\"https:\\\/\\\/www.facecorner.lv\\\/shop\\\/medicube-kojic-acid-turmeric-serum-balinoss-serums-30ml\\\/#breadcrumb\"},\"inLanguage\":\"lv-LV\",\"potentialAction\":[{\"@type\":\"ReadAction\",\"target\":[\"https:\\\/\\\/www.facecorner.lv\\\/shop\\\/medicube-kojic-acid-turmeric-serum-balinoss-serums-30ml\\\/\"]}]},{\"@type\":\"ImageObject\",\"inLanguage\":\"lv-LV\",\"@id\":\"https:\\\/\\\/www.facecorner.lv\\\/shop\\\/medicube-kojic-acid-turmeric-serum-balinoss-serums-30ml\\\/#primaryimage\",\"url\":\"https:\\\/\\\/www.facecorner.lv\\\/wp-content\\\/uploads\\\/2026\\\/04\\\/product_images_1753781049.284463b18699b1f5ddb178707f3da5cf1753872458.webp\",\"contentUrl\":\"https:\\\/\\\/www.facecorner.lv\\\/wp-content\\\/uploads\\\/2026\\\/04\\\/product_images_1753781049.284463b18699b1f5ddb178707f3da5cf1753872458.webp\",\"width\":1344,\"height\":1344,\"caption\":\"Medicube Kojic Acid Turmeric Serum\"},{\"@type\":\"BreadcrumbList\",\"@id\":\"https:\\\/\\\/www.facecorner.lv\\\/shop\\\/medicube-kojic-acid-turmeric-serum-balinoss-serums-30ml\\\/#breadcrumb\",\"itemListElement\":[{\"@type\":\"ListItem\",\"position\":1,\"name\":\"Home\",\"item\":\"https:\\\/\\\/www.facecorner.lv\\\/\"},{\"@type\":\"ListItem\",\"position\":2,\"name\":\"Veikals\",\"item\":\"https:\\\/\\\/www.facecorner.lv\\\/shop\\\/\"},{\"@type\":\"ListItem\",\"position\":3,\"name\":\"Medicube Kojic Acid Turmeric Serum balino\u0161s serums 30ml\"}]},{\"@type\":\"WebSite\",\"@id\":\"https:\\\/\\\/www.facecorner.lv\\\/#website\",\"url\":\"https:\\\/\\\/www.facecorner.lv\\\/\",\"name\":\"Facecorner\",\"description\":\"\",\"publisher\":{\"@id\":\"https:\\\/\\\/www.facecorner.lv\\\/#organization\"},\"potentialAction\":[{\"@type\":\"SearchAction\",\"target\":{\"@type\":\"EntryPoint\",\"urlTemplate\":\"https:\\\/\\\/www.facecorner.lv\\\/?s={search_term_string}\"},\"query-input\":{\"@type\":\"PropertyValueSpecification\",\"valueRequired\":true,\"valueName\":\"search_term_string\"}}],\"inLanguage\":\"lv-LV\"},{\"@type\":\"Organization\",\"@id\":\"https:\\\/\\\/www.facecorner.lv\\\/#organization\",\"name\":\"Facecorner\",\"url\":\"https:\\\/\\\/www.facecorner.lv\\\/\",\"logo\":{\"@type\":\"ImageObject\",\"inLanguage\":\"lv-LV\",\"@id\":\"https:\\\/\\\/www.facecorner.lv\\\/#\\\/schema\\\/logo\\\/image\\\/\",\"url\":\"https:\\\/\\\/www.facecorner.lv\\\/wp-content\\\/uploads\\\/2024\\\/04\\\/fc-logo.jpg\",\"contentUrl\":\"https:\\\/\\\/www.facecorner.lv\\\/wp-content\\\/uploads\\\/2024\\\/04\\\/fc-logo.jpg\",\"width\":174,\"height\":28,\"caption\":\"Facecorner\"},\"image\":{\"@id\":\"https:\\\/\\\/www.facecorner.lv\\\/#\\\/schema\\\/logo\\\/image\\\/\"},\"sameAs\":[\"https:\\\/\\\/www.facebook.com\\\/profile.php?id=100063824551839\",\"https:\\\/\\\/www.instagram.com\\\/facecorner_shop\\\/\"]}]}<\/script>\n<meta property=\"product:price:amount\" content=\"24.94\" \/>\n<meta property=\"product:price:currency\" content=\"EUR\" \/>\n<meta property=\"og:availability\" content=\"instock\" \/>\n<meta property=\"product:availability\" content=\"instock\" \/>\n<meta property=\"product:condition\" content=\"new\" \/>\n<!-- \/ Yoast SEO plugin. -->","yoast_head_json":{"title":"Medicube Kojic Acid Turmeric Serum balino\u0161s serums 30ml - FACECORNER","description":"Medicube Kojic Acid Turmeric Serum ir sejas balino\u0161s serums, kas paredz\u0113ts \u0101das to\u0146a izl\u012bdzin\u0101\u0161anai, pigment\u0101cijas mazin\u0101\u0161anai un \u0101das izskata padar\u012b\u0161anai mirdzo\u0161\u0101ku un vesel\u012bg\u0101ku.","robots":{"index":"index","follow":"follow","max-snippet":"max-snippet:-1","max-image-preview":"max-image-preview:large","max-video-preview":"max-video-preview:-1"},"canonical":"https:\/\/www.facecorner.lv\/lv\/shop\/medicube-kojic-acid-turmeric-serum-balinoss-serums-30ml\/","og_locale":"lv_LV","og_type":"article","og_title":"Medicube Kojic Acid Turmeric Serum balino\u0161s serums 30ml - FACECORNER","og_description":"Medicube Kojic Acid Turmeric Serum ir sejas balino\u0161s serums, kas paredz\u0113ts \u0101das to\u0146a izl\u012bdzin\u0101\u0161anai, pigment\u0101cijas mazin\u0101\u0161anai un \u0101das izskata padar\u012b\u0161anai mirdzo\u0161\u0101ku un vesel\u012bg\u0101ku.","og_url":"https:\/\/www.facecorner.lv\/lv\/shop\/medicube-kojic-acid-turmeric-serum-balinoss-serums-30ml\/","og_site_name":"FACECORNER","article_publisher":"https:\/\/www.facebook.com\/profile.php?id=100063824551839","article_modified_time":"2026-04-09T12:16:29+00:00","og_image":[{"width":1344,"height":1344,"url":"https:\/\/www.facecorner.lv\/wp-content\/uploads\/2026\/04\/product_images_1753781049.284463b18699b1f5ddb178707f3da5cf1753872458.webp","type":"image\/webp"}],"twitter_card":"summary_large_image","twitter_misc":{"Price":"&euro;24.94","Availability":"In stock"},"schema":{"@context":"https:\/\/schema.org","@graph":[{"@type":"WebPage","@id":"https:\/\/www.facecorner.lv\/shop\/medicube-kojic-acid-turmeric-serum-balinoss-serums-30ml\/","url":"https:\/\/www.facecorner.lv\/shop\/medicube-kojic-acid-turmeric-serum-balinoss-serums-30ml\/","name":"Medicube Kojic Acid Turmeric Serum balino\u0161s serums 30ml - FACECORNER","isPartOf":{"@id":"https:\/\/www.facecorner.lv\/#website"},"primaryImageOfPage":{"@id":"https:\/\/www.facecorner.lv\/shop\/medicube-kojic-acid-turmeric-serum-balinoss-serums-30ml\/#primaryimage"},"image":{"@id":"https:\/\/www.facecorner.lv\/shop\/medicube-kojic-acid-turmeric-serum-balinoss-serums-30ml\/#primaryimage"},"thumbnailUrl":"https:\/\/www.facecorner.lv\/wp-content\/uploads\/2026\/04\/product_images_1753781049.284463b18699b1f5ddb178707f3da5cf1753872458.webp","datePublished":"2026-04-09T12:16:28+00:00","dateModified":"2026-04-09T12:16:29+00:00","description":"Medicube Kojic Acid Turmeric Serum ir sejas balino\u0161s serums, kas paredz\u0113ts \u0101das to\u0146a izl\u012bdzin\u0101\u0161anai, pigment\u0101cijas mazin\u0101\u0161anai un \u0101das izskata padar\u012b\u0161anai mirdzo\u0161\u0101ku un vesel\u012bg\u0101ku.","breadcrumb":{"@id":"https:\/\/www.facecorner.lv\/shop\/medicube-kojic-acid-turmeric-serum-balinoss-serums-30ml\/#breadcrumb"},"inLanguage":"lv-LV","potentialAction":[{"@type":"ReadAction","target":["https:\/\/www.facecorner.lv\/shop\/medicube-kojic-acid-turmeric-serum-balinoss-serums-30ml\/"]}]},{"@type":"ImageObject","inLanguage":"lv-LV","@id":"https:\/\/www.facecorner.lv\/shop\/medicube-kojic-acid-turmeric-serum-balinoss-serums-30ml\/#primaryimage","url":"https:\/\/www.facecorner.lv\/wp-content\/uploads\/2026\/04\/product_images_1753781049.284463b18699b1f5ddb178707f3da5cf1753872458.webp","contentUrl":"https:\/\/www.facecorner.lv\/wp-content\/uploads\/2026\/04\/product_images_1753781049.284463b18699b1f5ddb178707f3da5cf1753872458.webp","width":1344,"height":1344,"caption":"Medicube Kojic Acid Turmeric Serum"},{"@type":"BreadcrumbList","@id":"https:\/\/www.facecorner.lv\/shop\/medicube-kojic-acid-turmeric-serum-balinoss-serums-30ml\/#breadcrumb","itemListElement":[{"@type":"ListItem","position":1,"name":"Home","item":"https:\/\/www.facecorner.lv\/"},{"@type":"ListItem","position":2,"name":"Veikals","item":"https:\/\/www.facecorner.lv\/shop\/"},{"@type":"ListItem","position":3,"name":"Medicube Kojic Acid Turmeric Serum balino\u0161s serums 30ml"}]},{"@type":"WebSite","@id":"https:\/\/www.facecorner.lv\/#website","url":"https:\/\/www.facecorner.lv\/","name":"Facecorner","description":"","publisher":{"@id":"https:\/\/www.facecorner.lv\/#organization"},"potentialAction":[{"@type":"SearchAction","target":{"@type":"EntryPoint","urlTemplate":"https:\/\/www.facecorner.lv\/?s={search_term_string}"},"query-input":{"@type":"PropertyValueSpecification","valueRequired":true,"valueName":"search_term_string"}}],"inLanguage":"lv-LV"},{"@type":"Organization","@id":"https:\/\/www.facecorner.lv\/#organization","name":"Facecorner","url":"https:\/\/www.facecorner.lv\/","logo":{"@type":"ImageObject","inLanguage":"lv-LV","@id":"https:\/\/www.facecorner.lv\/#\/schema\/logo\/image\/","url":"https:\/\/www.facecorner.lv\/wp-content\/uploads\/2024\/04\/fc-logo.jpg","contentUrl":"https:\/\/www.facecorner.lv\/wp-content\/uploads\/2024\/04\/fc-logo.jpg","width":174,"height":28,"caption":"Facecorner"},"image":{"@id":"https:\/\/www.facecorner.lv\/#\/schema\/logo\/image\/"},"sameAs":["https:\/\/www.facebook.com\/profile.php?id=100063824551839","https:\/\/www.instagram.com\/facecorner_shop\/"]}]},"product_price_amount":"24.94","product_price_currency":"EUR","og_availability":"instock","product_availability":"instock","product_condition":"new"},"_links":{"self":[{"href":"https:\/\/www.facecorner.lv\/lv\/wp-json\/wp\/v2\/product\/27441","targetHints":{"allow":["GET"]}}],"collection":[{"href":"https:\/\/www.facecorner.lv\/lv\/wp-json\/wp\/v2\/product"}],"about":[{"href":"https:\/\/www.facecorner.lv\/lv\/wp-json\/wp\/v2\/types\/product"}],"replies":[{"embeddable":true,"href":"https:\/\/www.facecorner.lv\/lv\/wp-json\/wp\/v2\/comments?post=27441"}],"wp:featuredmedia":[{"embeddable":true,"href":"https:\/\/www.facecorner.lv\/lv\/wp-json\/wp\/v2\/media\/27442"}],"wp:attachment":[{"href":"https:\/\/www.facecorner.lv\/lv\/wp-json\/wp\/v2\/media?parent=27441"}],"wp:term":[{"taxonomy":"product_brand","embeddable":true,"href":"https:\/\/www.facecorner.lv\/lv\/wp-json\/wp\/v2\/product_brand?post=27441"},{"taxonomy":"product_cat","embeddable":true,"href":"https:\/\/www.facecorner.lv\/lv\/wp-json\/wp\/v2\/product_cat?post=27441"},{"taxonomy":"product_tag","embeddable":true,"href":"https:\/\/www.facecorner.lv\/lv\/wp-json\/wp\/v2\/product_tag?post=27441"},{"taxonomy":"berocket_brand","embeddable":true,"href":"https:\/\/www.facecorner.lv\/lv\/wp-json\/wp\/v2\/berocket_brand?post=27441"}],"curies":[{"name":"wp","href":"https:\/\/api.w.org\/{rel}","templated":true}]}}