{"id":27434,"date":"2026-04-09T13:52:34","date_gmt":"2026-04-09T10:52:34","guid":{"rendered":"https:\/\/www.facecorner.lv\/?post_type=product&#038;p=27434"},"modified":"2026-04-09T13:52:34","modified_gmt":"2026-04-09T10:52:34","slug":"menokin-30-seconds-bubble-cleanser-daily-comfort-putas-ikdienas-sejas-attirisanai-150ml","status":"publish","type":"product","link":"https:\/\/www.facecorner.lv\/lv\/shop\/menokin-30-seconds-bubble-cleanser-daily-comfort-putas-ikdienas-sejas-attirisanai-150ml\/","title":{"rendered":"Menokin 30 Seconds Bubble Cleanser Daily Comfort putas ikdienas sejas att\u012br\u012b\u0161anai 150ml"},"content":{"rendered":"<p>Menokin 30 Seconds Bubble Cleanser Daily Comfort ir maigs att\u012bro\u0161s l\u012bdzeklis ar putu efektu, kas paredz\u0113ts ikdienas maigai \u0101das kop\u0161anai. Uzkl\u0101jot l\u012bdzekli, tas veido bl\u012bvu mikroputu, kas pal\u012bdz efekt\u012bvi no\u0146emt net\u012brumus, grima paliekas un lieko sebumu, netrauc\u0113jot \u0101das dabisko l\u012bdzsvaru.<\/p>\n<p>Daily Comfort formula ir orient\u0113ta uz komfortablu un maigu att\u012br\u012b\u0161anu, t\u0101p\u0113c l\u012bdzeklis ir piem\u0113rots pat jut\u012bgai \u0101dai un nerada sausuma vai saspringuma saj\u016btu p\u0113c mazg\u0101\u0161an\u0101s.<\/p>\n<h6>Galven\u0101s priek\u0161roc\u012bbas:<\/h6>\n<ul>\n<li>maigi un efekt\u012bvi att\u012bra \u0101du<\/li>\n<li>veido gais\u012bgu putu sl\u0101ni<\/li>\n<li>neiz\u017e\u0101v\u0113 un nekairina \u0101du<\/li>\n<li>saglab\u0101 dabisko mitruma l\u012bmeni<\/li>\n<li>piem\u0113rots ikdienas lieto\u0161anai<\/li>\n<li>pal\u012bdz padar\u012bt \u0101du glud\u0101ku un svaig\u0101ku<\/li>\n<\/ul>\n<p><strong>Lieto\u0161ana:<\/strong> Uzkl\u0101jiet l\u012bdzekli uz sausas vai nedaudz mitras sejas \u0101das, pagaidiet 20\u201330 sekundes, l\u012bdz par\u0101d\u0101s putas, p\u0113c tam maigi iemas\u0113jiet un noskalojiet ar siltu \u016bdeni.<\/p>\n<p><strong>Sast\u0101vs:\u00a0<\/strong> Water (Aqua), Sodium C14-16 Olefin Sulfonate, Glycerin, Sodium Methyl Cocoyl Taurate, Lauryl Betaine, Betaine, Hydroxyacetophenone, Caprylyl Glycol, Sodium Chloride, Ethylhexylglycerin, 1,2-Hexanediol, Sodium Phytate, Gossypium Herbaceum (Cotton) Fruit Extract, Morus Alba Leaf Extract, Citric Acid, Morus Alba Flower Extract, Butylene Glycol, Sodium Hyaluronate, Hyaluronic Acid, Hydrolyzed Hyaluronic Acid, Hydrolyzed Sodium Hyaluronate, Sodium Hyaluronate Crosspolymer, Dipeptide-23.<\/p>\n<p><strong>Kontaktinform\u0101cija:<\/strong><\/p>\n<p>YJN PL 8P 2 0.0.1. S22psla 86, 55080 Katy wrodawskle, dolnosla skie, Polska.\u00a0Jameskim@yjn.or.kr<\/p>\n<p><strong>BR\u012aDIN\u0100JUMS!!<\/strong><\/p>\n<p>Produkts paredz\u0113ts tikai \u0101r\u0113jai lieto\u0161anai. Uzglab\u0101t saus\u0101, tum\u0161\u0101 viet\u0101. Nelietot uz boj\u0101tas \u0101das. Izvairieties no saskares ar ac\u012bm. Ja par\u0101d\u0101s k\u0101di kairin\u0101juma simptomi, p\u0101rtrauciet produkta lieto\u0161anu. Uzglab\u0101t b\u0113rniem nepieejam\u0101 viet\u0101.<\/p>\n","protected":false},"excerpt":{"rendered":"<p>Menokin 30 Seconds Bubble Cleanser Daily Comfort ir maigs att\u012bro\u0161s l\u012bdzeklis ar putu efektu, kas paredz\u0113ts ikdienas maigai \u0101das kop\u0161anai.<\/p>\n","protected":false},"featured_media":27435,"comment_status":"open","ping_status":"closed","template":"","meta":{"site-sidebar-layout":"default","site-content-layout":"","ast-site-content-layout":"default","site-content-style":"default","site-sidebar-style":"default","ast-global-header-display":"","ast-banner-title-visibility":"","ast-main-header-display":"","ast-hfb-above-header-display":"","ast-hfb-below-header-display":"","ast-hfb-mobile-header-display":"","site-post-title":"","ast-breadcrumbs-content":"","ast-featured-img":"","footer-sml-layout":"","theme-transparent-header-meta":"default","adv-header-id-meta":"","stick-header-meta":"","header-above-stick-meta":"","header-main-stick-meta":"","header-below-stick-meta":"","astra-migrate-meta-layouts":"set","ast-page-background-enabled":"default","ast-page-background-meta":{"desktop":{"background-color":"var(--ast-global-color-4)","background-image":"","background-repeat":"repeat","background-position":"center center","background-size":"auto","background-attachment":"scroll","background-type":"","background-media":"","overlay-type":"","overlay-color":"","overlay-opacity":"","overlay-gradient":""},"tablet":{"background-color":"","background-image":"","background-repeat":"repeat","background-position":"center center","background-size":"auto","background-attachment":"scroll","background-type":"","background-media":"","overlay-type":"","overlay-color":"","overlay-opacity":"","overlay-gradient":""},"mobile":{"background-color":"","background-image":"","background-repeat":"repeat","background-position":"center center","background-size":"auto","background-attachment":"scroll","background-type":"","background-media":"","overlay-type":"","overlay-color":"","overlay-opacity":"","overlay-gradient":""}},"ast-content-background-meta":{"desktop":{"background-color":"var(--ast-global-color-5)","background-image":"","background-repeat":"repeat","background-position":"center center","background-size":"auto","background-attachment":"scroll","background-type":"","background-media":"","overlay-type":"","overlay-color":"","overlay-opacity":"","overlay-gradient":""},"tablet":{"background-color":"var(--ast-global-color-5)","background-image":"","background-repeat":"repeat","background-position":"center center","background-size":"auto","background-attachment":"scroll","background-type":"","background-media":"","overlay-type":"","overlay-color":"","overlay-opacity":"","overlay-gradient":""},"mobile":{"background-color":"var(--ast-global-color-5)","background-image":"","background-repeat":"repeat","background-position":"center center","background-size":"auto","background-attachment":"scroll","background-type":"","background-media":"","overlay-type":"","overlay-color":"","overlay-opacity":"","overlay-gradient":""}}},"product_brand":[],"product_cat":[310,311,312,317],"product_tag":[],"berocket_brand":[684],"class_list":{"0":"post-27434","1":"product","2":"type-product","3":"status-publish","4":"has-post-thumbnail","6":"product_cat-attirisana","7":"product_cat-jutigai-adai-attirisana","8":"product_cat-kombinetai-adai-attirisana","9":"product_cat-sausai-adai-attirisana","10":"berocket_brand-menokin","11":"desktop-align-left","12":"tablet-align-left","13":"mobile-align-left","15":"first","16":"instock","17":"taxable","18":"shipping-taxable","19":"purchasable","20":"product-type-simple","21":"add-to-wishlist-before_image"},"yoast_head":"<!-- This site is optimized with the Yoast SEO plugin v27.3 - https:\/\/yoast.com\/product\/yoast-seo-wordpress\/ -->\n<title>Menokin 30 Seconds Bubble Cleanser Daily Comfort putas ikdienas sejas att\u012br\u012b\u0161anai 150ml - FACECORNER<\/title>\n<meta name=\"description\" content=\"Menokin 30 Seconds Bubble Cleanser Daily Comfort ir maigs att\u012bro\u0161s l\u012bdzeklis ar putu efektu, kas paredz\u0113ts ikdienas maigai \u0101das kop\u0161anai.\" \/>\n<meta name=\"robots\" content=\"index, follow, max-snippet:-1, max-image-preview:large, max-video-preview:-1\" \/>\n<link rel=\"canonical\" href=\"https:\/\/www.facecorner.lv\/lv\/shop\/menokin-30-seconds-bubble-cleanser-daily-comfort-putas-ikdienas-sejas-attirisanai-150ml\/\" \/>\n<meta property=\"og:locale\" content=\"lv_LV\" \/>\n<meta property=\"og:type\" content=\"article\" \/>\n<meta property=\"og:title\" content=\"Menokin 30 Seconds Bubble Cleanser Daily Comfort putas ikdienas sejas att\u012br\u012b\u0161anai 150ml - FACECORNER\" \/>\n<meta property=\"og:description\" content=\"Menokin 30 Seconds Bubble Cleanser Daily Comfort ir maigs att\u012bro\u0161s l\u012bdzeklis ar putu efektu, kas paredz\u0113ts ikdienas maigai \u0101das kop\u0161anai.\" \/>\n<meta property=\"og:url\" content=\"https:\/\/www.facecorner.lv\/lv\/shop\/menokin-30-seconds-bubble-cleanser-daily-comfort-putas-ikdienas-sejas-attirisanai-150ml\/\" \/>\n<meta property=\"og:site_name\" content=\"FACECORNER\" \/>\n<meta property=\"article:publisher\" content=\"https:\/\/www.facebook.com\/profile.php?id=100063824551839\" \/>\n<meta property=\"og:image\" content=\"https:\/\/www.facecorner.lv\/wp-content\/uploads\/2026\/04\/menokin-30-seconds-bubble-cleanser-daily-69954415001983.webp\" \/>\n\t<meta property=\"og:image:width\" content=\"1434\" \/>\n\t<meta property=\"og:image:height\" content=\"1434\" \/>\n\t<meta property=\"og:image:type\" content=\"image\/webp\" \/>\n<meta name=\"twitter:card\" content=\"summary_large_image\" \/>\n<meta name=\"twitter:label1\" content=\"Price\" \/>\n\t<meta name=\"twitter:data1\" content=\"&euro;20.95\" \/>\n\t<meta name=\"twitter:label2\" content=\"Availability\" \/>\n\t<meta name=\"twitter:data2\" content=\"In stock\" \/>\n<script type=\"application\/ld+json\" class=\"yoast-schema-graph\">{\"@context\":\"https:\\\/\\\/schema.org\",\"@graph\":[{\"@type\":\"WebPage\",\"@id\":\"https:\\\/\\\/www.facecorner.lv\\\/shop\\\/menokin-30-seconds-bubble-cleanser-daily-comfort-putas-ikdienas-sejas-attirisanai-150ml\\\/\",\"url\":\"https:\\\/\\\/www.facecorner.lv\\\/shop\\\/menokin-30-seconds-bubble-cleanser-daily-comfort-putas-ikdienas-sejas-attirisanai-150ml\\\/\",\"name\":\"Menokin 30 Seconds Bubble Cleanser Daily Comfort putas ikdienas sejas att\u012br\u012b\u0161anai 150ml - FACECORNER\",\"isPartOf\":{\"@id\":\"https:\\\/\\\/www.facecorner.lv\\\/#website\"},\"primaryImageOfPage\":{\"@id\":\"https:\\\/\\\/www.facecorner.lv\\\/shop\\\/menokin-30-seconds-bubble-cleanser-daily-comfort-putas-ikdienas-sejas-attirisanai-150ml\\\/#primaryimage\"},\"image\":{\"@id\":\"https:\\\/\\\/www.facecorner.lv\\\/shop\\\/menokin-30-seconds-bubble-cleanser-daily-comfort-putas-ikdienas-sejas-attirisanai-150ml\\\/#primaryimage\"},\"thumbnailUrl\":\"https:\\\/\\\/www.facecorner.lv\\\/wp-content\\\/uploads\\\/2026\\\/04\\\/menokin-30-seconds-bubble-cleanser-daily-69954415001983.webp\",\"datePublished\":\"2026-04-09T10:52:34+00:00\",\"description\":\"Menokin 30 Seconds Bubble Cleanser Daily Comfort ir maigs att\u012bro\u0161s l\u012bdzeklis ar putu efektu, kas paredz\u0113ts ikdienas maigai \u0101das kop\u0161anai.\",\"breadcrumb\":{\"@id\":\"https:\\\/\\\/www.facecorner.lv\\\/shop\\\/menokin-30-seconds-bubble-cleanser-daily-comfort-putas-ikdienas-sejas-attirisanai-150ml\\\/#breadcrumb\"},\"inLanguage\":\"lv-LV\",\"potentialAction\":[{\"@type\":\"ReadAction\",\"target\":[\"https:\\\/\\\/www.facecorner.lv\\\/shop\\\/menokin-30-seconds-bubble-cleanser-daily-comfort-putas-ikdienas-sejas-attirisanai-150ml\\\/\"]}]},{\"@type\":\"ImageObject\",\"inLanguage\":\"lv-LV\",\"@id\":\"https:\\\/\\\/www.facecorner.lv\\\/shop\\\/menokin-30-seconds-bubble-cleanser-daily-comfort-putas-ikdienas-sejas-attirisanai-150ml\\\/#primaryimage\",\"url\":\"https:\\\/\\\/www.facecorner.lv\\\/wp-content\\\/uploads\\\/2026\\\/04\\\/menokin-30-seconds-bubble-cleanser-daily-69954415001983.webp\",\"contentUrl\":\"https:\\\/\\\/www.facecorner.lv\\\/wp-content\\\/uploads\\\/2026\\\/04\\\/menokin-30-seconds-bubble-cleanser-daily-69954415001983.webp\",\"width\":1434,\"height\":1434,\"caption\":\"Menokin 30 Seconds Bubble Cleanser Daily Comfort\"},{\"@type\":\"BreadcrumbList\",\"@id\":\"https:\\\/\\\/www.facecorner.lv\\\/shop\\\/menokin-30-seconds-bubble-cleanser-daily-comfort-putas-ikdienas-sejas-attirisanai-150ml\\\/#breadcrumb\",\"itemListElement\":[{\"@type\":\"ListItem\",\"position\":1,\"name\":\"Home\",\"item\":\"https:\\\/\\\/www.facecorner.lv\\\/\"},{\"@type\":\"ListItem\",\"position\":2,\"name\":\"Veikals\",\"item\":\"https:\\\/\\\/www.facecorner.lv\\\/shop\\\/\"},{\"@type\":\"ListItem\",\"position\":3,\"name\":\"Menokin 30 Seconds Bubble Cleanser Daily Comfort putas ikdienas sejas att\u012br\u012b\u0161anai 150ml\"}]},{\"@type\":\"WebSite\",\"@id\":\"https:\\\/\\\/www.facecorner.lv\\\/#website\",\"url\":\"https:\\\/\\\/www.facecorner.lv\\\/\",\"name\":\"Facecorner\",\"description\":\"\",\"publisher\":{\"@id\":\"https:\\\/\\\/www.facecorner.lv\\\/#organization\"},\"potentialAction\":[{\"@type\":\"SearchAction\",\"target\":{\"@type\":\"EntryPoint\",\"urlTemplate\":\"https:\\\/\\\/www.facecorner.lv\\\/?s={search_term_string}\"},\"query-input\":{\"@type\":\"PropertyValueSpecification\",\"valueRequired\":true,\"valueName\":\"search_term_string\"}}],\"inLanguage\":\"lv-LV\"},{\"@type\":\"Organization\",\"@id\":\"https:\\\/\\\/www.facecorner.lv\\\/#organization\",\"name\":\"Facecorner\",\"url\":\"https:\\\/\\\/www.facecorner.lv\\\/\",\"logo\":{\"@type\":\"ImageObject\",\"inLanguage\":\"lv-LV\",\"@id\":\"https:\\\/\\\/www.facecorner.lv\\\/#\\\/schema\\\/logo\\\/image\\\/\",\"url\":\"https:\\\/\\\/www.facecorner.lv\\\/wp-content\\\/uploads\\\/2024\\\/04\\\/fc-logo.jpg\",\"contentUrl\":\"https:\\\/\\\/www.facecorner.lv\\\/wp-content\\\/uploads\\\/2024\\\/04\\\/fc-logo.jpg\",\"width\":174,\"height\":28,\"caption\":\"Facecorner\"},\"image\":{\"@id\":\"https:\\\/\\\/www.facecorner.lv\\\/#\\\/schema\\\/logo\\\/image\\\/\"},\"sameAs\":[\"https:\\\/\\\/www.facebook.com\\\/profile.php?id=100063824551839\",\"https:\\\/\\\/www.instagram.com\\\/facecorner_shop\\\/\"]}]}<\/script>\n<meta property=\"product:price:amount\" content=\"20.95\" \/>\n<meta property=\"product:price:currency\" content=\"EUR\" \/>\n<meta property=\"og:availability\" content=\"instock\" \/>\n<meta property=\"product:availability\" content=\"instock\" \/>\n<meta property=\"product:condition\" content=\"new\" \/>\n<!-- \/ Yoast SEO plugin. -->","yoast_head_json":{"title":"Menokin 30 Seconds Bubble Cleanser Daily Comfort putas ikdienas sejas att\u012br\u012b\u0161anai 150ml - FACECORNER","description":"Menokin 30 Seconds Bubble Cleanser Daily Comfort ir maigs att\u012bro\u0161s l\u012bdzeklis ar putu efektu, kas paredz\u0113ts ikdienas maigai \u0101das kop\u0161anai.","robots":{"index":"index","follow":"follow","max-snippet":"max-snippet:-1","max-image-preview":"max-image-preview:large","max-video-preview":"max-video-preview:-1"},"canonical":"https:\/\/www.facecorner.lv\/lv\/shop\/menokin-30-seconds-bubble-cleanser-daily-comfort-putas-ikdienas-sejas-attirisanai-150ml\/","og_locale":"lv_LV","og_type":"article","og_title":"Menokin 30 Seconds Bubble Cleanser Daily Comfort putas ikdienas sejas att\u012br\u012b\u0161anai 150ml - FACECORNER","og_description":"Menokin 30 Seconds Bubble Cleanser Daily Comfort ir maigs att\u012bro\u0161s l\u012bdzeklis ar putu efektu, kas paredz\u0113ts ikdienas maigai \u0101das kop\u0161anai.","og_url":"https:\/\/www.facecorner.lv\/lv\/shop\/menokin-30-seconds-bubble-cleanser-daily-comfort-putas-ikdienas-sejas-attirisanai-150ml\/","og_site_name":"FACECORNER","article_publisher":"https:\/\/www.facebook.com\/profile.php?id=100063824551839","og_image":[{"width":1434,"height":1434,"url":"https:\/\/www.facecorner.lv\/wp-content\/uploads\/2026\/04\/menokin-30-seconds-bubble-cleanser-daily-69954415001983.webp","type":"image\/webp"}],"twitter_card":"summary_large_image","twitter_misc":{"Price":"&euro;20.95","Availability":"In stock"},"schema":{"@context":"https:\/\/schema.org","@graph":[{"@type":"WebPage","@id":"https:\/\/www.facecorner.lv\/shop\/menokin-30-seconds-bubble-cleanser-daily-comfort-putas-ikdienas-sejas-attirisanai-150ml\/","url":"https:\/\/www.facecorner.lv\/shop\/menokin-30-seconds-bubble-cleanser-daily-comfort-putas-ikdienas-sejas-attirisanai-150ml\/","name":"Menokin 30 Seconds Bubble Cleanser Daily Comfort putas ikdienas sejas att\u012br\u012b\u0161anai 150ml - FACECORNER","isPartOf":{"@id":"https:\/\/www.facecorner.lv\/#website"},"primaryImageOfPage":{"@id":"https:\/\/www.facecorner.lv\/shop\/menokin-30-seconds-bubble-cleanser-daily-comfort-putas-ikdienas-sejas-attirisanai-150ml\/#primaryimage"},"image":{"@id":"https:\/\/www.facecorner.lv\/shop\/menokin-30-seconds-bubble-cleanser-daily-comfort-putas-ikdienas-sejas-attirisanai-150ml\/#primaryimage"},"thumbnailUrl":"https:\/\/www.facecorner.lv\/wp-content\/uploads\/2026\/04\/menokin-30-seconds-bubble-cleanser-daily-69954415001983.webp","datePublished":"2026-04-09T10:52:34+00:00","description":"Menokin 30 Seconds Bubble Cleanser Daily Comfort ir maigs att\u012bro\u0161s l\u012bdzeklis ar putu efektu, kas paredz\u0113ts ikdienas maigai \u0101das kop\u0161anai.","breadcrumb":{"@id":"https:\/\/www.facecorner.lv\/shop\/menokin-30-seconds-bubble-cleanser-daily-comfort-putas-ikdienas-sejas-attirisanai-150ml\/#breadcrumb"},"inLanguage":"lv-LV","potentialAction":[{"@type":"ReadAction","target":["https:\/\/www.facecorner.lv\/shop\/menokin-30-seconds-bubble-cleanser-daily-comfort-putas-ikdienas-sejas-attirisanai-150ml\/"]}]},{"@type":"ImageObject","inLanguage":"lv-LV","@id":"https:\/\/www.facecorner.lv\/shop\/menokin-30-seconds-bubble-cleanser-daily-comfort-putas-ikdienas-sejas-attirisanai-150ml\/#primaryimage","url":"https:\/\/www.facecorner.lv\/wp-content\/uploads\/2026\/04\/menokin-30-seconds-bubble-cleanser-daily-69954415001983.webp","contentUrl":"https:\/\/www.facecorner.lv\/wp-content\/uploads\/2026\/04\/menokin-30-seconds-bubble-cleanser-daily-69954415001983.webp","width":1434,"height":1434,"caption":"Menokin 30 Seconds Bubble Cleanser Daily Comfort"},{"@type":"BreadcrumbList","@id":"https:\/\/www.facecorner.lv\/shop\/menokin-30-seconds-bubble-cleanser-daily-comfort-putas-ikdienas-sejas-attirisanai-150ml\/#breadcrumb","itemListElement":[{"@type":"ListItem","position":1,"name":"Home","item":"https:\/\/www.facecorner.lv\/"},{"@type":"ListItem","position":2,"name":"Veikals","item":"https:\/\/www.facecorner.lv\/shop\/"},{"@type":"ListItem","position":3,"name":"Menokin 30 Seconds Bubble Cleanser Daily Comfort putas ikdienas sejas att\u012br\u012b\u0161anai 150ml"}]},{"@type":"WebSite","@id":"https:\/\/www.facecorner.lv\/#website","url":"https:\/\/www.facecorner.lv\/","name":"Facecorner","description":"","publisher":{"@id":"https:\/\/www.facecorner.lv\/#organization"},"potentialAction":[{"@type":"SearchAction","target":{"@type":"EntryPoint","urlTemplate":"https:\/\/www.facecorner.lv\/?s={search_term_string}"},"query-input":{"@type":"PropertyValueSpecification","valueRequired":true,"valueName":"search_term_string"}}],"inLanguage":"lv-LV"},{"@type":"Organization","@id":"https:\/\/www.facecorner.lv\/#organization","name":"Facecorner","url":"https:\/\/www.facecorner.lv\/","logo":{"@type":"ImageObject","inLanguage":"lv-LV","@id":"https:\/\/www.facecorner.lv\/#\/schema\/logo\/image\/","url":"https:\/\/www.facecorner.lv\/wp-content\/uploads\/2024\/04\/fc-logo.jpg","contentUrl":"https:\/\/www.facecorner.lv\/wp-content\/uploads\/2024\/04\/fc-logo.jpg","width":174,"height":28,"caption":"Facecorner"},"image":{"@id":"https:\/\/www.facecorner.lv\/#\/schema\/logo\/image\/"},"sameAs":["https:\/\/www.facebook.com\/profile.php?id=100063824551839","https:\/\/www.instagram.com\/facecorner_shop\/"]}]},"product_price_amount":"20.95","product_price_currency":"EUR","og_availability":"instock","product_availability":"instock","product_condition":"new"},"_links":{"self":[{"href":"https:\/\/www.facecorner.lv\/lv\/wp-json\/wp\/v2\/product\/27434","targetHints":{"allow":["GET"]}}],"collection":[{"href":"https:\/\/www.facecorner.lv\/lv\/wp-json\/wp\/v2\/product"}],"about":[{"href":"https:\/\/www.facecorner.lv\/lv\/wp-json\/wp\/v2\/types\/product"}],"replies":[{"embeddable":true,"href":"https:\/\/www.facecorner.lv\/lv\/wp-json\/wp\/v2\/comments?post=27434"}],"wp:featuredmedia":[{"embeddable":true,"href":"https:\/\/www.facecorner.lv\/lv\/wp-json\/wp\/v2\/media\/27435"}],"wp:attachment":[{"href":"https:\/\/www.facecorner.lv\/lv\/wp-json\/wp\/v2\/media?parent=27434"}],"wp:term":[{"taxonomy":"product_brand","embeddable":true,"href":"https:\/\/www.facecorner.lv\/lv\/wp-json\/wp\/v2\/product_brand?post=27434"},{"taxonomy":"product_cat","embeddable":true,"href":"https:\/\/www.facecorner.lv\/lv\/wp-json\/wp\/v2\/product_cat?post=27434"},{"taxonomy":"product_tag","embeddable":true,"href":"https:\/\/www.facecorner.lv\/lv\/wp-json\/wp\/v2\/product_tag?post=27434"},{"taxonomy":"berocket_brand","embeddable":true,"href":"https:\/\/www.facecorner.lv\/lv\/wp-json\/wp\/v2\/berocket_brand?post=27434"}],"curies":[{"name":"wp","href":"https:\/\/api.w.org\/{rel}","templated":true}]}}