{"id":27431,"date":"2026-04-09T13:03:57","date_gmt":"2026-04-09T10:03:57","guid":{"rendered":"https:\/\/www.facecorner.lv\/?post_type=product&#038;p=27431"},"modified":"2026-04-09T13:03:58","modified_gmt":"2026-04-09T10:03:58","slug":"menokin-30-seconds-bubble-cleanser-pore-clear-putas-ikdienas-sejas-attirisanai-150ml","status":"publish","type":"product","link":"https:\/\/www.facecorner.lv\/lv\/shop\/menokin-30-seconds-bubble-cleanser-pore-clear-putas-ikdienas-sejas-attirisanai-150ml\/","title":{"rendered":"Menokin 30 Seconds Bubble Cleanser Pore Clear putas ikdienas sejas att\u012br\u012b\u0161anai 150ml"},"content":{"rendered":"<p>Menokin 30 Seconds Bubble Cleanser Pore Clear ir inovat\u012bvs sejas mazg\u0101\u0161anas l\u012bdzeklis ar mikroburbu\u013cu efektu, kas att\u012bra \u0101du un poras tikai 30 sekund\u0113s. L\u012bdzeklis uz \u0101das p\u0101rv\u0113r\u0161as maig\u0101 burbu\u013cain\u0101 put\u0101, dzi\u013ci att\u012brot to, neiz\u017e\u016bdinot.<\/p>\n<h6>Galven\u0101s \u012bpa\u0161\u012bbas:<\/h6>\n<ul>\n<li>Dzi\u013ca poru att\u012br\u012b\u0161ana \u2014 burbu\u013ci ar za\u013co m\u0101lu izvelk sebumu, melnos punkti\u0146us un net\u012brumus no por\u0101m<\/li>\n<li>Mikell\u0101r\u0101 tehnolo\u0123ija \u2014 efekt\u012bvi no\u0146em grimu, SPF un ikdienas net\u012brumus<\/li>\n<li>Taukain\u012bbas kontrole \u2014 kokvilnas ekstrakts pal\u012bdz regul\u0113t sebuma izdal\u012b\u0161anos<\/li>\n<li>Zems pH (\u22485,5) \u2014 uztur \u0101das dabisko aizsargbarjeru<\/li>\n<li>Maiga formula \u2014 att\u012bra, neradot saspringuma saj\u016btu un kairin\u0101jumu<\/li>\n<\/ul>\n<p><strong>Akt\u012bv\u0101s sast\u0101vda\u013cas:<\/strong><\/p>\n<ul>\n<li>za\u013c\u0101 m\u0101la \u2014 att\u012bra un sa\u0161aurina poras<\/li>\n<li>kokvilnas ekstrakts \u2014 l\u012bdzsvaro \u0101das st\u0101vokli un nomierina<\/li>\n<li>hialuronsk\u0101be \u2014 saglab\u0101 mitrumu<\/li>\n<li>maigi eksfolianti \u2014 pal\u012bdz izl\u012bdzin\u0101t \u0101das tekst\u016bru<\/li>\n<\/ul>\n<p><strong>Lieto\u0161anas veids:<\/strong> Uzkl\u0101j l\u012bdzekli uz mitras vai sausas \u0101das.Pagaidi apm\u0113ram 30 sekundes, l\u012bdz par\u0101d\u0101s burbu\u013ci.Viegli iemas\u0113.Noskalo ar siltu \u016bdeni<\/p>\n<p><strong>Sast\u0101vs:<\/strong> Water (Aqua), Sodium C14-16 Olefin Sulfonate, Glycerin, Sodium Methyl Cocoyl Taurate, Lauryl Betaine, Betaine, Hydroxyacetophenone, Caprylyl Glycol, Sodium Chloride, Ethylhexylglycerin, 1,2-Hexanediol, Sodium Phytate, Gossypium Herbaceum (Cotton) Fruit Extract, Morus Alba Leaf Extract, Citric Acid, Morus Alba Flower Extract, Butylene Glycol, Sodium Hyaluronate, Illite, Hyaluronic Acid, Hydrolyzed Hyaluronic Acid, Hydrolyzed Sodium Hyaluronate, Sodium Hyaluronate Crosspolymer, Kaolin, Tranexamic Acid, Dipeptide-23, Montmorillonite.<\/p>\n<p><strong>Kontaktinform\u0101cija:<\/strong><\/p>\n<p>EU atbild\u012bg\u0101 persona:<\/p>\n<p>YJN PL 8P 2 0.0.1. S22psla 86, 55080 Katy wrodawskle, dolnosla skie, Polska. Jameskim@yjn.or.kr<\/p>\n<p><strong>BR\u012aDIN\u0100JUMI!<\/strong><\/p>\n<p>Produkts paredzets tikal \u0101r\u0113jai lieto\u0161anai. Uzglab\u00e4t saus\u0101, tum\u0161\u0101 viet\u0101. Nelietot uz boj\u0101tas adas Izvairietles no saskares ar ac\u012bmJa paradas jebkadas kairin\u0101juma pazimes, partrauciet produkta lietosanu. Uzglabat bemiem nepleejama vieta.<\/p>\n<p>&nbsp;<\/p>\n","protected":false},"excerpt":{"rendered":"<p>Menokin 30 Seconds Bubble Cleanser Pore Clear ir inovat\u012bvs sejas mazg\u0101\u0161anas l\u012bdzeklis ar mikroburbu\u013cu efektu, kas att\u012bra \u0101du un poras tikai 30 sekund\u0113s<\/p>\n","protected":false},"featured_media":27432,"comment_status":"open","ping_status":"closed","template":"","meta":{"site-sidebar-layout":"default","site-content-layout":"","ast-site-content-layout":"default","site-content-style":"default","site-sidebar-style":"default","ast-global-header-display":"","ast-banner-title-visibility":"","ast-main-header-display":"","ast-hfb-above-header-display":"","ast-hfb-below-header-display":"","ast-hfb-mobile-header-display":"","site-post-title":"","ast-breadcrumbs-content":"","ast-featured-img":"","footer-sml-layout":"","theme-transparent-header-meta":"default","adv-header-id-meta":"","stick-header-meta":"","header-above-stick-meta":"","header-main-stick-meta":"","header-below-stick-meta":"","astra-migrate-meta-layouts":"set","ast-page-background-enabled":"default","ast-page-background-meta":{"desktop":{"background-color":"var(--ast-global-color-4)","background-image":"","background-repeat":"repeat","background-position":"center center","background-size":"auto","background-attachment":"scroll","background-type":"","background-media":"","overlay-type":"","overlay-color":"","overlay-opacity":"","overlay-gradient":""},"tablet":{"background-color":"","background-image":"","background-repeat":"repeat","background-position":"center center","background-size":"auto","background-attachment":"scroll","background-type":"","background-media":"","overlay-type":"","overlay-color":"","overlay-opacity":"","overlay-gradient":""},"mobile":{"background-color":"","background-image":"","background-repeat":"repeat","background-position":"center center","background-size":"auto","background-attachment":"scroll","background-type":"","background-media":"","overlay-type":"","overlay-color":"","overlay-opacity":"","overlay-gradient":""}},"ast-content-background-meta":{"desktop":{"background-color":"var(--ast-global-color-5)","background-image":"","background-repeat":"repeat","background-position":"center center","background-size":"auto","background-attachment":"scroll","background-type":"","background-media":"","overlay-type":"","overlay-color":"","overlay-opacity":"","overlay-gradient":""},"tablet":{"background-color":"var(--ast-global-color-5)","background-image":"","background-repeat":"repeat","background-position":"center center","background-size":"auto","background-attachment":"scroll","background-type":"","background-media":"","overlay-type":"","overlay-color":"","overlay-opacity":"","overlay-gradient":""},"mobile":{"background-color":"var(--ast-global-color-5)","background-image":"","background-repeat":"repeat","background-position":"center center","background-size":"auto","background-attachment":"scroll","background-type":"","background-media":"","overlay-type":"","overlay-color":"","overlay-opacity":"","overlay-gradient":""}}},"product_brand":[],"product_cat":[310,311,312,313],"product_tag":[],"berocket_brand":[684],"class_list":{"0":"post-27431","1":"product","2":"type-product","3":"status-publish","4":"has-post-thumbnail","6":"product_cat-attirisana","7":"product_cat-jutigai-adai-attirisana","8":"product_cat-kombinetai-adai-attirisana","9":"product_cat-problematiskai-adai-attirisana","10":"berocket_brand-menokin","11":"desktop-align-left","12":"tablet-align-left","13":"mobile-align-left","15":"first","16":"instock","17":"taxable","18":"shipping-taxable","19":"purchasable","20":"product-type-simple","21":"add-to-wishlist-before_image"},"yoast_head":"<!-- This site is optimized with the Yoast SEO plugin v27.3 - https:\/\/yoast.com\/product\/yoast-seo-wordpress\/ -->\n<title>Menokin 30 Seconds Bubble Cleanser Pore Clear putas ikdienas sejas att\u012br\u012b\u0161anai 150ml - FACECORNER<\/title>\n<meta name=\"description\" content=\"Menokin 30 Seconds Bubble Cleanser Pore Clear ir inovat\u012bvs sejas mazg\u0101\u0161anas l\u012bdzeklis ar mikroburbu\u013cu efektu, kas att\u012bra \u0101du un poras tikai 30 sekund\u0113s\" \/>\n<meta name=\"robots\" content=\"index, follow, max-snippet:-1, max-image-preview:large, max-video-preview:-1\" \/>\n<link rel=\"canonical\" href=\"https:\/\/www.facecorner.lv\/lv\/shop\/menokin-30-seconds-bubble-cleanser-pore-clear-putas-ikdienas-sejas-attirisanai-150ml\/\" \/>\n<meta property=\"og:locale\" content=\"lv_LV\" \/>\n<meta property=\"og:type\" content=\"article\" \/>\n<meta property=\"og:title\" content=\"Menokin 30 Seconds Bubble Cleanser Pore Clear putas ikdienas sejas att\u012br\u012b\u0161anai 150ml - FACECORNER\" \/>\n<meta property=\"og:description\" content=\"Menokin 30 Seconds Bubble Cleanser Pore Clear ir inovat\u012bvs sejas mazg\u0101\u0161anas l\u012bdzeklis ar mikroburbu\u013cu efektu, kas att\u012bra \u0101du un poras tikai 30 sekund\u0113s\" \/>\n<meta property=\"og:url\" content=\"https:\/\/www.facecorner.lv\/lv\/shop\/menokin-30-seconds-bubble-cleanser-pore-clear-putas-ikdienas-sejas-attirisanai-150ml\/\" \/>\n<meta property=\"og:site_name\" content=\"FACECORNER\" \/>\n<meta property=\"article:publisher\" content=\"https:\/\/www.facebook.com\/profile.php?id=100063824551839\" \/>\n<meta property=\"article:modified_time\" content=\"2026-04-09T10:03:58+00:00\" \/>\n<meta property=\"og:image\" content=\"https:\/\/www.facecorner.lv\/wp-content\/uploads\/2026\/04\/77005907.webp\" \/>\n\t<meta property=\"og:image:width\" content=\"1600\" \/>\n\t<meta property=\"og:image:height\" content=\"1600\" \/>\n\t<meta property=\"og:image:type\" content=\"image\/webp\" \/>\n<meta name=\"twitter:card\" content=\"summary_large_image\" \/>\n<meta name=\"twitter:label1\" content=\"Price\" \/>\n\t<meta name=\"twitter:data1\" content=\"&euro;20.95\" \/>\n\t<meta name=\"twitter:label2\" content=\"Availability\" \/>\n\t<meta name=\"twitter:data2\" content=\"In stock\" \/>\n<script type=\"application\/ld+json\" class=\"yoast-schema-graph\">{\"@context\":\"https:\\\/\\\/schema.org\",\"@graph\":[{\"@type\":\"WebPage\",\"@id\":\"https:\\\/\\\/www.facecorner.lv\\\/shop\\\/menokin-30-seconds-bubble-cleanser-pore-clear-putas-ikdienas-sejas-attirisanai-150ml\\\/\",\"url\":\"https:\\\/\\\/www.facecorner.lv\\\/shop\\\/menokin-30-seconds-bubble-cleanser-pore-clear-putas-ikdienas-sejas-attirisanai-150ml\\\/\",\"name\":\"Menokin 30 Seconds Bubble Cleanser Pore Clear putas ikdienas sejas att\u012br\u012b\u0161anai 150ml - FACECORNER\",\"isPartOf\":{\"@id\":\"https:\\\/\\\/www.facecorner.lv\\\/#website\"},\"primaryImageOfPage\":{\"@id\":\"https:\\\/\\\/www.facecorner.lv\\\/shop\\\/menokin-30-seconds-bubble-cleanser-pore-clear-putas-ikdienas-sejas-attirisanai-150ml\\\/#primaryimage\"},\"image\":{\"@id\":\"https:\\\/\\\/www.facecorner.lv\\\/shop\\\/menokin-30-seconds-bubble-cleanser-pore-clear-putas-ikdienas-sejas-attirisanai-150ml\\\/#primaryimage\"},\"thumbnailUrl\":\"https:\\\/\\\/www.facecorner.lv\\\/wp-content\\\/uploads\\\/2026\\\/04\\\/77005907.webp\",\"datePublished\":\"2026-04-09T10:03:57+00:00\",\"dateModified\":\"2026-04-09T10:03:58+00:00\",\"description\":\"Menokin 30 Seconds Bubble Cleanser Pore Clear ir inovat\u012bvs sejas mazg\u0101\u0161anas l\u012bdzeklis ar mikroburbu\u013cu efektu, kas att\u012bra \u0101du un poras tikai 30 sekund\u0113s\",\"breadcrumb\":{\"@id\":\"https:\\\/\\\/www.facecorner.lv\\\/shop\\\/menokin-30-seconds-bubble-cleanser-pore-clear-putas-ikdienas-sejas-attirisanai-150ml\\\/#breadcrumb\"},\"inLanguage\":\"lv-LV\",\"potentialAction\":[{\"@type\":\"ReadAction\",\"target\":[\"https:\\\/\\\/www.facecorner.lv\\\/shop\\\/menokin-30-seconds-bubble-cleanser-pore-clear-putas-ikdienas-sejas-attirisanai-150ml\\\/\"]}]},{\"@type\":\"ImageObject\",\"inLanguage\":\"lv-LV\",\"@id\":\"https:\\\/\\\/www.facecorner.lv\\\/shop\\\/menokin-30-seconds-bubble-cleanser-pore-clear-putas-ikdienas-sejas-attirisanai-150ml\\\/#primaryimage\",\"url\":\"https:\\\/\\\/www.facecorner.lv\\\/wp-content\\\/uploads\\\/2026\\\/04\\\/77005907.webp\",\"contentUrl\":\"https:\\\/\\\/www.facecorner.lv\\\/wp-content\\\/uploads\\\/2026\\\/04\\\/77005907.webp\",\"width\":1600,\"height\":1600,\"caption\":\"Menokin 30 Seconds Bubble Cleanser Pore Clear\"},{\"@type\":\"BreadcrumbList\",\"@id\":\"https:\\\/\\\/www.facecorner.lv\\\/shop\\\/menokin-30-seconds-bubble-cleanser-pore-clear-putas-ikdienas-sejas-attirisanai-150ml\\\/#breadcrumb\",\"itemListElement\":[{\"@type\":\"ListItem\",\"position\":1,\"name\":\"Home\",\"item\":\"https:\\\/\\\/www.facecorner.lv\\\/\"},{\"@type\":\"ListItem\",\"position\":2,\"name\":\"Veikals\",\"item\":\"https:\\\/\\\/www.facecorner.lv\\\/shop\\\/\"},{\"@type\":\"ListItem\",\"position\":3,\"name\":\"Menokin 30 Seconds Bubble Cleanser Pore Clear putas ikdienas sejas att\u012br\u012b\u0161anai 150ml\"}]},{\"@type\":\"WebSite\",\"@id\":\"https:\\\/\\\/www.facecorner.lv\\\/#website\",\"url\":\"https:\\\/\\\/www.facecorner.lv\\\/\",\"name\":\"Facecorner\",\"description\":\"\",\"publisher\":{\"@id\":\"https:\\\/\\\/www.facecorner.lv\\\/#organization\"},\"potentialAction\":[{\"@type\":\"SearchAction\",\"target\":{\"@type\":\"EntryPoint\",\"urlTemplate\":\"https:\\\/\\\/www.facecorner.lv\\\/?s={search_term_string}\"},\"query-input\":{\"@type\":\"PropertyValueSpecification\",\"valueRequired\":true,\"valueName\":\"search_term_string\"}}],\"inLanguage\":\"lv-LV\"},{\"@type\":\"Organization\",\"@id\":\"https:\\\/\\\/www.facecorner.lv\\\/#organization\",\"name\":\"Facecorner\",\"url\":\"https:\\\/\\\/www.facecorner.lv\\\/\",\"logo\":{\"@type\":\"ImageObject\",\"inLanguage\":\"lv-LV\",\"@id\":\"https:\\\/\\\/www.facecorner.lv\\\/#\\\/schema\\\/logo\\\/image\\\/\",\"url\":\"https:\\\/\\\/www.facecorner.lv\\\/wp-content\\\/uploads\\\/2024\\\/04\\\/fc-logo.jpg\",\"contentUrl\":\"https:\\\/\\\/www.facecorner.lv\\\/wp-content\\\/uploads\\\/2024\\\/04\\\/fc-logo.jpg\",\"width\":174,\"height\":28,\"caption\":\"Facecorner\"},\"image\":{\"@id\":\"https:\\\/\\\/www.facecorner.lv\\\/#\\\/schema\\\/logo\\\/image\\\/\"},\"sameAs\":[\"https:\\\/\\\/www.facebook.com\\\/profile.php?id=100063824551839\",\"https:\\\/\\\/www.instagram.com\\\/facecorner_shop\\\/\"]}]}<\/script>\n<meta property=\"product:price:amount\" content=\"20.95\" \/>\n<meta property=\"product:price:currency\" content=\"EUR\" \/>\n<meta property=\"og:availability\" content=\"instock\" \/>\n<meta property=\"product:availability\" content=\"instock\" \/>\n<meta property=\"product:condition\" content=\"new\" \/>\n<!-- \/ Yoast SEO plugin. -->","yoast_head_json":{"title":"Menokin 30 Seconds Bubble Cleanser Pore Clear putas ikdienas sejas att\u012br\u012b\u0161anai 150ml - FACECORNER","description":"Menokin 30 Seconds Bubble Cleanser Pore Clear ir inovat\u012bvs sejas mazg\u0101\u0161anas l\u012bdzeklis ar mikroburbu\u013cu efektu, kas att\u012bra \u0101du un poras tikai 30 sekund\u0113s","robots":{"index":"index","follow":"follow","max-snippet":"max-snippet:-1","max-image-preview":"max-image-preview:large","max-video-preview":"max-video-preview:-1"},"canonical":"https:\/\/www.facecorner.lv\/lv\/shop\/menokin-30-seconds-bubble-cleanser-pore-clear-putas-ikdienas-sejas-attirisanai-150ml\/","og_locale":"lv_LV","og_type":"article","og_title":"Menokin 30 Seconds Bubble Cleanser Pore Clear putas ikdienas sejas att\u012br\u012b\u0161anai 150ml - FACECORNER","og_description":"Menokin 30 Seconds Bubble Cleanser Pore Clear ir inovat\u012bvs sejas mazg\u0101\u0161anas l\u012bdzeklis ar mikroburbu\u013cu efektu, kas att\u012bra \u0101du un poras tikai 30 sekund\u0113s","og_url":"https:\/\/www.facecorner.lv\/lv\/shop\/menokin-30-seconds-bubble-cleanser-pore-clear-putas-ikdienas-sejas-attirisanai-150ml\/","og_site_name":"FACECORNER","article_publisher":"https:\/\/www.facebook.com\/profile.php?id=100063824551839","article_modified_time":"2026-04-09T10:03:58+00:00","og_image":[{"width":1600,"height":1600,"url":"https:\/\/www.facecorner.lv\/wp-content\/uploads\/2026\/04\/77005907.webp","type":"image\/webp"}],"twitter_card":"summary_large_image","twitter_misc":{"Price":"&euro;20.95","Availability":"In stock"},"schema":{"@context":"https:\/\/schema.org","@graph":[{"@type":"WebPage","@id":"https:\/\/www.facecorner.lv\/shop\/menokin-30-seconds-bubble-cleanser-pore-clear-putas-ikdienas-sejas-attirisanai-150ml\/","url":"https:\/\/www.facecorner.lv\/shop\/menokin-30-seconds-bubble-cleanser-pore-clear-putas-ikdienas-sejas-attirisanai-150ml\/","name":"Menokin 30 Seconds Bubble Cleanser Pore Clear putas ikdienas sejas att\u012br\u012b\u0161anai 150ml - FACECORNER","isPartOf":{"@id":"https:\/\/www.facecorner.lv\/#website"},"primaryImageOfPage":{"@id":"https:\/\/www.facecorner.lv\/shop\/menokin-30-seconds-bubble-cleanser-pore-clear-putas-ikdienas-sejas-attirisanai-150ml\/#primaryimage"},"image":{"@id":"https:\/\/www.facecorner.lv\/shop\/menokin-30-seconds-bubble-cleanser-pore-clear-putas-ikdienas-sejas-attirisanai-150ml\/#primaryimage"},"thumbnailUrl":"https:\/\/www.facecorner.lv\/wp-content\/uploads\/2026\/04\/77005907.webp","datePublished":"2026-04-09T10:03:57+00:00","dateModified":"2026-04-09T10:03:58+00:00","description":"Menokin 30 Seconds Bubble Cleanser Pore Clear ir inovat\u012bvs sejas mazg\u0101\u0161anas l\u012bdzeklis ar mikroburbu\u013cu efektu, kas att\u012bra \u0101du un poras tikai 30 sekund\u0113s","breadcrumb":{"@id":"https:\/\/www.facecorner.lv\/shop\/menokin-30-seconds-bubble-cleanser-pore-clear-putas-ikdienas-sejas-attirisanai-150ml\/#breadcrumb"},"inLanguage":"lv-LV","potentialAction":[{"@type":"ReadAction","target":["https:\/\/www.facecorner.lv\/shop\/menokin-30-seconds-bubble-cleanser-pore-clear-putas-ikdienas-sejas-attirisanai-150ml\/"]}]},{"@type":"ImageObject","inLanguage":"lv-LV","@id":"https:\/\/www.facecorner.lv\/shop\/menokin-30-seconds-bubble-cleanser-pore-clear-putas-ikdienas-sejas-attirisanai-150ml\/#primaryimage","url":"https:\/\/www.facecorner.lv\/wp-content\/uploads\/2026\/04\/77005907.webp","contentUrl":"https:\/\/www.facecorner.lv\/wp-content\/uploads\/2026\/04\/77005907.webp","width":1600,"height":1600,"caption":"Menokin 30 Seconds Bubble Cleanser Pore Clear"},{"@type":"BreadcrumbList","@id":"https:\/\/www.facecorner.lv\/shop\/menokin-30-seconds-bubble-cleanser-pore-clear-putas-ikdienas-sejas-attirisanai-150ml\/#breadcrumb","itemListElement":[{"@type":"ListItem","position":1,"name":"Home","item":"https:\/\/www.facecorner.lv\/"},{"@type":"ListItem","position":2,"name":"Veikals","item":"https:\/\/www.facecorner.lv\/shop\/"},{"@type":"ListItem","position":3,"name":"Menokin 30 Seconds Bubble Cleanser Pore Clear putas ikdienas sejas att\u012br\u012b\u0161anai 150ml"}]},{"@type":"WebSite","@id":"https:\/\/www.facecorner.lv\/#website","url":"https:\/\/www.facecorner.lv\/","name":"Facecorner","description":"","publisher":{"@id":"https:\/\/www.facecorner.lv\/#organization"},"potentialAction":[{"@type":"SearchAction","target":{"@type":"EntryPoint","urlTemplate":"https:\/\/www.facecorner.lv\/?s={search_term_string}"},"query-input":{"@type":"PropertyValueSpecification","valueRequired":true,"valueName":"search_term_string"}}],"inLanguage":"lv-LV"},{"@type":"Organization","@id":"https:\/\/www.facecorner.lv\/#organization","name":"Facecorner","url":"https:\/\/www.facecorner.lv\/","logo":{"@type":"ImageObject","inLanguage":"lv-LV","@id":"https:\/\/www.facecorner.lv\/#\/schema\/logo\/image\/","url":"https:\/\/www.facecorner.lv\/wp-content\/uploads\/2024\/04\/fc-logo.jpg","contentUrl":"https:\/\/www.facecorner.lv\/wp-content\/uploads\/2024\/04\/fc-logo.jpg","width":174,"height":28,"caption":"Facecorner"},"image":{"@id":"https:\/\/www.facecorner.lv\/#\/schema\/logo\/image\/"},"sameAs":["https:\/\/www.facebook.com\/profile.php?id=100063824551839","https:\/\/www.instagram.com\/facecorner_shop\/"]}]},"product_price_amount":"20.95","product_price_currency":"EUR","og_availability":"instock","product_availability":"instock","product_condition":"new"},"_links":{"self":[{"href":"https:\/\/www.facecorner.lv\/lv\/wp-json\/wp\/v2\/product\/27431","targetHints":{"allow":["GET"]}}],"collection":[{"href":"https:\/\/www.facecorner.lv\/lv\/wp-json\/wp\/v2\/product"}],"about":[{"href":"https:\/\/www.facecorner.lv\/lv\/wp-json\/wp\/v2\/types\/product"}],"replies":[{"embeddable":true,"href":"https:\/\/www.facecorner.lv\/lv\/wp-json\/wp\/v2\/comments?post=27431"}],"wp:featuredmedia":[{"embeddable":true,"href":"https:\/\/www.facecorner.lv\/lv\/wp-json\/wp\/v2\/media\/27432"}],"wp:attachment":[{"href":"https:\/\/www.facecorner.lv\/lv\/wp-json\/wp\/v2\/media?parent=27431"}],"wp:term":[{"taxonomy":"product_brand","embeddable":true,"href":"https:\/\/www.facecorner.lv\/lv\/wp-json\/wp\/v2\/product_brand?post=27431"},{"taxonomy":"product_cat","embeddable":true,"href":"https:\/\/www.facecorner.lv\/lv\/wp-json\/wp\/v2\/product_cat?post=27431"},{"taxonomy":"product_tag","embeddable":true,"href":"https:\/\/www.facecorner.lv\/lv\/wp-json\/wp\/v2\/product_tag?post=27431"},{"taxonomy":"berocket_brand","embeddable":true,"href":"https:\/\/www.facecorner.lv\/lv\/wp-json\/wp\/v2\/berocket_brand?post=27431"}],"curies":[{"name":"wp","href":"https:\/\/api.w.org\/{rel}","templated":true}]}}