{"id":27415,"date":"2026-04-07T16:11:12","date_gmt":"2026-04-07T13:11:12","guid":{"rendered":"https:\/\/www.facecorner.lv\/?post_type=product&#038;p=27415"},"modified":"2026-04-07T16:13:20","modified_gmt":"2026-04-07T13:13:20","slug":"centellian24-madeca-matcha-toning-peeling-gel-tonizejoss-pilinga-gels-adas-dzilai-attirisanai-150ml","status":"publish","type":"product","link":"https:\/\/www.facecorner.lv\/lv\/shop\/centellian24-madeca-matcha-toning-peeling-gel-tonizejoss-pilinga-gels-adas-dzilai-attirisanai-150ml\/","title":{"rendered":"Centellian24 Madeca Matcha Toning Peeling Gel toniz\u0113jo\u0161s p\u012blinga g\u0113ls \u0101das dzi\u013cai att\u012br\u012b\u0161anai 150ml"},"content":{"rendered":"<p>Centellian24 Madeca Matcha Toning Peeling Gel ir maigs p\u012blinga g\u0113ls, kas apvieno meh\u0101nisku un \u0137\u012bmisku eksfoli\u0101ciju, lai no\u0146emtu atmiru\u0161\u0101s \u0161\u016bnas, lieko sebumu un net\u012brumus.<\/p>\n<p>Pateicoties unik\u0101lajai formulai ar matcha-TECA\u2122, l\u012bdzeklis ne tikai att\u012bra, bet ar\u012b nomierina \u0101du, padarot to gludu, mirdzo\u0161u un vienm\u0113r\u012bgu p\u0113c katras lieto\u0161anas reizes.<\/p>\n<h6>Galven\u0101s priek\u0161roc\u012bbas:<\/h6>\n<ul>\n<li>Efekt\u012bva, bet maiga eksfoliacija \u2014 no\u0146em atmiru\u0161\u0101s \u0161\u016bnas un uzlabo \u0101das tekst\u016bru<\/li>\n<li>Matcha-TECA\u2122 komplekss \u2014 apvieno matcha un centellu, nodro\u0161inot nomierino\u0161u un stiprino\u0161u efektu<\/li>\n<li>AHA\/BHA kombin\u0113t\u0101 iedarb\u012bba \u2014 maigi sk\u0101bju eksfolianti pal\u012bdz izl\u012bdzin\u0101t \u0101das toni un att\u012br\u012bt poras<\/li>\n<li>No\u0146em net\u012brumus un sebumu \u2014 pateicoties maig\u0101m abraz\u012bv\u0101m da\u013ci\u0146\u0101m (ogles, kukur\u016bzas ciete)<\/li>\n<li>Piem\u0113rots regul\u0101rai kop\u0161anai \u2014 pal\u012bdz \u0101dai izskat\u012bties svaigai un atjaunotai<\/li>\n<\/ul>\n<p><strong>Sast\u0101vs un akt\u012bv\u0101s sast\u0101vda\u013cas:<\/strong><\/p>\n<ul>\n<li>Matcha (Camellia Sinensis Leaf Water) \u2014 sp\u0113c\u012bgs antioksidants un nomierino\u0161a sast\u0101vda\u013ca<\/li>\n<li>Centella Asiatica (Centella Asiatica Extract) un t\u0101s atvasin\u0101jumi \u2014 nostiprina \u0101das barjeru un mazina kairin\u0101jumu<\/li>\n<li>AHA\/BHA sk\u0101bes (glikolsk\u0101be, piensk\u0101be, salicilsk\u0101be) \u2014 maigi iz\u0161\u0137\u012bdina \u201el\u012bmi\u201d starp atmiru\u0161aj\u0101m \u0161\u016bn\u0101m<\/li>\n<li>Glukonolaktona \u2014 PHA eksfoliants maigai atjauno\u0161anai<\/li>\n<li>Antioksidanti (v\u012bnogu ekstrakti, epigallokateh\u012bns) \u2014 aizsarg\u0101 \u0101du no br\u012bvajiem radik\u0101\u013ciem<\/li>\n<\/ul>\n<p>Vieglais g\u0113ls, non\u0101kot saskar\u0113 ar \u0101du, veido maigas skrub\u0113jo\u0161as p\u0101rslas, kas, viegli mas\u0113jot, pal\u012bdz no\u0146emt atmiru\u0161\u0101s \u0161\u016bnas un net\u012brumus, nekairinot \u0101du.<\/p>\n<p><strong>Lieto\u0161ana:<\/strong><\/p>\n<ol>\n<li>Uzkl\u0101jiet nelielu daudzumu p\u012blinga gela uz sausas, att\u012br\u012btas sejas \u0101das.<\/li>\n<li>Viegli mas\u0113jiet \u0101du ar ap\u013cveida kust\u012bb\u0101m 1\u20132 min\u016btes.<\/li>\n<li>Mas\u0101\u017eas laik\u0101 l\u012bdzeklis s\u0101ks sarull\u0113ties, no\u0146emot atmiru\u0161\u0101s \u0161\u016bnas un net\u012brumus.<\/li>\n<li>R\u016bp\u012bgi noskalojiet atlikumus ar siltu \u016bdeni.<\/li>\n<\/ol>\n<p><strong>Sast\u0101vs:<\/strong> WATER, DIPROPYLENE GLYCOL, CELLULOSE, ISOSTEARAMIDOPROPYL ETHYLDIMONIUM ETHOSULFATE, PROPYLENE GLYCOL, GLYCERIN, 1,2-HEXANEDIOL, ACRYLATES\/C10-30 ALKYL ACRYLATE CROSSPOLYMER, CARBOMER, C12-14 ALKETH-12, CAPRYLYL GLYCOL, MELIA AZADIRACHTA LEAF EXTRACT, TITANIUM DIOXIDE(CI 77891), ALLANTOIN, MALT EXTRACT, CHARCOAL POWDER, ETHOXYDIGLYCOL, MELIA AZADIRACHTA FLOWER EXTRACT, SILICA DIMETHYL SILYLATE, BUTYLENE GLYCOL, DISODIUM EDTA, ETHYLCELLULOSE, POLYGLYCERYL-10 LAURATE, LAURIC ACID, PORTULACA OLERACEA EXTRACT, ZEA MAYS (CORN) STARCH, MANNITOL, POLYGLYCERYL-10 STEARATE, VITIS VINIFERA (GRAPE) SEED EXTRACT, SAURURUS CHINENSIS EXTRACT, RICE FERMENT FILTRATE (SAKE), HYDROXYACETOPHENONE, CAPRYLOYL SALICYLIC ACID, CAMELLIA SINENSIS LEAF WATER(9,189 ppm), EPIGALLOCATECHIN GALLATE, GLUCONOLACTONE, TARTARIC ACID, KOJIC ACID, LACTIC ACID, GLYCOLIC ACID, ETHYLHEXYLGLYCERIN, HYDROGENATED LECITHIN, CENTELLA ASIATICA EXTRACT, CERAMIDE NP, ASIATICOSIDE, MADECASSIC ACID(4 ppm), ASIATIC ACID, HAMAMELIS VIRGINIANA (WITCH HAZEL) EXTRACT, SODIUM HYALURONATE, DIOSPYROS KAKI LEAF EXTRACT, VITIS VINIFERA (GRAPE) FRUIT EXTRACT, CARTHAMUS TINCTORIUS (SAFFLOWER) FLOWER EXTRACT, COFFEA ARABICA (COFFEE) SEED EXTRACT, POLYGONUM CUSPIDATUM ROOT EXTRACT, CAMELLIA SINENSIS LEAF EXTRACT(0.6 ppb), CASTANEA CRENATA (CHESTNUT) SHELL EXTRACT, ZANTHOXYLUM PIPERITUM FRUIT EXTRACT, FRAGRANCE<\/p>\n","protected":false},"excerpt":{"rendered":"<p>Centellian24 Madeca Matcha Toning Peeling Gel ir maigs p\u012blinga g\u0113ls, kas apvieno meh\u0101nisku un \u0137\u012bmisku eksfoli\u0101ciju, lai no\u0146emtu atmiru\u0161\u0101s \u0161\u016bnas, lieko sebumu un net\u012brumus.<\/p>\n","protected":false},"featured_media":27419,"comment_status":"open","ping_status":"closed","template":"","meta":{"site-sidebar-layout":"default","site-content-layout":"","ast-site-content-layout":"default","site-content-style":"default","site-sidebar-style":"default","ast-global-header-display":"","ast-banner-title-visibility":"","ast-main-header-display":"","ast-hfb-above-header-display":"","ast-hfb-below-header-display":"","ast-hfb-mobile-header-display":"","site-post-title":"","ast-breadcrumbs-content":"","ast-featured-img":"","footer-sml-layout":"","theme-transparent-header-meta":"default","adv-header-id-meta":"","stick-header-meta":"","header-above-stick-meta":"","header-main-stick-meta":"","header-below-stick-meta":"","astra-migrate-meta-layouts":"set","ast-page-background-enabled":"default","ast-page-background-meta":{"desktop":{"background-color":"var(--ast-global-color-4)","background-image":"","background-repeat":"repeat","background-position":"center center","background-size":"auto","background-attachment":"scroll","background-type":"","background-media":"","overlay-type":"","overlay-color":"","overlay-opacity":"","overlay-gradient":""},"tablet":{"background-color":"","background-image":"","background-repeat":"repeat","background-position":"center center","background-size":"auto","background-attachment":"scroll","background-type":"","background-media":"","overlay-type":"","overlay-color":"","overlay-opacity":"","overlay-gradient":""},"mobile":{"background-color":"","background-image":"","background-repeat":"repeat","background-position":"center center","background-size":"auto","background-attachment":"scroll","background-type":"","background-media":"","overlay-type":"","overlay-color":"","overlay-opacity":"","overlay-gradient":""}},"ast-content-background-meta":{"desktop":{"background-color":"var(--ast-global-color-5)","background-image":"","background-repeat":"repeat","background-position":"center center","background-size":"auto","background-attachment":"scroll","background-type":"","background-media":"","overlay-type":"","overlay-color":"","overlay-opacity":"","overlay-gradient":""},"tablet":{"background-color":"var(--ast-global-color-5)","background-image":"","background-repeat":"repeat","background-position":"center center","background-size":"auto","background-attachment":"scroll","background-type":"","background-media":"","overlay-type":"","overlay-color":"","overlay-opacity":"","overlay-gradient":""},"mobile":{"background-color":"var(--ast-global-color-5)","background-image":"","background-repeat":"repeat","background-position":"center center","background-size":"auto","background-attachment":"scroll","background-type":"","background-media":"","overlay-type":"","overlay-color":"","overlay-opacity":"","overlay-gradient":""}}},"product_brand":[],"product_cat":[310,640],"product_tag":[],"berocket_brand":[682],"class_list":{"0":"post-27415","1":"product","2":"type-product","3":"status-publish","4":"has-post-thumbnail","6":"product_cat-attirisana","7":"product_cat-enzima-puderis","8":"berocket_brand-centellian24","9":"desktop-align-left","10":"tablet-align-left","11":"mobile-align-left","13":"first","14":"instock","15":"taxable","16":"shipping-taxable","17":"purchasable","18":"product-type-simple","19":"add-to-wishlist-before_image"},"yoast_head":"<!-- This site is optimized with the Yoast SEO plugin v27.3 - https:\/\/yoast.com\/product\/yoast-seo-wordpress\/ -->\n<title>Centellian24 Madeca Matcha Toning Peeling Gel toniz\u0113jo\u0161s p\u012blinga g\u0113ls \u0101das dzi\u013cai att\u012br\u012b\u0161anai 150ml - FACECORNER<\/title>\n<meta name=\"description\" content=\"Centellian24 Madeca Matcha Toning Peeling Gel ir maigs p\u012blinga g\u0113ls, kas apvieno meh\u0101nisku un \u0137\u012bmisku eksfoli\u0101ciju, lai no\u0146emtu atmiru\u0161\u0101s \u0161\u016bnas, lieko sebumu un net\u012brumus.\" \/>\n<meta name=\"robots\" content=\"index, follow, max-snippet:-1, max-image-preview:large, max-video-preview:-1\" \/>\n<link rel=\"canonical\" href=\"https:\/\/www.facecorner.lv\/lv\/shop\/centellian24-madeca-matcha-toning-peeling-gel-tonizejoss-pilinga-gels-adas-dzilai-attirisanai-150ml\/\" \/>\n<meta property=\"og:locale\" content=\"lv_LV\" \/>\n<meta property=\"og:type\" content=\"article\" \/>\n<meta property=\"og:title\" content=\"Centellian24 Madeca Matcha Toning Peeling Gel toniz\u0113jo\u0161s p\u012blinga g\u0113ls \u0101das dzi\u013cai att\u012br\u012b\u0161anai 150ml - FACECORNER\" \/>\n<meta property=\"og:description\" content=\"Centellian24 Madeca Matcha Toning Peeling Gel ir maigs p\u012blinga g\u0113ls, kas apvieno meh\u0101nisku un \u0137\u012bmisku eksfoli\u0101ciju, lai no\u0146emtu atmiru\u0161\u0101s \u0161\u016bnas, lieko sebumu un net\u012brumus.\" \/>\n<meta property=\"og:url\" content=\"https:\/\/www.facecorner.lv\/lv\/shop\/centellian24-madeca-matcha-toning-peeling-gel-tonizejoss-pilinga-gels-adas-dzilai-attirisanai-150ml\/\" \/>\n<meta property=\"og:site_name\" content=\"FACECORNER\" \/>\n<meta property=\"article:publisher\" content=\"https:\/\/www.facebook.com\/profile.php?id=100063824551839\" \/>\n<meta property=\"article:modified_time\" content=\"2026-04-07T13:13:20+00:00\" \/>\n<meta property=\"og:image\" content=\"https:\/\/www.facecorner.lv\/wp-content\/uploads\/2026\/04\/dongkook_500011.jpg\" \/>\n\t<meta property=\"og:image:width\" content=\"1000\" \/>\n\t<meta property=\"og:image:height\" content=\"1000\" \/>\n\t<meta property=\"og:image:type\" content=\"image\/jpeg\" \/>\n<meta name=\"twitter:card\" content=\"summary_large_image\" \/>\n<meta name=\"twitter:label1\" content=\"Price\" \/>\n\t<meta name=\"twitter:data1\" content=\"&euro;18.95\" \/>\n\t<meta name=\"twitter:label2\" content=\"Availability\" \/>\n\t<meta name=\"twitter:data2\" content=\"In stock\" \/>\n<script type=\"application\/ld+json\" class=\"yoast-schema-graph\">{\"@context\":\"https:\\\/\\\/schema.org\",\"@graph\":[{\"@type\":\"WebPage\",\"@id\":\"https:\\\/\\\/www.facecorner.lv\\\/shop\\\/centellian24-madeca-matcha-toning-peeling-gel-tonizejoss-pilinga-gels-adas-dzilai-attirisanai-150ml\\\/\",\"url\":\"https:\\\/\\\/www.facecorner.lv\\\/shop\\\/centellian24-madeca-matcha-toning-peeling-gel-tonizejoss-pilinga-gels-adas-dzilai-attirisanai-150ml\\\/\",\"name\":\"Centellian24 Madeca Matcha Toning Peeling Gel toniz\u0113jo\u0161s p\u012blinga g\u0113ls \u0101das dzi\u013cai att\u012br\u012b\u0161anai 150ml - FACECORNER\",\"isPartOf\":{\"@id\":\"https:\\\/\\\/www.facecorner.lv\\\/#website\"},\"primaryImageOfPage\":{\"@id\":\"https:\\\/\\\/www.facecorner.lv\\\/shop\\\/centellian24-madeca-matcha-toning-peeling-gel-tonizejoss-pilinga-gels-adas-dzilai-attirisanai-150ml\\\/#primaryimage\"},\"image\":{\"@id\":\"https:\\\/\\\/www.facecorner.lv\\\/shop\\\/centellian24-madeca-matcha-toning-peeling-gel-tonizejoss-pilinga-gels-adas-dzilai-attirisanai-150ml\\\/#primaryimage\"},\"thumbnailUrl\":\"https:\\\/\\\/www.facecorner.lv\\\/wp-content\\\/uploads\\\/2026\\\/04\\\/dongkook_500011.jpg\",\"datePublished\":\"2026-04-07T13:11:12+00:00\",\"dateModified\":\"2026-04-07T13:13:20+00:00\",\"description\":\"Centellian24 Madeca Matcha Toning Peeling Gel ir maigs p\u012blinga g\u0113ls, kas apvieno meh\u0101nisku un \u0137\u012bmisku eksfoli\u0101ciju, lai no\u0146emtu atmiru\u0161\u0101s \u0161\u016bnas, lieko sebumu un net\u012brumus.\",\"breadcrumb\":{\"@id\":\"https:\\\/\\\/www.facecorner.lv\\\/shop\\\/centellian24-madeca-matcha-toning-peeling-gel-tonizejoss-pilinga-gels-adas-dzilai-attirisanai-150ml\\\/#breadcrumb\"},\"inLanguage\":\"lv-LV\",\"potentialAction\":[{\"@type\":\"ReadAction\",\"target\":[\"https:\\\/\\\/www.facecorner.lv\\\/shop\\\/centellian24-madeca-matcha-toning-peeling-gel-tonizejoss-pilinga-gels-adas-dzilai-attirisanai-150ml\\\/\"]}]},{\"@type\":\"ImageObject\",\"inLanguage\":\"lv-LV\",\"@id\":\"https:\\\/\\\/www.facecorner.lv\\\/shop\\\/centellian24-madeca-matcha-toning-peeling-gel-tonizejoss-pilinga-gels-adas-dzilai-attirisanai-150ml\\\/#primaryimage\",\"url\":\"https:\\\/\\\/www.facecorner.lv\\\/wp-content\\\/uploads\\\/2026\\\/04\\\/dongkook_500011.jpg\",\"contentUrl\":\"https:\\\/\\\/www.facecorner.lv\\\/wp-content\\\/uploads\\\/2026\\\/04\\\/dongkook_500011.jpg\",\"width\":1000,\"height\":1000},{\"@type\":\"BreadcrumbList\",\"@id\":\"https:\\\/\\\/www.facecorner.lv\\\/shop\\\/centellian24-madeca-matcha-toning-peeling-gel-tonizejoss-pilinga-gels-adas-dzilai-attirisanai-150ml\\\/#breadcrumb\",\"itemListElement\":[{\"@type\":\"ListItem\",\"position\":1,\"name\":\"Home\",\"item\":\"https:\\\/\\\/www.facecorner.lv\\\/\"},{\"@type\":\"ListItem\",\"position\":2,\"name\":\"Veikals\",\"item\":\"https:\\\/\\\/www.facecorner.lv\\\/shop\\\/\"},{\"@type\":\"ListItem\",\"position\":3,\"name\":\"Centellian24 Madeca Matcha Toning Peeling Gel toniz\u0113jo\u0161s p\u012blinga g\u0113ls \u0101das dzi\u013cai att\u012br\u012b\u0161anai 150ml\"}]},{\"@type\":\"WebSite\",\"@id\":\"https:\\\/\\\/www.facecorner.lv\\\/#website\",\"url\":\"https:\\\/\\\/www.facecorner.lv\\\/\",\"name\":\"Facecorner\",\"description\":\"\",\"publisher\":{\"@id\":\"https:\\\/\\\/www.facecorner.lv\\\/#organization\"},\"potentialAction\":[{\"@type\":\"SearchAction\",\"target\":{\"@type\":\"EntryPoint\",\"urlTemplate\":\"https:\\\/\\\/www.facecorner.lv\\\/?s={search_term_string}\"},\"query-input\":{\"@type\":\"PropertyValueSpecification\",\"valueRequired\":true,\"valueName\":\"search_term_string\"}}],\"inLanguage\":\"lv-LV\"},{\"@type\":\"Organization\",\"@id\":\"https:\\\/\\\/www.facecorner.lv\\\/#organization\",\"name\":\"Facecorner\",\"url\":\"https:\\\/\\\/www.facecorner.lv\\\/\",\"logo\":{\"@type\":\"ImageObject\",\"inLanguage\":\"lv-LV\",\"@id\":\"https:\\\/\\\/www.facecorner.lv\\\/#\\\/schema\\\/logo\\\/image\\\/\",\"url\":\"https:\\\/\\\/www.facecorner.lv\\\/wp-content\\\/uploads\\\/2024\\\/04\\\/fc-logo.jpg\",\"contentUrl\":\"https:\\\/\\\/www.facecorner.lv\\\/wp-content\\\/uploads\\\/2024\\\/04\\\/fc-logo.jpg\",\"width\":174,\"height\":28,\"caption\":\"Facecorner\"},\"image\":{\"@id\":\"https:\\\/\\\/www.facecorner.lv\\\/#\\\/schema\\\/logo\\\/image\\\/\"},\"sameAs\":[\"https:\\\/\\\/www.facebook.com\\\/profile.php?id=100063824551839\",\"https:\\\/\\\/www.instagram.com\\\/facecorner_shop\\\/\"]}]}<\/script>\n<meta property=\"product:price:amount\" content=\"18.95\" \/>\n<meta property=\"product:price:currency\" content=\"EUR\" \/>\n<meta property=\"og:availability\" content=\"instock\" \/>\n<meta property=\"product:availability\" content=\"instock\" \/>\n<meta property=\"product:condition\" content=\"new\" \/>\n<!-- \/ Yoast SEO plugin. -->","yoast_head_json":{"title":"Centellian24 Madeca Matcha Toning Peeling Gel toniz\u0113jo\u0161s p\u012blinga g\u0113ls \u0101das dzi\u013cai att\u012br\u012b\u0161anai 150ml - FACECORNER","description":"Centellian24 Madeca Matcha Toning Peeling Gel ir maigs p\u012blinga g\u0113ls, kas apvieno meh\u0101nisku un \u0137\u012bmisku eksfoli\u0101ciju, lai no\u0146emtu atmiru\u0161\u0101s \u0161\u016bnas, lieko sebumu un net\u012brumus.","robots":{"index":"index","follow":"follow","max-snippet":"max-snippet:-1","max-image-preview":"max-image-preview:large","max-video-preview":"max-video-preview:-1"},"canonical":"https:\/\/www.facecorner.lv\/lv\/shop\/centellian24-madeca-matcha-toning-peeling-gel-tonizejoss-pilinga-gels-adas-dzilai-attirisanai-150ml\/","og_locale":"lv_LV","og_type":"article","og_title":"Centellian24 Madeca Matcha Toning Peeling Gel toniz\u0113jo\u0161s p\u012blinga g\u0113ls \u0101das dzi\u013cai att\u012br\u012b\u0161anai 150ml - FACECORNER","og_description":"Centellian24 Madeca Matcha Toning Peeling Gel ir maigs p\u012blinga g\u0113ls, kas apvieno meh\u0101nisku un \u0137\u012bmisku eksfoli\u0101ciju, lai no\u0146emtu atmiru\u0161\u0101s \u0161\u016bnas, lieko sebumu un net\u012brumus.","og_url":"https:\/\/www.facecorner.lv\/lv\/shop\/centellian24-madeca-matcha-toning-peeling-gel-tonizejoss-pilinga-gels-adas-dzilai-attirisanai-150ml\/","og_site_name":"FACECORNER","article_publisher":"https:\/\/www.facebook.com\/profile.php?id=100063824551839","article_modified_time":"2026-04-07T13:13:20+00:00","og_image":[{"width":1000,"height":1000,"url":"https:\/\/www.facecorner.lv\/wp-content\/uploads\/2026\/04\/dongkook_500011.jpg","type":"image\/jpeg"}],"twitter_card":"summary_large_image","twitter_misc":{"Price":"&euro;18.95","Availability":"In stock"},"schema":{"@context":"https:\/\/schema.org","@graph":[{"@type":"WebPage","@id":"https:\/\/www.facecorner.lv\/shop\/centellian24-madeca-matcha-toning-peeling-gel-tonizejoss-pilinga-gels-adas-dzilai-attirisanai-150ml\/","url":"https:\/\/www.facecorner.lv\/shop\/centellian24-madeca-matcha-toning-peeling-gel-tonizejoss-pilinga-gels-adas-dzilai-attirisanai-150ml\/","name":"Centellian24 Madeca Matcha Toning Peeling Gel toniz\u0113jo\u0161s p\u012blinga g\u0113ls \u0101das dzi\u013cai att\u012br\u012b\u0161anai 150ml - FACECORNER","isPartOf":{"@id":"https:\/\/www.facecorner.lv\/#website"},"primaryImageOfPage":{"@id":"https:\/\/www.facecorner.lv\/shop\/centellian24-madeca-matcha-toning-peeling-gel-tonizejoss-pilinga-gels-adas-dzilai-attirisanai-150ml\/#primaryimage"},"image":{"@id":"https:\/\/www.facecorner.lv\/shop\/centellian24-madeca-matcha-toning-peeling-gel-tonizejoss-pilinga-gels-adas-dzilai-attirisanai-150ml\/#primaryimage"},"thumbnailUrl":"https:\/\/www.facecorner.lv\/wp-content\/uploads\/2026\/04\/dongkook_500011.jpg","datePublished":"2026-04-07T13:11:12+00:00","dateModified":"2026-04-07T13:13:20+00:00","description":"Centellian24 Madeca Matcha Toning Peeling Gel ir maigs p\u012blinga g\u0113ls, kas apvieno meh\u0101nisku un \u0137\u012bmisku eksfoli\u0101ciju, lai no\u0146emtu atmiru\u0161\u0101s \u0161\u016bnas, lieko sebumu un net\u012brumus.","breadcrumb":{"@id":"https:\/\/www.facecorner.lv\/shop\/centellian24-madeca-matcha-toning-peeling-gel-tonizejoss-pilinga-gels-adas-dzilai-attirisanai-150ml\/#breadcrumb"},"inLanguage":"lv-LV","potentialAction":[{"@type":"ReadAction","target":["https:\/\/www.facecorner.lv\/shop\/centellian24-madeca-matcha-toning-peeling-gel-tonizejoss-pilinga-gels-adas-dzilai-attirisanai-150ml\/"]}]},{"@type":"ImageObject","inLanguage":"lv-LV","@id":"https:\/\/www.facecorner.lv\/shop\/centellian24-madeca-matcha-toning-peeling-gel-tonizejoss-pilinga-gels-adas-dzilai-attirisanai-150ml\/#primaryimage","url":"https:\/\/www.facecorner.lv\/wp-content\/uploads\/2026\/04\/dongkook_500011.jpg","contentUrl":"https:\/\/www.facecorner.lv\/wp-content\/uploads\/2026\/04\/dongkook_500011.jpg","width":1000,"height":1000},{"@type":"BreadcrumbList","@id":"https:\/\/www.facecorner.lv\/shop\/centellian24-madeca-matcha-toning-peeling-gel-tonizejoss-pilinga-gels-adas-dzilai-attirisanai-150ml\/#breadcrumb","itemListElement":[{"@type":"ListItem","position":1,"name":"Home","item":"https:\/\/www.facecorner.lv\/"},{"@type":"ListItem","position":2,"name":"Veikals","item":"https:\/\/www.facecorner.lv\/shop\/"},{"@type":"ListItem","position":3,"name":"Centellian24 Madeca Matcha Toning Peeling Gel toniz\u0113jo\u0161s p\u012blinga g\u0113ls \u0101das dzi\u013cai att\u012br\u012b\u0161anai 150ml"}]},{"@type":"WebSite","@id":"https:\/\/www.facecorner.lv\/#website","url":"https:\/\/www.facecorner.lv\/","name":"Facecorner","description":"","publisher":{"@id":"https:\/\/www.facecorner.lv\/#organization"},"potentialAction":[{"@type":"SearchAction","target":{"@type":"EntryPoint","urlTemplate":"https:\/\/www.facecorner.lv\/?s={search_term_string}"},"query-input":{"@type":"PropertyValueSpecification","valueRequired":true,"valueName":"search_term_string"}}],"inLanguage":"lv-LV"},{"@type":"Organization","@id":"https:\/\/www.facecorner.lv\/#organization","name":"Facecorner","url":"https:\/\/www.facecorner.lv\/","logo":{"@type":"ImageObject","inLanguage":"lv-LV","@id":"https:\/\/www.facecorner.lv\/#\/schema\/logo\/image\/","url":"https:\/\/www.facecorner.lv\/wp-content\/uploads\/2024\/04\/fc-logo.jpg","contentUrl":"https:\/\/www.facecorner.lv\/wp-content\/uploads\/2024\/04\/fc-logo.jpg","width":174,"height":28,"caption":"Facecorner"},"image":{"@id":"https:\/\/www.facecorner.lv\/#\/schema\/logo\/image\/"},"sameAs":["https:\/\/www.facebook.com\/profile.php?id=100063824551839","https:\/\/www.instagram.com\/facecorner_shop\/"]}]},"product_price_amount":"18.95","product_price_currency":"EUR","og_availability":"instock","product_availability":"instock","product_condition":"new"},"_links":{"self":[{"href":"https:\/\/www.facecorner.lv\/lv\/wp-json\/wp\/v2\/product\/27415","targetHints":{"allow":["GET"]}}],"collection":[{"href":"https:\/\/www.facecorner.lv\/lv\/wp-json\/wp\/v2\/product"}],"about":[{"href":"https:\/\/www.facecorner.lv\/lv\/wp-json\/wp\/v2\/types\/product"}],"replies":[{"embeddable":true,"href":"https:\/\/www.facecorner.lv\/lv\/wp-json\/wp\/v2\/comments?post=27415"}],"wp:featuredmedia":[{"embeddable":true,"href":"https:\/\/www.facecorner.lv\/lv\/wp-json\/wp\/v2\/media\/27419"}],"wp:attachment":[{"href":"https:\/\/www.facecorner.lv\/lv\/wp-json\/wp\/v2\/media?parent=27415"}],"wp:term":[{"taxonomy":"product_brand","embeddable":true,"href":"https:\/\/www.facecorner.lv\/lv\/wp-json\/wp\/v2\/product_brand?post=27415"},{"taxonomy":"product_cat","embeddable":true,"href":"https:\/\/www.facecorner.lv\/lv\/wp-json\/wp\/v2\/product_cat?post=27415"},{"taxonomy":"product_tag","embeddable":true,"href":"https:\/\/www.facecorner.lv\/lv\/wp-json\/wp\/v2\/product_tag?post=27415"},{"taxonomy":"berocket_brand","embeddable":true,"href":"https:\/\/www.facecorner.lv\/lv\/wp-json\/wp\/v2\/berocket_brand?post=27415"}],"curies":[{"name":"wp","href":"https:\/\/api.w.org\/{rel}","templated":true}]}}