{"id":27408,"date":"2026-04-07T15:38:03","date_gmt":"2026-04-07T12:38:03","guid":{"rendered":"https:\/\/www.facecorner.lv\/?post_type=product&#038;p=27408"},"modified":"2026-04-07T15:38:03","modified_gmt":"2026-04-07T12:38:03","slug":"centellian24-madeca-derma-shield-sunscreen-saules-aizsargkrems-ar-mitrinosu-un-nomierinosu-iedarbibu-50ml","status":"publish","type":"product","link":"https:\/\/www.facecorner.lv\/lv\/shop\/centellian24-madeca-derma-shield-sunscreen-saules-aizsargkrems-ar-mitrinosu-un-nomierinosu-iedarbibu-50ml\/","title":{"rendered":"Centellian24 Madeca Derma Shield Sunscreen saules aizsargkr\u0113ms ar mitrino\u0161u un nomierino\u0161u iedarb\u012bbu 50ml"},"content":{"rendered":"<p>Centellian24 Madeca Derma Shield Sunscreen efekt\u012bvs saules aizsargkr\u0113ms ar mitrino\u0161u un nomierino\u0161u iedarb\u012bbu, kas izstr\u0101d\u0101ts ikdienas \u0101das aizsardz\u012bbai pret ultravioleto staru kait\u012bgo iedarb\u012bbu un fotonoveco\u0161anos.<\/p>\n<h6>Galven\u0101s priek\u0161roc\u012bbas:<\/h6>\n<ul>\n<li>Pla\u0161a spektra aizsardz\u012bba SPF 50+ \/ PA++++ \u2014 uzticami blo\u0137\u0113 UVA un UVB starus.<\/li>\n<li>Mitrin\u0101\u0161ana un \u0101das barjeras stiprin\u0101\u0161ana \u2014 satur \u0100zijas centellu (TECA), keram\u012bdus, hialuronsk\u0101bi un pantenolu intens\u012bvai mitrin\u0101\u0161anai un \u0101das aizsargfunkciju atbalstam.<\/li>\n<li>Nomierino\u0161a iedarb\u012bba \u2014 mazina kairin\u0101jumu, aps\u0101rtumu un jut\u012bgumu.<\/li>\n<li>Viegla tekst\u016bra bez balta sl\u0101\u0146a \u2014 \u0113rti uzkl\u0101jas, neatst\u0101j lip\u012bgumu un baltu pl\u0113vi.<\/li>\n<\/ul>\n<p><strong>Viegla, \u201ekr\u0113ma-esences\u201c tekst\u016bra ir piem\u0113rota ikdienas lieto\u0161anai un labi uzkl\u0101jas zem grima.<\/strong><br \/>\nKr\u0113ms uz \u0101das ne\u0161\u0137iet smags un \u0101tri ies\u016bcas, radot saj\u016btu, ka \u0101da ir mitrin\u0101ta un aizsarg\u0101ta.<\/p>\n<p><strong>Lieto\u0161ana:<\/strong> Uzkl\u0101jiet k\u0101 p\u0113d\u0113jo \u0101das kop\u0161anas posmu no r\u012bta, pirms dodaties \u0101r\u0101 saul\u0113. Vienm\u0113r\u012bgi izl\u012bdziniet pa seju un kaklu, piev\u0113r\u0161ot \u012bpa\u0161u uzman\u012bbu zon\u0101m, kas ir visvair\u0101k pak\u013cautas saules iedarb\u012bbai. Ilgsto\u0161i uzturoties saul\u0113, atk\u0101rtojiet uzkl\u0101\u0161anu ik p\u0113c 2\u20133 stund\u0101m.<\/p>\n<p><strong>Sast\u0101vs:<\/strong> Water, Octocrylene, Homosalate, Isohexadecane, Dipropylene Glycol, Ethylhexyl Salicylate, Silica, Butyl Methoxydibenzoylmethane, Niacinamide, Polysorbate 80, Propanediol, Pentylene Glycol, Arginine, Acrylates\/C10-30 Alkyl Acrylate Crosspolymer, Butylene Glycol, Isopentyldiol, Citrus Aurantium Dulcis (Orange) Peel Oil, Methylpropanediol, Xanthan Gum, Glyceryl Glucoside, Polyglycerin-3, 1,2-Hexanediol, Ethylhexylglycerin, Adenosine, Caprylyl Glycol, Glycerin, Melia Azadirachta Leaf Extract, Melia Azadirachta Flower Extract, Pelargonium Graveolens Flower Oil, Coccinia Indica Fruit Extract, Ilex Paraguariensis Leaf Extract, Daucus Carota Sativa (Carrot) Root Extract, Corchorus Olitorius Leaf Extract, Borago Officinalis Extract, Sodium Hyaluronate Crosspolymer, Asiaticoside, Madecassoside, Madecassic Acid, Steareth-30, Solanum Melongena (Eggplant) Fruit Extract, Aloe Barbadensis Flower Extract, Hydrolyzed Glycosaminoglycans, Asiatic Acid, Sorbitan Stearate, Sodium Hyaluronate, Ocimum Sanctum Leaf Extract, Pseudoalteromonas Ferment Extract, Benzyl Glycol, Curcuma Longa (Turmeric) Root Extract, Corallina Officinalis Extract, Ceramide NP, Hydrolyzed Hyaluronic Acid, Centella Asiatica Extract, Cholesterol, Palmitic Acid, Sodium Guaiazulene Sulfonate, Hyaluronic Acid, Sodium DNA, Geraniol, Linalool, Citronellol, Limonene<\/p>\n","protected":false},"excerpt":{"rendered":"<p>Centellian24 Madeca Derma Shield Sunscreen efekt\u012bvs saules aizsargkr\u0113ms ar mitrino\u0161u un nomierino\u0161u iedarb\u012bbu, kas izstr\u0101d\u0101ts ikdienas \u0101das aizsardz\u012bbai pret ultravioleto staru kait\u012bgo iedarb\u012bbu un fotonoveco\u0161anos.<\/p>\n","protected":false},"featured_media":27409,"comment_status":"open","ping_status":"closed","template":"","meta":{"site-sidebar-layout":"default","site-content-layout":"","ast-site-content-layout":"default","site-content-style":"default","site-sidebar-style":"default","ast-global-header-display":"","ast-banner-title-visibility":"","ast-main-header-display":"","ast-hfb-above-header-display":"","ast-hfb-below-header-display":"","ast-hfb-mobile-header-display":"","site-post-title":"","ast-breadcrumbs-content":"","ast-featured-img":"","footer-sml-layout":"","theme-transparent-header-meta":"default","adv-header-id-meta":"","stick-header-meta":"","header-above-stick-meta":"","header-main-stick-meta":"","header-below-stick-meta":"","astra-migrate-meta-layouts":"set","ast-page-background-enabled":"default","ast-page-background-meta":{"desktop":{"background-color":"var(--ast-global-color-4)","background-image":"","background-repeat":"repeat","background-position":"center center","background-size":"auto","background-attachment":"scroll","background-type":"","background-media":"","overlay-type":"","overlay-color":"","overlay-opacity":"","overlay-gradient":""},"tablet":{"background-color":"","background-image":"","background-repeat":"repeat","background-position":"center center","background-size":"auto","background-attachment":"scroll","background-type":"","background-media":"","overlay-type":"","overlay-color":"","overlay-opacity":"","overlay-gradient":""},"mobile":{"background-color":"","background-image":"","background-repeat":"repeat","background-position":"center center","background-size":"auto","background-attachment":"scroll","background-type":"","background-media":"","overlay-type":"","overlay-color":"","overlay-opacity":"","overlay-gradient":""}},"ast-content-background-meta":{"desktop":{"background-color":"var(--ast-global-color-5)","background-image":"","background-repeat":"repeat","background-position":"center center","background-size":"auto","background-attachment":"scroll","background-type":"","background-media":"","overlay-type":"","overlay-color":"","overlay-opacity":"","overlay-gradient":""},"tablet":{"background-color":"var(--ast-global-color-5)","background-image":"","background-repeat":"repeat","background-position":"center center","background-size":"auto","background-attachment":"scroll","background-type":"","background-media":"","overlay-type":"","overlay-color":"","overlay-opacity":"","overlay-gradient":""},"mobile":{"background-color":"var(--ast-global-color-5)","background-image":"","background-repeat":"repeat","background-position":"center center","background-size":"auto","background-attachment":"scroll","background-type":"","background-media":"","overlay-type":"","overlay-color":"","overlay-opacity":"","overlay-gradient":""}}},"product_brand":[],"product_cat":[512],"product_tag":[],"berocket_brand":[682],"class_list":{"0":"post-27408","1":"product","2":"type-product","3":"status-publish","4":"has-post-thumbnail","6":"product_cat-spf","7":"berocket_brand-centellian24","8":"desktop-align-left","9":"tablet-align-left","10":"mobile-align-left","12":"first","13":"instock","14":"taxable","15":"shipping-taxable","16":"purchasable","17":"product-type-simple","18":"add-to-wishlist-before_image"},"yoast_head":"<!-- This site is optimized with the Yoast SEO plugin v27.3 - https:\/\/yoast.com\/product\/yoast-seo-wordpress\/ -->\n<title>Centellian24 Madeca Derma Shield Sunscreen saules aizsargkr\u0113ms ar mitrino\u0161u un nomierino\u0161u iedarb\u012bbu 50ml - FACECORNER<\/title>\n<meta name=\"description\" content=\"Centellian24 Madeca Derma Shield Sunscreen efekt\u012bvs saules aizsargkr\u0113ms ar mitrino\u0161u un nomierino\u0161u iedarb\u012bbu, kas izstr\u0101d\u0101ts ikdienas \u0101das aizsardz\u012bbai pret ultravioleto staru kait\u012bgo iedarb\u012bbu un fotonoveco\u0161anos.\" \/>\n<meta name=\"robots\" content=\"index, follow, max-snippet:-1, max-image-preview:large, max-video-preview:-1\" \/>\n<link rel=\"canonical\" href=\"https:\/\/www.facecorner.lv\/lv\/shop\/centellian24-madeca-derma-shield-sunscreen-saules-aizsargkrems-ar-mitrinosu-un-nomierinosu-iedarbibu-50ml\/\" \/>\n<meta property=\"og:locale\" content=\"lv_LV\" \/>\n<meta property=\"og:type\" content=\"article\" \/>\n<meta property=\"og:title\" content=\"Centellian24 Madeca Derma Shield Sunscreen saules aizsargkr\u0113ms ar mitrino\u0161u un nomierino\u0161u iedarb\u012bbu 50ml - FACECORNER\" \/>\n<meta property=\"og:description\" content=\"Centellian24 Madeca Derma Shield Sunscreen efekt\u012bvs saules aizsargkr\u0113ms ar mitrino\u0161u un nomierino\u0161u iedarb\u012bbu, kas izstr\u0101d\u0101ts ikdienas \u0101das aizsardz\u012bbai pret ultravioleto staru kait\u012bgo iedarb\u012bbu un fotonoveco\u0161anos.\" \/>\n<meta property=\"og:url\" content=\"https:\/\/www.facecorner.lv\/lv\/shop\/centellian24-madeca-derma-shield-sunscreen-saules-aizsargkrems-ar-mitrinosu-un-nomierinosu-iedarbibu-50ml\/\" \/>\n<meta property=\"og:site_name\" content=\"FACECORNER\" \/>\n<meta property=\"article:publisher\" content=\"https:\/\/www.facebook.com\/profile.php?id=100063824551839\" \/>\n<meta property=\"og:image\" content=\"https:\/\/www.facecorner.lv\/wp-content\/uploads\/2026\/04\/8806109101769_5790.jpg\" \/>\n\t<meta property=\"og:image:width\" content=\"1500\" \/>\n\t<meta property=\"og:image:height\" content=\"1500\" \/>\n\t<meta property=\"og:image:type\" content=\"image\/jpeg\" \/>\n<meta name=\"twitter:card\" content=\"summary_large_image\" \/>\n<meta name=\"twitter:label1\" content=\"Price\" \/>\n\t<meta name=\"twitter:data1\" content=\"&euro;14.95\" \/>\n\t<meta name=\"twitter:label2\" content=\"Availability\" \/>\n\t<meta name=\"twitter:data2\" content=\"In stock\" \/>\n<script type=\"application\/ld+json\" class=\"yoast-schema-graph\">{\"@context\":\"https:\\\/\\\/schema.org\",\"@graph\":[{\"@type\":\"WebPage\",\"@id\":\"https:\\\/\\\/www.facecorner.lv\\\/shop\\\/centellian24-madeca-derma-shield-sunscreen-saules-aizsargkrems-ar-mitrinosu-un-nomierinosu-iedarbibu-50ml\\\/\",\"url\":\"https:\\\/\\\/www.facecorner.lv\\\/shop\\\/centellian24-madeca-derma-shield-sunscreen-saules-aizsargkrems-ar-mitrinosu-un-nomierinosu-iedarbibu-50ml\\\/\",\"name\":\"Centellian24 Madeca Derma Shield Sunscreen saules aizsargkr\u0113ms ar mitrino\u0161u un nomierino\u0161u iedarb\u012bbu 50ml - FACECORNER\",\"isPartOf\":{\"@id\":\"https:\\\/\\\/www.facecorner.lv\\\/#website\"},\"primaryImageOfPage\":{\"@id\":\"https:\\\/\\\/www.facecorner.lv\\\/shop\\\/centellian24-madeca-derma-shield-sunscreen-saules-aizsargkrems-ar-mitrinosu-un-nomierinosu-iedarbibu-50ml\\\/#primaryimage\"},\"image\":{\"@id\":\"https:\\\/\\\/www.facecorner.lv\\\/shop\\\/centellian24-madeca-derma-shield-sunscreen-saules-aizsargkrems-ar-mitrinosu-un-nomierinosu-iedarbibu-50ml\\\/#primaryimage\"},\"thumbnailUrl\":\"https:\\\/\\\/www.facecorner.lv\\\/wp-content\\\/uploads\\\/2026\\\/04\\\/8806109101769_5790.jpg\",\"datePublished\":\"2026-04-07T12:38:03+00:00\",\"description\":\"Centellian24 Madeca Derma Shield Sunscreen efekt\u012bvs saules aizsargkr\u0113ms ar mitrino\u0161u un nomierino\u0161u iedarb\u012bbu, kas izstr\u0101d\u0101ts ikdienas \u0101das aizsardz\u012bbai pret ultravioleto staru kait\u012bgo iedarb\u012bbu un fotonoveco\u0161anos.\",\"breadcrumb\":{\"@id\":\"https:\\\/\\\/www.facecorner.lv\\\/shop\\\/centellian24-madeca-derma-shield-sunscreen-saules-aizsargkrems-ar-mitrinosu-un-nomierinosu-iedarbibu-50ml\\\/#breadcrumb\"},\"inLanguage\":\"lv-LV\",\"potentialAction\":[{\"@type\":\"ReadAction\",\"target\":[\"https:\\\/\\\/www.facecorner.lv\\\/shop\\\/centellian24-madeca-derma-shield-sunscreen-saules-aizsargkrems-ar-mitrinosu-un-nomierinosu-iedarbibu-50ml\\\/\"]}]},{\"@type\":\"ImageObject\",\"inLanguage\":\"lv-LV\",\"@id\":\"https:\\\/\\\/www.facecorner.lv\\\/shop\\\/centellian24-madeca-derma-shield-sunscreen-saules-aizsargkrems-ar-mitrinosu-un-nomierinosu-iedarbibu-50ml\\\/#primaryimage\",\"url\":\"https:\\\/\\\/www.facecorner.lv\\\/wp-content\\\/uploads\\\/2026\\\/04\\\/8806109101769_5790.jpg\",\"contentUrl\":\"https:\\\/\\\/www.facecorner.lv\\\/wp-content\\\/uploads\\\/2026\\\/04\\\/8806109101769_5790.jpg\",\"width\":1500,\"height\":1500,\"caption\":\"Centellian24 Madeca Derma Shield Sunscreen\"},{\"@type\":\"BreadcrumbList\",\"@id\":\"https:\\\/\\\/www.facecorner.lv\\\/shop\\\/centellian24-madeca-derma-shield-sunscreen-saules-aizsargkrems-ar-mitrinosu-un-nomierinosu-iedarbibu-50ml\\\/#breadcrumb\",\"itemListElement\":[{\"@type\":\"ListItem\",\"position\":1,\"name\":\"Home\",\"item\":\"https:\\\/\\\/www.facecorner.lv\\\/\"},{\"@type\":\"ListItem\",\"position\":2,\"name\":\"Veikals\",\"item\":\"https:\\\/\\\/www.facecorner.lv\\\/shop\\\/\"},{\"@type\":\"ListItem\",\"position\":3,\"name\":\"Centellian24 Madeca Derma Shield Sunscreen saules aizsargkr\u0113ms ar mitrino\u0161u un nomierino\u0161u iedarb\u012bbu 50ml\"}]},{\"@type\":\"WebSite\",\"@id\":\"https:\\\/\\\/www.facecorner.lv\\\/#website\",\"url\":\"https:\\\/\\\/www.facecorner.lv\\\/\",\"name\":\"Facecorner\",\"description\":\"\",\"publisher\":{\"@id\":\"https:\\\/\\\/www.facecorner.lv\\\/#organization\"},\"potentialAction\":[{\"@type\":\"SearchAction\",\"target\":{\"@type\":\"EntryPoint\",\"urlTemplate\":\"https:\\\/\\\/www.facecorner.lv\\\/?s={search_term_string}\"},\"query-input\":{\"@type\":\"PropertyValueSpecification\",\"valueRequired\":true,\"valueName\":\"search_term_string\"}}],\"inLanguage\":\"lv-LV\"},{\"@type\":\"Organization\",\"@id\":\"https:\\\/\\\/www.facecorner.lv\\\/#organization\",\"name\":\"Facecorner\",\"url\":\"https:\\\/\\\/www.facecorner.lv\\\/\",\"logo\":{\"@type\":\"ImageObject\",\"inLanguage\":\"lv-LV\",\"@id\":\"https:\\\/\\\/www.facecorner.lv\\\/#\\\/schema\\\/logo\\\/image\\\/\",\"url\":\"https:\\\/\\\/www.facecorner.lv\\\/wp-content\\\/uploads\\\/2024\\\/04\\\/fc-logo.jpg\",\"contentUrl\":\"https:\\\/\\\/www.facecorner.lv\\\/wp-content\\\/uploads\\\/2024\\\/04\\\/fc-logo.jpg\",\"width\":174,\"height\":28,\"caption\":\"Facecorner\"},\"image\":{\"@id\":\"https:\\\/\\\/www.facecorner.lv\\\/#\\\/schema\\\/logo\\\/image\\\/\"},\"sameAs\":[\"https:\\\/\\\/www.facebook.com\\\/profile.php?id=100063824551839\",\"https:\\\/\\\/www.instagram.com\\\/facecorner_shop\\\/\"]}]}<\/script>\n<meta property=\"product:price:amount\" content=\"14.95\" \/>\n<meta property=\"product:price:currency\" content=\"EUR\" \/>\n<meta property=\"og:availability\" content=\"instock\" \/>\n<meta property=\"product:availability\" content=\"instock\" \/>\n<meta property=\"product:condition\" content=\"new\" \/>\n<!-- \/ Yoast SEO plugin. -->","yoast_head_json":{"title":"Centellian24 Madeca Derma Shield Sunscreen saules aizsargkr\u0113ms ar mitrino\u0161u un nomierino\u0161u iedarb\u012bbu 50ml - FACECORNER","description":"Centellian24 Madeca Derma Shield Sunscreen efekt\u012bvs saules aizsargkr\u0113ms ar mitrino\u0161u un nomierino\u0161u iedarb\u012bbu, kas izstr\u0101d\u0101ts ikdienas \u0101das aizsardz\u012bbai pret ultravioleto staru kait\u012bgo iedarb\u012bbu un fotonoveco\u0161anos.","robots":{"index":"index","follow":"follow","max-snippet":"max-snippet:-1","max-image-preview":"max-image-preview:large","max-video-preview":"max-video-preview:-1"},"canonical":"https:\/\/www.facecorner.lv\/lv\/shop\/centellian24-madeca-derma-shield-sunscreen-saules-aizsargkrems-ar-mitrinosu-un-nomierinosu-iedarbibu-50ml\/","og_locale":"lv_LV","og_type":"article","og_title":"Centellian24 Madeca Derma Shield Sunscreen saules aizsargkr\u0113ms ar mitrino\u0161u un nomierino\u0161u iedarb\u012bbu 50ml - FACECORNER","og_description":"Centellian24 Madeca Derma Shield Sunscreen efekt\u012bvs saules aizsargkr\u0113ms ar mitrino\u0161u un nomierino\u0161u iedarb\u012bbu, kas izstr\u0101d\u0101ts ikdienas \u0101das aizsardz\u012bbai pret ultravioleto staru kait\u012bgo iedarb\u012bbu un fotonoveco\u0161anos.","og_url":"https:\/\/www.facecorner.lv\/lv\/shop\/centellian24-madeca-derma-shield-sunscreen-saules-aizsargkrems-ar-mitrinosu-un-nomierinosu-iedarbibu-50ml\/","og_site_name":"FACECORNER","article_publisher":"https:\/\/www.facebook.com\/profile.php?id=100063824551839","og_image":[{"width":1500,"height":1500,"url":"https:\/\/www.facecorner.lv\/wp-content\/uploads\/2026\/04\/8806109101769_5790.jpg","type":"image\/jpeg"}],"twitter_card":"summary_large_image","twitter_misc":{"Price":"&euro;14.95","Availability":"In stock"},"schema":{"@context":"https:\/\/schema.org","@graph":[{"@type":"WebPage","@id":"https:\/\/www.facecorner.lv\/shop\/centellian24-madeca-derma-shield-sunscreen-saules-aizsargkrems-ar-mitrinosu-un-nomierinosu-iedarbibu-50ml\/","url":"https:\/\/www.facecorner.lv\/shop\/centellian24-madeca-derma-shield-sunscreen-saules-aizsargkrems-ar-mitrinosu-un-nomierinosu-iedarbibu-50ml\/","name":"Centellian24 Madeca Derma Shield Sunscreen saules aizsargkr\u0113ms ar mitrino\u0161u un nomierino\u0161u iedarb\u012bbu 50ml - FACECORNER","isPartOf":{"@id":"https:\/\/www.facecorner.lv\/#website"},"primaryImageOfPage":{"@id":"https:\/\/www.facecorner.lv\/shop\/centellian24-madeca-derma-shield-sunscreen-saules-aizsargkrems-ar-mitrinosu-un-nomierinosu-iedarbibu-50ml\/#primaryimage"},"image":{"@id":"https:\/\/www.facecorner.lv\/shop\/centellian24-madeca-derma-shield-sunscreen-saules-aizsargkrems-ar-mitrinosu-un-nomierinosu-iedarbibu-50ml\/#primaryimage"},"thumbnailUrl":"https:\/\/www.facecorner.lv\/wp-content\/uploads\/2026\/04\/8806109101769_5790.jpg","datePublished":"2026-04-07T12:38:03+00:00","description":"Centellian24 Madeca Derma Shield Sunscreen efekt\u012bvs saules aizsargkr\u0113ms ar mitrino\u0161u un nomierino\u0161u iedarb\u012bbu, kas izstr\u0101d\u0101ts ikdienas \u0101das aizsardz\u012bbai pret ultravioleto staru kait\u012bgo iedarb\u012bbu un fotonoveco\u0161anos.","breadcrumb":{"@id":"https:\/\/www.facecorner.lv\/shop\/centellian24-madeca-derma-shield-sunscreen-saules-aizsargkrems-ar-mitrinosu-un-nomierinosu-iedarbibu-50ml\/#breadcrumb"},"inLanguage":"lv-LV","potentialAction":[{"@type":"ReadAction","target":["https:\/\/www.facecorner.lv\/shop\/centellian24-madeca-derma-shield-sunscreen-saules-aizsargkrems-ar-mitrinosu-un-nomierinosu-iedarbibu-50ml\/"]}]},{"@type":"ImageObject","inLanguage":"lv-LV","@id":"https:\/\/www.facecorner.lv\/shop\/centellian24-madeca-derma-shield-sunscreen-saules-aizsargkrems-ar-mitrinosu-un-nomierinosu-iedarbibu-50ml\/#primaryimage","url":"https:\/\/www.facecorner.lv\/wp-content\/uploads\/2026\/04\/8806109101769_5790.jpg","contentUrl":"https:\/\/www.facecorner.lv\/wp-content\/uploads\/2026\/04\/8806109101769_5790.jpg","width":1500,"height":1500,"caption":"Centellian24 Madeca Derma Shield Sunscreen"},{"@type":"BreadcrumbList","@id":"https:\/\/www.facecorner.lv\/shop\/centellian24-madeca-derma-shield-sunscreen-saules-aizsargkrems-ar-mitrinosu-un-nomierinosu-iedarbibu-50ml\/#breadcrumb","itemListElement":[{"@type":"ListItem","position":1,"name":"Home","item":"https:\/\/www.facecorner.lv\/"},{"@type":"ListItem","position":2,"name":"Veikals","item":"https:\/\/www.facecorner.lv\/shop\/"},{"@type":"ListItem","position":3,"name":"Centellian24 Madeca Derma Shield Sunscreen saules aizsargkr\u0113ms ar mitrino\u0161u un nomierino\u0161u iedarb\u012bbu 50ml"}]},{"@type":"WebSite","@id":"https:\/\/www.facecorner.lv\/#website","url":"https:\/\/www.facecorner.lv\/","name":"Facecorner","description":"","publisher":{"@id":"https:\/\/www.facecorner.lv\/#organization"},"potentialAction":[{"@type":"SearchAction","target":{"@type":"EntryPoint","urlTemplate":"https:\/\/www.facecorner.lv\/?s={search_term_string}"},"query-input":{"@type":"PropertyValueSpecification","valueRequired":true,"valueName":"search_term_string"}}],"inLanguage":"lv-LV"},{"@type":"Organization","@id":"https:\/\/www.facecorner.lv\/#organization","name":"Facecorner","url":"https:\/\/www.facecorner.lv\/","logo":{"@type":"ImageObject","inLanguage":"lv-LV","@id":"https:\/\/www.facecorner.lv\/#\/schema\/logo\/image\/","url":"https:\/\/www.facecorner.lv\/wp-content\/uploads\/2024\/04\/fc-logo.jpg","contentUrl":"https:\/\/www.facecorner.lv\/wp-content\/uploads\/2024\/04\/fc-logo.jpg","width":174,"height":28,"caption":"Facecorner"},"image":{"@id":"https:\/\/www.facecorner.lv\/#\/schema\/logo\/image\/"},"sameAs":["https:\/\/www.facebook.com\/profile.php?id=100063824551839","https:\/\/www.instagram.com\/facecorner_shop\/"]}]},"product_price_amount":"14.95","product_price_currency":"EUR","og_availability":"instock","product_availability":"instock","product_condition":"new"},"_links":{"self":[{"href":"https:\/\/www.facecorner.lv\/lv\/wp-json\/wp\/v2\/product\/27408","targetHints":{"allow":["GET"]}}],"collection":[{"href":"https:\/\/www.facecorner.lv\/lv\/wp-json\/wp\/v2\/product"}],"about":[{"href":"https:\/\/www.facecorner.lv\/lv\/wp-json\/wp\/v2\/types\/product"}],"replies":[{"embeddable":true,"href":"https:\/\/www.facecorner.lv\/lv\/wp-json\/wp\/v2\/comments?post=27408"}],"wp:featuredmedia":[{"embeddable":true,"href":"https:\/\/www.facecorner.lv\/lv\/wp-json\/wp\/v2\/media\/27409"}],"wp:attachment":[{"href":"https:\/\/www.facecorner.lv\/lv\/wp-json\/wp\/v2\/media?parent=27408"}],"wp:term":[{"taxonomy":"product_brand","embeddable":true,"href":"https:\/\/www.facecorner.lv\/lv\/wp-json\/wp\/v2\/product_brand?post=27408"},{"taxonomy":"product_cat","embeddable":true,"href":"https:\/\/www.facecorner.lv\/lv\/wp-json\/wp\/v2\/product_cat?post=27408"},{"taxonomy":"product_tag","embeddable":true,"href":"https:\/\/www.facecorner.lv\/lv\/wp-json\/wp\/v2\/product_tag?post=27408"},{"taxonomy":"berocket_brand","embeddable":true,"href":"https:\/\/www.facecorner.lv\/lv\/wp-json\/wp\/v2\/berocket_brand?post=27408"}],"curies":[{"name":"wp","href":"https:\/\/api.w.org\/{rel}","templated":true}]}}