{"id":27294,"date":"2026-03-24T15:17:40","date_gmt":"2026-03-24T12:17:40","guid":{"rendered":"https:\/\/www.facecorner.lv\/?post_type=product&#038;p=27294"},"modified":"2026-03-29T09:08:30","modified_gmt":"2026-03-29T06:08:30","slug":"rejuran-water-capsule-sun-serum-spf-50-pa-saules-aizsargserums-40ml","status":"publish","type":"product","link":"https:\/\/www.facecorner.lv\/lv\/shop\/rejuran-water-capsule-sun-serum-spf-50-pa-saules-aizsargserums-40ml\/","title":{"rendered":"Rejuran Water Capsule Sun Serum SPF 50+ PA+++ saules aizsargserums 40ml"},"content":{"rendered":"<p>Rejuran Water Capsule Sun Serum SPF 50+ PA+++ ir inovat\u012bvs, \u012bpa\u0161i viegls saules aizsargserums, kas vienlaikus aizsarg\u0101 \u0101du no UVA\/UVB stariem un kopj to, pateicoties akt\u012bvaj\u0101m sast\u0101vda\u013c\u0101m.<\/p>\n<p>Formul\u0113\u0161ana ir veidota t\u0101, lai serums b\u016btu maigs, \u0101tri uzs\u016bktos un b\u016btu \u0113rts ikdienas \u0101das kop\u0161an\u0101.<\/p>\n<h6>Galven\u0101s priek\u0161roc\u012bbas:<\/h6>\n<ul>\n<li>Uzticama SPF aizsardz\u012bba \u2014 augsts SPF 50+ \/ PA+++ l\u012bmenis aizsarg\u0101 pret kait\u012bgo ultravioleto starojumu un pal\u012bdz nov\u0113rst \u0101das priek\u0161laic\u012bgu noveco\u0161anos un saules izrais\u012btus boj\u0101jumus.<\/li>\n<li>Mitrin\u0101\u0161ana un komforts \u2014 viegla, \u016bde\u0146aina tekst\u016bra ar \u016bdens kapsul\u0101m labi uzs\u016bcas, neatst\u0101j taukainu sp\u012bdumu un ir piem\u0113rota lieto\u0161anai zem grima.<\/li>\n<li>Kop\u0161ana SPF formulas sast\u0101v\u0101 \u2014 satur niacinam\u012bdu (uztur vienm\u0113r\u012bgu \u0101das toni un barjeru), kukur\u016bzas un rozmar\u012bna ekstraktus (nomierina un mitrina), adenoz\u012bnu (izl\u012bdzina \u0101das tekst\u016bru) un hidroliz\u0113tu DNS (pal\u012bdz atjaunot un uzlabot elast\u012bbu).<\/li>\n<li>Maiga tekst\u016bra \u2014 seruma konsistence, kas \u0101tri uzs\u016bcas, neradot smaguma saj\u016btu.<\/li>\n<\/ul>\n<p><strong>Piem\u0113rots visiem \u0101das tipiem, tostarp jut\u012bgai \u0101dai \u2014 \u012bpa\u0161i, ja v\u0113laties ne tikai SPF aizsardz\u012bbu, bet ar\u012b vieglu kop\u0161anu vien\u0101 formul\u0101.<\/strong><\/p>\n<p><strong>Lieto\u0161ana:<\/strong> Uzkl\u0101jiet vienm\u0113r\u012bgi uz sejas un kakla p\u0113c pamata \u0101das kop\u0161anas r\u012bta, pirms do\u0161an\u0101s \u0101r\u0101 saul\u0113. Ilgsto\u0161i uzturoties saul\u0113, atk\u0101rtojiet uzkl\u0101\u0161anu ik p\u0113c da\u017e\u0101m stund\u0101m.<\/p>\n<p><strong>Sast\u0101vs:<\/strong> Aqua (Water), Homosalate, Butylene Glycol, Behenyl Alcohol, Ethylhexyl Salicylate, Butyl Methoxydibenzoylmethane (Avobenzone), Niacinamide, Dicaprylyl Carbonate, Rosmarinus Officinalis (Rosemary) Leaf Extract, Cucumis Sativus (Cucumber) Fruit Extract, Viola Odorata Flower Extract, Pentylene Glycol, Methyl Methacrylate Crosspolymer, Silicon Dioxide (Silica), Glyceryl Caprylate, Tromethamine, Dehydroxanthan Gum, Gellan Gum, Adenosine, Hydrolyzed DNA, Tocopherol (Vitamin\u202fE), Carbomer, Disodium EDTA, Phenoxyethanol, Fragrance (Parfum).<\/p>\n","protected":false},"excerpt":{"rendered":"<p>Rejuran Water Capsule Sun Serum SPF 50+ PA+++ ir inovat\u012bvs, \u012bpa\u0161i viegls saules aizsargserums, kas vienlaikus aizsarg\u0101 \u0101du no UVA\/UVB stariem un kopj to, pateicoties akt\u012bvaj\u0101m sast\u0101vda\u013c\u0101m.<\/p>\n","protected":false},"featured_media":27295,"comment_status":"open","ping_status":"closed","template":"","meta":{"site-sidebar-layout":"default","site-content-layout":"","ast-site-content-layout":"default","site-content-style":"default","site-sidebar-style":"default","ast-global-header-display":"","ast-banner-title-visibility":"","ast-main-header-display":"","ast-hfb-above-header-display":"","ast-hfb-below-header-display":"","ast-hfb-mobile-header-display":"","site-post-title":"","ast-breadcrumbs-content":"","ast-featured-img":"","footer-sml-layout":"","theme-transparent-header-meta":"default","adv-header-id-meta":"","stick-header-meta":"","header-above-stick-meta":"","header-main-stick-meta":"","header-below-stick-meta":"","astra-migrate-meta-layouts":"set","ast-page-background-enabled":"default","ast-page-background-meta":{"desktop":{"background-color":"var(--ast-global-color-4)","background-image":"","background-repeat":"repeat","background-position":"center center","background-size":"auto","background-attachment":"scroll","background-type":"","background-media":"","overlay-type":"","overlay-color":"","overlay-opacity":"","overlay-gradient":""},"tablet":{"background-color":"","background-image":"","background-repeat":"repeat","background-position":"center center","background-size":"auto","background-attachment":"scroll","background-type":"","background-media":"","overlay-type":"","overlay-color":"","overlay-opacity":"","overlay-gradient":""},"mobile":{"background-color":"","background-image":"","background-repeat":"repeat","background-position":"center center","background-size":"auto","background-attachment":"scroll","background-type":"","background-media":"","overlay-type":"","overlay-color":"","overlay-opacity":"","overlay-gradient":""}},"ast-content-background-meta":{"desktop":{"background-color":"var(--ast-global-color-5)","background-image":"","background-repeat":"repeat","background-position":"center center","background-size":"auto","background-attachment":"scroll","background-type":"","background-media":"","overlay-type":"","overlay-color":"","overlay-opacity":"","overlay-gradient":""},"tablet":{"background-color":"var(--ast-global-color-5)","background-image":"","background-repeat":"repeat","background-position":"center center","background-size":"auto","background-attachment":"scroll","background-type":"","background-media":"","overlay-type":"","overlay-color":"","overlay-opacity":"","overlay-gradient":""},"mobile":{"background-color":"var(--ast-global-color-5)","background-image":"","background-repeat":"repeat","background-position":"center center","background-size":"auto","background-attachment":"scroll","background-type":"","background-media":"","overlay-type":"","overlay-color":"","overlay-opacity":"","overlay-gradient":""}}},"product_brand":[],"product_cat":[652,512],"product_tag":[],"berocket_brand":[639],"class_list":{"0":"post-27294","1":"product","2":"type-product","3":"status-publish","4":"has-post-thumbnail","6":"product_cat-pdrn","7":"product_cat-spf","8":"berocket_brand-rejuran","9":"desktop-align-left","10":"tablet-align-left","11":"mobile-align-left","13":"first","14":"outofstock","15":"taxable","16":"shipping-taxable","17":"purchasable","18":"product-type-simple","19":"add-to-wishlist-before_image"},"yoast_head":"<!-- This site is optimized with the Yoast SEO plugin v27.4 - https:\/\/yoast.com\/product\/yoast-seo-wordpress\/ -->\n<title>Rejuran Water Capsule Sun Serum SPF 50+ PA+++ saules aizsargserums 40ml - FACECORNER<\/title>\n<meta name=\"description\" content=\"Rejuran Water Capsule Sun Serum SPF 50+ PA+++ ir inovat\u012bvs, \u012bpa\u0161i viegls saules aizsargserums, kas vienlaikus aizsarg\u0101 \u0101du no UVA\/UVB stariem un kopj to, pateicoties akt\u012bvaj\u0101m sast\u0101vda\u013c\u0101m.\" \/>\n<meta name=\"robots\" content=\"index, follow, max-snippet:-1, max-image-preview:large, max-video-preview:-1\" \/>\n<link rel=\"canonical\" href=\"https:\/\/www.facecorner.lv\/lv\/shop\/rejuran-water-capsule-sun-serum-spf-50-pa-saules-aizsargserums-40ml\/\" \/>\n<meta property=\"og:locale\" content=\"lv_LV\" \/>\n<meta property=\"og:type\" content=\"article\" \/>\n<meta property=\"og:title\" content=\"Rejuran Water Capsule Sun Serum SPF 50+ PA+++ saules aizsargserums 40ml - FACECORNER\" \/>\n<meta property=\"og:description\" content=\"Rejuran Water Capsule Sun Serum SPF 50+ PA+++ ir inovat\u012bvs, \u012bpa\u0161i viegls saules aizsargserums, kas vienlaikus aizsarg\u0101 \u0101du no UVA\/UVB stariem un kopj to, pateicoties akt\u012bvaj\u0101m sast\u0101vda\u013c\u0101m.\" \/>\n<meta property=\"og:url\" content=\"https:\/\/www.facecorner.lv\/lv\/shop\/rejuran-water-capsule-sun-serum-spf-50-pa-saules-aizsargserums-40ml\/\" \/>\n<meta property=\"og:site_name\" content=\"FACECORNER\" \/>\n<meta property=\"article:publisher\" content=\"https:\/\/www.facebook.com\/profile.php?id=100063824551839\" \/>\n<meta property=\"article:modified_time\" content=\"2026-03-29T06:08:30+00:00\" \/>\n<meta property=\"og:image\" content=\"https:\/\/www.facecorner.lv\/wp-content\/uploads\/2026\/03\/spf-serum-1.jpg\" \/>\n\t<meta property=\"og:image:width\" content=\"1000\" \/>\n\t<meta property=\"og:image:height\" content=\"1000\" \/>\n\t<meta property=\"og:image:type\" content=\"image\/jpeg\" \/>\n<meta name=\"twitter:card\" content=\"summary_large_image\" \/>\n<meta name=\"twitter:label1\" content=\"Price\" \/>\n\t<meta name=\"twitter:data1\" content=\"&euro;45.00\" \/>\n\t<meta name=\"twitter:label2\" content=\"Availability\" \/>\n\t<meta name=\"twitter:data2\" content=\"Out of stock\" \/>\n<script type=\"application\/ld+json\" class=\"yoast-schema-graph\">{\"@context\":\"https:\\\/\\\/schema.org\",\"@graph\":[{\"@type\":\"WebPage\",\"@id\":\"https:\\\/\\\/www.facecorner.lv\\\/shop\\\/rejuran-water-capsule-sun-serum-spf-50-pa-saules-aizsargserums-40ml\\\/\",\"url\":\"https:\\\/\\\/www.facecorner.lv\\\/shop\\\/rejuran-water-capsule-sun-serum-spf-50-pa-saules-aizsargserums-40ml\\\/\",\"name\":\"Rejuran Water Capsule Sun Serum SPF 50+ PA+++ saules aizsargserums 40ml - FACECORNER\",\"isPartOf\":{\"@id\":\"https:\\\/\\\/www.facecorner.lv\\\/#website\"},\"primaryImageOfPage\":{\"@id\":\"https:\\\/\\\/www.facecorner.lv\\\/shop\\\/rejuran-water-capsule-sun-serum-spf-50-pa-saules-aizsargserums-40ml\\\/#primaryimage\"},\"image\":{\"@id\":\"https:\\\/\\\/www.facecorner.lv\\\/shop\\\/rejuran-water-capsule-sun-serum-spf-50-pa-saules-aizsargserums-40ml\\\/#primaryimage\"},\"thumbnailUrl\":\"https:\\\/\\\/www.facecorner.lv\\\/wp-content\\\/uploads\\\/2026\\\/03\\\/spf-serum-1.jpg\",\"datePublished\":\"2026-03-24T12:17:40+00:00\",\"dateModified\":\"2026-03-29T06:08:30+00:00\",\"description\":\"Rejuran Water Capsule Sun Serum SPF 50+ PA+++ ir inovat\u012bvs, \u012bpa\u0161i viegls saules aizsargserums, kas vienlaikus aizsarg\u0101 \u0101du no UVA\\\/UVB stariem un kopj to, pateicoties akt\u012bvaj\u0101m sast\u0101vda\u013c\u0101m.\",\"breadcrumb\":{\"@id\":\"https:\\\/\\\/www.facecorner.lv\\\/shop\\\/rejuran-water-capsule-sun-serum-spf-50-pa-saules-aizsargserums-40ml\\\/#breadcrumb\"},\"inLanguage\":\"lv-LV\",\"potentialAction\":[{\"@type\":\"ReadAction\",\"target\":[\"https:\\\/\\\/www.facecorner.lv\\\/shop\\\/rejuran-water-capsule-sun-serum-spf-50-pa-saules-aizsargserums-40ml\\\/\"]}]},{\"@type\":\"ImageObject\",\"inLanguage\":\"lv-LV\",\"@id\":\"https:\\\/\\\/www.facecorner.lv\\\/shop\\\/rejuran-water-capsule-sun-serum-spf-50-pa-saules-aizsargserums-40ml\\\/#primaryimage\",\"url\":\"https:\\\/\\\/www.facecorner.lv\\\/wp-content\\\/uploads\\\/2026\\\/03\\\/spf-serum-1.jpg\",\"contentUrl\":\"https:\\\/\\\/www.facecorner.lv\\\/wp-content\\\/uploads\\\/2026\\\/03\\\/spf-serum-1.jpg\",\"width\":1000,\"height\":1000,\"caption\":\"Rejuran Water Capsule Sun Serum SPF 50\"},{\"@type\":\"BreadcrumbList\",\"@id\":\"https:\\\/\\\/www.facecorner.lv\\\/shop\\\/rejuran-water-capsule-sun-serum-spf-50-pa-saules-aizsargserums-40ml\\\/#breadcrumb\",\"itemListElement\":[{\"@type\":\"ListItem\",\"position\":1,\"name\":\"Home\",\"item\":\"https:\\\/\\\/www.facecorner.lv\\\/\"},{\"@type\":\"ListItem\",\"position\":2,\"name\":\"Veikals\",\"item\":\"https:\\\/\\\/www.facecorner.lv\\\/shop\\\/\"},{\"@type\":\"ListItem\",\"position\":3,\"name\":\"Rejuran Water Capsule Sun Serum SPF 50+ PA+++ saules aizsargserums 40ml\"}]},{\"@type\":\"WebSite\",\"@id\":\"https:\\\/\\\/www.facecorner.lv\\\/#website\",\"url\":\"https:\\\/\\\/www.facecorner.lv\\\/\",\"name\":\"Facecorner\",\"description\":\"\",\"publisher\":{\"@id\":\"https:\\\/\\\/www.facecorner.lv\\\/#organization\"},\"potentialAction\":[{\"@type\":\"SearchAction\",\"target\":{\"@type\":\"EntryPoint\",\"urlTemplate\":\"https:\\\/\\\/www.facecorner.lv\\\/?s={search_term_string}\"},\"query-input\":{\"@type\":\"PropertyValueSpecification\",\"valueRequired\":true,\"valueName\":\"search_term_string\"}}],\"inLanguage\":\"lv-LV\"},{\"@type\":\"Organization\",\"@id\":\"https:\\\/\\\/www.facecorner.lv\\\/#organization\",\"name\":\"Facecorner\",\"url\":\"https:\\\/\\\/www.facecorner.lv\\\/\",\"logo\":{\"@type\":\"ImageObject\",\"inLanguage\":\"lv-LV\",\"@id\":\"https:\\\/\\\/www.facecorner.lv\\\/#\\\/schema\\\/logo\\\/image\\\/\",\"url\":\"https:\\\/\\\/www.facecorner.lv\\\/wp-content\\\/uploads\\\/2024\\\/04\\\/fc-logo.jpg\",\"contentUrl\":\"https:\\\/\\\/www.facecorner.lv\\\/wp-content\\\/uploads\\\/2024\\\/04\\\/fc-logo.jpg\",\"width\":174,\"height\":28,\"caption\":\"Facecorner\"},\"image\":{\"@id\":\"https:\\\/\\\/www.facecorner.lv\\\/#\\\/schema\\\/logo\\\/image\\\/\"},\"sameAs\":[\"https:\\\/\\\/www.facebook.com\\\/profile.php?id=100063824551839\",\"https:\\\/\\\/www.instagram.com\\\/facecorner_shop\\\/\"]}]}<\/script>\n<meta property=\"product:price:amount\" content=\"45.00\" \/>\n<meta property=\"product:price:currency\" content=\"EUR\" \/>\n<meta property=\"og:availability\" content=\"out of stock\" \/>\n<meta property=\"product:availability\" content=\"out of stock\" \/>\n<meta property=\"product:condition\" content=\"new\" \/>\n<!-- \/ Yoast SEO plugin. -->","yoast_head_json":{"title":"Rejuran Water Capsule Sun Serum SPF 50+ PA+++ saules aizsargserums 40ml - FACECORNER","description":"Rejuran Water Capsule Sun Serum SPF 50+ PA+++ ir inovat\u012bvs, \u012bpa\u0161i viegls saules aizsargserums, kas vienlaikus aizsarg\u0101 \u0101du no UVA\/UVB stariem un kopj to, pateicoties akt\u012bvaj\u0101m sast\u0101vda\u013c\u0101m.","robots":{"index":"index","follow":"follow","max-snippet":"max-snippet:-1","max-image-preview":"max-image-preview:large","max-video-preview":"max-video-preview:-1"},"canonical":"https:\/\/www.facecorner.lv\/lv\/shop\/rejuran-water-capsule-sun-serum-spf-50-pa-saules-aizsargserums-40ml\/","og_locale":"lv_LV","og_type":"article","og_title":"Rejuran Water Capsule Sun Serum SPF 50+ PA+++ saules aizsargserums 40ml - FACECORNER","og_description":"Rejuran Water Capsule Sun Serum SPF 50+ PA+++ ir inovat\u012bvs, \u012bpa\u0161i viegls saules aizsargserums, kas vienlaikus aizsarg\u0101 \u0101du no UVA\/UVB stariem un kopj to, pateicoties akt\u012bvaj\u0101m sast\u0101vda\u013c\u0101m.","og_url":"https:\/\/www.facecorner.lv\/lv\/shop\/rejuran-water-capsule-sun-serum-spf-50-pa-saules-aizsargserums-40ml\/","og_site_name":"FACECORNER","article_publisher":"https:\/\/www.facebook.com\/profile.php?id=100063824551839","article_modified_time":"2026-03-29T06:08:30+00:00","og_image":[{"width":1000,"height":1000,"url":"https:\/\/www.facecorner.lv\/wp-content\/uploads\/2026\/03\/spf-serum-1.jpg","type":"image\/jpeg"}],"twitter_card":"summary_large_image","twitter_misc":{"Price":"&euro;45.00","Availability":"Out of stock"},"schema":{"@context":"https:\/\/schema.org","@graph":[{"@type":"WebPage","@id":"https:\/\/www.facecorner.lv\/shop\/rejuran-water-capsule-sun-serum-spf-50-pa-saules-aizsargserums-40ml\/","url":"https:\/\/www.facecorner.lv\/shop\/rejuran-water-capsule-sun-serum-spf-50-pa-saules-aizsargserums-40ml\/","name":"Rejuran Water Capsule Sun Serum SPF 50+ PA+++ saules aizsargserums 40ml - FACECORNER","isPartOf":{"@id":"https:\/\/www.facecorner.lv\/#website"},"primaryImageOfPage":{"@id":"https:\/\/www.facecorner.lv\/shop\/rejuran-water-capsule-sun-serum-spf-50-pa-saules-aizsargserums-40ml\/#primaryimage"},"image":{"@id":"https:\/\/www.facecorner.lv\/shop\/rejuran-water-capsule-sun-serum-spf-50-pa-saules-aizsargserums-40ml\/#primaryimage"},"thumbnailUrl":"https:\/\/www.facecorner.lv\/wp-content\/uploads\/2026\/03\/spf-serum-1.jpg","datePublished":"2026-03-24T12:17:40+00:00","dateModified":"2026-03-29T06:08:30+00:00","description":"Rejuran Water Capsule Sun Serum SPF 50+ PA+++ ir inovat\u012bvs, \u012bpa\u0161i viegls saules aizsargserums, kas vienlaikus aizsarg\u0101 \u0101du no UVA\/UVB stariem un kopj to, pateicoties akt\u012bvaj\u0101m sast\u0101vda\u013c\u0101m.","breadcrumb":{"@id":"https:\/\/www.facecorner.lv\/shop\/rejuran-water-capsule-sun-serum-spf-50-pa-saules-aizsargserums-40ml\/#breadcrumb"},"inLanguage":"lv-LV","potentialAction":[{"@type":"ReadAction","target":["https:\/\/www.facecorner.lv\/shop\/rejuran-water-capsule-sun-serum-spf-50-pa-saules-aizsargserums-40ml\/"]}]},{"@type":"ImageObject","inLanguage":"lv-LV","@id":"https:\/\/www.facecorner.lv\/shop\/rejuran-water-capsule-sun-serum-spf-50-pa-saules-aizsargserums-40ml\/#primaryimage","url":"https:\/\/www.facecorner.lv\/wp-content\/uploads\/2026\/03\/spf-serum-1.jpg","contentUrl":"https:\/\/www.facecorner.lv\/wp-content\/uploads\/2026\/03\/spf-serum-1.jpg","width":1000,"height":1000,"caption":"Rejuran Water Capsule Sun Serum SPF 50"},{"@type":"BreadcrumbList","@id":"https:\/\/www.facecorner.lv\/shop\/rejuran-water-capsule-sun-serum-spf-50-pa-saules-aizsargserums-40ml\/#breadcrumb","itemListElement":[{"@type":"ListItem","position":1,"name":"Home","item":"https:\/\/www.facecorner.lv\/"},{"@type":"ListItem","position":2,"name":"Veikals","item":"https:\/\/www.facecorner.lv\/shop\/"},{"@type":"ListItem","position":3,"name":"Rejuran Water Capsule Sun Serum SPF 50+ PA+++ saules aizsargserums 40ml"}]},{"@type":"WebSite","@id":"https:\/\/www.facecorner.lv\/#website","url":"https:\/\/www.facecorner.lv\/","name":"Facecorner","description":"","publisher":{"@id":"https:\/\/www.facecorner.lv\/#organization"},"potentialAction":[{"@type":"SearchAction","target":{"@type":"EntryPoint","urlTemplate":"https:\/\/www.facecorner.lv\/?s={search_term_string}"},"query-input":{"@type":"PropertyValueSpecification","valueRequired":true,"valueName":"search_term_string"}}],"inLanguage":"lv-LV"},{"@type":"Organization","@id":"https:\/\/www.facecorner.lv\/#organization","name":"Facecorner","url":"https:\/\/www.facecorner.lv\/","logo":{"@type":"ImageObject","inLanguage":"lv-LV","@id":"https:\/\/www.facecorner.lv\/#\/schema\/logo\/image\/","url":"https:\/\/www.facecorner.lv\/wp-content\/uploads\/2024\/04\/fc-logo.jpg","contentUrl":"https:\/\/www.facecorner.lv\/wp-content\/uploads\/2024\/04\/fc-logo.jpg","width":174,"height":28,"caption":"Facecorner"},"image":{"@id":"https:\/\/www.facecorner.lv\/#\/schema\/logo\/image\/"},"sameAs":["https:\/\/www.facebook.com\/profile.php?id=100063824551839","https:\/\/www.instagram.com\/facecorner_shop\/"]}]},"product_price_amount":"45.00","product_price_currency":"EUR","og_availability":"out of stock","product_availability":"out of stock","product_condition":"new"},"_links":{"self":[{"href":"https:\/\/www.facecorner.lv\/lv\/wp-json\/wp\/v2\/product\/27294","targetHints":{"allow":["GET"]}}],"collection":[{"href":"https:\/\/www.facecorner.lv\/lv\/wp-json\/wp\/v2\/product"}],"about":[{"href":"https:\/\/www.facecorner.lv\/lv\/wp-json\/wp\/v2\/types\/product"}],"replies":[{"embeddable":true,"href":"https:\/\/www.facecorner.lv\/lv\/wp-json\/wp\/v2\/comments?post=27294"}],"wp:featuredmedia":[{"embeddable":true,"href":"https:\/\/www.facecorner.lv\/lv\/wp-json\/wp\/v2\/media\/27295"}],"wp:attachment":[{"href":"https:\/\/www.facecorner.lv\/lv\/wp-json\/wp\/v2\/media?parent=27294"}],"wp:term":[{"taxonomy":"product_brand","embeddable":true,"href":"https:\/\/www.facecorner.lv\/lv\/wp-json\/wp\/v2\/product_brand?post=27294"},{"taxonomy":"product_cat","embeddable":true,"href":"https:\/\/www.facecorner.lv\/lv\/wp-json\/wp\/v2\/product_cat?post=27294"},{"taxonomy":"product_tag","embeddable":true,"href":"https:\/\/www.facecorner.lv\/lv\/wp-json\/wp\/v2\/product_tag?post=27294"},{"taxonomy":"berocket_brand","embeddable":true,"href":"https:\/\/www.facecorner.lv\/lv\/wp-json\/wp\/v2\/berocket_brand?post=27294"}],"curies":[{"name":"wp","href":"https:\/\/api.w.org\/{rel}","templated":true}]}}