{"id":27282,"date":"2026-03-23T15:44:29","date_gmt":"2026-03-23T12:44:29","guid":{"rendered":"https:\/\/www.facecorner.lv\/?post_type=product&#038;p=27282"},"modified":"2026-04-27T14:40:31","modified_gmt":"2026-04-27T11:40:31","slug":"arencia-pdrn-booster-shot-serums-adas-atjaunosanai-30ml","status":"publish","type":"product","link":"https:\/\/www.facecorner.lv\/lv\/shop\/arencia-pdrn-booster-shot-serums-adas-atjaunosanai-30ml\/","title":{"rendered":"Arencia PDRN Booster Shot serums \u0101das atjauno\u0161anai 30ml"},"content":{"rendered":"<p>Arencia PDRN Booster Shot ir \u013coti efekt\u012bvs koncentr\u0113ts serums, kas izstr\u0101d\u0101ts \u0101das dzi\u013cai atjauno\u0161anai, mitrin\u0101\u0161anai un atjauno\u0161anai.<\/p>\n<p>Formul\u0101 ar PDRN (polid\u0113zoksiribonukleot\u012bdiem) veicina akt\u012bvu \u0161\u016bnu re\u0123ener\u0101ciju, uzlabo \u0101das tekst\u016bru un atgrie\u017e tai vesel\u012bgu mirdzumu.<\/p>\n<p>L\u012bdzeklis darbojas dermas l\u012bmen\u012b, pal\u012bdzot pa\u0101trin\u0101t atjauno\u0161an\u0101s procesus, mazin\u0101t noguruma paz\u012bmes un pal\u0113nin\u0101t noveco\u0161an\u0101s izpausmes.<\/p>\n<h6>Galven\u0101s priek\u0161roc\u012bbas:<\/h6>\n<ul>\n<li>Stimul\u0113 \u0101das \u0161\u016bnu re\u0123ener\u0101ciju<\/li>\n<li>Uzlabo \u0101das stingr\u012bbu un elast\u012bbu<\/li>\n<li>Dzi\u013ci mitrina un baro<\/li>\n<li>Izl\u012bdzina \u0101das toni un tekst\u016bru<\/li>\n<li>Pie\u0161\u0137ir dabisku mirdzumu<\/li>\n<\/ul>\n<h6>Akt\u012bv\u0101s sast\u0101vda\u013cas:<\/h6>\n<ul>\n<li>PDRN \u2014 veicina \u0101das atjauno\u0161anos un atjauno\u0161anu<\/li>\n<li>Mitrino\u0161ais komplekss \u2014 saglab\u0101 mitrumu un nov\u0113r\u0161 sausumu<\/li>\n<li>Antioksidanti \u2014 aizsarg\u0101 no vides negat\u012bv\u0101s ietekmes<\/li>\n<\/ul>\n<p><strong>Kam piem\u0113rots:<\/strong><br \/>\nIde\u0101li piem\u0113rots bl\u0101vai, dehidr\u0113tai, noguru\u0161ai \u0101dai, k\u0101 ar\u012b \u0101dai ar pirm\u0101m noveco\u0161an\u0101s paz\u012bm\u0113m.<\/p>\n<p><strong>Lieto\u0161anas veids:<\/strong> Pirms kr\u0113ma uzkl\u0101jiet da\u017eus pilienus uz att\u012br\u012btas sejas \u0101das. Lietojiet no r\u012bta un vakar\u0101, lai pan\u0101ktu maksim\u0101lu efektu.<\/p>\n<p><strong>Sast\u0101vs:<\/strong> Water (Aqua), Butylene Glycol, Glycerin, Niacinamide, 1,2-Hexanediol, Sodium DNA (PDRN), Panthenol, Allantoin, Sodium Hyaluronate, Betaine, Arginine, Carbomer, Adenosine, Disodium EDTA, Ethylhexylglycerin<\/p>\n","protected":false},"excerpt":{"rendered":"<p>Arencia PDRN Booster Shot ir \u013coti efekt\u012bvs koncentr\u0113ts serums, kas izstr\u0101d\u0101ts \u0101das dzi\u013cai atjauno\u0161anai, mitrin\u0101\u0161anai un atjauno\u0161anai.<\/p>\n","protected":false},"featured_media":27283,"comment_status":"open","ping_status":"closed","template":"","meta":{"site-sidebar-layout":"default","site-content-layout":"","ast-site-content-layout":"default","site-content-style":"default","site-sidebar-style":"default","ast-global-header-display":"","ast-banner-title-visibility":"","ast-main-header-display":"","ast-hfb-above-header-display":"","ast-hfb-below-header-display":"","ast-hfb-mobile-header-display":"","site-post-title":"","ast-breadcrumbs-content":"","ast-featured-img":"","footer-sml-layout":"","theme-transparent-header-meta":"default","adv-header-id-meta":"","stick-header-meta":"","header-above-stick-meta":"","header-main-stick-meta":"","header-below-stick-meta":"","astra-migrate-meta-layouts":"set","ast-page-background-enabled":"default","ast-page-background-meta":{"desktop":{"background-color":"var(--ast-global-color-4)","background-image":"","background-repeat":"repeat","background-position":"center center","background-size":"auto","background-attachment":"scroll","background-type":"","background-media":"","overlay-type":"","overlay-color":"","overlay-opacity":"","overlay-gradient":""},"tablet":{"background-color":"","background-image":"","background-repeat":"repeat","background-position":"center center","background-size":"auto","background-attachment":"scroll","background-type":"","background-media":"","overlay-type":"","overlay-color":"","overlay-opacity":"","overlay-gradient":""},"mobile":{"background-color":"","background-image":"","background-repeat":"repeat","background-position":"center center","background-size":"auto","background-attachment":"scroll","background-type":"","background-media":"","overlay-type":"","overlay-color":"","overlay-opacity":"","overlay-gradient":""}},"ast-content-background-meta":{"desktop":{"background-color":"var(--ast-global-color-5)","background-image":"","background-repeat":"repeat","background-position":"center center","background-size":"auto","background-attachment":"scroll","background-type":"","background-media":"","overlay-type":"","overlay-color":"","overlay-opacity":"","overlay-gradient":""},"tablet":{"background-color":"var(--ast-global-color-5)","background-image":"","background-repeat":"repeat","background-position":"center center","background-size":"auto","background-attachment":"scroll","background-type":"","background-media":"","overlay-type":"","overlay-color":"","overlay-opacity":"","overlay-gradient":""},"mobile":{"background-color":"var(--ast-global-color-5)","background-image":"","background-repeat":"repeat","background-position":"center center","background-size":"auto","background-attachment":"scroll","background-type":"","background-media":"","overlay-type":"","overlay-color":"","overlay-opacity":"","overlay-gradient":""}}},"product_brand":[],"product_cat":[370,652,363],"product_tag":[],"berocket_brand":[635],"class_list":{"0":"post-27282","1":"product","2":"type-product","3":"status-publish","4":"has-post-thumbnail","6":"product_cat-adas-mirdzumam","7":"product_cat-pdrn","8":"product_cat-serumi","9":"berocket_brand-arencia","10":"desktop-align-left","11":"tablet-align-left","12":"mobile-align-left","14":"first","15":"outofstock","16":"taxable","17":"shipping-taxable","18":"purchasable","19":"product-type-simple","20":"add-to-wishlist-before_image"},"yoast_head":"<!-- This site is optimized with the Yoast SEO plugin v27.4 - https:\/\/yoast.com\/product\/yoast-seo-wordpress\/ -->\n<title>Arencia PDRN Booster Shot serums \u0101das atjauno\u0161anai 30ml - FACECORNER<\/title>\n<meta name=\"description\" content=\"Arencia PDRN Booster Shot ir \u013coti efekt\u012bvs koncentr\u0113ts serums, kas izstr\u0101d\u0101ts \u0101das dzi\u013cai atjauno\u0161anai, mitrin\u0101\u0161anai un atjauno\u0161anai.\" \/>\n<meta name=\"robots\" content=\"index, follow, max-snippet:-1, max-image-preview:large, max-video-preview:-1\" \/>\n<link rel=\"canonical\" href=\"https:\/\/www.facecorner.lv\/lv\/shop\/arencia-pdrn-booster-shot-serums-adas-atjaunosanai-30ml\/\" \/>\n<meta property=\"og:locale\" content=\"lv_LV\" \/>\n<meta property=\"og:type\" content=\"article\" \/>\n<meta property=\"og:title\" content=\"Arencia PDRN Booster Shot serums \u0101das atjauno\u0161anai 30ml - FACECORNER\" \/>\n<meta property=\"og:description\" content=\"Arencia PDRN Booster Shot ir \u013coti efekt\u012bvs koncentr\u0113ts serums, kas izstr\u0101d\u0101ts \u0101das dzi\u013cai atjauno\u0161anai, mitrin\u0101\u0161anai un atjauno\u0161anai.\" \/>\n<meta property=\"og:url\" content=\"https:\/\/www.facecorner.lv\/lv\/shop\/arencia-pdrn-booster-shot-serums-adas-atjaunosanai-30ml\/\" \/>\n<meta property=\"og:site_name\" content=\"FACECORNER\" \/>\n<meta property=\"article:publisher\" content=\"https:\/\/www.facebook.com\/profile.php?id=100063824551839\" \/>\n<meta property=\"article:modified_time\" content=\"2026-04-27T11:40:31+00:00\" \/>\n<meta property=\"og:image\" content=\"https:\/\/www.facecorner.lv\/wp-content\/uploads\/2026\/03\/4a114ffa0c0552224e90dd81028531c254d65ed8df78eb773240b32453b8d47c366019.png\" \/>\n\t<meta property=\"og:image:width\" content=\"600\" \/>\n\t<meta property=\"og:image:height\" content=\"600\" \/>\n\t<meta property=\"og:image:type\" content=\"image\/png\" \/>\n<meta name=\"twitter:card\" content=\"summary_large_image\" \/>\n<meta name=\"twitter:label1\" content=\"Price\" \/>\n\t<meta name=\"twitter:data1\" content=\"&euro;19.95\" \/>\n\t<meta name=\"twitter:label2\" content=\"Availability\" \/>\n\t<meta name=\"twitter:data2\" content=\"Out of stock\" \/>\n<script type=\"application\/ld+json\" class=\"yoast-schema-graph\">{\"@context\":\"https:\\\/\\\/schema.org\",\"@graph\":[{\"@type\":\"WebPage\",\"@id\":\"https:\\\/\\\/www.facecorner.lv\\\/shop\\\/arencia-pdrn-booster-shot-serums-adas-atjaunosanai-30ml\\\/\",\"url\":\"https:\\\/\\\/www.facecorner.lv\\\/shop\\\/arencia-pdrn-booster-shot-serums-adas-atjaunosanai-30ml\\\/\",\"name\":\"Arencia PDRN Booster Shot serums \u0101das atjauno\u0161anai 30ml - FACECORNER\",\"isPartOf\":{\"@id\":\"https:\\\/\\\/www.facecorner.lv\\\/#website\"},\"primaryImageOfPage\":{\"@id\":\"https:\\\/\\\/www.facecorner.lv\\\/shop\\\/arencia-pdrn-booster-shot-serums-adas-atjaunosanai-30ml\\\/#primaryimage\"},\"image\":{\"@id\":\"https:\\\/\\\/www.facecorner.lv\\\/shop\\\/arencia-pdrn-booster-shot-serums-adas-atjaunosanai-30ml\\\/#primaryimage\"},\"thumbnailUrl\":\"https:\\\/\\\/www.facecorner.lv\\\/wp-content\\\/uploads\\\/2026\\\/03\\\/4a114ffa0c0552224e90dd81028531c254d65ed8df78eb773240b32453b8d47c366019.png\",\"datePublished\":\"2026-03-23T12:44:29+00:00\",\"dateModified\":\"2026-04-27T11:40:31+00:00\",\"description\":\"Arencia PDRN Booster Shot ir \u013coti efekt\u012bvs koncentr\u0113ts serums, kas izstr\u0101d\u0101ts \u0101das dzi\u013cai atjauno\u0161anai, mitrin\u0101\u0161anai un atjauno\u0161anai.\",\"breadcrumb\":{\"@id\":\"https:\\\/\\\/www.facecorner.lv\\\/shop\\\/arencia-pdrn-booster-shot-serums-adas-atjaunosanai-30ml\\\/#breadcrumb\"},\"inLanguage\":\"lv-LV\",\"potentialAction\":[{\"@type\":\"ReadAction\",\"target\":[\"https:\\\/\\\/www.facecorner.lv\\\/shop\\\/arencia-pdrn-booster-shot-serums-adas-atjaunosanai-30ml\\\/\"]}]},{\"@type\":\"ImageObject\",\"inLanguage\":\"lv-LV\",\"@id\":\"https:\\\/\\\/www.facecorner.lv\\\/shop\\\/arencia-pdrn-booster-shot-serums-adas-atjaunosanai-30ml\\\/#primaryimage\",\"url\":\"https:\\\/\\\/www.facecorner.lv\\\/wp-content\\\/uploads\\\/2026\\\/03\\\/4a114ffa0c0552224e90dd81028531c254d65ed8df78eb773240b32453b8d47c366019.png\",\"contentUrl\":\"https:\\\/\\\/www.facecorner.lv\\\/wp-content\\\/uploads\\\/2026\\\/03\\\/4a114ffa0c0552224e90dd81028531c254d65ed8df78eb773240b32453b8d47c366019.png\",\"width\":600,\"height\":600,\"caption\":\"Arencia PDRN Booster Shot\"},{\"@type\":\"BreadcrumbList\",\"@id\":\"https:\\\/\\\/www.facecorner.lv\\\/shop\\\/arencia-pdrn-booster-shot-serums-adas-atjaunosanai-30ml\\\/#breadcrumb\",\"itemListElement\":[{\"@type\":\"ListItem\",\"position\":1,\"name\":\"Home\",\"item\":\"https:\\\/\\\/www.facecorner.lv\\\/\"},{\"@type\":\"ListItem\",\"position\":2,\"name\":\"Veikals\",\"item\":\"https:\\\/\\\/www.facecorner.lv\\\/shop\\\/\"},{\"@type\":\"ListItem\",\"position\":3,\"name\":\"Arencia PDRN Booster Shot serums \u0101das atjauno\u0161anai 30ml\"}]},{\"@type\":\"WebSite\",\"@id\":\"https:\\\/\\\/www.facecorner.lv\\\/#website\",\"url\":\"https:\\\/\\\/www.facecorner.lv\\\/\",\"name\":\"Facecorner\",\"description\":\"\",\"publisher\":{\"@id\":\"https:\\\/\\\/www.facecorner.lv\\\/#organization\"},\"potentialAction\":[{\"@type\":\"SearchAction\",\"target\":{\"@type\":\"EntryPoint\",\"urlTemplate\":\"https:\\\/\\\/www.facecorner.lv\\\/?s={search_term_string}\"},\"query-input\":{\"@type\":\"PropertyValueSpecification\",\"valueRequired\":true,\"valueName\":\"search_term_string\"}}],\"inLanguage\":\"lv-LV\"},{\"@type\":\"Organization\",\"@id\":\"https:\\\/\\\/www.facecorner.lv\\\/#organization\",\"name\":\"Facecorner\",\"url\":\"https:\\\/\\\/www.facecorner.lv\\\/\",\"logo\":{\"@type\":\"ImageObject\",\"inLanguage\":\"lv-LV\",\"@id\":\"https:\\\/\\\/www.facecorner.lv\\\/#\\\/schema\\\/logo\\\/image\\\/\",\"url\":\"https:\\\/\\\/www.facecorner.lv\\\/wp-content\\\/uploads\\\/2024\\\/04\\\/fc-logo.jpg\",\"contentUrl\":\"https:\\\/\\\/www.facecorner.lv\\\/wp-content\\\/uploads\\\/2024\\\/04\\\/fc-logo.jpg\",\"width\":174,\"height\":28,\"caption\":\"Facecorner\"},\"image\":{\"@id\":\"https:\\\/\\\/www.facecorner.lv\\\/#\\\/schema\\\/logo\\\/image\\\/\"},\"sameAs\":[\"https:\\\/\\\/www.facebook.com\\\/profile.php?id=100063824551839\",\"https:\\\/\\\/www.instagram.com\\\/facecorner_shop\\\/\"]}]}<\/script>\n<meta property=\"product:price:amount\" content=\"19.95\" \/>\n<meta property=\"product:price:currency\" content=\"EUR\" \/>\n<meta property=\"og:availability\" content=\"out of stock\" \/>\n<meta property=\"product:availability\" content=\"out of stock\" \/>\n<meta property=\"product:condition\" content=\"new\" \/>\n<!-- \/ Yoast SEO plugin. -->","yoast_head_json":{"title":"Arencia PDRN Booster Shot serums \u0101das atjauno\u0161anai 30ml - FACECORNER","description":"Arencia PDRN Booster Shot ir \u013coti efekt\u012bvs koncentr\u0113ts serums, kas izstr\u0101d\u0101ts \u0101das dzi\u013cai atjauno\u0161anai, mitrin\u0101\u0161anai un atjauno\u0161anai.","robots":{"index":"index","follow":"follow","max-snippet":"max-snippet:-1","max-image-preview":"max-image-preview:large","max-video-preview":"max-video-preview:-1"},"canonical":"https:\/\/www.facecorner.lv\/lv\/shop\/arencia-pdrn-booster-shot-serums-adas-atjaunosanai-30ml\/","og_locale":"lv_LV","og_type":"article","og_title":"Arencia PDRN Booster Shot serums \u0101das atjauno\u0161anai 30ml - FACECORNER","og_description":"Arencia PDRN Booster Shot ir \u013coti efekt\u012bvs koncentr\u0113ts serums, kas izstr\u0101d\u0101ts \u0101das dzi\u013cai atjauno\u0161anai, mitrin\u0101\u0161anai un atjauno\u0161anai.","og_url":"https:\/\/www.facecorner.lv\/lv\/shop\/arencia-pdrn-booster-shot-serums-adas-atjaunosanai-30ml\/","og_site_name":"FACECORNER","article_publisher":"https:\/\/www.facebook.com\/profile.php?id=100063824551839","article_modified_time":"2026-04-27T11:40:31+00:00","og_image":[{"width":600,"height":600,"url":"https:\/\/www.facecorner.lv\/wp-content\/uploads\/2026\/03\/4a114ffa0c0552224e90dd81028531c254d65ed8df78eb773240b32453b8d47c366019.png","type":"image\/png"}],"twitter_card":"summary_large_image","twitter_misc":{"Price":"&euro;19.95","Availability":"Out of stock"},"schema":{"@context":"https:\/\/schema.org","@graph":[{"@type":"WebPage","@id":"https:\/\/www.facecorner.lv\/shop\/arencia-pdrn-booster-shot-serums-adas-atjaunosanai-30ml\/","url":"https:\/\/www.facecorner.lv\/shop\/arencia-pdrn-booster-shot-serums-adas-atjaunosanai-30ml\/","name":"Arencia PDRN Booster Shot serums \u0101das atjauno\u0161anai 30ml - FACECORNER","isPartOf":{"@id":"https:\/\/www.facecorner.lv\/#website"},"primaryImageOfPage":{"@id":"https:\/\/www.facecorner.lv\/shop\/arencia-pdrn-booster-shot-serums-adas-atjaunosanai-30ml\/#primaryimage"},"image":{"@id":"https:\/\/www.facecorner.lv\/shop\/arencia-pdrn-booster-shot-serums-adas-atjaunosanai-30ml\/#primaryimage"},"thumbnailUrl":"https:\/\/www.facecorner.lv\/wp-content\/uploads\/2026\/03\/4a114ffa0c0552224e90dd81028531c254d65ed8df78eb773240b32453b8d47c366019.png","datePublished":"2026-03-23T12:44:29+00:00","dateModified":"2026-04-27T11:40:31+00:00","description":"Arencia PDRN Booster Shot ir \u013coti efekt\u012bvs koncentr\u0113ts serums, kas izstr\u0101d\u0101ts \u0101das dzi\u013cai atjauno\u0161anai, mitrin\u0101\u0161anai un atjauno\u0161anai.","breadcrumb":{"@id":"https:\/\/www.facecorner.lv\/shop\/arencia-pdrn-booster-shot-serums-adas-atjaunosanai-30ml\/#breadcrumb"},"inLanguage":"lv-LV","potentialAction":[{"@type":"ReadAction","target":["https:\/\/www.facecorner.lv\/shop\/arencia-pdrn-booster-shot-serums-adas-atjaunosanai-30ml\/"]}]},{"@type":"ImageObject","inLanguage":"lv-LV","@id":"https:\/\/www.facecorner.lv\/shop\/arencia-pdrn-booster-shot-serums-adas-atjaunosanai-30ml\/#primaryimage","url":"https:\/\/www.facecorner.lv\/wp-content\/uploads\/2026\/03\/4a114ffa0c0552224e90dd81028531c254d65ed8df78eb773240b32453b8d47c366019.png","contentUrl":"https:\/\/www.facecorner.lv\/wp-content\/uploads\/2026\/03\/4a114ffa0c0552224e90dd81028531c254d65ed8df78eb773240b32453b8d47c366019.png","width":600,"height":600,"caption":"Arencia PDRN Booster Shot"},{"@type":"BreadcrumbList","@id":"https:\/\/www.facecorner.lv\/shop\/arencia-pdrn-booster-shot-serums-adas-atjaunosanai-30ml\/#breadcrumb","itemListElement":[{"@type":"ListItem","position":1,"name":"Home","item":"https:\/\/www.facecorner.lv\/"},{"@type":"ListItem","position":2,"name":"Veikals","item":"https:\/\/www.facecorner.lv\/shop\/"},{"@type":"ListItem","position":3,"name":"Arencia PDRN Booster Shot serums \u0101das atjauno\u0161anai 30ml"}]},{"@type":"WebSite","@id":"https:\/\/www.facecorner.lv\/#website","url":"https:\/\/www.facecorner.lv\/","name":"Facecorner","description":"","publisher":{"@id":"https:\/\/www.facecorner.lv\/#organization"},"potentialAction":[{"@type":"SearchAction","target":{"@type":"EntryPoint","urlTemplate":"https:\/\/www.facecorner.lv\/?s={search_term_string}"},"query-input":{"@type":"PropertyValueSpecification","valueRequired":true,"valueName":"search_term_string"}}],"inLanguage":"lv-LV"},{"@type":"Organization","@id":"https:\/\/www.facecorner.lv\/#organization","name":"Facecorner","url":"https:\/\/www.facecorner.lv\/","logo":{"@type":"ImageObject","inLanguage":"lv-LV","@id":"https:\/\/www.facecorner.lv\/#\/schema\/logo\/image\/","url":"https:\/\/www.facecorner.lv\/wp-content\/uploads\/2024\/04\/fc-logo.jpg","contentUrl":"https:\/\/www.facecorner.lv\/wp-content\/uploads\/2024\/04\/fc-logo.jpg","width":174,"height":28,"caption":"Facecorner"},"image":{"@id":"https:\/\/www.facecorner.lv\/#\/schema\/logo\/image\/"},"sameAs":["https:\/\/www.facebook.com\/profile.php?id=100063824551839","https:\/\/www.instagram.com\/facecorner_shop\/"]}]},"product_price_amount":"19.95","product_price_currency":"EUR","og_availability":"out of stock","product_availability":"out of stock","product_condition":"new"},"_links":{"self":[{"href":"https:\/\/www.facecorner.lv\/lv\/wp-json\/wp\/v2\/product\/27282","targetHints":{"allow":["GET"]}}],"collection":[{"href":"https:\/\/www.facecorner.lv\/lv\/wp-json\/wp\/v2\/product"}],"about":[{"href":"https:\/\/www.facecorner.lv\/lv\/wp-json\/wp\/v2\/types\/product"}],"replies":[{"embeddable":true,"href":"https:\/\/www.facecorner.lv\/lv\/wp-json\/wp\/v2\/comments?post=27282"}],"wp:featuredmedia":[{"embeddable":true,"href":"https:\/\/www.facecorner.lv\/lv\/wp-json\/wp\/v2\/media\/27283"}],"wp:attachment":[{"href":"https:\/\/www.facecorner.lv\/lv\/wp-json\/wp\/v2\/media?parent=27282"}],"wp:term":[{"taxonomy":"product_brand","embeddable":true,"href":"https:\/\/www.facecorner.lv\/lv\/wp-json\/wp\/v2\/product_brand?post=27282"},{"taxonomy":"product_cat","embeddable":true,"href":"https:\/\/www.facecorner.lv\/lv\/wp-json\/wp\/v2\/product_cat?post=27282"},{"taxonomy":"product_tag","embeddable":true,"href":"https:\/\/www.facecorner.lv\/lv\/wp-json\/wp\/v2\/product_tag?post=27282"},{"taxonomy":"berocket_brand","embeddable":true,"href":"https:\/\/www.facecorner.lv\/lv\/wp-json\/wp\/v2\/berocket_brand?post=27282"}],"curies":[{"name":"wp","href":"https:\/\/api.w.org\/{rel}","templated":true}]}}