{"id":27239,"date":"2026-03-18T17:06:10","date_gmt":"2026-03-18T14:06:10","guid":{"rendered":"https:\/\/www.facecorner.lv\/?post_type=product&#038;p=27239"},"modified":"2026-04-09T12:19:22","modified_gmt":"2026-04-09T09:19:22","slug":"purcell-pixcell-biom-2billion-ml-augsti-koncentrets-probiotiskais-serums","status":"publish","type":"product","link":"https:\/\/www.facecorner.lv\/lv\/shop\/purcell-pixcell-biom-2billion-ml-augsti-koncentrets-probiotiskais-serums\/","title":{"rendered":"PURCELL Pixcell Biom 2Billion\/mL augsti koncentr\u0113ts probiotiskais serums 30ml"},"content":{"rendered":"<p>PURCELL Pixcell Biom 2Billion\/mL ir inovat\u012bva ampula ar 90 % probiotisko kompleksu, kas satur l\u012bdz 2 miljardiem akt\u012bvo \u0161\u016bnu uz mililitru. \u0160is l\u012bdzeklis akt\u012bvi atjauno \u0101das mikrobiomu, samazina jut\u012bgumu un pal\u012bdz \u0101dai atg\u016bt vesel\u012bgu, koptu izskatu.<\/p>\n<h6>Galven\u0101s priek\u0161roc\u012bbas:<\/h6>\n<ul>\n<li>Intens\u012bvi atjauno \u0101das barjeru un uzlabo aizsardz\u012bbu pret \u0101r\u0113jiem faktoriem<\/li>\n<li>Nomierina kairin\u0101jumu un aps\u0101rtumu<\/li>\n<li>Dzi\u013ci mitrina un saglab\u0101 mitrumu<\/li>\n<li>Uzlabo \u0101das stingr\u012bbu un elast\u012bbu<\/li>\n<li>Izl\u012bdzina \u0101das tekst\u016bru un pie\u0161\u0137ir gludumu<\/li>\n<\/ul>\n<h6>Galven\u0101 formula:<\/h6>\n<ul>\n<li>Serums satur 90 % Pixcell Biom\u2122 kompleksa \u2014 probiotiku kombin\u0101ciju:<\/li>\n<\/ul>\n<p>Bifida Ferment Lysate (45 %)<\/p>\n<p>Lactobacillus Ferment Lysate (45%)<\/p>\n<p><strong>Koncentr\u0101cija 2 miljardi \u0161\u016bnu\/ml pal\u012bdz:<\/strong><\/p>\n<ul>\n<li>atjaunot \u0101das mikrobiomu<\/li>\n<li>nostiprin\u0101t barjeras funkcijas<\/li>\n<li>stimul\u0113t prokolag\u0113na veido\u0161anos<\/li>\n<\/ul>\n<p><strong>Kam tas piem\u0113rots:<\/strong><\/p>\n<ul>\n<li>jut\u012bgai un rea\u0123\u0113jo\u0161ai \u0101dai<\/li>\n<li>\u0101dai ar trauc\u0113tu barjeru<\/li>\n<li>\u0101dai ar pinnes un p\u0113capinnes izpausm\u0113m<\/li>\n<li>dehidr\u0113tai un bl\u0101vai \u0101dai<\/li>\n<li>p\u0113c kosm\u0113tiskaj\u0101m proced\u016br\u0101m<\/li>\n<\/ul>\n<p><strong>Lieto\u0161ana:<\/strong> Uzkl\u0101jiet nelielu daudzumu uz t\u012bras \u0101das uzreiz p\u0113c sejas mazg\u0101\u0161anas (pirmais kop\u0161anas posms). Viegli iemas\u0113jiet un \u013caujiet ies\u016bkties. Lietojiet no r\u012bta un vakar\u0101.<\/p>\n<p><strong>Sast\u0101vs:<\/strong> Water, Bifida Ferment Lysate (45%), Lactobacillus Ferment Lysate (45%), Butylene Glycol, Glycerin, 1,2-Hexanediol, Pentylene Glycol, Sodium Hyaluronate, Beta-Glucan, Adenosine, Sodium Phytate, Ethylhexylglycerin, Tromethamine, Gluconolactone, Polyglyceryl-3 Methylglucose Distearate, Hydrolyzed Collagen, Hydrogenated Lecithin, Tocopherol, Carbomer, Xanthan Gum<\/p>\n","protected":false},"excerpt":{"rendered":"<p>PURCELL Pixcell Biom 2Billion\/mL ir inovat\u012bva ampula ar 90 % probiotisko kompleksu, kas satur l\u012bdz 2 miljardiem akt\u012bvo \u0161\u016bnu uz mililitru. \u0160is l\u012bdzeklis akt\u012bvi atjauno \u0101das mikrobiomu, samazina jut\u012bgumu un pal\u012bdz \u0101dai atg\u016bt vesel\u012bgu, koptu izskatu.<\/p>\n","protected":false},"featured_media":27240,"comment_status":"open","ping_status":"closed","template":"","meta":{"site-sidebar-layout":"default","site-content-layout":"","ast-site-content-layout":"default","site-content-style":"default","site-sidebar-style":"default","ast-global-header-display":"","ast-banner-title-visibility":"","ast-main-header-display":"","ast-hfb-above-header-display":"","ast-hfb-below-header-display":"","ast-hfb-mobile-header-display":"","site-post-title":"","ast-breadcrumbs-content":"","ast-featured-img":"","footer-sml-layout":"","theme-transparent-header-meta":"default","adv-header-id-meta":"","stick-header-meta":"","header-above-stick-meta":"","header-main-stick-meta":"","header-below-stick-meta":"","astra-migrate-meta-layouts":"set","ast-page-background-enabled":"default","ast-page-background-meta":{"desktop":{"background-color":"var(--ast-global-color-4)","background-image":"","background-repeat":"repeat","background-position":"center center","background-size":"auto","background-attachment":"scroll","background-type":"","background-media":"","overlay-type":"","overlay-color":"","overlay-opacity":"","overlay-gradient":""},"tablet":{"background-color":"","background-image":"","background-repeat":"repeat","background-position":"center center","background-size":"auto","background-attachment":"scroll","background-type":"","background-media":"","overlay-type":"","overlay-color":"","overlay-opacity":"","overlay-gradient":""},"mobile":{"background-color":"","background-image":"","background-repeat":"repeat","background-position":"center center","background-size":"auto","background-attachment":"scroll","background-type":"","background-media":"","overlay-type":"","overlay-color":"","overlay-opacity":"","overlay-gradient":""}},"ast-content-background-meta":{"desktop":{"background-color":"var(--ast-global-color-5)","background-image":"","background-repeat":"repeat","background-position":"center center","background-size":"auto","background-attachment":"scroll","background-type":"","background-media":"","overlay-type":"","overlay-color":"","overlay-opacity":"","overlay-gradient":""},"tablet":{"background-color":"var(--ast-global-color-5)","background-image":"","background-repeat":"repeat","background-position":"center center","background-size":"auto","background-attachment":"scroll","background-type":"","background-media":"","overlay-type":"","overlay-color":"","overlay-opacity":"","overlay-gradient":""},"mobile":{"background-color":"var(--ast-global-color-5)","background-image":"","background-repeat":"repeat","background-position":"center center","background-size":"auto","background-attachment":"scroll","background-type":"","background-media":"","overlay-type":"","overlay-color":"","overlay-opacity":"","overlay-gradient":""}}},"product_brand":[],"product_cat":[370,371,372,373,374,363],"product_tag":[],"berocket_brand":[680],"class_list":{"0":"post-27239","1":"product","2":"type-product","3":"status-publish","4":"has-post-thumbnail","6":"product_cat-adas-mirdzumam","7":"product_cat-anti-age","8":"product_cat-jutigai-adai-serumi","9":"product_cat-poras-sasaurinoss","10":"product_cat-pret-pinnem","11":"product_cat-serumi","12":"berocket_brand-purcell","13":"desktop-align-left","14":"tablet-align-left","15":"mobile-align-left","17":"first","18":"outofstock","19":"taxable","20":"shipping-taxable","21":"purchasable","22":"product-type-simple","23":"add-to-wishlist-before_image"},"yoast_head":"<!-- This site is optimized with the Yoast SEO plugin v27.4 - https:\/\/yoast.com\/product\/yoast-seo-wordpress\/ -->\n<title>PURCELL Pixcell Biom 2Billion\/mL augsti koncentr\u0113ts probiotiskais serums 30ml - FACECORNER<\/title>\n<meta name=\"description\" content=\"PURCELL Pixcell Biom 2Billion\/mL ir inovat\u012bva ampula ar 90 % probiotisko kompleksu, kas satur l\u012bdz 2 miljardiem akt\u012bvo \u0161\u016bnu uz mililitru. \u0160is l\u012bdzeklis akt\u012bvi atjauno \u0101das mikrobiomu, samazina jut\u012bgumu un pal\u012bdz \u0101dai atg\u016bt vesel\u012bgu, koptu izskatu.\" \/>\n<meta name=\"robots\" content=\"index, follow, max-snippet:-1, max-image-preview:large, max-video-preview:-1\" \/>\n<link rel=\"canonical\" href=\"https:\/\/www.facecorner.lv\/lv\/shop\/purcell-pixcell-biom-2billion-ml-augsti-koncentrets-probiotiskais-serums\/\" \/>\n<meta property=\"og:locale\" content=\"lv_LV\" \/>\n<meta property=\"og:type\" content=\"article\" \/>\n<meta property=\"og:title\" content=\"PURCELL Pixcell Biom 2Billion\/mL augsti koncentr\u0113ts probiotiskais serums 30ml - FACECORNER\" \/>\n<meta property=\"og:description\" content=\"PURCELL Pixcell Biom 2Billion\/mL ir inovat\u012bva ampula ar 90 % probiotisko kompleksu, kas satur l\u012bdz 2 miljardiem akt\u012bvo \u0161\u016bnu uz mililitru. \u0160is l\u012bdzeklis akt\u012bvi atjauno \u0101das mikrobiomu, samazina jut\u012bgumu un pal\u012bdz \u0101dai atg\u016bt vesel\u012bgu, koptu izskatu.\" \/>\n<meta property=\"og:url\" content=\"https:\/\/www.facecorner.lv\/lv\/shop\/purcell-pixcell-biom-2billion-ml-augsti-koncentrets-probiotiskais-serums\/\" \/>\n<meta property=\"og:site_name\" content=\"FACECORNER\" \/>\n<meta property=\"article:publisher\" content=\"https:\/\/www.facebook.com\/profile.php?id=100063824551839\" \/>\n<meta property=\"article:modified_time\" content=\"2026-04-09T09:19:22+00:00\" \/>\n<meta property=\"og:image\" content=\"https:\/\/www.facecorner.lv\/wp-content\/uploads\/2026\/03\/PURCELL-Pixcell-Biom-2-Billion-mL.webp\" \/>\n\t<meta property=\"og:image:width\" content=\"1500\" \/>\n\t<meta property=\"og:image:height\" content=\"1500\" \/>\n\t<meta property=\"og:image:type\" content=\"image\/webp\" \/>\n<meta name=\"twitter:card\" content=\"summary_large_image\" \/>\n<meta name=\"twitter:label1\" content=\"Price\" \/>\n\t<meta name=\"twitter:data1\" content=\"&euro;39.95\" \/>\n\t<meta name=\"twitter:label2\" content=\"Availability\" \/>\n\t<meta name=\"twitter:data2\" content=\"Out of stock\" \/>\n<script type=\"application\/ld+json\" class=\"yoast-schema-graph\">{\"@context\":\"https:\\\/\\\/schema.org\",\"@graph\":[{\"@type\":\"WebPage\",\"@id\":\"https:\\\/\\\/www.facecorner.lv\\\/shop\\\/purcell-pixcell-biom-2billion-ml-augsti-koncentrets-probiotiskais-serums\\\/\",\"url\":\"https:\\\/\\\/www.facecorner.lv\\\/shop\\\/purcell-pixcell-biom-2billion-ml-augsti-koncentrets-probiotiskais-serums\\\/\",\"name\":\"PURCELL Pixcell Biom 2Billion\\\/mL augsti koncentr\u0113ts probiotiskais serums 30ml - FACECORNER\",\"isPartOf\":{\"@id\":\"https:\\\/\\\/www.facecorner.lv\\\/#website\"},\"primaryImageOfPage\":{\"@id\":\"https:\\\/\\\/www.facecorner.lv\\\/shop\\\/purcell-pixcell-biom-2billion-ml-augsti-koncentrets-probiotiskais-serums\\\/#primaryimage\"},\"image\":{\"@id\":\"https:\\\/\\\/www.facecorner.lv\\\/shop\\\/purcell-pixcell-biom-2billion-ml-augsti-koncentrets-probiotiskais-serums\\\/#primaryimage\"},\"thumbnailUrl\":\"https:\\\/\\\/www.facecorner.lv\\\/wp-content\\\/uploads\\\/2026\\\/03\\\/PURCELL-Pixcell-Biom-2-Billion-mL.webp\",\"datePublished\":\"2026-03-18T14:06:10+00:00\",\"dateModified\":\"2026-04-09T09:19:22+00:00\",\"description\":\"PURCELL Pixcell Biom 2Billion\\\/mL ir inovat\u012bva ampula ar 90 % probiotisko kompleksu, kas satur l\u012bdz 2 miljardiem akt\u012bvo \u0161\u016bnu uz mililitru. \u0160is l\u012bdzeklis akt\u012bvi atjauno \u0101das mikrobiomu, samazina jut\u012bgumu un pal\u012bdz \u0101dai atg\u016bt vesel\u012bgu, koptu izskatu.\",\"breadcrumb\":{\"@id\":\"https:\\\/\\\/www.facecorner.lv\\\/shop\\\/purcell-pixcell-biom-2billion-ml-augsti-koncentrets-probiotiskais-serums\\\/#breadcrumb\"},\"inLanguage\":\"lv-LV\",\"potentialAction\":[{\"@type\":\"ReadAction\",\"target\":[\"https:\\\/\\\/www.facecorner.lv\\\/shop\\\/purcell-pixcell-biom-2billion-ml-augsti-koncentrets-probiotiskais-serums\\\/\"]}]},{\"@type\":\"ImageObject\",\"inLanguage\":\"lv-LV\",\"@id\":\"https:\\\/\\\/www.facecorner.lv\\\/shop\\\/purcell-pixcell-biom-2billion-ml-augsti-koncentrets-probiotiskais-serums\\\/#primaryimage\",\"url\":\"https:\\\/\\\/www.facecorner.lv\\\/wp-content\\\/uploads\\\/2026\\\/03\\\/PURCELL-Pixcell-Biom-2-Billion-mL.webp\",\"contentUrl\":\"https:\\\/\\\/www.facecorner.lv\\\/wp-content\\\/uploads\\\/2026\\\/03\\\/PURCELL-Pixcell-Biom-2-Billion-mL.webp\",\"width\":1500,\"height\":1500,\"caption\":\"PURCELL Pixcell Biom 2Billion\\\/mL\"},{\"@type\":\"BreadcrumbList\",\"@id\":\"https:\\\/\\\/www.facecorner.lv\\\/shop\\\/purcell-pixcell-biom-2billion-ml-augsti-koncentrets-probiotiskais-serums\\\/#breadcrumb\",\"itemListElement\":[{\"@type\":\"ListItem\",\"position\":1,\"name\":\"Home\",\"item\":\"https:\\\/\\\/www.facecorner.lv\\\/\"},{\"@type\":\"ListItem\",\"position\":2,\"name\":\"Veikals\",\"item\":\"https:\\\/\\\/www.facecorner.lv\\\/shop\\\/\"},{\"@type\":\"ListItem\",\"position\":3,\"name\":\"PURCELL Pixcell Biom 2Billion\\\/mL augsti koncentr\u0113ts probiotiskais serums 30ml\"}]},{\"@type\":\"WebSite\",\"@id\":\"https:\\\/\\\/www.facecorner.lv\\\/#website\",\"url\":\"https:\\\/\\\/www.facecorner.lv\\\/\",\"name\":\"Facecorner\",\"description\":\"\",\"publisher\":{\"@id\":\"https:\\\/\\\/www.facecorner.lv\\\/#organization\"},\"potentialAction\":[{\"@type\":\"SearchAction\",\"target\":{\"@type\":\"EntryPoint\",\"urlTemplate\":\"https:\\\/\\\/www.facecorner.lv\\\/?s={search_term_string}\"},\"query-input\":{\"@type\":\"PropertyValueSpecification\",\"valueRequired\":true,\"valueName\":\"search_term_string\"}}],\"inLanguage\":\"lv-LV\"},{\"@type\":\"Organization\",\"@id\":\"https:\\\/\\\/www.facecorner.lv\\\/#organization\",\"name\":\"Facecorner\",\"url\":\"https:\\\/\\\/www.facecorner.lv\\\/\",\"logo\":{\"@type\":\"ImageObject\",\"inLanguage\":\"lv-LV\",\"@id\":\"https:\\\/\\\/www.facecorner.lv\\\/#\\\/schema\\\/logo\\\/image\\\/\",\"url\":\"https:\\\/\\\/www.facecorner.lv\\\/wp-content\\\/uploads\\\/2024\\\/04\\\/fc-logo.jpg\",\"contentUrl\":\"https:\\\/\\\/www.facecorner.lv\\\/wp-content\\\/uploads\\\/2024\\\/04\\\/fc-logo.jpg\",\"width\":174,\"height\":28,\"caption\":\"Facecorner\"},\"image\":{\"@id\":\"https:\\\/\\\/www.facecorner.lv\\\/#\\\/schema\\\/logo\\\/image\\\/\"},\"sameAs\":[\"https:\\\/\\\/www.facebook.com\\\/profile.php?id=100063824551839\",\"https:\\\/\\\/www.instagram.com\\\/facecorner_shop\\\/\"]}]}<\/script>\n<meta property=\"product:price:amount\" content=\"39.95\" \/>\n<meta property=\"product:price:currency\" content=\"EUR\" \/>\n<meta property=\"og:availability\" content=\"out of stock\" \/>\n<meta property=\"product:availability\" content=\"out of stock\" \/>\n<meta property=\"product:condition\" content=\"new\" \/>\n<!-- \/ Yoast SEO plugin. -->","yoast_head_json":{"title":"PURCELL Pixcell Biom 2Billion\/mL augsti koncentr\u0113ts probiotiskais serums 30ml - FACECORNER","description":"PURCELL Pixcell Biom 2Billion\/mL ir inovat\u012bva ampula ar 90 % probiotisko kompleksu, kas satur l\u012bdz 2 miljardiem akt\u012bvo \u0161\u016bnu uz mililitru. \u0160is l\u012bdzeklis akt\u012bvi atjauno \u0101das mikrobiomu, samazina jut\u012bgumu un pal\u012bdz \u0101dai atg\u016bt vesel\u012bgu, koptu izskatu.","robots":{"index":"index","follow":"follow","max-snippet":"max-snippet:-1","max-image-preview":"max-image-preview:large","max-video-preview":"max-video-preview:-1"},"canonical":"https:\/\/www.facecorner.lv\/lv\/shop\/purcell-pixcell-biom-2billion-ml-augsti-koncentrets-probiotiskais-serums\/","og_locale":"lv_LV","og_type":"article","og_title":"PURCELL Pixcell Biom 2Billion\/mL augsti koncentr\u0113ts probiotiskais serums 30ml - FACECORNER","og_description":"PURCELL Pixcell Biom 2Billion\/mL ir inovat\u012bva ampula ar 90 % probiotisko kompleksu, kas satur l\u012bdz 2 miljardiem akt\u012bvo \u0161\u016bnu uz mililitru. \u0160is l\u012bdzeklis akt\u012bvi atjauno \u0101das mikrobiomu, samazina jut\u012bgumu un pal\u012bdz \u0101dai atg\u016bt vesel\u012bgu, koptu izskatu.","og_url":"https:\/\/www.facecorner.lv\/lv\/shop\/purcell-pixcell-biom-2billion-ml-augsti-koncentrets-probiotiskais-serums\/","og_site_name":"FACECORNER","article_publisher":"https:\/\/www.facebook.com\/profile.php?id=100063824551839","article_modified_time":"2026-04-09T09:19:22+00:00","og_image":[{"width":1500,"height":1500,"url":"https:\/\/www.facecorner.lv\/wp-content\/uploads\/2026\/03\/PURCELL-Pixcell-Biom-2-Billion-mL.webp","type":"image\/webp"}],"twitter_card":"summary_large_image","twitter_misc":{"Price":"&euro;39.95","Availability":"Out of stock"},"schema":{"@context":"https:\/\/schema.org","@graph":[{"@type":"WebPage","@id":"https:\/\/www.facecorner.lv\/shop\/purcell-pixcell-biom-2billion-ml-augsti-koncentrets-probiotiskais-serums\/","url":"https:\/\/www.facecorner.lv\/shop\/purcell-pixcell-biom-2billion-ml-augsti-koncentrets-probiotiskais-serums\/","name":"PURCELL Pixcell Biom 2Billion\/mL augsti koncentr\u0113ts probiotiskais serums 30ml - FACECORNER","isPartOf":{"@id":"https:\/\/www.facecorner.lv\/#website"},"primaryImageOfPage":{"@id":"https:\/\/www.facecorner.lv\/shop\/purcell-pixcell-biom-2billion-ml-augsti-koncentrets-probiotiskais-serums\/#primaryimage"},"image":{"@id":"https:\/\/www.facecorner.lv\/shop\/purcell-pixcell-biom-2billion-ml-augsti-koncentrets-probiotiskais-serums\/#primaryimage"},"thumbnailUrl":"https:\/\/www.facecorner.lv\/wp-content\/uploads\/2026\/03\/PURCELL-Pixcell-Biom-2-Billion-mL.webp","datePublished":"2026-03-18T14:06:10+00:00","dateModified":"2026-04-09T09:19:22+00:00","description":"PURCELL Pixcell Biom 2Billion\/mL ir inovat\u012bva ampula ar 90 % probiotisko kompleksu, kas satur l\u012bdz 2 miljardiem akt\u012bvo \u0161\u016bnu uz mililitru. \u0160is l\u012bdzeklis akt\u012bvi atjauno \u0101das mikrobiomu, samazina jut\u012bgumu un pal\u012bdz \u0101dai atg\u016bt vesel\u012bgu, koptu izskatu.","breadcrumb":{"@id":"https:\/\/www.facecorner.lv\/shop\/purcell-pixcell-biom-2billion-ml-augsti-koncentrets-probiotiskais-serums\/#breadcrumb"},"inLanguage":"lv-LV","potentialAction":[{"@type":"ReadAction","target":["https:\/\/www.facecorner.lv\/shop\/purcell-pixcell-biom-2billion-ml-augsti-koncentrets-probiotiskais-serums\/"]}]},{"@type":"ImageObject","inLanguage":"lv-LV","@id":"https:\/\/www.facecorner.lv\/shop\/purcell-pixcell-biom-2billion-ml-augsti-koncentrets-probiotiskais-serums\/#primaryimage","url":"https:\/\/www.facecorner.lv\/wp-content\/uploads\/2026\/03\/PURCELL-Pixcell-Biom-2-Billion-mL.webp","contentUrl":"https:\/\/www.facecorner.lv\/wp-content\/uploads\/2026\/03\/PURCELL-Pixcell-Biom-2-Billion-mL.webp","width":1500,"height":1500,"caption":"PURCELL Pixcell Biom 2Billion\/mL"},{"@type":"BreadcrumbList","@id":"https:\/\/www.facecorner.lv\/shop\/purcell-pixcell-biom-2billion-ml-augsti-koncentrets-probiotiskais-serums\/#breadcrumb","itemListElement":[{"@type":"ListItem","position":1,"name":"Home","item":"https:\/\/www.facecorner.lv\/"},{"@type":"ListItem","position":2,"name":"Veikals","item":"https:\/\/www.facecorner.lv\/shop\/"},{"@type":"ListItem","position":3,"name":"PURCELL Pixcell Biom 2Billion\/mL augsti koncentr\u0113ts probiotiskais serums 30ml"}]},{"@type":"WebSite","@id":"https:\/\/www.facecorner.lv\/#website","url":"https:\/\/www.facecorner.lv\/","name":"Facecorner","description":"","publisher":{"@id":"https:\/\/www.facecorner.lv\/#organization"},"potentialAction":[{"@type":"SearchAction","target":{"@type":"EntryPoint","urlTemplate":"https:\/\/www.facecorner.lv\/?s={search_term_string}"},"query-input":{"@type":"PropertyValueSpecification","valueRequired":true,"valueName":"search_term_string"}}],"inLanguage":"lv-LV"},{"@type":"Organization","@id":"https:\/\/www.facecorner.lv\/#organization","name":"Facecorner","url":"https:\/\/www.facecorner.lv\/","logo":{"@type":"ImageObject","inLanguage":"lv-LV","@id":"https:\/\/www.facecorner.lv\/#\/schema\/logo\/image\/","url":"https:\/\/www.facecorner.lv\/wp-content\/uploads\/2024\/04\/fc-logo.jpg","contentUrl":"https:\/\/www.facecorner.lv\/wp-content\/uploads\/2024\/04\/fc-logo.jpg","width":174,"height":28,"caption":"Facecorner"},"image":{"@id":"https:\/\/www.facecorner.lv\/#\/schema\/logo\/image\/"},"sameAs":["https:\/\/www.facebook.com\/profile.php?id=100063824551839","https:\/\/www.instagram.com\/facecorner_shop\/"]}]},"product_price_amount":"39.95","product_price_currency":"EUR","og_availability":"out of stock","product_availability":"out of stock","product_condition":"new"},"_links":{"self":[{"href":"https:\/\/www.facecorner.lv\/lv\/wp-json\/wp\/v2\/product\/27239","targetHints":{"allow":["GET"]}}],"collection":[{"href":"https:\/\/www.facecorner.lv\/lv\/wp-json\/wp\/v2\/product"}],"about":[{"href":"https:\/\/www.facecorner.lv\/lv\/wp-json\/wp\/v2\/types\/product"}],"replies":[{"embeddable":true,"href":"https:\/\/www.facecorner.lv\/lv\/wp-json\/wp\/v2\/comments?post=27239"}],"wp:featuredmedia":[{"embeddable":true,"href":"https:\/\/www.facecorner.lv\/lv\/wp-json\/wp\/v2\/media\/27240"}],"wp:attachment":[{"href":"https:\/\/www.facecorner.lv\/lv\/wp-json\/wp\/v2\/media?parent=27239"}],"wp:term":[{"taxonomy":"product_brand","embeddable":true,"href":"https:\/\/www.facecorner.lv\/lv\/wp-json\/wp\/v2\/product_brand?post=27239"},{"taxonomy":"product_cat","embeddable":true,"href":"https:\/\/www.facecorner.lv\/lv\/wp-json\/wp\/v2\/product_cat?post=27239"},{"taxonomy":"product_tag","embeddable":true,"href":"https:\/\/www.facecorner.lv\/lv\/wp-json\/wp\/v2\/product_tag?post=27239"},{"taxonomy":"berocket_brand","embeddable":true,"href":"https:\/\/www.facecorner.lv\/lv\/wp-json\/wp\/v2\/berocket_brand?post=27239"}],"curies":[{"name":"wp","href":"https:\/\/api.w.org\/{rel}","templated":true}]}}