{"id":27234,"date":"2026-03-18T16:31:16","date_gmt":"2026-03-18T13:31:16","guid":{"rendered":"https:\/\/www.facecorner.lv\/?post_type=product&#038;p=27234"},"modified":"2026-04-21T14:27:43","modified_gmt":"2026-04-21T11:27:43","slug":"purcell-pixcell-biom-glow-barrier-serum-serums-adas-mirdzumam-un-stiprinasanai-50ml","status":"publish","type":"product","link":"https:\/\/www.facecorner.lv\/lv\/shop\/purcell-pixcell-biom-glow-barrier-serum-serums-adas-mirdzumam-un-stiprinasanai-50ml\/","title":{"rendered":"PURCELL Pixcell Biom Glow Barrier Serum serums \u0101das mirdzumam un stiprin\u0101\u0161anai 50ml"},"content":{"rendered":"<p>PURCELL Pixcell Biom Glow Barrier Serum ir daudzfunkcion\u0101ls serums ar fermentiem, pept\u012bdiem un niacinam\u012bdu, kas pal\u012bdz stiprin\u0101t \u0101das aizsargfunkcijas, dzi\u013ci mitrina to un atjauno dabisko, vesel\u012bgo mirdzumu.<\/p>\n<p>Viegl\u0101 tekst\u016bra \u0101tri ies\u016bcas, neatst\u0101jot lip\u012bguma saj\u016btu, un ir piem\u0113rota pat jut\u012bgai \u0101dai.<\/p>\n<h6>Galven\u0101s priek\u0161roc\u012bbas:<\/h6>\n<ul>\n<li>Atjauno \u0101das barjeru un palielina \u0101das iztur\u012bbu pret \u0101r\u0113jiem faktoriem<\/li>\n<li>Intens\u012bvi mitrina un saglab\u0101 mitrumu \u0101d\u0101<\/li>\n<li>Pie\u0161\u0137ir mirdzumu (glow-efekts) un izl\u012bdzina \u0101das toni<\/li>\n<li>Izl\u012bdzina \u0101das tekst\u016bru un samazina s\u012bko grumbu redzam\u012bbu<\/li>\n<li>Nomierina un samazina \u0101das jut\u012bgumu<\/li>\n<\/ul>\n<h6>Galven\u0101s sast\u0101vda\u013cas:<\/h6>\n<ul>\n<li>Fermentu komplekss (Bifida, Lactobacillus, Saccharomyces) \u2014 stiprina \u0101das mikrobiomu un uzlabo \u0101das barjeru<\/li>\n<li>Niacinam\u012bds \u2014 izl\u012bdzina \u0101das toni, samazina pigment\u0101ciju un poras<\/li>\n<li>Hexapeptide-11 un kolag\u0113ns \u2014 uzlabo \u0101das elast\u012bbu un izl\u012bdzina \u0101du<\/li>\n<li>Skval\u0101ns, \u0161\u012b e\u013c\u013ca un makad\u0101mijas e\u013c\u013ca \u2014 baro un saglab\u0101 mitrumu, neapgr\u016btinot \u0101du<\/li>\n<\/ul>\n<p><strong>Lieto\u0161anas veids<\/strong>: P\u0113c tonika uzkl\u0101jiet 2\u20133 pilienus uz att\u012br\u012btas \u0101das, izl\u012bdziniet pa seju un kaklu. Lietojiet no r\u012bta un vakar\u0101.<\/p>\n<p><strong>Sast\u0101vs:<\/strong> Defined Cell Culture Media 9, Butylene Glycol, Bifida Ferment Lysate, Lactobacillus Ferment Lysate, Glycerin, Water, Saccharomyces\/Hexapeptide-11 Ferment Filtrate Extract, 1,2-Hexanediol, Niacinamide, Ethoxydiglycol, Trehalose, Pentylene Glycol, Macadamia Ternifolia Seed Oil, Acrylates\/C10-30 Alkyl Acrylate Crosspolymer, Ammonium Acryloyldimethyltaurate\/VP Copolymer, Tromethamine, Ethylhexylglycerin, Squalane, Xanthan Gum, Hydrogenated Polydecene, Sodium Hyaluronate, Adenosine, Polyglyceryl-3 Methylglucose Distearate, Gluconolactone, Sodium Phytate, Butyrospermum Parkii (Shea) Butter, Beta-Glucan, Tocopherol, Carnitine, Salicylic Acid, Polyglyceryl-10 Oleate, Hydrogenated Lecithin, Hydrolyzed Collagen<\/p>\n","protected":false},"excerpt":{"rendered":"<p>PURCELL Pixcell Biom Glow Barrier Serum ir daudzfunkcion\u0101ls serums ar fermentiem, pept\u012bdiem un niacinam\u012bdu, kas pal\u012bdz stiprin\u0101t \u0101das aizsargfunkcijas, dzi\u013ci mitrina to un atjauno dabisko, vesel\u012bgo mirdzumu.<\/p>\n","protected":false},"featured_media":27235,"comment_status":"open","ping_status":"closed","template":"","meta":{"site-sidebar-layout":"default","site-content-layout":"","ast-site-content-layout":"default","site-content-style":"default","site-sidebar-style":"default","ast-global-header-display":"","ast-banner-title-visibility":"","ast-main-header-display":"","ast-hfb-above-header-display":"","ast-hfb-below-header-display":"","ast-hfb-mobile-header-display":"","site-post-title":"","ast-breadcrumbs-content":"","ast-featured-img":"","footer-sml-layout":"","theme-transparent-header-meta":"default","adv-header-id-meta":"","stick-header-meta":"","header-above-stick-meta":"","header-main-stick-meta":"","header-below-stick-meta":"","astra-migrate-meta-layouts":"set","ast-page-background-enabled":"default","ast-page-background-meta":{"desktop":{"background-color":"var(--ast-global-color-4)","background-image":"","background-repeat":"repeat","background-position":"center center","background-size":"auto","background-attachment":"scroll","background-type":"","background-media":"","overlay-type":"","overlay-color":"","overlay-opacity":"","overlay-gradient":""},"tablet":{"background-color":"","background-image":"","background-repeat":"repeat","background-position":"center center","background-size":"auto","background-attachment":"scroll","background-type":"","background-media":"","overlay-type":"","overlay-color":"","overlay-opacity":"","overlay-gradient":""},"mobile":{"background-color":"","background-image":"","background-repeat":"repeat","background-position":"center center","background-size":"auto","background-attachment":"scroll","background-type":"","background-media":"","overlay-type":"","overlay-color":"","overlay-opacity":"","overlay-gradient":""}},"ast-content-background-meta":{"desktop":{"background-color":"var(--ast-global-color-5)","background-image":"","background-repeat":"repeat","background-position":"center center","background-size":"auto","background-attachment":"scroll","background-type":"","background-media":"","overlay-type":"","overlay-color":"","overlay-opacity":"","overlay-gradient":""},"tablet":{"background-color":"var(--ast-global-color-5)","background-image":"","background-repeat":"repeat","background-position":"center center","background-size":"auto","background-attachment":"scroll","background-type":"","background-media":"","overlay-type":"","overlay-color":"","overlay-opacity":"","overlay-gradient":""},"mobile":{"background-color":"var(--ast-global-color-5)","background-image":"","background-repeat":"repeat","background-position":"center center","background-size":"auto","background-attachment":"scroll","background-type":"","background-media":"","overlay-type":"","overlay-color":"","overlay-opacity":"","overlay-gradient":""}}},"product_brand":[],"product_cat":[435],"product_tag":[],"berocket_brand":[680],"class_list":{"0":"post-27234","1":"product","2":"type-product","3":"status-publish","4":"has-post-thumbnail","6":"product_cat-jaunumi","7":"berocket_brand-purcell","8":"desktop-align-left","9":"tablet-align-left","10":"mobile-align-left","12":"first","13":"instock","14":"taxable","15":"shipping-taxable","16":"purchasable","17":"product-type-simple","18":"add-to-wishlist-before_image"},"yoast_head":"<!-- This site is optimized with the Yoast SEO plugin v27.4 - https:\/\/yoast.com\/product\/yoast-seo-wordpress\/ -->\n<title>PURCELL Pixcell Biom Glow Barrier Serum serums \u0101das mirdzumam un stiprin\u0101\u0161anai 50ml - FACECORNER<\/title>\n<meta name=\"description\" content=\"PURCELL Pixcell Biom Glow Barrier Serum ir daudzfunkcion\u0101ls serums ar fermentiem, pept\u012bdiem un niacinam\u012bdu, kas pal\u012bdz stiprin\u0101t \u0101das aizsargfunkcijas, dzi\u013ci mitrina to un atjauno dabisko, vesel\u012bgo mirdzumu.\" \/>\n<meta name=\"robots\" content=\"index, follow, max-snippet:-1, max-image-preview:large, max-video-preview:-1\" \/>\n<link rel=\"canonical\" href=\"https:\/\/www.facecorner.lv\/lv\/shop\/purcell-pixcell-biom-glow-barrier-serum-serums-adas-mirdzumam-un-stiprinasanai-50ml\/\" \/>\n<meta property=\"og:locale\" content=\"lv_LV\" \/>\n<meta property=\"og:type\" content=\"article\" \/>\n<meta property=\"og:title\" content=\"PURCELL Pixcell Biom Glow Barrier Serum serums \u0101das mirdzumam un stiprin\u0101\u0161anai 50ml - FACECORNER\" \/>\n<meta property=\"og:description\" content=\"PURCELL Pixcell Biom Glow Barrier Serum ir daudzfunkcion\u0101ls serums ar fermentiem, pept\u012bdiem un niacinam\u012bdu, kas pal\u012bdz stiprin\u0101t \u0101das aizsargfunkcijas, dzi\u013ci mitrina to un atjauno dabisko, vesel\u012bgo mirdzumu.\" \/>\n<meta property=\"og:url\" content=\"https:\/\/www.facecorner.lv\/lv\/shop\/purcell-pixcell-biom-glow-barrier-serum-serums-adas-mirdzumam-un-stiprinasanai-50ml\/\" \/>\n<meta property=\"og:site_name\" content=\"FACECORNER\" \/>\n<meta property=\"article:publisher\" content=\"https:\/\/www.facebook.com\/profile.php?id=100063824551839\" \/>\n<meta property=\"article:modified_time\" content=\"2026-04-21T11:27:43+00:00\" \/>\n<meta property=\"og:image\" content=\"https:\/\/www.facecorner.lv\/wp-content\/uploads\/2026\/03\/Purcell-Pixell-Biom-Glow-Barrier-Serum.webp\" \/>\n\t<meta property=\"og:image:width\" content=\"900\" \/>\n\t<meta property=\"og:image:height\" content=\"1000\" \/>\n\t<meta property=\"og:image:type\" content=\"image\/webp\" \/>\n<meta name=\"twitter:card\" content=\"summary_large_image\" \/>\n<meta name=\"twitter:label1\" content=\"Price\" \/>\n\t<meta name=\"twitter:data1\" content=\"&euro;35.25\" \/>\n\t<meta name=\"twitter:label2\" content=\"Availability\" \/>\n\t<meta name=\"twitter:data2\" content=\"In stock\" \/>\n<script type=\"application\/ld+json\" class=\"yoast-schema-graph\">{\"@context\":\"https:\\\/\\\/schema.org\",\"@graph\":[{\"@type\":\"WebPage\",\"@id\":\"https:\\\/\\\/www.facecorner.lv\\\/shop\\\/purcell-pixcell-biom-glow-barrier-serum-serums-adas-mirdzumam-un-stiprinasanai-50ml\\\/\",\"url\":\"https:\\\/\\\/www.facecorner.lv\\\/shop\\\/purcell-pixcell-biom-glow-barrier-serum-serums-adas-mirdzumam-un-stiprinasanai-50ml\\\/\",\"name\":\"PURCELL Pixcell Biom Glow Barrier Serum serums \u0101das mirdzumam un stiprin\u0101\u0161anai 50ml - FACECORNER\",\"isPartOf\":{\"@id\":\"https:\\\/\\\/www.facecorner.lv\\\/#website\"},\"primaryImageOfPage\":{\"@id\":\"https:\\\/\\\/www.facecorner.lv\\\/shop\\\/purcell-pixcell-biom-glow-barrier-serum-serums-adas-mirdzumam-un-stiprinasanai-50ml\\\/#primaryimage\"},\"image\":{\"@id\":\"https:\\\/\\\/www.facecorner.lv\\\/shop\\\/purcell-pixcell-biom-glow-barrier-serum-serums-adas-mirdzumam-un-stiprinasanai-50ml\\\/#primaryimage\"},\"thumbnailUrl\":\"https:\\\/\\\/www.facecorner.lv\\\/wp-content\\\/uploads\\\/2026\\\/03\\\/Purcell-Pixell-Biom-Glow-Barrier-Serum.webp\",\"datePublished\":\"2026-03-18T13:31:16+00:00\",\"dateModified\":\"2026-04-21T11:27:43+00:00\",\"description\":\"PURCELL Pixcell Biom Glow Barrier Serum ir daudzfunkcion\u0101ls serums ar fermentiem, pept\u012bdiem un niacinam\u012bdu, kas pal\u012bdz stiprin\u0101t \u0101das aizsargfunkcijas, dzi\u013ci mitrina to un atjauno dabisko, vesel\u012bgo mirdzumu.\",\"breadcrumb\":{\"@id\":\"https:\\\/\\\/www.facecorner.lv\\\/shop\\\/purcell-pixcell-biom-glow-barrier-serum-serums-adas-mirdzumam-un-stiprinasanai-50ml\\\/#breadcrumb\"},\"inLanguage\":\"lv-LV\",\"potentialAction\":[{\"@type\":\"ReadAction\",\"target\":[\"https:\\\/\\\/www.facecorner.lv\\\/shop\\\/purcell-pixcell-biom-glow-barrier-serum-serums-adas-mirdzumam-un-stiprinasanai-50ml\\\/\"]}]},{\"@type\":\"ImageObject\",\"inLanguage\":\"lv-LV\",\"@id\":\"https:\\\/\\\/www.facecorner.lv\\\/shop\\\/purcell-pixcell-biom-glow-barrier-serum-serums-adas-mirdzumam-un-stiprinasanai-50ml\\\/#primaryimage\",\"url\":\"https:\\\/\\\/www.facecorner.lv\\\/wp-content\\\/uploads\\\/2026\\\/03\\\/Purcell-Pixell-Biom-Glow-Barrier-Serum.webp\",\"contentUrl\":\"https:\\\/\\\/www.facecorner.lv\\\/wp-content\\\/uploads\\\/2026\\\/03\\\/Purcell-Pixell-Biom-Glow-Barrier-Serum.webp\",\"width\":900,\"height\":1000,\"caption\":\"PURCELL Pixcell Biom Glow Barrier Serum\"},{\"@type\":\"BreadcrumbList\",\"@id\":\"https:\\\/\\\/www.facecorner.lv\\\/shop\\\/purcell-pixcell-biom-glow-barrier-serum-serums-adas-mirdzumam-un-stiprinasanai-50ml\\\/#breadcrumb\",\"itemListElement\":[{\"@type\":\"ListItem\",\"position\":1,\"name\":\"Home\",\"item\":\"https:\\\/\\\/www.facecorner.lv\\\/\"},{\"@type\":\"ListItem\",\"position\":2,\"name\":\"Veikals\",\"item\":\"https:\\\/\\\/www.facecorner.lv\\\/shop\\\/\"},{\"@type\":\"ListItem\",\"position\":3,\"name\":\"PURCELL Pixcell Biom Glow Barrier Serum serums \u0101das mirdzumam un stiprin\u0101\u0161anai 50ml\"}]},{\"@type\":\"WebSite\",\"@id\":\"https:\\\/\\\/www.facecorner.lv\\\/#website\",\"url\":\"https:\\\/\\\/www.facecorner.lv\\\/\",\"name\":\"Facecorner\",\"description\":\"\",\"publisher\":{\"@id\":\"https:\\\/\\\/www.facecorner.lv\\\/#organization\"},\"potentialAction\":[{\"@type\":\"SearchAction\",\"target\":{\"@type\":\"EntryPoint\",\"urlTemplate\":\"https:\\\/\\\/www.facecorner.lv\\\/?s={search_term_string}\"},\"query-input\":{\"@type\":\"PropertyValueSpecification\",\"valueRequired\":true,\"valueName\":\"search_term_string\"}}],\"inLanguage\":\"lv-LV\"},{\"@type\":\"Organization\",\"@id\":\"https:\\\/\\\/www.facecorner.lv\\\/#organization\",\"name\":\"Facecorner\",\"url\":\"https:\\\/\\\/www.facecorner.lv\\\/\",\"logo\":{\"@type\":\"ImageObject\",\"inLanguage\":\"lv-LV\",\"@id\":\"https:\\\/\\\/www.facecorner.lv\\\/#\\\/schema\\\/logo\\\/image\\\/\",\"url\":\"https:\\\/\\\/www.facecorner.lv\\\/wp-content\\\/uploads\\\/2024\\\/04\\\/fc-logo.jpg\",\"contentUrl\":\"https:\\\/\\\/www.facecorner.lv\\\/wp-content\\\/uploads\\\/2024\\\/04\\\/fc-logo.jpg\",\"width\":174,\"height\":28,\"caption\":\"Facecorner\"},\"image\":{\"@id\":\"https:\\\/\\\/www.facecorner.lv\\\/#\\\/schema\\\/logo\\\/image\\\/\"},\"sameAs\":[\"https:\\\/\\\/www.facebook.com\\\/profile.php?id=100063824551839\",\"https:\\\/\\\/www.instagram.com\\\/facecorner_shop\\\/\"]}]}<\/script>\n<meta property=\"product:price:amount\" content=\"35.25\" \/>\n<meta property=\"product:price:currency\" content=\"EUR\" \/>\n<meta property=\"og:availability\" content=\"instock\" \/>\n<meta property=\"product:availability\" content=\"instock\" \/>\n<meta property=\"product:condition\" content=\"new\" \/>\n<!-- \/ Yoast SEO plugin. -->","yoast_head_json":{"title":"PURCELL Pixcell Biom Glow Barrier Serum serums \u0101das mirdzumam un stiprin\u0101\u0161anai 50ml - FACECORNER","description":"PURCELL Pixcell Biom Glow Barrier Serum ir daudzfunkcion\u0101ls serums ar fermentiem, pept\u012bdiem un niacinam\u012bdu, kas pal\u012bdz stiprin\u0101t \u0101das aizsargfunkcijas, dzi\u013ci mitrina to un atjauno dabisko, vesel\u012bgo mirdzumu.","robots":{"index":"index","follow":"follow","max-snippet":"max-snippet:-1","max-image-preview":"max-image-preview:large","max-video-preview":"max-video-preview:-1"},"canonical":"https:\/\/www.facecorner.lv\/lv\/shop\/purcell-pixcell-biom-glow-barrier-serum-serums-adas-mirdzumam-un-stiprinasanai-50ml\/","og_locale":"lv_LV","og_type":"article","og_title":"PURCELL Pixcell Biom Glow Barrier Serum serums \u0101das mirdzumam un stiprin\u0101\u0161anai 50ml - FACECORNER","og_description":"PURCELL Pixcell Biom Glow Barrier Serum ir daudzfunkcion\u0101ls serums ar fermentiem, pept\u012bdiem un niacinam\u012bdu, kas pal\u012bdz stiprin\u0101t \u0101das aizsargfunkcijas, dzi\u013ci mitrina to un atjauno dabisko, vesel\u012bgo mirdzumu.","og_url":"https:\/\/www.facecorner.lv\/lv\/shop\/purcell-pixcell-biom-glow-barrier-serum-serums-adas-mirdzumam-un-stiprinasanai-50ml\/","og_site_name":"FACECORNER","article_publisher":"https:\/\/www.facebook.com\/profile.php?id=100063824551839","article_modified_time":"2026-04-21T11:27:43+00:00","og_image":[{"width":900,"height":1000,"url":"https:\/\/www.facecorner.lv\/wp-content\/uploads\/2026\/03\/Purcell-Pixell-Biom-Glow-Barrier-Serum.webp","type":"image\/webp"}],"twitter_card":"summary_large_image","twitter_misc":{"Price":"&euro;35.25","Availability":"In stock"},"schema":{"@context":"https:\/\/schema.org","@graph":[{"@type":"WebPage","@id":"https:\/\/www.facecorner.lv\/shop\/purcell-pixcell-biom-glow-barrier-serum-serums-adas-mirdzumam-un-stiprinasanai-50ml\/","url":"https:\/\/www.facecorner.lv\/shop\/purcell-pixcell-biom-glow-barrier-serum-serums-adas-mirdzumam-un-stiprinasanai-50ml\/","name":"PURCELL Pixcell Biom Glow Barrier Serum serums \u0101das mirdzumam un stiprin\u0101\u0161anai 50ml - FACECORNER","isPartOf":{"@id":"https:\/\/www.facecorner.lv\/#website"},"primaryImageOfPage":{"@id":"https:\/\/www.facecorner.lv\/shop\/purcell-pixcell-biom-glow-barrier-serum-serums-adas-mirdzumam-un-stiprinasanai-50ml\/#primaryimage"},"image":{"@id":"https:\/\/www.facecorner.lv\/shop\/purcell-pixcell-biom-glow-barrier-serum-serums-adas-mirdzumam-un-stiprinasanai-50ml\/#primaryimage"},"thumbnailUrl":"https:\/\/www.facecorner.lv\/wp-content\/uploads\/2026\/03\/Purcell-Pixell-Biom-Glow-Barrier-Serum.webp","datePublished":"2026-03-18T13:31:16+00:00","dateModified":"2026-04-21T11:27:43+00:00","description":"PURCELL Pixcell Biom Glow Barrier Serum ir daudzfunkcion\u0101ls serums ar fermentiem, pept\u012bdiem un niacinam\u012bdu, kas pal\u012bdz stiprin\u0101t \u0101das aizsargfunkcijas, dzi\u013ci mitrina to un atjauno dabisko, vesel\u012bgo mirdzumu.","breadcrumb":{"@id":"https:\/\/www.facecorner.lv\/shop\/purcell-pixcell-biom-glow-barrier-serum-serums-adas-mirdzumam-un-stiprinasanai-50ml\/#breadcrumb"},"inLanguage":"lv-LV","potentialAction":[{"@type":"ReadAction","target":["https:\/\/www.facecorner.lv\/shop\/purcell-pixcell-biom-glow-barrier-serum-serums-adas-mirdzumam-un-stiprinasanai-50ml\/"]}]},{"@type":"ImageObject","inLanguage":"lv-LV","@id":"https:\/\/www.facecorner.lv\/shop\/purcell-pixcell-biom-glow-barrier-serum-serums-adas-mirdzumam-un-stiprinasanai-50ml\/#primaryimage","url":"https:\/\/www.facecorner.lv\/wp-content\/uploads\/2026\/03\/Purcell-Pixell-Biom-Glow-Barrier-Serum.webp","contentUrl":"https:\/\/www.facecorner.lv\/wp-content\/uploads\/2026\/03\/Purcell-Pixell-Biom-Glow-Barrier-Serum.webp","width":900,"height":1000,"caption":"PURCELL Pixcell Biom Glow Barrier Serum"},{"@type":"BreadcrumbList","@id":"https:\/\/www.facecorner.lv\/shop\/purcell-pixcell-biom-glow-barrier-serum-serums-adas-mirdzumam-un-stiprinasanai-50ml\/#breadcrumb","itemListElement":[{"@type":"ListItem","position":1,"name":"Home","item":"https:\/\/www.facecorner.lv\/"},{"@type":"ListItem","position":2,"name":"Veikals","item":"https:\/\/www.facecorner.lv\/shop\/"},{"@type":"ListItem","position":3,"name":"PURCELL Pixcell Biom Glow Barrier Serum serums \u0101das mirdzumam un stiprin\u0101\u0161anai 50ml"}]},{"@type":"WebSite","@id":"https:\/\/www.facecorner.lv\/#website","url":"https:\/\/www.facecorner.lv\/","name":"Facecorner","description":"","publisher":{"@id":"https:\/\/www.facecorner.lv\/#organization"},"potentialAction":[{"@type":"SearchAction","target":{"@type":"EntryPoint","urlTemplate":"https:\/\/www.facecorner.lv\/?s={search_term_string}"},"query-input":{"@type":"PropertyValueSpecification","valueRequired":true,"valueName":"search_term_string"}}],"inLanguage":"lv-LV"},{"@type":"Organization","@id":"https:\/\/www.facecorner.lv\/#organization","name":"Facecorner","url":"https:\/\/www.facecorner.lv\/","logo":{"@type":"ImageObject","inLanguage":"lv-LV","@id":"https:\/\/www.facecorner.lv\/#\/schema\/logo\/image\/","url":"https:\/\/www.facecorner.lv\/wp-content\/uploads\/2024\/04\/fc-logo.jpg","contentUrl":"https:\/\/www.facecorner.lv\/wp-content\/uploads\/2024\/04\/fc-logo.jpg","width":174,"height":28,"caption":"Facecorner"},"image":{"@id":"https:\/\/www.facecorner.lv\/#\/schema\/logo\/image\/"},"sameAs":["https:\/\/www.facebook.com\/profile.php?id=100063824551839","https:\/\/www.instagram.com\/facecorner_shop\/"]}]},"product_price_amount":"35.25","product_price_currency":"EUR","og_availability":"instock","product_availability":"instock","product_condition":"new"},"_links":{"self":[{"href":"https:\/\/www.facecorner.lv\/lv\/wp-json\/wp\/v2\/product\/27234","targetHints":{"allow":["GET"]}}],"collection":[{"href":"https:\/\/www.facecorner.lv\/lv\/wp-json\/wp\/v2\/product"}],"about":[{"href":"https:\/\/www.facecorner.lv\/lv\/wp-json\/wp\/v2\/types\/product"}],"replies":[{"embeddable":true,"href":"https:\/\/www.facecorner.lv\/lv\/wp-json\/wp\/v2\/comments?post=27234"}],"wp:featuredmedia":[{"embeddable":true,"href":"https:\/\/www.facecorner.lv\/lv\/wp-json\/wp\/v2\/media\/27235"}],"wp:attachment":[{"href":"https:\/\/www.facecorner.lv\/lv\/wp-json\/wp\/v2\/media?parent=27234"}],"wp:term":[{"taxonomy":"product_brand","embeddable":true,"href":"https:\/\/www.facecorner.lv\/lv\/wp-json\/wp\/v2\/product_brand?post=27234"},{"taxonomy":"product_cat","embeddable":true,"href":"https:\/\/www.facecorner.lv\/lv\/wp-json\/wp\/v2\/product_cat?post=27234"},{"taxonomy":"product_tag","embeddable":true,"href":"https:\/\/www.facecorner.lv\/lv\/wp-json\/wp\/v2\/product_tag?post=27234"},{"taxonomy":"berocket_brand","embeddable":true,"href":"https:\/\/www.facecorner.lv\/lv\/wp-json\/wp\/v2\/berocket_brand?post=27234"}],"curies":[{"name":"wp","href":"https:\/\/api.w.org\/{rel}","templated":true}]}}