{"id":27165,"date":"2026-03-10T14:40:02","date_gmt":"2026-03-10T11:40:02","guid":{"rendered":"https:\/\/www.facecorner.lv\/?post_type=product&#038;p=27165"},"modified":"2026-03-14T10:05:53","modified_gmt":"2026-03-14T07:05:53","slug":"sungboon-editor-green-tomato-nmn-pore-hydro-soothing-toner-mitrinoss-un-nomierinoss-toniks-350ml","status":"publish","type":"product","link":"https:\/\/www.facecorner.lv\/lv\/shop\/sungboon-editor-green-tomato-nmn-pore-hydro-soothing-toner-mitrinoss-un-nomierinoss-toniks-350ml\/","title":{"rendered":"Sungboon Editor Green Tomato NMN Pore Hydro Soothing Toner mitrino\u0161s un nomierino\u0161s toniks 350ml"},"content":{"rendered":"<p>Sungboon Editor Green Tomato NMN Pore Hydro Soothing Toner \u2014 mitrino\u0161s un nomierino\u0161s toniks, kas izstr\u0101d\u0101ts, lai koptu \u0101du ar papla\u0161in\u0101t\u0101m por\u0101m un dehidrat\u0101cijas paz\u012bm\u0113m. Formula ar za\u013co tom\u0101tu ekstraktu un NMN pal\u012bdz uztur\u0113t \u0101das elast\u012bbu, izl\u012bdzin\u0101t t\u0101s tekst\u016bru un uzlabot kop\u0113jo sejas toni.<\/p>\n<p>Viegla \u016bdens tekst\u016bra \u0101tri ies\u016bcas, intens\u012bvi mitrina un sagatavo \u0101du n\u0101kamajam kop\u0161anas posmam. Toniks pal\u012bdz samazin\u0101t poru redzam\u012bbu, nomierina kairin\u0101jumu un uztur vesel\u012bgu mitruma l\u012bdzsvaru.<\/p>\n<p>L\u012bdzeklis ir piem\u0113rots ikdienas lieto\u0161anai un \u012bpa\u0161i labi darbojas kombin\u0113tai, taukainai un jut\u012bgai \u0101dai.<\/p>\n<h6>Priek\u0161roc\u012bbas:<\/h6>\n<ul>\n<li>intens\u012bvi mitrina un atsvaidzina \u0101du<\/li>\n<li>pal\u012bdz samazin\u0101t poru redzam\u012bbu<\/li>\n<li>nomierina kairin\u0101jumu un aps\u0101rtumu<\/li>\n<li>uzlabo \u0101das tekst\u016bru<\/li>\n<li>viegls, \u0101tri uzs\u016bco\u0161s sast\u0101vs<\/li>\n<\/ul>\n<p><strong>Lieto\u0161ana:<\/strong> P\u0113c att\u012br\u012b\u0161anas uzkl\u0101jiet nepiecie\u0161amo daudzumu tonika uz sejas ar plaukst\u0101m vai vates disku. Uzkl\u0101jiet uz \u0101das un viegli iemas\u0113jiet, l\u012bdz piln\u012bb\u0101 uzs\u016bcas. Lietojiet no r\u012bta un vakar\u0101.<\/p>\n<p><strong>Sast\u0101vs:<\/strong> Water, Glycerin, Dipropylene Glycol, Butylene Glycol, Niacinamide, Solanum Lycopersicum (Tomato) Fruit Water, Solanum Lycopersicum (Tomato) Fruit Extract, Hydroxyacetophenone, Caprylyl Glycol, C12-13 Pareth-9, 1,2-Hexanediol, Adenosine, Hydrolyzed Sclerotium Gum, Xylitol, Gluconolactone, Panthenol, Melia Azadirachta Leaf Extract, Glyceryl Glucoside, Melia Azadirachta Flower Extract, Oenothera Biennis (Evening Primrose) Flower Extract, Pinus Palustris Leaf Extract, Ulmus Davidiana Root Extract, Pueraria Lobata Root Extract, Dipotassium Glycyrrhizate, Ceramide NP, Allantoin, Tocopherol, Trehalose, Xylitylglucoside, Anhydroxylitol, Nicotinamide Mononucleotide, Hydrogenated Polyisobutene, Propanediol, Bellis Perennis (Daisy) Flower Extract, Phenethyl Alcohol, Polyglyceryl-10 Laurate, Polyglyceryl-10 Myristate, Hydrogenated Lecithin, Asiaticoside, Madecassic Acid, Asiatic Acid, Hydrolyzed Collagen, Hydrolyzed Hyaluronic Acid, Dimethylsilanol Hyaluronate, Hydrolyzed Sodium Hyaluronate, Potassium Hyaluronate, Hyaluronic Acid, Sodium Hyaluronate, Sodium Hyaluronate Crosspolymer, Hydroxypropyltrimonium Hyaluronate, Sodium Hyaluronate Dimethylsilanol, Sodium Acetylated Hyaluronate, Cetearyl Alcohol, Disodium Phosphate, Potassium Phosphate, Potassium Chloride, Sodium Chloride, Centella Asiatica Extract, Anemarrhena Asphodeloides Root Extract<\/p>\n","protected":false},"excerpt":{"rendered":"<p>Sungboon Editor Green Tomato NMN Pore Hydro Soothing Toner \u2014 mitrino\u0161s un nomierino\u0161s toniks, kas izstr\u0101d\u0101ts, lai koptu \u0101du ar papla\u0161in\u0101t\u0101m por\u0101m un dehidrat\u0101cijas paz\u012bm\u0113m.<\/p>\n","protected":false},"featured_media":27166,"comment_status":"open","ping_status":"closed","template":"","meta":{"site-sidebar-layout":"default","site-content-layout":"","ast-site-content-layout":"default","site-content-style":"default","site-sidebar-style":"default","ast-global-header-display":"","ast-banner-title-visibility":"","ast-main-header-display":"","ast-hfb-above-header-display":"","ast-hfb-below-header-display":"","ast-hfb-mobile-header-display":"","site-post-title":"","ast-breadcrumbs-content":"","ast-featured-img":"","footer-sml-layout":"","theme-transparent-header-meta":"default","adv-header-id-meta":"","stick-header-meta":"","header-above-stick-meta":"","header-main-stick-meta":"","header-below-stick-meta":"","astra-migrate-meta-layouts":"set","ast-page-background-enabled":"default","ast-page-background-meta":{"desktop":{"background-color":"var(--ast-global-color-4)","background-image":"","background-repeat":"repeat","background-position":"center center","background-size":"auto","background-attachment":"scroll","background-type":"","background-media":"","overlay-type":"","overlay-color":"","overlay-opacity":"","overlay-gradient":""},"tablet":{"background-color":"","background-image":"","background-repeat":"repeat","background-position":"center center","background-size":"auto","background-attachment":"scroll","background-type":"","background-media":"","overlay-type":"","overlay-color":"","overlay-opacity":"","overlay-gradient":""},"mobile":{"background-color":"","background-image":"","background-repeat":"repeat","background-position":"center center","background-size":"auto","background-attachment":"scroll","background-type":"","background-media":"","overlay-type":"","overlay-color":"","overlay-opacity":"","overlay-gradient":""}},"ast-content-background-meta":{"desktop":{"background-color":"var(--ast-global-color-5)","background-image":"","background-repeat":"repeat","background-position":"center center","background-size":"auto","background-attachment":"scroll","background-type":"","background-media":"","overlay-type":"","overlay-color":"","overlay-opacity":"","overlay-gradient":""},"tablet":{"background-color":"var(--ast-global-color-5)","background-image":"","background-repeat":"repeat","background-position":"center center","background-size":"auto","background-attachment":"scroll","background-type":"","background-media":"","overlay-type":"","overlay-color":"","overlay-opacity":"","overlay-gradient":""},"mobile":{"background-color":"var(--ast-global-color-5)","background-image":"","background-repeat":"repeat","background-position":"center center","background-size":"auto","background-attachment":"scroll","background-type":"","background-media":"","overlay-type":"","overlay-color":"","overlay-opacity":"","overlay-gradient":""}}},"product_brand":[],"product_cat":[375,377,364,376],"product_tag":[],"berocket_brand":[651],"class_list":{"0":"post-27165","1":"product","2":"type-product","3":"status-publish","4":"has-post-thumbnail","6":"product_cat-jutigai-adai-toneri","7":"product_cat-problematiskai-adai-toneri","8":"product_cat-toneri","9":"product_cat-kombinetai-adai-toneri","10":"berocket_brand-sungboon-editor","11":"desktop-align-left","12":"tablet-align-left","13":"mobile-align-left","15":"first","16":"instock","17":"taxable","18":"shipping-taxable","19":"purchasable","20":"product-type-simple","21":"add-to-wishlist-before_image"},"yoast_head":"<!-- This site is optimized with the Yoast SEO plugin v27.4 - https:\/\/yoast.com\/product\/yoast-seo-wordpress\/ -->\n<title>Sungboon Editor Green Tomato NMN Pore Hydro Soothing Toner mitrino\u0161s un nomierino\u0161s toniks 350ml - FACECORNER<\/title>\n<meta name=\"description\" content=\"Sungboon Editor Green Tomato NMN Pore Hydro Soothing Toner \u2014 mitrino\u0161s un nomierino\u0161s toniks, kas izstr\u0101d\u0101ts, lai koptu \u0101du ar papla\u0161in\u0101t\u0101m por\u0101m un dehidrat\u0101cijas paz\u012bm\u0113m.\" \/>\n<meta name=\"robots\" content=\"index, follow, max-snippet:-1, max-image-preview:large, max-video-preview:-1\" \/>\n<link rel=\"canonical\" href=\"https:\/\/www.facecorner.lv\/lv\/shop\/sungboon-editor-green-tomato-nmn-pore-hydro-soothing-toner-mitrinoss-un-nomierinoss-toniks-350ml\/\" \/>\n<meta property=\"og:locale\" content=\"lv_LV\" \/>\n<meta property=\"og:type\" content=\"article\" \/>\n<meta property=\"og:title\" content=\"Sungboon Editor Green Tomato NMN Pore Hydro Soothing Toner mitrino\u0161s un nomierino\u0161s toniks 350ml - FACECORNER\" \/>\n<meta property=\"og:description\" content=\"Sungboon Editor Green Tomato NMN Pore Hydro Soothing Toner \u2014 mitrino\u0161s un nomierino\u0161s toniks, kas izstr\u0101d\u0101ts, lai koptu \u0101du ar papla\u0161in\u0101t\u0101m por\u0101m un dehidrat\u0101cijas paz\u012bm\u0113m.\" \/>\n<meta property=\"og:url\" content=\"https:\/\/www.facecorner.lv\/lv\/shop\/sungboon-editor-green-tomato-nmn-pore-hydro-soothing-toner-mitrinoss-un-nomierinoss-toniks-350ml\/\" \/>\n<meta property=\"og:site_name\" content=\"FACECORNER\" \/>\n<meta property=\"article:publisher\" content=\"https:\/\/www.facebook.com\/profile.php?id=100063824551839\" \/>\n<meta property=\"article:modified_time\" content=\"2026-03-14T07:05:53+00:00\" \/>\n<meta name=\"twitter:card\" content=\"summary_large_image\" \/>\n<meta name=\"twitter:label1\" content=\"Price\" \/>\n\t<meta name=\"twitter:data1\" content=\"&euro;24.95\" \/>\n\t<meta name=\"twitter:label2\" content=\"Availability\" \/>\n\t<meta name=\"twitter:data2\" content=\"In stock\" \/>\n<script type=\"application\/ld+json\" class=\"yoast-schema-graph\">{\"@context\":\"https:\\\/\\\/schema.org\",\"@graph\":[{\"@type\":\"WebPage\",\"@id\":\"https:\\\/\\\/www.facecorner.lv\\\/shop\\\/sungboon-editor-green-tomato-nmn-pore-hydro-soothing-toner-mitrinoss-un-nomierinoss-toniks-350ml\\\/\",\"url\":\"https:\\\/\\\/www.facecorner.lv\\\/shop\\\/sungboon-editor-green-tomato-nmn-pore-hydro-soothing-toner-mitrinoss-un-nomierinoss-toniks-350ml\\\/\",\"name\":\"Sungboon Editor Green Tomato NMN Pore Hydro Soothing Toner mitrino\u0161s un nomierino\u0161s toniks 350ml - FACECORNER\",\"isPartOf\":{\"@id\":\"https:\\\/\\\/www.facecorner.lv\\\/#website\"},\"primaryImageOfPage\":{\"@id\":\"https:\\\/\\\/www.facecorner.lv\\\/shop\\\/sungboon-editor-green-tomato-nmn-pore-hydro-soothing-toner-mitrinoss-un-nomierinoss-toniks-350ml\\\/#primaryimage\"},\"image\":{\"@id\":\"https:\\\/\\\/www.facecorner.lv\\\/shop\\\/sungboon-editor-green-tomato-nmn-pore-hydro-soothing-toner-mitrinoss-un-nomierinoss-toniks-350ml\\\/#primaryimage\"},\"thumbnailUrl\":\"https:\\\/\\\/www.facecorner.lv\\\/wp-content\\\/uploads\\\/2026\\\/03\\\/18.avif\",\"datePublished\":\"2026-03-10T11:40:02+00:00\",\"dateModified\":\"2026-03-14T07:05:53+00:00\",\"description\":\"Sungboon Editor Green Tomato NMN Pore Hydro Soothing Toner \u2014 mitrino\u0161s un nomierino\u0161s toniks, kas izstr\u0101d\u0101ts, lai koptu \u0101du ar papla\u0161in\u0101t\u0101m por\u0101m un dehidrat\u0101cijas paz\u012bm\u0113m.\",\"breadcrumb\":{\"@id\":\"https:\\\/\\\/www.facecorner.lv\\\/shop\\\/sungboon-editor-green-tomato-nmn-pore-hydro-soothing-toner-mitrinoss-un-nomierinoss-toniks-350ml\\\/#breadcrumb\"},\"inLanguage\":\"lv-LV\",\"potentialAction\":[{\"@type\":\"ReadAction\",\"target\":[\"https:\\\/\\\/www.facecorner.lv\\\/shop\\\/sungboon-editor-green-tomato-nmn-pore-hydro-soothing-toner-mitrinoss-un-nomierinoss-toniks-350ml\\\/\"]}]},{\"@type\":\"ImageObject\",\"inLanguage\":\"lv-LV\",\"@id\":\"https:\\\/\\\/www.facecorner.lv\\\/shop\\\/sungboon-editor-green-tomato-nmn-pore-hydro-soothing-toner-mitrinoss-un-nomierinoss-toniks-350ml\\\/#primaryimage\",\"url\":\"https:\\\/\\\/www.facecorner.lv\\\/wp-content\\\/uploads\\\/2026\\\/03\\\/18.avif\",\"contentUrl\":\"https:\\\/\\\/www.facecorner.lv\\\/wp-content\\\/uploads\\\/2026\\\/03\\\/18.avif\",\"width\":1600,\"height\":1600,\"caption\":\"Sungboon Editor Green Tomato NMN Pore Hydro Soothing Toner\"},{\"@type\":\"BreadcrumbList\",\"@id\":\"https:\\\/\\\/www.facecorner.lv\\\/shop\\\/sungboon-editor-green-tomato-nmn-pore-hydro-soothing-toner-mitrinoss-un-nomierinoss-toniks-350ml\\\/#breadcrumb\",\"itemListElement\":[{\"@type\":\"ListItem\",\"position\":1,\"name\":\"Home\",\"item\":\"https:\\\/\\\/www.facecorner.lv\\\/\"},{\"@type\":\"ListItem\",\"position\":2,\"name\":\"Veikals\",\"item\":\"https:\\\/\\\/www.facecorner.lv\\\/shop\\\/\"},{\"@type\":\"ListItem\",\"position\":3,\"name\":\"Sungboon Editor Green Tomato NMN Pore Hydro Soothing Toner mitrino\u0161s un nomierino\u0161s toniks 350ml\"}]},{\"@type\":\"WebSite\",\"@id\":\"https:\\\/\\\/www.facecorner.lv\\\/#website\",\"url\":\"https:\\\/\\\/www.facecorner.lv\\\/\",\"name\":\"Facecorner\",\"description\":\"\",\"publisher\":{\"@id\":\"https:\\\/\\\/www.facecorner.lv\\\/#organization\"},\"potentialAction\":[{\"@type\":\"SearchAction\",\"target\":{\"@type\":\"EntryPoint\",\"urlTemplate\":\"https:\\\/\\\/www.facecorner.lv\\\/?s={search_term_string}\"},\"query-input\":{\"@type\":\"PropertyValueSpecification\",\"valueRequired\":true,\"valueName\":\"search_term_string\"}}],\"inLanguage\":\"lv-LV\"},{\"@type\":\"Organization\",\"@id\":\"https:\\\/\\\/www.facecorner.lv\\\/#organization\",\"name\":\"Facecorner\",\"url\":\"https:\\\/\\\/www.facecorner.lv\\\/\",\"logo\":{\"@type\":\"ImageObject\",\"inLanguage\":\"lv-LV\",\"@id\":\"https:\\\/\\\/www.facecorner.lv\\\/#\\\/schema\\\/logo\\\/image\\\/\",\"url\":\"https:\\\/\\\/www.facecorner.lv\\\/wp-content\\\/uploads\\\/2024\\\/04\\\/fc-logo.jpg\",\"contentUrl\":\"https:\\\/\\\/www.facecorner.lv\\\/wp-content\\\/uploads\\\/2024\\\/04\\\/fc-logo.jpg\",\"width\":174,\"height\":28,\"caption\":\"Facecorner\"},\"image\":{\"@id\":\"https:\\\/\\\/www.facecorner.lv\\\/#\\\/schema\\\/logo\\\/image\\\/\"},\"sameAs\":[\"https:\\\/\\\/www.facebook.com\\\/profile.php?id=100063824551839\",\"https:\\\/\\\/www.instagram.com\\\/facecorner_shop\\\/\"]}]}<\/script>\n<meta property=\"product:price:amount\" content=\"24.95\" \/>\n<meta property=\"product:price:currency\" content=\"EUR\" \/>\n<meta property=\"og:availability\" content=\"instock\" \/>\n<meta property=\"product:availability\" content=\"instock\" \/>\n<meta property=\"product:condition\" content=\"new\" \/>\n<!-- \/ Yoast SEO plugin. -->","yoast_head_json":{"title":"Sungboon Editor Green Tomato NMN Pore Hydro Soothing Toner mitrino\u0161s un nomierino\u0161s toniks 350ml - FACECORNER","description":"Sungboon Editor Green Tomato NMN Pore Hydro Soothing Toner \u2014 mitrino\u0161s un nomierino\u0161s toniks, kas izstr\u0101d\u0101ts, lai koptu \u0101du ar papla\u0161in\u0101t\u0101m por\u0101m un dehidrat\u0101cijas paz\u012bm\u0113m.","robots":{"index":"index","follow":"follow","max-snippet":"max-snippet:-1","max-image-preview":"max-image-preview:large","max-video-preview":"max-video-preview:-1"},"canonical":"https:\/\/www.facecorner.lv\/lv\/shop\/sungboon-editor-green-tomato-nmn-pore-hydro-soothing-toner-mitrinoss-un-nomierinoss-toniks-350ml\/","og_locale":"lv_LV","og_type":"article","og_title":"Sungboon Editor Green Tomato NMN Pore Hydro Soothing Toner mitrino\u0161s un nomierino\u0161s toniks 350ml - FACECORNER","og_description":"Sungboon Editor Green Tomato NMN Pore Hydro Soothing Toner \u2014 mitrino\u0161s un nomierino\u0161s toniks, kas izstr\u0101d\u0101ts, lai koptu \u0101du ar papla\u0161in\u0101t\u0101m por\u0101m un dehidrat\u0101cijas paz\u012bm\u0113m.","og_url":"https:\/\/www.facecorner.lv\/lv\/shop\/sungboon-editor-green-tomato-nmn-pore-hydro-soothing-toner-mitrinoss-un-nomierinoss-toniks-350ml\/","og_site_name":"FACECORNER","article_publisher":"https:\/\/www.facebook.com\/profile.php?id=100063824551839","article_modified_time":"2026-03-14T07:05:53+00:00","twitter_card":"summary_large_image","twitter_misc":{"Price":"&euro;24.95","Availability":"In stock"},"schema":{"@context":"https:\/\/schema.org","@graph":[{"@type":"WebPage","@id":"https:\/\/www.facecorner.lv\/shop\/sungboon-editor-green-tomato-nmn-pore-hydro-soothing-toner-mitrinoss-un-nomierinoss-toniks-350ml\/","url":"https:\/\/www.facecorner.lv\/shop\/sungboon-editor-green-tomato-nmn-pore-hydro-soothing-toner-mitrinoss-un-nomierinoss-toniks-350ml\/","name":"Sungboon Editor Green Tomato NMN Pore Hydro Soothing Toner mitrino\u0161s un nomierino\u0161s toniks 350ml - FACECORNER","isPartOf":{"@id":"https:\/\/www.facecorner.lv\/#website"},"primaryImageOfPage":{"@id":"https:\/\/www.facecorner.lv\/shop\/sungboon-editor-green-tomato-nmn-pore-hydro-soothing-toner-mitrinoss-un-nomierinoss-toniks-350ml\/#primaryimage"},"image":{"@id":"https:\/\/www.facecorner.lv\/shop\/sungboon-editor-green-tomato-nmn-pore-hydro-soothing-toner-mitrinoss-un-nomierinoss-toniks-350ml\/#primaryimage"},"thumbnailUrl":"https:\/\/www.facecorner.lv\/wp-content\/uploads\/2026\/03\/18.avif","datePublished":"2026-03-10T11:40:02+00:00","dateModified":"2026-03-14T07:05:53+00:00","description":"Sungboon Editor Green Tomato NMN Pore Hydro Soothing Toner \u2014 mitrino\u0161s un nomierino\u0161s toniks, kas izstr\u0101d\u0101ts, lai koptu \u0101du ar papla\u0161in\u0101t\u0101m por\u0101m un dehidrat\u0101cijas paz\u012bm\u0113m.","breadcrumb":{"@id":"https:\/\/www.facecorner.lv\/shop\/sungboon-editor-green-tomato-nmn-pore-hydro-soothing-toner-mitrinoss-un-nomierinoss-toniks-350ml\/#breadcrumb"},"inLanguage":"lv-LV","potentialAction":[{"@type":"ReadAction","target":["https:\/\/www.facecorner.lv\/shop\/sungboon-editor-green-tomato-nmn-pore-hydro-soothing-toner-mitrinoss-un-nomierinoss-toniks-350ml\/"]}]},{"@type":"ImageObject","inLanguage":"lv-LV","@id":"https:\/\/www.facecorner.lv\/shop\/sungboon-editor-green-tomato-nmn-pore-hydro-soothing-toner-mitrinoss-un-nomierinoss-toniks-350ml\/#primaryimage","url":"https:\/\/www.facecorner.lv\/wp-content\/uploads\/2026\/03\/18.avif","contentUrl":"https:\/\/www.facecorner.lv\/wp-content\/uploads\/2026\/03\/18.avif","width":1600,"height":1600,"caption":"Sungboon Editor Green Tomato NMN Pore Hydro Soothing Toner"},{"@type":"BreadcrumbList","@id":"https:\/\/www.facecorner.lv\/shop\/sungboon-editor-green-tomato-nmn-pore-hydro-soothing-toner-mitrinoss-un-nomierinoss-toniks-350ml\/#breadcrumb","itemListElement":[{"@type":"ListItem","position":1,"name":"Home","item":"https:\/\/www.facecorner.lv\/"},{"@type":"ListItem","position":2,"name":"Veikals","item":"https:\/\/www.facecorner.lv\/shop\/"},{"@type":"ListItem","position":3,"name":"Sungboon Editor Green Tomato NMN Pore Hydro Soothing Toner mitrino\u0161s un nomierino\u0161s toniks 350ml"}]},{"@type":"WebSite","@id":"https:\/\/www.facecorner.lv\/#website","url":"https:\/\/www.facecorner.lv\/","name":"Facecorner","description":"","publisher":{"@id":"https:\/\/www.facecorner.lv\/#organization"},"potentialAction":[{"@type":"SearchAction","target":{"@type":"EntryPoint","urlTemplate":"https:\/\/www.facecorner.lv\/?s={search_term_string}"},"query-input":{"@type":"PropertyValueSpecification","valueRequired":true,"valueName":"search_term_string"}}],"inLanguage":"lv-LV"},{"@type":"Organization","@id":"https:\/\/www.facecorner.lv\/#organization","name":"Facecorner","url":"https:\/\/www.facecorner.lv\/","logo":{"@type":"ImageObject","inLanguage":"lv-LV","@id":"https:\/\/www.facecorner.lv\/#\/schema\/logo\/image\/","url":"https:\/\/www.facecorner.lv\/wp-content\/uploads\/2024\/04\/fc-logo.jpg","contentUrl":"https:\/\/www.facecorner.lv\/wp-content\/uploads\/2024\/04\/fc-logo.jpg","width":174,"height":28,"caption":"Facecorner"},"image":{"@id":"https:\/\/www.facecorner.lv\/#\/schema\/logo\/image\/"},"sameAs":["https:\/\/www.facebook.com\/profile.php?id=100063824551839","https:\/\/www.instagram.com\/facecorner_shop\/"]}]},"product_price_amount":"24.95","product_price_currency":"EUR","og_availability":"instock","product_availability":"instock","product_condition":"new"},"_links":{"self":[{"href":"https:\/\/www.facecorner.lv\/lv\/wp-json\/wp\/v2\/product\/27165","targetHints":{"allow":["GET"]}}],"collection":[{"href":"https:\/\/www.facecorner.lv\/lv\/wp-json\/wp\/v2\/product"}],"about":[{"href":"https:\/\/www.facecorner.lv\/lv\/wp-json\/wp\/v2\/types\/product"}],"replies":[{"embeddable":true,"href":"https:\/\/www.facecorner.lv\/lv\/wp-json\/wp\/v2\/comments?post=27165"}],"wp:featuredmedia":[{"embeddable":true,"href":"https:\/\/www.facecorner.lv\/lv\/wp-json\/wp\/v2\/media\/27166"}],"wp:attachment":[{"href":"https:\/\/www.facecorner.lv\/lv\/wp-json\/wp\/v2\/media?parent=27165"}],"wp:term":[{"taxonomy":"product_brand","embeddable":true,"href":"https:\/\/www.facecorner.lv\/lv\/wp-json\/wp\/v2\/product_brand?post=27165"},{"taxonomy":"product_cat","embeddable":true,"href":"https:\/\/www.facecorner.lv\/lv\/wp-json\/wp\/v2\/product_cat?post=27165"},{"taxonomy":"product_tag","embeddable":true,"href":"https:\/\/www.facecorner.lv\/lv\/wp-json\/wp\/v2\/product_tag?post=27165"},{"taxonomy":"berocket_brand","embeddable":true,"href":"https:\/\/www.facecorner.lv\/lv\/wp-json\/wp\/v2\/berocket_brand?post=27165"}],"curies":[{"name":"wp","href":"https:\/\/api.w.org\/{rel}","templated":true}]}}