{"id":27162,"date":"2026-03-10T14:24:27","date_gmt":"2026-03-10T11:24:27","guid":{"rendered":"https:\/\/www.facecorner.lv\/?post_type=product&#038;p=27162"},"modified":"2026-03-10T14:24:28","modified_gmt":"2026-03-10T11:24:28","slug":"sungboon-editor-deep-collagen-barrier-serum-mist-mitrinoss-serums-mist-ar-kolagenu-30ml","status":"publish","type":"product","link":"https:\/\/www.facecorner.lv\/lv\/shop\/sungboon-editor-deep-collagen-barrier-serum-mist-mitrinoss-serums-mist-ar-kolagenu-30ml\/","title":{"rendered":"Sungboon Editor Deep Collagen Barrier Serum Mist mitrino\u0161s serums-mist ar kolag\u0113nu 30ml"},"content":{"rendered":"<p>Sungboon Editor Deep Collagen Barrier Serum Mist ir daudzfunkcion\u0101ls mitrino\u0161s serums, kas stiprina \u0101das barjeru, dzi\u013ci mitrina un pal\u012bdz saglab\u0101t \u0101das elast\u012bbu visas dienas garum\u0101.<\/p>\n<p>Viegla, smalk\u0101 tekst\u016bra \u0101tri ies\u016bcas, neatst\u0101jot lip\u012bgumu, un pie\u0161\u0137ir \u0101dai svaiguma un komforta saj\u016btu.<\/p>\n<p>Formula ar kolag\u0113nu pal\u012bdz uzlabot \u0101das elast\u012bbu un vizu\u0101li izl\u012bdzin\u0101t s\u012bk\u0101s grumbi\u0146as, bet barjeras atjaunojo\u0161ie komponenti uztur dabisko mitruma l\u012bdzsvaru un aizsarg\u0101 \u0101du no \u0101r\u0113jiem faktoriem.<\/p>\n<p>Miglu var lietot gan \u0101das kop\u0161anas posm\u0101, gan dienas laik\u0101 virs grima, lai nodro\u0161in\u0101tu papildu mitrin\u0101\u0161anu un mirdzumu.<\/p>\n<h6>Priek\u0161roc\u012bbas:<\/h6>\n<ul>\n<li>intens\u012bvi mitrina un atsvaidzina \u0101du<\/li>\n<li>atbalsta un stiprina \u0101das aizsargbarjeru<\/li>\n<li>pal\u012bdz uzlabot elast\u012bbu un gludumu<\/li>\n<li>smalkas izsmidzin\u0101\u0161anas bez lip\u012bguma<\/li>\n<li>piem\u0113rots lieto\u0161anai jebkur\u0101 dienas laik\u0101, pat virs grima<\/li>\n<\/ul>\n<p><strong>Lieto\u0161ana:\u00a0<\/strong>Izsmidziniet miglu uz t\u012bras sejas \u0101das no 20\u201330 cm att\u0101luma. Lietojiet p\u0113c att\u012br\u012b\u0161anas un toniz\u0113\u0161anas vai dienas laik\u0101, lai papildus mitrin\u0101tu un pie\u0161\u0137irtu \u0101dai mirdzumu. Piem\u0113rots visiem \u0101das tipiem, \u012bpa\u0161i sausai un dehidr\u0113tai \u0101dai.<\/p>\n<p><strong>Sast\u0101vs:<\/strong> Collagen Extract (60%), Water, Helianthus Annuus (Sunflower) Seed Oil, Glycerin, Dipropylene Glycol, Niacinamide, 1,2-Hexanediol, Glycereth-26, Triethyl Citrate, Betaine, Trehalose, Caprylyl Glycol, Propanediol, Polyglyceryl-10 Laurate, Butylene Glycol, Adenosine, Illicium Verum (Anise) Fruit Extract, Glycine Soja (Soybean) Oil, Carbomer, Lavandula Oil, Hippophae Rhamnoides Fruit Oil, Hydrogenated Polyisobutene, Bixa Orellana Seed Oil, Beta-Glucan, Sodium Hyaluronate, Tocopherol, Sodium Hyaluronate Crosspolymer, Hydrolyzed Glycosaminoglycans, Glycine, Serine, Glutamic Acid, Benzyl Glycol, Aspartic Acid, Leucine, Alanine, Lysine, Arginine, Tyrosine, Phenylalanine, Proline, Valine, Threonine, Isoleucine, Hydrolyzed Hyaluronic Acid, Histidine, Cysteine, Methionine, Anemarrhena Asphodeloides Root Extract, Ethylhexylglycerin, Tripeptide-1, Palmitoyl Pentapeptide-4, Palmitoyl Tripeptide-1, Copper Tripeptide-1, Acetyl Hexapeptide-8, Hexapeptide-9, Hyaluronic Acid, Raspberry Ketone, Nonapeptide-1.<\/p>\n","protected":false},"excerpt":{"rendered":"<p>Sungboon Editor Deep Collagen Barrier Serum Mist ir daudzfunkcion\u0101ls mitrino\u0161s serums, kas stiprina \u0101das barjeru, dzi\u013ci mitrina un pal\u012bdz saglab\u0101t \u0101das elast\u012bbu visas dienas garum\u0101.<\/p>\n","protected":false},"featured_media":27163,"comment_status":"open","ping_status":"closed","template":"","meta":{"site-sidebar-layout":"default","site-content-layout":"","ast-site-content-layout":"default","site-content-style":"default","site-sidebar-style":"default","ast-global-header-display":"","ast-banner-title-visibility":"","ast-main-header-display":"","ast-hfb-above-header-display":"","ast-hfb-below-header-display":"","ast-hfb-mobile-header-display":"","site-post-title":"","ast-breadcrumbs-content":"","ast-featured-img":"","footer-sml-layout":"","theme-transparent-header-meta":"default","adv-header-id-meta":"","stick-header-meta":"","header-above-stick-meta":"","header-main-stick-meta":"","header-below-stick-meta":"","astra-migrate-meta-layouts":"set","ast-page-background-enabled":"default","ast-page-background-meta":{"desktop":{"background-color":"var(--ast-global-color-4)","background-image":"","background-repeat":"repeat","background-position":"center center","background-size":"auto","background-attachment":"scroll","background-type":"","background-media":"","overlay-type":"","overlay-color":"","overlay-opacity":"","overlay-gradient":""},"tablet":{"background-color":"","background-image":"","background-repeat":"repeat","background-position":"center center","background-size":"auto","background-attachment":"scroll","background-type":"","background-media":"","overlay-type":"","overlay-color":"","overlay-opacity":"","overlay-gradient":""},"mobile":{"background-color":"","background-image":"","background-repeat":"repeat","background-position":"center center","background-size":"auto","background-attachment":"scroll","background-type":"","background-media":"","overlay-type":"","overlay-color":"","overlay-opacity":"","overlay-gradient":""}},"ast-content-background-meta":{"desktop":{"background-color":"var(--ast-global-color-5)","background-image":"","background-repeat":"repeat","background-position":"center center","background-size":"auto","background-attachment":"scroll","background-type":"","background-media":"","overlay-type":"","overlay-color":"","overlay-opacity":"","overlay-gradient":""},"tablet":{"background-color":"var(--ast-global-color-5)","background-image":"","background-repeat":"repeat","background-position":"center center","background-size":"auto","background-attachment":"scroll","background-type":"","background-media":"","overlay-type":"","overlay-color":"","overlay-opacity":"","overlay-gradient":""},"mobile":{"background-color":"var(--ast-global-color-5)","background-image":"","background-repeat":"repeat","background-position":"center center","background-size":"auto","background-attachment":"scroll","background-type":"","background-media":"","overlay-type":"","overlay-color":"","overlay-opacity":"","overlay-gradient":""}}},"product_brand":[],"product_cat":[370,371,363],"product_tag":[],"berocket_brand":[651],"class_list":{"0":"post-27162","1":"product","2":"type-product","3":"status-publish","4":"has-post-thumbnail","6":"product_cat-adas-mirdzumam","7":"product_cat-anti-age","8":"product_cat-serumi","9":"berocket_brand-sungboon-editor","10":"desktop-align-left","11":"tablet-align-left","12":"mobile-align-left","14":"first","15":"instock","16":"taxable","17":"shipping-taxable","18":"purchasable","19":"product-type-simple","20":"add-to-wishlist-before_image"},"yoast_head":"<!-- This site is optimized with the Yoast SEO plugin v27.4 - https:\/\/yoast.com\/product\/yoast-seo-wordpress\/ -->\n<title>Sungboon Editor Deep Collagen Barrier Serum Mist mitrino\u0161s serums-mist ar kolag\u0113nu 30ml - FACECORNER<\/title>\n<meta name=\"description\" content=\"Sungboon Editor Deep Collagen Barrier Serum Mist ir daudzfunkcion\u0101ls mitrino\u0161s serums, kas stiprina \u0101das barjeru, dzi\u013ci mitrina un pal\u012bdz saglab\u0101t \u0101das elast\u012bbu visas dienas garum\u0101.\" \/>\n<meta name=\"robots\" content=\"index, follow, max-snippet:-1, max-image-preview:large, max-video-preview:-1\" \/>\n<link rel=\"canonical\" href=\"https:\/\/www.facecorner.lv\/lv\/shop\/sungboon-editor-deep-collagen-barrier-serum-mist-mitrinoss-serums-mist-ar-kolagenu-30ml\/\" \/>\n<meta property=\"og:locale\" content=\"lv_LV\" \/>\n<meta property=\"og:type\" content=\"article\" \/>\n<meta property=\"og:title\" content=\"Sungboon Editor Deep Collagen Barrier Serum Mist mitrino\u0161s serums-mist ar kolag\u0113nu 30ml - FACECORNER\" \/>\n<meta property=\"og:description\" content=\"Sungboon Editor Deep Collagen Barrier Serum Mist ir daudzfunkcion\u0101ls mitrino\u0161s serums, kas stiprina \u0101das barjeru, dzi\u013ci mitrina un pal\u012bdz saglab\u0101t \u0101das elast\u012bbu visas dienas garum\u0101.\" \/>\n<meta property=\"og:url\" content=\"https:\/\/www.facecorner.lv\/lv\/shop\/sungboon-editor-deep-collagen-barrier-serum-mist-mitrinoss-serums-mist-ar-kolagenu-30ml\/\" \/>\n<meta property=\"og:site_name\" content=\"FACECORNER\" \/>\n<meta property=\"article:publisher\" content=\"https:\/\/www.facebook.com\/profile.php?id=100063824551839\" \/>\n<meta property=\"article:modified_time\" content=\"2026-03-10T11:24:28+00:00\" \/>\n<meta property=\"og:image\" content=\"https:\/\/www.facecorner.lv\/wp-content\/uploads\/2026\/03\/Sungboon-Editor-Deep-Collagen-Barrier-Serum-Mist.jpg\" \/>\n\t<meta property=\"og:image:width\" content=\"1000\" \/>\n\t<meta property=\"og:image:height\" content=\"1000\" \/>\n\t<meta property=\"og:image:type\" content=\"image\/jpeg\" \/>\n<meta name=\"twitter:card\" content=\"summary_large_image\" \/>\n<meta name=\"twitter:label1\" content=\"Price\" \/>\n\t<meta name=\"twitter:data1\" content=\"&euro;25.90\" \/>\n\t<meta name=\"twitter:label2\" content=\"Availability\" \/>\n\t<meta name=\"twitter:data2\" content=\"In stock\" \/>\n<script type=\"application\/ld+json\" class=\"yoast-schema-graph\">{\"@context\":\"https:\\\/\\\/schema.org\",\"@graph\":[{\"@type\":\"WebPage\",\"@id\":\"https:\\\/\\\/www.facecorner.lv\\\/shop\\\/sungboon-editor-deep-collagen-barrier-serum-mist-mitrinoss-serums-mist-ar-kolagenu-30ml\\\/\",\"url\":\"https:\\\/\\\/www.facecorner.lv\\\/shop\\\/sungboon-editor-deep-collagen-barrier-serum-mist-mitrinoss-serums-mist-ar-kolagenu-30ml\\\/\",\"name\":\"Sungboon Editor Deep Collagen Barrier Serum Mist mitrino\u0161s serums-mist ar kolag\u0113nu 30ml - FACECORNER\",\"isPartOf\":{\"@id\":\"https:\\\/\\\/www.facecorner.lv\\\/#website\"},\"primaryImageOfPage\":{\"@id\":\"https:\\\/\\\/www.facecorner.lv\\\/shop\\\/sungboon-editor-deep-collagen-barrier-serum-mist-mitrinoss-serums-mist-ar-kolagenu-30ml\\\/#primaryimage\"},\"image\":{\"@id\":\"https:\\\/\\\/www.facecorner.lv\\\/shop\\\/sungboon-editor-deep-collagen-barrier-serum-mist-mitrinoss-serums-mist-ar-kolagenu-30ml\\\/#primaryimage\"},\"thumbnailUrl\":\"https:\\\/\\\/www.facecorner.lv\\\/wp-content\\\/uploads\\\/2026\\\/03\\\/Sungboon-Editor-Deep-Collagen-Barrier-Serum-Mist.jpg\",\"datePublished\":\"2026-03-10T11:24:27+00:00\",\"dateModified\":\"2026-03-10T11:24:28+00:00\",\"description\":\"Sungboon Editor Deep Collagen Barrier Serum Mist ir daudzfunkcion\u0101ls mitrino\u0161s serums, kas stiprina \u0101das barjeru, dzi\u013ci mitrina un pal\u012bdz saglab\u0101t \u0101das elast\u012bbu visas dienas garum\u0101.\",\"breadcrumb\":{\"@id\":\"https:\\\/\\\/www.facecorner.lv\\\/shop\\\/sungboon-editor-deep-collagen-barrier-serum-mist-mitrinoss-serums-mist-ar-kolagenu-30ml\\\/#breadcrumb\"},\"inLanguage\":\"lv-LV\",\"potentialAction\":[{\"@type\":\"ReadAction\",\"target\":[\"https:\\\/\\\/www.facecorner.lv\\\/shop\\\/sungboon-editor-deep-collagen-barrier-serum-mist-mitrinoss-serums-mist-ar-kolagenu-30ml\\\/\"]}]},{\"@type\":\"ImageObject\",\"inLanguage\":\"lv-LV\",\"@id\":\"https:\\\/\\\/www.facecorner.lv\\\/shop\\\/sungboon-editor-deep-collagen-barrier-serum-mist-mitrinoss-serums-mist-ar-kolagenu-30ml\\\/#primaryimage\",\"url\":\"https:\\\/\\\/www.facecorner.lv\\\/wp-content\\\/uploads\\\/2026\\\/03\\\/Sungboon-Editor-Deep-Collagen-Barrier-Serum-Mist.jpg\",\"contentUrl\":\"https:\\\/\\\/www.facecorner.lv\\\/wp-content\\\/uploads\\\/2026\\\/03\\\/Sungboon-Editor-Deep-Collagen-Barrier-Serum-Mist.jpg\",\"width\":1000,\"height\":1000,\"caption\":\"Sungboon Editor Deep Collagen Barrier Serum Mist\"},{\"@type\":\"BreadcrumbList\",\"@id\":\"https:\\\/\\\/www.facecorner.lv\\\/shop\\\/sungboon-editor-deep-collagen-barrier-serum-mist-mitrinoss-serums-mist-ar-kolagenu-30ml\\\/#breadcrumb\",\"itemListElement\":[{\"@type\":\"ListItem\",\"position\":1,\"name\":\"Home\",\"item\":\"https:\\\/\\\/www.facecorner.lv\\\/\"},{\"@type\":\"ListItem\",\"position\":2,\"name\":\"Veikals\",\"item\":\"https:\\\/\\\/www.facecorner.lv\\\/shop\\\/\"},{\"@type\":\"ListItem\",\"position\":3,\"name\":\"Sungboon Editor Deep Collagen Barrier Serum Mist mitrino\u0161s serums-mist ar kolag\u0113nu 30ml\"}]},{\"@type\":\"WebSite\",\"@id\":\"https:\\\/\\\/www.facecorner.lv\\\/#website\",\"url\":\"https:\\\/\\\/www.facecorner.lv\\\/\",\"name\":\"Facecorner\",\"description\":\"\",\"publisher\":{\"@id\":\"https:\\\/\\\/www.facecorner.lv\\\/#organization\"},\"potentialAction\":[{\"@type\":\"SearchAction\",\"target\":{\"@type\":\"EntryPoint\",\"urlTemplate\":\"https:\\\/\\\/www.facecorner.lv\\\/?s={search_term_string}\"},\"query-input\":{\"@type\":\"PropertyValueSpecification\",\"valueRequired\":true,\"valueName\":\"search_term_string\"}}],\"inLanguage\":\"lv-LV\"},{\"@type\":\"Organization\",\"@id\":\"https:\\\/\\\/www.facecorner.lv\\\/#organization\",\"name\":\"Facecorner\",\"url\":\"https:\\\/\\\/www.facecorner.lv\\\/\",\"logo\":{\"@type\":\"ImageObject\",\"inLanguage\":\"lv-LV\",\"@id\":\"https:\\\/\\\/www.facecorner.lv\\\/#\\\/schema\\\/logo\\\/image\\\/\",\"url\":\"https:\\\/\\\/www.facecorner.lv\\\/wp-content\\\/uploads\\\/2024\\\/04\\\/fc-logo.jpg\",\"contentUrl\":\"https:\\\/\\\/www.facecorner.lv\\\/wp-content\\\/uploads\\\/2024\\\/04\\\/fc-logo.jpg\",\"width\":174,\"height\":28,\"caption\":\"Facecorner\"},\"image\":{\"@id\":\"https:\\\/\\\/www.facecorner.lv\\\/#\\\/schema\\\/logo\\\/image\\\/\"},\"sameAs\":[\"https:\\\/\\\/www.facebook.com\\\/profile.php?id=100063824551839\",\"https:\\\/\\\/www.instagram.com\\\/facecorner_shop\\\/\"]}]}<\/script>\n<meta property=\"product:price:amount\" content=\"25.90\" \/>\n<meta property=\"product:price:currency\" content=\"EUR\" \/>\n<meta property=\"og:availability\" content=\"instock\" \/>\n<meta property=\"product:availability\" content=\"instock\" \/>\n<meta property=\"product:condition\" content=\"new\" \/>\n<!-- \/ Yoast SEO plugin. -->","yoast_head_json":{"title":"Sungboon Editor Deep Collagen Barrier Serum Mist mitrino\u0161s serums-mist ar kolag\u0113nu 30ml - FACECORNER","description":"Sungboon Editor Deep Collagen Barrier Serum Mist ir daudzfunkcion\u0101ls mitrino\u0161s serums, kas stiprina \u0101das barjeru, dzi\u013ci mitrina un pal\u012bdz saglab\u0101t \u0101das elast\u012bbu visas dienas garum\u0101.","robots":{"index":"index","follow":"follow","max-snippet":"max-snippet:-1","max-image-preview":"max-image-preview:large","max-video-preview":"max-video-preview:-1"},"canonical":"https:\/\/www.facecorner.lv\/lv\/shop\/sungboon-editor-deep-collagen-barrier-serum-mist-mitrinoss-serums-mist-ar-kolagenu-30ml\/","og_locale":"lv_LV","og_type":"article","og_title":"Sungboon Editor Deep Collagen Barrier Serum Mist mitrino\u0161s serums-mist ar kolag\u0113nu 30ml - FACECORNER","og_description":"Sungboon Editor Deep Collagen Barrier Serum Mist ir daudzfunkcion\u0101ls mitrino\u0161s serums, kas stiprina \u0101das barjeru, dzi\u013ci mitrina un pal\u012bdz saglab\u0101t \u0101das elast\u012bbu visas dienas garum\u0101.","og_url":"https:\/\/www.facecorner.lv\/lv\/shop\/sungboon-editor-deep-collagen-barrier-serum-mist-mitrinoss-serums-mist-ar-kolagenu-30ml\/","og_site_name":"FACECORNER","article_publisher":"https:\/\/www.facebook.com\/profile.php?id=100063824551839","article_modified_time":"2026-03-10T11:24:28+00:00","og_image":[{"width":1000,"height":1000,"url":"https:\/\/www.facecorner.lv\/wp-content\/uploads\/2026\/03\/Sungboon-Editor-Deep-Collagen-Barrier-Serum-Mist.jpg","type":"image\/jpeg"}],"twitter_card":"summary_large_image","twitter_misc":{"Price":"&euro;25.90","Availability":"In stock"},"schema":{"@context":"https:\/\/schema.org","@graph":[{"@type":"WebPage","@id":"https:\/\/www.facecorner.lv\/shop\/sungboon-editor-deep-collagen-barrier-serum-mist-mitrinoss-serums-mist-ar-kolagenu-30ml\/","url":"https:\/\/www.facecorner.lv\/shop\/sungboon-editor-deep-collagen-barrier-serum-mist-mitrinoss-serums-mist-ar-kolagenu-30ml\/","name":"Sungboon Editor Deep Collagen Barrier Serum Mist mitrino\u0161s serums-mist ar kolag\u0113nu 30ml - FACECORNER","isPartOf":{"@id":"https:\/\/www.facecorner.lv\/#website"},"primaryImageOfPage":{"@id":"https:\/\/www.facecorner.lv\/shop\/sungboon-editor-deep-collagen-barrier-serum-mist-mitrinoss-serums-mist-ar-kolagenu-30ml\/#primaryimage"},"image":{"@id":"https:\/\/www.facecorner.lv\/shop\/sungboon-editor-deep-collagen-barrier-serum-mist-mitrinoss-serums-mist-ar-kolagenu-30ml\/#primaryimage"},"thumbnailUrl":"https:\/\/www.facecorner.lv\/wp-content\/uploads\/2026\/03\/Sungboon-Editor-Deep-Collagen-Barrier-Serum-Mist.jpg","datePublished":"2026-03-10T11:24:27+00:00","dateModified":"2026-03-10T11:24:28+00:00","description":"Sungboon Editor Deep Collagen Barrier Serum Mist ir daudzfunkcion\u0101ls mitrino\u0161s serums, kas stiprina \u0101das barjeru, dzi\u013ci mitrina un pal\u012bdz saglab\u0101t \u0101das elast\u012bbu visas dienas garum\u0101.","breadcrumb":{"@id":"https:\/\/www.facecorner.lv\/shop\/sungboon-editor-deep-collagen-barrier-serum-mist-mitrinoss-serums-mist-ar-kolagenu-30ml\/#breadcrumb"},"inLanguage":"lv-LV","potentialAction":[{"@type":"ReadAction","target":["https:\/\/www.facecorner.lv\/shop\/sungboon-editor-deep-collagen-barrier-serum-mist-mitrinoss-serums-mist-ar-kolagenu-30ml\/"]}]},{"@type":"ImageObject","inLanguage":"lv-LV","@id":"https:\/\/www.facecorner.lv\/shop\/sungboon-editor-deep-collagen-barrier-serum-mist-mitrinoss-serums-mist-ar-kolagenu-30ml\/#primaryimage","url":"https:\/\/www.facecorner.lv\/wp-content\/uploads\/2026\/03\/Sungboon-Editor-Deep-Collagen-Barrier-Serum-Mist.jpg","contentUrl":"https:\/\/www.facecorner.lv\/wp-content\/uploads\/2026\/03\/Sungboon-Editor-Deep-Collagen-Barrier-Serum-Mist.jpg","width":1000,"height":1000,"caption":"Sungboon Editor Deep Collagen Barrier Serum Mist"},{"@type":"BreadcrumbList","@id":"https:\/\/www.facecorner.lv\/shop\/sungboon-editor-deep-collagen-barrier-serum-mist-mitrinoss-serums-mist-ar-kolagenu-30ml\/#breadcrumb","itemListElement":[{"@type":"ListItem","position":1,"name":"Home","item":"https:\/\/www.facecorner.lv\/"},{"@type":"ListItem","position":2,"name":"Veikals","item":"https:\/\/www.facecorner.lv\/shop\/"},{"@type":"ListItem","position":3,"name":"Sungboon Editor Deep Collagen Barrier Serum Mist mitrino\u0161s serums-mist ar kolag\u0113nu 30ml"}]},{"@type":"WebSite","@id":"https:\/\/www.facecorner.lv\/#website","url":"https:\/\/www.facecorner.lv\/","name":"Facecorner","description":"","publisher":{"@id":"https:\/\/www.facecorner.lv\/#organization"},"potentialAction":[{"@type":"SearchAction","target":{"@type":"EntryPoint","urlTemplate":"https:\/\/www.facecorner.lv\/?s={search_term_string}"},"query-input":{"@type":"PropertyValueSpecification","valueRequired":true,"valueName":"search_term_string"}}],"inLanguage":"lv-LV"},{"@type":"Organization","@id":"https:\/\/www.facecorner.lv\/#organization","name":"Facecorner","url":"https:\/\/www.facecorner.lv\/","logo":{"@type":"ImageObject","inLanguage":"lv-LV","@id":"https:\/\/www.facecorner.lv\/#\/schema\/logo\/image\/","url":"https:\/\/www.facecorner.lv\/wp-content\/uploads\/2024\/04\/fc-logo.jpg","contentUrl":"https:\/\/www.facecorner.lv\/wp-content\/uploads\/2024\/04\/fc-logo.jpg","width":174,"height":28,"caption":"Facecorner"},"image":{"@id":"https:\/\/www.facecorner.lv\/#\/schema\/logo\/image\/"},"sameAs":["https:\/\/www.facebook.com\/profile.php?id=100063824551839","https:\/\/www.instagram.com\/facecorner_shop\/"]}]},"product_price_amount":"25.90","product_price_currency":"EUR","og_availability":"instock","product_availability":"instock","product_condition":"new"},"_links":{"self":[{"href":"https:\/\/www.facecorner.lv\/lv\/wp-json\/wp\/v2\/product\/27162","targetHints":{"allow":["GET"]}}],"collection":[{"href":"https:\/\/www.facecorner.lv\/lv\/wp-json\/wp\/v2\/product"}],"about":[{"href":"https:\/\/www.facecorner.lv\/lv\/wp-json\/wp\/v2\/types\/product"}],"replies":[{"embeddable":true,"href":"https:\/\/www.facecorner.lv\/lv\/wp-json\/wp\/v2\/comments?post=27162"}],"wp:featuredmedia":[{"embeddable":true,"href":"https:\/\/www.facecorner.lv\/lv\/wp-json\/wp\/v2\/media\/27163"}],"wp:attachment":[{"href":"https:\/\/www.facecorner.lv\/lv\/wp-json\/wp\/v2\/media?parent=27162"}],"wp:term":[{"taxonomy":"product_brand","embeddable":true,"href":"https:\/\/www.facecorner.lv\/lv\/wp-json\/wp\/v2\/product_brand?post=27162"},{"taxonomy":"product_cat","embeddable":true,"href":"https:\/\/www.facecorner.lv\/lv\/wp-json\/wp\/v2\/product_cat?post=27162"},{"taxonomy":"product_tag","embeddable":true,"href":"https:\/\/www.facecorner.lv\/lv\/wp-json\/wp\/v2\/product_tag?post=27162"},{"taxonomy":"berocket_brand","embeddable":true,"href":"https:\/\/www.facecorner.lv\/lv\/wp-json\/wp\/v2\/berocket_brand?post=27162"}],"curies":[{"name":"wp","href":"https:\/\/api.w.org\/{rel}","templated":true}]}}