{"id":27155,"date":"2026-03-09T16:33:17","date_gmt":"2026-03-09T13:33:17","guid":{"rendered":"https:\/\/www.facecorner.lv\/?post_type=product&#038;p=27155"},"modified":"2026-04-10T15:13:31","modified_gmt":"2026-04-10T12:13:31","slug":"medi-peel-phyto-exosome-pdrn-lifting-shot-toner-liftinga-toneris-ar-pdrn-130ml","status":"publish","type":"product","link":"https:\/\/www.facecorner.lv\/lv\/shop\/medi-peel-phyto-exosome-pdrn-lifting-shot-toner-liftinga-toneris-ar-pdrn-130ml\/","title":{"rendered":"Medi\u2011Peel Phyto Exosome PDRN Lifting Shot Toner liftinga toneris ar PDRN 130ml"},"content":{"rendered":"<p>Medi\u2011Peel Phyto Exosome PDRN Lifting Shot Toner inovat\u012bvs liftinga toniks ar PDRN, augu eksosom\u0101m un pept\u012bdu kompleksu, kas dzi\u013ci mitrina, atjauno un nostiprina \u0101du.<\/p>\n<p>Tas sagatavo seju turpm\u0101kajiem kop\u0161anas posmiem, uzlabo akt\u012bvo sast\u0101vda\u013cu uzs\u016bk\u0161anos un pal\u012bdz \u0101dai izskat\u012bties stingrai, mirdzo\u0161ai un jaunai.<\/p>\n<p>Formula apvieno sp\u0113c\u012bgas pretnoveco\u0161an\u0101s sast\u0101vda\u013cas: PDRN stimul\u0113 kolag\u0113na un elast\u012bna sint\u0113zi, bet fito komplekss eksos uzlabo \u0161\u016bnu atjauno\u0161anos un palielina \u0101das elast\u012bbu.<\/p>\n<ul>\n<li>Intens\u012bvi mitrina un nov\u0113r\u0161 sausuma un saspringuma saj\u016btu.<\/li>\n<li>Stimul\u0113 kolag\u0113na un elast\u012bna sint\u0113zi, nostiprina \u0101das strukt\u016bru.<\/li>\n<li>Sagatavo \u0101du n\u0101kamajai kop\u0161anai, uzlabojot serumu un kr\u0113mu uzs\u016bk\u0161anos.<\/li>\n<li>Izl\u012bdzina smalk\u0101s grumbi\u0146as un pal\u012bdz aizkav\u0113t jaunu veido\u0161anos.<\/li>\n<li>\u00a0Izl\u012bdzina \u0101das toni, pie\u0161\u0137ir dabisku mirdzumu un maigumu.<\/li>\n<\/ul>\n<h6>Akt\u012bv\u0101s sast\u0101vda\u013cas:<\/h6>\n<ul>\n<li>PDRN (n\u0101trija DNS) \u2014 veicina \u0101das re\u0123ener\u0101ciju un aizsarg\u0101 to pret boj\u0101jumiem.<\/li>\n<li>Augu eksosomas \u2014 uzlabo akt\u012bvo vielu nok\u013c\u016b\u0161anu dzi\u013c\u0101kajos \u0101das sl\u0101\u0146os.<\/li>\n<li>Pept\u012bdu komplekss (tostarp Argireline) \u2014 uztur elast\u012bbu un samazina mimisk\u0101s grumbi\u0146as.<\/li>\n<li>Niac\u012bnam\u012bds un vitam\u012bni \u2014 uzlabo \u0101das toni un tekst\u016bru, uztur aizsargbarjeru.<\/li>\n<li>PHA un LHA \u2014 maiga \u0101das atjauno\u0161ana bez kairin\u0101juma.<\/li>\n<\/ul>\n<p><strong>Lieto\u0161ana:<\/strong><\/p>\n<ol>\n<li>Uzkl\u0101jiet toniku uz t\u012bras sejas \u0101das no r\u012bta un vakar\u0101:<\/li>\n<li>Samitriniet vates disku un maigi noslaukiet seju, izvairoties no zonas ap ac\u012bm.<\/li>\n<li>P\u0113c tonika lieto\u0161anas turpiniet kop\u0161anu ar serumu un kr\u0113mu.<\/li>\n<\/ol>\n<p><strong>Sast\u0101vs:<\/strong> <span style=\"font-size: 16px;\">Water, Glycerin, Propanediol, Butylene Glycol, Niacinamide, Lotus Flower Water (10,088 Ppm), Diethoxyethyl Succinate, Methyl Gluceth-20, Hydroxyacetophenone, Polysorbate 80, Arginine, Carbomer, Ethylhexylglycerin, Adenosine, 1,2-hexanediol, Disodium EDTA, Gluconolactone, Sodium Polyacrylate, Capryloyl Salicylic Acid, White Rice Flower Extract, Cyanocobalamin, Lactobacillus Ferment, Hydrogenated Lecithin, Caprylyl Glycol, Polyglyceryl-10 Stearate, Lysine, Glutamic Acid, Cysteine, Hyaluronic Acid, Urea, Tryptophan, Threonine, Taurine, Sodium Pca, Sodium Hyaluronate, Serine, Proline, Panthenol, Ornithine, Methionine, Leucine, Histidine, Glycine, Citrulline, Aspartic Acid, Alanine, Sodium Ascorbyl Phosphate, Copper Tripeptide-1, Acetyl Hexapeptide-8, Palmitoyl Tripeptide-5, Palmitoyl Pentapeptide-4, Tripeptide-1, Palmitoyl Tripeptide-1, Hydrolyzed Sodium Hyaluronate, Hydrolyzed Hyaluronic Acid, Yam Root Extract, Hexapeptide-9, Acetyl Octapeptide-3, Sodium Benzoate, Sodium Acetylated Hyaluronate, Pyridoxine, Nonapeptide-1, Apple Cell Culture Extract (0.001 ppm), Hydroxypropyltrimonium Hyaluronate, Folic Acid, Biotin, Dimethylsilanol Hyaluronate, Oligopeptide-32, Oligopeptide-29, Sodium Hyaluronate Crosspolymer, Tocopherol, Pentylene Glycol, Nelumbo Nucifera Leaf Extract (0.0001 ppm), Potassium Hyaluronate, Thiamine Hcl, Sodium DNA (0.00001 ppm), Riboflavin, Linoleic Acid, Beta-carotene, Fragrance<\/span><\/p>\n<div class=\"product__components\"><\/div>\n","protected":false},"excerpt":{"rendered":"<p>Medi\u2011Peel Phyto Exosome PDRN Lifting Shot Toner inovat\u012bvs liftinga toniks ar PDRN, augu eksosom\u0101m un pept\u012bdu kompleksu, kas dzi\u013ci mitrina, atjauno un nostiprina \u0101du.<\/p>\n","protected":false},"featured_media":27157,"comment_status":"open","ping_status":"closed","template":"","meta":{"site-sidebar-layout":"default","site-content-layout":"","ast-site-content-layout":"default","site-content-style":"default","site-sidebar-style":"default","ast-global-header-display":"","ast-banner-title-visibility":"","ast-main-header-display":"","ast-hfb-above-header-display":"","ast-hfb-below-header-display":"","ast-hfb-mobile-header-display":"","site-post-title":"","ast-breadcrumbs-content":"","ast-featured-img":"","footer-sml-layout":"","theme-transparent-header-meta":"default","adv-header-id-meta":"","stick-header-meta":"","header-above-stick-meta":"","header-main-stick-meta":"","header-below-stick-meta":"","astra-migrate-meta-layouts":"set","ast-page-background-enabled":"default","ast-page-background-meta":{"desktop":{"background-color":"var(--ast-global-color-4)","background-image":"","background-repeat":"repeat","background-position":"center center","background-size":"auto","background-attachment":"scroll","background-type":"","background-media":"","overlay-type":"","overlay-color":"","overlay-opacity":"","overlay-gradient":""},"tablet":{"background-color":"","background-image":"","background-repeat":"repeat","background-position":"center center","background-size":"auto","background-attachment":"scroll","background-type":"","background-media":"","overlay-type":"","overlay-color":"","overlay-opacity":"","overlay-gradient":""},"mobile":{"background-color":"","background-image":"","background-repeat":"repeat","background-position":"center center","background-size":"auto","background-attachment":"scroll","background-type":"","background-media":"","overlay-type":"","overlay-color":"","overlay-opacity":"","overlay-gradient":""}},"ast-content-background-meta":{"desktop":{"background-color":"var(--ast-global-color-5)","background-image":"","background-repeat":"repeat","background-position":"center center","background-size":"auto","background-attachment":"scroll","background-type":"","background-media":"","overlay-type":"","overlay-color":"","overlay-opacity":"","overlay-gradient":""},"tablet":{"background-color":"var(--ast-global-color-5)","background-image":"","background-repeat":"repeat","background-position":"center center","background-size":"auto","background-attachment":"scroll","background-type":"","background-media":"","overlay-type":"","overlay-color":"","overlay-opacity":"","overlay-gradient":""},"mobile":{"background-color":"var(--ast-global-color-5)","background-image":"","background-repeat":"repeat","background-position":"center center","background-size":"auto","background-attachment":"scroll","background-type":"","background-media":"","overlay-type":"","overlay-color":"","overlay-opacity":"","overlay-gradient":""}}},"product_brand":[],"product_cat":[375,652,378,364,376],"product_tag":[],"berocket_brand":[583],"class_list":{"0":"post-27155","1":"product","2":"type-product","3":"status-publish","4":"has-post-thumbnail","6":"product_cat-jutigai-adai-toneri","7":"product_cat-pdrn","8":"product_cat-sausai-adai-toneri","9":"product_cat-toneri","10":"product_cat-kombinetai-adai-toneri","11":"berocket_brand-medi-peel","12":"desktop-align-left","13":"tablet-align-left","14":"mobile-align-left","16":"first","17":"outofstock","18":"taxable","19":"shipping-taxable","20":"purchasable","21":"product-type-simple","22":"add-to-wishlist-before_image"},"yoast_head":"<!-- This site is optimized with the Yoast SEO plugin v27.4 - https:\/\/yoast.com\/product\/yoast-seo-wordpress\/ -->\n<title>Medi\u2011Peel Phyto Exosome PDRN Lifting Shot Toner liftinga toneris ar PDRN 130ml - FACECORNER<\/title>\n<meta name=\"description\" content=\"Medi\u2011Peel Phyto Exosome PDRN Lifting Shot Toner inovat\u012bvs liftinga toniks ar PDRN, augu eksosom\u0101m un pept\u012bdu kompleksu, kas dzi\u013ci mitrina, atjauno un nostiprina \u0101du.\" \/>\n<meta name=\"robots\" content=\"index, follow, max-snippet:-1, max-image-preview:large, max-video-preview:-1\" \/>\n<link rel=\"canonical\" href=\"https:\/\/www.facecorner.lv\/lv\/shop\/medi-peel-phyto-exosome-pdrn-lifting-shot-toner-liftinga-toneris-ar-pdrn-130ml\/\" \/>\n<meta property=\"og:locale\" content=\"lv_LV\" \/>\n<meta property=\"og:type\" content=\"article\" \/>\n<meta property=\"og:title\" content=\"Medi\u2011Peel Phyto Exosome PDRN Lifting Shot Toner liftinga toneris ar PDRN 130ml - FACECORNER\" \/>\n<meta property=\"og:description\" content=\"Medi\u2011Peel Phyto Exosome PDRN Lifting Shot Toner inovat\u012bvs liftinga toniks ar PDRN, augu eksosom\u0101m un pept\u012bdu kompleksu, kas dzi\u013ci mitrina, atjauno un nostiprina \u0101du.\" \/>\n<meta property=\"og:url\" content=\"https:\/\/www.facecorner.lv\/lv\/shop\/medi-peel-phyto-exosome-pdrn-lifting-shot-toner-liftinga-toneris-ar-pdrn-130ml\/\" \/>\n<meta property=\"og:site_name\" content=\"FACECORNER\" \/>\n<meta property=\"article:publisher\" content=\"https:\/\/www.facebook.com\/profile.php?id=100063824551839\" \/>\n<meta property=\"article:modified_time\" content=\"2026-04-10T12:13:31+00:00\" \/>\n<meta property=\"og:image\" content=\"https:\/\/www.facecorner.lv\/wp-content\/uploads\/2026\/03\/6aklwd07zx5550mimittu5iku4xl25wz.png\" \/>\n\t<meta property=\"og:image:width\" content=\"1085\" \/>\n\t<meta property=\"og:image:height\" content=\"1200\" \/>\n\t<meta property=\"og:image:type\" content=\"image\/png\" \/>\n<meta name=\"twitter:card\" content=\"summary_large_image\" \/>\n<meta name=\"twitter:label1\" content=\"Price\" \/>\n\t<meta name=\"twitter:data1\" content=\"&euro;22.95\" \/>\n\t<meta name=\"twitter:label2\" content=\"Availability\" \/>\n\t<meta name=\"twitter:data2\" content=\"Out of stock\" \/>\n<script type=\"application\/ld+json\" class=\"yoast-schema-graph\">{\"@context\":\"https:\\\/\\\/schema.org\",\"@graph\":[{\"@type\":\"WebPage\",\"@id\":\"https:\\\/\\\/www.facecorner.lv\\\/shop\\\/medi-peel-phyto-exosome-pdrn-lifting-shot-toner-liftinga-toneris-ar-pdrn-130ml\\\/\",\"url\":\"https:\\\/\\\/www.facecorner.lv\\\/shop\\\/medi-peel-phyto-exosome-pdrn-lifting-shot-toner-liftinga-toneris-ar-pdrn-130ml\\\/\",\"name\":\"Medi\u2011Peel Phyto Exosome PDRN Lifting Shot Toner liftinga toneris ar PDRN 130ml - FACECORNER\",\"isPartOf\":{\"@id\":\"https:\\\/\\\/www.facecorner.lv\\\/#website\"},\"primaryImageOfPage\":{\"@id\":\"https:\\\/\\\/www.facecorner.lv\\\/shop\\\/medi-peel-phyto-exosome-pdrn-lifting-shot-toner-liftinga-toneris-ar-pdrn-130ml\\\/#primaryimage\"},\"image\":{\"@id\":\"https:\\\/\\\/www.facecorner.lv\\\/shop\\\/medi-peel-phyto-exosome-pdrn-lifting-shot-toner-liftinga-toneris-ar-pdrn-130ml\\\/#primaryimage\"},\"thumbnailUrl\":\"https:\\\/\\\/www.facecorner.lv\\\/wp-content\\\/uploads\\\/2026\\\/03\\\/6aklwd07zx5550mimittu5iku4xl25wz.png\",\"datePublished\":\"2026-03-09T13:33:17+00:00\",\"dateModified\":\"2026-04-10T12:13:31+00:00\",\"description\":\"Medi\u2011Peel Phyto Exosome PDRN Lifting Shot Toner inovat\u012bvs liftinga toniks ar PDRN, augu eksosom\u0101m un pept\u012bdu kompleksu, kas dzi\u013ci mitrina, atjauno un nostiprina \u0101du.\",\"breadcrumb\":{\"@id\":\"https:\\\/\\\/www.facecorner.lv\\\/shop\\\/medi-peel-phyto-exosome-pdrn-lifting-shot-toner-liftinga-toneris-ar-pdrn-130ml\\\/#breadcrumb\"},\"inLanguage\":\"lv-LV\",\"potentialAction\":[{\"@type\":\"ReadAction\",\"target\":[\"https:\\\/\\\/www.facecorner.lv\\\/shop\\\/medi-peel-phyto-exosome-pdrn-lifting-shot-toner-liftinga-toneris-ar-pdrn-130ml\\\/\"]}]},{\"@type\":\"ImageObject\",\"inLanguage\":\"lv-LV\",\"@id\":\"https:\\\/\\\/www.facecorner.lv\\\/shop\\\/medi-peel-phyto-exosome-pdrn-lifting-shot-toner-liftinga-toneris-ar-pdrn-130ml\\\/#primaryimage\",\"url\":\"https:\\\/\\\/www.facecorner.lv\\\/wp-content\\\/uploads\\\/2026\\\/03\\\/6aklwd07zx5550mimittu5iku4xl25wz.png\",\"contentUrl\":\"https:\\\/\\\/www.facecorner.lv\\\/wp-content\\\/uploads\\\/2026\\\/03\\\/6aklwd07zx5550mimittu5iku4xl25wz.png\",\"width\":1085,\"height\":1200,\"caption\":\"Medi\u2011Peel Phyto Exosome PDRN Lifting Shot Toner\"},{\"@type\":\"BreadcrumbList\",\"@id\":\"https:\\\/\\\/www.facecorner.lv\\\/shop\\\/medi-peel-phyto-exosome-pdrn-lifting-shot-toner-liftinga-toneris-ar-pdrn-130ml\\\/#breadcrumb\",\"itemListElement\":[{\"@type\":\"ListItem\",\"position\":1,\"name\":\"Home\",\"item\":\"https:\\\/\\\/www.facecorner.lv\\\/\"},{\"@type\":\"ListItem\",\"position\":2,\"name\":\"Veikals\",\"item\":\"https:\\\/\\\/www.facecorner.lv\\\/shop\\\/\"},{\"@type\":\"ListItem\",\"position\":3,\"name\":\"Medi\u2011Peel Phyto Exosome PDRN Lifting Shot Toner liftinga toneris ar PDRN 130ml\"}]},{\"@type\":\"WebSite\",\"@id\":\"https:\\\/\\\/www.facecorner.lv\\\/#website\",\"url\":\"https:\\\/\\\/www.facecorner.lv\\\/\",\"name\":\"Facecorner\",\"description\":\"\",\"publisher\":{\"@id\":\"https:\\\/\\\/www.facecorner.lv\\\/#organization\"},\"potentialAction\":[{\"@type\":\"SearchAction\",\"target\":{\"@type\":\"EntryPoint\",\"urlTemplate\":\"https:\\\/\\\/www.facecorner.lv\\\/?s={search_term_string}\"},\"query-input\":{\"@type\":\"PropertyValueSpecification\",\"valueRequired\":true,\"valueName\":\"search_term_string\"}}],\"inLanguage\":\"lv-LV\"},{\"@type\":\"Organization\",\"@id\":\"https:\\\/\\\/www.facecorner.lv\\\/#organization\",\"name\":\"Facecorner\",\"url\":\"https:\\\/\\\/www.facecorner.lv\\\/\",\"logo\":{\"@type\":\"ImageObject\",\"inLanguage\":\"lv-LV\",\"@id\":\"https:\\\/\\\/www.facecorner.lv\\\/#\\\/schema\\\/logo\\\/image\\\/\",\"url\":\"https:\\\/\\\/www.facecorner.lv\\\/wp-content\\\/uploads\\\/2024\\\/04\\\/fc-logo.jpg\",\"contentUrl\":\"https:\\\/\\\/www.facecorner.lv\\\/wp-content\\\/uploads\\\/2024\\\/04\\\/fc-logo.jpg\",\"width\":174,\"height\":28,\"caption\":\"Facecorner\"},\"image\":{\"@id\":\"https:\\\/\\\/www.facecorner.lv\\\/#\\\/schema\\\/logo\\\/image\\\/\"},\"sameAs\":[\"https:\\\/\\\/www.facebook.com\\\/profile.php?id=100063824551839\",\"https:\\\/\\\/www.instagram.com\\\/facecorner_shop\\\/\"]}]}<\/script>\n<meta property=\"product:price:amount\" content=\"22.95\" \/>\n<meta property=\"product:price:currency\" content=\"EUR\" \/>\n<meta property=\"og:availability\" content=\"out of stock\" \/>\n<meta property=\"product:availability\" content=\"out of stock\" \/>\n<meta property=\"product:condition\" content=\"new\" \/>\n<!-- \/ Yoast SEO plugin. -->","yoast_head_json":{"title":"Medi\u2011Peel Phyto Exosome PDRN Lifting Shot Toner liftinga toneris ar PDRN 130ml - FACECORNER","description":"Medi\u2011Peel Phyto Exosome PDRN Lifting Shot Toner inovat\u012bvs liftinga toniks ar PDRN, augu eksosom\u0101m un pept\u012bdu kompleksu, kas dzi\u013ci mitrina, atjauno un nostiprina \u0101du.","robots":{"index":"index","follow":"follow","max-snippet":"max-snippet:-1","max-image-preview":"max-image-preview:large","max-video-preview":"max-video-preview:-1"},"canonical":"https:\/\/www.facecorner.lv\/lv\/shop\/medi-peel-phyto-exosome-pdrn-lifting-shot-toner-liftinga-toneris-ar-pdrn-130ml\/","og_locale":"lv_LV","og_type":"article","og_title":"Medi\u2011Peel Phyto Exosome PDRN Lifting Shot Toner liftinga toneris ar PDRN 130ml - FACECORNER","og_description":"Medi\u2011Peel Phyto Exosome PDRN Lifting Shot Toner inovat\u012bvs liftinga toniks ar PDRN, augu eksosom\u0101m un pept\u012bdu kompleksu, kas dzi\u013ci mitrina, atjauno un nostiprina \u0101du.","og_url":"https:\/\/www.facecorner.lv\/lv\/shop\/medi-peel-phyto-exosome-pdrn-lifting-shot-toner-liftinga-toneris-ar-pdrn-130ml\/","og_site_name":"FACECORNER","article_publisher":"https:\/\/www.facebook.com\/profile.php?id=100063824551839","article_modified_time":"2026-04-10T12:13:31+00:00","og_image":[{"width":1085,"height":1200,"url":"https:\/\/www.facecorner.lv\/wp-content\/uploads\/2026\/03\/6aklwd07zx5550mimittu5iku4xl25wz.png","type":"image\/png"}],"twitter_card":"summary_large_image","twitter_misc":{"Price":"&euro;22.95","Availability":"Out of stock"},"schema":{"@context":"https:\/\/schema.org","@graph":[{"@type":"WebPage","@id":"https:\/\/www.facecorner.lv\/shop\/medi-peel-phyto-exosome-pdrn-lifting-shot-toner-liftinga-toneris-ar-pdrn-130ml\/","url":"https:\/\/www.facecorner.lv\/shop\/medi-peel-phyto-exosome-pdrn-lifting-shot-toner-liftinga-toneris-ar-pdrn-130ml\/","name":"Medi\u2011Peel Phyto Exosome PDRN Lifting Shot Toner liftinga toneris ar PDRN 130ml - FACECORNER","isPartOf":{"@id":"https:\/\/www.facecorner.lv\/#website"},"primaryImageOfPage":{"@id":"https:\/\/www.facecorner.lv\/shop\/medi-peel-phyto-exosome-pdrn-lifting-shot-toner-liftinga-toneris-ar-pdrn-130ml\/#primaryimage"},"image":{"@id":"https:\/\/www.facecorner.lv\/shop\/medi-peel-phyto-exosome-pdrn-lifting-shot-toner-liftinga-toneris-ar-pdrn-130ml\/#primaryimage"},"thumbnailUrl":"https:\/\/www.facecorner.lv\/wp-content\/uploads\/2026\/03\/6aklwd07zx5550mimittu5iku4xl25wz.png","datePublished":"2026-03-09T13:33:17+00:00","dateModified":"2026-04-10T12:13:31+00:00","description":"Medi\u2011Peel Phyto Exosome PDRN Lifting Shot Toner inovat\u012bvs liftinga toniks ar PDRN, augu eksosom\u0101m un pept\u012bdu kompleksu, kas dzi\u013ci mitrina, atjauno un nostiprina \u0101du.","breadcrumb":{"@id":"https:\/\/www.facecorner.lv\/shop\/medi-peel-phyto-exosome-pdrn-lifting-shot-toner-liftinga-toneris-ar-pdrn-130ml\/#breadcrumb"},"inLanguage":"lv-LV","potentialAction":[{"@type":"ReadAction","target":["https:\/\/www.facecorner.lv\/shop\/medi-peel-phyto-exosome-pdrn-lifting-shot-toner-liftinga-toneris-ar-pdrn-130ml\/"]}]},{"@type":"ImageObject","inLanguage":"lv-LV","@id":"https:\/\/www.facecorner.lv\/shop\/medi-peel-phyto-exosome-pdrn-lifting-shot-toner-liftinga-toneris-ar-pdrn-130ml\/#primaryimage","url":"https:\/\/www.facecorner.lv\/wp-content\/uploads\/2026\/03\/6aklwd07zx5550mimittu5iku4xl25wz.png","contentUrl":"https:\/\/www.facecorner.lv\/wp-content\/uploads\/2026\/03\/6aklwd07zx5550mimittu5iku4xl25wz.png","width":1085,"height":1200,"caption":"Medi\u2011Peel Phyto Exosome PDRN Lifting Shot Toner"},{"@type":"BreadcrumbList","@id":"https:\/\/www.facecorner.lv\/shop\/medi-peel-phyto-exosome-pdrn-lifting-shot-toner-liftinga-toneris-ar-pdrn-130ml\/#breadcrumb","itemListElement":[{"@type":"ListItem","position":1,"name":"Home","item":"https:\/\/www.facecorner.lv\/"},{"@type":"ListItem","position":2,"name":"Veikals","item":"https:\/\/www.facecorner.lv\/shop\/"},{"@type":"ListItem","position":3,"name":"Medi\u2011Peel Phyto Exosome PDRN Lifting Shot Toner liftinga toneris ar PDRN 130ml"}]},{"@type":"WebSite","@id":"https:\/\/www.facecorner.lv\/#website","url":"https:\/\/www.facecorner.lv\/","name":"Facecorner","description":"","publisher":{"@id":"https:\/\/www.facecorner.lv\/#organization"},"potentialAction":[{"@type":"SearchAction","target":{"@type":"EntryPoint","urlTemplate":"https:\/\/www.facecorner.lv\/?s={search_term_string}"},"query-input":{"@type":"PropertyValueSpecification","valueRequired":true,"valueName":"search_term_string"}}],"inLanguage":"lv-LV"},{"@type":"Organization","@id":"https:\/\/www.facecorner.lv\/#organization","name":"Facecorner","url":"https:\/\/www.facecorner.lv\/","logo":{"@type":"ImageObject","inLanguage":"lv-LV","@id":"https:\/\/www.facecorner.lv\/#\/schema\/logo\/image\/","url":"https:\/\/www.facecorner.lv\/wp-content\/uploads\/2024\/04\/fc-logo.jpg","contentUrl":"https:\/\/www.facecorner.lv\/wp-content\/uploads\/2024\/04\/fc-logo.jpg","width":174,"height":28,"caption":"Facecorner"},"image":{"@id":"https:\/\/www.facecorner.lv\/#\/schema\/logo\/image\/"},"sameAs":["https:\/\/www.facebook.com\/profile.php?id=100063824551839","https:\/\/www.instagram.com\/facecorner_shop\/"]}]},"product_price_amount":"22.95","product_price_currency":"EUR","og_availability":"out of stock","product_availability":"out of stock","product_condition":"new"},"_links":{"self":[{"href":"https:\/\/www.facecorner.lv\/lv\/wp-json\/wp\/v2\/product\/27155","targetHints":{"allow":["GET"]}}],"collection":[{"href":"https:\/\/www.facecorner.lv\/lv\/wp-json\/wp\/v2\/product"}],"about":[{"href":"https:\/\/www.facecorner.lv\/lv\/wp-json\/wp\/v2\/types\/product"}],"replies":[{"embeddable":true,"href":"https:\/\/www.facecorner.lv\/lv\/wp-json\/wp\/v2\/comments?post=27155"}],"wp:featuredmedia":[{"embeddable":true,"href":"https:\/\/www.facecorner.lv\/lv\/wp-json\/wp\/v2\/media\/27157"}],"wp:attachment":[{"href":"https:\/\/www.facecorner.lv\/lv\/wp-json\/wp\/v2\/media?parent=27155"}],"wp:term":[{"taxonomy":"product_brand","embeddable":true,"href":"https:\/\/www.facecorner.lv\/lv\/wp-json\/wp\/v2\/product_brand?post=27155"},{"taxonomy":"product_cat","embeddable":true,"href":"https:\/\/www.facecorner.lv\/lv\/wp-json\/wp\/v2\/product_cat?post=27155"},{"taxonomy":"product_tag","embeddable":true,"href":"https:\/\/www.facecorner.lv\/lv\/wp-json\/wp\/v2\/product_tag?post=27155"},{"taxonomy":"berocket_brand","embeddable":true,"href":"https:\/\/www.facecorner.lv\/lv\/wp-json\/wp\/v2\/berocket_brand?post=27155"}],"curies":[{"name":"wp","href":"https:\/\/api.w.org\/{rel}","templated":true}]}}