{"id":27115,"date":"2026-03-06T14:49:00","date_gmt":"2026-03-06T11:49:00","guid":{"rendered":"https:\/\/www.facecorner.lv\/?post_type=product&#038;p=27115"},"modified":"2026-03-06T14:49:00","modified_gmt":"2026-03-06T11:49:00","slug":"dr-melaxin-bp-pore-clear-facial-mask-attirosa-maska-poru-sasaurinasanai","status":"publish","type":"product","link":"https:\/\/www.facecorner.lv\/lv\/shop\/dr-melaxin-bp-pore-clear-facial-mask-attirosa-maska-poru-sasaurinasanai\/","title":{"rendered":"Dr. Melaxin BP Pore Clear Facial Mask  att\u012bro\u0161a maska poru sa\u0161aurin\u0101\u0161anai"},"content":{"rendered":"<p>Dr. Melaxin BP Pore Clear Facial Mask ir efekt\u012bva maska problem\u0101tiskas un taukainas \u0101das kop\u0161anai. T\u0101s formula ir paredz\u0113ta poru att\u012br\u012b\u0161anai no net\u012brumiem, liek\u0101 sebuma un atmiru\u0161aj\u0101m \u0161\u016bn\u0101m.<\/p>\n<p>Regul\u0101ra lieto\u0161ana pal\u012bdz padar\u012bt \u0101du t\u012br\u0101ku, mat\u0113tu un gludu, samazina sp\u012bdumu un nov\u0113r\u0161 nepiln\u012bbu par\u0101d\u012b\u0161anos. Piem\u0113rota lieto\u0161anai m\u0101j\u0101s un var tikt izmantota k\u0101 da\u013ca no regul\u0101ras att\u012br\u012b\u0161anas programmas.<\/p>\n<h6>Priek\u0161roc\u012bbas:<\/h6>\n<ul>\n<li>dzi\u013ci att\u012bra poras<\/li>\n<li>pal\u012bdz samazin\u0101t to redzam\u012bbu<\/li>\n<li>kontrol\u0113 taukainu sp\u012bdumu<\/li>\n<li>uzlabo \u0101das tekst\u016bru<\/li>\n<li>padara \u0101du glud\u0101ku un svaig\u0101ku<\/li>\n<\/ul>\n<p><strong>Lieto\u0161anas veids:<\/strong> Uzkl\u0101jiet vienm\u0113r\u012bgu maskas sl\u0101ni uz att\u012br\u012btas, sausas \u0101das, izvairoties no acs un l\u016bpu zonas. Atst\u0101jiet uz 10\u201315 min\u016bt\u0113m, p\u0113c tam r\u016bp\u012bgi noskalojiet ar siltu \u016bdeni. Lietojiet 1\u20132 reizes ned\u0113\u013c\u0101.<\/p>\n<p><strong>Sast\u0101vs:\u00a0<\/strong>Water, Glycerin, Butylene Glycol, Niacinamide, Alcohol Denat., 1,2-Hexanediol, Hydroxyacetophenone, Cyclopentasiloxane, Betaine, PEG-60 Hydrogenated Castor Oil, Arginine, Carbomer, PEG-10 Dimethicone\/Vinyl Dimethicone Crosspolymer, Cyclohexasiloxane, Xanthan Gum, Hydroxyethyl Acrylate\/Sodium Acryloyldimethyl Taurate Copolymer, Hydroxyethylcellulose, Ethylhexylglycerin, Adenosine, Disodium EDTA, Dipotassium Glycyrrhizate, Panthenol, Melia Azadirachta Leaf Extract, Fragrance, Sorbitan Isostearate, Melia Azadirachta Flower Extract, Diospyros Kaki Leaf Extract, Vitis Vinefera (Grape) Fruit Extract, Coffea Arabica (Coffee) Seed Extract, Carthamus Tinctorius (Safflower) Flower Extract, Polygonum Cuspidatum Root Extract, Camellia Sinensis (Green Tea) Leaf Extract, Castanea Crenata (Chestnut) Shell Extract, Zanthoxylum Piperitum Fruit Extract, 4-Terpineol, Hydrolyzed Sponge.<\/p>\n","protected":false},"excerpt":{"rendered":"<p>Dr. Melaxin BP Pore Clear Facial Mask ir efekt\u012bva maska problem\u0101tiskas un taukainas \u0101das kop\u0161anai. T\u0101s formula ir paredz\u0113ta poru att\u012br\u012b\u0161anai no net\u012brumiem, liek\u0101 sebuma un atmiru\u0161aj\u0101m \u0161\u016bn\u0101m.<\/p>\n","protected":false},"featured_media":27116,"comment_status":"open","ping_status":"closed","template":"","meta":{"site-sidebar-layout":"default","site-content-layout":"","ast-site-content-layout":"default","site-content-style":"default","site-sidebar-style":"default","ast-global-header-display":"","ast-banner-title-visibility":"","ast-main-header-display":"","ast-hfb-above-header-display":"","ast-hfb-below-header-display":"","ast-hfb-mobile-header-display":"","site-post-title":"","ast-breadcrumbs-content":"","ast-featured-img":"","footer-sml-layout":"","theme-transparent-header-meta":"default","adv-header-id-meta":"","stick-header-meta":"","header-above-stick-meta":"","header-main-stick-meta":"","header-below-stick-meta":"","astra-migrate-meta-layouts":"set","ast-page-background-enabled":"default","ast-page-background-meta":{"desktop":{"background-color":"var(--ast-global-color-4)","background-image":"","background-repeat":"repeat","background-position":"center center","background-size":"auto","background-attachment":"scroll","background-type":"","background-media":"","overlay-type":"","overlay-color":"","overlay-opacity":"","overlay-gradient":""},"tablet":{"background-color":"","background-image":"","background-repeat":"repeat","background-position":"center center","background-size":"auto","background-attachment":"scroll","background-type":"","background-media":"","overlay-type":"","overlay-color":"","overlay-opacity":"","overlay-gradient":""},"mobile":{"background-color":"","background-image":"","background-repeat":"repeat","background-position":"center center","background-size":"auto","background-attachment":"scroll","background-type":"","background-media":"","overlay-type":"","overlay-color":"","overlay-opacity":"","overlay-gradient":""}},"ast-content-background-meta":{"desktop":{"background-color":"var(--ast-global-color-5)","background-image":"","background-repeat":"repeat","background-position":"center center","background-size":"auto","background-attachment":"scroll","background-type":"","background-media":"","overlay-type":"","overlay-color":"","overlay-opacity":"","overlay-gradient":""},"tablet":{"background-color":"var(--ast-global-color-5)","background-image":"","background-repeat":"repeat","background-position":"center center","background-size":"auto","background-attachment":"scroll","background-type":"","background-media":"","overlay-type":"","overlay-color":"","overlay-opacity":"","overlay-gradient":""},"mobile":{"background-color":"var(--ast-global-color-5)","background-image":"","background-repeat":"repeat","background-position":"center center","background-size":"auto","background-attachment":"scroll","background-type":"","background-media":"","overlay-type":"","overlay-color":"","overlay-opacity":"","overlay-gradient":""}}},"product_brand":[],"product_cat":[324,315],"product_tag":[],"berocket_brand":[653],"class_list":{"0":"post-27115","1":"product","2":"type-product","3":"status-publish","4":"has-post-thumbnail","6":"product_cat-auduma","7":"product_cat-maskas","8":"berocket_brand-dr-melaxin","9":"desktop-align-left","10":"tablet-align-left","11":"mobile-align-left","13":"first","14":"instock","15":"taxable","16":"shipping-taxable","17":"purchasable","18":"product-type-simple","19":"add-to-wishlist-before_image"},"yoast_head":"<!-- This site is optimized with the Yoast SEO plugin v27.4 - https:\/\/yoast.com\/product\/yoast-seo-wordpress\/ -->\n<title>Dr. Melaxin BP Pore Clear Facial Mask att\u012bro\u0161a maska poru sa\u0161aurin\u0101\u0161anai - FACECORNER<\/title>\n<meta name=\"description\" content=\"Dr. Melaxin BP Pore Clear Facial Mask ir efekt\u012bva maska problem\u0101tiskas un taukainas \u0101das kop\u0161anai. T\u0101s formula ir paredz\u0113ta poru att\u012br\u012b\u0161anai no net\u012brumiem, liek\u0101 sebuma un atmiru\u0161aj\u0101m \u0161\u016bn\u0101m.\" \/>\n<meta name=\"robots\" content=\"index, follow, max-snippet:-1, max-image-preview:large, max-video-preview:-1\" \/>\n<link rel=\"canonical\" href=\"https:\/\/www.facecorner.lv\/lv\/shop\/dr-melaxin-bp-pore-clear-facial-mask-attirosa-maska-poru-sasaurinasanai\/\" \/>\n<meta property=\"og:locale\" content=\"lv_LV\" \/>\n<meta property=\"og:type\" content=\"article\" \/>\n<meta property=\"og:title\" content=\"Dr. Melaxin BP Pore Clear Facial Mask att\u012bro\u0161a maska poru sa\u0161aurin\u0101\u0161anai - FACECORNER\" \/>\n<meta property=\"og:description\" content=\"Dr. Melaxin BP Pore Clear Facial Mask ir efekt\u012bva maska problem\u0101tiskas un taukainas \u0101das kop\u0161anai. T\u0101s formula ir paredz\u0113ta poru att\u012br\u012b\u0161anai no net\u012brumiem, liek\u0101 sebuma un atmiru\u0161aj\u0101m \u0161\u016bn\u0101m.\" \/>\n<meta property=\"og:url\" content=\"https:\/\/www.facecorner.lv\/lv\/shop\/dr-melaxin-bp-pore-clear-facial-mask-attirosa-maska-poru-sasaurinasanai\/\" \/>\n<meta property=\"og:site_name\" content=\"FACECORNER\" \/>\n<meta property=\"article:publisher\" content=\"https:\/\/www.facebook.com\/profile.php?id=100063824551839\" \/>\n<meta property=\"og:image\" content=\"https:\/\/www.facecorner.lv\/wp-content\/uploads\/2026\/03\/XXL_p0203282495.webp\" \/>\n\t<meta property=\"og:image:width\" content=\"640\" \/>\n\t<meta property=\"og:image:height\" content=\"640\" \/>\n\t<meta property=\"og:image:type\" content=\"image\/webp\" \/>\n<meta name=\"twitter:card\" content=\"summary_large_image\" \/>\n<meta name=\"twitter:label1\" content=\"Price\" \/>\n\t<meta name=\"twitter:data1\" content=\"&euro;3.25\" \/>\n\t<meta name=\"twitter:label2\" content=\"Availability\" \/>\n\t<meta name=\"twitter:data2\" content=\"In stock\" \/>\n<script type=\"application\/ld+json\" class=\"yoast-schema-graph\">{\"@context\":\"https:\\\/\\\/schema.org\",\"@graph\":[{\"@type\":\"WebPage\",\"@id\":\"https:\\\/\\\/www.facecorner.lv\\\/shop\\\/dr-melaxin-bp-pore-clear-facial-mask-attirosa-maska-poru-sasaurinasanai\\\/\",\"url\":\"https:\\\/\\\/www.facecorner.lv\\\/shop\\\/dr-melaxin-bp-pore-clear-facial-mask-attirosa-maska-poru-sasaurinasanai\\\/\",\"name\":\"Dr. Melaxin BP Pore Clear Facial Mask att\u012bro\u0161a maska poru sa\u0161aurin\u0101\u0161anai - FACECORNER\",\"isPartOf\":{\"@id\":\"https:\\\/\\\/www.facecorner.lv\\\/#website\"},\"primaryImageOfPage\":{\"@id\":\"https:\\\/\\\/www.facecorner.lv\\\/shop\\\/dr-melaxin-bp-pore-clear-facial-mask-attirosa-maska-poru-sasaurinasanai\\\/#primaryimage\"},\"image\":{\"@id\":\"https:\\\/\\\/www.facecorner.lv\\\/shop\\\/dr-melaxin-bp-pore-clear-facial-mask-attirosa-maska-poru-sasaurinasanai\\\/#primaryimage\"},\"thumbnailUrl\":\"https:\\\/\\\/www.facecorner.lv\\\/wp-content\\\/uploads\\\/2026\\\/03\\\/XXL_p0203282495.webp\",\"datePublished\":\"2026-03-06T11:49:00+00:00\",\"description\":\"Dr. Melaxin BP Pore Clear Facial Mask ir efekt\u012bva maska problem\u0101tiskas un taukainas \u0101das kop\u0161anai. T\u0101s formula ir paredz\u0113ta poru att\u012br\u012b\u0161anai no net\u012brumiem, liek\u0101 sebuma un atmiru\u0161aj\u0101m \u0161\u016bn\u0101m.\",\"breadcrumb\":{\"@id\":\"https:\\\/\\\/www.facecorner.lv\\\/shop\\\/dr-melaxin-bp-pore-clear-facial-mask-attirosa-maska-poru-sasaurinasanai\\\/#breadcrumb\"},\"inLanguage\":\"lv-LV\",\"potentialAction\":[{\"@type\":\"ReadAction\",\"target\":[\"https:\\\/\\\/www.facecorner.lv\\\/shop\\\/dr-melaxin-bp-pore-clear-facial-mask-attirosa-maska-poru-sasaurinasanai\\\/\"]}]},{\"@type\":\"ImageObject\",\"inLanguage\":\"lv-LV\",\"@id\":\"https:\\\/\\\/www.facecorner.lv\\\/shop\\\/dr-melaxin-bp-pore-clear-facial-mask-attirosa-maska-poru-sasaurinasanai\\\/#primaryimage\",\"url\":\"https:\\\/\\\/www.facecorner.lv\\\/wp-content\\\/uploads\\\/2026\\\/03\\\/XXL_p0203282495.webp\",\"contentUrl\":\"https:\\\/\\\/www.facecorner.lv\\\/wp-content\\\/uploads\\\/2026\\\/03\\\/XXL_p0203282495.webp\",\"width\":640,\"height\":640,\"caption\":\"Dr. Melaxin BP Pore Clear Facial Mask\"},{\"@type\":\"BreadcrumbList\",\"@id\":\"https:\\\/\\\/www.facecorner.lv\\\/shop\\\/dr-melaxin-bp-pore-clear-facial-mask-attirosa-maska-poru-sasaurinasanai\\\/#breadcrumb\",\"itemListElement\":[{\"@type\":\"ListItem\",\"position\":1,\"name\":\"Home\",\"item\":\"https:\\\/\\\/www.facecorner.lv\\\/\"},{\"@type\":\"ListItem\",\"position\":2,\"name\":\"Veikals\",\"item\":\"https:\\\/\\\/www.facecorner.lv\\\/shop\\\/\"},{\"@type\":\"ListItem\",\"position\":3,\"name\":\"Dr. Melaxin BP Pore Clear Facial Mask att\u012bro\u0161a maska poru sa\u0161aurin\u0101\u0161anai\"}]},{\"@type\":\"WebSite\",\"@id\":\"https:\\\/\\\/www.facecorner.lv\\\/#website\",\"url\":\"https:\\\/\\\/www.facecorner.lv\\\/\",\"name\":\"Facecorner\",\"description\":\"\",\"publisher\":{\"@id\":\"https:\\\/\\\/www.facecorner.lv\\\/#organization\"},\"potentialAction\":[{\"@type\":\"SearchAction\",\"target\":{\"@type\":\"EntryPoint\",\"urlTemplate\":\"https:\\\/\\\/www.facecorner.lv\\\/?s={search_term_string}\"},\"query-input\":{\"@type\":\"PropertyValueSpecification\",\"valueRequired\":true,\"valueName\":\"search_term_string\"}}],\"inLanguage\":\"lv-LV\"},{\"@type\":\"Organization\",\"@id\":\"https:\\\/\\\/www.facecorner.lv\\\/#organization\",\"name\":\"Facecorner\",\"url\":\"https:\\\/\\\/www.facecorner.lv\\\/\",\"logo\":{\"@type\":\"ImageObject\",\"inLanguage\":\"lv-LV\",\"@id\":\"https:\\\/\\\/www.facecorner.lv\\\/#\\\/schema\\\/logo\\\/image\\\/\",\"url\":\"https:\\\/\\\/www.facecorner.lv\\\/wp-content\\\/uploads\\\/2024\\\/04\\\/fc-logo.jpg\",\"contentUrl\":\"https:\\\/\\\/www.facecorner.lv\\\/wp-content\\\/uploads\\\/2024\\\/04\\\/fc-logo.jpg\",\"width\":174,\"height\":28,\"caption\":\"Facecorner\"},\"image\":{\"@id\":\"https:\\\/\\\/www.facecorner.lv\\\/#\\\/schema\\\/logo\\\/image\\\/\"},\"sameAs\":[\"https:\\\/\\\/www.facebook.com\\\/profile.php?id=100063824551839\",\"https:\\\/\\\/www.instagram.com\\\/facecorner_shop\\\/\"]}]}<\/script>\n<meta property=\"product:price:amount\" content=\"3.25\" \/>\n<meta property=\"product:price:currency\" content=\"EUR\" \/>\n<meta property=\"og:availability\" content=\"instock\" \/>\n<meta property=\"product:availability\" content=\"instock\" \/>\n<meta property=\"product:condition\" content=\"new\" \/>\n<!-- \/ Yoast SEO plugin. -->","yoast_head_json":{"title":"Dr. Melaxin BP Pore Clear Facial Mask att\u012bro\u0161a maska poru sa\u0161aurin\u0101\u0161anai - FACECORNER","description":"Dr. Melaxin BP Pore Clear Facial Mask ir efekt\u012bva maska problem\u0101tiskas un taukainas \u0101das kop\u0161anai. T\u0101s formula ir paredz\u0113ta poru att\u012br\u012b\u0161anai no net\u012brumiem, liek\u0101 sebuma un atmiru\u0161aj\u0101m \u0161\u016bn\u0101m.","robots":{"index":"index","follow":"follow","max-snippet":"max-snippet:-1","max-image-preview":"max-image-preview:large","max-video-preview":"max-video-preview:-1"},"canonical":"https:\/\/www.facecorner.lv\/lv\/shop\/dr-melaxin-bp-pore-clear-facial-mask-attirosa-maska-poru-sasaurinasanai\/","og_locale":"lv_LV","og_type":"article","og_title":"Dr. Melaxin BP Pore Clear Facial Mask att\u012bro\u0161a maska poru sa\u0161aurin\u0101\u0161anai - FACECORNER","og_description":"Dr. Melaxin BP Pore Clear Facial Mask ir efekt\u012bva maska problem\u0101tiskas un taukainas \u0101das kop\u0161anai. T\u0101s formula ir paredz\u0113ta poru att\u012br\u012b\u0161anai no net\u012brumiem, liek\u0101 sebuma un atmiru\u0161aj\u0101m \u0161\u016bn\u0101m.","og_url":"https:\/\/www.facecorner.lv\/lv\/shop\/dr-melaxin-bp-pore-clear-facial-mask-attirosa-maska-poru-sasaurinasanai\/","og_site_name":"FACECORNER","article_publisher":"https:\/\/www.facebook.com\/profile.php?id=100063824551839","og_image":[{"width":640,"height":640,"url":"https:\/\/www.facecorner.lv\/wp-content\/uploads\/2026\/03\/XXL_p0203282495.webp","type":"image\/webp"}],"twitter_card":"summary_large_image","twitter_misc":{"Price":"&euro;3.25","Availability":"In stock"},"schema":{"@context":"https:\/\/schema.org","@graph":[{"@type":"WebPage","@id":"https:\/\/www.facecorner.lv\/shop\/dr-melaxin-bp-pore-clear-facial-mask-attirosa-maska-poru-sasaurinasanai\/","url":"https:\/\/www.facecorner.lv\/shop\/dr-melaxin-bp-pore-clear-facial-mask-attirosa-maska-poru-sasaurinasanai\/","name":"Dr. Melaxin BP Pore Clear Facial Mask att\u012bro\u0161a maska poru sa\u0161aurin\u0101\u0161anai - FACECORNER","isPartOf":{"@id":"https:\/\/www.facecorner.lv\/#website"},"primaryImageOfPage":{"@id":"https:\/\/www.facecorner.lv\/shop\/dr-melaxin-bp-pore-clear-facial-mask-attirosa-maska-poru-sasaurinasanai\/#primaryimage"},"image":{"@id":"https:\/\/www.facecorner.lv\/shop\/dr-melaxin-bp-pore-clear-facial-mask-attirosa-maska-poru-sasaurinasanai\/#primaryimage"},"thumbnailUrl":"https:\/\/www.facecorner.lv\/wp-content\/uploads\/2026\/03\/XXL_p0203282495.webp","datePublished":"2026-03-06T11:49:00+00:00","description":"Dr. Melaxin BP Pore Clear Facial Mask ir efekt\u012bva maska problem\u0101tiskas un taukainas \u0101das kop\u0161anai. T\u0101s formula ir paredz\u0113ta poru att\u012br\u012b\u0161anai no net\u012brumiem, liek\u0101 sebuma un atmiru\u0161aj\u0101m \u0161\u016bn\u0101m.","breadcrumb":{"@id":"https:\/\/www.facecorner.lv\/shop\/dr-melaxin-bp-pore-clear-facial-mask-attirosa-maska-poru-sasaurinasanai\/#breadcrumb"},"inLanguage":"lv-LV","potentialAction":[{"@type":"ReadAction","target":["https:\/\/www.facecorner.lv\/shop\/dr-melaxin-bp-pore-clear-facial-mask-attirosa-maska-poru-sasaurinasanai\/"]}]},{"@type":"ImageObject","inLanguage":"lv-LV","@id":"https:\/\/www.facecorner.lv\/shop\/dr-melaxin-bp-pore-clear-facial-mask-attirosa-maska-poru-sasaurinasanai\/#primaryimage","url":"https:\/\/www.facecorner.lv\/wp-content\/uploads\/2026\/03\/XXL_p0203282495.webp","contentUrl":"https:\/\/www.facecorner.lv\/wp-content\/uploads\/2026\/03\/XXL_p0203282495.webp","width":640,"height":640,"caption":"Dr. Melaxin BP Pore Clear Facial Mask"},{"@type":"BreadcrumbList","@id":"https:\/\/www.facecorner.lv\/shop\/dr-melaxin-bp-pore-clear-facial-mask-attirosa-maska-poru-sasaurinasanai\/#breadcrumb","itemListElement":[{"@type":"ListItem","position":1,"name":"Home","item":"https:\/\/www.facecorner.lv\/"},{"@type":"ListItem","position":2,"name":"Veikals","item":"https:\/\/www.facecorner.lv\/shop\/"},{"@type":"ListItem","position":3,"name":"Dr. Melaxin BP Pore Clear Facial Mask att\u012bro\u0161a maska poru sa\u0161aurin\u0101\u0161anai"}]},{"@type":"WebSite","@id":"https:\/\/www.facecorner.lv\/#website","url":"https:\/\/www.facecorner.lv\/","name":"Facecorner","description":"","publisher":{"@id":"https:\/\/www.facecorner.lv\/#organization"},"potentialAction":[{"@type":"SearchAction","target":{"@type":"EntryPoint","urlTemplate":"https:\/\/www.facecorner.lv\/?s={search_term_string}"},"query-input":{"@type":"PropertyValueSpecification","valueRequired":true,"valueName":"search_term_string"}}],"inLanguage":"lv-LV"},{"@type":"Organization","@id":"https:\/\/www.facecorner.lv\/#organization","name":"Facecorner","url":"https:\/\/www.facecorner.lv\/","logo":{"@type":"ImageObject","inLanguage":"lv-LV","@id":"https:\/\/www.facecorner.lv\/#\/schema\/logo\/image\/","url":"https:\/\/www.facecorner.lv\/wp-content\/uploads\/2024\/04\/fc-logo.jpg","contentUrl":"https:\/\/www.facecorner.lv\/wp-content\/uploads\/2024\/04\/fc-logo.jpg","width":174,"height":28,"caption":"Facecorner"},"image":{"@id":"https:\/\/www.facecorner.lv\/#\/schema\/logo\/image\/"},"sameAs":["https:\/\/www.facebook.com\/profile.php?id=100063824551839","https:\/\/www.instagram.com\/facecorner_shop\/"]}]},"product_price_amount":"3.25","product_price_currency":"EUR","og_availability":"instock","product_availability":"instock","product_condition":"new"},"_links":{"self":[{"href":"https:\/\/www.facecorner.lv\/lv\/wp-json\/wp\/v2\/product\/27115","targetHints":{"allow":["GET"]}}],"collection":[{"href":"https:\/\/www.facecorner.lv\/lv\/wp-json\/wp\/v2\/product"}],"about":[{"href":"https:\/\/www.facecorner.lv\/lv\/wp-json\/wp\/v2\/types\/product"}],"replies":[{"embeddable":true,"href":"https:\/\/www.facecorner.lv\/lv\/wp-json\/wp\/v2\/comments?post=27115"}],"wp:featuredmedia":[{"embeddable":true,"href":"https:\/\/www.facecorner.lv\/lv\/wp-json\/wp\/v2\/media\/27116"}],"wp:attachment":[{"href":"https:\/\/www.facecorner.lv\/lv\/wp-json\/wp\/v2\/media?parent=27115"}],"wp:term":[{"taxonomy":"product_brand","embeddable":true,"href":"https:\/\/www.facecorner.lv\/lv\/wp-json\/wp\/v2\/product_brand?post=27115"},{"taxonomy":"product_cat","embeddable":true,"href":"https:\/\/www.facecorner.lv\/lv\/wp-json\/wp\/v2\/product_cat?post=27115"},{"taxonomy":"product_tag","embeddable":true,"href":"https:\/\/www.facecorner.lv\/lv\/wp-json\/wp\/v2\/product_tag?post=27115"},{"taxonomy":"berocket_brand","embeddable":true,"href":"https:\/\/www.facecorner.lv\/lv\/wp-json\/wp\/v2\/berocket_brand?post=27115"}],"curies":[{"name":"wp","href":"https:\/\/api.w.org\/{rel}","templated":true}]}}