{"id":27082,"date":"2026-03-05T15:51:25","date_gmt":"2026-03-05T12:51:25","guid":{"rendered":"https:\/\/www.facecorner.lv\/?post_type=product&#038;p=27082"},"modified":"2026-04-21T16:56:29","modified_gmt":"2026-04-21T13:56:29","slug":"vt-caffeine-eye-patch-patchi-adas-ap-acim-ar-kofeinu-un-vitaminiem-60ea","status":"publish","type":"product","link":"https:\/\/www.facecorner.lv\/lv\/shop\/vt-caffeine-eye-patch-patchi-adas-ap-acim-ar-kofeinu-un-vitaminiem-60ea\/","title":{"rendered":"VT Caffeine Eye Patch patchi \u0101das ap ac\u012bm ar kofe\u012bnu un vitam\u012bniem 60ea"},"content":{"rendered":"<p>VT Caffeine Eye Patch ir intens\u012bvi auduma pl\u0101ksteri jut\u012bgai \u0101das zonai ap ac\u012bm, kas pal\u012bdz c\u012bn\u012bties ar piet\u016bkumu, tum\u0161iem lokiem un noguruma paz\u012bm\u0113m.<\/p>\n<p>Pateicoties akt\u012bvaj\u0101m sast\u0101vda\u013c\u0101m, pl\u0101ksteri efekt\u012bvi toniz\u0113 \u0101du, uzlabo mikrocirkul\u0101ciju un pie\u0161\u0137ir skatienam svaigu, atp\u016btu\u0161os izskatu.<\/p>\n<p>Patchi ir pies\u0101tin\u0101ti ar kofe\u012bna, niac\u012bnam\u012bda, glutationa, K vitam\u012bna, pept\u012bdu un kolag\u0113na kompleksa esenci, kas stiprina, mitrina un uzlabo \u0101das elast\u012bbu. Formula darbojas maigi, bet iev\u0113rojami mitrina, pal\u012bdz samazin\u0101t noguruma paz\u012bmes un padara \u0101du glud\u0101ku, mirdzo\u0161\u0101ku un elast\u012bg\u0101ku.<\/p>\n<h6>Galven\u0101s priek\u0161roc\u012bbas:<\/h6>\n<ul>\n<li>Nov\u0113r\u0161 piet\u016bkumu un t\u016bsku zem ac\u012bm.<\/li>\n<li>Samazina tum\u0161os lokus un \u0101das bl\u0101vumu ap ac\u012bm.<\/li>\n<li>Toniz\u0113 un nostiprina \u0101du, uzlabojot t\u0101s tekst\u016bru.<\/li>\n<li>Dzi\u013ci mitrina un uztur \u0101das elast\u012bbu.<\/li>\n<\/ul>\n<h6>Akt\u012bv\u0101s sast\u0101vda\u013cas:<\/h6>\n<ul>\n<li>Kofe\u012bns \u2014 pal\u012bdz samazin\u0101t piet\u016bkumu un stimul\u0113 mikrocirkul\u0101ciju.<\/li>\n<li>Niac\u012bnam\u012bds \u2014 izl\u012bdzina \u0101das toni un nostiprina barjeru.<\/li>\n<li>Glutationa \u2014 sp\u0113c\u012bgs antioksidants, pie\u0161\u0137ir \u0101dai mirdzumu.<\/li>\n<li>Vitam\u012bns K un pept\u012bdi \u2014 uztur elast\u012bbu un stiprina \u0101du.<\/li>\n<li>Kolag\u0113ns (vair\u0101ki veidi) \u2014 nodro\u0161ina \u0101das mitrin\u0101\u0161anu un bl\u012bvumu.<\/li>\n<\/ul>\n<p><strong>Lieto\u0161anas veids: <\/strong>R\u016bp\u012bgi att\u012briet sejas \u0101du un zonu ap ac\u012bm.Iz\u0146emiet pl\u0101ksterus no iepakojuma un uzlieciet tos zem ac\u012bm, cie\u0161i piek\u013caujot \u0101dai.Atst\u0101jiet uz 15\u201320 min\u016bt\u0113m.No\u0146emiet pl\u0101ksterus un maigi iemas\u0113jiet atliku\u0161o esenci, l\u012bdz t\u0101 ies\u016bcas.<\/p>\n<p><strong>Sast\u0101vs:<\/strong> Water, Butylene Glycol, Dipropylene Glycol, Niacinamide, 1,2-Hexanediol, Hydroxyacetophenone, Glycerin, Carbomer, Tromethamine, Adenosine, Ammonium Acryloyldimethyltaurate\/Vp Copolymer, Disodium EDTA, Xanthan Gum, Caffeine, Glyceryl Acrylate\/Acrylic Acid Copolymer, Caprylic\/Capric Triglyceride, Hydrogenated Lecithin, Polyglyceryl-10 Diisostearate, Menadione (Vitamin K), Glutathione, Dimethyl Isosorbide, Hydrolyzed Collagen, Palmitoyl Tripeptide-5, Collagen Extract, Hydroxy Pinacolone Retinoate, Copper Tripeptide-1, Acetyl Hexapeptide-8, Palmitoyl Pentapeptide-4, Collagen, Collagen Amino Acids, Sodium Soy Hydrolyzed Collagen, Water-Soluble Collagen, Zinc Hydrolyzed Collagen.<\/p>\n","protected":false},"excerpt":{"rendered":"<p>VT Caffeine Eye Patch ir intens\u012bvi auduma pl\u0101ksteri jut\u012bgai \u0101das zonai ap ac\u012bm, kas pal\u012bdz c\u012bn\u012bties ar piet\u016bkumu, tum\u0161iem lokiem un noguruma paz\u012bm\u0113m.<\/p>\n","protected":false},"featured_media":27083,"comment_status":"open","ping_status":"closed","template":"","meta":{"site-sidebar-layout":"default","site-content-layout":"","ast-site-content-layout":"default","site-content-style":"default","site-sidebar-style":"default","ast-global-header-display":"","ast-banner-title-visibility":"","ast-main-header-display":"","ast-hfb-above-header-display":"","ast-hfb-below-header-display":"","ast-hfb-mobile-header-display":"","site-post-title":"","ast-breadcrumbs-content":"","ast-featured-img":"","footer-sml-layout":"","theme-transparent-header-meta":"default","adv-header-id-meta":"","stick-header-meta":"","header-above-stick-meta":"","header-main-stick-meta":"","header-below-stick-meta":"","astra-migrate-meta-layouts":"set","ast-page-background-enabled":"default","ast-page-background-meta":{"desktop":{"background-color":"var(--ast-global-color-4)","background-image":"","background-repeat":"repeat","background-position":"center center","background-size":"auto","background-attachment":"scroll","background-type":"","background-media":"","overlay-type":"","overlay-color":"","overlay-opacity":"","overlay-gradient":""},"tablet":{"background-color":"","background-image":"","background-repeat":"repeat","background-position":"center center","background-size":"auto","background-attachment":"scroll","background-type":"","background-media":"","overlay-type":"","overlay-color":"","overlay-opacity":"","overlay-gradient":""},"mobile":{"background-color":"","background-image":"","background-repeat":"repeat","background-position":"center center","background-size":"auto","background-attachment":"scroll","background-type":"","background-media":"","overlay-type":"","overlay-color":"","overlay-opacity":"","overlay-gradient":""}},"ast-content-background-meta":{"desktop":{"background-color":"var(--ast-global-color-5)","background-image":"","background-repeat":"repeat","background-position":"center center","background-size":"auto","background-attachment":"scroll","background-type":"","background-media":"","overlay-type":"","overlay-color":"","overlay-opacity":"","overlay-gradient":""},"tablet":{"background-color":"var(--ast-global-color-5)","background-image":"","background-repeat":"repeat","background-position":"center center","background-size":"auto","background-attachment":"scroll","background-type":"","background-media":"","overlay-type":"","overlay-color":"","overlay-opacity":"","overlay-gradient":""},"mobile":{"background-color":"var(--ast-global-color-5)","background-image":"","background-repeat":"repeat","background-position":"center center","background-size":"auto","background-attachment":"scroll","background-type":"","background-media":"","overlay-type":"","overlay-color":"","overlay-opacity":"","overlay-gradient":""}}},"product_brand":[],"product_cat":[327],"product_tag":[],"berocket_brand":[582],"class_list":{"0":"post-27082","1":"product","2":"type-product","3":"status-publish","4":"has-post-thumbnail","6":"product_cat-patci","7":"berocket_brand-vt","8":"desktop-align-left","9":"tablet-align-left","10":"mobile-align-left","12":"first","13":"instock","14":"taxable","15":"shipping-taxable","16":"purchasable","17":"product-type-simple","18":"add-to-wishlist-before_image"},"yoast_head":"<!-- This site is optimized with the Yoast SEO plugin v27.4 - https:\/\/yoast.com\/product\/yoast-seo-wordpress\/ -->\n<title>VT Caffeine Eye Patch patchi \u0101das ap ac\u012bm ar kofe\u012bnu un vitam\u012bniem 60ea - FACECORNER<\/title>\n<meta name=\"description\" content=\"VT Caffeine Eye Patch ir intens\u012bvi auduma pl\u0101ksteri jut\u012bgai \u0101das zonai ap ac\u012bm, kas pal\u012bdz c\u012bn\u012bties ar piet\u016bkumu, tum\u0161iem lokiem un noguruma paz\u012bm\u0113m.\" \/>\n<meta name=\"robots\" content=\"index, follow, max-snippet:-1, max-image-preview:large, max-video-preview:-1\" \/>\n<link rel=\"canonical\" href=\"https:\/\/www.facecorner.lv\/lv\/shop\/vt-caffeine-eye-patch-patchi-adas-ap-acim-ar-kofeinu-un-vitaminiem-60ea\/\" \/>\n<meta property=\"og:locale\" content=\"lv_LV\" \/>\n<meta property=\"og:type\" content=\"article\" \/>\n<meta property=\"og:title\" content=\"VT Caffeine Eye Patch patchi \u0101das ap ac\u012bm ar kofe\u012bnu un vitam\u012bniem 60ea - FACECORNER\" \/>\n<meta property=\"og:description\" content=\"VT Caffeine Eye Patch ir intens\u012bvi auduma pl\u0101ksteri jut\u012bgai \u0101das zonai ap ac\u012bm, kas pal\u012bdz c\u012bn\u012bties ar piet\u016bkumu, tum\u0161iem lokiem un noguruma paz\u012bm\u0113m.\" \/>\n<meta property=\"og:url\" content=\"https:\/\/www.facecorner.lv\/lv\/shop\/vt-caffeine-eye-patch-patchi-adas-ap-acim-ar-kofeinu-un-vitaminiem-60ea\/\" \/>\n<meta property=\"og:site_name\" content=\"FACECORNER\" \/>\n<meta property=\"article:publisher\" content=\"https:\/\/www.facebook.com\/profile.php?id=100063824551839\" \/>\n<meta property=\"article:modified_time\" content=\"2026-04-21T13:56:29+00:00\" \/>\n<meta property=\"og:image\" content=\"https:\/\/www.facecorner.lv\/wp-content\/uploads\/2026\/03\/hollyshop-_-2025_12_18T170929.761-_1_.jpg\" \/>\n\t<meta property=\"og:image:width\" content=\"1000\" \/>\n\t<meta property=\"og:image:height\" content=\"1000\" \/>\n\t<meta property=\"og:image:type\" content=\"image\/jpeg\" \/>\n<meta name=\"twitter:card\" content=\"summary_large_image\" \/>\n<meta name=\"twitter:label1\" content=\"Price\" \/>\n\t<meta name=\"twitter:data1\" content=\"&euro;32.95\" \/>\n\t<meta name=\"twitter:label2\" content=\"Availability\" \/>\n\t<meta name=\"twitter:data2\" content=\"In stock\" \/>\n<script type=\"application\/ld+json\" class=\"yoast-schema-graph\">{\"@context\":\"https:\\\/\\\/schema.org\",\"@graph\":[{\"@type\":\"WebPage\",\"@id\":\"https:\\\/\\\/www.facecorner.lv\\\/shop\\\/vt-caffeine-eye-patch-patchi-adas-ap-acim-ar-kofeinu-un-vitaminiem-60ea\\\/\",\"url\":\"https:\\\/\\\/www.facecorner.lv\\\/shop\\\/vt-caffeine-eye-patch-patchi-adas-ap-acim-ar-kofeinu-un-vitaminiem-60ea\\\/\",\"name\":\"VT Caffeine Eye Patch patchi \u0101das ap ac\u012bm ar kofe\u012bnu un vitam\u012bniem 60ea - FACECORNER\",\"isPartOf\":{\"@id\":\"https:\\\/\\\/www.facecorner.lv\\\/#website\"},\"primaryImageOfPage\":{\"@id\":\"https:\\\/\\\/www.facecorner.lv\\\/shop\\\/vt-caffeine-eye-patch-patchi-adas-ap-acim-ar-kofeinu-un-vitaminiem-60ea\\\/#primaryimage\"},\"image\":{\"@id\":\"https:\\\/\\\/www.facecorner.lv\\\/shop\\\/vt-caffeine-eye-patch-patchi-adas-ap-acim-ar-kofeinu-un-vitaminiem-60ea\\\/#primaryimage\"},\"thumbnailUrl\":\"https:\\\/\\\/www.facecorner.lv\\\/wp-content\\\/uploads\\\/2026\\\/03\\\/hollyshop-_-2025_12_18T170929.761-_1_.jpg\",\"datePublished\":\"2026-03-05T12:51:25+00:00\",\"dateModified\":\"2026-04-21T13:56:29+00:00\",\"description\":\"VT Caffeine Eye Patch ir intens\u012bvi auduma pl\u0101ksteri jut\u012bgai \u0101das zonai ap ac\u012bm, kas pal\u012bdz c\u012bn\u012bties ar piet\u016bkumu, tum\u0161iem lokiem un noguruma paz\u012bm\u0113m.\",\"breadcrumb\":{\"@id\":\"https:\\\/\\\/www.facecorner.lv\\\/shop\\\/vt-caffeine-eye-patch-patchi-adas-ap-acim-ar-kofeinu-un-vitaminiem-60ea\\\/#breadcrumb\"},\"inLanguage\":\"lv-LV\",\"potentialAction\":[{\"@type\":\"ReadAction\",\"target\":[\"https:\\\/\\\/www.facecorner.lv\\\/shop\\\/vt-caffeine-eye-patch-patchi-adas-ap-acim-ar-kofeinu-un-vitaminiem-60ea\\\/\"]}]},{\"@type\":\"ImageObject\",\"inLanguage\":\"lv-LV\",\"@id\":\"https:\\\/\\\/www.facecorner.lv\\\/shop\\\/vt-caffeine-eye-patch-patchi-adas-ap-acim-ar-kofeinu-un-vitaminiem-60ea\\\/#primaryimage\",\"url\":\"https:\\\/\\\/www.facecorner.lv\\\/wp-content\\\/uploads\\\/2026\\\/03\\\/hollyshop-_-2025_12_18T170929.761-_1_.jpg\",\"contentUrl\":\"https:\\\/\\\/www.facecorner.lv\\\/wp-content\\\/uploads\\\/2026\\\/03\\\/hollyshop-_-2025_12_18T170929.761-_1_.jpg\",\"width\":1000,\"height\":1000,\"caption\":\"VT Caffeine Eye Patch\"},{\"@type\":\"BreadcrumbList\",\"@id\":\"https:\\\/\\\/www.facecorner.lv\\\/shop\\\/vt-caffeine-eye-patch-patchi-adas-ap-acim-ar-kofeinu-un-vitaminiem-60ea\\\/#breadcrumb\",\"itemListElement\":[{\"@type\":\"ListItem\",\"position\":1,\"name\":\"Home\",\"item\":\"https:\\\/\\\/www.facecorner.lv\\\/\"},{\"@type\":\"ListItem\",\"position\":2,\"name\":\"Veikals\",\"item\":\"https:\\\/\\\/www.facecorner.lv\\\/shop\\\/\"},{\"@type\":\"ListItem\",\"position\":3,\"name\":\"VT Caffeine Eye Patch patchi \u0101das ap ac\u012bm ar kofe\u012bnu un vitam\u012bniem 60ea\"}]},{\"@type\":\"WebSite\",\"@id\":\"https:\\\/\\\/www.facecorner.lv\\\/#website\",\"url\":\"https:\\\/\\\/www.facecorner.lv\\\/\",\"name\":\"Facecorner\",\"description\":\"\",\"publisher\":{\"@id\":\"https:\\\/\\\/www.facecorner.lv\\\/#organization\"},\"potentialAction\":[{\"@type\":\"SearchAction\",\"target\":{\"@type\":\"EntryPoint\",\"urlTemplate\":\"https:\\\/\\\/www.facecorner.lv\\\/?s={search_term_string}\"},\"query-input\":{\"@type\":\"PropertyValueSpecification\",\"valueRequired\":true,\"valueName\":\"search_term_string\"}}],\"inLanguage\":\"lv-LV\"},{\"@type\":\"Organization\",\"@id\":\"https:\\\/\\\/www.facecorner.lv\\\/#organization\",\"name\":\"Facecorner\",\"url\":\"https:\\\/\\\/www.facecorner.lv\\\/\",\"logo\":{\"@type\":\"ImageObject\",\"inLanguage\":\"lv-LV\",\"@id\":\"https:\\\/\\\/www.facecorner.lv\\\/#\\\/schema\\\/logo\\\/image\\\/\",\"url\":\"https:\\\/\\\/www.facecorner.lv\\\/wp-content\\\/uploads\\\/2024\\\/04\\\/fc-logo.jpg\",\"contentUrl\":\"https:\\\/\\\/www.facecorner.lv\\\/wp-content\\\/uploads\\\/2024\\\/04\\\/fc-logo.jpg\",\"width\":174,\"height\":28,\"caption\":\"Facecorner\"},\"image\":{\"@id\":\"https:\\\/\\\/www.facecorner.lv\\\/#\\\/schema\\\/logo\\\/image\\\/\"},\"sameAs\":[\"https:\\\/\\\/www.facebook.com\\\/profile.php?id=100063824551839\",\"https:\\\/\\\/www.instagram.com\\\/facecorner_shop\\\/\"]}]}<\/script>\n<meta property=\"product:price:amount\" content=\"32.95\" \/>\n<meta property=\"product:price:currency\" content=\"EUR\" \/>\n<meta property=\"og:availability\" content=\"instock\" \/>\n<meta property=\"product:availability\" content=\"instock\" \/>\n<meta property=\"product:condition\" content=\"new\" \/>\n<!-- \/ Yoast SEO plugin. -->","yoast_head_json":{"title":"VT Caffeine Eye Patch patchi \u0101das ap ac\u012bm ar kofe\u012bnu un vitam\u012bniem 60ea - FACECORNER","description":"VT Caffeine Eye Patch ir intens\u012bvi auduma pl\u0101ksteri jut\u012bgai \u0101das zonai ap ac\u012bm, kas pal\u012bdz c\u012bn\u012bties ar piet\u016bkumu, tum\u0161iem lokiem un noguruma paz\u012bm\u0113m.","robots":{"index":"index","follow":"follow","max-snippet":"max-snippet:-1","max-image-preview":"max-image-preview:large","max-video-preview":"max-video-preview:-1"},"canonical":"https:\/\/www.facecorner.lv\/lv\/shop\/vt-caffeine-eye-patch-patchi-adas-ap-acim-ar-kofeinu-un-vitaminiem-60ea\/","og_locale":"lv_LV","og_type":"article","og_title":"VT Caffeine Eye Patch patchi \u0101das ap ac\u012bm ar kofe\u012bnu un vitam\u012bniem 60ea - FACECORNER","og_description":"VT Caffeine Eye Patch ir intens\u012bvi auduma pl\u0101ksteri jut\u012bgai \u0101das zonai ap ac\u012bm, kas pal\u012bdz c\u012bn\u012bties ar piet\u016bkumu, tum\u0161iem lokiem un noguruma paz\u012bm\u0113m.","og_url":"https:\/\/www.facecorner.lv\/lv\/shop\/vt-caffeine-eye-patch-patchi-adas-ap-acim-ar-kofeinu-un-vitaminiem-60ea\/","og_site_name":"FACECORNER","article_publisher":"https:\/\/www.facebook.com\/profile.php?id=100063824551839","article_modified_time":"2026-04-21T13:56:29+00:00","og_image":[{"width":1000,"height":1000,"url":"https:\/\/www.facecorner.lv\/wp-content\/uploads\/2026\/03\/hollyshop-_-2025_12_18T170929.761-_1_.jpg","type":"image\/jpeg"}],"twitter_card":"summary_large_image","twitter_misc":{"Price":"&euro;32.95","Availability":"In stock"},"schema":{"@context":"https:\/\/schema.org","@graph":[{"@type":"WebPage","@id":"https:\/\/www.facecorner.lv\/shop\/vt-caffeine-eye-patch-patchi-adas-ap-acim-ar-kofeinu-un-vitaminiem-60ea\/","url":"https:\/\/www.facecorner.lv\/shop\/vt-caffeine-eye-patch-patchi-adas-ap-acim-ar-kofeinu-un-vitaminiem-60ea\/","name":"VT Caffeine Eye Patch patchi \u0101das ap ac\u012bm ar kofe\u012bnu un vitam\u012bniem 60ea - FACECORNER","isPartOf":{"@id":"https:\/\/www.facecorner.lv\/#website"},"primaryImageOfPage":{"@id":"https:\/\/www.facecorner.lv\/shop\/vt-caffeine-eye-patch-patchi-adas-ap-acim-ar-kofeinu-un-vitaminiem-60ea\/#primaryimage"},"image":{"@id":"https:\/\/www.facecorner.lv\/shop\/vt-caffeine-eye-patch-patchi-adas-ap-acim-ar-kofeinu-un-vitaminiem-60ea\/#primaryimage"},"thumbnailUrl":"https:\/\/www.facecorner.lv\/wp-content\/uploads\/2026\/03\/hollyshop-_-2025_12_18T170929.761-_1_.jpg","datePublished":"2026-03-05T12:51:25+00:00","dateModified":"2026-04-21T13:56:29+00:00","description":"VT Caffeine Eye Patch ir intens\u012bvi auduma pl\u0101ksteri jut\u012bgai \u0101das zonai ap ac\u012bm, kas pal\u012bdz c\u012bn\u012bties ar piet\u016bkumu, tum\u0161iem lokiem un noguruma paz\u012bm\u0113m.","breadcrumb":{"@id":"https:\/\/www.facecorner.lv\/shop\/vt-caffeine-eye-patch-patchi-adas-ap-acim-ar-kofeinu-un-vitaminiem-60ea\/#breadcrumb"},"inLanguage":"lv-LV","potentialAction":[{"@type":"ReadAction","target":["https:\/\/www.facecorner.lv\/shop\/vt-caffeine-eye-patch-patchi-adas-ap-acim-ar-kofeinu-un-vitaminiem-60ea\/"]}]},{"@type":"ImageObject","inLanguage":"lv-LV","@id":"https:\/\/www.facecorner.lv\/shop\/vt-caffeine-eye-patch-patchi-adas-ap-acim-ar-kofeinu-un-vitaminiem-60ea\/#primaryimage","url":"https:\/\/www.facecorner.lv\/wp-content\/uploads\/2026\/03\/hollyshop-_-2025_12_18T170929.761-_1_.jpg","contentUrl":"https:\/\/www.facecorner.lv\/wp-content\/uploads\/2026\/03\/hollyshop-_-2025_12_18T170929.761-_1_.jpg","width":1000,"height":1000,"caption":"VT Caffeine Eye Patch"},{"@type":"BreadcrumbList","@id":"https:\/\/www.facecorner.lv\/shop\/vt-caffeine-eye-patch-patchi-adas-ap-acim-ar-kofeinu-un-vitaminiem-60ea\/#breadcrumb","itemListElement":[{"@type":"ListItem","position":1,"name":"Home","item":"https:\/\/www.facecorner.lv\/"},{"@type":"ListItem","position":2,"name":"Veikals","item":"https:\/\/www.facecorner.lv\/shop\/"},{"@type":"ListItem","position":3,"name":"VT Caffeine Eye Patch patchi \u0101das ap ac\u012bm ar kofe\u012bnu un vitam\u012bniem 60ea"}]},{"@type":"WebSite","@id":"https:\/\/www.facecorner.lv\/#website","url":"https:\/\/www.facecorner.lv\/","name":"Facecorner","description":"","publisher":{"@id":"https:\/\/www.facecorner.lv\/#organization"},"potentialAction":[{"@type":"SearchAction","target":{"@type":"EntryPoint","urlTemplate":"https:\/\/www.facecorner.lv\/?s={search_term_string}"},"query-input":{"@type":"PropertyValueSpecification","valueRequired":true,"valueName":"search_term_string"}}],"inLanguage":"lv-LV"},{"@type":"Organization","@id":"https:\/\/www.facecorner.lv\/#organization","name":"Facecorner","url":"https:\/\/www.facecorner.lv\/","logo":{"@type":"ImageObject","inLanguage":"lv-LV","@id":"https:\/\/www.facecorner.lv\/#\/schema\/logo\/image\/","url":"https:\/\/www.facecorner.lv\/wp-content\/uploads\/2024\/04\/fc-logo.jpg","contentUrl":"https:\/\/www.facecorner.lv\/wp-content\/uploads\/2024\/04\/fc-logo.jpg","width":174,"height":28,"caption":"Facecorner"},"image":{"@id":"https:\/\/www.facecorner.lv\/#\/schema\/logo\/image\/"},"sameAs":["https:\/\/www.facebook.com\/profile.php?id=100063824551839","https:\/\/www.instagram.com\/facecorner_shop\/"]}]},"product_price_amount":"32.95","product_price_currency":"EUR","og_availability":"instock","product_availability":"instock","product_condition":"new"},"_links":{"self":[{"href":"https:\/\/www.facecorner.lv\/lv\/wp-json\/wp\/v2\/product\/27082","targetHints":{"allow":["GET"]}}],"collection":[{"href":"https:\/\/www.facecorner.lv\/lv\/wp-json\/wp\/v2\/product"}],"about":[{"href":"https:\/\/www.facecorner.lv\/lv\/wp-json\/wp\/v2\/types\/product"}],"replies":[{"embeddable":true,"href":"https:\/\/www.facecorner.lv\/lv\/wp-json\/wp\/v2\/comments?post=27082"}],"wp:featuredmedia":[{"embeddable":true,"href":"https:\/\/www.facecorner.lv\/lv\/wp-json\/wp\/v2\/media\/27083"}],"wp:attachment":[{"href":"https:\/\/www.facecorner.lv\/lv\/wp-json\/wp\/v2\/media?parent=27082"}],"wp:term":[{"taxonomy":"product_brand","embeddable":true,"href":"https:\/\/www.facecorner.lv\/lv\/wp-json\/wp\/v2\/product_brand?post=27082"},{"taxonomy":"product_cat","embeddable":true,"href":"https:\/\/www.facecorner.lv\/lv\/wp-json\/wp\/v2\/product_cat?post=27082"},{"taxonomy":"product_tag","embeddable":true,"href":"https:\/\/www.facecorner.lv\/lv\/wp-json\/wp\/v2\/product_tag?post=27082"},{"taxonomy":"berocket_brand","embeddable":true,"href":"https:\/\/www.facecorner.lv\/lv\/wp-json\/wp\/v2\/berocket_brand?post=27082"}],"curies":[{"name":"wp","href":"https:\/\/api.w.org\/{rel}","templated":true}]}}