{"id":27062,"date":"2026-03-05T14:51:24","date_gmt":"2026-03-05T11:51:24","guid":{"rendered":"https:\/\/www.facecorner.lv\/?post_type=product&#038;p=27062"},"modified":"2026-04-10T08:17:42","modified_gmt":"2026-04-10T05:17:42","slug":"vt-retinal-peptide-capsule-cream-pretnovecosanas-krems-ar-retinolu-un-peptidiem-50ml","status":"publish","type":"product","link":"https:\/\/www.facecorner.lv\/lv\/shop\/vt-retinal-peptide-capsule-cream-pretnovecosanas-krems-ar-retinolu-un-peptidiem-50ml\/","title":{"rendered":"VT Retinal Peptide Capsule Cream pretnoveco\u0161an\u0101s kr\u0113ms ar retinolu un pept\u012bdiem 50ml"},"content":{"rendered":"<p>VT Retinal Peptide Capsule Cream intens\u012bvs kr\u0113ms ar retinolu un pept\u012bdiem, kas izl\u012bdzina grumbu, uzlabo \u0101das elast\u012bbu un atjauno t\u0101s dabisko mirdzumu.<\/p>\n<p>Kr\u0113ms satur unik\u0101las mikrokapsulas ar akt\u012bvaj\u0101m sast\u0101vda\u013c\u0101m, kas uzkl\u0101jot maigi iz\u0161\u0137\u012bst un pak\u0101peniski atbr\u012bvo noder\u012bgas sast\u0101vda\u013cas. T\u0101d\u0113j\u0101di l\u012bdzeklis darbojas efekt\u012bvi, bet vienlaikus maigi, samazinot kairin\u0101juma risku.<\/p>\n<h6>Galven\u0101s priek\u0161roc\u012bbas:<\/h6>\n<ul>\n<li>pal\u012bdz samazin\u0101t grumbu un noveco\u0161an\u0101s paz\u012bmes<\/li>\n<li>palielina \u0101das elast\u012bbu un stingr\u012bbu<\/li>\n<li>izl\u012bdzina \u0101das toni un tekst\u016bru<\/li>\n<li>uzlabo sejas dabisko mirdzumu<\/li>\n<li>intens\u012bvi baro un mitrina<\/li>\n<\/ul>\n<p>Retin\u0101ls stimul\u0113 \u0161\u016bnu atjauno\u0161anos un pal\u012bdz \u0101dai k\u013c\u016bt glud\u0101kai un jaun\u0101kai, bet pept\u012bdi atbalsta kolag\u0113na sint\u0113zi un nostiprina \u0101das strukt\u016bru. Viegla kr\u0113mveida tekst\u016bra \u0101tri ies\u016bcas, neatst\u0101jot lip\u012bguma un smaguma saj\u016btu.<\/p>\n<p><strong>Lieto\u0161anas veids:<\/strong> P\u0113d\u0113j\u0101 kop\u0161anas posm\u0101 uzkl\u0101jiet nelielu daudzumu kr\u0113ma uz att\u012br\u012btas sejas \u0101das. Viegli izl\u012bdziniet, l\u012bdz kr\u0113ms piln\u012bb\u0101 ies\u016bcies. Lietojot l\u012bdzek\u013cus ar retino\u012bdiem, dienas laik\u0101 ieteicams lietot saules aizsargkr\u0113mu.<\/p>\n<p><strong>Sast\u0101vs:<\/strong> Water, Glycerin, Butylene Glycol, Caprylic\/Capric Triglyceride, Niacinamide, 1,2-Hexanediol, Glycereth-26, Butyrospermum Parkii (Shea) Butter, Diethoxyethyl Succinate, Squalane, Helianthus Annuus (Sunflower) Seed Oil, Glyceryl Glucoside, Simethicone, Carbomer, Tromethamine, Lauroyl Lysine, Polyglyceryl-2 Stearate, Arachidyl Alcohol, Cetearyl Alcohol, Simmondsia Chinensis (Jojoba) Seed Oil, Glyceryl Stearate, Stearyl Alcohol, Behenyl Alcohol, Ethylhexylglycerin, C12-16 Alcohols, Arachidyl Glucoside, Adenosine, Hydrogenated Lecithin, Caffeine, Palmitic Acid, Phosphatidylcholine, Xanthan Gum, Retinal, Allantoin, Rosmarinus Officinalis (Rosemary) Leaf Extract, Glucose, Olea Europaea (Olive) Fruit Oil, Polyglyceryl-10 Laurate, Hydrogenated Polyisobutene, Aloe Barbadensis Leaf Extract, Ulmus Davidiana Root Extract, Laminaria Japonica Extract, Dioscorea Japonica Root Extract, Oenothera Biennis Flower Extract, Pueraria Lobata Root Extract, Pinus Palustris Leaf Extract, Viola Mandshurica Flower Extract, Tripeptide-1, Acetyl Hexapeptide-8, Acetyl Tetrapeptide-2, Acetyl Tetrapeptide-5, Copper Tripeptide-1, Palmitoyl Tripeptide-1, Palmitoyl Pentapeptide-4, Hexapeptide-11, Hexapeptide-9, Palmitoyl Tripeptide-5, Tocopherol, Astaxanthin, Cyanocobalamin, Citric Acid, Disodium EDTA<\/p>\n","protected":false},"excerpt":{"rendered":"<p>VT Retinal Peptide Capsule Cream intens\u012bvs kr\u0113ms ar retinolu un pept\u012bdiem, kas izl\u012bdzina grumbu, uzlabo \u0101das elast\u012bbu un atjauno t\u0101s dabisko mirdzumu.<\/p>\n","protected":false},"featured_media":27063,"comment_status":"open","ping_status":"closed","template":"","meta":{"site-sidebar-layout":"default","site-content-layout":"","ast-site-content-layout":"default","site-content-style":"default","site-sidebar-style":"default","ast-global-header-display":"","ast-banner-title-visibility":"","ast-main-header-display":"","ast-hfb-above-header-display":"","ast-hfb-below-header-display":"","ast-hfb-mobile-header-display":"","site-post-title":"","ast-breadcrumbs-content":"","ast-featured-img":"","footer-sml-layout":"","theme-transparent-header-meta":"default","adv-header-id-meta":"","stick-header-meta":"","header-above-stick-meta":"","header-main-stick-meta":"","header-below-stick-meta":"","astra-migrate-meta-layouts":"set","ast-page-background-enabled":"default","ast-page-background-meta":{"desktop":{"background-color":"var(--ast-global-color-4)","background-image":"","background-repeat":"repeat","background-position":"center center","background-size":"auto","background-attachment":"scroll","background-type":"","background-media":"","overlay-type":"","overlay-color":"","overlay-opacity":"","overlay-gradient":""},"tablet":{"background-color":"","background-image":"","background-repeat":"repeat","background-position":"center center","background-size":"auto","background-attachment":"scroll","background-type":"","background-media":"","overlay-type":"","overlay-color":"","overlay-opacity":"","overlay-gradient":""},"mobile":{"background-color":"","background-image":"","background-repeat":"repeat","background-position":"center center","background-size":"auto","background-attachment":"scroll","background-type":"","background-media":"","overlay-type":"","overlay-color":"","overlay-opacity":"","overlay-gradient":""}},"ast-content-background-meta":{"desktop":{"background-color":"var(--ast-global-color-5)","background-image":"","background-repeat":"repeat","background-position":"center center","background-size":"auto","background-attachment":"scroll","background-type":"","background-media":"","overlay-type":"","overlay-color":"","overlay-opacity":"","overlay-gradient":""},"tablet":{"background-color":"var(--ast-global-color-5)","background-image":"","background-repeat":"repeat","background-position":"center center","background-size":"auto","background-attachment":"scroll","background-type":"","background-media":"","overlay-type":"","overlay-color":"","overlay-opacity":"","overlay-gradient":""},"mobile":{"background-color":"var(--ast-global-color-5)","background-image":"","background-repeat":"repeat","background-position":"center center","background-size":"auto","background-attachment":"scroll","background-type":"","background-media":"","overlay-type":"","overlay-color":"","overlay-opacity":"","overlay-gradient":""}}},"product_brand":[],"product_cat":[368,362],"product_tag":[],"berocket_brand":[582],"class_list":{"0":"post-27062","1":"product","2":"type-product","3":"status-publish","4":"has-post-thumbnail","6":"product_cat-pret-grumbam","7":"product_cat-sejas-krems","8":"berocket_brand-vt","9":"desktop-align-left","10":"tablet-align-left","11":"mobile-align-left","13":"first","14":"instock","15":"taxable","16":"shipping-taxable","17":"purchasable","18":"product-type-simple","19":"add-to-wishlist-before_image"},"yoast_head":"<!-- This site is optimized with the Yoast SEO plugin v27.4 - https:\/\/yoast.com\/product\/yoast-seo-wordpress\/ -->\n<title>VT Retinal Peptide Capsule Cream pretnoveco\u0161an\u0101s kr\u0113ms ar retinolu un pept\u012bdiem 50ml - FACECORNER<\/title>\n<meta name=\"description\" content=\"VT Retinal Peptide Capsule Cream intens\u012bvs kr\u0113ms ar retinolu un pept\u012bdiem, kas izl\u012bdzina grumbu, uzlabo \u0101das elast\u012bbu un atjauno t\u0101s dabisko mirdzumu.\" \/>\n<meta name=\"robots\" content=\"index, follow, max-snippet:-1, max-image-preview:large, max-video-preview:-1\" \/>\n<link rel=\"canonical\" href=\"https:\/\/www.facecorner.lv\/lv\/shop\/vt-retinal-peptide-capsule-cream-pretnovecosanas-krems-ar-retinolu-un-peptidiem-50ml\/\" \/>\n<meta property=\"og:locale\" content=\"lv_LV\" \/>\n<meta property=\"og:type\" content=\"article\" \/>\n<meta property=\"og:title\" content=\"VT Retinal Peptide Capsule Cream pretnoveco\u0161an\u0101s kr\u0113ms ar retinolu un pept\u012bdiem 50ml - FACECORNER\" \/>\n<meta property=\"og:description\" content=\"VT Retinal Peptide Capsule Cream intens\u012bvs kr\u0113ms ar retinolu un pept\u012bdiem, kas izl\u012bdzina grumbu, uzlabo \u0101das elast\u012bbu un atjauno t\u0101s dabisko mirdzumu.\" \/>\n<meta property=\"og:url\" content=\"https:\/\/www.facecorner.lv\/lv\/shop\/vt-retinal-peptide-capsule-cream-pretnovecosanas-krems-ar-retinolu-un-peptidiem-50ml\/\" \/>\n<meta property=\"og:site_name\" content=\"FACECORNER\" \/>\n<meta property=\"article:publisher\" content=\"https:\/\/www.facebook.com\/profile.php?id=100063824551839\" \/>\n<meta property=\"article:modified_time\" content=\"2026-04-10T05:17:42+00:00\" \/>\n<meta property=\"og:image\" content=\"https:\/\/www.facecorner.lv\/wp-content\/uploads\/2026\/03\/VTRetinalPeptideCapsuleCream1.webp\" \/>\n\t<meta property=\"og:image:width\" content=\"984\" \/>\n\t<meta property=\"og:image:height\" content=\"984\" \/>\n\t<meta property=\"og:image:type\" content=\"image\/webp\" \/>\n<meta name=\"twitter:card\" content=\"summary_large_image\" \/>\n<meta name=\"twitter:label1\" content=\"Price\" \/>\n\t<meta name=\"twitter:data1\" content=\"&euro;29.95\" \/>\n\t<meta name=\"twitter:label2\" content=\"Availability\" \/>\n\t<meta name=\"twitter:data2\" content=\"In stock\" \/>\n<script type=\"application\/ld+json\" class=\"yoast-schema-graph\">{\"@context\":\"https:\\\/\\\/schema.org\",\"@graph\":[{\"@type\":\"WebPage\",\"@id\":\"https:\\\/\\\/www.facecorner.lv\\\/shop\\\/vt-retinal-peptide-capsule-cream-pretnovecosanas-krems-ar-retinolu-un-peptidiem-50ml\\\/\",\"url\":\"https:\\\/\\\/www.facecorner.lv\\\/shop\\\/vt-retinal-peptide-capsule-cream-pretnovecosanas-krems-ar-retinolu-un-peptidiem-50ml\\\/\",\"name\":\"VT Retinal Peptide Capsule Cream pretnoveco\u0161an\u0101s kr\u0113ms ar retinolu un pept\u012bdiem 50ml - FACECORNER\",\"isPartOf\":{\"@id\":\"https:\\\/\\\/www.facecorner.lv\\\/#website\"},\"primaryImageOfPage\":{\"@id\":\"https:\\\/\\\/www.facecorner.lv\\\/shop\\\/vt-retinal-peptide-capsule-cream-pretnovecosanas-krems-ar-retinolu-un-peptidiem-50ml\\\/#primaryimage\"},\"image\":{\"@id\":\"https:\\\/\\\/www.facecorner.lv\\\/shop\\\/vt-retinal-peptide-capsule-cream-pretnovecosanas-krems-ar-retinolu-un-peptidiem-50ml\\\/#primaryimage\"},\"thumbnailUrl\":\"https:\\\/\\\/www.facecorner.lv\\\/wp-content\\\/uploads\\\/2026\\\/03\\\/VTRetinalPeptideCapsuleCream1.webp\",\"datePublished\":\"2026-03-05T11:51:24+00:00\",\"dateModified\":\"2026-04-10T05:17:42+00:00\",\"description\":\"VT Retinal Peptide Capsule Cream intens\u012bvs kr\u0113ms ar retinolu un pept\u012bdiem, kas izl\u012bdzina grumbu, uzlabo \u0101das elast\u012bbu un atjauno t\u0101s dabisko mirdzumu.\",\"breadcrumb\":{\"@id\":\"https:\\\/\\\/www.facecorner.lv\\\/shop\\\/vt-retinal-peptide-capsule-cream-pretnovecosanas-krems-ar-retinolu-un-peptidiem-50ml\\\/#breadcrumb\"},\"inLanguage\":\"lv-LV\",\"potentialAction\":[{\"@type\":\"ReadAction\",\"target\":[\"https:\\\/\\\/www.facecorner.lv\\\/shop\\\/vt-retinal-peptide-capsule-cream-pretnovecosanas-krems-ar-retinolu-un-peptidiem-50ml\\\/\"]}]},{\"@type\":\"ImageObject\",\"inLanguage\":\"lv-LV\",\"@id\":\"https:\\\/\\\/www.facecorner.lv\\\/shop\\\/vt-retinal-peptide-capsule-cream-pretnovecosanas-krems-ar-retinolu-un-peptidiem-50ml\\\/#primaryimage\",\"url\":\"https:\\\/\\\/www.facecorner.lv\\\/wp-content\\\/uploads\\\/2026\\\/03\\\/VTRetinalPeptideCapsuleCream1.webp\",\"contentUrl\":\"https:\\\/\\\/www.facecorner.lv\\\/wp-content\\\/uploads\\\/2026\\\/03\\\/VTRetinalPeptideCapsuleCream1.webp\",\"width\":984,\"height\":984,\"caption\":\"VT Retinal Peptide Capsule Cream\"},{\"@type\":\"BreadcrumbList\",\"@id\":\"https:\\\/\\\/www.facecorner.lv\\\/shop\\\/vt-retinal-peptide-capsule-cream-pretnovecosanas-krems-ar-retinolu-un-peptidiem-50ml\\\/#breadcrumb\",\"itemListElement\":[{\"@type\":\"ListItem\",\"position\":1,\"name\":\"Home\",\"item\":\"https:\\\/\\\/www.facecorner.lv\\\/\"},{\"@type\":\"ListItem\",\"position\":2,\"name\":\"Veikals\",\"item\":\"https:\\\/\\\/www.facecorner.lv\\\/shop\\\/\"},{\"@type\":\"ListItem\",\"position\":3,\"name\":\"VT Retinal Peptide Capsule Cream pretnoveco\u0161an\u0101s kr\u0113ms ar retinolu un pept\u012bdiem 50ml\"}]},{\"@type\":\"WebSite\",\"@id\":\"https:\\\/\\\/www.facecorner.lv\\\/#website\",\"url\":\"https:\\\/\\\/www.facecorner.lv\\\/\",\"name\":\"Facecorner\",\"description\":\"\",\"publisher\":{\"@id\":\"https:\\\/\\\/www.facecorner.lv\\\/#organization\"},\"potentialAction\":[{\"@type\":\"SearchAction\",\"target\":{\"@type\":\"EntryPoint\",\"urlTemplate\":\"https:\\\/\\\/www.facecorner.lv\\\/?s={search_term_string}\"},\"query-input\":{\"@type\":\"PropertyValueSpecification\",\"valueRequired\":true,\"valueName\":\"search_term_string\"}}],\"inLanguage\":\"lv-LV\"},{\"@type\":\"Organization\",\"@id\":\"https:\\\/\\\/www.facecorner.lv\\\/#organization\",\"name\":\"Facecorner\",\"url\":\"https:\\\/\\\/www.facecorner.lv\\\/\",\"logo\":{\"@type\":\"ImageObject\",\"inLanguage\":\"lv-LV\",\"@id\":\"https:\\\/\\\/www.facecorner.lv\\\/#\\\/schema\\\/logo\\\/image\\\/\",\"url\":\"https:\\\/\\\/www.facecorner.lv\\\/wp-content\\\/uploads\\\/2024\\\/04\\\/fc-logo.jpg\",\"contentUrl\":\"https:\\\/\\\/www.facecorner.lv\\\/wp-content\\\/uploads\\\/2024\\\/04\\\/fc-logo.jpg\",\"width\":174,\"height\":28,\"caption\":\"Facecorner\"},\"image\":{\"@id\":\"https:\\\/\\\/www.facecorner.lv\\\/#\\\/schema\\\/logo\\\/image\\\/\"},\"sameAs\":[\"https:\\\/\\\/www.facebook.com\\\/profile.php?id=100063824551839\",\"https:\\\/\\\/www.instagram.com\\\/facecorner_shop\\\/\"]}]}<\/script>\n<meta property=\"product:price:amount\" content=\"29.95\" \/>\n<meta property=\"product:price:currency\" content=\"EUR\" \/>\n<meta property=\"og:availability\" content=\"instock\" \/>\n<meta property=\"product:availability\" content=\"instock\" \/>\n<meta property=\"product:condition\" content=\"new\" \/>\n<!-- \/ Yoast SEO plugin. -->","yoast_head_json":{"title":"VT Retinal Peptide Capsule Cream pretnoveco\u0161an\u0101s kr\u0113ms ar retinolu un pept\u012bdiem 50ml - FACECORNER","description":"VT Retinal Peptide Capsule Cream intens\u012bvs kr\u0113ms ar retinolu un pept\u012bdiem, kas izl\u012bdzina grumbu, uzlabo \u0101das elast\u012bbu un atjauno t\u0101s dabisko mirdzumu.","robots":{"index":"index","follow":"follow","max-snippet":"max-snippet:-1","max-image-preview":"max-image-preview:large","max-video-preview":"max-video-preview:-1"},"canonical":"https:\/\/www.facecorner.lv\/lv\/shop\/vt-retinal-peptide-capsule-cream-pretnovecosanas-krems-ar-retinolu-un-peptidiem-50ml\/","og_locale":"lv_LV","og_type":"article","og_title":"VT Retinal Peptide Capsule Cream pretnoveco\u0161an\u0101s kr\u0113ms ar retinolu un pept\u012bdiem 50ml - FACECORNER","og_description":"VT Retinal Peptide Capsule Cream intens\u012bvs kr\u0113ms ar retinolu un pept\u012bdiem, kas izl\u012bdzina grumbu, uzlabo \u0101das elast\u012bbu un atjauno t\u0101s dabisko mirdzumu.","og_url":"https:\/\/www.facecorner.lv\/lv\/shop\/vt-retinal-peptide-capsule-cream-pretnovecosanas-krems-ar-retinolu-un-peptidiem-50ml\/","og_site_name":"FACECORNER","article_publisher":"https:\/\/www.facebook.com\/profile.php?id=100063824551839","article_modified_time":"2026-04-10T05:17:42+00:00","og_image":[{"width":984,"height":984,"url":"https:\/\/www.facecorner.lv\/wp-content\/uploads\/2026\/03\/VTRetinalPeptideCapsuleCream1.webp","type":"image\/webp"}],"twitter_card":"summary_large_image","twitter_misc":{"Price":"&euro;29.95","Availability":"In stock"},"schema":{"@context":"https:\/\/schema.org","@graph":[{"@type":"WebPage","@id":"https:\/\/www.facecorner.lv\/shop\/vt-retinal-peptide-capsule-cream-pretnovecosanas-krems-ar-retinolu-un-peptidiem-50ml\/","url":"https:\/\/www.facecorner.lv\/shop\/vt-retinal-peptide-capsule-cream-pretnovecosanas-krems-ar-retinolu-un-peptidiem-50ml\/","name":"VT Retinal Peptide Capsule Cream pretnoveco\u0161an\u0101s kr\u0113ms ar retinolu un pept\u012bdiem 50ml - FACECORNER","isPartOf":{"@id":"https:\/\/www.facecorner.lv\/#website"},"primaryImageOfPage":{"@id":"https:\/\/www.facecorner.lv\/shop\/vt-retinal-peptide-capsule-cream-pretnovecosanas-krems-ar-retinolu-un-peptidiem-50ml\/#primaryimage"},"image":{"@id":"https:\/\/www.facecorner.lv\/shop\/vt-retinal-peptide-capsule-cream-pretnovecosanas-krems-ar-retinolu-un-peptidiem-50ml\/#primaryimage"},"thumbnailUrl":"https:\/\/www.facecorner.lv\/wp-content\/uploads\/2026\/03\/VTRetinalPeptideCapsuleCream1.webp","datePublished":"2026-03-05T11:51:24+00:00","dateModified":"2026-04-10T05:17:42+00:00","description":"VT Retinal Peptide Capsule Cream intens\u012bvs kr\u0113ms ar retinolu un pept\u012bdiem, kas izl\u012bdzina grumbu, uzlabo \u0101das elast\u012bbu un atjauno t\u0101s dabisko mirdzumu.","breadcrumb":{"@id":"https:\/\/www.facecorner.lv\/shop\/vt-retinal-peptide-capsule-cream-pretnovecosanas-krems-ar-retinolu-un-peptidiem-50ml\/#breadcrumb"},"inLanguage":"lv-LV","potentialAction":[{"@type":"ReadAction","target":["https:\/\/www.facecorner.lv\/shop\/vt-retinal-peptide-capsule-cream-pretnovecosanas-krems-ar-retinolu-un-peptidiem-50ml\/"]}]},{"@type":"ImageObject","inLanguage":"lv-LV","@id":"https:\/\/www.facecorner.lv\/shop\/vt-retinal-peptide-capsule-cream-pretnovecosanas-krems-ar-retinolu-un-peptidiem-50ml\/#primaryimage","url":"https:\/\/www.facecorner.lv\/wp-content\/uploads\/2026\/03\/VTRetinalPeptideCapsuleCream1.webp","contentUrl":"https:\/\/www.facecorner.lv\/wp-content\/uploads\/2026\/03\/VTRetinalPeptideCapsuleCream1.webp","width":984,"height":984,"caption":"VT Retinal Peptide Capsule Cream"},{"@type":"BreadcrumbList","@id":"https:\/\/www.facecorner.lv\/shop\/vt-retinal-peptide-capsule-cream-pretnovecosanas-krems-ar-retinolu-un-peptidiem-50ml\/#breadcrumb","itemListElement":[{"@type":"ListItem","position":1,"name":"Home","item":"https:\/\/www.facecorner.lv\/"},{"@type":"ListItem","position":2,"name":"Veikals","item":"https:\/\/www.facecorner.lv\/shop\/"},{"@type":"ListItem","position":3,"name":"VT Retinal Peptide Capsule Cream pretnoveco\u0161an\u0101s kr\u0113ms ar retinolu un pept\u012bdiem 50ml"}]},{"@type":"WebSite","@id":"https:\/\/www.facecorner.lv\/#website","url":"https:\/\/www.facecorner.lv\/","name":"Facecorner","description":"","publisher":{"@id":"https:\/\/www.facecorner.lv\/#organization"},"potentialAction":[{"@type":"SearchAction","target":{"@type":"EntryPoint","urlTemplate":"https:\/\/www.facecorner.lv\/?s={search_term_string}"},"query-input":{"@type":"PropertyValueSpecification","valueRequired":true,"valueName":"search_term_string"}}],"inLanguage":"lv-LV"},{"@type":"Organization","@id":"https:\/\/www.facecorner.lv\/#organization","name":"Facecorner","url":"https:\/\/www.facecorner.lv\/","logo":{"@type":"ImageObject","inLanguage":"lv-LV","@id":"https:\/\/www.facecorner.lv\/#\/schema\/logo\/image\/","url":"https:\/\/www.facecorner.lv\/wp-content\/uploads\/2024\/04\/fc-logo.jpg","contentUrl":"https:\/\/www.facecorner.lv\/wp-content\/uploads\/2024\/04\/fc-logo.jpg","width":174,"height":28,"caption":"Facecorner"},"image":{"@id":"https:\/\/www.facecorner.lv\/#\/schema\/logo\/image\/"},"sameAs":["https:\/\/www.facebook.com\/profile.php?id=100063824551839","https:\/\/www.instagram.com\/facecorner_shop\/"]}]},"product_price_amount":"29.95","product_price_currency":"EUR","og_availability":"instock","product_availability":"instock","product_condition":"new"},"_links":{"self":[{"href":"https:\/\/www.facecorner.lv\/lv\/wp-json\/wp\/v2\/product\/27062","targetHints":{"allow":["GET"]}}],"collection":[{"href":"https:\/\/www.facecorner.lv\/lv\/wp-json\/wp\/v2\/product"}],"about":[{"href":"https:\/\/www.facecorner.lv\/lv\/wp-json\/wp\/v2\/types\/product"}],"replies":[{"embeddable":true,"href":"https:\/\/www.facecorner.lv\/lv\/wp-json\/wp\/v2\/comments?post=27062"}],"wp:featuredmedia":[{"embeddable":true,"href":"https:\/\/www.facecorner.lv\/lv\/wp-json\/wp\/v2\/media\/27063"}],"wp:attachment":[{"href":"https:\/\/www.facecorner.lv\/lv\/wp-json\/wp\/v2\/media?parent=27062"}],"wp:term":[{"taxonomy":"product_brand","embeddable":true,"href":"https:\/\/www.facecorner.lv\/lv\/wp-json\/wp\/v2\/product_brand?post=27062"},{"taxonomy":"product_cat","embeddable":true,"href":"https:\/\/www.facecorner.lv\/lv\/wp-json\/wp\/v2\/product_cat?post=27062"},{"taxonomy":"product_tag","embeddable":true,"href":"https:\/\/www.facecorner.lv\/lv\/wp-json\/wp\/v2\/product_tag?post=27062"},{"taxonomy":"berocket_brand","embeddable":true,"href":"https:\/\/www.facecorner.lv\/lv\/wp-json\/wp\/v2\/berocket_brand?post=27062"}],"curies":[{"name":"wp","href":"https:\/\/api.w.org\/{rel}","templated":true}]}}