{"id":27020,"date":"2026-02-25T17:18:10","date_gmt":"2026-02-25T14:18:10","guid":{"rendered":"https:\/\/www.facecorner.lv\/?post_type=product&#038;p=27020"},"modified":"2026-03-08T20:31:49","modified_gmt":"2026-03-08T17:31:49","slug":"vt-reedle-shot-synergy-sparkling-toner-mitrinoss-toniks-ar-mikroadatinam-150ml","status":"publish","type":"product","link":"https:\/\/www.facecorner.lv\/lv\/shop\/vt-reedle-shot-synergy-sparkling-toner-mitrinoss-toniks-ar-mikroadatinam-150ml\/","title":{"rendered":"VT Reedle Shot Synergy Sparkling Toner mitrino\u0161s toniks ar mikroadati\u0146\u0101m 150ml"},"content":{"rendered":"<p>VT Reedle Shot Synergy Sparkling Toner tas ir intens\u012bvs mitrino\u0161s toniks ar mikroadati\u0146\u0101m (Spicule) un miner\u0101l\u016bdeni, kas rad\u012bts, lai att\u012br\u012btu poras, nodro\u0161in\u0101tu eksfoli\u0113jo\u0161u efektu un uzlabotu turpm\u0101ko kop\u0161anas l\u012bdzek\u013cu uzs\u016bk\u0161anos.<\/p>\n<p>Produkts m\u012bkstina, baro un mitrina \u0101du, izl\u012bdzinot t\u0101s tekst\u016bru un pie\u0161\u0137irot tai mirdzumu, pateicoties Centella 4X un Aquaxy kompleksam.<\/p>\n<h6>Galven\u0101s \u012bpa\u0161\u012bbas un iedarb\u012bba:<\/h6>\n<ul>\n<li>Intens\u012bva mitrin\u0101\u0161ana: Satur miner\u0101l\u016bdeni (no It\u0101lijas Alpiem), pantenolu un Aquaxyl, kas nov\u0113r\u0161 \u0101das dehidrat\u0101ciju un lob\u012b\u0161anos.<\/li>\n<li>Mikroadatas (Reedle Shot): Nodro\u0161ina akt\u012bvo sast\u0101vda\u013cu dzi\u013cu ies\u016bk\u0161anos, uzlabojot \u0101das tekst\u016bru.<\/li>\n<li>P\u012blinga efekts: akt\u012bvi att\u012bra poras, no\u0146em atmiru\u0161\u0101s \u0161\u016bnas.<\/li>\n<li>Nomierino\u0161a iedarb\u012bba: Centella 4X komplekss un za\u013c\u0101 propolisa ekstrakts samazina jut\u012bgumu, c\u012bn\u0101s ar pinnes veido\u0161anos un stiprina aizsargbarjeru.<\/li>\n<\/ul>\n<p><strong>Lieto\u0161anas veids:<\/strong> Uzkl\u0101jiet uz att\u012br\u012btas sejas \u0101das, izvairoties no acu zonas, ar viegliem piesk\u0101rieniem vai ar vates disku. Ieteicams lietot vakara kop\u0161anas proced\u016br\u0101s.<\/p>\n<p><strong>Sast\u0101vs:<\/strong> Purified water, butylene glycol, glycerin, dipropylene glycol, erythritol, xylityl glucoside, anhydroxylitol, betaine, glyceryl glucoside, xylitol, C12-14 alkyl-12, glucose, carbomer, arginine, disodium EDTA, ammonium acryloyldimethyl taurate\/VP copolymer, panthenol, bromelain, glyceryl acrylate\/acrylic acid copolymer, false apple mint leaf extract, camomile (green) extract, thyme leaf extract, centella asiatica extract, sodium hyaluronate, madecassoside, madecassic acid, asiaticoside, asiatic acid, propolis extract, silica, Hydroxyacetophenone, caprylyl glycol, ethylhexylglycerin, 1,2-hexanediol.<\/p>\n<div class=\"projector__details col-12 col-md-7 col-lg-6 px-0 px-md-3\">\n<section id=\"projector_composition\" class=\"tabs__section tabs__section--active\">\n<div class=\"tabs__content\">\n<div class=\"tabs__content--composition mb-2\"><\/div>\n<\/div>\n<\/section>\n<\/div>\n","protected":false},"excerpt":{"rendered":"<p>VT Reedle Shot Synergy Sparkling Toner tas ir intens\u012bvs mitrino\u0161s toniks ar mikroadati\u0146\u0101m (Spicule) un miner\u0101l\u016bdeni, kas rad\u012bts, lai att\u012br\u012btu poras, nodro\u0161in\u0101tu eksfoli\u0113jo\u0161u efektu un uzlabotu turpm\u0101ko kop\u0161anas l\u012bdzek\u013cu uzs\u016bk\u0161anos.<\/p>\n","protected":false},"featured_media":27021,"comment_status":"open","ping_status":"closed","template":"","meta":{"site-sidebar-layout":"default","site-content-layout":"","ast-site-content-layout":"default","site-content-style":"default","site-sidebar-style":"default","ast-global-header-display":"","ast-banner-title-visibility":"","ast-main-header-display":"","ast-hfb-above-header-display":"","ast-hfb-below-header-display":"","ast-hfb-mobile-header-display":"","site-post-title":"","ast-breadcrumbs-content":"","ast-featured-img":"","footer-sml-layout":"","theme-transparent-header-meta":"default","adv-header-id-meta":"","stick-header-meta":"","header-above-stick-meta":"","header-main-stick-meta":"","header-below-stick-meta":"","astra-migrate-meta-layouts":"set","ast-page-background-enabled":"default","ast-page-background-meta":{"desktop":{"background-color":"var(--ast-global-color-4)","background-image":"","background-repeat":"repeat","background-position":"center center","background-size":"auto","background-attachment":"scroll","background-type":"","background-media":"","overlay-type":"","overlay-color":"","overlay-opacity":"","overlay-gradient":""},"tablet":{"background-color":"","background-image":"","background-repeat":"repeat","background-position":"center center","background-size":"auto","background-attachment":"scroll","background-type":"","background-media":"","overlay-type":"","overlay-color":"","overlay-opacity":"","overlay-gradient":""},"mobile":{"background-color":"","background-image":"","background-repeat":"repeat","background-position":"center center","background-size":"auto","background-attachment":"scroll","background-type":"","background-media":"","overlay-type":"","overlay-color":"","overlay-opacity":"","overlay-gradient":""}},"ast-content-background-meta":{"desktop":{"background-color":"var(--ast-global-color-5)","background-image":"","background-repeat":"repeat","background-position":"center center","background-size":"auto","background-attachment":"scroll","background-type":"","background-media":"","overlay-type":"","overlay-color":"","overlay-opacity":"","overlay-gradient":""},"tablet":{"background-color":"var(--ast-global-color-5)","background-image":"","background-repeat":"repeat","background-position":"center center","background-size":"auto","background-attachment":"scroll","background-type":"","background-media":"","overlay-type":"","overlay-color":"","overlay-opacity":"","overlay-gradient":""},"mobile":{"background-color":"var(--ast-global-color-5)","background-image":"","background-repeat":"repeat","background-position":"center center","background-size":"auto","background-attachment":"scroll","background-type":"","background-media":"","overlay-type":"","overlay-color":"","overlay-opacity":"","overlay-gradient":""}}},"product_brand":[],"product_cat":[375,378,364,376],"product_tag":[],"berocket_brand":[582],"class_list":{"0":"post-27020","1":"product","2":"type-product","3":"status-publish","4":"has-post-thumbnail","6":"product_cat-jutigai-adai-toneri","7":"product_cat-sausai-adai-toneri","8":"product_cat-toneri","9":"product_cat-kombinetai-adai-toneri","10":"berocket_brand-vt","11":"desktop-align-left","12":"tablet-align-left","13":"mobile-align-left","15":"first","16":"instock","17":"taxable","18":"shipping-taxable","19":"purchasable","20":"product-type-simple","21":"add-to-wishlist-before_image"},"yoast_head":"<!-- This site is optimized with the Yoast SEO plugin v27.3 - https:\/\/yoast.com\/product\/yoast-seo-wordpress\/ -->\n<title>VT Reedle Shot Synergy Sparkling Toner mitrino\u0161s toniks ar mikroadati\u0146\u0101m 150ml - FACECORNER<\/title>\n<meta name=\"description\" content=\"VT Reedle Shot Synergy Sparkling Toner tas ir intens\u012bvs mitrino\u0161s toniks ar mikroadati\u0146\u0101m (Spicule) un miner\u0101l\u016bdeni, kas rad\u012bts, lai att\u012br\u012btu poras, nodro\u0161in\u0101tu eksfoli\u0113jo\u0161u efektu un uzlabotu turpm\u0101ko kop\u0161anas l\u012bdzek\u013cu uzs\u016bk\u0161anos.\" \/>\n<meta name=\"robots\" content=\"index, follow, max-snippet:-1, max-image-preview:large, max-video-preview:-1\" \/>\n<link rel=\"canonical\" href=\"https:\/\/www.facecorner.lv\/lv\/shop\/vt-reedle-shot-synergy-sparkling-toner-mitrinoss-toniks-ar-mikroadatinam-150ml\/\" \/>\n<meta property=\"og:locale\" content=\"lv_LV\" \/>\n<meta property=\"og:type\" content=\"article\" \/>\n<meta property=\"og:title\" content=\"VT Reedle Shot Synergy Sparkling Toner mitrino\u0161s toniks ar mikroadati\u0146\u0101m 150ml - FACECORNER\" \/>\n<meta property=\"og:description\" content=\"VT Reedle Shot Synergy Sparkling Toner tas ir intens\u012bvs mitrino\u0161s toniks ar mikroadati\u0146\u0101m (Spicule) un miner\u0101l\u016bdeni, kas rad\u012bts, lai att\u012br\u012btu poras, nodro\u0161in\u0101tu eksfoli\u0113jo\u0161u efektu un uzlabotu turpm\u0101ko kop\u0161anas l\u012bdzek\u013cu uzs\u016bk\u0161anos.\" \/>\n<meta property=\"og:url\" content=\"https:\/\/www.facecorner.lv\/lv\/shop\/vt-reedle-shot-synergy-sparkling-toner-mitrinoss-toniks-ar-mikroadatinam-150ml\/\" \/>\n<meta property=\"og:site_name\" content=\"FACECORNER\" \/>\n<meta property=\"article:publisher\" content=\"https:\/\/www.facebook.com\/profile.php?id=100063824551839\" \/>\n<meta property=\"article:modified_time\" content=\"2026-03-08T17:31:49+00:00\" \/>\n<meta property=\"og:image\" content=\"https:\/\/www.facecorner.lv\/wp-content\/uploads\/2026\/02\/VT-Cosmetics-Reedle-Shot-Synergy-Sparkling-Toner-Nudie-Glow-Australia_1024x1024.webp\" \/>\n\t<meta property=\"og:image:width\" content=\"1024\" \/>\n\t<meta property=\"og:image:height\" content=\"1024\" \/>\n\t<meta property=\"og:image:type\" content=\"image\/webp\" \/>\n<meta name=\"twitter:card\" content=\"summary_large_image\" \/>\n<meta name=\"twitter:label1\" content=\"Price\" \/>\n\t<meta name=\"twitter:data1\" content=\"&euro;22.45\" \/>\n\t<meta name=\"twitter:label2\" content=\"Availability\" \/>\n\t<meta name=\"twitter:data2\" content=\"In stock\" \/>\n<script type=\"application\/ld+json\" class=\"yoast-schema-graph\">{\"@context\":\"https:\\\/\\\/schema.org\",\"@graph\":[{\"@type\":\"WebPage\",\"@id\":\"https:\\\/\\\/www.facecorner.lv\\\/shop\\\/vt-reedle-shot-synergy-sparkling-toner-mitrinoss-toniks-ar-mikroadatinam-150ml\\\/\",\"url\":\"https:\\\/\\\/www.facecorner.lv\\\/shop\\\/vt-reedle-shot-synergy-sparkling-toner-mitrinoss-toniks-ar-mikroadatinam-150ml\\\/\",\"name\":\"VT Reedle Shot Synergy Sparkling Toner mitrino\u0161s toniks ar mikroadati\u0146\u0101m 150ml - FACECORNER\",\"isPartOf\":{\"@id\":\"https:\\\/\\\/www.facecorner.lv\\\/#website\"},\"primaryImageOfPage\":{\"@id\":\"https:\\\/\\\/www.facecorner.lv\\\/shop\\\/vt-reedle-shot-synergy-sparkling-toner-mitrinoss-toniks-ar-mikroadatinam-150ml\\\/#primaryimage\"},\"image\":{\"@id\":\"https:\\\/\\\/www.facecorner.lv\\\/shop\\\/vt-reedle-shot-synergy-sparkling-toner-mitrinoss-toniks-ar-mikroadatinam-150ml\\\/#primaryimage\"},\"thumbnailUrl\":\"https:\\\/\\\/www.facecorner.lv\\\/wp-content\\\/uploads\\\/2026\\\/02\\\/VT-Cosmetics-Reedle-Shot-Synergy-Sparkling-Toner-Nudie-Glow-Australia_1024x1024.webp\",\"datePublished\":\"2026-02-25T14:18:10+00:00\",\"dateModified\":\"2026-03-08T17:31:49+00:00\",\"description\":\"VT Reedle Shot Synergy Sparkling Toner tas ir intens\u012bvs mitrino\u0161s toniks ar mikroadati\u0146\u0101m (Spicule) un miner\u0101l\u016bdeni, kas rad\u012bts, lai att\u012br\u012btu poras, nodro\u0161in\u0101tu eksfoli\u0113jo\u0161u efektu un uzlabotu turpm\u0101ko kop\u0161anas l\u012bdzek\u013cu uzs\u016bk\u0161anos.\",\"breadcrumb\":{\"@id\":\"https:\\\/\\\/www.facecorner.lv\\\/shop\\\/vt-reedle-shot-synergy-sparkling-toner-mitrinoss-toniks-ar-mikroadatinam-150ml\\\/#breadcrumb\"},\"inLanguage\":\"lv-LV\",\"potentialAction\":[{\"@type\":\"ReadAction\",\"target\":[\"https:\\\/\\\/www.facecorner.lv\\\/shop\\\/vt-reedle-shot-synergy-sparkling-toner-mitrinoss-toniks-ar-mikroadatinam-150ml\\\/\"]}]},{\"@type\":\"ImageObject\",\"inLanguage\":\"lv-LV\",\"@id\":\"https:\\\/\\\/www.facecorner.lv\\\/shop\\\/vt-reedle-shot-synergy-sparkling-toner-mitrinoss-toniks-ar-mikroadatinam-150ml\\\/#primaryimage\",\"url\":\"https:\\\/\\\/www.facecorner.lv\\\/wp-content\\\/uploads\\\/2026\\\/02\\\/VT-Cosmetics-Reedle-Shot-Synergy-Sparkling-Toner-Nudie-Glow-Australia_1024x1024.webp\",\"contentUrl\":\"https:\\\/\\\/www.facecorner.lv\\\/wp-content\\\/uploads\\\/2026\\\/02\\\/VT-Cosmetics-Reedle-Shot-Synergy-Sparkling-Toner-Nudie-Glow-Australia_1024x1024.webp\",\"width\":1024,\"height\":1024,\"caption\":\"VT Reedle Shot Synergy Sparkling Toner\"},{\"@type\":\"BreadcrumbList\",\"@id\":\"https:\\\/\\\/www.facecorner.lv\\\/shop\\\/vt-reedle-shot-synergy-sparkling-toner-mitrinoss-toniks-ar-mikroadatinam-150ml\\\/#breadcrumb\",\"itemListElement\":[{\"@type\":\"ListItem\",\"position\":1,\"name\":\"Home\",\"item\":\"https:\\\/\\\/www.facecorner.lv\\\/\"},{\"@type\":\"ListItem\",\"position\":2,\"name\":\"Veikals\",\"item\":\"https:\\\/\\\/www.facecorner.lv\\\/shop\\\/\"},{\"@type\":\"ListItem\",\"position\":3,\"name\":\"VT Reedle Shot Synergy Sparkling Toner mitrino\u0161s toniks ar mikroadati\u0146\u0101m 150ml\"}]},{\"@type\":\"WebSite\",\"@id\":\"https:\\\/\\\/www.facecorner.lv\\\/#website\",\"url\":\"https:\\\/\\\/www.facecorner.lv\\\/\",\"name\":\"Facecorner\",\"description\":\"\",\"publisher\":{\"@id\":\"https:\\\/\\\/www.facecorner.lv\\\/#organization\"},\"potentialAction\":[{\"@type\":\"SearchAction\",\"target\":{\"@type\":\"EntryPoint\",\"urlTemplate\":\"https:\\\/\\\/www.facecorner.lv\\\/?s={search_term_string}\"},\"query-input\":{\"@type\":\"PropertyValueSpecification\",\"valueRequired\":true,\"valueName\":\"search_term_string\"}}],\"inLanguage\":\"lv-LV\"},{\"@type\":\"Organization\",\"@id\":\"https:\\\/\\\/www.facecorner.lv\\\/#organization\",\"name\":\"Facecorner\",\"url\":\"https:\\\/\\\/www.facecorner.lv\\\/\",\"logo\":{\"@type\":\"ImageObject\",\"inLanguage\":\"lv-LV\",\"@id\":\"https:\\\/\\\/www.facecorner.lv\\\/#\\\/schema\\\/logo\\\/image\\\/\",\"url\":\"https:\\\/\\\/www.facecorner.lv\\\/wp-content\\\/uploads\\\/2024\\\/04\\\/fc-logo.jpg\",\"contentUrl\":\"https:\\\/\\\/www.facecorner.lv\\\/wp-content\\\/uploads\\\/2024\\\/04\\\/fc-logo.jpg\",\"width\":174,\"height\":28,\"caption\":\"Facecorner\"},\"image\":{\"@id\":\"https:\\\/\\\/www.facecorner.lv\\\/#\\\/schema\\\/logo\\\/image\\\/\"},\"sameAs\":[\"https:\\\/\\\/www.facebook.com\\\/profile.php?id=100063824551839\",\"https:\\\/\\\/www.instagram.com\\\/facecorner_shop\\\/\"]}]}<\/script>\n<meta property=\"product:price:amount\" content=\"22.45\" \/>\n<meta property=\"product:price:currency\" content=\"EUR\" \/>\n<meta property=\"og:availability\" content=\"instock\" \/>\n<meta property=\"product:availability\" content=\"instock\" \/>\n<meta property=\"product:condition\" content=\"new\" \/>\n<!-- \/ Yoast SEO plugin. -->","yoast_head_json":{"title":"VT Reedle Shot Synergy Sparkling Toner mitrino\u0161s toniks ar mikroadati\u0146\u0101m 150ml - FACECORNER","description":"VT Reedle Shot Synergy Sparkling Toner tas ir intens\u012bvs mitrino\u0161s toniks ar mikroadati\u0146\u0101m (Spicule) un miner\u0101l\u016bdeni, kas rad\u012bts, lai att\u012br\u012btu poras, nodro\u0161in\u0101tu eksfoli\u0113jo\u0161u efektu un uzlabotu turpm\u0101ko kop\u0161anas l\u012bdzek\u013cu uzs\u016bk\u0161anos.","robots":{"index":"index","follow":"follow","max-snippet":"max-snippet:-1","max-image-preview":"max-image-preview:large","max-video-preview":"max-video-preview:-1"},"canonical":"https:\/\/www.facecorner.lv\/lv\/shop\/vt-reedle-shot-synergy-sparkling-toner-mitrinoss-toniks-ar-mikroadatinam-150ml\/","og_locale":"lv_LV","og_type":"article","og_title":"VT Reedle Shot Synergy Sparkling Toner mitrino\u0161s toniks ar mikroadati\u0146\u0101m 150ml - FACECORNER","og_description":"VT Reedle Shot Synergy Sparkling Toner tas ir intens\u012bvs mitrino\u0161s toniks ar mikroadati\u0146\u0101m (Spicule) un miner\u0101l\u016bdeni, kas rad\u012bts, lai att\u012br\u012btu poras, nodro\u0161in\u0101tu eksfoli\u0113jo\u0161u efektu un uzlabotu turpm\u0101ko kop\u0161anas l\u012bdzek\u013cu uzs\u016bk\u0161anos.","og_url":"https:\/\/www.facecorner.lv\/lv\/shop\/vt-reedle-shot-synergy-sparkling-toner-mitrinoss-toniks-ar-mikroadatinam-150ml\/","og_site_name":"FACECORNER","article_publisher":"https:\/\/www.facebook.com\/profile.php?id=100063824551839","article_modified_time":"2026-03-08T17:31:49+00:00","og_image":[{"width":1024,"height":1024,"url":"https:\/\/www.facecorner.lv\/wp-content\/uploads\/2026\/02\/VT-Cosmetics-Reedle-Shot-Synergy-Sparkling-Toner-Nudie-Glow-Australia_1024x1024.webp","type":"image\/webp"}],"twitter_card":"summary_large_image","twitter_misc":{"Price":"&euro;22.45","Availability":"In stock"},"schema":{"@context":"https:\/\/schema.org","@graph":[{"@type":"WebPage","@id":"https:\/\/www.facecorner.lv\/shop\/vt-reedle-shot-synergy-sparkling-toner-mitrinoss-toniks-ar-mikroadatinam-150ml\/","url":"https:\/\/www.facecorner.lv\/shop\/vt-reedle-shot-synergy-sparkling-toner-mitrinoss-toniks-ar-mikroadatinam-150ml\/","name":"VT Reedle Shot Synergy Sparkling Toner mitrino\u0161s toniks ar mikroadati\u0146\u0101m 150ml - FACECORNER","isPartOf":{"@id":"https:\/\/www.facecorner.lv\/#website"},"primaryImageOfPage":{"@id":"https:\/\/www.facecorner.lv\/shop\/vt-reedle-shot-synergy-sparkling-toner-mitrinoss-toniks-ar-mikroadatinam-150ml\/#primaryimage"},"image":{"@id":"https:\/\/www.facecorner.lv\/shop\/vt-reedle-shot-synergy-sparkling-toner-mitrinoss-toniks-ar-mikroadatinam-150ml\/#primaryimage"},"thumbnailUrl":"https:\/\/www.facecorner.lv\/wp-content\/uploads\/2026\/02\/VT-Cosmetics-Reedle-Shot-Synergy-Sparkling-Toner-Nudie-Glow-Australia_1024x1024.webp","datePublished":"2026-02-25T14:18:10+00:00","dateModified":"2026-03-08T17:31:49+00:00","description":"VT Reedle Shot Synergy Sparkling Toner tas ir intens\u012bvs mitrino\u0161s toniks ar mikroadati\u0146\u0101m (Spicule) un miner\u0101l\u016bdeni, kas rad\u012bts, lai att\u012br\u012btu poras, nodro\u0161in\u0101tu eksfoli\u0113jo\u0161u efektu un uzlabotu turpm\u0101ko kop\u0161anas l\u012bdzek\u013cu uzs\u016bk\u0161anos.","breadcrumb":{"@id":"https:\/\/www.facecorner.lv\/shop\/vt-reedle-shot-synergy-sparkling-toner-mitrinoss-toniks-ar-mikroadatinam-150ml\/#breadcrumb"},"inLanguage":"lv-LV","potentialAction":[{"@type":"ReadAction","target":["https:\/\/www.facecorner.lv\/shop\/vt-reedle-shot-synergy-sparkling-toner-mitrinoss-toniks-ar-mikroadatinam-150ml\/"]}]},{"@type":"ImageObject","inLanguage":"lv-LV","@id":"https:\/\/www.facecorner.lv\/shop\/vt-reedle-shot-synergy-sparkling-toner-mitrinoss-toniks-ar-mikroadatinam-150ml\/#primaryimage","url":"https:\/\/www.facecorner.lv\/wp-content\/uploads\/2026\/02\/VT-Cosmetics-Reedle-Shot-Synergy-Sparkling-Toner-Nudie-Glow-Australia_1024x1024.webp","contentUrl":"https:\/\/www.facecorner.lv\/wp-content\/uploads\/2026\/02\/VT-Cosmetics-Reedle-Shot-Synergy-Sparkling-Toner-Nudie-Glow-Australia_1024x1024.webp","width":1024,"height":1024,"caption":"VT Reedle Shot Synergy Sparkling Toner"},{"@type":"BreadcrumbList","@id":"https:\/\/www.facecorner.lv\/shop\/vt-reedle-shot-synergy-sparkling-toner-mitrinoss-toniks-ar-mikroadatinam-150ml\/#breadcrumb","itemListElement":[{"@type":"ListItem","position":1,"name":"Home","item":"https:\/\/www.facecorner.lv\/"},{"@type":"ListItem","position":2,"name":"Veikals","item":"https:\/\/www.facecorner.lv\/shop\/"},{"@type":"ListItem","position":3,"name":"VT Reedle Shot Synergy Sparkling Toner mitrino\u0161s toniks ar mikroadati\u0146\u0101m 150ml"}]},{"@type":"WebSite","@id":"https:\/\/www.facecorner.lv\/#website","url":"https:\/\/www.facecorner.lv\/","name":"Facecorner","description":"","publisher":{"@id":"https:\/\/www.facecorner.lv\/#organization"},"potentialAction":[{"@type":"SearchAction","target":{"@type":"EntryPoint","urlTemplate":"https:\/\/www.facecorner.lv\/?s={search_term_string}"},"query-input":{"@type":"PropertyValueSpecification","valueRequired":true,"valueName":"search_term_string"}}],"inLanguage":"lv-LV"},{"@type":"Organization","@id":"https:\/\/www.facecorner.lv\/#organization","name":"Facecorner","url":"https:\/\/www.facecorner.lv\/","logo":{"@type":"ImageObject","inLanguage":"lv-LV","@id":"https:\/\/www.facecorner.lv\/#\/schema\/logo\/image\/","url":"https:\/\/www.facecorner.lv\/wp-content\/uploads\/2024\/04\/fc-logo.jpg","contentUrl":"https:\/\/www.facecorner.lv\/wp-content\/uploads\/2024\/04\/fc-logo.jpg","width":174,"height":28,"caption":"Facecorner"},"image":{"@id":"https:\/\/www.facecorner.lv\/#\/schema\/logo\/image\/"},"sameAs":["https:\/\/www.facebook.com\/profile.php?id=100063824551839","https:\/\/www.instagram.com\/facecorner_shop\/"]}]},"product_price_amount":"22.45","product_price_currency":"EUR","og_availability":"instock","product_availability":"instock","product_condition":"new"},"_links":{"self":[{"href":"https:\/\/www.facecorner.lv\/lv\/wp-json\/wp\/v2\/product\/27020","targetHints":{"allow":["GET"]}}],"collection":[{"href":"https:\/\/www.facecorner.lv\/lv\/wp-json\/wp\/v2\/product"}],"about":[{"href":"https:\/\/www.facecorner.lv\/lv\/wp-json\/wp\/v2\/types\/product"}],"replies":[{"embeddable":true,"href":"https:\/\/www.facecorner.lv\/lv\/wp-json\/wp\/v2\/comments?post=27020"}],"wp:featuredmedia":[{"embeddable":true,"href":"https:\/\/www.facecorner.lv\/lv\/wp-json\/wp\/v2\/media\/27021"}],"wp:attachment":[{"href":"https:\/\/www.facecorner.lv\/lv\/wp-json\/wp\/v2\/media?parent=27020"}],"wp:term":[{"taxonomy":"product_brand","embeddable":true,"href":"https:\/\/www.facecorner.lv\/lv\/wp-json\/wp\/v2\/product_brand?post=27020"},{"taxonomy":"product_cat","embeddable":true,"href":"https:\/\/www.facecorner.lv\/lv\/wp-json\/wp\/v2\/product_cat?post=27020"},{"taxonomy":"product_tag","embeddable":true,"href":"https:\/\/www.facecorner.lv\/lv\/wp-json\/wp\/v2\/product_tag?post=27020"},{"taxonomy":"berocket_brand","embeddable":true,"href":"https:\/\/www.facecorner.lv\/lv\/wp-json\/wp\/v2\/berocket_brand?post=27020"}],"curies":[{"name":"wp","href":"https:\/\/api.w.org\/{rel}","templated":true}]}}