{"id":27013,"date":"2026-02-25T16:39:23","date_gmt":"2026-02-25T13:39:23","guid":{"rendered":"https:\/\/www.facecorner.lv\/?post_type=product&#038;p=27013"},"modified":"2026-04-09T13:24:25","modified_gmt":"2026-04-09T10:24:25","slug":"arencia-retinal-booster-shot-pretnovecosanas-serums-30ml","status":"publish","type":"product","link":"https:\/\/www.facecorner.lv\/lv\/shop\/arencia-retinal-booster-shot-pretnovecosanas-serums-30ml\/","title":{"rendered":"Arencia Retinal Booster Shot pretnoveco\u0161an\u0101s serums 30ml"},"content":{"rendered":"<p>Arencia Retinal Booster Shot ir akt\u012bva formula ar retinaldeh\u012bdu (retinaldehyde), kas darbojas \u0101tr\u0101k nek\u0101 klasiskais retinols, bet vienlaikus ir maig\u0101ks un stabil\u0101ks.<\/p>\n<p>L\u012bdzeklis ir paredz\u0113ts \u0101das atjauno\u0161anai, grumbu samazin\u0101\u0161anai, tonusa izl\u012bdzin\u0101\u0161anai un tekst\u016bras uzlabo\u0161anai.<\/p>\n<h6>Galven\u0101s priek\u0161roc\u012bbas:<\/h6>\n<ul>\n<li>Stimul\u0113 \u0161\u016bnu atjauno\u0161anos.<\/li>\n<li>Izgludina s\u012bk\u0101s un samazina izteikt\u0101s grumbi\u0146as.<\/li>\n<li>Palielina \u0101das elast\u012bbu un bl\u012bvumu.<\/li>\n<li>Atvieglo pinnes un pigment\u0101cijas sekas.<\/li>\n<li>Izl\u012bdzina \u0101das reljefu un sa\u0161aurina poras.<\/li>\n<li>Pie\u0161\u0137ir \u0101dai vesel\u012bgu mirdzumu.<\/li>\n<\/ul>\n<h6>Akt\u012bv\u0101s sast\u0101vda\u013cas:<\/h6>\n<ul>\n<li>Retin\u0101ls \u2014 pa\u0101trina kolag\u0113na sint\u0113zi un \u0101das atjauno\u0161anos.<\/li>\n<li>Nomierino\u0161as un mitrino\u0161as sast\u0101vda\u013cas \u2014 samazina kairin\u0101juma risku.<\/li>\n<li>Antioksidanti \u2014 aizsarg\u0101 pret priek\u0161laic\u012bgu noveco\u0161anos.<\/li>\n<\/ul>\n<p><strong>Lieto\u0161ana<\/strong>: Lietojiet vakar\u0101 uz att\u012br\u012btas un sausas \u0101das. Uzkl\u0101jiet nelielu daudzumu l\u012bdzek\u013ca, p\u0113c tam izmantojiet kr\u0113mu.<br \/>\nS\u0101ciet ar 2\u20133 reiz\u0113m ned\u0113\u013c\u0101, pak\u0101peniski palielinot lieto\u0161anas bie\u017eumu.<\/p>\n<p><strong>Sast\u0101vs:<\/strong> Water, Glycerin, Methylpropanediol, Butylene Glycol, Caprylic\/Capric Triglyceride, 1,2-Hexanediol, Niacinamide, Cetyl Ethylhexanoate, Cetearyl Olivate, Polyglyceryl-3 Methylglucose Distearate, Diisostearyl Malate, Sodium Polyacrylate, Sorbitan Olivate, Acrylates\/C10-30 Alkyl Acrylate Crosspolymer, Arginine, Macadamia Ternifolia Seed Oil, Hydrogenated Lecithin, Ethylhexylglycerin, Adenosine, Gardenia Florida Fruit Extract, Xanthan Gum, Cholesterol, Polyglyceryl-10 Laurate, Allantoin, <strong data-start=\"658\" data-end=\"679\">Retinal (200 ppm)<\/strong>, Silica, Brassica Campestris (Rapeseed) Sterols, Dextrin, Panthenol, Tocopherol (Vitamin E), Aluminum\/Magnesium Hydroxide Stearate, Potassium Cetyl Phosphate, Pentaerythrityl Tetra-di-t-butyl Hydroxyhydrocinnamate, Caffeine, Disodium EDTA, Ectoin, Bakuchiol, Ceramide NP, Centella Asiatica Extract, Glycosphingolipids, Palmitoyl Pentapeptide-4, Hexapeptide-2, Hexapeptide-9, Tripeptide-1, Pentapeptide-3, Palmitoyl Tripeptide-1, Palmitoyl Tripeptide-5, Acetyl Hexapeptide-8, Copper Tripeptide-1<\/p>\n<p><strong>Kontaktinform\u0101cija<\/strong>:<\/p>\n<p>BELAB INTERNATIONAL COMPLIANCE, 7 Monaco Avenue, A-3 Badalona 08917 Spain,consult@belabservices.com.<\/p>\n<p><strong>BR\u012aDIN\u0100JUMI!<\/strong><\/p>\n<p>Produkts paredzets tikal \u0101r\u0113jai lieto\u0161anai. Uzglab\u00e4t saus\u0101, tum\u0161\u0101 viet\u0101. Nelietot uz boj\u0101tas adas Izvairietles no saskares ar ac\u012bm.Ja paradas jebkadas kairin\u0101juma pazimes, partrauciet produkta lietosanu. Uzglabat bemiem nepleejama vieta.<\/p>\n","protected":false},"excerpt":{"rendered":"<p>Inovat\u012bv\u0101 seruma Retinal Booster Shot no Arencia ir sp\u0113c\u012bgs pretnoveco\u0161an\u0101s koncentr\u0101ts ar jaun\u0101s paaudzes retinolu, kas rad\u012bts intens\u012bvai \u0101das atjauno\u0161anai bez agres\u012bvas iedarb\u012bbas.<\/p>\n","protected":false},"featured_media":27014,"comment_status":"open","ping_status":"closed","template":"","meta":{"site-sidebar-layout":"default","site-content-layout":"","ast-site-content-layout":"default","site-content-style":"default","site-sidebar-style":"default","ast-global-header-display":"","ast-banner-title-visibility":"","ast-main-header-display":"","ast-hfb-above-header-display":"","ast-hfb-below-header-display":"","ast-hfb-mobile-header-display":"","site-post-title":"","ast-breadcrumbs-content":"","ast-featured-img":"","footer-sml-layout":"","theme-transparent-header-meta":"default","adv-header-id-meta":"","stick-header-meta":"","header-above-stick-meta":"","header-main-stick-meta":"","header-below-stick-meta":"","astra-migrate-meta-layouts":"set","ast-page-background-enabled":"default","ast-page-background-meta":{"desktop":{"background-color":"var(--ast-global-color-4)","background-image":"","background-repeat":"repeat","background-position":"center center","background-size":"auto","background-attachment":"scroll","background-type":"","background-media":"","overlay-type":"","overlay-color":"","overlay-opacity":"","overlay-gradient":""},"tablet":{"background-color":"","background-image":"","background-repeat":"repeat","background-position":"center center","background-size":"auto","background-attachment":"scroll","background-type":"","background-media":"","overlay-type":"","overlay-color":"","overlay-opacity":"","overlay-gradient":""},"mobile":{"background-color":"","background-image":"","background-repeat":"repeat","background-position":"center center","background-size":"auto","background-attachment":"scroll","background-type":"","background-media":"","overlay-type":"","overlay-color":"","overlay-opacity":"","overlay-gradient":""}},"ast-content-background-meta":{"desktop":{"background-color":"var(--ast-global-color-5)","background-image":"","background-repeat":"repeat","background-position":"center center","background-size":"auto","background-attachment":"scroll","background-type":"","background-media":"","overlay-type":"","overlay-color":"","overlay-opacity":"","overlay-gradient":""},"tablet":{"background-color":"var(--ast-global-color-5)","background-image":"","background-repeat":"repeat","background-position":"center center","background-size":"auto","background-attachment":"scroll","background-type":"","background-media":"","overlay-type":"","overlay-color":"","overlay-opacity":"","overlay-gradient":""},"mobile":{"background-color":"var(--ast-global-color-5)","background-image":"","background-repeat":"repeat","background-position":"center center","background-size":"auto","background-attachment":"scroll","background-type":"","background-media":"","overlay-type":"","overlay-color":"","overlay-opacity":"","overlay-gradient":""}}},"product_brand":[634],"product_cat":[371,363],"product_tag":[],"berocket_brand":[635],"class_list":{"0":"post-27013","1":"product","2":"type-product","3":"status-publish","4":"has-post-thumbnail","6":"product_brand-arencia","7":"product_cat-anti-age","8":"product_cat-serumi","9":"berocket_brand-arencia","10":"desktop-align-left","11":"tablet-align-left","12":"mobile-align-left","14":"first","15":"instock","16":"taxable","17":"shipping-taxable","18":"purchasable","19":"product-type-simple","20":"add-to-wishlist-before_image"},"yoast_head":"<!-- This site is optimized with the Yoast SEO plugin v27.3 - https:\/\/yoast.com\/product\/yoast-seo-wordpress\/ -->\n<title>Arencia Retinal Booster Shot pretnoveco\u0161an\u0101s serums 30ml - FACECORNER<\/title>\n<meta name=\"description\" content=\"Inovat\u012bv\u0101 seruma Retinal Booster Shot no Arencia ir sp\u0113c\u012bgs pretnoveco\u0161an\u0101s koncentr\u0101ts ar jaun\u0101s paaudzes retinolu, kas rad\u012bts intens\u012bvai \u0101das atjauno\u0161anai bez agres\u012bvas iedarb\u012bbas.\" \/>\n<meta name=\"robots\" content=\"index, follow, max-snippet:-1, max-image-preview:large, max-video-preview:-1\" \/>\n<link rel=\"canonical\" href=\"https:\/\/www.facecorner.lv\/lv\/shop\/arencia-retinal-booster-shot-pretnovecosanas-serums-30ml\/\" \/>\n<meta property=\"og:locale\" content=\"lv_LV\" \/>\n<meta property=\"og:type\" content=\"article\" \/>\n<meta property=\"og:title\" content=\"Arencia Retinal Booster Shot pretnoveco\u0161an\u0101s serums 30ml - FACECORNER\" \/>\n<meta property=\"og:description\" content=\"Inovat\u012bv\u0101 seruma Retinal Booster Shot no Arencia ir sp\u0113c\u012bgs pretnoveco\u0161an\u0101s koncentr\u0101ts ar jaun\u0101s paaudzes retinolu, kas rad\u012bts intens\u012bvai \u0101das atjauno\u0161anai bez agres\u012bvas iedarb\u012bbas.\" \/>\n<meta property=\"og:url\" content=\"https:\/\/www.facecorner.lv\/lv\/shop\/arencia-retinal-booster-shot-pretnovecosanas-serums-30ml\/\" \/>\n<meta property=\"og:site_name\" content=\"FACECORNER\" \/>\n<meta property=\"article:publisher\" content=\"https:\/\/www.facebook.com\/profile.php?id=100063824551839\" \/>\n<meta property=\"article:modified_time\" content=\"2026-04-09T10:24:25+00:00\" \/>\n<meta property=\"og:image\" content=\"https:\/\/www.facecorner.lv\/wp-content\/uploads\/2026\/02\/ALSS11SRv1762424252374b93529e467a0.png\" \/>\n\t<meta property=\"og:image:width\" content=\"500\" \/>\n\t<meta property=\"og:image:height\" content=\"500\" \/>\n\t<meta property=\"og:image:type\" content=\"image\/png\" \/>\n<meta name=\"twitter:card\" content=\"summary_large_image\" \/>\n<meta name=\"twitter:label1\" content=\"Price\" \/>\n\t<meta name=\"twitter:data1\" content=\"&euro;16.95\" \/>\n\t<meta name=\"twitter:label2\" content=\"Availability\" \/>\n\t<meta name=\"twitter:data2\" content=\"In stock\" \/>\n<script type=\"application\/ld+json\" class=\"yoast-schema-graph\">{\"@context\":\"https:\\\/\\\/schema.org\",\"@graph\":[{\"@type\":\"WebPage\",\"@id\":\"https:\\\/\\\/www.facecorner.lv\\\/shop\\\/arencia-retinal-booster-shot-pretnovecosanas-serums-30ml\\\/\",\"url\":\"https:\\\/\\\/www.facecorner.lv\\\/shop\\\/arencia-retinal-booster-shot-pretnovecosanas-serums-30ml\\\/\",\"name\":\"Arencia Retinal Booster Shot pretnoveco\u0161an\u0101s serums 30ml - FACECORNER\",\"isPartOf\":{\"@id\":\"https:\\\/\\\/www.facecorner.lv\\\/#website\"},\"primaryImageOfPage\":{\"@id\":\"https:\\\/\\\/www.facecorner.lv\\\/shop\\\/arencia-retinal-booster-shot-pretnovecosanas-serums-30ml\\\/#primaryimage\"},\"image\":{\"@id\":\"https:\\\/\\\/www.facecorner.lv\\\/shop\\\/arencia-retinal-booster-shot-pretnovecosanas-serums-30ml\\\/#primaryimage\"},\"thumbnailUrl\":\"https:\\\/\\\/www.facecorner.lv\\\/wp-content\\\/uploads\\\/2026\\\/02\\\/ALSS11SRv1762424252374b93529e467a0.png\",\"datePublished\":\"2026-02-25T13:39:23+00:00\",\"dateModified\":\"2026-04-09T10:24:25+00:00\",\"description\":\"Inovat\u012bv\u0101 seruma Retinal Booster Shot no Arencia ir sp\u0113c\u012bgs pretnoveco\u0161an\u0101s koncentr\u0101ts ar jaun\u0101s paaudzes retinolu, kas rad\u012bts intens\u012bvai \u0101das atjauno\u0161anai bez agres\u012bvas iedarb\u012bbas.\",\"breadcrumb\":{\"@id\":\"https:\\\/\\\/www.facecorner.lv\\\/shop\\\/arencia-retinal-booster-shot-pretnovecosanas-serums-30ml\\\/#breadcrumb\"},\"inLanguage\":\"lv-LV\",\"potentialAction\":[{\"@type\":\"ReadAction\",\"target\":[\"https:\\\/\\\/www.facecorner.lv\\\/shop\\\/arencia-retinal-booster-shot-pretnovecosanas-serums-30ml\\\/\"]}]},{\"@type\":\"ImageObject\",\"inLanguage\":\"lv-LV\",\"@id\":\"https:\\\/\\\/www.facecorner.lv\\\/shop\\\/arencia-retinal-booster-shot-pretnovecosanas-serums-30ml\\\/#primaryimage\",\"url\":\"https:\\\/\\\/www.facecorner.lv\\\/wp-content\\\/uploads\\\/2026\\\/02\\\/ALSS11SRv1762424252374b93529e467a0.png\",\"contentUrl\":\"https:\\\/\\\/www.facecorner.lv\\\/wp-content\\\/uploads\\\/2026\\\/02\\\/ALSS11SRv1762424252374b93529e467a0.png\",\"width\":500,\"height\":500,\"caption\":\"Arencia Retinal Booster Shot\"},{\"@type\":\"BreadcrumbList\",\"@id\":\"https:\\\/\\\/www.facecorner.lv\\\/shop\\\/arencia-retinal-booster-shot-pretnovecosanas-serums-30ml\\\/#breadcrumb\",\"itemListElement\":[{\"@type\":\"ListItem\",\"position\":1,\"name\":\"Home\",\"item\":\"https:\\\/\\\/www.facecorner.lv\\\/\"},{\"@type\":\"ListItem\",\"position\":2,\"name\":\"Veikals\",\"item\":\"https:\\\/\\\/www.facecorner.lv\\\/shop\\\/\"},{\"@type\":\"ListItem\",\"position\":3,\"name\":\"Arencia Retinal Booster Shot pretnoveco\u0161an\u0101s serums 30ml\"}]},{\"@type\":\"WebSite\",\"@id\":\"https:\\\/\\\/www.facecorner.lv\\\/#website\",\"url\":\"https:\\\/\\\/www.facecorner.lv\\\/\",\"name\":\"Facecorner\",\"description\":\"\",\"publisher\":{\"@id\":\"https:\\\/\\\/www.facecorner.lv\\\/#organization\"},\"potentialAction\":[{\"@type\":\"SearchAction\",\"target\":{\"@type\":\"EntryPoint\",\"urlTemplate\":\"https:\\\/\\\/www.facecorner.lv\\\/?s={search_term_string}\"},\"query-input\":{\"@type\":\"PropertyValueSpecification\",\"valueRequired\":true,\"valueName\":\"search_term_string\"}}],\"inLanguage\":\"lv-LV\"},{\"@type\":\"Organization\",\"@id\":\"https:\\\/\\\/www.facecorner.lv\\\/#organization\",\"name\":\"Facecorner\",\"url\":\"https:\\\/\\\/www.facecorner.lv\\\/\",\"logo\":{\"@type\":\"ImageObject\",\"inLanguage\":\"lv-LV\",\"@id\":\"https:\\\/\\\/www.facecorner.lv\\\/#\\\/schema\\\/logo\\\/image\\\/\",\"url\":\"https:\\\/\\\/www.facecorner.lv\\\/wp-content\\\/uploads\\\/2024\\\/04\\\/fc-logo.jpg\",\"contentUrl\":\"https:\\\/\\\/www.facecorner.lv\\\/wp-content\\\/uploads\\\/2024\\\/04\\\/fc-logo.jpg\",\"width\":174,\"height\":28,\"caption\":\"Facecorner\"},\"image\":{\"@id\":\"https:\\\/\\\/www.facecorner.lv\\\/#\\\/schema\\\/logo\\\/image\\\/\"},\"sameAs\":[\"https:\\\/\\\/www.facebook.com\\\/profile.php?id=100063824551839\",\"https:\\\/\\\/www.instagram.com\\\/facecorner_shop\\\/\"]}]}<\/script>\n<meta property=\"product:brand\" content=\"Arencia\" \/>\n<meta property=\"product:price:amount\" content=\"16.95\" \/>\n<meta property=\"product:price:currency\" content=\"EUR\" \/>\n<meta property=\"og:availability\" content=\"instock\" \/>\n<meta property=\"product:availability\" content=\"instock\" \/>\n<meta property=\"product:condition\" content=\"new\" \/>\n<!-- \/ Yoast SEO plugin. -->","yoast_head_json":{"title":"Arencia Retinal Booster Shot pretnoveco\u0161an\u0101s serums 30ml - FACECORNER","description":"Inovat\u012bv\u0101 seruma Retinal Booster Shot no Arencia ir sp\u0113c\u012bgs pretnoveco\u0161an\u0101s koncentr\u0101ts ar jaun\u0101s paaudzes retinolu, kas rad\u012bts intens\u012bvai \u0101das atjauno\u0161anai bez agres\u012bvas iedarb\u012bbas.","robots":{"index":"index","follow":"follow","max-snippet":"max-snippet:-1","max-image-preview":"max-image-preview:large","max-video-preview":"max-video-preview:-1"},"canonical":"https:\/\/www.facecorner.lv\/lv\/shop\/arencia-retinal-booster-shot-pretnovecosanas-serums-30ml\/","og_locale":"lv_LV","og_type":"article","og_title":"Arencia Retinal Booster Shot pretnoveco\u0161an\u0101s serums 30ml - FACECORNER","og_description":"Inovat\u012bv\u0101 seruma Retinal Booster Shot no Arencia ir sp\u0113c\u012bgs pretnoveco\u0161an\u0101s koncentr\u0101ts ar jaun\u0101s paaudzes retinolu, kas rad\u012bts intens\u012bvai \u0101das atjauno\u0161anai bez agres\u012bvas iedarb\u012bbas.","og_url":"https:\/\/www.facecorner.lv\/lv\/shop\/arencia-retinal-booster-shot-pretnovecosanas-serums-30ml\/","og_site_name":"FACECORNER","article_publisher":"https:\/\/www.facebook.com\/profile.php?id=100063824551839","article_modified_time":"2026-04-09T10:24:25+00:00","og_image":[{"width":500,"height":500,"url":"https:\/\/www.facecorner.lv\/wp-content\/uploads\/2026\/02\/ALSS11SRv1762424252374b93529e467a0.png","type":"image\/png"}],"twitter_card":"summary_large_image","twitter_misc":{"Price":"&euro;16.95","Availability":"In stock"},"schema":{"@context":"https:\/\/schema.org","@graph":[{"@type":"WebPage","@id":"https:\/\/www.facecorner.lv\/shop\/arencia-retinal-booster-shot-pretnovecosanas-serums-30ml\/","url":"https:\/\/www.facecorner.lv\/shop\/arencia-retinal-booster-shot-pretnovecosanas-serums-30ml\/","name":"Arencia Retinal Booster Shot pretnoveco\u0161an\u0101s serums 30ml - FACECORNER","isPartOf":{"@id":"https:\/\/www.facecorner.lv\/#website"},"primaryImageOfPage":{"@id":"https:\/\/www.facecorner.lv\/shop\/arencia-retinal-booster-shot-pretnovecosanas-serums-30ml\/#primaryimage"},"image":{"@id":"https:\/\/www.facecorner.lv\/shop\/arencia-retinal-booster-shot-pretnovecosanas-serums-30ml\/#primaryimage"},"thumbnailUrl":"https:\/\/www.facecorner.lv\/wp-content\/uploads\/2026\/02\/ALSS11SRv1762424252374b93529e467a0.png","datePublished":"2026-02-25T13:39:23+00:00","dateModified":"2026-04-09T10:24:25+00:00","description":"Inovat\u012bv\u0101 seruma Retinal Booster Shot no Arencia ir sp\u0113c\u012bgs pretnoveco\u0161an\u0101s koncentr\u0101ts ar jaun\u0101s paaudzes retinolu, kas rad\u012bts intens\u012bvai \u0101das atjauno\u0161anai bez agres\u012bvas iedarb\u012bbas.","breadcrumb":{"@id":"https:\/\/www.facecorner.lv\/shop\/arencia-retinal-booster-shot-pretnovecosanas-serums-30ml\/#breadcrumb"},"inLanguage":"lv-LV","potentialAction":[{"@type":"ReadAction","target":["https:\/\/www.facecorner.lv\/shop\/arencia-retinal-booster-shot-pretnovecosanas-serums-30ml\/"]}]},{"@type":"ImageObject","inLanguage":"lv-LV","@id":"https:\/\/www.facecorner.lv\/shop\/arencia-retinal-booster-shot-pretnovecosanas-serums-30ml\/#primaryimage","url":"https:\/\/www.facecorner.lv\/wp-content\/uploads\/2026\/02\/ALSS11SRv1762424252374b93529e467a0.png","contentUrl":"https:\/\/www.facecorner.lv\/wp-content\/uploads\/2026\/02\/ALSS11SRv1762424252374b93529e467a0.png","width":500,"height":500,"caption":"Arencia Retinal Booster Shot"},{"@type":"BreadcrumbList","@id":"https:\/\/www.facecorner.lv\/shop\/arencia-retinal-booster-shot-pretnovecosanas-serums-30ml\/#breadcrumb","itemListElement":[{"@type":"ListItem","position":1,"name":"Home","item":"https:\/\/www.facecorner.lv\/"},{"@type":"ListItem","position":2,"name":"Veikals","item":"https:\/\/www.facecorner.lv\/shop\/"},{"@type":"ListItem","position":3,"name":"Arencia Retinal Booster Shot pretnoveco\u0161an\u0101s serums 30ml"}]},{"@type":"WebSite","@id":"https:\/\/www.facecorner.lv\/#website","url":"https:\/\/www.facecorner.lv\/","name":"Facecorner","description":"","publisher":{"@id":"https:\/\/www.facecorner.lv\/#organization"},"potentialAction":[{"@type":"SearchAction","target":{"@type":"EntryPoint","urlTemplate":"https:\/\/www.facecorner.lv\/?s={search_term_string}"},"query-input":{"@type":"PropertyValueSpecification","valueRequired":true,"valueName":"search_term_string"}}],"inLanguage":"lv-LV"},{"@type":"Organization","@id":"https:\/\/www.facecorner.lv\/#organization","name":"Facecorner","url":"https:\/\/www.facecorner.lv\/","logo":{"@type":"ImageObject","inLanguage":"lv-LV","@id":"https:\/\/www.facecorner.lv\/#\/schema\/logo\/image\/","url":"https:\/\/www.facecorner.lv\/wp-content\/uploads\/2024\/04\/fc-logo.jpg","contentUrl":"https:\/\/www.facecorner.lv\/wp-content\/uploads\/2024\/04\/fc-logo.jpg","width":174,"height":28,"caption":"Facecorner"},"image":{"@id":"https:\/\/www.facecorner.lv\/#\/schema\/logo\/image\/"},"sameAs":["https:\/\/www.facebook.com\/profile.php?id=100063824551839","https:\/\/www.instagram.com\/facecorner_shop\/"]}]},"product_brand":"Arencia","product_price_amount":"16.95","product_price_currency":"EUR","og_availability":"instock","product_availability":"instock","product_condition":"new"},"_links":{"self":[{"href":"https:\/\/www.facecorner.lv\/lv\/wp-json\/wp\/v2\/product\/27013","targetHints":{"allow":["GET"]}}],"collection":[{"href":"https:\/\/www.facecorner.lv\/lv\/wp-json\/wp\/v2\/product"}],"about":[{"href":"https:\/\/www.facecorner.lv\/lv\/wp-json\/wp\/v2\/types\/product"}],"replies":[{"embeddable":true,"href":"https:\/\/www.facecorner.lv\/lv\/wp-json\/wp\/v2\/comments?post=27013"}],"wp:featuredmedia":[{"embeddable":true,"href":"https:\/\/www.facecorner.lv\/lv\/wp-json\/wp\/v2\/media\/27014"}],"wp:attachment":[{"href":"https:\/\/www.facecorner.lv\/lv\/wp-json\/wp\/v2\/media?parent=27013"}],"wp:term":[{"taxonomy":"product_brand","embeddable":true,"href":"https:\/\/www.facecorner.lv\/lv\/wp-json\/wp\/v2\/product_brand?post=27013"},{"taxonomy":"product_cat","embeddable":true,"href":"https:\/\/www.facecorner.lv\/lv\/wp-json\/wp\/v2\/product_cat?post=27013"},{"taxonomy":"product_tag","embeddable":true,"href":"https:\/\/www.facecorner.lv\/lv\/wp-json\/wp\/v2\/product_tag?post=27013"},{"taxonomy":"berocket_brand","embeddable":true,"href":"https:\/\/www.facecorner.lv\/lv\/wp-json\/wp\/v2\/berocket_brand?post=27013"}],"curies":[{"name":"wp","href":"https:\/\/api.w.org\/{rel}","templated":true}]}}