{"id":26980,"date":"2026-02-19T14:15:26","date_gmt":"2026-02-19T11:15:26","guid":{"rendered":"https:\/\/www.facecorner.lv\/?post_type=product&#038;p=26980"},"modified":"2026-03-18T13:14:06","modified_gmt":"2026-03-18T10:14:06","slug":"rejuran-moisture-treatment-mask-ir-intensivi-mitrinosa-un-nomierinosa-auduma-maska","status":"publish","type":"product","link":"https:\/\/www.facecorner.lv\/lv\/shop\/rejuran-moisture-treatment-mask-ir-intensivi-mitrinosa-un-nomierinosa-auduma-maska\/","title":{"rendered":"Rejuran Moisture Treatment Mask\u00a0ir intens\u012bvi\u00a0mitrino\u0161a un nomierino\u0161a\u00a0auduma maska"},"content":{"rendered":"<p>Rejuran Moisture Treatment Mask\u00a0<mark class=\"HxTRcb\" data-complete=\"true\" data-sae=\"\">ir intens\u012bvi\u00a0mitrino\u0161a un nomierino\u0161a\u00a0auduma maska, kas paredz\u0113ta \u0101das atjauno\u0161anai un t\u0101s dabisk\u0101s aizsargbarjeras stiprin\u0101\u0161anai<\/mark>. T\u0101 satur bag\u0101t\u012bgu esenci un ir piem\u0113rota ar\u012b jut\u012bgai \u0101dai.<\/p>\n<ul class=\"KsbFXc U6u95\" data-complete=\"true\" data-processed=\"true\">\n<li data-hveid=\"CAQQAA\" data-complete=\"true\" data-sae=\"\"><span class=\"T286Pc\" data-sfc-cp=\"\" data-complete=\"true\">Intens\u012bva mitrin\u0101\u0161ana: Maska nodro\u0161ina dzi\u013cu un ilgsto\u0161u mitrin\u0101\u0161anu, pal\u012bdzot c\u012bn\u012bties ar sausumu un savilkuma saj\u016btu.<\/span><\/li>\n<li data-hveid=\"CAQQAQ\" data-complete=\"true\" data-sae=\"\"><span class=\"T286Pc\" data-sfc-cp=\"\" data-complete=\"true\">\u0100das atjauno\u0161ana un aizsardz\u012bba: Produkta sast\u0101v\u0101 ir\u00a0c-PDRN\u00ae\u00a0(patent\u0113ts poli-dezoksiribonukleot\u012bds) \u2014 galven\u0101 Rejuran z\u012bmola sast\u0101vda\u013ca, kas veicina \u0101das \u0161\u016bnu re\u0123ener\u0101ciju un stiprina \u0101das barjeru.<\/span><\/li>\n<li data-hveid=\"CAQQAg\" data-complete=\"true\" data-sae=\"\"><span class=\"T286Pc\" data-sfc-cp=\"\" data-complete=\"true\">Nomierino\u0161a iedarb\u012bba: T\u0101 pal\u012bdz mazin\u0101t \u0101das kairin\u0101jumu, aps\u0101rtumu un diskomfortu, padarot to ide\u0101li piem\u0113rotu lieto\u0161anai p\u0113c kosm\u0113tisk\u0101m proced\u016br\u0101m vai saules iedarb\u012bbas.<\/span><\/li>\n<li data-hveid=\"CAQQAw\" data-complete=\"true\" data-sae=\"\"><span class=\"T286Pc\" data-sfc-cp=\"\" data-complete=\"true\">Uzlabo \u0101das tekst\u016bru: Regul\u0101ra lieto\u0161ana var pal\u012bdz\u0113t uzlabot \u0101das elast\u012bbu, toni un visp\u0101r\u0113jo tekst\u016bru, pie\u0161\u0137irot tai vesel\u012bg\u0101ku un mirdzo\u0161\u0101ku izskatu.<\/span><\/li>\n<li data-hveid=\"CAQQBA\" data-complete=\"true\" data-sae=\"\"><span class=\"T286Pc\" data-sfc-cp=\"\" data-complete=\"true\" aria-owns=\"action-menu-parent-container\">Piem\u0113rota jut\u012bgai \u0101dai: T\u0101 k\u0101 maska ir maiga un satur augstas kvalit\u0101tes sast\u0101vda\u013cas, t\u0101 ir dro\u0161a lieto\u0161anai ar\u012b uz jut\u012bgas \u0101das<\/span><\/li>\n<\/ul>\n<p><strong>Lieto\u0161ana:<\/strong> Uzkl\u0101jiet masku uz att\u012br\u012btas sejas \u0101das.Atst\u0101jiet uz 10\u201315 min\u016bt\u0113m.No\u0146emiet masku un ar viegliem kust\u012bb\u0101m iemas\u0113jiet atliku\u0161o esenci. Nav nepiecie\u0161ams noskalot.<\/p>\n<p><strong>Sast\u0101vs:<\/strong> Water (Aqua), Butylene Glycol, Methylpropanediol, Glycerin, Niacinamide, Aloe Barbadensis Leaf Juice, Diethoxyethyl Succinate, 1,2-Hexanediol, Avena Sativa Kernel Extract, Cucumis Sativus (Cucumber) Fruit Extract, Calendula Officinalis Extract, Pentylene Glycol, Carbomer, Allantonin, Octyldodeceth-16, Panthenol, Hydroxyethyl Urea, Tromethamine, Laminaria Ochroleuca Extract, Adenosine, Ethylhexylglycerin, Xanthan gum, Caprylic\/Capric Triglyceride, Disodium EDTA, Hydrolyzed DNA, Eucalyptus Globulus Leaf Oil, Sodium Hyaluronate, Hydrogenated Lecitin, Ectoin, Glycine, Serine, Glutamic Acid, Cholesterol, Phytosphingosine, Hydrolyzed Collagen, Ceramide NP, Aspatic Acid, Leucin, Alanine, Lysine, Tocopherol, Arginine, Tyrosine, Phenylalanine, Valine, Threonine, Proline, Isoleucine, Histidine, Methionine, Cysteine<\/p>\n","protected":false},"excerpt":{"rendered":"<p>Rejuran Moisture Treatment Mask\u00a0<mark class=\"HxTRcb\" data-complete=\"true\" data-sae=\"\">ir intens\u012bvi\u00a0mitrino\u0161a un nomierino\u0161a\u00a0auduma maska, kas paredz\u0113ta \u0101das atjauno\u0161anai un t\u0101s dabisk\u0101s aizsargbarjeras stiprin\u0101\u0161anai<\/mark>. T\u0101 satur bag\u0101t\u012bgu esenci un ir piem\u0113rota ar\u012b jut\u012bgai \u0101dai.<\/p>\n","protected":false},"featured_media":26981,"comment_status":"open","ping_status":"closed","template":"","meta":{"site-sidebar-layout":"default","site-content-layout":"","ast-site-content-layout":"default","site-content-style":"default","site-sidebar-style":"default","ast-global-header-display":"","ast-banner-title-visibility":"","ast-main-header-display":"","ast-hfb-above-header-display":"","ast-hfb-below-header-display":"","ast-hfb-mobile-header-display":"","site-post-title":"","ast-breadcrumbs-content":"","ast-featured-img":"","footer-sml-layout":"","theme-transparent-header-meta":"default","adv-header-id-meta":"","stick-header-meta":"","header-above-stick-meta":"","header-main-stick-meta":"","header-below-stick-meta":"","astra-migrate-meta-layouts":"set","ast-page-background-enabled":"default","ast-page-background-meta":{"desktop":{"background-color":"var(--ast-global-color-4)","background-image":"","background-repeat":"repeat","background-position":"center center","background-size":"auto","background-attachment":"scroll","background-type":"","background-media":"","overlay-type":"","overlay-color":"","overlay-opacity":"","overlay-gradient":""},"tablet":{"background-color":"","background-image":"","background-repeat":"repeat","background-position":"center center","background-size":"auto","background-attachment":"scroll","background-type":"","background-media":"","overlay-type":"","overlay-color":"","overlay-opacity":"","overlay-gradient":""},"mobile":{"background-color":"","background-image":"","background-repeat":"repeat","background-position":"center center","background-size":"auto","background-attachment":"scroll","background-type":"","background-media":"","overlay-type":"","overlay-color":"","overlay-opacity":"","overlay-gradient":""}},"ast-content-background-meta":{"desktop":{"background-color":"var(--ast-global-color-5)","background-image":"","background-repeat":"repeat","background-position":"center center","background-size":"auto","background-attachment":"scroll","background-type":"","background-media":"","overlay-type":"","overlay-color":"","overlay-opacity":"","overlay-gradient":""},"tablet":{"background-color":"var(--ast-global-color-5)","background-image":"","background-repeat":"repeat","background-position":"center center","background-size":"auto","background-attachment":"scroll","background-type":"","background-media":"","overlay-type":"","overlay-color":"","overlay-opacity":"","overlay-gradient":""},"mobile":{"background-color":"var(--ast-global-color-5)","background-image":"","background-repeat":"repeat","background-position":"center center","background-size":"auto","background-attachment":"scroll","background-type":"","background-media":"","overlay-type":"","overlay-color":"","overlay-opacity":"","overlay-gradient":""}}},"product_brand":[],"product_cat":[324,315,652],"product_tag":[],"berocket_brand":[639],"class_list":{"0":"post-26980","1":"product","2":"type-product","3":"status-publish","4":"has-post-thumbnail","6":"product_cat-auduma","7":"product_cat-maskas","8":"product_cat-pdrn","9":"berocket_brand-rejuran","10":"desktop-align-left","11":"tablet-align-left","12":"mobile-align-left","14":"first","15":"outofstock","16":"taxable","17":"shipping-taxable","18":"purchasable","19":"product-type-simple","20":"add-to-wishlist-before_image"},"yoast_head":"<!-- This site is optimized with the Yoast SEO plugin v27.3 - https:\/\/yoast.com\/product\/yoast-seo-wordpress\/ -->\n<title>Rejuran Moisture Treatment Mask\u00a0ir intens\u012bvi\u00a0mitrino\u0161a un nomierino\u0161a\u00a0auduma maska - FACECORNER<\/title>\n<meta name=\"description\" content=\"Rejuran Moisture Treatment Mask\u00a0ir intens\u012bvi\u00a0mitrino\u0161a un nomierino\u0161a\u00a0auduma maska, kas paredz\u0113ta \u0101das atjauno\u0161anai un t\u0101s dabisk\u0101s aizsargbarjeras stiprin\u0101\u0161anai. T\u0101 satur bag\u0101t\u012bgu esenci un ir piem\u0113rota ar\u012b jut\u012bgai \u0101dai.\" \/>\n<meta name=\"robots\" content=\"index, follow, max-snippet:-1, max-image-preview:large, max-video-preview:-1\" \/>\n<link rel=\"canonical\" href=\"https:\/\/www.facecorner.lv\/lv\/shop\/rejuran-moisture-treatment-mask-ir-intensivi-mitrinosa-un-nomierinosa-auduma-maska\/\" \/>\n<meta property=\"og:locale\" content=\"lv_LV\" \/>\n<meta property=\"og:type\" content=\"article\" \/>\n<meta property=\"og:title\" content=\"Rejuran Moisture Treatment Mask\u00a0ir intens\u012bvi\u00a0mitrino\u0161a un nomierino\u0161a\u00a0auduma maska - FACECORNER\" \/>\n<meta property=\"og:description\" content=\"Rejuran Moisture Treatment Mask\u00a0ir intens\u012bvi\u00a0mitrino\u0161a un nomierino\u0161a\u00a0auduma maska, kas paredz\u0113ta \u0101das atjauno\u0161anai un t\u0101s dabisk\u0101s aizsargbarjeras stiprin\u0101\u0161anai. T\u0101 satur bag\u0101t\u012bgu esenci un ir piem\u0113rota ar\u012b jut\u012bgai \u0101dai.\" \/>\n<meta property=\"og:url\" content=\"https:\/\/www.facecorner.lv\/lv\/shop\/rejuran-moisture-treatment-mask-ir-intensivi-mitrinosa-un-nomierinosa-auduma-maska\/\" \/>\n<meta property=\"og:site_name\" content=\"FACECORNER\" \/>\n<meta property=\"article:publisher\" content=\"https:\/\/www.facebook.com\/profile.php?id=100063824551839\" \/>\n<meta property=\"article:modified_time\" content=\"2026-03-18T10:14:06+00:00\" \/>\n<meta property=\"og:image\" content=\"https:\/\/www.facecorner.lv\/wp-content\/uploads\/2026\/02\/s-l1200-1.jpg\" \/>\n\t<meta property=\"og:image:width\" content=\"640\" \/>\n\t<meta property=\"og:image:height\" content=\"640\" \/>\n\t<meta property=\"og:image:type\" content=\"image\/jpeg\" \/>\n<meta name=\"twitter:card\" content=\"summary_large_image\" \/>\n<meta name=\"twitter:label1\" content=\"Price\" \/>\n\t<meta name=\"twitter:data1\" content=\"&euro;4.95\" \/>\n\t<meta name=\"twitter:label2\" content=\"Availability\" \/>\n\t<meta name=\"twitter:data2\" content=\"Out of stock\" \/>\n<script type=\"application\/ld+json\" class=\"yoast-schema-graph\">{\"@context\":\"https:\\\/\\\/schema.org\",\"@graph\":[{\"@type\":\"WebPage\",\"@id\":\"https:\\\/\\\/www.facecorner.lv\\\/shop\\\/rejuran-moisture-treatment-mask-ir-intensivi-mitrinosa-un-nomierinosa-auduma-maska\\\/\",\"url\":\"https:\\\/\\\/www.facecorner.lv\\\/shop\\\/rejuran-moisture-treatment-mask-ir-intensivi-mitrinosa-un-nomierinosa-auduma-maska\\\/\",\"name\":\"Rejuran Moisture Treatment Mask\u00a0ir intens\u012bvi\u00a0mitrino\u0161a un nomierino\u0161a\u00a0auduma maska - FACECORNER\",\"isPartOf\":{\"@id\":\"https:\\\/\\\/www.facecorner.lv\\\/#website\"},\"primaryImageOfPage\":{\"@id\":\"https:\\\/\\\/www.facecorner.lv\\\/shop\\\/rejuran-moisture-treatment-mask-ir-intensivi-mitrinosa-un-nomierinosa-auduma-maska\\\/#primaryimage\"},\"image\":{\"@id\":\"https:\\\/\\\/www.facecorner.lv\\\/shop\\\/rejuran-moisture-treatment-mask-ir-intensivi-mitrinosa-un-nomierinosa-auduma-maska\\\/#primaryimage\"},\"thumbnailUrl\":\"https:\\\/\\\/www.facecorner.lv\\\/wp-content\\\/uploads\\\/2026\\\/02\\\/s-l1200-1.jpg\",\"datePublished\":\"2026-02-19T11:15:26+00:00\",\"dateModified\":\"2026-03-18T10:14:06+00:00\",\"description\":\"Rejuran Moisture Treatment Mask\u00a0ir intens\u012bvi\u00a0mitrino\u0161a un nomierino\u0161a\u00a0auduma maska, kas paredz\u0113ta \u0101das atjauno\u0161anai un t\u0101s dabisk\u0101s aizsargbarjeras stiprin\u0101\u0161anai. T\u0101 satur bag\u0101t\u012bgu esenci un ir piem\u0113rota ar\u012b jut\u012bgai \u0101dai.\",\"breadcrumb\":{\"@id\":\"https:\\\/\\\/www.facecorner.lv\\\/shop\\\/rejuran-moisture-treatment-mask-ir-intensivi-mitrinosa-un-nomierinosa-auduma-maska\\\/#breadcrumb\"},\"inLanguage\":\"lv-LV\",\"potentialAction\":[{\"@type\":\"ReadAction\",\"target\":[\"https:\\\/\\\/www.facecorner.lv\\\/shop\\\/rejuran-moisture-treatment-mask-ir-intensivi-mitrinosa-un-nomierinosa-auduma-maska\\\/\"]}]},{\"@type\":\"ImageObject\",\"inLanguage\":\"lv-LV\",\"@id\":\"https:\\\/\\\/www.facecorner.lv\\\/shop\\\/rejuran-moisture-treatment-mask-ir-intensivi-mitrinosa-un-nomierinosa-auduma-maska\\\/#primaryimage\",\"url\":\"https:\\\/\\\/www.facecorner.lv\\\/wp-content\\\/uploads\\\/2026\\\/02\\\/s-l1200-1.jpg\",\"contentUrl\":\"https:\\\/\\\/www.facecorner.lv\\\/wp-content\\\/uploads\\\/2026\\\/02\\\/s-l1200-1.jpg\",\"width\":640,\"height\":640,\"caption\":\"Rejuran Moisture Treatment Mask\"},{\"@type\":\"BreadcrumbList\",\"@id\":\"https:\\\/\\\/www.facecorner.lv\\\/shop\\\/rejuran-moisture-treatment-mask-ir-intensivi-mitrinosa-un-nomierinosa-auduma-maska\\\/#breadcrumb\",\"itemListElement\":[{\"@type\":\"ListItem\",\"position\":1,\"name\":\"Home\",\"item\":\"https:\\\/\\\/www.facecorner.lv\\\/\"},{\"@type\":\"ListItem\",\"position\":2,\"name\":\"Veikals\",\"item\":\"https:\\\/\\\/www.facecorner.lv\\\/shop\\\/\"},{\"@type\":\"ListItem\",\"position\":3,\"name\":\"Rejuran Moisture Treatment Mask\u00a0ir intens\u012bvi\u00a0mitrino\u0161a un nomierino\u0161a\u00a0auduma maska\"}]},{\"@type\":\"WebSite\",\"@id\":\"https:\\\/\\\/www.facecorner.lv\\\/#website\",\"url\":\"https:\\\/\\\/www.facecorner.lv\\\/\",\"name\":\"Facecorner\",\"description\":\"\",\"publisher\":{\"@id\":\"https:\\\/\\\/www.facecorner.lv\\\/#organization\"},\"potentialAction\":[{\"@type\":\"SearchAction\",\"target\":{\"@type\":\"EntryPoint\",\"urlTemplate\":\"https:\\\/\\\/www.facecorner.lv\\\/?s={search_term_string}\"},\"query-input\":{\"@type\":\"PropertyValueSpecification\",\"valueRequired\":true,\"valueName\":\"search_term_string\"}}],\"inLanguage\":\"lv-LV\"},{\"@type\":\"Organization\",\"@id\":\"https:\\\/\\\/www.facecorner.lv\\\/#organization\",\"name\":\"Facecorner\",\"url\":\"https:\\\/\\\/www.facecorner.lv\\\/\",\"logo\":{\"@type\":\"ImageObject\",\"inLanguage\":\"lv-LV\",\"@id\":\"https:\\\/\\\/www.facecorner.lv\\\/#\\\/schema\\\/logo\\\/image\\\/\",\"url\":\"https:\\\/\\\/www.facecorner.lv\\\/wp-content\\\/uploads\\\/2024\\\/04\\\/fc-logo.jpg\",\"contentUrl\":\"https:\\\/\\\/www.facecorner.lv\\\/wp-content\\\/uploads\\\/2024\\\/04\\\/fc-logo.jpg\",\"width\":174,\"height\":28,\"caption\":\"Facecorner\"},\"image\":{\"@id\":\"https:\\\/\\\/www.facecorner.lv\\\/#\\\/schema\\\/logo\\\/image\\\/\"},\"sameAs\":[\"https:\\\/\\\/www.facebook.com\\\/profile.php?id=100063824551839\",\"https:\\\/\\\/www.instagram.com\\\/facecorner_shop\\\/\"]}]}<\/script>\n<meta property=\"product:price:amount\" content=\"4.95\" \/>\n<meta property=\"product:price:currency\" content=\"EUR\" \/>\n<meta property=\"og:availability\" content=\"out of stock\" \/>\n<meta property=\"product:availability\" content=\"out of stock\" \/>\n<meta property=\"product:condition\" content=\"new\" \/>\n<!-- \/ Yoast SEO plugin. -->","yoast_head_json":{"title":"Rejuran Moisture Treatment Mask\u00a0ir intens\u012bvi\u00a0mitrino\u0161a un nomierino\u0161a\u00a0auduma maska - FACECORNER","description":"Rejuran Moisture Treatment Mask\u00a0ir intens\u012bvi\u00a0mitrino\u0161a un nomierino\u0161a\u00a0auduma maska, kas paredz\u0113ta \u0101das atjauno\u0161anai un t\u0101s dabisk\u0101s aizsargbarjeras stiprin\u0101\u0161anai. T\u0101 satur bag\u0101t\u012bgu esenci un ir piem\u0113rota ar\u012b jut\u012bgai \u0101dai.","robots":{"index":"index","follow":"follow","max-snippet":"max-snippet:-1","max-image-preview":"max-image-preview:large","max-video-preview":"max-video-preview:-1"},"canonical":"https:\/\/www.facecorner.lv\/lv\/shop\/rejuran-moisture-treatment-mask-ir-intensivi-mitrinosa-un-nomierinosa-auduma-maska\/","og_locale":"lv_LV","og_type":"article","og_title":"Rejuran Moisture Treatment Mask\u00a0ir intens\u012bvi\u00a0mitrino\u0161a un nomierino\u0161a\u00a0auduma maska - FACECORNER","og_description":"Rejuran Moisture Treatment Mask\u00a0ir intens\u012bvi\u00a0mitrino\u0161a un nomierino\u0161a\u00a0auduma maska, kas paredz\u0113ta \u0101das atjauno\u0161anai un t\u0101s dabisk\u0101s aizsargbarjeras stiprin\u0101\u0161anai. T\u0101 satur bag\u0101t\u012bgu esenci un ir piem\u0113rota ar\u012b jut\u012bgai \u0101dai.","og_url":"https:\/\/www.facecorner.lv\/lv\/shop\/rejuran-moisture-treatment-mask-ir-intensivi-mitrinosa-un-nomierinosa-auduma-maska\/","og_site_name":"FACECORNER","article_publisher":"https:\/\/www.facebook.com\/profile.php?id=100063824551839","article_modified_time":"2026-03-18T10:14:06+00:00","og_image":[{"width":640,"height":640,"url":"https:\/\/www.facecorner.lv\/wp-content\/uploads\/2026\/02\/s-l1200-1.jpg","type":"image\/jpeg"}],"twitter_card":"summary_large_image","twitter_misc":{"Price":"&euro;4.95","Availability":"Out of stock"},"schema":{"@context":"https:\/\/schema.org","@graph":[{"@type":"WebPage","@id":"https:\/\/www.facecorner.lv\/shop\/rejuran-moisture-treatment-mask-ir-intensivi-mitrinosa-un-nomierinosa-auduma-maska\/","url":"https:\/\/www.facecorner.lv\/shop\/rejuran-moisture-treatment-mask-ir-intensivi-mitrinosa-un-nomierinosa-auduma-maska\/","name":"Rejuran Moisture Treatment Mask\u00a0ir intens\u012bvi\u00a0mitrino\u0161a un nomierino\u0161a\u00a0auduma maska - FACECORNER","isPartOf":{"@id":"https:\/\/www.facecorner.lv\/#website"},"primaryImageOfPage":{"@id":"https:\/\/www.facecorner.lv\/shop\/rejuran-moisture-treatment-mask-ir-intensivi-mitrinosa-un-nomierinosa-auduma-maska\/#primaryimage"},"image":{"@id":"https:\/\/www.facecorner.lv\/shop\/rejuran-moisture-treatment-mask-ir-intensivi-mitrinosa-un-nomierinosa-auduma-maska\/#primaryimage"},"thumbnailUrl":"https:\/\/www.facecorner.lv\/wp-content\/uploads\/2026\/02\/s-l1200-1.jpg","datePublished":"2026-02-19T11:15:26+00:00","dateModified":"2026-03-18T10:14:06+00:00","description":"Rejuran Moisture Treatment Mask\u00a0ir intens\u012bvi\u00a0mitrino\u0161a un nomierino\u0161a\u00a0auduma maska, kas paredz\u0113ta \u0101das atjauno\u0161anai un t\u0101s dabisk\u0101s aizsargbarjeras stiprin\u0101\u0161anai. T\u0101 satur bag\u0101t\u012bgu esenci un ir piem\u0113rota ar\u012b jut\u012bgai \u0101dai.","breadcrumb":{"@id":"https:\/\/www.facecorner.lv\/shop\/rejuran-moisture-treatment-mask-ir-intensivi-mitrinosa-un-nomierinosa-auduma-maska\/#breadcrumb"},"inLanguage":"lv-LV","potentialAction":[{"@type":"ReadAction","target":["https:\/\/www.facecorner.lv\/shop\/rejuran-moisture-treatment-mask-ir-intensivi-mitrinosa-un-nomierinosa-auduma-maska\/"]}]},{"@type":"ImageObject","inLanguage":"lv-LV","@id":"https:\/\/www.facecorner.lv\/shop\/rejuran-moisture-treatment-mask-ir-intensivi-mitrinosa-un-nomierinosa-auduma-maska\/#primaryimage","url":"https:\/\/www.facecorner.lv\/wp-content\/uploads\/2026\/02\/s-l1200-1.jpg","contentUrl":"https:\/\/www.facecorner.lv\/wp-content\/uploads\/2026\/02\/s-l1200-1.jpg","width":640,"height":640,"caption":"Rejuran Moisture Treatment Mask"},{"@type":"BreadcrumbList","@id":"https:\/\/www.facecorner.lv\/shop\/rejuran-moisture-treatment-mask-ir-intensivi-mitrinosa-un-nomierinosa-auduma-maska\/#breadcrumb","itemListElement":[{"@type":"ListItem","position":1,"name":"Home","item":"https:\/\/www.facecorner.lv\/"},{"@type":"ListItem","position":2,"name":"Veikals","item":"https:\/\/www.facecorner.lv\/shop\/"},{"@type":"ListItem","position":3,"name":"Rejuran Moisture Treatment Mask\u00a0ir intens\u012bvi\u00a0mitrino\u0161a un nomierino\u0161a\u00a0auduma maska"}]},{"@type":"WebSite","@id":"https:\/\/www.facecorner.lv\/#website","url":"https:\/\/www.facecorner.lv\/","name":"Facecorner","description":"","publisher":{"@id":"https:\/\/www.facecorner.lv\/#organization"},"potentialAction":[{"@type":"SearchAction","target":{"@type":"EntryPoint","urlTemplate":"https:\/\/www.facecorner.lv\/?s={search_term_string}"},"query-input":{"@type":"PropertyValueSpecification","valueRequired":true,"valueName":"search_term_string"}}],"inLanguage":"lv-LV"},{"@type":"Organization","@id":"https:\/\/www.facecorner.lv\/#organization","name":"Facecorner","url":"https:\/\/www.facecorner.lv\/","logo":{"@type":"ImageObject","inLanguage":"lv-LV","@id":"https:\/\/www.facecorner.lv\/#\/schema\/logo\/image\/","url":"https:\/\/www.facecorner.lv\/wp-content\/uploads\/2024\/04\/fc-logo.jpg","contentUrl":"https:\/\/www.facecorner.lv\/wp-content\/uploads\/2024\/04\/fc-logo.jpg","width":174,"height":28,"caption":"Facecorner"},"image":{"@id":"https:\/\/www.facecorner.lv\/#\/schema\/logo\/image\/"},"sameAs":["https:\/\/www.facebook.com\/profile.php?id=100063824551839","https:\/\/www.instagram.com\/facecorner_shop\/"]}]},"product_price_amount":"4.95","product_price_currency":"EUR","og_availability":"out of stock","product_availability":"out of stock","product_condition":"new"},"_links":{"self":[{"href":"https:\/\/www.facecorner.lv\/lv\/wp-json\/wp\/v2\/product\/26980","targetHints":{"allow":["GET"]}}],"collection":[{"href":"https:\/\/www.facecorner.lv\/lv\/wp-json\/wp\/v2\/product"}],"about":[{"href":"https:\/\/www.facecorner.lv\/lv\/wp-json\/wp\/v2\/types\/product"}],"replies":[{"embeddable":true,"href":"https:\/\/www.facecorner.lv\/lv\/wp-json\/wp\/v2\/comments?post=26980"}],"wp:featuredmedia":[{"embeddable":true,"href":"https:\/\/www.facecorner.lv\/lv\/wp-json\/wp\/v2\/media\/26981"}],"wp:attachment":[{"href":"https:\/\/www.facecorner.lv\/lv\/wp-json\/wp\/v2\/media?parent=26980"}],"wp:term":[{"taxonomy":"product_brand","embeddable":true,"href":"https:\/\/www.facecorner.lv\/lv\/wp-json\/wp\/v2\/product_brand?post=26980"},{"taxonomy":"product_cat","embeddable":true,"href":"https:\/\/www.facecorner.lv\/lv\/wp-json\/wp\/v2\/product_cat?post=26980"},{"taxonomy":"product_tag","embeddable":true,"href":"https:\/\/www.facecorner.lv\/lv\/wp-json\/wp\/v2\/product_tag?post=26980"},{"taxonomy":"berocket_brand","embeddable":true,"href":"https:\/\/www.facecorner.lv\/lv\/wp-json\/wp\/v2\/berocket_brand?post=26980"}],"curies":[{"name":"wp","href":"https:\/\/api.w.org\/{rel}","templated":true}]}}