{"id":26958,"date":"2026-02-18T15:28:42","date_gmt":"2026-02-18T12:28:42","guid":{"rendered":"https:\/\/www.facecorner.lv\/?post_type=product&#038;p=26958"},"modified":"2026-04-03T22:53:04","modified_gmt":"2026-04-03T19:53:04","slug":"vt-cosmetics-matcha-cica-layer-serum-30ml","status":"publish","type":"product","link":"https:\/\/www.facecorner.lv\/lv\/shop\/vt-cosmetics-matcha-cica-layer-serum-30ml\/","title":{"rendered":"VT Cosmetics Matcha Cica Layer Serum 30ml"},"content":{"rendered":"<p>VT Cosmetics Matcha Cica Layer Serum\u00a0 tas ir divf\u0101zu serums , kas izstr\u0101d\u0101ts, lai dzi\u013ci mitrin\u0101tu, nomierin\u0101tu un l\u012bdzsvarotu taukainu\/jaukta tipa \u0101du.<\/p>\n<p>Produkts apvieno mat\u010da ekstraktu, Cica kompleksu un ceram\u012bdus, stiprinot barjeru un nov\u0113r\u0161ot kairin\u0101jumu bez lip\u012bguma. Atjauno, m\u012bkstina un uztur \u016bdens l\u012bdzsvaru.<\/p>\n<ul>\n<li>Divf\u0101zu tekst\u016bra: sast\u0101v no barojo\u0161a \u201ekr\u0113mveida sl\u0101\u0146a\u201d un nomierino\u0161a \u201es\u016bkalu sl\u0101\u0146a\u201d ar ma\u010du un centellu.<\/li>\n<li>Darb\u012bba: efekt\u012bvi nomierina jut\u012bgu un kairin\u0101tu \u0101du, samazina taukainu sp\u012bdumu, intens\u012bvi mitrina un atjauno \u0101das barjeru.<\/li>\n<\/ul>\n<h6>Akt\u012bv\u0101s sast\u0101vda\u013cas:<\/h6>\n<ul>\n<li>Matcha (Jeju Matcha): Nodro\u0161ina sp\u0113c\u012bgu nomierino\u0161u efektu un antioksidantu aizsardz\u012bbu.<\/li>\n<li>Cica (Centella asiatica + Madekassoside): Samazina jut\u012bgumu, dzied\u0113.<\/li>\n<li>Nano-Ceramide Complex: atjauno lip\u012bdu barjeru un saglab\u0101 mitrumu.<\/li>\n<\/ul>\n<p><strong>Ide\u0101li piem\u0113rots taukainai, jaukta tipa, dehidr\u0113tai un jut\u012bgai \u0101dai.<\/strong><\/p>\n<p><strong>Lieto\u0161ana:<\/strong> Pirms lieto\u0161anas sakratiet flakonu, lai sajauktu abas f\u0101zes, p\u0113c tam uzkl\u0101jiet nelielu daudzumu uz att\u012br\u012btas sejas.<\/p>\n<p><strong>Sast\u0101vs:<\/strong> Camellia Sinensis Leaf Water, Triethylhexanoin, Hydrogenated Poly(C6-14 Olefin), Glycerin, Propanediol, 1,2-Hexanediol, Niacinamide, Water, Trehalose, Sorbitol, Polyglyceryl-4 Laurate, Polyglyceryl-6 Laurate, Gardenia Florida Fruit Extract, Dextrin, Panthenol, Ethylhexylglycerin, Sodium Stearoyl Glutamate, Xanthan Gum, Adenosine, Squalane, Disodium Edta, Camellia Sinensis Leaf Extract, Tocopherol, Madecassoside, Gluconolactone, Caprylic\/Capric Triglyceride, Butylene Glycol, Adansonia Digitata Seed Oil, Hydrogenated Lecithin, Ceramide NP, Octyldodecanol, Centella Asiatica Extract, Ceramide NS, Ceramide AS, Ceramide Eop, Ceramide AP, Resveratrol, Caprylyl Glycol, Sodium Hyaluronate<\/p>\n","protected":false},"excerpt":{"rendered":"<p>VT Cosmetics Matcha Cica Layer Serum\u00a0 tas ir divf\u0101zu serums , kas izstr\u0101d\u0101ts, lai dzi\u013ci mitrin\u0101tu, nomierin\u0101tu un l\u012bdzsvarotu taukainu\/jaukta tipa \u0101du.<\/p>\n","protected":false},"featured_media":26959,"comment_status":"open","ping_status":"closed","template":"","meta":{"site-sidebar-layout":"default","site-content-layout":"","ast-site-content-layout":"default","site-content-style":"default","site-sidebar-style":"default","ast-global-header-display":"","ast-banner-title-visibility":"","ast-main-header-display":"","ast-hfb-above-header-display":"","ast-hfb-below-header-display":"","ast-hfb-mobile-header-display":"","site-post-title":"","ast-breadcrumbs-content":"","ast-featured-img":"","footer-sml-layout":"","theme-transparent-header-meta":"default","adv-header-id-meta":"","stick-header-meta":"","header-above-stick-meta":"","header-main-stick-meta":"","header-below-stick-meta":"","astra-migrate-meta-layouts":"set","ast-page-background-enabled":"default","ast-page-background-meta":{"desktop":{"background-color":"var(--ast-global-color-4)","background-image":"","background-repeat":"repeat","background-position":"center center","background-size":"auto","background-attachment":"scroll","background-type":"","background-media":"","overlay-type":"","overlay-color":"","overlay-opacity":"","overlay-gradient":""},"tablet":{"background-color":"","background-image":"","background-repeat":"repeat","background-position":"center center","background-size":"auto","background-attachment":"scroll","background-type":"","background-media":"","overlay-type":"","overlay-color":"","overlay-opacity":"","overlay-gradient":""},"mobile":{"background-color":"","background-image":"","background-repeat":"repeat","background-position":"center center","background-size":"auto","background-attachment":"scroll","background-type":"","background-media":"","overlay-type":"","overlay-color":"","overlay-opacity":"","overlay-gradient":""}},"ast-content-background-meta":{"desktop":{"background-color":"var(--ast-global-color-5)","background-image":"","background-repeat":"repeat","background-position":"center center","background-size":"auto","background-attachment":"scroll","background-type":"","background-media":"","overlay-type":"","overlay-color":"","overlay-opacity":"","overlay-gradient":""},"tablet":{"background-color":"var(--ast-global-color-5)","background-image":"","background-repeat":"repeat","background-position":"center center","background-size":"auto","background-attachment":"scroll","background-type":"","background-media":"","overlay-type":"","overlay-color":"","overlay-opacity":"","overlay-gradient":""},"mobile":{"background-color":"var(--ast-global-color-5)","background-image":"","background-repeat":"repeat","background-position":"center center","background-size":"auto","background-attachment":"scroll","background-type":"","background-media":"","overlay-type":"","overlay-color":"","overlay-opacity":"","overlay-gradient":""}}},"product_brand":[],"product_cat":[373,374,363],"product_tag":[],"berocket_brand":[582],"class_list":{"0":"post-26958","1":"product","2":"type-product","3":"status-publish","4":"has-post-thumbnail","6":"product_cat-poras-sasaurinoss","7":"product_cat-pret-pinnem","8":"product_cat-serumi","9":"berocket_brand-vt","10":"desktop-align-left","11":"tablet-align-left","12":"mobile-align-left","14":"first","15":"instock","16":"taxable","17":"shipping-taxable","18":"purchasable","19":"product-type-simple","20":"add-to-wishlist-before_image"},"yoast_head":"<!-- This site is optimized with the Yoast SEO plugin v27.3 - https:\/\/yoast.com\/product\/yoast-seo-wordpress\/ -->\n<title>VT Cosmetics Matcha Cica Layer Serum 30ml - FACECORNER<\/title>\n<meta name=\"description\" content=\"VT Cosmetics Matcha Cica Layer Serum\u00a0 tas ir divf\u0101zu serums , kas izstr\u0101d\u0101ts, lai dzi\u013ci mitrin\u0101tu, nomierin\u0101tu un l\u012bdzsvarotu taukainu\/jaukta tipa \u0101du.\" \/>\n<meta name=\"robots\" content=\"index, follow, max-snippet:-1, max-image-preview:large, max-video-preview:-1\" \/>\n<link rel=\"canonical\" href=\"https:\/\/www.facecorner.lv\/lv\/shop\/vt-cosmetics-matcha-cica-layer-serum-30ml\/\" \/>\n<meta property=\"og:locale\" content=\"lv_LV\" \/>\n<meta property=\"og:type\" content=\"article\" \/>\n<meta property=\"og:title\" content=\"VT Cosmetics Matcha Cica Layer Serum 30ml - FACECORNER\" \/>\n<meta property=\"og:description\" content=\"VT Cosmetics Matcha Cica Layer Serum\u00a0 tas ir divf\u0101zu serums , kas izstr\u0101d\u0101ts, lai dzi\u013ci mitrin\u0101tu, nomierin\u0101tu un l\u012bdzsvarotu taukainu\/jaukta tipa \u0101du.\" \/>\n<meta property=\"og:url\" content=\"https:\/\/www.facecorner.lv\/lv\/shop\/vt-cosmetics-matcha-cica-layer-serum-30ml\/\" \/>\n<meta property=\"og:site_name\" content=\"FACECORNER\" \/>\n<meta property=\"article:publisher\" content=\"https:\/\/www.facebook.com\/profile.php?id=100063824551839\" \/>\n<meta property=\"article:modified_time\" content=\"2026-04-03T19:53:04+00:00\" \/>\n<meta property=\"og:image\" content=\"https:\/\/www.facecorner.lv\/wp-content\/uploads\/2026\/02\/vt-matcha-cica-layer-serum-30ml-449.jpg\" \/>\n\t<meta property=\"og:image:width\" content=\"600\" \/>\n\t<meta property=\"og:image:height\" content=\"600\" \/>\n\t<meta property=\"og:image:type\" content=\"image\/jpeg\" \/>\n<meta name=\"twitter:card\" content=\"summary_large_image\" \/>\n<meta name=\"twitter:label1\" content=\"Price\" \/>\n\t<meta name=\"twitter:data1\" content=\"&euro;21.45\" \/>\n\t<meta name=\"twitter:label2\" content=\"Availability\" \/>\n\t<meta name=\"twitter:data2\" content=\"In stock\" \/>\n<script type=\"application\/ld+json\" class=\"yoast-schema-graph\">{\"@context\":\"https:\\\/\\\/schema.org\",\"@graph\":[{\"@type\":\"WebPage\",\"@id\":\"https:\\\/\\\/www.facecorner.lv\\\/shop\\\/vt-cosmetics-matcha-cica-layer-serum-30ml\\\/\",\"url\":\"https:\\\/\\\/www.facecorner.lv\\\/shop\\\/vt-cosmetics-matcha-cica-layer-serum-30ml\\\/\",\"name\":\"VT Cosmetics Matcha Cica Layer Serum 30ml - FACECORNER\",\"isPartOf\":{\"@id\":\"https:\\\/\\\/www.facecorner.lv\\\/#website\"},\"primaryImageOfPage\":{\"@id\":\"https:\\\/\\\/www.facecorner.lv\\\/shop\\\/vt-cosmetics-matcha-cica-layer-serum-30ml\\\/#primaryimage\"},\"image\":{\"@id\":\"https:\\\/\\\/www.facecorner.lv\\\/shop\\\/vt-cosmetics-matcha-cica-layer-serum-30ml\\\/#primaryimage\"},\"thumbnailUrl\":\"https:\\\/\\\/www.facecorner.lv\\\/wp-content\\\/uploads\\\/2026\\\/02\\\/vt-matcha-cica-layer-serum-30ml-449.jpg\",\"datePublished\":\"2026-02-18T12:28:42+00:00\",\"dateModified\":\"2026-04-03T19:53:04+00:00\",\"description\":\"VT Cosmetics Matcha Cica Layer Serum\u00a0 tas ir divf\u0101zu serums , kas izstr\u0101d\u0101ts, lai dzi\u013ci mitrin\u0101tu, nomierin\u0101tu un l\u012bdzsvarotu taukainu\\\/jaukta tipa \u0101du.\",\"breadcrumb\":{\"@id\":\"https:\\\/\\\/www.facecorner.lv\\\/shop\\\/vt-cosmetics-matcha-cica-layer-serum-30ml\\\/#breadcrumb\"},\"inLanguage\":\"lv-LV\",\"potentialAction\":[{\"@type\":\"ReadAction\",\"target\":[\"https:\\\/\\\/www.facecorner.lv\\\/shop\\\/vt-cosmetics-matcha-cica-layer-serum-30ml\\\/\"]}]},{\"@type\":\"ImageObject\",\"inLanguage\":\"lv-LV\",\"@id\":\"https:\\\/\\\/www.facecorner.lv\\\/shop\\\/vt-cosmetics-matcha-cica-layer-serum-30ml\\\/#primaryimage\",\"url\":\"https:\\\/\\\/www.facecorner.lv\\\/wp-content\\\/uploads\\\/2026\\\/02\\\/vt-matcha-cica-layer-serum-30ml-449.jpg\",\"contentUrl\":\"https:\\\/\\\/www.facecorner.lv\\\/wp-content\\\/uploads\\\/2026\\\/02\\\/vt-matcha-cica-layer-serum-30ml-449.jpg\",\"width\":600,\"height\":600,\"caption\":\"VT Cosmetics Matcha Cica Layer Serum\"},{\"@type\":\"BreadcrumbList\",\"@id\":\"https:\\\/\\\/www.facecorner.lv\\\/shop\\\/vt-cosmetics-matcha-cica-layer-serum-30ml\\\/#breadcrumb\",\"itemListElement\":[{\"@type\":\"ListItem\",\"position\":1,\"name\":\"Home\",\"item\":\"https:\\\/\\\/www.facecorner.lv\\\/\"},{\"@type\":\"ListItem\",\"position\":2,\"name\":\"Veikals\",\"item\":\"https:\\\/\\\/www.facecorner.lv\\\/shop\\\/\"},{\"@type\":\"ListItem\",\"position\":3,\"name\":\"VT Cosmetics Matcha Cica Layer Serum 30ml\"}]},{\"@type\":\"WebSite\",\"@id\":\"https:\\\/\\\/www.facecorner.lv\\\/#website\",\"url\":\"https:\\\/\\\/www.facecorner.lv\\\/\",\"name\":\"Facecorner\",\"description\":\"\",\"publisher\":{\"@id\":\"https:\\\/\\\/www.facecorner.lv\\\/#organization\"},\"potentialAction\":[{\"@type\":\"SearchAction\",\"target\":{\"@type\":\"EntryPoint\",\"urlTemplate\":\"https:\\\/\\\/www.facecorner.lv\\\/?s={search_term_string}\"},\"query-input\":{\"@type\":\"PropertyValueSpecification\",\"valueRequired\":true,\"valueName\":\"search_term_string\"}}],\"inLanguage\":\"lv-LV\"},{\"@type\":\"Organization\",\"@id\":\"https:\\\/\\\/www.facecorner.lv\\\/#organization\",\"name\":\"Facecorner\",\"url\":\"https:\\\/\\\/www.facecorner.lv\\\/\",\"logo\":{\"@type\":\"ImageObject\",\"inLanguage\":\"lv-LV\",\"@id\":\"https:\\\/\\\/www.facecorner.lv\\\/#\\\/schema\\\/logo\\\/image\\\/\",\"url\":\"https:\\\/\\\/www.facecorner.lv\\\/wp-content\\\/uploads\\\/2024\\\/04\\\/fc-logo.jpg\",\"contentUrl\":\"https:\\\/\\\/www.facecorner.lv\\\/wp-content\\\/uploads\\\/2024\\\/04\\\/fc-logo.jpg\",\"width\":174,\"height\":28,\"caption\":\"Facecorner\"},\"image\":{\"@id\":\"https:\\\/\\\/www.facecorner.lv\\\/#\\\/schema\\\/logo\\\/image\\\/\"},\"sameAs\":[\"https:\\\/\\\/www.facebook.com\\\/profile.php?id=100063824551839\",\"https:\\\/\\\/www.instagram.com\\\/facecorner_shop\\\/\"]}]}<\/script>\n<meta property=\"product:price:amount\" content=\"21.45\" \/>\n<meta property=\"product:price:currency\" content=\"EUR\" \/>\n<meta property=\"og:availability\" content=\"instock\" \/>\n<meta property=\"product:availability\" content=\"instock\" \/>\n<meta property=\"product:condition\" content=\"new\" \/>\n<!-- \/ Yoast SEO plugin. -->","yoast_head_json":{"title":"VT Cosmetics Matcha Cica Layer Serum 30ml - FACECORNER","description":"VT Cosmetics Matcha Cica Layer Serum\u00a0 tas ir divf\u0101zu serums , kas izstr\u0101d\u0101ts, lai dzi\u013ci mitrin\u0101tu, nomierin\u0101tu un l\u012bdzsvarotu taukainu\/jaukta tipa \u0101du.","robots":{"index":"index","follow":"follow","max-snippet":"max-snippet:-1","max-image-preview":"max-image-preview:large","max-video-preview":"max-video-preview:-1"},"canonical":"https:\/\/www.facecorner.lv\/lv\/shop\/vt-cosmetics-matcha-cica-layer-serum-30ml\/","og_locale":"lv_LV","og_type":"article","og_title":"VT Cosmetics Matcha Cica Layer Serum 30ml - FACECORNER","og_description":"VT Cosmetics Matcha Cica Layer Serum\u00a0 tas ir divf\u0101zu serums , kas izstr\u0101d\u0101ts, lai dzi\u013ci mitrin\u0101tu, nomierin\u0101tu un l\u012bdzsvarotu taukainu\/jaukta tipa \u0101du.","og_url":"https:\/\/www.facecorner.lv\/lv\/shop\/vt-cosmetics-matcha-cica-layer-serum-30ml\/","og_site_name":"FACECORNER","article_publisher":"https:\/\/www.facebook.com\/profile.php?id=100063824551839","article_modified_time":"2026-04-03T19:53:04+00:00","og_image":[{"width":600,"height":600,"url":"https:\/\/www.facecorner.lv\/wp-content\/uploads\/2026\/02\/vt-matcha-cica-layer-serum-30ml-449.jpg","type":"image\/jpeg"}],"twitter_card":"summary_large_image","twitter_misc":{"Price":"&euro;21.45","Availability":"In stock"},"schema":{"@context":"https:\/\/schema.org","@graph":[{"@type":"WebPage","@id":"https:\/\/www.facecorner.lv\/shop\/vt-cosmetics-matcha-cica-layer-serum-30ml\/","url":"https:\/\/www.facecorner.lv\/shop\/vt-cosmetics-matcha-cica-layer-serum-30ml\/","name":"VT Cosmetics Matcha Cica Layer Serum 30ml - FACECORNER","isPartOf":{"@id":"https:\/\/www.facecorner.lv\/#website"},"primaryImageOfPage":{"@id":"https:\/\/www.facecorner.lv\/shop\/vt-cosmetics-matcha-cica-layer-serum-30ml\/#primaryimage"},"image":{"@id":"https:\/\/www.facecorner.lv\/shop\/vt-cosmetics-matcha-cica-layer-serum-30ml\/#primaryimage"},"thumbnailUrl":"https:\/\/www.facecorner.lv\/wp-content\/uploads\/2026\/02\/vt-matcha-cica-layer-serum-30ml-449.jpg","datePublished":"2026-02-18T12:28:42+00:00","dateModified":"2026-04-03T19:53:04+00:00","description":"VT Cosmetics Matcha Cica Layer Serum\u00a0 tas ir divf\u0101zu serums , kas izstr\u0101d\u0101ts, lai dzi\u013ci mitrin\u0101tu, nomierin\u0101tu un l\u012bdzsvarotu taukainu\/jaukta tipa \u0101du.","breadcrumb":{"@id":"https:\/\/www.facecorner.lv\/shop\/vt-cosmetics-matcha-cica-layer-serum-30ml\/#breadcrumb"},"inLanguage":"lv-LV","potentialAction":[{"@type":"ReadAction","target":["https:\/\/www.facecorner.lv\/shop\/vt-cosmetics-matcha-cica-layer-serum-30ml\/"]}]},{"@type":"ImageObject","inLanguage":"lv-LV","@id":"https:\/\/www.facecorner.lv\/shop\/vt-cosmetics-matcha-cica-layer-serum-30ml\/#primaryimage","url":"https:\/\/www.facecorner.lv\/wp-content\/uploads\/2026\/02\/vt-matcha-cica-layer-serum-30ml-449.jpg","contentUrl":"https:\/\/www.facecorner.lv\/wp-content\/uploads\/2026\/02\/vt-matcha-cica-layer-serum-30ml-449.jpg","width":600,"height":600,"caption":"VT Cosmetics Matcha Cica Layer Serum"},{"@type":"BreadcrumbList","@id":"https:\/\/www.facecorner.lv\/shop\/vt-cosmetics-matcha-cica-layer-serum-30ml\/#breadcrumb","itemListElement":[{"@type":"ListItem","position":1,"name":"Home","item":"https:\/\/www.facecorner.lv\/"},{"@type":"ListItem","position":2,"name":"Veikals","item":"https:\/\/www.facecorner.lv\/shop\/"},{"@type":"ListItem","position":3,"name":"VT Cosmetics Matcha Cica Layer Serum 30ml"}]},{"@type":"WebSite","@id":"https:\/\/www.facecorner.lv\/#website","url":"https:\/\/www.facecorner.lv\/","name":"Facecorner","description":"","publisher":{"@id":"https:\/\/www.facecorner.lv\/#organization"},"potentialAction":[{"@type":"SearchAction","target":{"@type":"EntryPoint","urlTemplate":"https:\/\/www.facecorner.lv\/?s={search_term_string}"},"query-input":{"@type":"PropertyValueSpecification","valueRequired":true,"valueName":"search_term_string"}}],"inLanguage":"lv-LV"},{"@type":"Organization","@id":"https:\/\/www.facecorner.lv\/#organization","name":"Facecorner","url":"https:\/\/www.facecorner.lv\/","logo":{"@type":"ImageObject","inLanguage":"lv-LV","@id":"https:\/\/www.facecorner.lv\/#\/schema\/logo\/image\/","url":"https:\/\/www.facecorner.lv\/wp-content\/uploads\/2024\/04\/fc-logo.jpg","contentUrl":"https:\/\/www.facecorner.lv\/wp-content\/uploads\/2024\/04\/fc-logo.jpg","width":174,"height":28,"caption":"Facecorner"},"image":{"@id":"https:\/\/www.facecorner.lv\/#\/schema\/logo\/image\/"},"sameAs":["https:\/\/www.facebook.com\/profile.php?id=100063824551839","https:\/\/www.instagram.com\/facecorner_shop\/"]}]},"product_price_amount":"21.45","product_price_currency":"EUR","og_availability":"instock","product_availability":"instock","product_condition":"new"},"_links":{"self":[{"href":"https:\/\/www.facecorner.lv\/lv\/wp-json\/wp\/v2\/product\/26958","targetHints":{"allow":["GET"]}}],"collection":[{"href":"https:\/\/www.facecorner.lv\/lv\/wp-json\/wp\/v2\/product"}],"about":[{"href":"https:\/\/www.facecorner.lv\/lv\/wp-json\/wp\/v2\/types\/product"}],"replies":[{"embeddable":true,"href":"https:\/\/www.facecorner.lv\/lv\/wp-json\/wp\/v2\/comments?post=26958"}],"wp:featuredmedia":[{"embeddable":true,"href":"https:\/\/www.facecorner.lv\/lv\/wp-json\/wp\/v2\/media\/26959"}],"wp:attachment":[{"href":"https:\/\/www.facecorner.lv\/lv\/wp-json\/wp\/v2\/media?parent=26958"}],"wp:term":[{"taxonomy":"product_brand","embeddable":true,"href":"https:\/\/www.facecorner.lv\/lv\/wp-json\/wp\/v2\/product_brand?post=26958"},{"taxonomy":"product_cat","embeddable":true,"href":"https:\/\/www.facecorner.lv\/lv\/wp-json\/wp\/v2\/product_cat?post=26958"},{"taxonomy":"product_tag","embeddable":true,"href":"https:\/\/www.facecorner.lv\/lv\/wp-json\/wp\/v2\/product_tag?post=26958"},{"taxonomy":"berocket_brand","embeddable":true,"href":"https:\/\/www.facecorner.lv\/lv\/wp-json\/wp\/v2\/berocket_brand?post=26958"}],"curies":[{"name":"wp","href":"https:\/\/api.w.org\/{rel}","templated":true}]}}