{"id":26950,"date":"2026-02-18T14:40:48","date_gmt":"2026-02-18T11:40:48","guid":{"rendered":"https:\/\/www.facecorner.lv\/?post_type=product&#038;p=26950"},"modified":"2026-03-15T19:46:34","modified_gmt":"2026-03-15T16:46:34","slug":"vt-cosmetics-az-a1-calming-ampoule-ampula-pret-iekaisumiem-ar-azelainskabi-30ml","status":"publish","type":"product","link":"https:\/\/www.facecorner.lv\/lv\/shop\/vt-cosmetics-az-a1-calming-ampoule-ampula-pret-iekaisumiem-ar-azelainskabi-30ml\/","title":{"rendered":"VT Cosmetics Az A1 Calming Ampoule ampula pret iekaisumiem ar azelainsk\u0101bi 30ml"},"content":{"rendered":"<p>VT Cosmetics Az A1 Calming Ampoule ampula pret iekaisumiem ar azelainsk\u0101bi samazina aps\u0101rtumu un kairin\u0101jumu, nov\u0113r\u0161 komedonu un taukainu sp\u012bdumu veido\u0161anos, pa\u0101trina sadz\u012b\u0161anu.<\/p>\n<p>Veicina poru sa\u0161aurin\u0101\u0161anos un \u0101das reljefa gludumu, izl\u012bdzina \u0101das toni. Satur 5% azelainsk\u0101bi, centellas eksosomas, houttuynia ekstraktu, 8 veidu hialuronsk\u0101bi, B5 un B12 vitam\u012bnus, laktobakt\u0113rijas.<\/p>\n<h6>Galven\u0101s akt\u012bv\u0101s sast\u0101vda\u013cas:<\/h6>\n<ul>\n<li>Azelainsk\u0101be (5%) ir antibakteri\u0101la iedarb\u012bba un nov\u0113r\u0161 komedonu veido\u0161anos. Pal\u0113nina pigmentu plankumu veido\u0161an\u0101s procesu, samazina aknes veido\u0161an\u0101s risku.<\/li>\n<li>Centellas eksosomas \u2014 nanizm\u0113ra da\u013ci\u0146as, kas ieg\u016btas no Centella asiatica ekstrakta, izmantojot VED (VT Exosome Delivery) metodi. Pateicoties zemajai molekulmasai, t\u0101s ies\u016bcas dzi\u013ci \u0101d\u0101, mazina aps\u0101rtumu, kairin\u0101jumu un niezi, nom\u0101c iekaisuma procesu.<\/li>\n<li>Hauttuynia ekstrakts nomierina iekaisumu, dzied\u0113 mikroboj\u0101jumus, paaugstina viet\u0113jo imunit\u0101ti, samazina jut\u012bbu pret \u0101r\u0113jiem kairin\u0101t\u0101jiem.<\/li>\n<li>8 veidu hialuronsk\u0101bes mitrina un veido aizsargsl\u0101ni, kas ne\u013cauj mitrumam iztvaikot.<\/li>\n<li>Pantenols (B5 vitam\u012bns) mazina aps\u0101rtumu un niezi, stiprina hidrolip\u012bdu barjeru, kav\u0113 mitruma iztvaiko\u0161anu, pa\u0101trina atjauno\u0161anos.<\/li>\n<\/ul>\n<p><strong>Piem\u0113rots kombin\u0113tai, taukainai un problem\u0101tiskai \u0101dai.<\/strong><\/p>\n<p><strong>Lieto\u0161anas veids:<\/strong> p\u0113c att\u012br\u012b\u0161anas un toniz\u0113\u0161anas uzkl\u0101jiet ampulu uz sejas, izl\u012bdziniet pa \u0101du. Pagaidiet, l\u012bdz uzs\u016bcas, un uzkl\u0101jiet kr\u0113mu.<\/p>\n<p><strong>Sast\u0101vs:<\/strong> <span style=\"font-size: 16px;\">Water, Propylene Glycol, Azelaic Acid, Tromethamine, 1,2-Hexanediol, Panthenol, Polyglyceryl-10 Laurate, Ethylhexyl glycerin, Xanthan Gum, Cyanocobalamin, Dipotassium Glycyrrhizate, Lactobacillus\/Soymilk Ferment Filtrate, Butylene Glycol, Sodium Hyaluronate, Xylitylglucoside, Anhydroxylitol, Pentylene Glycol, Xylitol, Melaleuca Alternifolia (Tea Tree) Leaf Extract, Hydroxypropyltrimonium Hyaluronate, Houttuynia Cordata Extract, Centella Asiatica Extract, Tocopherol, Madecassoside, Hydrolyzed Hyaluronic Acid, Sodium Acetylated Hyaluronate, Dextrin, Hyaluronic Acid, Asiaticoside, Hydrolyzed Sodium Hyaluronate, Sodium Hyaluronate Crosspolymer, Potassium Hyaluronate<\/span><\/p>\n<div class=\"product__components\"><\/div>\n","protected":false},"excerpt":{"rendered":"<p>VT Cosmetics Az A1 Calming Ampoule ampula pret iekaisumiem ar azelainsk\u0101bi samazina aps\u0101rtumu un kairin\u0101jumu, nov\u0113r\u0161 komedonu un taukainu sp\u012bdumu veido\u0161anos, pa\u0101trina sadz\u012b\u0161anu.<\/p>\n","protected":false},"featured_media":26951,"comment_status":"open","ping_status":"closed","template":"","meta":{"site-sidebar-layout":"default","site-content-layout":"","ast-site-content-layout":"default","site-content-style":"default","site-sidebar-style":"default","ast-global-header-display":"","ast-banner-title-visibility":"","ast-main-header-display":"","ast-hfb-above-header-display":"","ast-hfb-below-header-display":"","ast-hfb-mobile-header-display":"","site-post-title":"","ast-breadcrumbs-content":"","ast-featured-img":"","footer-sml-layout":"","theme-transparent-header-meta":"default","adv-header-id-meta":"","stick-header-meta":"","header-above-stick-meta":"","header-main-stick-meta":"","header-below-stick-meta":"","astra-migrate-meta-layouts":"set","ast-page-background-enabled":"default","ast-page-background-meta":{"desktop":{"background-color":"var(--ast-global-color-4)","background-image":"","background-repeat":"repeat","background-position":"center center","background-size":"auto","background-attachment":"scroll","background-type":"","background-media":"","overlay-type":"","overlay-color":"","overlay-opacity":"","overlay-gradient":""},"tablet":{"background-color":"","background-image":"","background-repeat":"repeat","background-position":"center center","background-size":"auto","background-attachment":"scroll","background-type":"","background-media":"","overlay-type":"","overlay-color":"","overlay-opacity":"","overlay-gradient":""},"mobile":{"background-color":"","background-image":"","background-repeat":"repeat","background-position":"center center","background-size":"auto","background-attachment":"scroll","background-type":"","background-media":"","overlay-type":"","overlay-color":"","overlay-opacity":"","overlay-gradient":""}},"ast-content-background-meta":{"desktop":{"background-color":"var(--ast-global-color-5)","background-image":"","background-repeat":"repeat","background-position":"center center","background-size":"auto","background-attachment":"scroll","background-type":"","background-media":"","overlay-type":"","overlay-color":"","overlay-opacity":"","overlay-gradient":""},"tablet":{"background-color":"var(--ast-global-color-5)","background-image":"","background-repeat":"repeat","background-position":"center center","background-size":"auto","background-attachment":"scroll","background-type":"","background-media":"","overlay-type":"","overlay-color":"","overlay-opacity":"","overlay-gradient":""},"mobile":{"background-color":"var(--ast-global-color-5)","background-image":"","background-repeat":"repeat","background-position":"center center","background-size":"auto","background-attachment":"scroll","background-type":"","background-media":"","overlay-type":"","overlay-color":"","overlay-opacity":"","overlay-gradient":""}}},"product_brand":[],"product_cat":[511,372,374,363],"product_tag":[],"berocket_brand":[582],"class_list":{"0":"post-26950","1":"product","2":"type-product","3":"status-publish","4":"has-post-thumbnail","6":"product_cat-atlaides","7":"product_cat-jutigai-adai-serumi","8":"product_cat-pret-pinnem","9":"product_cat-serumi","10":"berocket_brand-vt","11":"desktop-align-left","12":"tablet-align-left","13":"mobile-align-left","15":"first","16":"instock","17":"sale","18":"taxable","19":"shipping-taxable","20":"purchasable","21":"product-type-simple","22":"add-to-wishlist-before_image"},"yoast_head":"<!-- This site is optimized with the Yoast SEO plugin v27.3 - https:\/\/yoast.com\/product\/yoast-seo-wordpress\/ -->\n<title>VT Cosmetics Az A1 Calming Ampoule ampula pret iekaisumiem ar azelainsk\u0101bi 30ml - FACECORNER<\/title>\n<meta name=\"description\" content=\"VT Cosmetics Az A1 Calming Ampoule ampula pret iekaisumiem ar azelainsk\u0101bi samazina aps\u0101rtumu un kairin\u0101jumu, nov\u0113r\u0161 komedonu un taukainu sp\u012bdumu veido\u0161anos, pa\u0101trina sadz\u012b\u0161anu.\" \/>\n<meta name=\"robots\" content=\"index, follow, max-snippet:-1, max-image-preview:large, max-video-preview:-1\" \/>\n<link rel=\"canonical\" href=\"https:\/\/www.facecorner.lv\/lv\/shop\/vt-cosmetics-az-a1-calming-ampoule-ampula-pret-iekaisumiem-ar-azelainskabi-30ml\/\" \/>\n<meta property=\"og:locale\" content=\"lv_LV\" \/>\n<meta property=\"og:type\" content=\"article\" \/>\n<meta property=\"og:title\" content=\"VT Cosmetics Az A1 Calming Ampoule ampula pret iekaisumiem ar azelainsk\u0101bi 30ml - FACECORNER\" \/>\n<meta property=\"og:description\" content=\"VT Cosmetics Az A1 Calming Ampoule ampula pret iekaisumiem ar azelainsk\u0101bi samazina aps\u0101rtumu un kairin\u0101jumu, nov\u0113r\u0161 komedonu un taukainu sp\u012bdumu veido\u0161anos, pa\u0101trina sadz\u012b\u0161anu.\" \/>\n<meta property=\"og:url\" content=\"https:\/\/www.facecorner.lv\/lv\/shop\/vt-cosmetics-az-a1-calming-ampoule-ampula-pret-iekaisumiem-ar-azelainskabi-30ml\/\" \/>\n<meta property=\"og:site_name\" content=\"FACECORNER\" \/>\n<meta property=\"article:publisher\" content=\"https:\/\/www.facebook.com\/profile.php?id=100063824551839\" \/>\n<meta property=\"article:modified_time\" content=\"2026-03-15T16:46:34+00:00\" \/>\n<meta property=\"og:image\" content=\"https:\/\/www.facecorner.lv\/wp-content\/uploads\/2026\/02\/28784_az-a1-calming-ampoule-vt-cosmetics.jpg\" \/>\n\t<meta property=\"og:image:width\" content=\"1000\" \/>\n\t<meta property=\"og:image:height\" content=\"1000\" \/>\n\t<meta property=\"og:image:type\" content=\"image\/jpeg\" \/>\n<meta name=\"twitter:card\" content=\"summary_large_image\" \/>\n<meta name=\"twitter:label1\" content=\"Price\" \/>\n\t<meta name=\"twitter:data1\" content=\"&euro;19.95\" \/>\n\t<meta name=\"twitter:label2\" content=\"Availability\" \/>\n\t<meta name=\"twitter:data2\" content=\"In stock\" \/>\n<script type=\"application\/ld+json\" class=\"yoast-schema-graph\">{\"@context\":\"https:\\\/\\\/schema.org\",\"@graph\":[{\"@type\":\"WebPage\",\"@id\":\"https:\\\/\\\/www.facecorner.lv\\\/shop\\\/vt-cosmetics-az-a1-calming-ampoule-ampula-pret-iekaisumiem-ar-azelainskabi-30ml\\\/\",\"url\":\"https:\\\/\\\/www.facecorner.lv\\\/shop\\\/vt-cosmetics-az-a1-calming-ampoule-ampula-pret-iekaisumiem-ar-azelainskabi-30ml\\\/\",\"name\":\"VT Cosmetics Az A1 Calming Ampoule ampula pret iekaisumiem ar azelainsk\u0101bi 30ml - FACECORNER\",\"isPartOf\":{\"@id\":\"https:\\\/\\\/www.facecorner.lv\\\/#website\"},\"primaryImageOfPage\":{\"@id\":\"https:\\\/\\\/www.facecorner.lv\\\/shop\\\/vt-cosmetics-az-a1-calming-ampoule-ampula-pret-iekaisumiem-ar-azelainskabi-30ml\\\/#primaryimage\"},\"image\":{\"@id\":\"https:\\\/\\\/www.facecorner.lv\\\/shop\\\/vt-cosmetics-az-a1-calming-ampoule-ampula-pret-iekaisumiem-ar-azelainskabi-30ml\\\/#primaryimage\"},\"thumbnailUrl\":\"https:\\\/\\\/www.facecorner.lv\\\/wp-content\\\/uploads\\\/2026\\\/02\\\/28784_az-a1-calming-ampoule-vt-cosmetics.jpg\",\"datePublished\":\"2026-02-18T11:40:48+00:00\",\"dateModified\":\"2026-03-15T16:46:34+00:00\",\"description\":\"VT Cosmetics Az A1 Calming Ampoule ampula pret iekaisumiem ar azelainsk\u0101bi samazina aps\u0101rtumu un kairin\u0101jumu, nov\u0113r\u0161 komedonu un taukainu sp\u012bdumu veido\u0161anos, pa\u0101trina sadz\u012b\u0161anu.\",\"breadcrumb\":{\"@id\":\"https:\\\/\\\/www.facecorner.lv\\\/shop\\\/vt-cosmetics-az-a1-calming-ampoule-ampula-pret-iekaisumiem-ar-azelainskabi-30ml\\\/#breadcrumb\"},\"inLanguage\":\"lv-LV\",\"potentialAction\":[{\"@type\":\"ReadAction\",\"target\":[\"https:\\\/\\\/www.facecorner.lv\\\/shop\\\/vt-cosmetics-az-a1-calming-ampoule-ampula-pret-iekaisumiem-ar-azelainskabi-30ml\\\/\"]}]},{\"@type\":\"ImageObject\",\"inLanguage\":\"lv-LV\",\"@id\":\"https:\\\/\\\/www.facecorner.lv\\\/shop\\\/vt-cosmetics-az-a1-calming-ampoule-ampula-pret-iekaisumiem-ar-azelainskabi-30ml\\\/#primaryimage\",\"url\":\"https:\\\/\\\/www.facecorner.lv\\\/wp-content\\\/uploads\\\/2026\\\/02\\\/28784_az-a1-calming-ampoule-vt-cosmetics.jpg\",\"contentUrl\":\"https:\\\/\\\/www.facecorner.lv\\\/wp-content\\\/uploads\\\/2026\\\/02\\\/28784_az-a1-calming-ampoule-vt-cosmetics.jpg\",\"width\":1000,\"height\":1000,\"caption\":\"VT Cosmetics Az A1 Calming Ampoule\"},{\"@type\":\"BreadcrumbList\",\"@id\":\"https:\\\/\\\/www.facecorner.lv\\\/shop\\\/vt-cosmetics-az-a1-calming-ampoule-ampula-pret-iekaisumiem-ar-azelainskabi-30ml\\\/#breadcrumb\",\"itemListElement\":[{\"@type\":\"ListItem\",\"position\":1,\"name\":\"Home\",\"item\":\"https:\\\/\\\/www.facecorner.lv\\\/\"},{\"@type\":\"ListItem\",\"position\":2,\"name\":\"Veikals\",\"item\":\"https:\\\/\\\/www.facecorner.lv\\\/shop\\\/\"},{\"@type\":\"ListItem\",\"position\":3,\"name\":\"VT Cosmetics Az A1 Calming Ampoule ampula pret iekaisumiem ar azelainsk\u0101bi 30ml\"}]},{\"@type\":\"WebSite\",\"@id\":\"https:\\\/\\\/www.facecorner.lv\\\/#website\",\"url\":\"https:\\\/\\\/www.facecorner.lv\\\/\",\"name\":\"Facecorner\",\"description\":\"\",\"publisher\":{\"@id\":\"https:\\\/\\\/www.facecorner.lv\\\/#organization\"},\"potentialAction\":[{\"@type\":\"SearchAction\",\"target\":{\"@type\":\"EntryPoint\",\"urlTemplate\":\"https:\\\/\\\/www.facecorner.lv\\\/?s={search_term_string}\"},\"query-input\":{\"@type\":\"PropertyValueSpecification\",\"valueRequired\":true,\"valueName\":\"search_term_string\"}}],\"inLanguage\":\"lv-LV\"},{\"@type\":\"Organization\",\"@id\":\"https:\\\/\\\/www.facecorner.lv\\\/#organization\",\"name\":\"Facecorner\",\"url\":\"https:\\\/\\\/www.facecorner.lv\\\/\",\"logo\":{\"@type\":\"ImageObject\",\"inLanguage\":\"lv-LV\",\"@id\":\"https:\\\/\\\/www.facecorner.lv\\\/#\\\/schema\\\/logo\\\/image\\\/\",\"url\":\"https:\\\/\\\/www.facecorner.lv\\\/wp-content\\\/uploads\\\/2024\\\/04\\\/fc-logo.jpg\",\"contentUrl\":\"https:\\\/\\\/www.facecorner.lv\\\/wp-content\\\/uploads\\\/2024\\\/04\\\/fc-logo.jpg\",\"width\":174,\"height\":28,\"caption\":\"Facecorner\"},\"image\":{\"@id\":\"https:\\\/\\\/www.facecorner.lv\\\/#\\\/schema\\\/logo\\\/image\\\/\"},\"sameAs\":[\"https:\\\/\\\/www.facebook.com\\\/profile.php?id=100063824551839\",\"https:\\\/\\\/www.instagram.com\\\/facecorner_shop\\\/\"]}]}<\/script>\n<meta property=\"product:price:amount\" content=\"19.95\" \/>\n<meta property=\"product:price:currency\" content=\"EUR\" \/>\n<meta property=\"og:availability\" content=\"instock\" \/>\n<meta property=\"product:availability\" content=\"instock\" \/>\n<meta property=\"product:condition\" content=\"new\" \/>\n<!-- \/ Yoast SEO plugin. -->","yoast_head_json":{"title":"VT Cosmetics Az A1 Calming Ampoule ampula pret iekaisumiem ar azelainsk\u0101bi 30ml - FACECORNER","description":"VT Cosmetics Az A1 Calming Ampoule ampula pret iekaisumiem ar azelainsk\u0101bi samazina aps\u0101rtumu un kairin\u0101jumu, nov\u0113r\u0161 komedonu un taukainu sp\u012bdumu veido\u0161anos, pa\u0101trina sadz\u012b\u0161anu.","robots":{"index":"index","follow":"follow","max-snippet":"max-snippet:-1","max-image-preview":"max-image-preview:large","max-video-preview":"max-video-preview:-1"},"canonical":"https:\/\/www.facecorner.lv\/lv\/shop\/vt-cosmetics-az-a1-calming-ampoule-ampula-pret-iekaisumiem-ar-azelainskabi-30ml\/","og_locale":"lv_LV","og_type":"article","og_title":"VT Cosmetics Az A1 Calming Ampoule ampula pret iekaisumiem ar azelainsk\u0101bi 30ml - FACECORNER","og_description":"VT Cosmetics Az A1 Calming Ampoule ampula pret iekaisumiem ar azelainsk\u0101bi samazina aps\u0101rtumu un kairin\u0101jumu, nov\u0113r\u0161 komedonu un taukainu sp\u012bdumu veido\u0161anos, pa\u0101trina sadz\u012b\u0161anu.","og_url":"https:\/\/www.facecorner.lv\/lv\/shop\/vt-cosmetics-az-a1-calming-ampoule-ampula-pret-iekaisumiem-ar-azelainskabi-30ml\/","og_site_name":"FACECORNER","article_publisher":"https:\/\/www.facebook.com\/profile.php?id=100063824551839","article_modified_time":"2026-03-15T16:46:34+00:00","og_image":[{"width":1000,"height":1000,"url":"https:\/\/www.facecorner.lv\/wp-content\/uploads\/2026\/02\/28784_az-a1-calming-ampoule-vt-cosmetics.jpg","type":"image\/jpeg"}],"twitter_card":"summary_large_image","twitter_misc":{"Price":"&euro;19.95","Availability":"In stock"},"schema":{"@context":"https:\/\/schema.org","@graph":[{"@type":"WebPage","@id":"https:\/\/www.facecorner.lv\/shop\/vt-cosmetics-az-a1-calming-ampoule-ampula-pret-iekaisumiem-ar-azelainskabi-30ml\/","url":"https:\/\/www.facecorner.lv\/shop\/vt-cosmetics-az-a1-calming-ampoule-ampula-pret-iekaisumiem-ar-azelainskabi-30ml\/","name":"VT Cosmetics Az A1 Calming Ampoule ampula pret iekaisumiem ar azelainsk\u0101bi 30ml - FACECORNER","isPartOf":{"@id":"https:\/\/www.facecorner.lv\/#website"},"primaryImageOfPage":{"@id":"https:\/\/www.facecorner.lv\/shop\/vt-cosmetics-az-a1-calming-ampoule-ampula-pret-iekaisumiem-ar-azelainskabi-30ml\/#primaryimage"},"image":{"@id":"https:\/\/www.facecorner.lv\/shop\/vt-cosmetics-az-a1-calming-ampoule-ampula-pret-iekaisumiem-ar-azelainskabi-30ml\/#primaryimage"},"thumbnailUrl":"https:\/\/www.facecorner.lv\/wp-content\/uploads\/2026\/02\/28784_az-a1-calming-ampoule-vt-cosmetics.jpg","datePublished":"2026-02-18T11:40:48+00:00","dateModified":"2026-03-15T16:46:34+00:00","description":"VT Cosmetics Az A1 Calming Ampoule ampula pret iekaisumiem ar azelainsk\u0101bi samazina aps\u0101rtumu un kairin\u0101jumu, nov\u0113r\u0161 komedonu un taukainu sp\u012bdumu veido\u0161anos, pa\u0101trina sadz\u012b\u0161anu.","breadcrumb":{"@id":"https:\/\/www.facecorner.lv\/shop\/vt-cosmetics-az-a1-calming-ampoule-ampula-pret-iekaisumiem-ar-azelainskabi-30ml\/#breadcrumb"},"inLanguage":"lv-LV","potentialAction":[{"@type":"ReadAction","target":["https:\/\/www.facecorner.lv\/shop\/vt-cosmetics-az-a1-calming-ampoule-ampula-pret-iekaisumiem-ar-azelainskabi-30ml\/"]}]},{"@type":"ImageObject","inLanguage":"lv-LV","@id":"https:\/\/www.facecorner.lv\/shop\/vt-cosmetics-az-a1-calming-ampoule-ampula-pret-iekaisumiem-ar-azelainskabi-30ml\/#primaryimage","url":"https:\/\/www.facecorner.lv\/wp-content\/uploads\/2026\/02\/28784_az-a1-calming-ampoule-vt-cosmetics.jpg","contentUrl":"https:\/\/www.facecorner.lv\/wp-content\/uploads\/2026\/02\/28784_az-a1-calming-ampoule-vt-cosmetics.jpg","width":1000,"height":1000,"caption":"VT Cosmetics Az A1 Calming Ampoule"},{"@type":"BreadcrumbList","@id":"https:\/\/www.facecorner.lv\/shop\/vt-cosmetics-az-a1-calming-ampoule-ampula-pret-iekaisumiem-ar-azelainskabi-30ml\/#breadcrumb","itemListElement":[{"@type":"ListItem","position":1,"name":"Home","item":"https:\/\/www.facecorner.lv\/"},{"@type":"ListItem","position":2,"name":"Veikals","item":"https:\/\/www.facecorner.lv\/shop\/"},{"@type":"ListItem","position":3,"name":"VT Cosmetics Az A1 Calming Ampoule ampula pret iekaisumiem ar azelainsk\u0101bi 30ml"}]},{"@type":"WebSite","@id":"https:\/\/www.facecorner.lv\/#website","url":"https:\/\/www.facecorner.lv\/","name":"Facecorner","description":"","publisher":{"@id":"https:\/\/www.facecorner.lv\/#organization"},"potentialAction":[{"@type":"SearchAction","target":{"@type":"EntryPoint","urlTemplate":"https:\/\/www.facecorner.lv\/?s={search_term_string}"},"query-input":{"@type":"PropertyValueSpecification","valueRequired":true,"valueName":"search_term_string"}}],"inLanguage":"lv-LV"},{"@type":"Organization","@id":"https:\/\/www.facecorner.lv\/#organization","name":"Facecorner","url":"https:\/\/www.facecorner.lv\/","logo":{"@type":"ImageObject","inLanguage":"lv-LV","@id":"https:\/\/www.facecorner.lv\/#\/schema\/logo\/image\/","url":"https:\/\/www.facecorner.lv\/wp-content\/uploads\/2024\/04\/fc-logo.jpg","contentUrl":"https:\/\/www.facecorner.lv\/wp-content\/uploads\/2024\/04\/fc-logo.jpg","width":174,"height":28,"caption":"Facecorner"},"image":{"@id":"https:\/\/www.facecorner.lv\/#\/schema\/logo\/image\/"},"sameAs":["https:\/\/www.facebook.com\/profile.php?id=100063824551839","https:\/\/www.instagram.com\/facecorner_shop\/"]}]},"product_price_amount":"19.95","product_price_currency":"EUR","og_availability":"instock","product_availability":"instock","product_condition":"new"},"_links":{"self":[{"href":"https:\/\/www.facecorner.lv\/lv\/wp-json\/wp\/v2\/product\/26950","targetHints":{"allow":["GET"]}}],"collection":[{"href":"https:\/\/www.facecorner.lv\/lv\/wp-json\/wp\/v2\/product"}],"about":[{"href":"https:\/\/www.facecorner.lv\/lv\/wp-json\/wp\/v2\/types\/product"}],"replies":[{"embeddable":true,"href":"https:\/\/www.facecorner.lv\/lv\/wp-json\/wp\/v2\/comments?post=26950"}],"wp:featuredmedia":[{"embeddable":true,"href":"https:\/\/www.facecorner.lv\/lv\/wp-json\/wp\/v2\/media\/26951"}],"wp:attachment":[{"href":"https:\/\/www.facecorner.lv\/lv\/wp-json\/wp\/v2\/media?parent=26950"}],"wp:term":[{"taxonomy":"product_brand","embeddable":true,"href":"https:\/\/www.facecorner.lv\/lv\/wp-json\/wp\/v2\/product_brand?post=26950"},{"taxonomy":"product_cat","embeddable":true,"href":"https:\/\/www.facecorner.lv\/lv\/wp-json\/wp\/v2\/product_cat?post=26950"},{"taxonomy":"product_tag","embeddable":true,"href":"https:\/\/www.facecorner.lv\/lv\/wp-json\/wp\/v2\/product_tag?post=26950"},{"taxonomy":"berocket_brand","embeddable":true,"href":"https:\/\/www.facecorner.lv\/lv\/wp-json\/wp\/v2\/berocket_brand?post=26950"}],"curies":[{"name":"wp","href":"https:\/\/api.w.org\/{rel}","templated":true}]}}