{"id":26925,"date":"2026-02-13T15:49:12","date_gmt":"2026-02-13T12:49:12","guid":{"rendered":"https:\/\/www.facecorner.lv\/?post_type=product&#038;p=26925"},"modified":"2026-02-13T15:49:13","modified_gmt":"2026-02-13T12:49:13","slug":"mediheal-madecassoside-blemish-repair-serum-nomierinoss-serums-pret-iekaisumiem","status":"publish","type":"product","link":"https:\/\/www.facecorner.lv\/lv\/shop\/mediheal-madecassoside-blemish-repair-serum-nomierinoss-serums-pret-iekaisumiem\/","title":{"rendered":"Mediheal Madecassoside Blemish Repair Serum\u00a0nomierino\u0161s serums pret iekaisumiem"},"content":{"rendered":"<p>Mediheal Madecassoside Blemish Repair Serum\u00a0 nomierino\u0161s serums, kas paredz\u0113ts \u0101das atjauno\u0161anai, pinnes un iekaisumu,ka ar\u012b post-akne.<\/p>\n<p>T\u0101 satur augstu madekassos\u012bda (20,612ppm) un niac\u012bnam\u012bda koncentr\u0101ciju, \u0101tri no\u0146em aps\u0101rtumu, atjauno barjeru, izgaismo p\u0113capnikas un plankumus. Hipoaler\u0123iska formula ar FLEX-SOME\u2122 tehnolo\u0123iju nodro\u0161ina \u0101tru uzs\u016bk\u0161anos bez lip\u012bguma.<\/p>\n<h6>Galven\u0101s \u012bpa\u0161\u012bbas un iedarb\u012bba:<\/h6>\n<ul>\n<li>Nomierino\u0161s efekts: uzreiz nomierina kairin\u0101jumu un mazina iekaisumu.<\/li>\n<li>Atjauno\u0161ana un aizsardz\u012bba: stiprina aizsargbarjeru, nov\u0113r\u0161ot dehidrat\u0101ciju.<\/li>\n<li>C\u012b\u0146a ar p\u0113capnikas sek\u0101m: Izgaismo pigmentu plankumus un p\u0113capnikas p\u0113das.<\/li>\n<li>Intens\u012bva mitrin\u0101\u0161ana: Dzi\u013ci mitrina \u0101du.<\/li>\n<\/ul>\n<p><strong>Tekst\u016bra: Viegla, netaukaina, \u0101tri uzs\u016bcas.<\/strong><\/p>\n<h6>Akt\u012bv\u0101s sast\u0101vda\u013cas:<\/h6>\n<ul>\n<li>Madekassos\u012bds (Madecassoside): \u0100zijas centellas atvasin\u0101jums, nodro\u0161ina sp\u0113c\u012bgu nomierino\u0161u un dzied\u0113jo\u0161u iedarb\u012bbu.<\/li>\n<li>Niac\u012bnam\u012bds: Izgaismo plankumus un izl\u012bdzina \u0101das toni.<\/li>\n<li>FLEX-SOME\u2122 tehnolo\u0123ija: nodro\u0161ina akt\u012bvo sast\u0101vda\u013cu dzi\u013cu ies\u016bk\u0161anos.<\/li>\n<\/ul>\n<p><strong>Lieto\u0161ana:<\/strong> P\u0113c tonika lieto\u0161anas uzkl\u0101jiet nelielu daudzumu seruma uz sejas un viegli ieklopojiet ar pirkstu galiem, lai tas lab\u0101k ies\u016bktos. Piem\u0113rots ikdienas lieto\u0161anai, \u012bpa\u0161i bl\u0101vai un boj\u0101tai \u0101dai.<\/p>\n<p><strong>Sast\u0101vs:<\/strong> Water, Glycerin, Butylene Glycol, Propanediol, 1,2-Hexanediol, Niacinamide, Glyceryl Polymethacrylate, Panthenol, Betaine, Polyglyceryl-10 Laurate, Acrylates\/C10-30 Alkyl Acrylate Crosspolymer, Diphenyl Dimethicone, Triethylhexanoin, Tromethamine, Madecassoside, Ethylhexylglycerin, Hydrogenated Lecithin, Xanthan Gum, Sodium Hyaluronate, Centella Asiatica Extract, Asiaticoside, Pyrus Communis (Pear) Fruit Extract, Juniperus Virginiana Oil, Centella Asiatica Leaf Extract, Beta-Glucan, Rosa Damascena Flower Water, Cucumis Melo (Melon) Fruit Extract, Iris Flor-entina Root Extract, Hedera Helix (Ivy) Leat\/ Stem Extract, Simmondsia Chinensis (Jojoba) Seed Oil, Pogostemon Cablin Oil, Artemisia Vulgaris Oil, Rosmarinus Officinalis (Rosemary) Leaf Oil, Tocopherol, Dipropylene Glycol, Pe-ntylene Glycol, Caprylyl\/Capryl Glucoside, Madecassic Acid, Asiatic Acid, Ceramide NP<\/p>\n","protected":false},"excerpt":{"rendered":"<p>Mediheal Madecassoside Blemish Repair Serum\u00a0 nomierino\u0161s serums, kas paredz\u0113ts \u0101das atjauno\u0161anai, pinnes un iekaisumu,ka ar\u012b post-akne.<\/p>\n","protected":false},"featured_media":26926,"comment_status":"open","ping_status":"closed","template":"","meta":{"site-sidebar-layout":"default","site-content-layout":"","ast-site-content-layout":"default","site-content-style":"default","site-sidebar-style":"default","ast-global-header-display":"","ast-banner-title-visibility":"","ast-main-header-display":"","ast-hfb-above-header-display":"","ast-hfb-below-header-display":"","ast-hfb-mobile-header-display":"","site-post-title":"","ast-breadcrumbs-content":"","ast-featured-img":"","footer-sml-layout":"","theme-transparent-header-meta":"default","adv-header-id-meta":"","stick-header-meta":"","header-above-stick-meta":"","header-main-stick-meta":"","header-below-stick-meta":"","astra-migrate-meta-layouts":"set","ast-page-background-enabled":"default","ast-page-background-meta":{"desktop":{"background-color":"var(--ast-global-color-4)","background-image":"","background-repeat":"repeat","background-position":"center center","background-size":"auto","background-attachment":"scroll","background-type":"","background-media":"","overlay-type":"","overlay-color":"","overlay-opacity":"","overlay-gradient":""},"tablet":{"background-color":"","background-image":"","background-repeat":"repeat","background-position":"center center","background-size":"auto","background-attachment":"scroll","background-type":"","background-media":"","overlay-type":"","overlay-color":"","overlay-opacity":"","overlay-gradient":""},"mobile":{"background-color":"","background-image":"","background-repeat":"repeat","background-position":"center center","background-size":"auto","background-attachment":"scroll","background-type":"","background-media":"","overlay-type":"","overlay-color":"","overlay-opacity":"","overlay-gradient":""}},"ast-content-background-meta":{"desktop":{"background-color":"var(--ast-global-color-5)","background-image":"","background-repeat":"repeat","background-position":"center center","background-size":"auto","background-attachment":"scroll","background-type":"","background-media":"","overlay-type":"","overlay-color":"","overlay-opacity":"","overlay-gradient":""},"tablet":{"background-color":"var(--ast-global-color-5)","background-image":"","background-repeat":"repeat","background-position":"center center","background-size":"auto","background-attachment":"scroll","background-type":"","background-media":"","overlay-type":"","overlay-color":"","overlay-opacity":"","overlay-gradient":""},"mobile":{"background-color":"var(--ast-global-color-5)","background-image":"","background-repeat":"repeat","background-position":"center center","background-size":"auto","background-attachment":"scroll","background-type":"","background-media":"","overlay-type":"","overlay-color":"","overlay-opacity":"","overlay-gradient":""}}},"product_brand":[],"product_cat":[370,511,372,373,374,363],"product_tag":[],"berocket_brand":[681],"class_list":{"0":"post-26925","1":"product","2":"type-product","3":"status-publish","4":"has-post-thumbnail","6":"product_cat-adas-mirdzumam","7":"product_cat-atlaides","8":"product_cat-jutigai-adai-serumi","9":"product_cat-poras-sasaurinoss","10":"product_cat-pret-pinnem","11":"product_cat-serumi","12":"berocket_brand-mediheal","13":"desktop-align-left","14":"tablet-align-left","15":"mobile-align-left","17":"first","18":"instock","19":"sale","20":"taxable","21":"shipping-taxable","22":"purchasable","23":"product-type-simple","24":"add-to-wishlist-before_image"},"yoast_head":"<!-- This site is optimized with the Yoast SEO plugin v27.4 - https:\/\/yoast.com\/product\/yoast-seo-wordpress\/ -->\n<title>Mediheal Madecassoside Blemish Repair Serum\u00a0nomierino\u0161s serums pret iekaisumiem - FACECORNER<\/title>\n<meta name=\"description\" content=\"Mediheal Madecassoside Blemish Repair Serum\u00a0 nomierino\u0161s serums, kas paredz\u0113ts \u0101das atjauno\u0161anai, pinnes un iekaisumu,ka ar\u012b post-akne.\" \/>\n<meta name=\"robots\" content=\"index, follow, max-snippet:-1, max-image-preview:large, max-video-preview:-1\" \/>\n<link rel=\"canonical\" href=\"https:\/\/www.facecorner.lv\/lv\/shop\/mediheal-madecassoside-blemish-repair-serum-nomierinoss-serums-pret-iekaisumiem\/\" \/>\n<meta property=\"og:locale\" content=\"lv_LV\" \/>\n<meta property=\"og:type\" content=\"article\" \/>\n<meta property=\"og:title\" content=\"Mediheal Madecassoside Blemish Repair Serum\u00a0nomierino\u0161s serums pret iekaisumiem - FACECORNER\" \/>\n<meta property=\"og:description\" content=\"Mediheal Madecassoside Blemish Repair Serum\u00a0 nomierino\u0161s serums, kas paredz\u0113ts \u0101das atjauno\u0161anai, pinnes un iekaisumu,ka ar\u012b post-akne.\" \/>\n<meta property=\"og:url\" content=\"https:\/\/www.facecorner.lv\/lv\/shop\/mediheal-madecassoside-blemish-repair-serum-nomierinoss-serums-pret-iekaisumiem\/\" \/>\n<meta property=\"og:site_name\" content=\"FACECORNER\" \/>\n<meta property=\"article:publisher\" content=\"https:\/\/www.facebook.com\/profile.php?id=100063824551839\" \/>\n<meta property=\"article:modified_time\" content=\"2026-02-13T12:49:13+00:00\" \/>\n<meta property=\"og:image\" content=\"https:\/\/www.facecorner.lv\/wp-content\/uploads\/2026\/02\/rus_pl_Mediheal-Madecassoside-Blemish-Repair-Serum-USPOKAIVAIUSHCHAIA-SYVOROTKA-PROTIV-POKRASNENIIA-40ml-24866_1.webp\" \/>\n\t<meta property=\"og:image:width\" content=\"1500\" \/>\n\t<meta property=\"og:image:height\" content=\"1500\" \/>\n\t<meta property=\"og:image:type\" content=\"image\/webp\" \/>\n<meta name=\"twitter:card\" content=\"summary_large_image\" \/>\n<meta name=\"twitter:label1\" content=\"Price\" \/>\n\t<meta name=\"twitter:data1\" content=\"&euro;19.95\" \/>\n\t<meta name=\"twitter:label2\" content=\"Availability\" \/>\n\t<meta name=\"twitter:data2\" content=\"In stock\" \/>\n<script type=\"application\/ld+json\" class=\"yoast-schema-graph\">{\"@context\":\"https:\\\/\\\/schema.org\",\"@graph\":[{\"@type\":\"WebPage\",\"@id\":\"https:\\\/\\\/www.facecorner.lv\\\/shop\\\/mediheal-madecassoside-blemish-repair-serum-nomierinoss-serums-pret-iekaisumiem\\\/\",\"url\":\"https:\\\/\\\/www.facecorner.lv\\\/shop\\\/mediheal-madecassoside-blemish-repair-serum-nomierinoss-serums-pret-iekaisumiem\\\/\",\"name\":\"Mediheal Madecassoside Blemish Repair Serum\u00a0nomierino\u0161s serums pret iekaisumiem - FACECORNER\",\"isPartOf\":{\"@id\":\"https:\\\/\\\/www.facecorner.lv\\\/#website\"},\"primaryImageOfPage\":{\"@id\":\"https:\\\/\\\/www.facecorner.lv\\\/shop\\\/mediheal-madecassoside-blemish-repair-serum-nomierinoss-serums-pret-iekaisumiem\\\/#primaryimage\"},\"image\":{\"@id\":\"https:\\\/\\\/www.facecorner.lv\\\/shop\\\/mediheal-madecassoside-blemish-repair-serum-nomierinoss-serums-pret-iekaisumiem\\\/#primaryimage\"},\"thumbnailUrl\":\"https:\\\/\\\/www.facecorner.lv\\\/wp-content\\\/uploads\\\/2026\\\/02\\\/rus_pl_Mediheal-Madecassoside-Blemish-Repair-Serum-USPOKAIVAIUSHCHAIA-SYVOROTKA-PROTIV-POKRASNENIIA-40ml-24866_1.webp\",\"datePublished\":\"2026-02-13T12:49:12+00:00\",\"dateModified\":\"2026-02-13T12:49:13+00:00\",\"description\":\"Mediheal Madecassoside Blemish Repair Serum\u00a0 nomierino\u0161s serums, kas paredz\u0113ts \u0101das atjauno\u0161anai, pinnes un iekaisumu,ka ar\u012b post-akne.\",\"breadcrumb\":{\"@id\":\"https:\\\/\\\/www.facecorner.lv\\\/shop\\\/mediheal-madecassoside-blemish-repair-serum-nomierinoss-serums-pret-iekaisumiem\\\/#breadcrumb\"},\"inLanguage\":\"lv-LV\",\"potentialAction\":[{\"@type\":\"ReadAction\",\"target\":[\"https:\\\/\\\/www.facecorner.lv\\\/shop\\\/mediheal-madecassoside-blemish-repair-serum-nomierinoss-serums-pret-iekaisumiem\\\/\"]}]},{\"@type\":\"ImageObject\",\"inLanguage\":\"lv-LV\",\"@id\":\"https:\\\/\\\/www.facecorner.lv\\\/shop\\\/mediheal-madecassoside-blemish-repair-serum-nomierinoss-serums-pret-iekaisumiem\\\/#primaryimage\",\"url\":\"https:\\\/\\\/www.facecorner.lv\\\/wp-content\\\/uploads\\\/2026\\\/02\\\/rus_pl_Mediheal-Madecassoside-Blemish-Repair-Serum-USPOKAIVAIUSHCHAIA-SYVOROTKA-PROTIV-POKRASNENIIA-40ml-24866_1.webp\",\"contentUrl\":\"https:\\\/\\\/www.facecorner.lv\\\/wp-content\\\/uploads\\\/2026\\\/02\\\/rus_pl_Mediheal-Madecassoside-Blemish-Repair-Serum-USPOKAIVAIUSHCHAIA-SYVOROTKA-PROTIV-POKRASNENIIA-40ml-24866_1.webp\",\"width\":1500,\"height\":1500,\"caption\":\"Mediheal Madecassoside Blemish Repair Serum\"},{\"@type\":\"BreadcrumbList\",\"@id\":\"https:\\\/\\\/www.facecorner.lv\\\/shop\\\/mediheal-madecassoside-blemish-repair-serum-nomierinoss-serums-pret-iekaisumiem\\\/#breadcrumb\",\"itemListElement\":[{\"@type\":\"ListItem\",\"position\":1,\"name\":\"Home\",\"item\":\"https:\\\/\\\/www.facecorner.lv\\\/\"},{\"@type\":\"ListItem\",\"position\":2,\"name\":\"Veikals\",\"item\":\"https:\\\/\\\/www.facecorner.lv\\\/shop\\\/\"},{\"@type\":\"ListItem\",\"position\":3,\"name\":\"Mediheal Madecassoside Blemish Repair Serum\u00a0nomierino\u0161s serums pret iekaisumiem\"}]},{\"@type\":\"WebSite\",\"@id\":\"https:\\\/\\\/www.facecorner.lv\\\/#website\",\"url\":\"https:\\\/\\\/www.facecorner.lv\\\/\",\"name\":\"Facecorner\",\"description\":\"\",\"publisher\":{\"@id\":\"https:\\\/\\\/www.facecorner.lv\\\/#organization\"},\"potentialAction\":[{\"@type\":\"SearchAction\",\"target\":{\"@type\":\"EntryPoint\",\"urlTemplate\":\"https:\\\/\\\/www.facecorner.lv\\\/?s={search_term_string}\"},\"query-input\":{\"@type\":\"PropertyValueSpecification\",\"valueRequired\":true,\"valueName\":\"search_term_string\"}}],\"inLanguage\":\"lv-LV\"},{\"@type\":\"Organization\",\"@id\":\"https:\\\/\\\/www.facecorner.lv\\\/#organization\",\"name\":\"Facecorner\",\"url\":\"https:\\\/\\\/www.facecorner.lv\\\/\",\"logo\":{\"@type\":\"ImageObject\",\"inLanguage\":\"lv-LV\",\"@id\":\"https:\\\/\\\/www.facecorner.lv\\\/#\\\/schema\\\/logo\\\/image\\\/\",\"url\":\"https:\\\/\\\/www.facecorner.lv\\\/wp-content\\\/uploads\\\/2024\\\/04\\\/fc-logo.jpg\",\"contentUrl\":\"https:\\\/\\\/www.facecorner.lv\\\/wp-content\\\/uploads\\\/2024\\\/04\\\/fc-logo.jpg\",\"width\":174,\"height\":28,\"caption\":\"Facecorner\"},\"image\":{\"@id\":\"https:\\\/\\\/www.facecorner.lv\\\/#\\\/schema\\\/logo\\\/image\\\/\"},\"sameAs\":[\"https:\\\/\\\/www.facebook.com\\\/profile.php?id=100063824551839\",\"https:\\\/\\\/www.instagram.com\\\/facecorner_shop\\\/\"]}]}<\/script>\n<meta property=\"product:price:amount\" content=\"19.95\" \/>\n<meta property=\"product:price:currency\" content=\"EUR\" \/>\n<meta property=\"og:availability\" content=\"instock\" \/>\n<meta property=\"product:availability\" content=\"instock\" \/>\n<meta property=\"product:condition\" content=\"new\" \/>\n<!-- \/ Yoast SEO plugin. -->","yoast_head_json":{"title":"Mediheal Madecassoside Blemish Repair Serum\u00a0nomierino\u0161s serums pret iekaisumiem - FACECORNER","description":"Mediheal Madecassoside Blemish Repair Serum\u00a0 nomierino\u0161s serums, kas paredz\u0113ts \u0101das atjauno\u0161anai, pinnes un iekaisumu,ka ar\u012b post-akne.","robots":{"index":"index","follow":"follow","max-snippet":"max-snippet:-1","max-image-preview":"max-image-preview:large","max-video-preview":"max-video-preview:-1"},"canonical":"https:\/\/www.facecorner.lv\/lv\/shop\/mediheal-madecassoside-blemish-repair-serum-nomierinoss-serums-pret-iekaisumiem\/","og_locale":"lv_LV","og_type":"article","og_title":"Mediheal Madecassoside Blemish Repair Serum\u00a0nomierino\u0161s serums pret iekaisumiem - FACECORNER","og_description":"Mediheal Madecassoside Blemish Repair Serum\u00a0 nomierino\u0161s serums, kas paredz\u0113ts \u0101das atjauno\u0161anai, pinnes un iekaisumu,ka ar\u012b post-akne.","og_url":"https:\/\/www.facecorner.lv\/lv\/shop\/mediheal-madecassoside-blemish-repair-serum-nomierinoss-serums-pret-iekaisumiem\/","og_site_name":"FACECORNER","article_publisher":"https:\/\/www.facebook.com\/profile.php?id=100063824551839","article_modified_time":"2026-02-13T12:49:13+00:00","og_image":[{"width":1500,"height":1500,"url":"https:\/\/www.facecorner.lv\/wp-content\/uploads\/2026\/02\/rus_pl_Mediheal-Madecassoside-Blemish-Repair-Serum-USPOKAIVAIUSHCHAIA-SYVOROTKA-PROTIV-POKRASNENIIA-40ml-24866_1.webp","type":"image\/webp"}],"twitter_card":"summary_large_image","twitter_misc":{"Price":"&euro;19.95","Availability":"In stock"},"schema":{"@context":"https:\/\/schema.org","@graph":[{"@type":"WebPage","@id":"https:\/\/www.facecorner.lv\/shop\/mediheal-madecassoside-blemish-repair-serum-nomierinoss-serums-pret-iekaisumiem\/","url":"https:\/\/www.facecorner.lv\/shop\/mediheal-madecassoside-blemish-repair-serum-nomierinoss-serums-pret-iekaisumiem\/","name":"Mediheal Madecassoside Blemish Repair Serum\u00a0nomierino\u0161s serums pret iekaisumiem - FACECORNER","isPartOf":{"@id":"https:\/\/www.facecorner.lv\/#website"},"primaryImageOfPage":{"@id":"https:\/\/www.facecorner.lv\/shop\/mediheal-madecassoside-blemish-repair-serum-nomierinoss-serums-pret-iekaisumiem\/#primaryimage"},"image":{"@id":"https:\/\/www.facecorner.lv\/shop\/mediheal-madecassoside-blemish-repair-serum-nomierinoss-serums-pret-iekaisumiem\/#primaryimage"},"thumbnailUrl":"https:\/\/www.facecorner.lv\/wp-content\/uploads\/2026\/02\/rus_pl_Mediheal-Madecassoside-Blemish-Repair-Serum-USPOKAIVAIUSHCHAIA-SYVOROTKA-PROTIV-POKRASNENIIA-40ml-24866_1.webp","datePublished":"2026-02-13T12:49:12+00:00","dateModified":"2026-02-13T12:49:13+00:00","description":"Mediheal Madecassoside Blemish Repair Serum\u00a0 nomierino\u0161s serums, kas paredz\u0113ts \u0101das atjauno\u0161anai, pinnes un iekaisumu,ka ar\u012b post-akne.","breadcrumb":{"@id":"https:\/\/www.facecorner.lv\/shop\/mediheal-madecassoside-blemish-repair-serum-nomierinoss-serums-pret-iekaisumiem\/#breadcrumb"},"inLanguage":"lv-LV","potentialAction":[{"@type":"ReadAction","target":["https:\/\/www.facecorner.lv\/shop\/mediheal-madecassoside-blemish-repair-serum-nomierinoss-serums-pret-iekaisumiem\/"]}]},{"@type":"ImageObject","inLanguage":"lv-LV","@id":"https:\/\/www.facecorner.lv\/shop\/mediheal-madecassoside-blemish-repair-serum-nomierinoss-serums-pret-iekaisumiem\/#primaryimage","url":"https:\/\/www.facecorner.lv\/wp-content\/uploads\/2026\/02\/rus_pl_Mediheal-Madecassoside-Blemish-Repair-Serum-USPOKAIVAIUSHCHAIA-SYVOROTKA-PROTIV-POKRASNENIIA-40ml-24866_1.webp","contentUrl":"https:\/\/www.facecorner.lv\/wp-content\/uploads\/2026\/02\/rus_pl_Mediheal-Madecassoside-Blemish-Repair-Serum-USPOKAIVAIUSHCHAIA-SYVOROTKA-PROTIV-POKRASNENIIA-40ml-24866_1.webp","width":1500,"height":1500,"caption":"Mediheal Madecassoside Blemish Repair Serum"},{"@type":"BreadcrumbList","@id":"https:\/\/www.facecorner.lv\/shop\/mediheal-madecassoside-blemish-repair-serum-nomierinoss-serums-pret-iekaisumiem\/#breadcrumb","itemListElement":[{"@type":"ListItem","position":1,"name":"Home","item":"https:\/\/www.facecorner.lv\/"},{"@type":"ListItem","position":2,"name":"Veikals","item":"https:\/\/www.facecorner.lv\/shop\/"},{"@type":"ListItem","position":3,"name":"Mediheal Madecassoside Blemish Repair Serum\u00a0nomierino\u0161s serums pret iekaisumiem"}]},{"@type":"WebSite","@id":"https:\/\/www.facecorner.lv\/#website","url":"https:\/\/www.facecorner.lv\/","name":"Facecorner","description":"","publisher":{"@id":"https:\/\/www.facecorner.lv\/#organization"},"potentialAction":[{"@type":"SearchAction","target":{"@type":"EntryPoint","urlTemplate":"https:\/\/www.facecorner.lv\/?s={search_term_string}"},"query-input":{"@type":"PropertyValueSpecification","valueRequired":true,"valueName":"search_term_string"}}],"inLanguage":"lv-LV"},{"@type":"Organization","@id":"https:\/\/www.facecorner.lv\/#organization","name":"Facecorner","url":"https:\/\/www.facecorner.lv\/","logo":{"@type":"ImageObject","inLanguage":"lv-LV","@id":"https:\/\/www.facecorner.lv\/#\/schema\/logo\/image\/","url":"https:\/\/www.facecorner.lv\/wp-content\/uploads\/2024\/04\/fc-logo.jpg","contentUrl":"https:\/\/www.facecorner.lv\/wp-content\/uploads\/2024\/04\/fc-logo.jpg","width":174,"height":28,"caption":"Facecorner"},"image":{"@id":"https:\/\/www.facecorner.lv\/#\/schema\/logo\/image\/"},"sameAs":["https:\/\/www.facebook.com\/profile.php?id=100063824551839","https:\/\/www.instagram.com\/facecorner_shop\/"]}]},"product_price_amount":"19.95","product_price_currency":"EUR","og_availability":"instock","product_availability":"instock","product_condition":"new"},"_links":{"self":[{"href":"https:\/\/www.facecorner.lv\/lv\/wp-json\/wp\/v2\/product\/26925","targetHints":{"allow":["GET"]}}],"collection":[{"href":"https:\/\/www.facecorner.lv\/lv\/wp-json\/wp\/v2\/product"}],"about":[{"href":"https:\/\/www.facecorner.lv\/lv\/wp-json\/wp\/v2\/types\/product"}],"replies":[{"embeddable":true,"href":"https:\/\/www.facecorner.lv\/lv\/wp-json\/wp\/v2\/comments?post=26925"}],"wp:featuredmedia":[{"embeddable":true,"href":"https:\/\/www.facecorner.lv\/lv\/wp-json\/wp\/v2\/media\/26926"}],"wp:attachment":[{"href":"https:\/\/www.facecorner.lv\/lv\/wp-json\/wp\/v2\/media?parent=26925"}],"wp:term":[{"taxonomy":"product_brand","embeddable":true,"href":"https:\/\/www.facecorner.lv\/lv\/wp-json\/wp\/v2\/product_brand?post=26925"},{"taxonomy":"product_cat","embeddable":true,"href":"https:\/\/www.facecorner.lv\/lv\/wp-json\/wp\/v2\/product_cat?post=26925"},{"taxonomy":"product_tag","embeddable":true,"href":"https:\/\/www.facecorner.lv\/lv\/wp-json\/wp\/v2\/product_tag?post=26925"},{"taxonomy":"berocket_brand","embeddable":true,"href":"https:\/\/www.facecorner.lv\/lv\/wp-json\/wp\/v2\/berocket_brand?post=26925"}],"curies":[{"name":"wp","href":"https:\/\/api.w.org\/{rel}","templated":true}]}}