{"id":26917,"date":"2026-02-13T14:53:26","date_gmt":"2026-02-13T11:53:26","guid":{"rendered":"https:\/\/www.facecorner.lv\/?post_type=product&#038;p=26917"},"modified":"2026-02-13T14:53:26","modified_gmt":"2026-02-13T11:53:26","slug":"mediheal-h-d-p-pore-stamping-black-mask-ex-auduma-maska-dzilai-attirisanai","status":"publish","type":"product","link":"https:\/\/www.facecorner.lv\/lv\/shop\/mediheal-h-d-p-pore-stamping-black-mask-ex-auduma-maska-dzilai-attirisanai\/","title":{"rendered":"Mediheal H.D.P Pore Stamping Black Mask EX auduma maska dzi\u013cai att\u012br\u012b\u0161anai"},"content":{"rendered":"<p>Mediheal H.D.P Pore Stamping Black Mask EX auduma maska ir paredz\u0113ta dzi\u013cai att\u012br\u012b\u0161anai, poru sa\u0161aurin\u0101\u0161anai un liek\u0101 sebuma izdal\u012b\u0161an\u0101s kontrolei. T\u0101 ir izgatavota no auduma, kura pamat\u0101 ir meln\u0101 koksnes ogle, kas pal\u012bdz izvilkt net\u012brumus un toks\u012bnus no por\u0101m.<\/p>\n<h6>Galven\u0101s \u012bpa\u0161\u012bbas un priek\u0161roc\u012bbas:<\/h6>\n<ul>\n<li>Dzi\u013ci att\u012bra poras: oglek\u013ca maskas pamatne (bin\u010dotans) efekt\u012bvi absorb\u0113 net\u012brumus, \u0101das taukus un citus piemais\u012bjumus, att\u012brot poras un samazinot to redzam\u012bbu.<\/li>\n<li>Sebuma kontrole: maska pal\u012bdz normaliz\u0113t tauku dziedzeru darb\u012bbu un nov\u0113rst p\u0101rm\u0113r\u012bgu \u0101das taukain\u012bbu, nodro\u0161inot mat\u0113tu fini\u0161u.<\/li>\n<li>Poru sa\u0161aurin\u0101\u0161ana un elast\u012bbas palielin\u0101\u0161ana: sast\u0101v\u0101 eso\u0161ais s\u0113\u0146u ekstrakts un adenoz\u012bns veicina poru savilk\u0161anu un sabiezin\u0101\u0161anu, padarot \u0101das tekst\u016bru glud\u0101ku.<\/li>\n<li>Nomierino\u0161a un atjaunojo\u0161a iedarb\u012bba: sast\u0101vda\u013cas, piem\u0113ram, Centella asiatica un alanto\u012bns, pal\u012bdz nomierin\u0101t iekaisu\u0161u \u0101du un veicina t\u0101s atjauno\u0161anos.<\/li>\n<\/ul>\n<h6>Galven\u0101s sast\u0101vda\u013cas:<\/h6>\n<ul>\n<li>Aktiv\u0113t\u0101 ogle: piem\u012bt augsta absorbcijas sp\u0113ja, dzi\u013ci att\u012bra poras.<\/li>\n<li>S\u0113\u0146u ekstrakts (Fomes Officinalis): nodro\u0161ina savelko\u0161u efektu, sa\u0161aurina poras un mitrina.<\/li>\n<li>\u0100zijas centellas ekstrakts: paz\u012bstams ar sav\u0101m pretiekaisuma un nomierino\u0161aj\u0101m \u012bpa\u0161\u012bb\u0101m, pal\u012bdz pret aps\u0101rtumu.<\/li>\n<li>Gran\u0101t\u0101bolu ekstrakts: bag\u0101ts ar antioksidantiem, baro \u0101du un palielina t\u0101s elast\u012bbu.<\/li>\n<\/ul>\n<p><strong>Lieto\u0161ana:<\/strong> P\u0113c sejas mazg\u0101\u0161anas un tonika uzkl\u0101\u0161anas uzkl\u0101jiet masku uz sejas, uzman\u012bgi izl\u012bdzinot to pa kont\u016br\u0101m. Atst\u0101jiet masku uz 15-20 min\u016bt\u0113m. No\u0146emiet masku un ar viegliem piesk\u0101rieniem iemas\u0113jiet atliku\u0161o esenci sejas, kakla un dekolt\u0113 zon\u0101, lai t\u0101 lab\u0101k ies\u016bktos.<\/p>\n<p><strong>Sast\u0101vs:<\/strong> Water (Aqua\/Eau), Propylene Glycol, Glycerin, Allantoin, Bis-PEG-18 Methyl Ether Dimethyl Silane, Pomegranate (Punica Granatum) Fruit Extract, Sodium Hyaluronate, Wheat Amino Acids, Natto Gum, PEG-60 Hydrogenated Castor Oil, Adenosine, Sodium PCA, Butylene Glycol, Dipotassium Glycyrrhizate, Mushroom (Fomes Officinalis) Extract, Asiatic Pennywort (Centella Asiatica) Extract, Peppermint (Mentha Piperita) Leaf Extract, Rice (Oryza Sativa) Extract, Trehalose, Xanthan Gum, Charcoal Powder, Disodium EDTA, Arginine, Carbomer, Hydroxyethylcellulose, Prickly Ash (Zanthoxylum Piperitum) Fruit Extract, Lichen (Usnea Barbata) Extract, 1,2-Hexanediol, Phenoxyethanol, Fragrance (Parfum)<\/p>\n","protected":false},"excerpt":{"rendered":"<p>Mediheal H.D.P Pore Stamping Black Mask EX auduma maska ir paredz\u0113ta dzi\u013cai att\u012br\u012b\u0161anai, poru sa\u0161aurin\u0101\u0161anai un liek\u0101 sebuma izdal\u012b\u0161an\u0101s kontrolei. T\u0101 ir izgatavota no auduma, kura pamat\u0101 ir meln\u0101 koksnes ogle, kas pal\u012bdz izvilkt net\u012brumus un toks\u012bnus no por\u0101m.<\/p>\n","protected":false},"featured_media":26918,"comment_status":"open","ping_status":"closed","template":"","meta":{"site-sidebar-layout":"default","site-content-layout":"","ast-site-content-layout":"default","site-content-style":"default","site-sidebar-style":"default","ast-global-header-display":"","ast-banner-title-visibility":"","ast-main-header-display":"","ast-hfb-above-header-display":"","ast-hfb-below-header-display":"","ast-hfb-mobile-header-display":"","site-post-title":"","ast-breadcrumbs-content":"","ast-featured-img":"","footer-sml-layout":"","theme-transparent-header-meta":"default","adv-header-id-meta":"","stick-header-meta":"","header-above-stick-meta":"","header-main-stick-meta":"","header-below-stick-meta":"","astra-migrate-meta-layouts":"set","ast-page-background-enabled":"default","ast-page-background-meta":{"desktop":{"background-color":"var(--ast-global-color-4)","background-image":"","background-repeat":"repeat","background-position":"center center","background-size":"auto","background-attachment":"scroll","background-type":"","background-media":"","overlay-type":"","overlay-color":"","overlay-opacity":"","overlay-gradient":""},"tablet":{"background-color":"","background-image":"","background-repeat":"repeat","background-position":"center center","background-size":"auto","background-attachment":"scroll","background-type":"","background-media":"","overlay-type":"","overlay-color":"","overlay-opacity":"","overlay-gradient":""},"mobile":{"background-color":"","background-image":"","background-repeat":"repeat","background-position":"center center","background-size":"auto","background-attachment":"scroll","background-type":"","background-media":"","overlay-type":"","overlay-color":"","overlay-opacity":"","overlay-gradient":""}},"ast-content-background-meta":{"desktop":{"background-color":"var(--ast-global-color-5)","background-image":"","background-repeat":"repeat","background-position":"center center","background-size":"auto","background-attachment":"scroll","background-type":"","background-media":"","overlay-type":"","overlay-color":"","overlay-opacity":"","overlay-gradient":""},"tablet":{"background-color":"var(--ast-global-color-5)","background-image":"","background-repeat":"repeat","background-position":"center center","background-size":"auto","background-attachment":"scroll","background-type":"","background-media":"","overlay-type":"","overlay-color":"","overlay-opacity":"","overlay-gradient":""},"mobile":{"background-color":"var(--ast-global-color-5)","background-image":"","background-repeat":"repeat","background-position":"center center","background-size":"auto","background-attachment":"scroll","background-type":"","background-media":"","overlay-type":"","overlay-color":"","overlay-opacity":"","overlay-gradient":""}}},"product_brand":[],"product_cat":[511,324,315],"product_tag":[],"berocket_brand":[681],"class_list":{"0":"post-26917","1":"product","2":"type-product","3":"status-publish","4":"has-post-thumbnail","6":"product_cat-atlaides","7":"product_cat-auduma","8":"product_cat-maskas","9":"berocket_brand-mediheal","10":"desktop-align-left","11":"tablet-align-left","12":"mobile-align-left","14":"first","15":"instock","16":"sale","17":"taxable","18":"shipping-taxable","19":"purchasable","20":"product-type-simple","21":"add-to-wishlist-before_image"},"yoast_head":"<!-- This site is optimized with the Yoast SEO plugin v27.3 - https:\/\/yoast.com\/product\/yoast-seo-wordpress\/ -->\n<title>Mediheal H.D.P Pore Stamping Black Mask EX auduma maska dzi\u013cai att\u012br\u012b\u0161anai - FACECORNER<\/title>\n<meta name=\"description\" content=\"Mediheal H.D.P Pore Stamping Black Mask EX auduma maska ir paredz\u0113ta dzi\u013cai att\u012br\u012b\u0161anai, poru sa\u0161aurin\u0101\u0161anai un liek\u0101 sebuma izdal\u012b\u0161an\u0101s kontrolei. T\u0101 ir izgatavota no auduma, kura pamat\u0101 ir meln\u0101 koksnes ogle, kas pal\u012bdz izvilkt net\u012brumus un toks\u012bnus no por\u0101m.\" \/>\n<meta name=\"robots\" content=\"index, follow, max-snippet:-1, max-image-preview:large, max-video-preview:-1\" \/>\n<link rel=\"canonical\" href=\"https:\/\/www.facecorner.lv\/lv\/shop\/mediheal-h-d-p-pore-stamping-black-mask-ex-auduma-maska-dzilai-attirisanai\/\" \/>\n<meta property=\"og:locale\" content=\"lv_LV\" \/>\n<meta property=\"og:type\" content=\"article\" \/>\n<meta property=\"og:title\" content=\"Mediheal H.D.P Pore Stamping Black Mask EX auduma maska dzi\u013cai att\u012br\u012b\u0161anai - FACECORNER\" \/>\n<meta property=\"og:description\" content=\"Mediheal H.D.P Pore Stamping Black Mask EX auduma maska ir paredz\u0113ta dzi\u013cai att\u012br\u012b\u0161anai, poru sa\u0161aurin\u0101\u0161anai un liek\u0101 sebuma izdal\u012b\u0161an\u0101s kontrolei. T\u0101 ir izgatavota no auduma, kura pamat\u0101 ir meln\u0101 koksnes ogle, kas pal\u012bdz izvilkt net\u012brumus un toks\u012bnus no por\u0101m.\" \/>\n<meta property=\"og:url\" content=\"https:\/\/www.facecorner.lv\/lv\/shop\/mediheal-h-d-p-pore-stamping-black-mask-ex-auduma-maska-dzilai-attirisanai\/\" \/>\n<meta property=\"og:site_name\" content=\"FACECORNER\" \/>\n<meta property=\"article:publisher\" content=\"https:\/\/www.facebook.com\/profile.php?id=100063824551839\" \/>\n<meta property=\"og:image\" content=\"https:\/\/www.facecorner.lv\/wp-content\/uploads\/2026\/02\/MHL010-1-600x600hh-1000x1000-1.png\" \/>\n\t<meta property=\"og:image:width\" content=\"1000\" \/>\n\t<meta property=\"og:image:height\" content=\"1000\" \/>\n\t<meta property=\"og:image:type\" content=\"image\/png\" \/>\n<meta name=\"twitter:card\" content=\"summary_large_image\" \/>\n<meta name=\"twitter:label1\" content=\"Price\" \/>\n\t<meta name=\"twitter:data1\" content=\"&euro;2.65\" \/>\n\t<meta name=\"twitter:label2\" content=\"Availability\" \/>\n\t<meta name=\"twitter:data2\" content=\"In stock\" \/>\n<script type=\"application\/ld+json\" class=\"yoast-schema-graph\">{\"@context\":\"https:\\\/\\\/schema.org\",\"@graph\":[{\"@type\":\"WebPage\",\"@id\":\"https:\\\/\\\/www.facecorner.lv\\\/shop\\\/mediheal-h-d-p-pore-stamping-black-mask-ex-auduma-maska-dzilai-attirisanai\\\/\",\"url\":\"https:\\\/\\\/www.facecorner.lv\\\/shop\\\/mediheal-h-d-p-pore-stamping-black-mask-ex-auduma-maska-dzilai-attirisanai\\\/\",\"name\":\"Mediheal H.D.P Pore Stamping Black Mask EX auduma maska dzi\u013cai att\u012br\u012b\u0161anai - FACECORNER\",\"isPartOf\":{\"@id\":\"https:\\\/\\\/www.facecorner.lv\\\/#website\"},\"primaryImageOfPage\":{\"@id\":\"https:\\\/\\\/www.facecorner.lv\\\/shop\\\/mediheal-h-d-p-pore-stamping-black-mask-ex-auduma-maska-dzilai-attirisanai\\\/#primaryimage\"},\"image\":{\"@id\":\"https:\\\/\\\/www.facecorner.lv\\\/shop\\\/mediheal-h-d-p-pore-stamping-black-mask-ex-auduma-maska-dzilai-attirisanai\\\/#primaryimage\"},\"thumbnailUrl\":\"https:\\\/\\\/www.facecorner.lv\\\/wp-content\\\/uploads\\\/2026\\\/02\\\/MHL010-1-600x600hh-1000x1000-1.png\",\"datePublished\":\"2026-02-13T11:53:26+00:00\",\"description\":\"Mediheal H.D.P Pore Stamping Black Mask EX auduma maska ir paredz\u0113ta dzi\u013cai att\u012br\u012b\u0161anai, poru sa\u0161aurin\u0101\u0161anai un liek\u0101 sebuma izdal\u012b\u0161an\u0101s kontrolei. T\u0101 ir izgatavota no auduma, kura pamat\u0101 ir meln\u0101 koksnes ogle, kas pal\u012bdz izvilkt net\u012brumus un toks\u012bnus no por\u0101m.\",\"breadcrumb\":{\"@id\":\"https:\\\/\\\/www.facecorner.lv\\\/shop\\\/mediheal-h-d-p-pore-stamping-black-mask-ex-auduma-maska-dzilai-attirisanai\\\/#breadcrumb\"},\"inLanguage\":\"lv-LV\",\"potentialAction\":[{\"@type\":\"ReadAction\",\"target\":[\"https:\\\/\\\/www.facecorner.lv\\\/shop\\\/mediheal-h-d-p-pore-stamping-black-mask-ex-auduma-maska-dzilai-attirisanai\\\/\"]}]},{\"@type\":\"ImageObject\",\"inLanguage\":\"lv-LV\",\"@id\":\"https:\\\/\\\/www.facecorner.lv\\\/shop\\\/mediheal-h-d-p-pore-stamping-black-mask-ex-auduma-maska-dzilai-attirisanai\\\/#primaryimage\",\"url\":\"https:\\\/\\\/www.facecorner.lv\\\/wp-content\\\/uploads\\\/2026\\\/02\\\/MHL010-1-600x600hh-1000x1000-1.png\",\"contentUrl\":\"https:\\\/\\\/www.facecorner.lv\\\/wp-content\\\/uploads\\\/2026\\\/02\\\/MHL010-1-600x600hh-1000x1000-1.png\",\"width\":1000,\"height\":1000,\"caption\":\"Mediheal H.D.P Pore Stamping Black Mask EX\"},{\"@type\":\"BreadcrumbList\",\"@id\":\"https:\\\/\\\/www.facecorner.lv\\\/shop\\\/mediheal-h-d-p-pore-stamping-black-mask-ex-auduma-maska-dzilai-attirisanai\\\/#breadcrumb\",\"itemListElement\":[{\"@type\":\"ListItem\",\"position\":1,\"name\":\"Home\",\"item\":\"https:\\\/\\\/www.facecorner.lv\\\/\"},{\"@type\":\"ListItem\",\"position\":2,\"name\":\"Veikals\",\"item\":\"https:\\\/\\\/www.facecorner.lv\\\/shop\\\/\"},{\"@type\":\"ListItem\",\"position\":3,\"name\":\"Mediheal H.D.P Pore Stamping Black Mask EX auduma maska dzi\u013cai att\u012br\u012b\u0161anai\"}]},{\"@type\":\"WebSite\",\"@id\":\"https:\\\/\\\/www.facecorner.lv\\\/#website\",\"url\":\"https:\\\/\\\/www.facecorner.lv\\\/\",\"name\":\"Facecorner\",\"description\":\"\",\"publisher\":{\"@id\":\"https:\\\/\\\/www.facecorner.lv\\\/#organization\"},\"potentialAction\":[{\"@type\":\"SearchAction\",\"target\":{\"@type\":\"EntryPoint\",\"urlTemplate\":\"https:\\\/\\\/www.facecorner.lv\\\/?s={search_term_string}\"},\"query-input\":{\"@type\":\"PropertyValueSpecification\",\"valueRequired\":true,\"valueName\":\"search_term_string\"}}],\"inLanguage\":\"lv-LV\"},{\"@type\":\"Organization\",\"@id\":\"https:\\\/\\\/www.facecorner.lv\\\/#organization\",\"name\":\"Facecorner\",\"url\":\"https:\\\/\\\/www.facecorner.lv\\\/\",\"logo\":{\"@type\":\"ImageObject\",\"inLanguage\":\"lv-LV\",\"@id\":\"https:\\\/\\\/www.facecorner.lv\\\/#\\\/schema\\\/logo\\\/image\\\/\",\"url\":\"https:\\\/\\\/www.facecorner.lv\\\/wp-content\\\/uploads\\\/2024\\\/04\\\/fc-logo.jpg\",\"contentUrl\":\"https:\\\/\\\/www.facecorner.lv\\\/wp-content\\\/uploads\\\/2024\\\/04\\\/fc-logo.jpg\",\"width\":174,\"height\":28,\"caption\":\"Facecorner\"},\"image\":{\"@id\":\"https:\\\/\\\/www.facecorner.lv\\\/#\\\/schema\\\/logo\\\/image\\\/\"},\"sameAs\":[\"https:\\\/\\\/www.facebook.com\\\/profile.php?id=100063824551839\",\"https:\\\/\\\/www.instagram.com\\\/facecorner_shop\\\/\"]}]}<\/script>\n<meta property=\"product:price:amount\" content=\"2.65\" \/>\n<meta property=\"product:price:currency\" content=\"EUR\" \/>\n<meta property=\"og:availability\" content=\"instock\" \/>\n<meta property=\"product:availability\" content=\"instock\" \/>\n<meta property=\"product:condition\" content=\"new\" \/>\n<!-- \/ Yoast SEO plugin. -->","yoast_head_json":{"title":"Mediheal H.D.P Pore Stamping Black Mask EX auduma maska dzi\u013cai att\u012br\u012b\u0161anai - FACECORNER","description":"Mediheal H.D.P Pore Stamping Black Mask EX auduma maska ir paredz\u0113ta dzi\u013cai att\u012br\u012b\u0161anai, poru sa\u0161aurin\u0101\u0161anai un liek\u0101 sebuma izdal\u012b\u0161an\u0101s kontrolei. T\u0101 ir izgatavota no auduma, kura pamat\u0101 ir meln\u0101 koksnes ogle, kas pal\u012bdz izvilkt net\u012brumus un toks\u012bnus no por\u0101m.","robots":{"index":"index","follow":"follow","max-snippet":"max-snippet:-1","max-image-preview":"max-image-preview:large","max-video-preview":"max-video-preview:-1"},"canonical":"https:\/\/www.facecorner.lv\/lv\/shop\/mediheal-h-d-p-pore-stamping-black-mask-ex-auduma-maska-dzilai-attirisanai\/","og_locale":"lv_LV","og_type":"article","og_title":"Mediheal H.D.P Pore Stamping Black Mask EX auduma maska dzi\u013cai att\u012br\u012b\u0161anai - FACECORNER","og_description":"Mediheal H.D.P Pore Stamping Black Mask EX auduma maska ir paredz\u0113ta dzi\u013cai att\u012br\u012b\u0161anai, poru sa\u0161aurin\u0101\u0161anai un liek\u0101 sebuma izdal\u012b\u0161an\u0101s kontrolei. T\u0101 ir izgatavota no auduma, kura pamat\u0101 ir meln\u0101 koksnes ogle, kas pal\u012bdz izvilkt net\u012brumus un toks\u012bnus no por\u0101m.","og_url":"https:\/\/www.facecorner.lv\/lv\/shop\/mediheal-h-d-p-pore-stamping-black-mask-ex-auduma-maska-dzilai-attirisanai\/","og_site_name":"FACECORNER","article_publisher":"https:\/\/www.facebook.com\/profile.php?id=100063824551839","og_image":[{"width":1000,"height":1000,"url":"https:\/\/www.facecorner.lv\/wp-content\/uploads\/2026\/02\/MHL010-1-600x600hh-1000x1000-1.png","type":"image\/png"}],"twitter_card":"summary_large_image","twitter_misc":{"Price":"&euro;2.65","Availability":"In stock"},"schema":{"@context":"https:\/\/schema.org","@graph":[{"@type":"WebPage","@id":"https:\/\/www.facecorner.lv\/shop\/mediheal-h-d-p-pore-stamping-black-mask-ex-auduma-maska-dzilai-attirisanai\/","url":"https:\/\/www.facecorner.lv\/shop\/mediheal-h-d-p-pore-stamping-black-mask-ex-auduma-maska-dzilai-attirisanai\/","name":"Mediheal H.D.P Pore Stamping Black Mask EX auduma maska dzi\u013cai att\u012br\u012b\u0161anai - FACECORNER","isPartOf":{"@id":"https:\/\/www.facecorner.lv\/#website"},"primaryImageOfPage":{"@id":"https:\/\/www.facecorner.lv\/shop\/mediheal-h-d-p-pore-stamping-black-mask-ex-auduma-maska-dzilai-attirisanai\/#primaryimage"},"image":{"@id":"https:\/\/www.facecorner.lv\/shop\/mediheal-h-d-p-pore-stamping-black-mask-ex-auduma-maska-dzilai-attirisanai\/#primaryimage"},"thumbnailUrl":"https:\/\/www.facecorner.lv\/wp-content\/uploads\/2026\/02\/MHL010-1-600x600hh-1000x1000-1.png","datePublished":"2026-02-13T11:53:26+00:00","description":"Mediheal H.D.P Pore Stamping Black Mask EX auduma maska ir paredz\u0113ta dzi\u013cai att\u012br\u012b\u0161anai, poru sa\u0161aurin\u0101\u0161anai un liek\u0101 sebuma izdal\u012b\u0161an\u0101s kontrolei. T\u0101 ir izgatavota no auduma, kura pamat\u0101 ir meln\u0101 koksnes ogle, kas pal\u012bdz izvilkt net\u012brumus un toks\u012bnus no por\u0101m.","breadcrumb":{"@id":"https:\/\/www.facecorner.lv\/shop\/mediheal-h-d-p-pore-stamping-black-mask-ex-auduma-maska-dzilai-attirisanai\/#breadcrumb"},"inLanguage":"lv-LV","potentialAction":[{"@type":"ReadAction","target":["https:\/\/www.facecorner.lv\/shop\/mediheal-h-d-p-pore-stamping-black-mask-ex-auduma-maska-dzilai-attirisanai\/"]}]},{"@type":"ImageObject","inLanguage":"lv-LV","@id":"https:\/\/www.facecorner.lv\/shop\/mediheal-h-d-p-pore-stamping-black-mask-ex-auduma-maska-dzilai-attirisanai\/#primaryimage","url":"https:\/\/www.facecorner.lv\/wp-content\/uploads\/2026\/02\/MHL010-1-600x600hh-1000x1000-1.png","contentUrl":"https:\/\/www.facecorner.lv\/wp-content\/uploads\/2026\/02\/MHL010-1-600x600hh-1000x1000-1.png","width":1000,"height":1000,"caption":"Mediheal H.D.P Pore Stamping Black Mask EX"},{"@type":"BreadcrumbList","@id":"https:\/\/www.facecorner.lv\/shop\/mediheal-h-d-p-pore-stamping-black-mask-ex-auduma-maska-dzilai-attirisanai\/#breadcrumb","itemListElement":[{"@type":"ListItem","position":1,"name":"Home","item":"https:\/\/www.facecorner.lv\/"},{"@type":"ListItem","position":2,"name":"Veikals","item":"https:\/\/www.facecorner.lv\/shop\/"},{"@type":"ListItem","position":3,"name":"Mediheal H.D.P Pore Stamping Black Mask EX auduma maska dzi\u013cai att\u012br\u012b\u0161anai"}]},{"@type":"WebSite","@id":"https:\/\/www.facecorner.lv\/#website","url":"https:\/\/www.facecorner.lv\/","name":"Facecorner","description":"","publisher":{"@id":"https:\/\/www.facecorner.lv\/#organization"},"potentialAction":[{"@type":"SearchAction","target":{"@type":"EntryPoint","urlTemplate":"https:\/\/www.facecorner.lv\/?s={search_term_string}"},"query-input":{"@type":"PropertyValueSpecification","valueRequired":true,"valueName":"search_term_string"}}],"inLanguage":"lv-LV"},{"@type":"Organization","@id":"https:\/\/www.facecorner.lv\/#organization","name":"Facecorner","url":"https:\/\/www.facecorner.lv\/","logo":{"@type":"ImageObject","inLanguage":"lv-LV","@id":"https:\/\/www.facecorner.lv\/#\/schema\/logo\/image\/","url":"https:\/\/www.facecorner.lv\/wp-content\/uploads\/2024\/04\/fc-logo.jpg","contentUrl":"https:\/\/www.facecorner.lv\/wp-content\/uploads\/2024\/04\/fc-logo.jpg","width":174,"height":28,"caption":"Facecorner"},"image":{"@id":"https:\/\/www.facecorner.lv\/#\/schema\/logo\/image\/"},"sameAs":["https:\/\/www.facebook.com\/profile.php?id=100063824551839","https:\/\/www.instagram.com\/facecorner_shop\/"]}]},"product_price_amount":"2.65","product_price_currency":"EUR","og_availability":"instock","product_availability":"instock","product_condition":"new"},"_links":{"self":[{"href":"https:\/\/www.facecorner.lv\/lv\/wp-json\/wp\/v2\/product\/26917","targetHints":{"allow":["GET"]}}],"collection":[{"href":"https:\/\/www.facecorner.lv\/lv\/wp-json\/wp\/v2\/product"}],"about":[{"href":"https:\/\/www.facecorner.lv\/lv\/wp-json\/wp\/v2\/types\/product"}],"replies":[{"embeddable":true,"href":"https:\/\/www.facecorner.lv\/lv\/wp-json\/wp\/v2\/comments?post=26917"}],"wp:featuredmedia":[{"embeddable":true,"href":"https:\/\/www.facecorner.lv\/lv\/wp-json\/wp\/v2\/media\/26918"}],"wp:attachment":[{"href":"https:\/\/www.facecorner.lv\/lv\/wp-json\/wp\/v2\/media?parent=26917"}],"wp:term":[{"taxonomy":"product_brand","embeddable":true,"href":"https:\/\/www.facecorner.lv\/lv\/wp-json\/wp\/v2\/product_brand?post=26917"},{"taxonomy":"product_cat","embeddable":true,"href":"https:\/\/www.facecorner.lv\/lv\/wp-json\/wp\/v2\/product_cat?post=26917"},{"taxonomy":"product_tag","embeddable":true,"href":"https:\/\/www.facecorner.lv\/lv\/wp-json\/wp\/v2\/product_tag?post=26917"},{"taxonomy":"berocket_brand","embeddable":true,"href":"https:\/\/www.facecorner.lv\/lv\/wp-json\/wp\/v2\/berocket_brand?post=26917"}],"curies":[{"name":"wp","href":"https:\/\/api.w.org\/{rel}","templated":true}]}}