{"id":26910,"date":"2026-02-13T14:22:33","date_gmt":"2026-02-13T11:22:33","guid":{"rendered":"https:\/\/www.facecorner.lv\/?post_type=product&#038;p=26910"},"modified":"2026-02-13T14:22:34","modified_gmt":"2026-02-13T11:22:34","slug":"mediheal-collagen-essential-mask-auduma-maska-ar-kolagenu","status":"publish","type":"product","link":"https:\/\/www.facecorner.lv\/lv\/shop\/mediheal-collagen-essential-mask-auduma-maska-ar-kolagenu\/","title":{"rendered":"Mediheal Collagen Essential Mask auduma maska ar kolag\u0113nu"},"content":{"rendered":"<p>Mediheal Collagen Essential Mask auduma maska samazina grumbu skaitu un izl\u012bdzina \u0101das reljefu, nostiepina, mitrina, toniz\u0113 un uzlabo sejas kr\u0101su. Rezult\u0101ts: gluda un nostiepta \u0101da bez sausuma un lob\u012b\u0161an\u0101s.<\/p>\n<h6>Galven\u0101s sast\u0101vda\u013cas:<\/h6>\n<p>&nbsp;<\/p>\n<p><strong>Collagen Active 3X (tr\u012bsk\u0101r\u0161s kolag\u0113na komplekss):<\/strong><\/p>\n<ul>\n<li>Hidroliz\u0113ts kolag\u0113ns \u2014 nostiprina \u0101das strukt\u016bru, palielina t\u0101s elast\u012bbu un izl\u012bdzina grumbu.<\/li>\n<li>Cukura kolag\u0113ns (Glycoprotein Collagen) \u2014 nodro\u0161ina dzi\u013cu mitrin\u0101\u0161anu un pal\u012bdz uztur\u0113t \u016bdens l\u012bdzsvaru.<\/li>\n<li>Pro-Collagen Complex \u2014 stimul\u0113 pa\u0161a kolag\u0113na ra\u017eo\u0161anu, uzlabojot \u0101das elast\u012bbu.<\/li>\n<li>HYDRODEEPER\u2122 \u2014 inovat\u012bvs patent\u0113ts komplekss, kas veicina mitruma dzi\u013cu iek\u013c\u016b\u0161anu \u0101das sl\u0101\u0146os un t\u0101 saglab\u0101\u0161anu.<\/li>\n<li>Kam\u0113lijas lapu ekstrakts (Camellia Sinensis Leaf Extract) \u2014 piem\u012bt antioksidanta un pretiekaisuma iedarb\u012bba, nomierina iekaisu\u0161u \u0101du.<\/li>\n<li>N\u0101trija hialuron\u0101ts (Sodium Hyaluronate) \u2014 aiztur mitrumu \u0101d\u0101, nodro\u0161inot intens\u012bvu mitrin\u0101\u0161anu un izl\u012bdzinot s\u012bk\u0101s grumbi\u0146as.<\/li>\n<\/ul>\n<p><strong>Lieto\u0161ana:<\/strong> P\u0113c \u0101das att\u012br\u012b\u0161anas uzkl\u0101jiet toniku.Izvelciet masku un uzman\u012bgi uzkl\u0101jiet to uz sejas, saska\u0146ojot atv\u0113rumus ac\u012bm un l\u016bp\u0101m.<br \/>\nAtst\u0101jiet masku uz 10-20 min\u016bt\u0113m.No\u0146emiet masku un ar maig\u0101m piesk\u0101rienu kust\u012bb\u0101m iemas\u0113jiet atliku\u0161o esenci \u0101d\u0101.<\/p>\n<p><strong>Sast\u0101vs<\/strong>:\u00a0 <span style=\"font-size: 16px;\">Water, Glycerin, Methylpropanediol, Propanediol, Hibiscus Rosa-Sinensis Flower Extract, Sodium Hyaluronate, Soluble Collagen, Arginine, Carbomer, Hydrolyzed Extensin, Panthenol, Betaine, Octyldodeceth-16, Xanthan Gum, Trehalose, Tremella Fuciformis Polysaccharide, Sodium Chloride, Histidine, Alanine, Threonine, Proline, Acrylates\/C10-30 Alkyl Acrylate Crosspolymer, Chlorella Vulgaris Extract, Magnesium Chloride, Glucose, Phenoxyethanol, Fragrance, Hydroxyacetophenone.<\/span><\/p>\n<p><main><\/p>\n<div class=\"container\">\n<div class=\"row\">\n<div id=\"content\" class=\"col-sm-12\">\n<div id=\"product\" class=\"uni-wrapper\">\n<div class=\"clearfix\"><\/div>\n<\/div>\n<\/div>\n<\/div>\n<\/div>\n<p><\/main><\/p>\n<div id=\"uni-notification\" class=\"notification fixed\">\n<div class=\"container\">\n<div class=\"notification__wrapper fixed\"><\/div>\n<\/div>\n<\/div>\n<p>&nbsp;<\/p>\n<p>&nbsp;<\/p>\n","protected":false},"excerpt":{"rendered":"<p>Mediheal Collagen Essential Mask auduma maska samazina grumbu skaitu un izl\u012bdzina \u0101das reljefu, nostiepina, mitrina, toniz\u0113 un uzlabo sejas kr\u0101su. Rezult\u0101ts: gluda un nostiepta \u0101da bez sausuma un lob\u012b\u0161an\u0101s.<\/p>\n","protected":false},"featured_media":26911,"comment_status":"open","ping_status":"closed","template":"","meta":{"site-sidebar-layout":"default","site-content-layout":"","ast-site-content-layout":"default","site-content-style":"default","site-sidebar-style":"default","ast-global-header-display":"","ast-banner-title-visibility":"","ast-main-header-display":"","ast-hfb-above-header-display":"","ast-hfb-below-header-display":"","ast-hfb-mobile-header-display":"","site-post-title":"","ast-breadcrumbs-content":"","ast-featured-img":"","footer-sml-layout":"","theme-transparent-header-meta":"default","adv-header-id-meta":"","stick-header-meta":"","header-above-stick-meta":"","header-main-stick-meta":"","header-below-stick-meta":"","astra-migrate-meta-layouts":"set","ast-page-background-enabled":"default","ast-page-background-meta":{"desktop":{"background-color":"var(--ast-global-color-4)","background-image":"","background-repeat":"repeat","background-position":"center center","background-size":"auto","background-attachment":"scroll","background-type":"","background-media":"","overlay-type":"","overlay-color":"","overlay-opacity":"","overlay-gradient":""},"tablet":{"background-color":"","background-image":"","background-repeat":"repeat","background-position":"center center","background-size":"auto","background-attachment":"scroll","background-type":"","background-media":"","overlay-type":"","overlay-color":"","overlay-opacity":"","overlay-gradient":""},"mobile":{"background-color":"","background-image":"","background-repeat":"repeat","background-position":"center center","background-size":"auto","background-attachment":"scroll","background-type":"","background-media":"","overlay-type":"","overlay-color":"","overlay-opacity":"","overlay-gradient":""}},"ast-content-background-meta":{"desktop":{"background-color":"var(--ast-global-color-5)","background-image":"","background-repeat":"repeat","background-position":"center center","background-size":"auto","background-attachment":"scroll","background-type":"","background-media":"","overlay-type":"","overlay-color":"","overlay-opacity":"","overlay-gradient":""},"tablet":{"background-color":"var(--ast-global-color-5)","background-image":"","background-repeat":"repeat","background-position":"center center","background-size":"auto","background-attachment":"scroll","background-type":"","background-media":"","overlay-type":"","overlay-color":"","overlay-opacity":"","overlay-gradient":""},"mobile":{"background-color":"var(--ast-global-color-5)","background-image":"","background-repeat":"repeat","background-position":"center center","background-size":"auto","background-attachment":"scroll","background-type":"","background-media":"","overlay-type":"","overlay-color":"","overlay-opacity":"","overlay-gradient":""}}},"product_brand":[],"product_cat":[324,315],"product_tag":[],"berocket_brand":[681],"class_list":{"0":"post-26910","1":"product","2":"type-product","3":"status-publish","4":"has-post-thumbnail","6":"product_cat-auduma","7":"product_cat-maskas","8":"berocket_brand-mediheal","9":"desktop-align-left","10":"tablet-align-left","11":"mobile-align-left","13":"first","14":"instock","15":"taxable","16":"shipping-taxable","17":"purchasable","18":"product-type-simple","19":"add-to-wishlist-before_image"},"yoast_head":"<!-- This site is optimized with the Yoast SEO plugin v27.3 - https:\/\/yoast.com\/product\/yoast-seo-wordpress\/ -->\n<title>Mediheal Collagen Essential Mask auduma maska ar kolag\u0113nu - FACECORNER<\/title>\n<meta name=\"description\" content=\"Mediheal Collagen Essential Mask auduma maska samazina grumbu skaitu un izl\u012bdzina \u0101das reljefu, nostiepina, mitrina, toniz\u0113 un uzlabo sejas kr\u0101su. Rezult\u0101ts: gluda un nostiepta \u0101da bez sausuma un lob\u012b\u0161an\u0101s.\" \/>\n<meta name=\"robots\" content=\"index, follow, max-snippet:-1, max-image-preview:large, max-video-preview:-1\" \/>\n<link rel=\"canonical\" href=\"https:\/\/www.facecorner.lv\/lv\/shop\/mediheal-collagen-essential-mask-auduma-maska-ar-kolagenu\/\" \/>\n<meta property=\"og:locale\" content=\"lv_LV\" \/>\n<meta property=\"og:type\" content=\"article\" \/>\n<meta property=\"og:title\" content=\"Mediheal Collagen Essential Mask auduma maska ar kolag\u0113nu - FACECORNER\" \/>\n<meta property=\"og:description\" content=\"Mediheal Collagen Essential Mask auduma maska samazina grumbu skaitu un izl\u012bdzina \u0101das reljefu, nostiepina, mitrina, toniz\u0113 un uzlabo sejas kr\u0101su. Rezult\u0101ts: gluda un nostiepta \u0101da bez sausuma un lob\u012b\u0161an\u0101s.\" \/>\n<meta property=\"og:url\" content=\"https:\/\/www.facecorner.lv\/lv\/shop\/mediheal-collagen-essential-mask-auduma-maska-ar-kolagenu\/\" \/>\n<meta property=\"og:site_name\" content=\"FACECORNER\" \/>\n<meta property=\"article:publisher\" content=\"https:\/\/www.facebook.com\/profile.php?id=100063824551839\" \/>\n<meta property=\"article:modified_time\" content=\"2026-02-13T11:22:34+00:00\" \/>\n<meta property=\"og:image\" content=\"https:\/\/www.facecorner.lv\/wp-content\/uploads\/2026\/02\/1e6d932f006530c9d6ce96b02902faa9.jpg\" \/>\n\t<meta property=\"og:image:width\" content=\"550\" \/>\n\t<meta property=\"og:image:height\" content=\"550\" \/>\n\t<meta property=\"og:image:type\" content=\"image\/jpeg\" \/>\n<meta name=\"twitter:card\" content=\"summary_large_image\" \/>\n<meta name=\"twitter:label1\" content=\"Price\" \/>\n\t<meta name=\"twitter:data1\" content=\"&euro;3.45\" \/>\n\t<meta name=\"twitter:label2\" content=\"Availability\" \/>\n\t<meta name=\"twitter:data2\" content=\"In stock\" \/>\n<script type=\"application\/ld+json\" class=\"yoast-schema-graph\">{\"@context\":\"https:\\\/\\\/schema.org\",\"@graph\":[{\"@type\":\"WebPage\",\"@id\":\"https:\\\/\\\/www.facecorner.lv\\\/shop\\\/mediheal-collagen-essential-mask-auduma-maska-ar-kolagenu\\\/\",\"url\":\"https:\\\/\\\/www.facecorner.lv\\\/shop\\\/mediheal-collagen-essential-mask-auduma-maska-ar-kolagenu\\\/\",\"name\":\"Mediheal Collagen Essential Mask auduma maska ar kolag\u0113nu - FACECORNER\",\"isPartOf\":{\"@id\":\"https:\\\/\\\/www.facecorner.lv\\\/#website\"},\"primaryImageOfPage\":{\"@id\":\"https:\\\/\\\/www.facecorner.lv\\\/shop\\\/mediheal-collagen-essential-mask-auduma-maska-ar-kolagenu\\\/#primaryimage\"},\"image\":{\"@id\":\"https:\\\/\\\/www.facecorner.lv\\\/shop\\\/mediheal-collagen-essential-mask-auduma-maska-ar-kolagenu\\\/#primaryimage\"},\"thumbnailUrl\":\"https:\\\/\\\/www.facecorner.lv\\\/wp-content\\\/uploads\\\/2026\\\/02\\\/1e6d932f006530c9d6ce96b02902faa9.jpg\",\"datePublished\":\"2026-02-13T11:22:33+00:00\",\"dateModified\":\"2026-02-13T11:22:34+00:00\",\"description\":\"Mediheal Collagen Essential Mask auduma maska samazina grumbu skaitu un izl\u012bdzina \u0101das reljefu, nostiepina, mitrina, toniz\u0113 un uzlabo sejas kr\u0101su. Rezult\u0101ts: gluda un nostiepta \u0101da bez sausuma un lob\u012b\u0161an\u0101s.\",\"breadcrumb\":{\"@id\":\"https:\\\/\\\/www.facecorner.lv\\\/shop\\\/mediheal-collagen-essential-mask-auduma-maska-ar-kolagenu\\\/#breadcrumb\"},\"inLanguage\":\"lv-LV\",\"potentialAction\":[{\"@type\":\"ReadAction\",\"target\":[\"https:\\\/\\\/www.facecorner.lv\\\/shop\\\/mediheal-collagen-essential-mask-auduma-maska-ar-kolagenu\\\/\"]}]},{\"@type\":\"ImageObject\",\"inLanguage\":\"lv-LV\",\"@id\":\"https:\\\/\\\/www.facecorner.lv\\\/shop\\\/mediheal-collagen-essential-mask-auduma-maska-ar-kolagenu\\\/#primaryimage\",\"url\":\"https:\\\/\\\/www.facecorner.lv\\\/wp-content\\\/uploads\\\/2026\\\/02\\\/1e6d932f006530c9d6ce96b02902faa9.jpg\",\"contentUrl\":\"https:\\\/\\\/www.facecorner.lv\\\/wp-content\\\/uploads\\\/2026\\\/02\\\/1e6d932f006530c9d6ce96b02902faa9.jpg\",\"width\":550,\"height\":550,\"caption\":\"Mediheal Collagen Essential Mask\"},{\"@type\":\"BreadcrumbList\",\"@id\":\"https:\\\/\\\/www.facecorner.lv\\\/shop\\\/mediheal-collagen-essential-mask-auduma-maska-ar-kolagenu\\\/#breadcrumb\",\"itemListElement\":[{\"@type\":\"ListItem\",\"position\":1,\"name\":\"Home\",\"item\":\"https:\\\/\\\/www.facecorner.lv\\\/\"},{\"@type\":\"ListItem\",\"position\":2,\"name\":\"Veikals\",\"item\":\"https:\\\/\\\/www.facecorner.lv\\\/shop\\\/\"},{\"@type\":\"ListItem\",\"position\":3,\"name\":\"Mediheal Collagen Essential Mask auduma maska ar kolag\u0113nu\"}]},{\"@type\":\"WebSite\",\"@id\":\"https:\\\/\\\/www.facecorner.lv\\\/#website\",\"url\":\"https:\\\/\\\/www.facecorner.lv\\\/\",\"name\":\"Facecorner\",\"description\":\"\",\"publisher\":{\"@id\":\"https:\\\/\\\/www.facecorner.lv\\\/#organization\"},\"potentialAction\":[{\"@type\":\"SearchAction\",\"target\":{\"@type\":\"EntryPoint\",\"urlTemplate\":\"https:\\\/\\\/www.facecorner.lv\\\/?s={search_term_string}\"},\"query-input\":{\"@type\":\"PropertyValueSpecification\",\"valueRequired\":true,\"valueName\":\"search_term_string\"}}],\"inLanguage\":\"lv-LV\"},{\"@type\":\"Organization\",\"@id\":\"https:\\\/\\\/www.facecorner.lv\\\/#organization\",\"name\":\"Facecorner\",\"url\":\"https:\\\/\\\/www.facecorner.lv\\\/\",\"logo\":{\"@type\":\"ImageObject\",\"inLanguage\":\"lv-LV\",\"@id\":\"https:\\\/\\\/www.facecorner.lv\\\/#\\\/schema\\\/logo\\\/image\\\/\",\"url\":\"https:\\\/\\\/www.facecorner.lv\\\/wp-content\\\/uploads\\\/2024\\\/04\\\/fc-logo.jpg\",\"contentUrl\":\"https:\\\/\\\/www.facecorner.lv\\\/wp-content\\\/uploads\\\/2024\\\/04\\\/fc-logo.jpg\",\"width\":174,\"height\":28,\"caption\":\"Facecorner\"},\"image\":{\"@id\":\"https:\\\/\\\/www.facecorner.lv\\\/#\\\/schema\\\/logo\\\/image\\\/\"},\"sameAs\":[\"https:\\\/\\\/www.facebook.com\\\/profile.php?id=100063824551839\",\"https:\\\/\\\/www.instagram.com\\\/facecorner_shop\\\/\"]}]}<\/script>\n<meta property=\"product:price:amount\" content=\"3.45\" \/>\n<meta property=\"product:price:currency\" content=\"EUR\" \/>\n<meta property=\"og:availability\" content=\"instock\" \/>\n<meta property=\"product:availability\" content=\"instock\" \/>\n<meta property=\"product:condition\" content=\"new\" \/>\n<!-- \/ Yoast SEO plugin. -->","yoast_head_json":{"title":"Mediheal Collagen Essential Mask auduma maska ar kolag\u0113nu - FACECORNER","description":"Mediheal Collagen Essential Mask auduma maska samazina grumbu skaitu un izl\u012bdzina \u0101das reljefu, nostiepina, mitrina, toniz\u0113 un uzlabo sejas kr\u0101su. Rezult\u0101ts: gluda un nostiepta \u0101da bez sausuma un lob\u012b\u0161an\u0101s.","robots":{"index":"index","follow":"follow","max-snippet":"max-snippet:-1","max-image-preview":"max-image-preview:large","max-video-preview":"max-video-preview:-1"},"canonical":"https:\/\/www.facecorner.lv\/lv\/shop\/mediheal-collagen-essential-mask-auduma-maska-ar-kolagenu\/","og_locale":"lv_LV","og_type":"article","og_title":"Mediheal Collagen Essential Mask auduma maska ar kolag\u0113nu - FACECORNER","og_description":"Mediheal Collagen Essential Mask auduma maska samazina grumbu skaitu un izl\u012bdzina \u0101das reljefu, nostiepina, mitrina, toniz\u0113 un uzlabo sejas kr\u0101su. Rezult\u0101ts: gluda un nostiepta \u0101da bez sausuma un lob\u012b\u0161an\u0101s.","og_url":"https:\/\/www.facecorner.lv\/lv\/shop\/mediheal-collagen-essential-mask-auduma-maska-ar-kolagenu\/","og_site_name":"FACECORNER","article_publisher":"https:\/\/www.facebook.com\/profile.php?id=100063824551839","article_modified_time":"2026-02-13T11:22:34+00:00","og_image":[{"width":550,"height":550,"url":"https:\/\/www.facecorner.lv\/wp-content\/uploads\/2026\/02\/1e6d932f006530c9d6ce96b02902faa9.jpg","type":"image\/jpeg"}],"twitter_card":"summary_large_image","twitter_misc":{"Price":"&euro;3.45","Availability":"In stock"},"schema":{"@context":"https:\/\/schema.org","@graph":[{"@type":"WebPage","@id":"https:\/\/www.facecorner.lv\/shop\/mediheal-collagen-essential-mask-auduma-maska-ar-kolagenu\/","url":"https:\/\/www.facecorner.lv\/shop\/mediheal-collagen-essential-mask-auduma-maska-ar-kolagenu\/","name":"Mediheal Collagen Essential Mask auduma maska ar kolag\u0113nu - FACECORNER","isPartOf":{"@id":"https:\/\/www.facecorner.lv\/#website"},"primaryImageOfPage":{"@id":"https:\/\/www.facecorner.lv\/shop\/mediheal-collagen-essential-mask-auduma-maska-ar-kolagenu\/#primaryimage"},"image":{"@id":"https:\/\/www.facecorner.lv\/shop\/mediheal-collagen-essential-mask-auduma-maska-ar-kolagenu\/#primaryimage"},"thumbnailUrl":"https:\/\/www.facecorner.lv\/wp-content\/uploads\/2026\/02\/1e6d932f006530c9d6ce96b02902faa9.jpg","datePublished":"2026-02-13T11:22:33+00:00","dateModified":"2026-02-13T11:22:34+00:00","description":"Mediheal Collagen Essential Mask auduma maska samazina grumbu skaitu un izl\u012bdzina \u0101das reljefu, nostiepina, mitrina, toniz\u0113 un uzlabo sejas kr\u0101su. Rezult\u0101ts: gluda un nostiepta \u0101da bez sausuma un lob\u012b\u0161an\u0101s.","breadcrumb":{"@id":"https:\/\/www.facecorner.lv\/shop\/mediheal-collagen-essential-mask-auduma-maska-ar-kolagenu\/#breadcrumb"},"inLanguage":"lv-LV","potentialAction":[{"@type":"ReadAction","target":["https:\/\/www.facecorner.lv\/shop\/mediheal-collagen-essential-mask-auduma-maska-ar-kolagenu\/"]}]},{"@type":"ImageObject","inLanguage":"lv-LV","@id":"https:\/\/www.facecorner.lv\/shop\/mediheal-collagen-essential-mask-auduma-maska-ar-kolagenu\/#primaryimage","url":"https:\/\/www.facecorner.lv\/wp-content\/uploads\/2026\/02\/1e6d932f006530c9d6ce96b02902faa9.jpg","contentUrl":"https:\/\/www.facecorner.lv\/wp-content\/uploads\/2026\/02\/1e6d932f006530c9d6ce96b02902faa9.jpg","width":550,"height":550,"caption":"Mediheal Collagen Essential Mask"},{"@type":"BreadcrumbList","@id":"https:\/\/www.facecorner.lv\/shop\/mediheal-collagen-essential-mask-auduma-maska-ar-kolagenu\/#breadcrumb","itemListElement":[{"@type":"ListItem","position":1,"name":"Home","item":"https:\/\/www.facecorner.lv\/"},{"@type":"ListItem","position":2,"name":"Veikals","item":"https:\/\/www.facecorner.lv\/shop\/"},{"@type":"ListItem","position":3,"name":"Mediheal Collagen Essential Mask auduma maska ar kolag\u0113nu"}]},{"@type":"WebSite","@id":"https:\/\/www.facecorner.lv\/#website","url":"https:\/\/www.facecorner.lv\/","name":"Facecorner","description":"","publisher":{"@id":"https:\/\/www.facecorner.lv\/#organization"},"potentialAction":[{"@type":"SearchAction","target":{"@type":"EntryPoint","urlTemplate":"https:\/\/www.facecorner.lv\/?s={search_term_string}"},"query-input":{"@type":"PropertyValueSpecification","valueRequired":true,"valueName":"search_term_string"}}],"inLanguage":"lv-LV"},{"@type":"Organization","@id":"https:\/\/www.facecorner.lv\/#organization","name":"Facecorner","url":"https:\/\/www.facecorner.lv\/","logo":{"@type":"ImageObject","inLanguage":"lv-LV","@id":"https:\/\/www.facecorner.lv\/#\/schema\/logo\/image\/","url":"https:\/\/www.facecorner.lv\/wp-content\/uploads\/2024\/04\/fc-logo.jpg","contentUrl":"https:\/\/www.facecorner.lv\/wp-content\/uploads\/2024\/04\/fc-logo.jpg","width":174,"height":28,"caption":"Facecorner"},"image":{"@id":"https:\/\/www.facecorner.lv\/#\/schema\/logo\/image\/"},"sameAs":["https:\/\/www.facebook.com\/profile.php?id=100063824551839","https:\/\/www.instagram.com\/facecorner_shop\/"]}]},"product_price_amount":"3.45","product_price_currency":"EUR","og_availability":"instock","product_availability":"instock","product_condition":"new"},"_links":{"self":[{"href":"https:\/\/www.facecorner.lv\/lv\/wp-json\/wp\/v2\/product\/26910","targetHints":{"allow":["GET"]}}],"collection":[{"href":"https:\/\/www.facecorner.lv\/lv\/wp-json\/wp\/v2\/product"}],"about":[{"href":"https:\/\/www.facecorner.lv\/lv\/wp-json\/wp\/v2\/types\/product"}],"replies":[{"embeddable":true,"href":"https:\/\/www.facecorner.lv\/lv\/wp-json\/wp\/v2\/comments?post=26910"}],"wp:featuredmedia":[{"embeddable":true,"href":"https:\/\/www.facecorner.lv\/lv\/wp-json\/wp\/v2\/media\/26911"}],"wp:attachment":[{"href":"https:\/\/www.facecorner.lv\/lv\/wp-json\/wp\/v2\/media?parent=26910"}],"wp:term":[{"taxonomy":"product_brand","embeddable":true,"href":"https:\/\/www.facecorner.lv\/lv\/wp-json\/wp\/v2\/product_brand?post=26910"},{"taxonomy":"product_cat","embeddable":true,"href":"https:\/\/www.facecorner.lv\/lv\/wp-json\/wp\/v2\/product_cat?post=26910"},{"taxonomy":"product_tag","embeddable":true,"href":"https:\/\/www.facecorner.lv\/lv\/wp-json\/wp\/v2\/product_tag?post=26910"},{"taxonomy":"berocket_brand","embeddable":true,"href":"https:\/\/www.facecorner.lv\/lv\/wp-json\/wp\/v2\/berocket_brand?post=26910"}],"curies":[{"name":"wp","href":"https:\/\/api.w.org\/{rel}","templated":true}]}}