{"id":26833,"date":"2026-02-06T16:26:14","date_gmt":"2026-02-06T13:26:14","guid":{"rendered":"https:\/\/www.facecorner.lv\/?post_type=product&#038;p=26833"},"modified":"2026-04-27T12:07:08","modified_gmt":"2026-04-27T09:07:08","slug":"centellian24-360o-shot-pdrn-active-serum-aktivs-serums-ar-pdrn-50ml","status":"publish","type":"product","link":"https:\/\/www.facecorner.lv\/lv\/shop\/centellian24-360o-shot-pdrn-active-serum-aktivs-serums-ar-pdrn-50ml\/","title":{"rendered":"Centellian24 360\u00ba Shot PDRN Active Serum akt\u012bvs serums ar PDRN 50ml"},"content":{"rendered":"<p>Centellian24 360\u00ba Shot PDRN Active Serum\u00a0 intens\u012bva akt\u012bv\u0101 seruma ar PDRN (polinukleot\u012bdiem) un mitrino\u0161u, nostiprino\u0161u un liftinga sast\u0101vda\u013cu kompleksu \u2014 elast\u012bgai, elast\u012bgai, mirdzo\u0161ai \u0101dai ar uzlabotu tekst\u016bru.<\/p>\n<p>Atbalsta \u0161\u016bnu atjauno\u0161anos, nostiprina \u0101das barjeru un akt\u012bvi c\u012bn\u0101s ar noveco\u0161an\u0101s paz\u012bm\u0113m.<\/p>\n<h6>K\u0101 produkts darbojas:<\/h6>\n<ul>\n<li>\u00a0Nostiprina un pacil\u0101 sejas \u0101du, ieskaitot zonas, kur\u0101s ir zaud\u0113ta elast\u012bba \u2014 pieri, vaigus, acu zonu un zodu.<\/li>\n<li>Atbalsta kolag\u0113na un elast\u012bna ra\u017eo\u0161anu.<\/li>\n<li>Intens\u012bvi mitrina un pal\u012bdz atjaunot boj\u0101to \u0101das barjeru.<\/li>\n<li>Izl\u012bdzina \u0101das toni un padara to glud\u0101ku.<\/li>\n<\/ul>\n<h6>Galven\u0101s akt\u012bv\u0101s sast\u0101vda\u013cas un to iedarb\u012bba:<\/h6>\n<p>&nbsp;<\/p>\n<ul>\n<li>PDRN (n\u0101trija DNS) \u2013 atbalsta \u0101das re\u0123ener\u0101cijas procesus, pal\u012bdz atjaunot \u0101du un uzlabot t\u0101s elast\u012bbu.<\/li>\n<li>Niacinam\u012bds (niacinam\u012bds) \u2013 uzlabo \u0101das toni, izgaismo un atbalsta barjeru.<\/li>\n<li>Hidroliz\u0113ts kolag\u0113ns un hidroliz\u0113ts elast\u012bns \u2013 mitrina un uzlabo elast\u012bbu.<\/li>\n<li>Ceramide NP \u2013 stiprina aizsargbarjeru un samazina mitruma zudumu.<\/li>\n<li>Pept\u012bdi (palmitoyl pentapeptide-4) \u2013 uztur elast\u012bbu un pal\u012bdz samazin\u0101t noveco\u0161an\u0101s paz\u012bmes.<\/li>\n<\/ul>\n<p><strong>Lieto\u0161anas veidi:<\/strong> Uzkl\u0101jiet serumu no r\u012bta un vakar\u0101 p\u0113c tonika uz att\u012br\u012btas sejas un kakla \u0101das, maigi izl\u012bdzinot no centra uz mal\u0101m, l\u012bdz tas piln\u012bb\u0101 ies\u016bcies.<\/p>\n<p><strong>Sast\u0101vs:<\/strong> Water (Aqua), Glycerin, Propanediol, Bis-PEG-18 Methyl Ether Dimethyl Silane, Methylpropanediol, Dipropylene Glycol, Glycereth-26, Butylene Glycol, Niacinamide, Methyl Gluceth-20, 1,2-Hexanediol, Raffinose, Cyclohexasiloxane, Pentylene Glycol, Trehalose, Dimethicone\/Vinyl Dimethicone Crosspolymer, Sodium DNA (PDRN), Lactobacillus Ferment, Acrylates\/C10-30 Alkyl Acrylate Crosspolymer, Curcuma Longa (Turmeric) Root Extract, Ceramide NP, Tromethamine, Glyceryl Polymethacrylate, Dioscorea Japonica Root Extract, Ethylhexylglycerin, Glycosyl Trehalose, Sodium Polyacrylate, PVM\/MA Copolymer, Hydrogenated Lecithin, Hydrolyzed Collagen, Hydrogenated Starch Hydrolysate, Xanthan Gum, Adenosine, Theobroma Cacao (Cocoa) Seed Extract, Dextrin, Hydrolyzed Elastin, Sucrose Distearate, Lecithin, Carbomer, Polyquaternium-51, Polysorbate 20, Glyceryl Stearate, BHT, Cyanocobalamin, Biosaccharide Gum-1, Tocopherol (Vitamin E), Palmitoyl Pentapeptide-4, Panax Ginseng Root Extract, Carnosine, Calendula Officinalis Flower Oil, Panax Ginseng Vesicles, Retinol.<\/p>\n","protected":false},"excerpt":{"rendered":"<p>Centellian24 360\u00ba Shot PDRN Active Serum\u00a0 intens\u012bva akt\u012bv\u0101 seruma ar PDRN (polinukleot\u012bdiem) un mitrino\u0161u, nostiprino\u0161u un liftinga sast\u0101vda\u013cu kompleksu \u2014 elast\u012bgai, elast\u012bgai, mirdzo\u0161ai \u0101dai ar uzlabotu tekst\u016bru.<\/p>\n","protected":false},"featured_media":26834,"comment_status":"open","ping_status":"closed","template":"","meta":{"site-sidebar-layout":"default","site-content-layout":"","ast-site-content-layout":"default","site-content-style":"default","site-sidebar-style":"default","ast-global-header-display":"","ast-banner-title-visibility":"","ast-main-header-display":"","ast-hfb-above-header-display":"","ast-hfb-below-header-display":"","ast-hfb-mobile-header-display":"","site-post-title":"","ast-breadcrumbs-content":"","ast-featured-img":"","footer-sml-layout":"","theme-transparent-header-meta":"default","adv-header-id-meta":"","stick-header-meta":"","header-above-stick-meta":"","header-main-stick-meta":"","header-below-stick-meta":"","astra-migrate-meta-layouts":"set","ast-page-background-enabled":"default","ast-page-background-meta":{"desktop":{"background-color":"var(--ast-global-color-4)","background-image":"","background-repeat":"repeat","background-position":"center center","background-size":"auto","background-attachment":"scroll","background-type":"","background-media":"","overlay-type":"","overlay-color":"","overlay-opacity":"","overlay-gradient":""},"tablet":{"background-color":"","background-image":"","background-repeat":"repeat","background-position":"center center","background-size":"auto","background-attachment":"scroll","background-type":"","background-media":"","overlay-type":"","overlay-color":"","overlay-opacity":"","overlay-gradient":""},"mobile":{"background-color":"","background-image":"","background-repeat":"repeat","background-position":"center center","background-size":"auto","background-attachment":"scroll","background-type":"","background-media":"","overlay-type":"","overlay-color":"","overlay-opacity":"","overlay-gradient":""}},"ast-content-background-meta":{"desktop":{"background-color":"var(--ast-global-color-5)","background-image":"","background-repeat":"repeat","background-position":"center center","background-size":"auto","background-attachment":"scroll","background-type":"","background-media":"","overlay-type":"","overlay-color":"","overlay-opacity":"","overlay-gradient":""},"tablet":{"background-color":"var(--ast-global-color-5)","background-image":"","background-repeat":"repeat","background-position":"center center","background-size":"auto","background-attachment":"scroll","background-type":"","background-media":"","overlay-type":"","overlay-color":"","overlay-opacity":"","overlay-gradient":""},"mobile":{"background-color":"var(--ast-global-color-5)","background-image":"","background-repeat":"repeat","background-position":"center center","background-size":"auto","background-attachment":"scroll","background-type":"","background-media":"","overlay-type":"","overlay-color":"","overlay-opacity":"","overlay-gradient":""}}},"product_brand":[676],"product_cat":[370,371,652,363],"product_tag":[],"berocket_brand":[682],"class_list":{"0":"post-26833","1":"product","2":"type-product","3":"status-publish","4":"has-post-thumbnail","6":"product_brand-centellian24","7":"product_cat-adas-mirdzumam","8":"product_cat-anti-age","9":"product_cat-pdrn","10":"product_cat-serumi","11":"berocket_brand-centellian24","12":"desktop-align-left","13":"tablet-align-left","14":"mobile-align-left","16":"first","17":"outofstock","18":"taxable","19":"shipping-taxable","20":"purchasable","21":"product-type-simple","22":"add-to-wishlist-before_image"},"yoast_head":"<!-- This site is optimized with the Yoast SEO plugin v27.4 - https:\/\/yoast.com\/product\/yoast-seo-wordpress\/ -->\n<title>Centellian24 360\u00ba Shot PDRN Active Serum akt\u012bvs serums ar PDRN 50ml - FACECORNER<\/title>\n<meta name=\"description\" content=\"Centellian24 360\u00ba Shot PDRN Active Serum\u00a0 intens\u012bva akt\u012bv\u0101 seruma ar PDRN (polinukleot\u012bdiem) un mitrino\u0161u, nostiprino\u0161u un liftinga sast\u0101vda\u013cu kompleksu \u2014 elast\u012bgai, elast\u012bgai, mirdzo\u0161ai \u0101dai ar uzlabotu tekst\u016bru.\" \/>\n<meta name=\"robots\" content=\"index, follow, max-snippet:-1, max-image-preview:large, max-video-preview:-1\" \/>\n<link rel=\"canonical\" href=\"https:\/\/www.facecorner.lv\/lv\/shop\/centellian24-360o-shot-pdrn-active-serum-aktivs-serums-ar-pdrn-50ml\/\" \/>\n<meta property=\"og:locale\" content=\"lv_LV\" \/>\n<meta property=\"og:type\" content=\"article\" \/>\n<meta property=\"og:title\" content=\"Centellian24 360\u00ba Shot PDRN Active Serum akt\u012bvs serums ar PDRN 50ml - FACECORNER\" \/>\n<meta property=\"og:description\" content=\"Centellian24 360\u00ba Shot PDRN Active Serum\u00a0 intens\u012bva akt\u012bv\u0101 seruma ar PDRN (polinukleot\u012bdiem) un mitrino\u0161u, nostiprino\u0161u un liftinga sast\u0101vda\u013cu kompleksu \u2014 elast\u012bgai, elast\u012bgai, mirdzo\u0161ai \u0101dai ar uzlabotu tekst\u016bru.\" \/>\n<meta property=\"og:url\" content=\"https:\/\/www.facecorner.lv\/lv\/shop\/centellian24-360o-shot-pdrn-active-serum-aktivs-serums-ar-pdrn-50ml\/\" \/>\n<meta property=\"og:site_name\" content=\"FACECORNER\" \/>\n<meta property=\"article:publisher\" content=\"https:\/\/www.facebook.com\/profile.php?id=100063824551839\" \/>\n<meta property=\"article:modified_time\" content=\"2026-04-27T09:07:08+00:00\" \/>\n<meta property=\"og:image\" content=\"https:\/\/www.facecorner.lv\/wp-content\/uploads\/2026\/02\/hollyshop-_-2025_05_07T115347.802-_1_-_1_.jpg\" \/>\n\t<meta property=\"og:image:width\" content=\"1000\" \/>\n\t<meta property=\"og:image:height\" content=\"1000\" \/>\n\t<meta property=\"og:image:type\" content=\"image\/jpeg\" \/>\n<meta name=\"twitter:card\" content=\"summary_large_image\" \/>\n<meta name=\"twitter:label1\" content=\"Price\" \/>\n\t<meta name=\"twitter:data1\" content=\"&euro;29.95\" \/>\n\t<meta name=\"twitter:label2\" content=\"Availability\" \/>\n\t<meta name=\"twitter:data2\" content=\"Out of stock\" \/>\n<script type=\"application\/ld+json\" class=\"yoast-schema-graph\">{\"@context\":\"https:\\\/\\\/schema.org\",\"@graph\":[{\"@type\":\"WebPage\",\"@id\":\"https:\\\/\\\/www.facecorner.lv\\\/shop\\\/centellian24-360o-shot-pdrn-active-serum-aktivs-serums-ar-pdrn-50ml\\\/\",\"url\":\"https:\\\/\\\/www.facecorner.lv\\\/shop\\\/centellian24-360o-shot-pdrn-active-serum-aktivs-serums-ar-pdrn-50ml\\\/\",\"name\":\"Centellian24 360\u00ba Shot PDRN Active Serum akt\u012bvs serums ar PDRN 50ml - FACECORNER\",\"isPartOf\":{\"@id\":\"https:\\\/\\\/www.facecorner.lv\\\/#website\"},\"primaryImageOfPage\":{\"@id\":\"https:\\\/\\\/www.facecorner.lv\\\/shop\\\/centellian24-360o-shot-pdrn-active-serum-aktivs-serums-ar-pdrn-50ml\\\/#primaryimage\"},\"image\":{\"@id\":\"https:\\\/\\\/www.facecorner.lv\\\/shop\\\/centellian24-360o-shot-pdrn-active-serum-aktivs-serums-ar-pdrn-50ml\\\/#primaryimage\"},\"thumbnailUrl\":\"https:\\\/\\\/www.facecorner.lv\\\/wp-content\\\/uploads\\\/2026\\\/02\\\/hollyshop-_-2025_05_07T115347.802-_1_-_1_.jpg\",\"datePublished\":\"2026-02-06T13:26:14+00:00\",\"dateModified\":\"2026-04-27T09:07:08+00:00\",\"description\":\"Centellian24 360\u00ba Shot PDRN Active Serum\u00a0 intens\u012bva akt\u012bv\u0101 seruma ar PDRN (polinukleot\u012bdiem) un mitrino\u0161u, nostiprino\u0161u un liftinga sast\u0101vda\u013cu kompleksu \u2014 elast\u012bgai, elast\u012bgai, mirdzo\u0161ai \u0101dai ar uzlabotu tekst\u016bru.\",\"breadcrumb\":{\"@id\":\"https:\\\/\\\/www.facecorner.lv\\\/shop\\\/centellian24-360o-shot-pdrn-active-serum-aktivs-serums-ar-pdrn-50ml\\\/#breadcrumb\"},\"inLanguage\":\"lv-LV\",\"potentialAction\":[{\"@type\":\"ReadAction\",\"target\":[\"https:\\\/\\\/www.facecorner.lv\\\/shop\\\/centellian24-360o-shot-pdrn-active-serum-aktivs-serums-ar-pdrn-50ml\\\/\"]}]},{\"@type\":\"ImageObject\",\"inLanguage\":\"lv-LV\",\"@id\":\"https:\\\/\\\/www.facecorner.lv\\\/shop\\\/centellian24-360o-shot-pdrn-active-serum-aktivs-serums-ar-pdrn-50ml\\\/#primaryimage\",\"url\":\"https:\\\/\\\/www.facecorner.lv\\\/wp-content\\\/uploads\\\/2026\\\/02\\\/hollyshop-_-2025_05_07T115347.802-_1_-_1_.jpg\",\"contentUrl\":\"https:\\\/\\\/www.facecorner.lv\\\/wp-content\\\/uploads\\\/2026\\\/02\\\/hollyshop-_-2025_05_07T115347.802-_1_-_1_.jpg\",\"width\":1000,\"height\":1000,\"caption\":\"Centellian24 360\u00ba Shot PDRN Active Serum\"},{\"@type\":\"BreadcrumbList\",\"@id\":\"https:\\\/\\\/www.facecorner.lv\\\/shop\\\/centellian24-360o-shot-pdrn-active-serum-aktivs-serums-ar-pdrn-50ml\\\/#breadcrumb\",\"itemListElement\":[{\"@type\":\"ListItem\",\"position\":1,\"name\":\"Home\",\"item\":\"https:\\\/\\\/www.facecorner.lv\\\/\"},{\"@type\":\"ListItem\",\"position\":2,\"name\":\"Veikals\",\"item\":\"https:\\\/\\\/www.facecorner.lv\\\/shop\\\/\"},{\"@type\":\"ListItem\",\"position\":3,\"name\":\"Centellian24 360\u00ba Shot PDRN Active Serum akt\u012bvs serums ar PDRN 50ml\"}]},{\"@type\":\"WebSite\",\"@id\":\"https:\\\/\\\/www.facecorner.lv\\\/#website\",\"url\":\"https:\\\/\\\/www.facecorner.lv\\\/\",\"name\":\"Facecorner\",\"description\":\"\",\"publisher\":{\"@id\":\"https:\\\/\\\/www.facecorner.lv\\\/#organization\"},\"potentialAction\":[{\"@type\":\"SearchAction\",\"target\":{\"@type\":\"EntryPoint\",\"urlTemplate\":\"https:\\\/\\\/www.facecorner.lv\\\/?s={search_term_string}\"},\"query-input\":{\"@type\":\"PropertyValueSpecification\",\"valueRequired\":true,\"valueName\":\"search_term_string\"}}],\"inLanguage\":\"lv-LV\"},{\"@type\":\"Organization\",\"@id\":\"https:\\\/\\\/www.facecorner.lv\\\/#organization\",\"name\":\"Facecorner\",\"url\":\"https:\\\/\\\/www.facecorner.lv\\\/\",\"logo\":{\"@type\":\"ImageObject\",\"inLanguage\":\"lv-LV\",\"@id\":\"https:\\\/\\\/www.facecorner.lv\\\/#\\\/schema\\\/logo\\\/image\\\/\",\"url\":\"https:\\\/\\\/www.facecorner.lv\\\/wp-content\\\/uploads\\\/2024\\\/04\\\/fc-logo.jpg\",\"contentUrl\":\"https:\\\/\\\/www.facecorner.lv\\\/wp-content\\\/uploads\\\/2024\\\/04\\\/fc-logo.jpg\",\"width\":174,\"height\":28,\"caption\":\"Facecorner\"},\"image\":{\"@id\":\"https:\\\/\\\/www.facecorner.lv\\\/#\\\/schema\\\/logo\\\/image\\\/\"},\"sameAs\":[\"https:\\\/\\\/www.facebook.com\\\/profile.php?id=100063824551839\",\"https:\\\/\\\/www.instagram.com\\\/facecorner_shop\\\/\"]}]}<\/script>\n<meta property=\"product:brand\" content=\"Centellian24\" \/>\n<meta property=\"product:price:amount\" content=\"29.95\" \/>\n<meta property=\"product:price:currency\" content=\"EUR\" \/>\n<meta property=\"og:availability\" content=\"out of stock\" \/>\n<meta property=\"product:availability\" content=\"out of stock\" \/>\n<meta property=\"product:condition\" content=\"new\" \/>\n<!-- \/ Yoast SEO plugin. -->","yoast_head_json":{"title":"Centellian24 360\u00ba Shot PDRN Active Serum akt\u012bvs serums ar PDRN 50ml - FACECORNER","description":"Centellian24 360\u00ba Shot PDRN Active Serum\u00a0 intens\u012bva akt\u012bv\u0101 seruma ar PDRN (polinukleot\u012bdiem) un mitrino\u0161u, nostiprino\u0161u un liftinga sast\u0101vda\u013cu kompleksu \u2014 elast\u012bgai, elast\u012bgai, mirdzo\u0161ai \u0101dai ar uzlabotu tekst\u016bru.","robots":{"index":"index","follow":"follow","max-snippet":"max-snippet:-1","max-image-preview":"max-image-preview:large","max-video-preview":"max-video-preview:-1"},"canonical":"https:\/\/www.facecorner.lv\/lv\/shop\/centellian24-360o-shot-pdrn-active-serum-aktivs-serums-ar-pdrn-50ml\/","og_locale":"lv_LV","og_type":"article","og_title":"Centellian24 360\u00ba Shot PDRN Active Serum akt\u012bvs serums ar PDRN 50ml - FACECORNER","og_description":"Centellian24 360\u00ba Shot PDRN Active Serum\u00a0 intens\u012bva akt\u012bv\u0101 seruma ar PDRN (polinukleot\u012bdiem) un mitrino\u0161u, nostiprino\u0161u un liftinga sast\u0101vda\u013cu kompleksu \u2014 elast\u012bgai, elast\u012bgai, mirdzo\u0161ai \u0101dai ar uzlabotu tekst\u016bru.","og_url":"https:\/\/www.facecorner.lv\/lv\/shop\/centellian24-360o-shot-pdrn-active-serum-aktivs-serums-ar-pdrn-50ml\/","og_site_name":"FACECORNER","article_publisher":"https:\/\/www.facebook.com\/profile.php?id=100063824551839","article_modified_time":"2026-04-27T09:07:08+00:00","og_image":[{"width":1000,"height":1000,"url":"https:\/\/www.facecorner.lv\/wp-content\/uploads\/2026\/02\/hollyshop-_-2025_05_07T115347.802-_1_-_1_.jpg","type":"image\/jpeg"}],"twitter_card":"summary_large_image","twitter_misc":{"Price":"&euro;29.95","Availability":"Out of stock"},"schema":{"@context":"https:\/\/schema.org","@graph":[{"@type":"WebPage","@id":"https:\/\/www.facecorner.lv\/shop\/centellian24-360o-shot-pdrn-active-serum-aktivs-serums-ar-pdrn-50ml\/","url":"https:\/\/www.facecorner.lv\/shop\/centellian24-360o-shot-pdrn-active-serum-aktivs-serums-ar-pdrn-50ml\/","name":"Centellian24 360\u00ba Shot PDRN Active Serum akt\u012bvs serums ar PDRN 50ml - FACECORNER","isPartOf":{"@id":"https:\/\/www.facecorner.lv\/#website"},"primaryImageOfPage":{"@id":"https:\/\/www.facecorner.lv\/shop\/centellian24-360o-shot-pdrn-active-serum-aktivs-serums-ar-pdrn-50ml\/#primaryimage"},"image":{"@id":"https:\/\/www.facecorner.lv\/shop\/centellian24-360o-shot-pdrn-active-serum-aktivs-serums-ar-pdrn-50ml\/#primaryimage"},"thumbnailUrl":"https:\/\/www.facecorner.lv\/wp-content\/uploads\/2026\/02\/hollyshop-_-2025_05_07T115347.802-_1_-_1_.jpg","datePublished":"2026-02-06T13:26:14+00:00","dateModified":"2026-04-27T09:07:08+00:00","description":"Centellian24 360\u00ba Shot PDRN Active Serum\u00a0 intens\u012bva akt\u012bv\u0101 seruma ar PDRN (polinukleot\u012bdiem) un mitrino\u0161u, nostiprino\u0161u un liftinga sast\u0101vda\u013cu kompleksu \u2014 elast\u012bgai, elast\u012bgai, mirdzo\u0161ai \u0101dai ar uzlabotu tekst\u016bru.","breadcrumb":{"@id":"https:\/\/www.facecorner.lv\/shop\/centellian24-360o-shot-pdrn-active-serum-aktivs-serums-ar-pdrn-50ml\/#breadcrumb"},"inLanguage":"lv-LV","potentialAction":[{"@type":"ReadAction","target":["https:\/\/www.facecorner.lv\/shop\/centellian24-360o-shot-pdrn-active-serum-aktivs-serums-ar-pdrn-50ml\/"]}]},{"@type":"ImageObject","inLanguage":"lv-LV","@id":"https:\/\/www.facecorner.lv\/shop\/centellian24-360o-shot-pdrn-active-serum-aktivs-serums-ar-pdrn-50ml\/#primaryimage","url":"https:\/\/www.facecorner.lv\/wp-content\/uploads\/2026\/02\/hollyshop-_-2025_05_07T115347.802-_1_-_1_.jpg","contentUrl":"https:\/\/www.facecorner.lv\/wp-content\/uploads\/2026\/02\/hollyshop-_-2025_05_07T115347.802-_1_-_1_.jpg","width":1000,"height":1000,"caption":"Centellian24 360\u00ba Shot PDRN Active Serum"},{"@type":"BreadcrumbList","@id":"https:\/\/www.facecorner.lv\/shop\/centellian24-360o-shot-pdrn-active-serum-aktivs-serums-ar-pdrn-50ml\/#breadcrumb","itemListElement":[{"@type":"ListItem","position":1,"name":"Home","item":"https:\/\/www.facecorner.lv\/"},{"@type":"ListItem","position":2,"name":"Veikals","item":"https:\/\/www.facecorner.lv\/shop\/"},{"@type":"ListItem","position":3,"name":"Centellian24 360\u00ba Shot PDRN Active Serum akt\u012bvs serums ar PDRN 50ml"}]},{"@type":"WebSite","@id":"https:\/\/www.facecorner.lv\/#website","url":"https:\/\/www.facecorner.lv\/","name":"Facecorner","description":"","publisher":{"@id":"https:\/\/www.facecorner.lv\/#organization"},"potentialAction":[{"@type":"SearchAction","target":{"@type":"EntryPoint","urlTemplate":"https:\/\/www.facecorner.lv\/?s={search_term_string}"},"query-input":{"@type":"PropertyValueSpecification","valueRequired":true,"valueName":"search_term_string"}}],"inLanguage":"lv-LV"},{"@type":"Organization","@id":"https:\/\/www.facecorner.lv\/#organization","name":"Facecorner","url":"https:\/\/www.facecorner.lv\/","logo":{"@type":"ImageObject","inLanguage":"lv-LV","@id":"https:\/\/www.facecorner.lv\/#\/schema\/logo\/image\/","url":"https:\/\/www.facecorner.lv\/wp-content\/uploads\/2024\/04\/fc-logo.jpg","contentUrl":"https:\/\/www.facecorner.lv\/wp-content\/uploads\/2024\/04\/fc-logo.jpg","width":174,"height":28,"caption":"Facecorner"},"image":{"@id":"https:\/\/www.facecorner.lv\/#\/schema\/logo\/image\/"},"sameAs":["https:\/\/www.facebook.com\/profile.php?id=100063824551839","https:\/\/www.instagram.com\/facecorner_shop\/"]}]},"product_brand":"Centellian24","product_price_amount":"29.95","product_price_currency":"EUR","og_availability":"out of stock","product_availability":"out of stock","product_condition":"new"},"_links":{"self":[{"href":"https:\/\/www.facecorner.lv\/lv\/wp-json\/wp\/v2\/product\/26833","targetHints":{"allow":["GET"]}}],"collection":[{"href":"https:\/\/www.facecorner.lv\/lv\/wp-json\/wp\/v2\/product"}],"about":[{"href":"https:\/\/www.facecorner.lv\/lv\/wp-json\/wp\/v2\/types\/product"}],"replies":[{"embeddable":true,"href":"https:\/\/www.facecorner.lv\/lv\/wp-json\/wp\/v2\/comments?post=26833"}],"wp:featuredmedia":[{"embeddable":true,"href":"https:\/\/www.facecorner.lv\/lv\/wp-json\/wp\/v2\/media\/26834"}],"wp:attachment":[{"href":"https:\/\/www.facecorner.lv\/lv\/wp-json\/wp\/v2\/media?parent=26833"}],"wp:term":[{"taxonomy":"product_brand","embeddable":true,"href":"https:\/\/www.facecorner.lv\/lv\/wp-json\/wp\/v2\/product_brand?post=26833"},{"taxonomy":"product_cat","embeddable":true,"href":"https:\/\/www.facecorner.lv\/lv\/wp-json\/wp\/v2\/product_cat?post=26833"},{"taxonomy":"product_tag","embeddable":true,"href":"https:\/\/www.facecorner.lv\/lv\/wp-json\/wp\/v2\/product_tag?post=26833"},{"taxonomy":"berocket_brand","embeddable":true,"href":"https:\/\/www.facecorner.lv\/lv\/wp-json\/wp\/v2\/berocket_brand?post=26833"}],"curies":[{"name":"wp","href":"https:\/\/api.w.org\/{rel}","templated":true}]}}