{"id":26830,"date":"2026-02-06T16:03:58","date_gmt":"2026-02-06T13:03:58","guid":{"rendered":"https:\/\/www.facecorner.lv\/?post_type=product&#038;p=26830"},"modified":"2026-02-25T16:24:27","modified_gmt":"2026-02-25T13:24:27","slug":"centellian24-360o-shot-pdrn-glowing-eye-patch-hidrogela-patci-1ea","status":"publish","type":"product","link":"https:\/\/www.facecorner.lv\/lv\/shop\/centellian24-360o-shot-pdrn-glowing-eye-patch-hidrogela-patci-1ea\/","title":{"rendered":"Centellian24 360\u00ba Shot PDRN Glowing Eye Patch hidrog\u0113la pat\u010di 1ea"},"content":{"rendered":"<p>Centellian24 360\u00ba Shot PDRN Glowing Eye Patch intens\u012bvi hidrog\u0113la pat\u010di acu zonai ar inovat\u012bvo formulu 360\u00ba Shot un PDRN \u2014 jau p\u0113c pirm\u0101s lieto\u0161anas reizes acis izskat\u0101s iev\u0113rojami svaig\u0101kas, mirdzo\u0161\u0101kas un atp\u016btu\u0161\u0101kas.<\/p>\n<ul>\n<li>PDRN komplekss<br \/>\nPal\u012bdz uztur\u0113t \u0101das atjauno\u0161an\u0101s procesus, uzlabo t\u0101s elast\u012bbu un elast\u012bgumu, veicina s\u012bko grumbu izl\u012bdzin\u0101\u0161anu.<\/li>\n<li>360\u00ba Shot kop\u0161ana<br \/>\nDaudzpak\u0101pju iedarb\u012bba ir v\u0113rsta uz mitrin\u0101\u0161anu, baro\u0161anu un dabiskas mirdzuma pie\u0161\u0137ir\u0161anu visai zonai ap ac\u012bm \u2014 no iek\u0161\u0113j\u0101 st\u016br\u012b\u0161a l\u012bdz \u0101r\u0113jam malai.<\/li>\n<\/ul>\n<h6>Kam tas ir piem\u0113rots?<\/h6>\n<ul>\n<li>Ja ir redzami noguruma un \u0101das bl\u0101vuma paz\u012bmes.<\/li>\n<li>Ja par\u0101d\u0101s s\u012bkas grumbi\u0146as.<\/li>\n<li>Ja \u0101da ir sausa un dehidr\u0113ta.<\/li>\n<li>\u0100trai \u0101das kop\u0161anai pirms svar\u012bga notikuma.<\/li>\n<\/ul>\n<p><strong>Lieto\u0161anas :<\/strong> Uzkl\u0101jiet pl\u0101ksterus uz att\u012br\u012btas un toniz\u0113tas \u0101das zem ac\u012bm. Atst\u0101jiet uz 15\u201320 min\u016bt\u0113m, p\u0113c tam uzman\u012bgi no\u0146emiet un izl\u012bdziniet esences atlikumus ar viegliem piesk\u0101rieniem.<\/p>\n<p><strong>Sast\u0101vs:<\/strong> Water\/Aqua, Glycerin, Niacinamide, Agar, Butylene Glycol, Cetyl Ethylhexanoate, Dipropylene Glycol, Caprylyl\/Capryl Glucoside, Hydroxyacetophenone, Squalane, Chondrus Crispus Extract, Glucomannan, Caprylyl Glycol, Ascophyllum Nodosum Extract, Cellulose Gum, Epilobium Angustifolium Flower\/Leaf\/Stem Extract, 1,2-Hexanediol, Mica, Calcium Lactate, Titanium Dioxide (CI 77891), Calcium Aluminum Borosilicate, Adenosine, Ultramarines (CI 77007), Synthetic Fluorphlogopite, Maltodextrin, Iron Oxide Red (CI 77491), Tetrasodium Glutamate Diacetate, Sodium Hyaluronate, Sodium DNA, Caffeine, Menthoxypropanediol, Glutathione, Dimethyl Isosorbide, Asiaticoside, Madecassic Acid, Asiatic Acid, Dipotassium Glycyrrhizate, Ethylhexylglycerin, Hydroxypinacolone Retinoate, Tin Oxide, Centella Asiatica Extract, Hydrogenated Lecithin, Potassium Hyaluronate, Glycine Soja (Soybean) Sterols, Xanthan Gum, Solanum Lycopersicum (Tomato) Fruit Extract, Retinol, Hydrolyzed Sodium Hyaluronate, Hyaluronic Acid, Sodium Acetylated Hyaluronate, Acetyl Hexapeptide-1, Nelumbo Nucifera Leaf Extract.<\/p>\n","protected":false},"excerpt":{"rendered":"<p>Centellian24 360\u00ba Shot PDRN Glowing Eye Patch intens\u012bvi hidrog\u0113la pat\u010di acu zonai ar inovat\u012bvo formulu 360\u00ba Shot un PDRN \u2014 jau p\u0113c pirm\u0101s lieto\u0161anas reizes acis izskat\u0101s iev\u0113rojami svaig\u0101kas, mirdzo\u0161\u0101kas un atp\u016btu\u0161\u0101kas.<\/p>\n","protected":false},"featured_media":26831,"comment_status":"open","ping_status":"closed","template":"","meta":{"site-sidebar-layout":"default","site-content-layout":"","ast-site-content-layout":"default","site-content-style":"default","site-sidebar-style":"default","ast-global-header-display":"","ast-banner-title-visibility":"","ast-main-header-display":"","ast-hfb-above-header-display":"","ast-hfb-below-header-display":"","ast-hfb-mobile-header-display":"","site-post-title":"","ast-breadcrumbs-content":"","ast-featured-img":"","footer-sml-layout":"","theme-transparent-header-meta":"default","adv-header-id-meta":"","stick-header-meta":"","header-above-stick-meta":"","header-main-stick-meta":"","header-below-stick-meta":"","astra-migrate-meta-layouts":"set","ast-page-background-enabled":"default","ast-page-background-meta":{"desktop":{"background-color":"var(--ast-global-color-4)","background-image":"","background-repeat":"repeat","background-position":"center center","background-size":"auto","background-attachment":"scroll","background-type":"","background-media":"","overlay-type":"","overlay-color":"","overlay-opacity":"","overlay-gradient":""},"tablet":{"background-color":"","background-image":"","background-repeat":"repeat","background-position":"center center","background-size":"auto","background-attachment":"scroll","background-type":"","background-media":"","overlay-type":"","overlay-color":"","overlay-opacity":"","overlay-gradient":""},"mobile":{"background-color":"","background-image":"","background-repeat":"repeat","background-position":"center center","background-size":"auto","background-attachment":"scroll","background-type":"","background-media":"","overlay-type":"","overlay-color":"","overlay-opacity":"","overlay-gradient":""}},"ast-content-background-meta":{"desktop":{"background-color":"var(--ast-global-color-5)","background-image":"","background-repeat":"repeat","background-position":"center center","background-size":"auto","background-attachment":"scroll","background-type":"","background-media":"","overlay-type":"","overlay-color":"","overlay-opacity":"","overlay-gradient":""},"tablet":{"background-color":"var(--ast-global-color-5)","background-image":"","background-repeat":"repeat","background-position":"center center","background-size":"auto","background-attachment":"scroll","background-type":"","background-media":"","overlay-type":"","overlay-color":"","overlay-opacity":"","overlay-gradient":""},"mobile":{"background-color":"var(--ast-global-color-5)","background-image":"","background-repeat":"repeat","background-position":"center center","background-size":"auto","background-attachment":"scroll","background-type":"","background-media":"","overlay-type":"","overlay-color":"","overlay-opacity":"","overlay-gradient":""}}},"product_brand":[676],"product_cat":[435],"product_tag":[],"berocket_brand":[682],"class_list":{"0":"post-26830","1":"product","2":"type-product","3":"status-publish","4":"has-post-thumbnail","6":"product_brand-centellian24","7":"product_cat-jaunumi","8":"berocket_brand-centellian24","9":"desktop-align-left","10":"tablet-align-left","11":"mobile-align-left","13":"first","14":"outofstock","15":"taxable","16":"shipping-taxable","17":"purchasable","18":"product-type-simple","19":"add-to-wishlist-before_image"},"yoast_head":"<!-- This site is optimized with the Yoast SEO plugin v27.3 - https:\/\/yoast.com\/product\/yoast-seo-wordpress\/ -->\n<title>Centellian24 360\u00ba Shot PDRN Glowing Eye Patch hidrog\u0113la pat\u010di 1ea - FACECORNER<\/title>\n<meta name=\"description\" content=\"Centellian24 360\u00ba Shot PDRN Glowing Eye Patch intens\u012bvi hidrog\u0113la pat\u010di acu zonai ar inovat\u012bvo formulu 360\u00ba Shot un PDRN \u2014 jau p\u0113c pirm\u0101s lieto\u0161anas reizes acis izskat\u0101s iev\u0113rojami svaig\u0101kas, mirdzo\u0161\u0101kas un atp\u016btu\u0161\u0101kas.\" \/>\n<meta name=\"robots\" content=\"index, follow, max-snippet:-1, max-image-preview:large, max-video-preview:-1\" \/>\n<link rel=\"canonical\" href=\"https:\/\/www.facecorner.lv\/lv\/shop\/centellian24-360o-shot-pdrn-glowing-eye-patch-hidrogela-patci-1ea\/\" \/>\n<meta property=\"og:locale\" content=\"lv_LV\" \/>\n<meta property=\"og:type\" content=\"article\" \/>\n<meta property=\"og:title\" content=\"Centellian24 360\u00ba Shot PDRN Glowing Eye Patch hidrog\u0113la pat\u010di 1ea - FACECORNER\" \/>\n<meta property=\"og:description\" content=\"Centellian24 360\u00ba Shot PDRN Glowing Eye Patch intens\u012bvi hidrog\u0113la pat\u010di acu zonai ar inovat\u012bvo formulu 360\u00ba Shot un PDRN \u2014 jau p\u0113c pirm\u0101s lieto\u0161anas reizes acis izskat\u0101s iev\u0113rojami svaig\u0101kas, mirdzo\u0161\u0101kas un atp\u016btu\u0161\u0101kas.\" \/>\n<meta property=\"og:url\" content=\"https:\/\/www.facecorner.lv\/lv\/shop\/centellian24-360o-shot-pdrn-glowing-eye-patch-hidrogela-patci-1ea\/\" \/>\n<meta property=\"og:site_name\" content=\"FACECORNER\" \/>\n<meta property=\"article:publisher\" content=\"https:\/\/www.facebook.com\/profile.php?id=100063824551839\" \/>\n<meta property=\"article:modified_time\" content=\"2026-02-25T13:24:27+00:00\" \/>\n<meta property=\"og:image\" content=\"https:\/\/www.facecorner.lv\/wp-content\/uploads\/2026\/02\/XXL_p0223275162.webp\" \/>\n\t<meta property=\"og:image:width\" content=\"640\" \/>\n\t<meta property=\"og:image:height\" content=\"640\" \/>\n\t<meta property=\"og:image:type\" content=\"image\/webp\" \/>\n<meta name=\"twitter:card\" content=\"summary_large_image\" \/>\n<meta name=\"twitter:label1\" content=\"Price\" \/>\n\t<meta name=\"twitter:data1\" content=\"&euro;3.70\" \/>\n\t<meta name=\"twitter:label2\" content=\"Availability\" \/>\n\t<meta name=\"twitter:data2\" content=\"Out of stock\" \/>\n<script type=\"application\/ld+json\" class=\"yoast-schema-graph\">{\"@context\":\"https:\\\/\\\/schema.org\",\"@graph\":[{\"@type\":\"WebPage\",\"@id\":\"https:\\\/\\\/www.facecorner.lv\\\/shop\\\/centellian24-360o-shot-pdrn-glowing-eye-patch-hidrogela-patci-1ea\\\/\",\"url\":\"https:\\\/\\\/www.facecorner.lv\\\/shop\\\/centellian24-360o-shot-pdrn-glowing-eye-patch-hidrogela-patci-1ea\\\/\",\"name\":\"Centellian24 360\u00ba Shot PDRN Glowing Eye Patch hidrog\u0113la pat\u010di 1ea - FACECORNER\",\"isPartOf\":{\"@id\":\"https:\\\/\\\/www.facecorner.lv\\\/#website\"},\"primaryImageOfPage\":{\"@id\":\"https:\\\/\\\/www.facecorner.lv\\\/shop\\\/centellian24-360o-shot-pdrn-glowing-eye-patch-hidrogela-patci-1ea\\\/#primaryimage\"},\"image\":{\"@id\":\"https:\\\/\\\/www.facecorner.lv\\\/shop\\\/centellian24-360o-shot-pdrn-glowing-eye-patch-hidrogela-patci-1ea\\\/#primaryimage\"},\"thumbnailUrl\":\"https:\\\/\\\/www.facecorner.lv\\\/wp-content\\\/uploads\\\/2026\\\/02\\\/XXL_p0223275162.webp\",\"datePublished\":\"2026-02-06T13:03:58+00:00\",\"dateModified\":\"2026-02-25T13:24:27+00:00\",\"description\":\"Centellian24 360\u00ba Shot PDRN Glowing Eye Patch intens\u012bvi hidrog\u0113la pat\u010di acu zonai ar inovat\u012bvo formulu 360\u00ba Shot un PDRN \u2014 jau p\u0113c pirm\u0101s lieto\u0161anas reizes acis izskat\u0101s iev\u0113rojami svaig\u0101kas, mirdzo\u0161\u0101kas un atp\u016btu\u0161\u0101kas.\",\"breadcrumb\":{\"@id\":\"https:\\\/\\\/www.facecorner.lv\\\/shop\\\/centellian24-360o-shot-pdrn-glowing-eye-patch-hidrogela-patci-1ea\\\/#breadcrumb\"},\"inLanguage\":\"lv-LV\",\"potentialAction\":[{\"@type\":\"ReadAction\",\"target\":[\"https:\\\/\\\/www.facecorner.lv\\\/shop\\\/centellian24-360o-shot-pdrn-glowing-eye-patch-hidrogela-patci-1ea\\\/\"]}]},{\"@type\":\"ImageObject\",\"inLanguage\":\"lv-LV\",\"@id\":\"https:\\\/\\\/www.facecorner.lv\\\/shop\\\/centellian24-360o-shot-pdrn-glowing-eye-patch-hidrogela-patci-1ea\\\/#primaryimage\",\"url\":\"https:\\\/\\\/www.facecorner.lv\\\/wp-content\\\/uploads\\\/2026\\\/02\\\/XXL_p0223275162.webp\",\"contentUrl\":\"https:\\\/\\\/www.facecorner.lv\\\/wp-content\\\/uploads\\\/2026\\\/02\\\/XXL_p0223275162.webp\",\"width\":640,\"height\":640,\"caption\":\"Centellian24 \u2013 360\u00ba Shot PDRN Glowing Eye Patch\"},{\"@type\":\"BreadcrumbList\",\"@id\":\"https:\\\/\\\/www.facecorner.lv\\\/shop\\\/centellian24-360o-shot-pdrn-glowing-eye-patch-hidrogela-patci-1ea\\\/#breadcrumb\",\"itemListElement\":[{\"@type\":\"ListItem\",\"position\":1,\"name\":\"Home\",\"item\":\"https:\\\/\\\/www.facecorner.lv\\\/\"},{\"@type\":\"ListItem\",\"position\":2,\"name\":\"Veikals\",\"item\":\"https:\\\/\\\/www.facecorner.lv\\\/shop\\\/\"},{\"@type\":\"ListItem\",\"position\":3,\"name\":\"Centellian24 360\u00ba Shot PDRN Glowing Eye Patch hidrog\u0113la pat\u010di 1ea\"}]},{\"@type\":\"WebSite\",\"@id\":\"https:\\\/\\\/www.facecorner.lv\\\/#website\",\"url\":\"https:\\\/\\\/www.facecorner.lv\\\/\",\"name\":\"Facecorner\",\"description\":\"\",\"publisher\":{\"@id\":\"https:\\\/\\\/www.facecorner.lv\\\/#organization\"},\"potentialAction\":[{\"@type\":\"SearchAction\",\"target\":{\"@type\":\"EntryPoint\",\"urlTemplate\":\"https:\\\/\\\/www.facecorner.lv\\\/?s={search_term_string}\"},\"query-input\":{\"@type\":\"PropertyValueSpecification\",\"valueRequired\":true,\"valueName\":\"search_term_string\"}}],\"inLanguage\":\"lv-LV\"},{\"@type\":\"Organization\",\"@id\":\"https:\\\/\\\/www.facecorner.lv\\\/#organization\",\"name\":\"Facecorner\",\"url\":\"https:\\\/\\\/www.facecorner.lv\\\/\",\"logo\":{\"@type\":\"ImageObject\",\"inLanguage\":\"lv-LV\",\"@id\":\"https:\\\/\\\/www.facecorner.lv\\\/#\\\/schema\\\/logo\\\/image\\\/\",\"url\":\"https:\\\/\\\/www.facecorner.lv\\\/wp-content\\\/uploads\\\/2024\\\/04\\\/fc-logo.jpg\",\"contentUrl\":\"https:\\\/\\\/www.facecorner.lv\\\/wp-content\\\/uploads\\\/2024\\\/04\\\/fc-logo.jpg\",\"width\":174,\"height\":28,\"caption\":\"Facecorner\"},\"image\":{\"@id\":\"https:\\\/\\\/www.facecorner.lv\\\/#\\\/schema\\\/logo\\\/image\\\/\"},\"sameAs\":[\"https:\\\/\\\/www.facebook.com\\\/profile.php?id=100063824551839\",\"https:\\\/\\\/www.instagram.com\\\/facecorner_shop\\\/\"]}]}<\/script>\n<meta property=\"product:brand\" content=\"Centellian24\" \/>\n<meta property=\"product:price:amount\" content=\"3.70\" \/>\n<meta property=\"product:price:currency\" content=\"EUR\" \/>\n<meta property=\"og:availability\" content=\"out of stock\" \/>\n<meta property=\"product:availability\" content=\"out of stock\" \/>\n<meta property=\"product:condition\" content=\"new\" \/>\n<!-- \/ Yoast SEO plugin. -->","yoast_head_json":{"title":"Centellian24 360\u00ba Shot PDRN Glowing Eye Patch hidrog\u0113la pat\u010di 1ea - FACECORNER","description":"Centellian24 360\u00ba Shot PDRN Glowing Eye Patch intens\u012bvi hidrog\u0113la pat\u010di acu zonai ar inovat\u012bvo formulu 360\u00ba Shot un PDRN \u2014 jau p\u0113c pirm\u0101s lieto\u0161anas reizes acis izskat\u0101s iev\u0113rojami svaig\u0101kas, mirdzo\u0161\u0101kas un atp\u016btu\u0161\u0101kas.","robots":{"index":"index","follow":"follow","max-snippet":"max-snippet:-1","max-image-preview":"max-image-preview:large","max-video-preview":"max-video-preview:-1"},"canonical":"https:\/\/www.facecorner.lv\/lv\/shop\/centellian24-360o-shot-pdrn-glowing-eye-patch-hidrogela-patci-1ea\/","og_locale":"lv_LV","og_type":"article","og_title":"Centellian24 360\u00ba Shot PDRN Glowing Eye Patch hidrog\u0113la pat\u010di 1ea - FACECORNER","og_description":"Centellian24 360\u00ba Shot PDRN Glowing Eye Patch intens\u012bvi hidrog\u0113la pat\u010di acu zonai ar inovat\u012bvo formulu 360\u00ba Shot un PDRN \u2014 jau p\u0113c pirm\u0101s lieto\u0161anas reizes acis izskat\u0101s iev\u0113rojami svaig\u0101kas, mirdzo\u0161\u0101kas un atp\u016btu\u0161\u0101kas.","og_url":"https:\/\/www.facecorner.lv\/lv\/shop\/centellian24-360o-shot-pdrn-glowing-eye-patch-hidrogela-patci-1ea\/","og_site_name":"FACECORNER","article_publisher":"https:\/\/www.facebook.com\/profile.php?id=100063824551839","article_modified_time":"2026-02-25T13:24:27+00:00","og_image":[{"width":640,"height":640,"url":"https:\/\/www.facecorner.lv\/wp-content\/uploads\/2026\/02\/XXL_p0223275162.webp","type":"image\/webp"}],"twitter_card":"summary_large_image","twitter_misc":{"Price":"&euro;3.70","Availability":"Out of stock"},"schema":{"@context":"https:\/\/schema.org","@graph":[{"@type":"WebPage","@id":"https:\/\/www.facecorner.lv\/shop\/centellian24-360o-shot-pdrn-glowing-eye-patch-hidrogela-patci-1ea\/","url":"https:\/\/www.facecorner.lv\/shop\/centellian24-360o-shot-pdrn-glowing-eye-patch-hidrogela-patci-1ea\/","name":"Centellian24 360\u00ba Shot PDRN Glowing Eye Patch hidrog\u0113la pat\u010di 1ea - FACECORNER","isPartOf":{"@id":"https:\/\/www.facecorner.lv\/#website"},"primaryImageOfPage":{"@id":"https:\/\/www.facecorner.lv\/shop\/centellian24-360o-shot-pdrn-glowing-eye-patch-hidrogela-patci-1ea\/#primaryimage"},"image":{"@id":"https:\/\/www.facecorner.lv\/shop\/centellian24-360o-shot-pdrn-glowing-eye-patch-hidrogela-patci-1ea\/#primaryimage"},"thumbnailUrl":"https:\/\/www.facecorner.lv\/wp-content\/uploads\/2026\/02\/XXL_p0223275162.webp","datePublished":"2026-02-06T13:03:58+00:00","dateModified":"2026-02-25T13:24:27+00:00","description":"Centellian24 360\u00ba Shot PDRN Glowing Eye Patch intens\u012bvi hidrog\u0113la pat\u010di acu zonai ar inovat\u012bvo formulu 360\u00ba Shot un PDRN \u2014 jau p\u0113c pirm\u0101s lieto\u0161anas reizes acis izskat\u0101s iev\u0113rojami svaig\u0101kas, mirdzo\u0161\u0101kas un atp\u016btu\u0161\u0101kas.","breadcrumb":{"@id":"https:\/\/www.facecorner.lv\/shop\/centellian24-360o-shot-pdrn-glowing-eye-patch-hidrogela-patci-1ea\/#breadcrumb"},"inLanguage":"lv-LV","potentialAction":[{"@type":"ReadAction","target":["https:\/\/www.facecorner.lv\/shop\/centellian24-360o-shot-pdrn-glowing-eye-patch-hidrogela-patci-1ea\/"]}]},{"@type":"ImageObject","inLanguage":"lv-LV","@id":"https:\/\/www.facecorner.lv\/shop\/centellian24-360o-shot-pdrn-glowing-eye-patch-hidrogela-patci-1ea\/#primaryimage","url":"https:\/\/www.facecorner.lv\/wp-content\/uploads\/2026\/02\/XXL_p0223275162.webp","contentUrl":"https:\/\/www.facecorner.lv\/wp-content\/uploads\/2026\/02\/XXL_p0223275162.webp","width":640,"height":640,"caption":"Centellian24 \u2013 360\u00ba Shot PDRN Glowing Eye Patch"},{"@type":"BreadcrumbList","@id":"https:\/\/www.facecorner.lv\/shop\/centellian24-360o-shot-pdrn-glowing-eye-patch-hidrogela-patci-1ea\/#breadcrumb","itemListElement":[{"@type":"ListItem","position":1,"name":"Home","item":"https:\/\/www.facecorner.lv\/"},{"@type":"ListItem","position":2,"name":"Veikals","item":"https:\/\/www.facecorner.lv\/shop\/"},{"@type":"ListItem","position":3,"name":"Centellian24 360\u00ba Shot PDRN Glowing Eye Patch hidrog\u0113la pat\u010di 1ea"}]},{"@type":"WebSite","@id":"https:\/\/www.facecorner.lv\/#website","url":"https:\/\/www.facecorner.lv\/","name":"Facecorner","description":"","publisher":{"@id":"https:\/\/www.facecorner.lv\/#organization"},"potentialAction":[{"@type":"SearchAction","target":{"@type":"EntryPoint","urlTemplate":"https:\/\/www.facecorner.lv\/?s={search_term_string}"},"query-input":{"@type":"PropertyValueSpecification","valueRequired":true,"valueName":"search_term_string"}}],"inLanguage":"lv-LV"},{"@type":"Organization","@id":"https:\/\/www.facecorner.lv\/#organization","name":"Facecorner","url":"https:\/\/www.facecorner.lv\/","logo":{"@type":"ImageObject","inLanguage":"lv-LV","@id":"https:\/\/www.facecorner.lv\/#\/schema\/logo\/image\/","url":"https:\/\/www.facecorner.lv\/wp-content\/uploads\/2024\/04\/fc-logo.jpg","contentUrl":"https:\/\/www.facecorner.lv\/wp-content\/uploads\/2024\/04\/fc-logo.jpg","width":174,"height":28,"caption":"Facecorner"},"image":{"@id":"https:\/\/www.facecorner.lv\/#\/schema\/logo\/image\/"},"sameAs":["https:\/\/www.facebook.com\/profile.php?id=100063824551839","https:\/\/www.instagram.com\/facecorner_shop\/"]}]},"product_brand":"Centellian24","product_price_amount":"3.70","product_price_currency":"EUR","og_availability":"out of stock","product_availability":"out of stock","product_condition":"new"},"_links":{"self":[{"href":"https:\/\/www.facecorner.lv\/lv\/wp-json\/wp\/v2\/product\/26830","targetHints":{"allow":["GET"]}}],"collection":[{"href":"https:\/\/www.facecorner.lv\/lv\/wp-json\/wp\/v2\/product"}],"about":[{"href":"https:\/\/www.facecorner.lv\/lv\/wp-json\/wp\/v2\/types\/product"}],"replies":[{"embeddable":true,"href":"https:\/\/www.facecorner.lv\/lv\/wp-json\/wp\/v2\/comments?post=26830"}],"wp:featuredmedia":[{"embeddable":true,"href":"https:\/\/www.facecorner.lv\/lv\/wp-json\/wp\/v2\/media\/26831"}],"wp:attachment":[{"href":"https:\/\/www.facecorner.lv\/lv\/wp-json\/wp\/v2\/media?parent=26830"}],"wp:term":[{"taxonomy":"product_brand","embeddable":true,"href":"https:\/\/www.facecorner.lv\/lv\/wp-json\/wp\/v2\/product_brand?post=26830"},{"taxonomy":"product_cat","embeddable":true,"href":"https:\/\/www.facecorner.lv\/lv\/wp-json\/wp\/v2\/product_cat?post=26830"},{"taxonomy":"product_tag","embeddable":true,"href":"https:\/\/www.facecorner.lv\/lv\/wp-json\/wp\/v2\/product_tag?post=26830"},{"taxonomy":"berocket_brand","embeddable":true,"href":"https:\/\/www.facecorner.lv\/lv\/wp-json\/wp\/v2\/berocket_brand?post=26830"}],"curies":[{"name":"wp","href":"https:\/\/api.w.org\/{rel}","templated":true}]}}