{"id":26786,"date":"2026-02-02T16:22:57","date_gmt":"2026-02-02T13:22:57","guid":{"rendered":"https:\/\/www.facecorner.lv\/?post_type=product&#038;p=26786"},"modified":"2026-05-05T13:07:13","modified_gmt":"2026-05-05T10:07:13","slug":"medicube-collagen-milk-toning-wrapping-mask-maska-pleve-ar-kolagenu-75ml","status":"publish","type":"product","link":"https:\/\/www.facecorner.lv\/lv\/shop\/medicube-collagen-milk-toning-wrapping-mask-maska-pleve-ar-kolagenu-75ml\/","title":{"rendered":"Medicube Collagen Milk Toning Wrapping Mask maska-pleve ar kolag\u0113nu 75ml"},"content":{"rendered":"<p>Medicube Collagen Milk Toning Wrapping Mask\u00a0 inovat\u012bva maska-pleve ar kolag\u0113nu un piena prote\u012bniem, kas darbojas k\u0101 pl\u0113ves maska: p\u0113c uzkl\u0101\u0161anas veido bl\u012bvu, bet \u0113rtu pl\u0113vi, pastiprinot akt\u012bvo sast\u0101vda\u013cu iedarb\u012bbu un nodro\u0161inot mirdzo\u0161u, mitrin\u0101tu un gludu \u0101du tikai ~20 min\u016b\u0161u laik\u0101.<\/p>\n<h6>K\u0101 darbojas:<\/h6>\n<ul>\n<li>Nodro\u0161ina dzi\u013cu mitrin\u0101\u0161anu un baro \u0101du.<\/li>\n<li>Palielina elast\u012bbu un stingr\u012bbu, pateicoties kolag\u0113nam.<\/li>\n<li>\u00a0Padara \u0101das toni gai\u0161\u0101ku un vienm\u0113r\u012bg\u0101ku \u2014 pateicoties niac\u012bnam\u012bdam un glutationam.<\/li>\n<li>\u00a0Rad\u012bta **glazed\/glow\u00bb efekts \u2014 mirdzums un maigums.<\/li>\n<li>Veido vieglu pl\u0113ves apvalku, kas nostiprina kop\u0161anu un pastiprina akt\u012bvo vielu ies\u016bk\u0161anos.<\/li>\n<\/ul>\n<h6>Priek\u0161roc\u012bbas:<\/h6>\n<ul>\n<li>\u0100trs rezult\u0101ts tikai ~20 min\u016b\u0161u laik\u0101.<\/li>\n<li>Elast\u012bga tekst\u016bra, \u0113rti uzkl\u0101jama un no\u0146emama.<\/li>\n<li>Piem\u0113rota visiem \u0101das tipiem, ieskaitot jut\u012bgu \u0101du.<\/li>\n<li>Ide\u0101li piem\u0113rota pirms grima uzkl\u0101\u0161anas vai \u012bslaic\u012bgai \u201eSOS sp\u012bdumam\u201d.<\/li>\n<\/ul>\n<h6>Kam piem\u0113rots:<\/h6>\n<ul>\n<li>Piem\u0113rots visiem \u0101das tipiem, \u012bpa\u0161i:<\/li>\n<li>bl\u0101vai un noguru\u0161ai \u0101dai, kurai nepiecie\u0161ams mirdzums;<\/li>\n<li>\u0101dai ar nevienm\u0113r\u012bgu toni un tekst\u016bru;<\/li>\n<li>sausai un dehidr\u0113tai \u0101dai;<\/li>\n<li>\u0101dai, kurai nepiecie\u0161ams \u0101trs efekts pirms izie\u0161anas sabiedr\u012bb\u0101.<\/li>\n<\/ul>\n<p><strong>Lieto\u0161ana<\/strong>: P\u0113c sejas att\u012br\u012b\u0161anas un toniz\u0113\u0161anas uzkl\u0101jiet masku vienm\u0113r\u012bg\u0101 sl\u0101n\u012b, izvairoties no acu un l\u016bpu zonas. Atst\u0101jiet uz ~20 min\u016bt\u0113m, l\u012bdz pl\u0113ve piln\u012bb\u0101 iz\u017e\u016bst, p\u0113c tam uzman\u012bgi no\u0146emiet vai noskalojiet ar siltu \u016bdeni.<\/p>\n<p><strong>Sast\u0101vs:<\/strong> Water, Collagen Water, Octyldodecanol, Polyvinyl Alcohol, Niacinamide, Methylpropanediol, Butylene Glycol, Caprylic\/Capric Triglyceride, 1,2\u2011Hexanediol, Simmondsia Chinensis (Jojoba) Seed Oil, Polysorbate 80, Polyglyceryl\u201110 Oleate, Dipropylene Glycol, Titanium Dioxide, Pentaerythrityl Tetraethylhexanoate, Pullulan, Glyceryl Stearate, PEG\u2011100 Stearate, Panthenol, Disteardimonium Hectorite, Algin, Sodium Polystyrene Sulfonate, Triethyl Citrate, Glutathione, Microcrystalline Cellulose, Ethylhexylglycerin, Sphingomonas Ferment Extract, Acrylates\/C10\u201130 Alkyl Acrylate Crosspolymer, Cellulose Gum, Methyl Diisopropyl Propionamide, Tromethamine, Sodium Phytate, Betula Alba Bark Extract, Zea Mays (Corn) Germ Oil, Ricinus Communis (Castor) Seed Oil, Illicium Verum (Anise) Fruit\/Seed Oil, Cymbopogon Citratus Leaf Oil, Paeonia Suffruticosa Root Extract, Glycerin, Milk Protein Extract, Citric Acid, Alpha\u2011Arbutin, Pentaerythrityl Tetra\u2011Di\u2011T\u2011Butyl Hydroxyhydrocinnamate, Collagen Amino Acids, Kaolin, Hydrated Silica, Propanediol, Haematococcus Pluvialis Extract, Hydrogenated Lecithin, Centella Asiatica Extract, Ficus Carica (Fig) Fruit Extract, Ceramide NP.<\/p>\n","protected":false},"excerpt":{"rendered":"<p>Medicube Collagen Milk Toning Wrapping Mask\u00a0 inovat\u012bva maska-pleve ar kolag\u0113nu un piena prote\u012bniem, kas darbojas k\u0101 pl\u0113ves maska: p\u0113c uzkl\u0101\u0161anas veido bl\u012bvu, bet \u0113rtu pl\u0113vi, pastiprinot akt\u012bvo sast\u0101vda\u013cu iedarb\u012bbu un nodro\u0161inot mirdzo\u0161u, mitrin\u0101tu un gludu \u0101du tikai ~20 min\u016b\u0161u laik\u0101.<\/p>\n","protected":false},"featured_media":26787,"comment_status":"open","ping_status":"closed","template":"","meta":{"site-sidebar-layout":"default","site-content-layout":"","ast-site-content-layout":"default","site-content-style":"default","site-sidebar-style":"default","ast-global-header-display":"","ast-banner-title-visibility":"","ast-main-header-display":"","ast-hfb-above-header-display":"","ast-hfb-below-header-display":"","ast-hfb-mobile-header-display":"","site-post-title":"","ast-breadcrumbs-content":"","ast-featured-img":"","footer-sml-layout":"","theme-transparent-header-meta":"default","adv-header-id-meta":"","stick-header-meta":"","header-above-stick-meta":"","header-main-stick-meta":"","header-below-stick-meta":"","astra-migrate-meta-layouts":"set","ast-page-background-enabled":"default","ast-page-background-meta":{"desktop":{"background-color":"var(--ast-global-color-4)","background-image":"","background-repeat":"repeat","background-position":"center center","background-size":"auto","background-attachment":"scroll","background-type":"","background-media":"","overlay-type":"","overlay-color":"","overlay-opacity":"","overlay-gradient":""},"tablet":{"background-color":"","background-image":"","background-repeat":"repeat","background-position":"center center","background-size":"auto","background-attachment":"scroll","background-type":"","background-media":"","overlay-type":"","overlay-color":"","overlay-opacity":"","overlay-gradient":""},"mobile":{"background-color":"","background-image":"","background-repeat":"repeat","background-position":"center center","background-size":"auto","background-attachment":"scroll","background-type":"","background-media":"","overlay-type":"","overlay-color":"","overlay-opacity":"","overlay-gradient":""}},"ast-content-background-meta":{"desktop":{"background-color":"var(--ast-global-color-5)","background-image":"","background-repeat":"repeat","background-position":"center center","background-size":"auto","background-attachment":"scroll","background-type":"","background-media":"","overlay-type":"","overlay-color":"","overlay-opacity":"","overlay-gradient":""},"tablet":{"background-color":"var(--ast-global-color-5)","background-image":"","background-repeat":"repeat","background-position":"center center","background-size":"auto","background-attachment":"scroll","background-type":"","background-media":"","overlay-type":"","overlay-color":"","overlay-opacity":"","overlay-gradient":""},"mobile":{"background-color":"var(--ast-global-color-5)","background-image":"","background-repeat":"repeat","background-position":"center center","background-size":"auto","background-attachment":"scroll","background-type":"","background-media":"","overlay-type":"","overlay-color":"","overlay-opacity":"","overlay-gradient":""}}},"product_brand":[],"product_cat":[315,326,652],"product_tag":[],"berocket_brand":[579],"class_list":{"0":"post-26786","1":"product","2":"type-product","3":"status-publish","4":"has-post-thumbnail","6":"product_cat-maskas","7":"product_cat-mitrinosas","8":"product_cat-pdrn","9":"berocket_brand-medicube","10":"desktop-align-left","11":"tablet-align-left","12":"mobile-align-left","14":"first","15":"outofstock","16":"taxable","17":"shipping-taxable","18":"purchasable","19":"product-type-simple","20":"add-to-wishlist-before_image"},"yoast_head":"<!-- This site is optimized with the Yoast SEO plugin v27.4 - https:\/\/yoast.com\/product\/yoast-seo-wordpress\/ -->\n<title>Medicube Collagen Milk Toning Wrapping Mask maska-pleve ar kolag\u0113nu 75ml - FACECORNER<\/title>\n<meta name=\"description\" content=\"Medicube Collagen Milk Toning Wrapping Mask\u00a0 inovat\u012bva maska-pleve ar kolag\u0113nu un piena prote\u012bniem, kas darbojas k\u0101 pl\u0113ves maska: p\u0113c uzkl\u0101\u0161anas veido bl\u012bvu, bet \u0113rtu pl\u0113vi, pastiprinot akt\u012bvo sast\u0101vda\u013cu iedarb\u012bbu un nodro\u0161inot mirdzo\u0161u, mitrin\u0101tu un gludu \u0101du tikai ~20 min\u016b\u0161u laik\u0101.\" \/>\n<meta name=\"robots\" content=\"index, follow, max-snippet:-1, max-image-preview:large, max-video-preview:-1\" \/>\n<link rel=\"canonical\" href=\"https:\/\/www.facecorner.lv\/lv\/shop\/medicube-collagen-milk-toning-wrapping-mask-maska-pleve-ar-kolagenu-75ml\/\" \/>\n<meta property=\"og:locale\" content=\"lv_LV\" \/>\n<meta property=\"og:type\" content=\"article\" \/>\n<meta property=\"og:title\" content=\"Medicube Collagen Milk Toning Wrapping Mask maska-pleve ar kolag\u0113nu 75ml - FACECORNER\" \/>\n<meta property=\"og:description\" content=\"Medicube Collagen Milk Toning Wrapping Mask\u00a0 inovat\u012bva maska-pleve ar kolag\u0113nu un piena prote\u012bniem, kas darbojas k\u0101 pl\u0113ves maska: p\u0113c uzkl\u0101\u0161anas veido bl\u012bvu, bet \u0113rtu pl\u0113vi, pastiprinot akt\u012bvo sast\u0101vda\u013cu iedarb\u012bbu un nodro\u0161inot mirdzo\u0161u, mitrin\u0101tu un gludu \u0101du tikai ~20 min\u016b\u0161u laik\u0101.\" \/>\n<meta property=\"og:url\" content=\"https:\/\/www.facecorner.lv\/lv\/shop\/medicube-collagen-milk-toning-wrapping-mask-maska-pleve-ar-kolagenu-75ml\/\" \/>\n<meta property=\"og:site_name\" content=\"FACECORNER\" \/>\n<meta property=\"article:publisher\" content=\"https:\/\/www.facebook.com\/profile.php?id=100063824551839\" \/>\n<meta property=\"article:modified_time\" content=\"2026-05-05T10:07:13+00:00\" \/>\n<meta property=\"og:image\" content=\"https:\/\/www.facecorner.lv\/wp-content\/uploads\/2026\/02\/MEDICUBECollagenMilkToningWrappingMask75ML.webp\" \/>\n\t<meta property=\"og:image:width\" content=\"2000\" \/>\n\t<meta property=\"og:image:height\" content=\"2000\" \/>\n\t<meta property=\"og:image:type\" content=\"image\/webp\" \/>\n<meta name=\"twitter:card\" content=\"summary_large_image\" \/>\n<meta name=\"twitter:label1\" content=\"Price\" \/>\n\t<meta name=\"twitter:data1\" content=\"&euro;35.95\" \/>\n\t<meta name=\"twitter:label2\" content=\"Availability\" \/>\n\t<meta name=\"twitter:data2\" content=\"Out of stock\" \/>\n<script type=\"application\/ld+json\" class=\"yoast-schema-graph\">{\"@context\":\"https:\\\/\\\/schema.org\",\"@graph\":[{\"@type\":\"WebPage\",\"@id\":\"https:\\\/\\\/www.facecorner.lv\\\/shop\\\/medicube-collagen-milk-toning-wrapping-mask-maska-pleve-ar-kolagenu-75ml\\\/\",\"url\":\"https:\\\/\\\/www.facecorner.lv\\\/shop\\\/medicube-collagen-milk-toning-wrapping-mask-maska-pleve-ar-kolagenu-75ml\\\/\",\"name\":\"Medicube Collagen Milk Toning Wrapping Mask maska-pleve ar kolag\u0113nu 75ml - FACECORNER\",\"isPartOf\":{\"@id\":\"https:\\\/\\\/www.facecorner.lv\\\/#website\"},\"primaryImageOfPage\":{\"@id\":\"https:\\\/\\\/www.facecorner.lv\\\/shop\\\/medicube-collagen-milk-toning-wrapping-mask-maska-pleve-ar-kolagenu-75ml\\\/#primaryimage\"},\"image\":{\"@id\":\"https:\\\/\\\/www.facecorner.lv\\\/shop\\\/medicube-collagen-milk-toning-wrapping-mask-maska-pleve-ar-kolagenu-75ml\\\/#primaryimage\"},\"thumbnailUrl\":\"https:\\\/\\\/www.facecorner.lv\\\/wp-content\\\/uploads\\\/2026\\\/02\\\/MEDICUBECollagenMilkToningWrappingMask75ML.webp\",\"datePublished\":\"2026-02-02T13:22:57+00:00\",\"dateModified\":\"2026-05-05T10:07:13+00:00\",\"description\":\"Medicube Collagen Milk Toning Wrapping Mask\u00a0 inovat\u012bva maska-pleve ar kolag\u0113nu un piena prote\u012bniem, kas darbojas k\u0101 pl\u0113ves maska: p\u0113c uzkl\u0101\u0161anas veido bl\u012bvu, bet \u0113rtu pl\u0113vi, pastiprinot akt\u012bvo sast\u0101vda\u013cu iedarb\u012bbu un nodro\u0161inot mirdzo\u0161u, mitrin\u0101tu un gludu \u0101du tikai ~20 min\u016b\u0161u laik\u0101.\",\"breadcrumb\":{\"@id\":\"https:\\\/\\\/www.facecorner.lv\\\/shop\\\/medicube-collagen-milk-toning-wrapping-mask-maska-pleve-ar-kolagenu-75ml\\\/#breadcrumb\"},\"inLanguage\":\"lv-LV\",\"potentialAction\":[{\"@type\":\"ReadAction\",\"target\":[\"https:\\\/\\\/www.facecorner.lv\\\/shop\\\/medicube-collagen-milk-toning-wrapping-mask-maska-pleve-ar-kolagenu-75ml\\\/\"]}]},{\"@type\":\"ImageObject\",\"inLanguage\":\"lv-LV\",\"@id\":\"https:\\\/\\\/www.facecorner.lv\\\/shop\\\/medicube-collagen-milk-toning-wrapping-mask-maska-pleve-ar-kolagenu-75ml\\\/#primaryimage\",\"url\":\"https:\\\/\\\/www.facecorner.lv\\\/wp-content\\\/uploads\\\/2026\\\/02\\\/MEDICUBECollagenMilkToningWrappingMask75ML.webp\",\"contentUrl\":\"https:\\\/\\\/www.facecorner.lv\\\/wp-content\\\/uploads\\\/2026\\\/02\\\/MEDICUBECollagenMilkToningWrappingMask75ML.webp\",\"width\":2000,\"height\":2000,\"caption\":\"Medicube Collagen Milk Toning Wrapping Mask\"},{\"@type\":\"BreadcrumbList\",\"@id\":\"https:\\\/\\\/www.facecorner.lv\\\/shop\\\/medicube-collagen-milk-toning-wrapping-mask-maska-pleve-ar-kolagenu-75ml\\\/#breadcrumb\",\"itemListElement\":[{\"@type\":\"ListItem\",\"position\":1,\"name\":\"Home\",\"item\":\"https:\\\/\\\/www.facecorner.lv\\\/\"},{\"@type\":\"ListItem\",\"position\":2,\"name\":\"Veikals\",\"item\":\"https:\\\/\\\/www.facecorner.lv\\\/shop\\\/\"},{\"@type\":\"ListItem\",\"position\":3,\"name\":\"Medicube Collagen Milk Toning Wrapping Mask maska-pleve ar kolag\u0113nu 75ml\"}]},{\"@type\":\"WebSite\",\"@id\":\"https:\\\/\\\/www.facecorner.lv\\\/#website\",\"url\":\"https:\\\/\\\/www.facecorner.lv\\\/\",\"name\":\"Facecorner\",\"description\":\"\",\"publisher\":{\"@id\":\"https:\\\/\\\/www.facecorner.lv\\\/#organization\"},\"potentialAction\":[{\"@type\":\"SearchAction\",\"target\":{\"@type\":\"EntryPoint\",\"urlTemplate\":\"https:\\\/\\\/www.facecorner.lv\\\/?s={search_term_string}\"},\"query-input\":{\"@type\":\"PropertyValueSpecification\",\"valueRequired\":true,\"valueName\":\"search_term_string\"}}],\"inLanguage\":\"lv-LV\"},{\"@type\":\"Organization\",\"@id\":\"https:\\\/\\\/www.facecorner.lv\\\/#organization\",\"name\":\"Facecorner\",\"url\":\"https:\\\/\\\/www.facecorner.lv\\\/\",\"logo\":{\"@type\":\"ImageObject\",\"inLanguage\":\"lv-LV\",\"@id\":\"https:\\\/\\\/www.facecorner.lv\\\/#\\\/schema\\\/logo\\\/image\\\/\",\"url\":\"https:\\\/\\\/www.facecorner.lv\\\/wp-content\\\/uploads\\\/2024\\\/04\\\/fc-logo.jpg\",\"contentUrl\":\"https:\\\/\\\/www.facecorner.lv\\\/wp-content\\\/uploads\\\/2024\\\/04\\\/fc-logo.jpg\",\"width\":174,\"height\":28,\"caption\":\"Facecorner\"},\"image\":{\"@id\":\"https:\\\/\\\/www.facecorner.lv\\\/#\\\/schema\\\/logo\\\/image\\\/\"},\"sameAs\":[\"https:\\\/\\\/www.facebook.com\\\/profile.php?id=100063824551839\",\"https:\\\/\\\/www.instagram.com\\\/facecorner_shop\\\/\"]}]}<\/script>\n<meta property=\"product:price:amount\" content=\"35.95\" \/>\n<meta property=\"product:price:currency\" content=\"EUR\" \/>\n<meta property=\"og:availability\" content=\"out of stock\" \/>\n<meta property=\"product:availability\" content=\"out of stock\" \/>\n<meta property=\"product:condition\" content=\"new\" \/>\n<!-- \/ Yoast SEO plugin. -->","yoast_head_json":{"title":"Medicube Collagen Milk Toning Wrapping Mask maska-pleve ar kolag\u0113nu 75ml - FACECORNER","description":"Medicube Collagen Milk Toning Wrapping Mask\u00a0 inovat\u012bva maska-pleve ar kolag\u0113nu un piena prote\u012bniem, kas darbojas k\u0101 pl\u0113ves maska: p\u0113c uzkl\u0101\u0161anas veido bl\u012bvu, bet \u0113rtu pl\u0113vi, pastiprinot akt\u012bvo sast\u0101vda\u013cu iedarb\u012bbu un nodro\u0161inot mirdzo\u0161u, mitrin\u0101tu un gludu \u0101du tikai ~20 min\u016b\u0161u laik\u0101.","robots":{"index":"index","follow":"follow","max-snippet":"max-snippet:-1","max-image-preview":"max-image-preview:large","max-video-preview":"max-video-preview:-1"},"canonical":"https:\/\/www.facecorner.lv\/lv\/shop\/medicube-collagen-milk-toning-wrapping-mask-maska-pleve-ar-kolagenu-75ml\/","og_locale":"lv_LV","og_type":"article","og_title":"Medicube Collagen Milk Toning Wrapping Mask maska-pleve ar kolag\u0113nu 75ml - FACECORNER","og_description":"Medicube Collagen Milk Toning Wrapping Mask\u00a0 inovat\u012bva maska-pleve ar kolag\u0113nu un piena prote\u012bniem, kas darbojas k\u0101 pl\u0113ves maska: p\u0113c uzkl\u0101\u0161anas veido bl\u012bvu, bet \u0113rtu pl\u0113vi, pastiprinot akt\u012bvo sast\u0101vda\u013cu iedarb\u012bbu un nodro\u0161inot mirdzo\u0161u, mitrin\u0101tu un gludu \u0101du tikai ~20 min\u016b\u0161u laik\u0101.","og_url":"https:\/\/www.facecorner.lv\/lv\/shop\/medicube-collagen-milk-toning-wrapping-mask-maska-pleve-ar-kolagenu-75ml\/","og_site_name":"FACECORNER","article_publisher":"https:\/\/www.facebook.com\/profile.php?id=100063824551839","article_modified_time":"2026-05-05T10:07:13+00:00","og_image":[{"width":2000,"height":2000,"url":"https:\/\/www.facecorner.lv\/wp-content\/uploads\/2026\/02\/MEDICUBECollagenMilkToningWrappingMask75ML.webp","type":"image\/webp"}],"twitter_card":"summary_large_image","twitter_misc":{"Price":"&euro;35.95","Availability":"Out of stock"},"schema":{"@context":"https:\/\/schema.org","@graph":[{"@type":"WebPage","@id":"https:\/\/www.facecorner.lv\/shop\/medicube-collagen-milk-toning-wrapping-mask-maska-pleve-ar-kolagenu-75ml\/","url":"https:\/\/www.facecorner.lv\/shop\/medicube-collagen-milk-toning-wrapping-mask-maska-pleve-ar-kolagenu-75ml\/","name":"Medicube Collagen Milk Toning Wrapping Mask maska-pleve ar kolag\u0113nu 75ml - FACECORNER","isPartOf":{"@id":"https:\/\/www.facecorner.lv\/#website"},"primaryImageOfPage":{"@id":"https:\/\/www.facecorner.lv\/shop\/medicube-collagen-milk-toning-wrapping-mask-maska-pleve-ar-kolagenu-75ml\/#primaryimage"},"image":{"@id":"https:\/\/www.facecorner.lv\/shop\/medicube-collagen-milk-toning-wrapping-mask-maska-pleve-ar-kolagenu-75ml\/#primaryimage"},"thumbnailUrl":"https:\/\/www.facecorner.lv\/wp-content\/uploads\/2026\/02\/MEDICUBECollagenMilkToningWrappingMask75ML.webp","datePublished":"2026-02-02T13:22:57+00:00","dateModified":"2026-05-05T10:07:13+00:00","description":"Medicube Collagen Milk Toning Wrapping Mask\u00a0 inovat\u012bva maska-pleve ar kolag\u0113nu un piena prote\u012bniem, kas darbojas k\u0101 pl\u0113ves maska: p\u0113c uzkl\u0101\u0161anas veido bl\u012bvu, bet \u0113rtu pl\u0113vi, pastiprinot akt\u012bvo sast\u0101vda\u013cu iedarb\u012bbu un nodro\u0161inot mirdzo\u0161u, mitrin\u0101tu un gludu \u0101du tikai ~20 min\u016b\u0161u laik\u0101.","breadcrumb":{"@id":"https:\/\/www.facecorner.lv\/shop\/medicube-collagen-milk-toning-wrapping-mask-maska-pleve-ar-kolagenu-75ml\/#breadcrumb"},"inLanguage":"lv-LV","potentialAction":[{"@type":"ReadAction","target":["https:\/\/www.facecorner.lv\/shop\/medicube-collagen-milk-toning-wrapping-mask-maska-pleve-ar-kolagenu-75ml\/"]}]},{"@type":"ImageObject","inLanguage":"lv-LV","@id":"https:\/\/www.facecorner.lv\/shop\/medicube-collagen-milk-toning-wrapping-mask-maska-pleve-ar-kolagenu-75ml\/#primaryimage","url":"https:\/\/www.facecorner.lv\/wp-content\/uploads\/2026\/02\/MEDICUBECollagenMilkToningWrappingMask75ML.webp","contentUrl":"https:\/\/www.facecorner.lv\/wp-content\/uploads\/2026\/02\/MEDICUBECollagenMilkToningWrappingMask75ML.webp","width":2000,"height":2000,"caption":"Medicube Collagen Milk Toning Wrapping Mask"},{"@type":"BreadcrumbList","@id":"https:\/\/www.facecorner.lv\/shop\/medicube-collagen-milk-toning-wrapping-mask-maska-pleve-ar-kolagenu-75ml\/#breadcrumb","itemListElement":[{"@type":"ListItem","position":1,"name":"Home","item":"https:\/\/www.facecorner.lv\/"},{"@type":"ListItem","position":2,"name":"Veikals","item":"https:\/\/www.facecorner.lv\/shop\/"},{"@type":"ListItem","position":3,"name":"Medicube Collagen Milk Toning Wrapping Mask maska-pleve ar kolag\u0113nu 75ml"}]},{"@type":"WebSite","@id":"https:\/\/www.facecorner.lv\/#website","url":"https:\/\/www.facecorner.lv\/","name":"Facecorner","description":"","publisher":{"@id":"https:\/\/www.facecorner.lv\/#organization"},"potentialAction":[{"@type":"SearchAction","target":{"@type":"EntryPoint","urlTemplate":"https:\/\/www.facecorner.lv\/?s={search_term_string}"},"query-input":{"@type":"PropertyValueSpecification","valueRequired":true,"valueName":"search_term_string"}}],"inLanguage":"lv-LV"},{"@type":"Organization","@id":"https:\/\/www.facecorner.lv\/#organization","name":"Facecorner","url":"https:\/\/www.facecorner.lv\/","logo":{"@type":"ImageObject","inLanguage":"lv-LV","@id":"https:\/\/www.facecorner.lv\/#\/schema\/logo\/image\/","url":"https:\/\/www.facecorner.lv\/wp-content\/uploads\/2024\/04\/fc-logo.jpg","contentUrl":"https:\/\/www.facecorner.lv\/wp-content\/uploads\/2024\/04\/fc-logo.jpg","width":174,"height":28,"caption":"Facecorner"},"image":{"@id":"https:\/\/www.facecorner.lv\/#\/schema\/logo\/image\/"},"sameAs":["https:\/\/www.facebook.com\/profile.php?id=100063824551839","https:\/\/www.instagram.com\/facecorner_shop\/"]}]},"product_price_amount":"35.95","product_price_currency":"EUR","og_availability":"out of stock","product_availability":"out of stock","product_condition":"new"},"_links":{"self":[{"href":"https:\/\/www.facecorner.lv\/lv\/wp-json\/wp\/v2\/product\/26786","targetHints":{"allow":["GET"]}}],"collection":[{"href":"https:\/\/www.facecorner.lv\/lv\/wp-json\/wp\/v2\/product"}],"about":[{"href":"https:\/\/www.facecorner.lv\/lv\/wp-json\/wp\/v2\/types\/product"}],"replies":[{"embeddable":true,"href":"https:\/\/www.facecorner.lv\/lv\/wp-json\/wp\/v2\/comments?post=26786"}],"wp:featuredmedia":[{"embeddable":true,"href":"https:\/\/www.facecorner.lv\/lv\/wp-json\/wp\/v2\/media\/26787"}],"wp:attachment":[{"href":"https:\/\/www.facecorner.lv\/lv\/wp-json\/wp\/v2\/media?parent=26786"}],"wp:term":[{"taxonomy":"product_brand","embeddable":true,"href":"https:\/\/www.facecorner.lv\/lv\/wp-json\/wp\/v2\/product_brand?post=26786"},{"taxonomy":"product_cat","embeddable":true,"href":"https:\/\/www.facecorner.lv\/lv\/wp-json\/wp\/v2\/product_cat?post=26786"},{"taxonomy":"product_tag","embeddable":true,"href":"https:\/\/www.facecorner.lv\/lv\/wp-json\/wp\/v2\/product_tag?post=26786"},{"taxonomy":"berocket_brand","embeddable":true,"href":"https:\/\/www.facecorner.lv\/lv\/wp-json\/wp\/v2\/berocket_brand?post=26786"}],"curies":[{"name":"wp","href":"https:\/\/api.w.org\/{rel}","templated":true}]}}