{"id":26779,"date":"2026-02-02T15:51:50","date_gmt":"2026-02-02T12:51:50","guid":{"rendered":"https:\/\/www.facecorner.lv\/?post_type=product&#038;p=26779"},"modified":"2026-04-20T15:11:05","modified_gmt":"2026-04-20T12:11:05","slug":"vt-pdrn-r5-firming-ampoule-stiprinosa-ampula-ar-pdrn-r5-kompleksu-30ml","status":"publish","type":"product","link":"https:\/\/www.facecorner.lv\/lv\/shop\/vt-pdrn-r5-firming-ampoule-stiprinosa-ampula-ar-pdrn-r5-kompleksu-30ml\/","title":{"rendered":"VT PDRN R5 Firming Ampoule stiprino\u0161\u0101 ampula ar PDRN R5 kompleksu 30ml"},"content":{"rendered":"<p>VT PDRN R5 Firming Ampoule stiprino\u0161\u0101 ampula ar PDRN R5 kompleksu ir paredz\u0113ta \u0101das elast\u012bbas atjauno\u0161anai, t\u0101s elast\u012bbas palielin\u0101\u0161anai un visp\u0101r\u0113j\u0101 st\u0101vok\u013ca uzlabo\u0161anai.<\/p>\n<p>L\u012bdzeklis pal\u012bdz \u0101dai izskat\u012bties bl\u012bv\u0101kai, glud\u0101kai un koptai, atbalstot dabiskos atjauno\u0161an\u0101s procesus.<\/p>\n<h6>Ampulas formula veicina:<\/h6>\n<ul>\n<li>\u0101das elast\u012bbas un tonusa uzlabo\u0161anu<\/li>\n<li>\u0101das vizu\u0101lu izl\u012bdzin\u0101\u0161anu<\/li>\n<li>tekst\u016bras un mirdzuma uzlabo\u0161anu<\/li>\n<li>intens\u012bvu mitrin\u0101\u0161anu un komfortu<\/li>\n<\/ul>\n<p>Viegla, \u0101tri uzs\u016bco\u0161a tekst\u016bra neatst\u0101j lip\u012bgumu, ir piem\u0113rota ikdienas kop\u0161anai un labi saderas ar citiem l\u012bdzek\u013ciem.<\/p>\n<h6>Galven\u0101s sast\u0101vda\u013cas:<\/h6>\n<ul>\n<li>PDRN R5 \u2014 komplekss, kas paredz\u0113ts \u0101das atjaunojo\u0161o procesu uztur\u0113\u0161anai.<\/li>\n<li>Mitrino\u0161as un kopjo\u0161as sast\u0101vda\u013cas, kas saglab\u0101 \u0101das maigumu un elast\u012bbu.<\/li>\n<\/ul>\n<h6>Piem\u0113rots:<\/h6>\n<p>visiem \u0101das tipiem, \u012bpa\u0161i \u0101dai, kas zaud\u0113jusi elast\u012bbu, kurai ir bl\u0101vs tonis un pirm\u0101s noveco\u0161an\u0101s paz\u012bmes.<\/p>\n<p><strong>Lieto\u0161ana:<\/strong> uzkl\u0101jiet nepiecie\u0161amo ampulas daudzumu uz att\u012br\u012btas sejas \u0101das p\u0113c tonika, maigi izl\u012bdziniet l\u012bdz piln\u012bgai uzs\u016bk\u0161anai. Lietojiet no r\u012bta un\/vai vakar\u0101.<\/p>\n<p><strong>Sast\u0101vs:<\/strong> Water, Isopropyl Myristate, Caprylic\/Capric Triglyceride, Cetyl Ethylhexanoate, Propanediol, Glycerin, Polyglyceryl-2 Dipolyhydroxystearate, Polyglyceryl-3 Diisostearate, PEG-30 Dipolyhydroxystearate, 1,2-Hexanediol, Hydroxyacetophenone, Helianthus Annuus (Sunflower) Seed Oil, Acrylates\/C10-30 Alkyl Acrylate Crosspolymer, Arginine, Tocopherol, Adenosine, Ceramide NP, Adansonia Digitata Seed Oil, Disodium EDTA, Hydrogenated Lecithin, Squalane, Allantoin, Lactobacillus\/Soymilk Ferment Filtrate, Panthenol, Polyglucuronic Acid, Collagen Amino Acids, Ceramide AS, Ceramide NS, Butylene Glycol, Pentylene Glycol, Ceramide AP, Ceramide EOP, Haematococcus Pluvialis Extract, Centella Asiatica Extract, Panax Ginseng Root Extract, Copper Tripeptide-1, Acetyl Hexapeptide-8, Sodium DNA.<\/p>\n<p data-start=\"1012\" data-end=\"1141\">\n","protected":false},"excerpt":{"rendered":"<p>VT PDRN R5 Firming Ampoule stiprino\u0161\u0101 ampula ar PDRN R5 kompleksu ir paredz\u0113ta \u0101das elast\u012bbas atjauno\u0161anai, t\u0101s elast\u012bbas palielin\u0101\u0161anai un visp\u0101r\u0113j\u0101 st\u0101vok\u013ca uzlabo\u0161anai.<\/p>\n","protected":false},"featured_media":26780,"comment_status":"open","ping_status":"closed","template":"","meta":{"site-sidebar-layout":"default","site-content-layout":"","ast-site-content-layout":"default","site-content-style":"default","site-sidebar-style":"default","ast-global-header-display":"","ast-banner-title-visibility":"","ast-main-header-display":"","ast-hfb-above-header-display":"","ast-hfb-below-header-display":"","ast-hfb-mobile-header-display":"","site-post-title":"","ast-breadcrumbs-content":"","ast-featured-img":"","footer-sml-layout":"","theme-transparent-header-meta":"default","adv-header-id-meta":"","stick-header-meta":"","header-above-stick-meta":"","header-main-stick-meta":"","header-below-stick-meta":"","astra-migrate-meta-layouts":"set","ast-page-background-enabled":"default","ast-page-background-meta":{"desktop":{"background-color":"var(--ast-global-color-4)","background-image":"","background-repeat":"repeat","background-position":"center center","background-size":"auto","background-attachment":"scroll","background-type":"","background-media":"","overlay-type":"","overlay-color":"","overlay-opacity":"","overlay-gradient":""},"tablet":{"background-color":"","background-image":"","background-repeat":"repeat","background-position":"center center","background-size":"auto","background-attachment":"scroll","background-type":"","background-media":"","overlay-type":"","overlay-color":"","overlay-opacity":"","overlay-gradient":""},"mobile":{"background-color":"","background-image":"","background-repeat":"repeat","background-position":"center center","background-size":"auto","background-attachment":"scroll","background-type":"","background-media":"","overlay-type":"","overlay-color":"","overlay-opacity":"","overlay-gradient":""}},"ast-content-background-meta":{"desktop":{"background-color":"var(--ast-global-color-5)","background-image":"","background-repeat":"repeat","background-position":"center center","background-size":"auto","background-attachment":"scroll","background-type":"","background-media":"","overlay-type":"","overlay-color":"","overlay-opacity":"","overlay-gradient":""},"tablet":{"background-color":"var(--ast-global-color-5)","background-image":"","background-repeat":"repeat","background-position":"center center","background-size":"auto","background-attachment":"scroll","background-type":"","background-media":"","overlay-type":"","overlay-color":"","overlay-opacity":"","overlay-gradient":""},"mobile":{"background-color":"var(--ast-global-color-5)","background-image":"","background-repeat":"repeat","background-position":"center center","background-size":"auto","background-attachment":"scroll","background-type":"","background-media":"","overlay-type":"","overlay-color":"","overlay-opacity":"","overlay-gradient":""}}},"product_brand":[],"product_cat":[370,371,652,363],"product_tag":[],"berocket_brand":[582],"class_list":{"0":"post-26779","1":"product","2":"type-product","3":"status-publish","4":"has-post-thumbnail","6":"product_cat-adas-mirdzumam","7":"product_cat-anti-age","8":"product_cat-pdrn","9":"product_cat-serumi","10":"berocket_brand-vt","11":"desktop-align-left","12":"tablet-align-left","13":"mobile-align-left","15":"first","16":"instock","17":"taxable","18":"shipping-taxable","19":"purchasable","20":"product-type-simple","21":"add-to-wishlist-before_image"},"yoast_head":"<!-- This site is optimized with the Yoast SEO plugin v27.4 - https:\/\/yoast.com\/product\/yoast-seo-wordpress\/ -->\n<title>VT PDRN R5 Firming Ampoule stiprino\u0161\u0101 ampula ar PDRN R5 kompleksu 30ml - FACECORNER<\/title>\n<meta name=\"description\" content=\"VT PDRN R5 Firming Ampoule stiprino\u0161\u0101 ampula ar PDRN R5 kompleksu ir paredz\u0113ta \u0101das elast\u012bbas atjauno\u0161anai, t\u0101s elast\u012bbas palielin\u0101\u0161anai un visp\u0101r\u0113j\u0101 st\u0101vok\u013ca uzlabo\u0161anai.\" \/>\n<meta name=\"robots\" content=\"index, follow, max-snippet:-1, max-image-preview:large, max-video-preview:-1\" \/>\n<link rel=\"canonical\" href=\"https:\/\/www.facecorner.lv\/lv\/shop\/vt-pdrn-r5-firming-ampoule-stiprinosa-ampula-ar-pdrn-r5-kompleksu-30ml\/\" \/>\n<meta property=\"og:locale\" content=\"lv_LV\" \/>\n<meta property=\"og:type\" content=\"article\" \/>\n<meta property=\"og:title\" content=\"VT PDRN R5 Firming Ampoule stiprino\u0161\u0101 ampula ar PDRN R5 kompleksu 30ml - FACECORNER\" \/>\n<meta property=\"og:description\" content=\"VT PDRN R5 Firming Ampoule stiprino\u0161\u0101 ampula ar PDRN R5 kompleksu ir paredz\u0113ta \u0101das elast\u012bbas atjauno\u0161anai, t\u0101s elast\u012bbas palielin\u0101\u0161anai un visp\u0101r\u0113j\u0101 st\u0101vok\u013ca uzlabo\u0161anai.\" \/>\n<meta property=\"og:url\" content=\"https:\/\/www.facecorner.lv\/lv\/shop\/vt-pdrn-r5-firming-ampoule-stiprinosa-ampula-ar-pdrn-r5-kompleksu-30ml\/\" \/>\n<meta property=\"og:site_name\" content=\"FACECORNER\" \/>\n<meta property=\"article:publisher\" content=\"https:\/\/www.facebook.com\/profile.php?id=100063824551839\" \/>\n<meta property=\"article:modified_time\" content=\"2026-04-20T12:11:05+00:00\" \/>\n<meta property=\"og:image\" content=\"https:\/\/www.facecorner.lv\/wp-content\/uploads\/2026\/02\/VTCosmeticsR5FirmingAmpoule30ml_PDRN_-1_600x600.webp\" \/>\n\t<meta property=\"og:image:width\" content=\"600\" \/>\n\t<meta property=\"og:image:height\" content=\"600\" \/>\n\t<meta property=\"og:image:type\" content=\"image\/webp\" \/>\n<meta name=\"twitter:card\" content=\"summary_large_image\" \/>\n<meta name=\"twitter:label1\" content=\"Price\" \/>\n\t<meta name=\"twitter:data1\" content=\"&euro;21.95\" \/>\n\t<meta name=\"twitter:label2\" content=\"Availability\" \/>\n\t<meta name=\"twitter:data2\" content=\"In stock\" \/>\n<script type=\"application\/ld+json\" class=\"yoast-schema-graph\">{\"@context\":\"https:\\\/\\\/schema.org\",\"@graph\":[{\"@type\":\"WebPage\",\"@id\":\"https:\\\/\\\/www.facecorner.lv\\\/shop\\\/vt-pdrn-r5-firming-ampoule-stiprinosa-ampula-ar-pdrn-r5-kompleksu-30ml\\\/\",\"url\":\"https:\\\/\\\/www.facecorner.lv\\\/shop\\\/vt-pdrn-r5-firming-ampoule-stiprinosa-ampula-ar-pdrn-r5-kompleksu-30ml\\\/\",\"name\":\"VT PDRN R5 Firming Ampoule stiprino\u0161\u0101 ampula ar PDRN R5 kompleksu 30ml - FACECORNER\",\"isPartOf\":{\"@id\":\"https:\\\/\\\/www.facecorner.lv\\\/#website\"},\"primaryImageOfPage\":{\"@id\":\"https:\\\/\\\/www.facecorner.lv\\\/shop\\\/vt-pdrn-r5-firming-ampoule-stiprinosa-ampula-ar-pdrn-r5-kompleksu-30ml\\\/#primaryimage\"},\"image\":{\"@id\":\"https:\\\/\\\/www.facecorner.lv\\\/shop\\\/vt-pdrn-r5-firming-ampoule-stiprinosa-ampula-ar-pdrn-r5-kompleksu-30ml\\\/#primaryimage\"},\"thumbnailUrl\":\"https:\\\/\\\/www.facecorner.lv\\\/wp-content\\\/uploads\\\/2026\\\/02\\\/VTCosmeticsR5FirmingAmpoule30ml_PDRN_-1_600x600.webp\",\"datePublished\":\"2026-02-02T12:51:50+00:00\",\"dateModified\":\"2026-04-20T12:11:05+00:00\",\"description\":\"VT PDRN R5 Firming Ampoule stiprino\u0161\u0101 ampula ar PDRN R5 kompleksu ir paredz\u0113ta \u0101das elast\u012bbas atjauno\u0161anai, t\u0101s elast\u012bbas palielin\u0101\u0161anai un visp\u0101r\u0113j\u0101 st\u0101vok\u013ca uzlabo\u0161anai.\",\"breadcrumb\":{\"@id\":\"https:\\\/\\\/www.facecorner.lv\\\/shop\\\/vt-pdrn-r5-firming-ampoule-stiprinosa-ampula-ar-pdrn-r5-kompleksu-30ml\\\/#breadcrumb\"},\"inLanguage\":\"lv-LV\",\"potentialAction\":[{\"@type\":\"ReadAction\",\"target\":[\"https:\\\/\\\/www.facecorner.lv\\\/shop\\\/vt-pdrn-r5-firming-ampoule-stiprinosa-ampula-ar-pdrn-r5-kompleksu-30ml\\\/\"]}]},{\"@type\":\"ImageObject\",\"inLanguage\":\"lv-LV\",\"@id\":\"https:\\\/\\\/www.facecorner.lv\\\/shop\\\/vt-pdrn-r5-firming-ampoule-stiprinosa-ampula-ar-pdrn-r5-kompleksu-30ml\\\/#primaryimage\",\"url\":\"https:\\\/\\\/www.facecorner.lv\\\/wp-content\\\/uploads\\\/2026\\\/02\\\/VTCosmeticsR5FirmingAmpoule30ml_PDRN_-1_600x600.webp\",\"contentUrl\":\"https:\\\/\\\/www.facecorner.lv\\\/wp-content\\\/uploads\\\/2026\\\/02\\\/VTCosmeticsR5FirmingAmpoule30ml_PDRN_-1_600x600.webp\",\"width\":600,\"height\":600,\"caption\":\"VT PDRN R5 Firming Ampoule\"},{\"@type\":\"BreadcrumbList\",\"@id\":\"https:\\\/\\\/www.facecorner.lv\\\/shop\\\/vt-pdrn-r5-firming-ampoule-stiprinosa-ampula-ar-pdrn-r5-kompleksu-30ml\\\/#breadcrumb\",\"itemListElement\":[{\"@type\":\"ListItem\",\"position\":1,\"name\":\"Home\",\"item\":\"https:\\\/\\\/www.facecorner.lv\\\/\"},{\"@type\":\"ListItem\",\"position\":2,\"name\":\"Veikals\",\"item\":\"https:\\\/\\\/www.facecorner.lv\\\/shop\\\/\"},{\"@type\":\"ListItem\",\"position\":3,\"name\":\"VT PDRN R5 Firming Ampoule stiprino\u0161\u0101 ampula ar PDRN R5 kompleksu 30ml\"}]},{\"@type\":\"WebSite\",\"@id\":\"https:\\\/\\\/www.facecorner.lv\\\/#website\",\"url\":\"https:\\\/\\\/www.facecorner.lv\\\/\",\"name\":\"Facecorner\",\"description\":\"\",\"publisher\":{\"@id\":\"https:\\\/\\\/www.facecorner.lv\\\/#organization\"},\"potentialAction\":[{\"@type\":\"SearchAction\",\"target\":{\"@type\":\"EntryPoint\",\"urlTemplate\":\"https:\\\/\\\/www.facecorner.lv\\\/?s={search_term_string}\"},\"query-input\":{\"@type\":\"PropertyValueSpecification\",\"valueRequired\":true,\"valueName\":\"search_term_string\"}}],\"inLanguage\":\"lv-LV\"},{\"@type\":\"Organization\",\"@id\":\"https:\\\/\\\/www.facecorner.lv\\\/#organization\",\"name\":\"Facecorner\",\"url\":\"https:\\\/\\\/www.facecorner.lv\\\/\",\"logo\":{\"@type\":\"ImageObject\",\"inLanguage\":\"lv-LV\",\"@id\":\"https:\\\/\\\/www.facecorner.lv\\\/#\\\/schema\\\/logo\\\/image\\\/\",\"url\":\"https:\\\/\\\/www.facecorner.lv\\\/wp-content\\\/uploads\\\/2024\\\/04\\\/fc-logo.jpg\",\"contentUrl\":\"https:\\\/\\\/www.facecorner.lv\\\/wp-content\\\/uploads\\\/2024\\\/04\\\/fc-logo.jpg\",\"width\":174,\"height\":28,\"caption\":\"Facecorner\"},\"image\":{\"@id\":\"https:\\\/\\\/www.facecorner.lv\\\/#\\\/schema\\\/logo\\\/image\\\/\"},\"sameAs\":[\"https:\\\/\\\/www.facebook.com\\\/profile.php?id=100063824551839\",\"https:\\\/\\\/www.instagram.com\\\/facecorner_shop\\\/\"]}]}<\/script>\n<meta property=\"product:price:amount\" content=\"21.95\" \/>\n<meta property=\"product:price:currency\" content=\"EUR\" \/>\n<meta property=\"og:availability\" content=\"instock\" \/>\n<meta property=\"product:availability\" content=\"instock\" \/>\n<meta property=\"product:condition\" content=\"new\" \/>\n<!-- \/ Yoast SEO plugin. -->","yoast_head_json":{"title":"VT PDRN R5 Firming Ampoule stiprino\u0161\u0101 ampula ar PDRN R5 kompleksu 30ml - FACECORNER","description":"VT PDRN R5 Firming Ampoule stiprino\u0161\u0101 ampula ar PDRN R5 kompleksu ir paredz\u0113ta \u0101das elast\u012bbas atjauno\u0161anai, t\u0101s elast\u012bbas palielin\u0101\u0161anai un visp\u0101r\u0113j\u0101 st\u0101vok\u013ca uzlabo\u0161anai.","robots":{"index":"index","follow":"follow","max-snippet":"max-snippet:-1","max-image-preview":"max-image-preview:large","max-video-preview":"max-video-preview:-1"},"canonical":"https:\/\/www.facecorner.lv\/lv\/shop\/vt-pdrn-r5-firming-ampoule-stiprinosa-ampula-ar-pdrn-r5-kompleksu-30ml\/","og_locale":"lv_LV","og_type":"article","og_title":"VT PDRN R5 Firming Ampoule stiprino\u0161\u0101 ampula ar PDRN R5 kompleksu 30ml - FACECORNER","og_description":"VT PDRN R5 Firming Ampoule stiprino\u0161\u0101 ampula ar PDRN R5 kompleksu ir paredz\u0113ta \u0101das elast\u012bbas atjauno\u0161anai, t\u0101s elast\u012bbas palielin\u0101\u0161anai un visp\u0101r\u0113j\u0101 st\u0101vok\u013ca uzlabo\u0161anai.","og_url":"https:\/\/www.facecorner.lv\/lv\/shop\/vt-pdrn-r5-firming-ampoule-stiprinosa-ampula-ar-pdrn-r5-kompleksu-30ml\/","og_site_name":"FACECORNER","article_publisher":"https:\/\/www.facebook.com\/profile.php?id=100063824551839","article_modified_time":"2026-04-20T12:11:05+00:00","og_image":[{"width":600,"height":600,"url":"https:\/\/www.facecorner.lv\/wp-content\/uploads\/2026\/02\/VTCosmeticsR5FirmingAmpoule30ml_PDRN_-1_600x600.webp","type":"image\/webp"}],"twitter_card":"summary_large_image","twitter_misc":{"Price":"&euro;21.95","Availability":"In stock"},"schema":{"@context":"https:\/\/schema.org","@graph":[{"@type":"WebPage","@id":"https:\/\/www.facecorner.lv\/shop\/vt-pdrn-r5-firming-ampoule-stiprinosa-ampula-ar-pdrn-r5-kompleksu-30ml\/","url":"https:\/\/www.facecorner.lv\/shop\/vt-pdrn-r5-firming-ampoule-stiprinosa-ampula-ar-pdrn-r5-kompleksu-30ml\/","name":"VT PDRN R5 Firming Ampoule stiprino\u0161\u0101 ampula ar PDRN R5 kompleksu 30ml - FACECORNER","isPartOf":{"@id":"https:\/\/www.facecorner.lv\/#website"},"primaryImageOfPage":{"@id":"https:\/\/www.facecorner.lv\/shop\/vt-pdrn-r5-firming-ampoule-stiprinosa-ampula-ar-pdrn-r5-kompleksu-30ml\/#primaryimage"},"image":{"@id":"https:\/\/www.facecorner.lv\/shop\/vt-pdrn-r5-firming-ampoule-stiprinosa-ampula-ar-pdrn-r5-kompleksu-30ml\/#primaryimage"},"thumbnailUrl":"https:\/\/www.facecorner.lv\/wp-content\/uploads\/2026\/02\/VTCosmeticsR5FirmingAmpoule30ml_PDRN_-1_600x600.webp","datePublished":"2026-02-02T12:51:50+00:00","dateModified":"2026-04-20T12:11:05+00:00","description":"VT PDRN R5 Firming Ampoule stiprino\u0161\u0101 ampula ar PDRN R5 kompleksu ir paredz\u0113ta \u0101das elast\u012bbas atjauno\u0161anai, t\u0101s elast\u012bbas palielin\u0101\u0161anai un visp\u0101r\u0113j\u0101 st\u0101vok\u013ca uzlabo\u0161anai.","breadcrumb":{"@id":"https:\/\/www.facecorner.lv\/shop\/vt-pdrn-r5-firming-ampoule-stiprinosa-ampula-ar-pdrn-r5-kompleksu-30ml\/#breadcrumb"},"inLanguage":"lv-LV","potentialAction":[{"@type":"ReadAction","target":["https:\/\/www.facecorner.lv\/shop\/vt-pdrn-r5-firming-ampoule-stiprinosa-ampula-ar-pdrn-r5-kompleksu-30ml\/"]}]},{"@type":"ImageObject","inLanguage":"lv-LV","@id":"https:\/\/www.facecorner.lv\/shop\/vt-pdrn-r5-firming-ampoule-stiprinosa-ampula-ar-pdrn-r5-kompleksu-30ml\/#primaryimage","url":"https:\/\/www.facecorner.lv\/wp-content\/uploads\/2026\/02\/VTCosmeticsR5FirmingAmpoule30ml_PDRN_-1_600x600.webp","contentUrl":"https:\/\/www.facecorner.lv\/wp-content\/uploads\/2026\/02\/VTCosmeticsR5FirmingAmpoule30ml_PDRN_-1_600x600.webp","width":600,"height":600,"caption":"VT PDRN R5 Firming Ampoule"},{"@type":"BreadcrumbList","@id":"https:\/\/www.facecorner.lv\/shop\/vt-pdrn-r5-firming-ampoule-stiprinosa-ampula-ar-pdrn-r5-kompleksu-30ml\/#breadcrumb","itemListElement":[{"@type":"ListItem","position":1,"name":"Home","item":"https:\/\/www.facecorner.lv\/"},{"@type":"ListItem","position":2,"name":"Veikals","item":"https:\/\/www.facecorner.lv\/shop\/"},{"@type":"ListItem","position":3,"name":"VT PDRN R5 Firming Ampoule stiprino\u0161\u0101 ampula ar PDRN R5 kompleksu 30ml"}]},{"@type":"WebSite","@id":"https:\/\/www.facecorner.lv\/#website","url":"https:\/\/www.facecorner.lv\/","name":"Facecorner","description":"","publisher":{"@id":"https:\/\/www.facecorner.lv\/#organization"},"potentialAction":[{"@type":"SearchAction","target":{"@type":"EntryPoint","urlTemplate":"https:\/\/www.facecorner.lv\/?s={search_term_string}"},"query-input":{"@type":"PropertyValueSpecification","valueRequired":true,"valueName":"search_term_string"}}],"inLanguage":"lv-LV"},{"@type":"Organization","@id":"https:\/\/www.facecorner.lv\/#organization","name":"Facecorner","url":"https:\/\/www.facecorner.lv\/","logo":{"@type":"ImageObject","inLanguage":"lv-LV","@id":"https:\/\/www.facecorner.lv\/#\/schema\/logo\/image\/","url":"https:\/\/www.facecorner.lv\/wp-content\/uploads\/2024\/04\/fc-logo.jpg","contentUrl":"https:\/\/www.facecorner.lv\/wp-content\/uploads\/2024\/04\/fc-logo.jpg","width":174,"height":28,"caption":"Facecorner"},"image":{"@id":"https:\/\/www.facecorner.lv\/#\/schema\/logo\/image\/"},"sameAs":["https:\/\/www.facebook.com\/profile.php?id=100063824551839","https:\/\/www.instagram.com\/facecorner_shop\/"]}]},"product_price_amount":"21.95","product_price_currency":"EUR","og_availability":"instock","product_availability":"instock","product_condition":"new"},"_links":{"self":[{"href":"https:\/\/www.facecorner.lv\/lv\/wp-json\/wp\/v2\/product\/26779","targetHints":{"allow":["GET"]}}],"collection":[{"href":"https:\/\/www.facecorner.lv\/lv\/wp-json\/wp\/v2\/product"}],"about":[{"href":"https:\/\/www.facecorner.lv\/lv\/wp-json\/wp\/v2\/types\/product"}],"replies":[{"embeddable":true,"href":"https:\/\/www.facecorner.lv\/lv\/wp-json\/wp\/v2\/comments?post=26779"}],"wp:featuredmedia":[{"embeddable":true,"href":"https:\/\/www.facecorner.lv\/lv\/wp-json\/wp\/v2\/media\/26780"}],"wp:attachment":[{"href":"https:\/\/www.facecorner.lv\/lv\/wp-json\/wp\/v2\/media?parent=26779"}],"wp:term":[{"taxonomy":"product_brand","embeddable":true,"href":"https:\/\/www.facecorner.lv\/lv\/wp-json\/wp\/v2\/product_brand?post=26779"},{"taxonomy":"product_cat","embeddable":true,"href":"https:\/\/www.facecorner.lv\/lv\/wp-json\/wp\/v2\/product_cat?post=26779"},{"taxonomy":"product_tag","embeddable":true,"href":"https:\/\/www.facecorner.lv\/lv\/wp-json\/wp\/v2\/product_tag?post=26779"},{"taxonomy":"berocket_brand","embeddable":true,"href":"https:\/\/www.facecorner.lv\/lv\/wp-json\/wp\/v2\/berocket_brand?post=26779"}],"curies":[{"name":"wp","href":"https:\/\/api.w.org\/{rel}","templated":true}]}}