{"id":26748,"date":"2026-01-28T16:49:06","date_gmt":"2026-01-28T13:49:06","guid":{"rendered":"https:\/\/www.facecorner.lv\/?post_type=product&#038;p=26748"},"modified":"2026-01-29T16:09:55","modified_gmt":"2026-01-29T13:09:55","slug":"medicube-retinol-nmn-boosting-serum-ir-pretnovecosanas-serums-30ml","status":"publish","type":"product","link":"https:\/\/www.facecorner.lv\/lv\/shop\/medicube-retinol-nmn-boosting-serum-ir-pretnovecosanas-serums-30ml\/","title":{"rendered":"Medicube Retinol NMN Boosting Serum ir pretnoveco\u0161an\u0101s serums 30ml"},"content":{"rendered":"<p>Medicube Retinol NMN Boosting Serum (30 ml) ir\u00a0 pretnoveco\u0161an\u0101s serums, kas apvieno 1,9% retinola un NMN (nikot\u012bnam\u012bda mononukleot\u012bda) kompleksu, lai palielin\u0101tu elast\u012bbu, izl\u012bdzin\u0101tu grumbas un sa\u0161aurin\u0101tu poras.<\/p>\n<p>Tas stimul\u0113 kolag\u0113na ra\u017eo\u0161anu, padara pigment\u0101ciju gai\u0161\u0101ku un mitrina \u0101du, vienlaikus saglab\u0101jot to maigu un piem\u0113rotu jut\u012bgai \u0101dai, pateicoties barojo\u0161aj\u0101m sast\u0101vda\u013c\u0101m.<\/p>\n<h6>Pamat\u012bpa\u0161\u012bbas un darb\u012bba:<\/h6>\n<ul>\n<li>Pretnoveco\u0161an\u0101s efekts: 4 pept\u012bdu un retino\u012bdu (tostarp HPR un retinola) komplekss stimul\u0113 \u0161\u016bnu atjauno\u0161anos, samazinot dzi\u013cas grumbas un krokas.<\/li>\n<li>NMN darb\u012bba: Nikot\u012bnam\u012bda mononukleot\u012bds palielina elast\u012bbu, uzlabo \u0101das tekst\u016bru un stiprina barjeras funkcijas, nov\u0113r\u0161ot sausumu.<\/li>\n<li>Poru un tonusa kop\u0161ana: Serums c\u012bn\u0101s ar nosl\u012bd\u0113ju\u0161\u0101m por\u0101m, balina pigmenta plankumus un r\u0113tas, izl\u012bdzina toni.<\/li>\n<li>Baro\u0161ana un aizsardz\u012bba: Sast\u0101v\u0101 ietilpst skval\u0101ns (mitrina), pantenols (nomierino\u0161s) un centellas komplekss (pretiekaisuma iedarb\u012bba).<\/li>\n<\/ul>\n<p><strong>Lieto\u0161anas:<\/strong> Serums ir paredz\u0113ts vakara kop\u0161anai. Lietojiet to katru dienu p\u0113c 2 ned\u0113\u013c\u0101m, p\u0113c tam p\u0101rejiet uz ikdienas lieto\u0161anu. Uzkl\u0101jiet uz t\u012bras un sausas \u0101das. Dienas laik\u0101 oblig\u0101ti j\u0101lieto sau\u013co\u0161an\u0101s kr\u0113ms (SPF 30+).<\/p>\n<p><strong>Sast\u0101vs:<\/strong> Water, Glycereth-26, Niacinamide, Glycerin, Caprylic\/Capric Triglyceride, Water, Caprylic\/Capric Triglyceride, Macadamia Ternifolia Seed Oil, Butylene Glycol, Hydrogenated Lecithin, Retinol (1,140 ppm), Brassica Campestris (Rapeseed) Sterols, Glycerin, 1,2-Hexanediol, Cholesterol, Polyglyceryl-10 Laurate, Phytosteryl\/Behenyl\/Octyldodecyl Lauroyl Glutamate, Aluminum\/Magnesium Hydroxide Stearate, Pentaerythrityl Tetra-di-t-butyl Hydroxyhydrocinnamate, Potassium Cetyl Phosphate, Tris (Tetramethylhydroxypiperidinol) Citrate, Glyceryl Citrate\/Lactate\/Linoleate\/Oleate, Elaeis Guineensis (Palm) Oil, 1,2-Hexanediol, Cetyl Ethylhexanoate, Hydroxyacetophenone, Ammonium Acryloyldimethyltaurate\/VP Copolymer, Polyacrylate Crosspolymer-6, Aluminum Starch Octenylsuccinate, Glycerin, Retinal, Squalane, Water, Polyquaternium-51, Tocopherol, Panthenol, Allantoin, Adenosine, Disodium EDTA, Water, Bifida Ferment Lysate, Lactobacillus Ferment Lysate, Lactococcus Ferment Lysate, Dipropylene Glycol, Niacinamide, 1,2-Hexanediol, Hydrogenated Lecithin, Panthenol, Centella Asiatica Leaf Extract, Asiaticoside, Asiatic Acid, Madecassic Acid, Beta-Glucan, Ceramide NP, Propanediol, Eriobotrya Japonica Leaf Extract, 1,2-Hexanediol, Mentha Viridis (Spearmint) Extract, Sodium Hyaluronate Crosspolymer, Pentylene Glycol, Ethylhexylglycerin, Nicotinamide Mononucleotide (100 ppm), Water, 1,2-Hexanediol, Glycerin, Akebia Quinata Extract, Butylene Glycol, Caprylyl\/Capryl Glucoside, Camellia Japonica Flower Extract, Polyglyceryl-10 Laurate, Polyglyceryl-10 Oleate, Propanediol, Acetyl Hexapeptide-8, Acetyl Tetrapeptide-5, Adenosine, Carnosine, Palmitoyl Tetrapeptide-7, Palmitoyl Tripeptide-5, Yeast Beta-Glucan, Ferulic Acid, 3-O-Ethyl Ascorbic Acid, Ascorbic Acid<\/p>\n","protected":false},"excerpt":{"rendered":"<p>Medicube Retinol NMN Boosting Serum (30 ml) ir\u00a0 pretnoveco\u0161an\u0101s serums, kas apvieno 1,9% retinola un NMN (nikot\u012bnam\u012bda mononukleot\u012bda) kompleksu, lai palielin\u0101tu elast\u012bbu, izl\u012bdzin\u0101tu grumbas un sa\u0161aurin\u0101tu poras.<\/p>\n","protected":false},"featured_media":26749,"comment_status":"open","ping_status":"closed","template":"","meta":{"site-sidebar-layout":"default","site-content-layout":"","ast-site-content-layout":"default","site-content-style":"default","site-sidebar-style":"default","ast-global-header-display":"","ast-banner-title-visibility":"","ast-main-header-display":"","ast-hfb-above-header-display":"","ast-hfb-below-header-display":"","ast-hfb-mobile-header-display":"","site-post-title":"","ast-breadcrumbs-content":"","ast-featured-img":"","footer-sml-layout":"","theme-transparent-header-meta":"default","adv-header-id-meta":"","stick-header-meta":"","header-above-stick-meta":"","header-main-stick-meta":"","header-below-stick-meta":"","astra-migrate-meta-layouts":"set","ast-page-background-enabled":"default","ast-page-background-meta":{"desktop":{"background-color":"var(--ast-global-color-4)","background-image":"","background-repeat":"repeat","background-position":"center center","background-size":"auto","background-attachment":"scroll","background-type":"","background-media":"","overlay-type":"","overlay-color":"","overlay-opacity":"","overlay-gradient":""},"tablet":{"background-color":"","background-image":"","background-repeat":"repeat","background-position":"center center","background-size":"auto","background-attachment":"scroll","background-type":"","background-media":"","overlay-type":"","overlay-color":"","overlay-opacity":"","overlay-gradient":""},"mobile":{"background-color":"","background-image":"","background-repeat":"repeat","background-position":"center center","background-size":"auto","background-attachment":"scroll","background-type":"","background-media":"","overlay-type":"","overlay-color":"","overlay-opacity":"","overlay-gradient":""}},"ast-content-background-meta":{"desktop":{"background-color":"var(--ast-global-color-5)","background-image":"","background-repeat":"repeat","background-position":"center center","background-size":"auto","background-attachment":"scroll","background-type":"","background-media":"","overlay-type":"","overlay-color":"","overlay-opacity":"","overlay-gradient":""},"tablet":{"background-color":"var(--ast-global-color-5)","background-image":"","background-repeat":"repeat","background-position":"center center","background-size":"auto","background-attachment":"scroll","background-type":"","background-media":"","overlay-type":"","overlay-color":"","overlay-opacity":"","overlay-gradient":""},"mobile":{"background-color":"var(--ast-global-color-5)","background-image":"","background-repeat":"repeat","background-position":"center center","background-size":"auto","background-attachment":"scroll","background-type":"","background-media":"","overlay-type":"","overlay-color":"","overlay-opacity":"","overlay-gradient":""}}},"product_brand":[],"product_cat":[370,371,363],"product_tag":[],"berocket_brand":[579],"class_list":{"0":"post-26748","1":"product","2":"type-product","3":"status-publish","4":"has-post-thumbnail","6":"product_cat-adas-mirdzumam","7":"product_cat-anti-age","8":"product_cat-serumi","9":"berocket_brand-medicube","10":"desktop-align-left","11":"tablet-align-left","12":"mobile-align-left","14":"first","15":"outofstock","16":"taxable","17":"shipping-taxable","18":"purchasable","19":"product-type-simple","20":"add-to-wishlist-before_image"},"yoast_head":"<!-- This site is optimized with the Yoast SEO plugin v27.4 - https:\/\/yoast.com\/product\/yoast-seo-wordpress\/ -->\n<title>Medicube Retinol NMN Boosting Serum ir pretnoveco\u0161an\u0101s serums 30ml - FACECORNER<\/title>\n<meta name=\"description\" content=\"Medicube Retinol NMN Boosting Serum (30 ml) ir\u00a0 pretnoveco\u0161an\u0101s serums, kas apvieno 1,9% retinola un NMN (nikot\u012bnam\u012bda mononukleot\u012bda) kompleksu, lai palielin\u0101tu elast\u012bbu, izl\u012bdzin\u0101tu grumbas un sa\u0161aurin\u0101tu poras.\" \/>\n<meta name=\"robots\" content=\"index, follow, max-snippet:-1, max-image-preview:large, max-video-preview:-1\" \/>\n<link rel=\"canonical\" href=\"https:\/\/www.facecorner.lv\/lv\/shop\/medicube-retinol-nmn-boosting-serum-ir-pretnovecosanas-serums-30ml\/\" \/>\n<meta property=\"og:locale\" content=\"lv_LV\" \/>\n<meta property=\"og:type\" content=\"article\" \/>\n<meta property=\"og:title\" content=\"Medicube Retinol NMN Boosting Serum ir pretnoveco\u0161an\u0101s serums 30ml - FACECORNER\" \/>\n<meta property=\"og:description\" content=\"Medicube Retinol NMN Boosting Serum (30 ml) ir\u00a0 pretnoveco\u0161an\u0101s serums, kas apvieno 1,9% retinola un NMN (nikot\u012bnam\u012bda mononukleot\u012bda) kompleksu, lai palielin\u0101tu elast\u012bbu, izl\u012bdzin\u0101tu grumbas un sa\u0161aurin\u0101tu poras.\" \/>\n<meta property=\"og:url\" content=\"https:\/\/www.facecorner.lv\/lv\/shop\/medicube-retinol-nmn-boosting-serum-ir-pretnovecosanas-serums-30ml\/\" \/>\n<meta property=\"og:site_name\" content=\"FACECORNER\" \/>\n<meta property=\"article:publisher\" content=\"https:\/\/www.facebook.com\/profile.php?id=100063824551839\" \/>\n<meta property=\"article:modified_time\" content=\"2026-01-29T13:09:55+00:00\" \/>\n<meta property=\"og:image\" content=\"https:\/\/www.facecorner.lv\/wp-content\/uploads\/2026\/01\/images-8.jpeg\" \/>\n\t<meta property=\"og:image:width\" content=\"225\" \/>\n\t<meta property=\"og:image:height\" content=\"225\" \/>\n\t<meta property=\"og:image:type\" content=\"image\/jpeg\" \/>\n<meta name=\"twitter:card\" content=\"summary_large_image\" \/>\n<meta name=\"twitter:label1\" content=\"Price\" \/>\n\t<meta name=\"twitter:data1\" content=\"&euro;35.00\" \/>\n\t<meta name=\"twitter:label2\" content=\"Availability\" \/>\n\t<meta name=\"twitter:data2\" content=\"Out of stock\" \/>\n<script type=\"application\/ld+json\" class=\"yoast-schema-graph\">{\"@context\":\"https:\\\/\\\/schema.org\",\"@graph\":[{\"@type\":\"WebPage\",\"@id\":\"https:\\\/\\\/www.facecorner.lv\\\/shop\\\/medicube-retinol-nmn-boosting-serum-ir-pretnovecosanas-serums-30ml\\\/\",\"url\":\"https:\\\/\\\/www.facecorner.lv\\\/shop\\\/medicube-retinol-nmn-boosting-serum-ir-pretnovecosanas-serums-30ml\\\/\",\"name\":\"Medicube Retinol NMN Boosting Serum ir pretnoveco\u0161an\u0101s serums 30ml - FACECORNER\",\"isPartOf\":{\"@id\":\"https:\\\/\\\/www.facecorner.lv\\\/#website\"},\"primaryImageOfPage\":{\"@id\":\"https:\\\/\\\/www.facecorner.lv\\\/shop\\\/medicube-retinol-nmn-boosting-serum-ir-pretnovecosanas-serums-30ml\\\/#primaryimage\"},\"image\":{\"@id\":\"https:\\\/\\\/www.facecorner.lv\\\/shop\\\/medicube-retinol-nmn-boosting-serum-ir-pretnovecosanas-serums-30ml\\\/#primaryimage\"},\"thumbnailUrl\":\"https:\\\/\\\/www.facecorner.lv\\\/wp-content\\\/uploads\\\/2026\\\/01\\\/images-8.jpeg\",\"datePublished\":\"2026-01-28T13:49:06+00:00\",\"dateModified\":\"2026-01-29T13:09:55+00:00\",\"description\":\"Medicube Retinol NMN Boosting Serum (30 ml) ir\u00a0 pretnoveco\u0161an\u0101s serums, kas apvieno 1,9% retinola un NMN (nikot\u012bnam\u012bda mononukleot\u012bda) kompleksu, lai palielin\u0101tu elast\u012bbu, izl\u012bdzin\u0101tu grumbas un sa\u0161aurin\u0101tu poras.\",\"breadcrumb\":{\"@id\":\"https:\\\/\\\/www.facecorner.lv\\\/shop\\\/medicube-retinol-nmn-boosting-serum-ir-pretnovecosanas-serums-30ml\\\/#breadcrumb\"},\"inLanguage\":\"lv-LV\",\"potentialAction\":[{\"@type\":\"ReadAction\",\"target\":[\"https:\\\/\\\/www.facecorner.lv\\\/shop\\\/medicube-retinol-nmn-boosting-serum-ir-pretnovecosanas-serums-30ml\\\/\"]}]},{\"@type\":\"ImageObject\",\"inLanguage\":\"lv-LV\",\"@id\":\"https:\\\/\\\/www.facecorner.lv\\\/shop\\\/medicube-retinol-nmn-boosting-serum-ir-pretnovecosanas-serums-30ml\\\/#primaryimage\",\"url\":\"https:\\\/\\\/www.facecorner.lv\\\/wp-content\\\/uploads\\\/2026\\\/01\\\/images-8.jpeg\",\"contentUrl\":\"https:\\\/\\\/www.facecorner.lv\\\/wp-content\\\/uploads\\\/2026\\\/01\\\/images-8.jpeg\",\"width\":225,\"height\":225,\"caption\":\"Medicube Retinol NMN Boosting Serum\"},{\"@type\":\"BreadcrumbList\",\"@id\":\"https:\\\/\\\/www.facecorner.lv\\\/shop\\\/medicube-retinol-nmn-boosting-serum-ir-pretnovecosanas-serums-30ml\\\/#breadcrumb\",\"itemListElement\":[{\"@type\":\"ListItem\",\"position\":1,\"name\":\"Home\",\"item\":\"https:\\\/\\\/www.facecorner.lv\\\/\"},{\"@type\":\"ListItem\",\"position\":2,\"name\":\"Veikals\",\"item\":\"https:\\\/\\\/www.facecorner.lv\\\/shop\\\/\"},{\"@type\":\"ListItem\",\"position\":3,\"name\":\"Medicube Retinol NMN Boosting Serum ir pretnoveco\u0161an\u0101s serums 30ml\"}]},{\"@type\":\"WebSite\",\"@id\":\"https:\\\/\\\/www.facecorner.lv\\\/#website\",\"url\":\"https:\\\/\\\/www.facecorner.lv\\\/\",\"name\":\"Facecorner\",\"description\":\"\",\"publisher\":{\"@id\":\"https:\\\/\\\/www.facecorner.lv\\\/#organization\"},\"potentialAction\":[{\"@type\":\"SearchAction\",\"target\":{\"@type\":\"EntryPoint\",\"urlTemplate\":\"https:\\\/\\\/www.facecorner.lv\\\/?s={search_term_string}\"},\"query-input\":{\"@type\":\"PropertyValueSpecification\",\"valueRequired\":true,\"valueName\":\"search_term_string\"}}],\"inLanguage\":\"lv-LV\"},{\"@type\":\"Organization\",\"@id\":\"https:\\\/\\\/www.facecorner.lv\\\/#organization\",\"name\":\"Facecorner\",\"url\":\"https:\\\/\\\/www.facecorner.lv\\\/\",\"logo\":{\"@type\":\"ImageObject\",\"inLanguage\":\"lv-LV\",\"@id\":\"https:\\\/\\\/www.facecorner.lv\\\/#\\\/schema\\\/logo\\\/image\\\/\",\"url\":\"https:\\\/\\\/www.facecorner.lv\\\/wp-content\\\/uploads\\\/2024\\\/04\\\/fc-logo.jpg\",\"contentUrl\":\"https:\\\/\\\/www.facecorner.lv\\\/wp-content\\\/uploads\\\/2024\\\/04\\\/fc-logo.jpg\",\"width\":174,\"height\":28,\"caption\":\"Facecorner\"},\"image\":{\"@id\":\"https:\\\/\\\/www.facecorner.lv\\\/#\\\/schema\\\/logo\\\/image\\\/\"},\"sameAs\":[\"https:\\\/\\\/www.facebook.com\\\/profile.php?id=100063824551839\",\"https:\\\/\\\/www.instagram.com\\\/facecorner_shop\\\/\"]}]}<\/script>\n<meta property=\"product:price:amount\" content=\"35.00\" \/>\n<meta property=\"product:price:currency\" content=\"EUR\" \/>\n<meta property=\"og:availability\" content=\"out of stock\" \/>\n<meta property=\"product:availability\" content=\"out of stock\" \/>\n<meta property=\"product:condition\" content=\"new\" \/>\n<!-- \/ Yoast SEO plugin. -->","yoast_head_json":{"title":"Medicube Retinol NMN Boosting Serum ir pretnoveco\u0161an\u0101s serums 30ml - FACECORNER","description":"Medicube Retinol NMN Boosting Serum (30 ml) ir\u00a0 pretnoveco\u0161an\u0101s serums, kas apvieno 1,9% retinola un NMN (nikot\u012bnam\u012bda mononukleot\u012bda) kompleksu, lai palielin\u0101tu elast\u012bbu, izl\u012bdzin\u0101tu grumbas un sa\u0161aurin\u0101tu poras.","robots":{"index":"index","follow":"follow","max-snippet":"max-snippet:-1","max-image-preview":"max-image-preview:large","max-video-preview":"max-video-preview:-1"},"canonical":"https:\/\/www.facecorner.lv\/lv\/shop\/medicube-retinol-nmn-boosting-serum-ir-pretnovecosanas-serums-30ml\/","og_locale":"lv_LV","og_type":"article","og_title":"Medicube Retinol NMN Boosting Serum ir pretnoveco\u0161an\u0101s serums 30ml - FACECORNER","og_description":"Medicube Retinol NMN Boosting Serum (30 ml) ir\u00a0 pretnoveco\u0161an\u0101s serums, kas apvieno 1,9% retinola un NMN (nikot\u012bnam\u012bda mononukleot\u012bda) kompleksu, lai palielin\u0101tu elast\u012bbu, izl\u012bdzin\u0101tu grumbas un sa\u0161aurin\u0101tu poras.","og_url":"https:\/\/www.facecorner.lv\/lv\/shop\/medicube-retinol-nmn-boosting-serum-ir-pretnovecosanas-serums-30ml\/","og_site_name":"FACECORNER","article_publisher":"https:\/\/www.facebook.com\/profile.php?id=100063824551839","article_modified_time":"2026-01-29T13:09:55+00:00","og_image":[{"width":225,"height":225,"url":"https:\/\/www.facecorner.lv\/wp-content\/uploads\/2026\/01\/images-8.jpeg","type":"image\/jpeg"}],"twitter_card":"summary_large_image","twitter_misc":{"Price":"&euro;35.00","Availability":"Out of stock"},"schema":{"@context":"https:\/\/schema.org","@graph":[{"@type":"WebPage","@id":"https:\/\/www.facecorner.lv\/shop\/medicube-retinol-nmn-boosting-serum-ir-pretnovecosanas-serums-30ml\/","url":"https:\/\/www.facecorner.lv\/shop\/medicube-retinol-nmn-boosting-serum-ir-pretnovecosanas-serums-30ml\/","name":"Medicube Retinol NMN Boosting Serum ir pretnoveco\u0161an\u0101s serums 30ml - FACECORNER","isPartOf":{"@id":"https:\/\/www.facecorner.lv\/#website"},"primaryImageOfPage":{"@id":"https:\/\/www.facecorner.lv\/shop\/medicube-retinol-nmn-boosting-serum-ir-pretnovecosanas-serums-30ml\/#primaryimage"},"image":{"@id":"https:\/\/www.facecorner.lv\/shop\/medicube-retinol-nmn-boosting-serum-ir-pretnovecosanas-serums-30ml\/#primaryimage"},"thumbnailUrl":"https:\/\/www.facecorner.lv\/wp-content\/uploads\/2026\/01\/images-8.jpeg","datePublished":"2026-01-28T13:49:06+00:00","dateModified":"2026-01-29T13:09:55+00:00","description":"Medicube Retinol NMN Boosting Serum (30 ml) ir\u00a0 pretnoveco\u0161an\u0101s serums, kas apvieno 1,9% retinola un NMN (nikot\u012bnam\u012bda mononukleot\u012bda) kompleksu, lai palielin\u0101tu elast\u012bbu, izl\u012bdzin\u0101tu grumbas un sa\u0161aurin\u0101tu poras.","breadcrumb":{"@id":"https:\/\/www.facecorner.lv\/shop\/medicube-retinol-nmn-boosting-serum-ir-pretnovecosanas-serums-30ml\/#breadcrumb"},"inLanguage":"lv-LV","potentialAction":[{"@type":"ReadAction","target":["https:\/\/www.facecorner.lv\/shop\/medicube-retinol-nmn-boosting-serum-ir-pretnovecosanas-serums-30ml\/"]}]},{"@type":"ImageObject","inLanguage":"lv-LV","@id":"https:\/\/www.facecorner.lv\/shop\/medicube-retinol-nmn-boosting-serum-ir-pretnovecosanas-serums-30ml\/#primaryimage","url":"https:\/\/www.facecorner.lv\/wp-content\/uploads\/2026\/01\/images-8.jpeg","contentUrl":"https:\/\/www.facecorner.lv\/wp-content\/uploads\/2026\/01\/images-8.jpeg","width":225,"height":225,"caption":"Medicube Retinol NMN Boosting Serum"},{"@type":"BreadcrumbList","@id":"https:\/\/www.facecorner.lv\/shop\/medicube-retinol-nmn-boosting-serum-ir-pretnovecosanas-serums-30ml\/#breadcrumb","itemListElement":[{"@type":"ListItem","position":1,"name":"Home","item":"https:\/\/www.facecorner.lv\/"},{"@type":"ListItem","position":2,"name":"Veikals","item":"https:\/\/www.facecorner.lv\/shop\/"},{"@type":"ListItem","position":3,"name":"Medicube Retinol NMN Boosting Serum ir pretnoveco\u0161an\u0101s serums 30ml"}]},{"@type":"WebSite","@id":"https:\/\/www.facecorner.lv\/#website","url":"https:\/\/www.facecorner.lv\/","name":"Facecorner","description":"","publisher":{"@id":"https:\/\/www.facecorner.lv\/#organization"},"potentialAction":[{"@type":"SearchAction","target":{"@type":"EntryPoint","urlTemplate":"https:\/\/www.facecorner.lv\/?s={search_term_string}"},"query-input":{"@type":"PropertyValueSpecification","valueRequired":true,"valueName":"search_term_string"}}],"inLanguage":"lv-LV"},{"@type":"Organization","@id":"https:\/\/www.facecorner.lv\/#organization","name":"Facecorner","url":"https:\/\/www.facecorner.lv\/","logo":{"@type":"ImageObject","inLanguage":"lv-LV","@id":"https:\/\/www.facecorner.lv\/#\/schema\/logo\/image\/","url":"https:\/\/www.facecorner.lv\/wp-content\/uploads\/2024\/04\/fc-logo.jpg","contentUrl":"https:\/\/www.facecorner.lv\/wp-content\/uploads\/2024\/04\/fc-logo.jpg","width":174,"height":28,"caption":"Facecorner"},"image":{"@id":"https:\/\/www.facecorner.lv\/#\/schema\/logo\/image\/"},"sameAs":["https:\/\/www.facebook.com\/profile.php?id=100063824551839","https:\/\/www.instagram.com\/facecorner_shop\/"]}]},"product_price_amount":"35.00","product_price_currency":"EUR","og_availability":"out of stock","product_availability":"out of stock","product_condition":"new"},"_links":{"self":[{"href":"https:\/\/www.facecorner.lv\/lv\/wp-json\/wp\/v2\/product\/26748","targetHints":{"allow":["GET"]}}],"collection":[{"href":"https:\/\/www.facecorner.lv\/lv\/wp-json\/wp\/v2\/product"}],"about":[{"href":"https:\/\/www.facecorner.lv\/lv\/wp-json\/wp\/v2\/types\/product"}],"replies":[{"embeddable":true,"href":"https:\/\/www.facecorner.lv\/lv\/wp-json\/wp\/v2\/comments?post=26748"}],"wp:featuredmedia":[{"embeddable":true,"href":"https:\/\/www.facecorner.lv\/lv\/wp-json\/wp\/v2\/media\/26749"}],"wp:attachment":[{"href":"https:\/\/www.facecorner.lv\/lv\/wp-json\/wp\/v2\/media?parent=26748"}],"wp:term":[{"taxonomy":"product_brand","embeddable":true,"href":"https:\/\/www.facecorner.lv\/lv\/wp-json\/wp\/v2\/product_brand?post=26748"},{"taxonomy":"product_cat","embeddable":true,"href":"https:\/\/www.facecorner.lv\/lv\/wp-json\/wp\/v2\/product_cat?post=26748"},{"taxonomy":"product_tag","embeddable":true,"href":"https:\/\/www.facecorner.lv\/lv\/wp-json\/wp\/v2\/product_tag?post=26748"},{"taxonomy":"berocket_brand","embeddable":true,"href":"https:\/\/www.facecorner.lv\/lv\/wp-json\/wp\/v2\/berocket_brand?post=26748"}],"curies":[{"name":"wp","href":"https:\/\/api.w.org\/{rel}","templated":true}]}}