{"id":26741,"date":"2026-01-28T16:13:00","date_gmt":"2026-01-28T13:13:00","guid":{"rendered":"https:\/\/www.facecorner.lv\/?post_type=product&#038;p=26741"},"modified":"2026-03-03T17:58:23","modified_gmt":"2026-03-03T14:58:23","slug":"medicube-azelaic-acid-exosome-shot-2000-ampula-ar-azelainskabi-un-mikroadatam-30ml","status":"publish","type":"product","link":"https:\/\/www.facecorner.lv\/lv\/shop\/medicube-azelaic-acid-exosome-shot-2000-ampula-ar-azelainskabi-un-mikroadatam-30ml\/","title":{"rendered":"Medicube Azelaic Acid Exosome Shot 2000 ampula ar azela\u012bnsk\u0101bi un mikroadat\u0101m 30ml"},"content":{"rendered":"<p>Medicube Azelaic Acid Exosome Shot 2000 ampula ar azela\u012bnsk\u0101bi un mikroadat\u0101m \u2014 intelektu\u0101la &#8220;p\u0101rstart\u0113\u0161ana&#8221; \u0101dai, kurai ir nosliece uz nepiln\u012bb\u0101m.<\/p>\n<p>T\u0101 izl\u012bdzina papla\u0161in\u0101tas poras, nosl\u0101p\u0113 iekaisuma per\u0113k\u013cus un nopul\u0113 reljefu l\u012bdz spogu\u013csp\u012bdumam. Seja ieg\u016bst struktur\u0101lu skaidr\u012bbu, svaigumu un visc\u0113l\u0101ko mirdzumu.<\/p>\n<p>K\u0101 vadl\u012bnijas kalpo 2000 mikroadatu (spikulu) un piena eksosomu sist\u0113ma. Spikulas veido mikroce\u013cus akt\u012bvo vielu dzi\u013cai pieg\u0101dei, un eksosomas atjauno &#8220;\u0161\u016bnu komunik\u0101ciju&#8221; un imunit\u0101ti. Tas izraisa piln\u012bgu audu atjauno\u0161anos, tos sabl\u012bv\u0113 un liek por\u0101m burtiski izzust no virsmas.<\/p>\n<p>G\u0113la tekst\u016bra acumirkl\u012b ies\u016bcas, nov\u0113r\u0161ot lip\u012bgumu. Rakstur\u012bg\u0101 tirp\u0161ana uzkl\u0101\u0161anas laik\u0101 nor\u0101da uz spikulu darb\u012bbu, stimul\u0113jot mikrocirkul\u0101ciju. Ampula ir ide\u0101li piem\u0113rota \u0101das kop\u0161anai, kurai ir nosliece uz nepiln\u012bb\u0101m, radot &#8220;mat\u0113ta porcel\u0101na&#8221; efektu un nevainojamu t\u012br\u012bbu.<\/p>\n<h6>Galven\u0101 iedarb\u012bba:<\/h6>\n<ul>\n<li>\u00a0No\u0146em aps\u0101rtumu un vizu\u0101li nomierina \u0101du<\/li>\n<li>\u00a0Uzlabo sejas tekst\u016bru un toni<\/li>\n<li>\u00a0Samazina p\u0113caknes plankumus un pigment\u0101ciju<\/li>\n<li>\u00a0Pal\u012bdz kontrol\u0113t lieko sebumu<\/li>\n<li>\u00a0Rada svaigu, mitrin\u0101tu un gludu apdari<\/li>\n<li>\u00a0Viegla tekst\u016bra bez lip\u012bguma saj\u016btas<\/li>\n<\/ul>\n<p>Azela\u012bnsk\u0101be \u2014 pal\u012bdz mazin\u0101t iekaisumu, nov\u0113r\u0161 nevienm\u0113r\u012bgu \u0101das toni un nomierina kairin\u0101tu \u0101du.<\/p>\n<p>Niacinam\u012bds \u2014 regul\u0113 sebuma izdal\u012b\u0161anos, padara \u0101du gai\u0161\u0101ku un stiprina \u0101das aizsargbarjeru.<\/p>\n<p>Eksosomas (piena eksosomas \/ laktobacilu ekstracelul\u0101r\u0101s p\u016bsl\u012b\u0161i) \u2014 palielina akt\u012bvo vielu iek\u013c\u016b\u0161anu un veicina \u0101das tekst\u016bras uzlabo\u0161anos.<\/p>\n<p><strong>Lieto\u0161ana:<\/strong><\/p>\n<ul>\n<li>Uzkl\u0101t uz t\u012bras, sausas \u0101das.<\/li>\n<li>Ar viegl\u0101m, viegli iemas\u0113jo\u0161\u0101m kust\u012bb\u0101m uzkl\u0101t 2\u20133 pilienus seruma, koncentr\u0113joties uz probl\u0113mzon\u0101m.<\/li>\n<li>Pagaid\u012bt, l\u012bdz tas ies\u016bcas, p\u0113c tam uzkl\u0101t mitrino\u0161u kr\u0113mu.<\/li>\n<\/ul>\n<p><strong>Sast\u0101vs:<\/strong> <span style=\"font-size: 16px;\">Water, Butylene Glycol, Dipropylene Glycol, Niacinamide, Glycerin, Sodium Polyacrylate, 1,2-Hexanediol, Caprylyl Glycol, Cetearyl Olivate, Phenyl Trimethicone, Sorbitan Olivate, Hydrolyzed Sponge, Melia Azadirachta Leaf Extract, Melia Azadirachta Flower Extract, Glyceryl Acrylate\/Acrylic Acid Copolymer, Ethylhexylglycerin, Calcium Aluminum Borosilicate, Coccinia Indica Fruit Extract, Adenosine, Disodium EDTA, PVM\/MA Copolymer, Ocimum Sanctum Leaf Extract, Solanum Melongena (Eggplant) Fruit Extract, Aloe Barbadensis Flower Extract, Dipotassium Glycyrrhizate, Azelaic Acid, Curcuma Longa (Turmeric) Root Extract, Corallina Officinalis Extract, Lactobacillus Extracellular Vesicles, Isopentyldiol, Betaine Salicylate, Citric Acid, Panthenic Acid, Milk Exosomes, Propanediol, Polyglycerin-3, Hydrolyzed Collagen, Sodium Hyaluronate, Collagen, Centella Asiatica Extract, Asiaticoside, Madecassic Acid, Ceramide NP, Asiatic Acid, Sorbitan Stearate, Palmitic Acid, Salicylic Acid.<\/span><\/p>\n<div class=\"info_ext_block ordered-block char\"><\/div>\n","protected":false},"excerpt":{"rendered":"<p>Ampula ar azela\u012bnsk\u0101bi un mikroadat\u0101m \u2014 intelektu\u0101la &#8220;p\u0101rstart\u0113\u0161ana&#8221; \u0101dai, kurai ir nosliece uz nepiln\u012bb\u0101m.<\/p>\n","protected":false},"featured_media":26742,"comment_status":"open","ping_status":"closed","template":"","meta":{"site-sidebar-layout":"default","site-content-layout":"","ast-site-content-layout":"default","site-content-style":"default","site-sidebar-style":"default","ast-global-header-display":"","ast-banner-title-visibility":"","ast-main-header-display":"","ast-hfb-above-header-display":"","ast-hfb-below-header-display":"","ast-hfb-mobile-header-display":"","site-post-title":"","ast-breadcrumbs-content":"","ast-featured-img":"","footer-sml-layout":"","theme-transparent-header-meta":"default","adv-header-id-meta":"","stick-header-meta":"","header-above-stick-meta":"","header-main-stick-meta":"","header-below-stick-meta":"","astra-migrate-meta-layouts":"set","ast-page-background-enabled":"default","ast-page-background-meta":{"desktop":{"background-color":"var(--ast-global-color-4)","background-image":"","background-repeat":"repeat","background-position":"center center","background-size":"auto","background-attachment":"scroll","background-type":"","background-media":"","overlay-type":"","overlay-color":"","overlay-opacity":"","overlay-gradient":""},"tablet":{"background-color":"","background-image":"","background-repeat":"repeat","background-position":"center center","background-size":"auto","background-attachment":"scroll","background-type":"","background-media":"","overlay-type":"","overlay-color":"","overlay-opacity":"","overlay-gradient":""},"mobile":{"background-color":"","background-image":"","background-repeat":"repeat","background-position":"center center","background-size":"auto","background-attachment":"scroll","background-type":"","background-media":"","overlay-type":"","overlay-color":"","overlay-opacity":"","overlay-gradient":""}},"ast-content-background-meta":{"desktop":{"background-color":"var(--ast-global-color-5)","background-image":"","background-repeat":"repeat","background-position":"center center","background-size":"auto","background-attachment":"scroll","background-type":"","background-media":"","overlay-type":"","overlay-color":"","overlay-opacity":"","overlay-gradient":""},"tablet":{"background-color":"var(--ast-global-color-5)","background-image":"","background-repeat":"repeat","background-position":"center center","background-size":"auto","background-attachment":"scroll","background-type":"","background-media":"","overlay-type":"","overlay-color":"","overlay-opacity":"","overlay-gradient":""},"mobile":{"background-color":"var(--ast-global-color-5)","background-image":"","background-repeat":"repeat","background-position":"center center","background-size":"auto","background-attachment":"scroll","background-type":"","background-media":"","overlay-type":"","overlay-color":"","overlay-opacity":"","overlay-gradient":""}}},"product_brand":[],"product_cat":[435],"product_tag":[],"berocket_brand":[579],"class_list":{"0":"post-26741","1":"product","2":"type-product","3":"status-publish","4":"has-post-thumbnail","6":"product_cat-jaunumi","7":"berocket_brand-medicube","8":"desktop-align-left","9":"tablet-align-left","10":"mobile-align-left","12":"first","13":"instock","14":"taxable","15":"shipping-taxable","16":"purchasable","17":"product-type-simple","18":"add-to-wishlist-before_image"},"yoast_head":"<!-- This site is optimized with the Yoast SEO plugin v27.4 - https:\/\/yoast.com\/product\/yoast-seo-wordpress\/ -->\n<title>Medicube Azelaic Acid Exosome Shot 2000 ampula ar azela\u012bnsk\u0101bi un mikroadat\u0101m 30ml - FACECORNER<\/title>\n<meta name=\"description\" content=\"Ampula ar azela\u012bnsk\u0101bi un mikroadat\u0101m \u2014 intelektu\u0101la &quot;p\u0101rstart\u0113\u0161ana&quot; \u0101dai, kurai ir nosliece uz nepiln\u012bb\u0101m.\" \/>\n<meta name=\"robots\" content=\"index, follow, max-snippet:-1, max-image-preview:large, max-video-preview:-1\" \/>\n<link rel=\"canonical\" href=\"https:\/\/www.facecorner.lv\/lv\/shop\/medicube-azelaic-acid-exosome-shot-2000-ampula-ar-azelainskabi-un-mikroadatam-30ml\/\" \/>\n<meta property=\"og:locale\" content=\"lv_LV\" \/>\n<meta property=\"og:type\" content=\"article\" \/>\n<meta property=\"og:title\" content=\"Medicube Azelaic Acid Exosome Shot 2000 ampula ar azela\u012bnsk\u0101bi un mikroadat\u0101m 30ml - FACECORNER\" \/>\n<meta property=\"og:description\" content=\"Ampula ar azela\u012bnsk\u0101bi un mikroadat\u0101m \u2014 intelektu\u0101la &quot;p\u0101rstart\u0113\u0161ana&quot; \u0101dai, kurai ir nosliece uz nepiln\u012bb\u0101m.\" \/>\n<meta property=\"og:url\" content=\"https:\/\/www.facecorner.lv\/lv\/shop\/medicube-azelaic-acid-exosome-shot-2000-ampula-ar-azelainskabi-un-mikroadatam-30ml\/\" \/>\n<meta property=\"og:site_name\" content=\"FACECORNER\" \/>\n<meta property=\"article:publisher\" content=\"https:\/\/www.facebook.com\/profile.php?id=100063824551839\" \/>\n<meta property=\"article:modified_time\" content=\"2026-03-03T14:58:23+00:00\" \/>\n<meta property=\"og:image\" content=\"https:\/\/www.facecorner.lv\/wp-content\/uploads\/2026\/01\/71TFpArxslL._AC_UF10001000_QL80_.jpg\" \/>\n\t<meta property=\"og:image:width\" content=\"921\" \/>\n\t<meta property=\"og:image:height\" content=\"1000\" \/>\n\t<meta property=\"og:image:type\" content=\"image\/jpeg\" \/>\n<meta name=\"twitter:card\" content=\"summary_large_image\" \/>\n<meta name=\"twitter:label1\" content=\"Price\" \/>\n\t<meta name=\"twitter:data1\" content=\"&euro;32.00\" \/>\n\t<meta name=\"twitter:label2\" content=\"Availability\" \/>\n\t<meta name=\"twitter:data2\" content=\"In stock\" \/>\n<script type=\"application\/ld+json\" class=\"yoast-schema-graph\">{\"@context\":\"https:\\\/\\\/schema.org\",\"@graph\":[{\"@type\":\"WebPage\",\"@id\":\"https:\\\/\\\/www.facecorner.lv\\\/shop\\\/medicube-azelaic-acid-exosome-shot-2000-ampula-ar-azelainskabi-un-mikroadatam-30ml\\\/\",\"url\":\"https:\\\/\\\/www.facecorner.lv\\\/shop\\\/medicube-azelaic-acid-exosome-shot-2000-ampula-ar-azelainskabi-un-mikroadatam-30ml\\\/\",\"name\":\"Medicube Azelaic Acid Exosome Shot 2000 ampula ar azela\u012bnsk\u0101bi un mikroadat\u0101m 30ml - FACECORNER\",\"isPartOf\":{\"@id\":\"https:\\\/\\\/www.facecorner.lv\\\/#website\"},\"primaryImageOfPage\":{\"@id\":\"https:\\\/\\\/www.facecorner.lv\\\/shop\\\/medicube-azelaic-acid-exosome-shot-2000-ampula-ar-azelainskabi-un-mikroadatam-30ml\\\/#primaryimage\"},\"image\":{\"@id\":\"https:\\\/\\\/www.facecorner.lv\\\/shop\\\/medicube-azelaic-acid-exosome-shot-2000-ampula-ar-azelainskabi-un-mikroadatam-30ml\\\/#primaryimage\"},\"thumbnailUrl\":\"https:\\\/\\\/www.facecorner.lv\\\/wp-content\\\/uploads\\\/2026\\\/01\\\/71TFpArxslL._AC_UF10001000_QL80_.jpg\",\"datePublished\":\"2026-01-28T13:13:00+00:00\",\"dateModified\":\"2026-03-03T14:58:23+00:00\",\"description\":\"Ampula ar azela\u012bnsk\u0101bi un mikroadat\u0101m \u2014 intelektu\u0101la \\\"p\u0101rstart\u0113\u0161ana\\\" \u0101dai, kurai ir nosliece uz nepiln\u012bb\u0101m.\",\"breadcrumb\":{\"@id\":\"https:\\\/\\\/www.facecorner.lv\\\/shop\\\/medicube-azelaic-acid-exosome-shot-2000-ampula-ar-azelainskabi-un-mikroadatam-30ml\\\/#breadcrumb\"},\"inLanguage\":\"lv-LV\",\"potentialAction\":[{\"@type\":\"ReadAction\",\"target\":[\"https:\\\/\\\/www.facecorner.lv\\\/shop\\\/medicube-azelaic-acid-exosome-shot-2000-ampula-ar-azelainskabi-un-mikroadatam-30ml\\\/\"]}]},{\"@type\":\"ImageObject\",\"inLanguage\":\"lv-LV\",\"@id\":\"https:\\\/\\\/www.facecorner.lv\\\/shop\\\/medicube-azelaic-acid-exosome-shot-2000-ampula-ar-azelainskabi-un-mikroadatam-30ml\\\/#primaryimage\",\"url\":\"https:\\\/\\\/www.facecorner.lv\\\/wp-content\\\/uploads\\\/2026\\\/01\\\/71TFpArxslL._AC_UF10001000_QL80_.jpg\",\"contentUrl\":\"https:\\\/\\\/www.facecorner.lv\\\/wp-content\\\/uploads\\\/2026\\\/01\\\/71TFpArxslL._AC_UF10001000_QL80_.jpg\",\"width\":921,\"height\":1000,\"caption\":\"Medicube Azelaic Acid Exosome Shot 2000\"},{\"@type\":\"BreadcrumbList\",\"@id\":\"https:\\\/\\\/www.facecorner.lv\\\/shop\\\/medicube-azelaic-acid-exosome-shot-2000-ampula-ar-azelainskabi-un-mikroadatam-30ml\\\/#breadcrumb\",\"itemListElement\":[{\"@type\":\"ListItem\",\"position\":1,\"name\":\"Home\",\"item\":\"https:\\\/\\\/www.facecorner.lv\\\/\"},{\"@type\":\"ListItem\",\"position\":2,\"name\":\"Veikals\",\"item\":\"https:\\\/\\\/www.facecorner.lv\\\/shop\\\/\"},{\"@type\":\"ListItem\",\"position\":3,\"name\":\"Medicube Azelaic Acid Exosome Shot 2000 ampula ar azela\u012bnsk\u0101bi un mikroadat\u0101m 30ml\"}]},{\"@type\":\"WebSite\",\"@id\":\"https:\\\/\\\/www.facecorner.lv\\\/#website\",\"url\":\"https:\\\/\\\/www.facecorner.lv\\\/\",\"name\":\"Facecorner\",\"description\":\"\",\"publisher\":{\"@id\":\"https:\\\/\\\/www.facecorner.lv\\\/#organization\"},\"potentialAction\":[{\"@type\":\"SearchAction\",\"target\":{\"@type\":\"EntryPoint\",\"urlTemplate\":\"https:\\\/\\\/www.facecorner.lv\\\/?s={search_term_string}\"},\"query-input\":{\"@type\":\"PropertyValueSpecification\",\"valueRequired\":true,\"valueName\":\"search_term_string\"}}],\"inLanguage\":\"lv-LV\"},{\"@type\":\"Organization\",\"@id\":\"https:\\\/\\\/www.facecorner.lv\\\/#organization\",\"name\":\"Facecorner\",\"url\":\"https:\\\/\\\/www.facecorner.lv\\\/\",\"logo\":{\"@type\":\"ImageObject\",\"inLanguage\":\"lv-LV\",\"@id\":\"https:\\\/\\\/www.facecorner.lv\\\/#\\\/schema\\\/logo\\\/image\\\/\",\"url\":\"https:\\\/\\\/www.facecorner.lv\\\/wp-content\\\/uploads\\\/2024\\\/04\\\/fc-logo.jpg\",\"contentUrl\":\"https:\\\/\\\/www.facecorner.lv\\\/wp-content\\\/uploads\\\/2024\\\/04\\\/fc-logo.jpg\",\"width\":174,\"height\":28,\"caption\":\"Facecorner\"},\"image\":{\"@id\":\"https:\\\/\\\/www.facecorner.lv\\\/#\\\/schema\\\/logo\\\/image\\\/\"},\"sameAs\":[\"https:\\\/\\\/www.facebook.com\\\/profile.php?id=100063824551839\",\"https:\\\/\\\/www.instagram.com\\\/facecorner_shop\\\/\"]}]}<\/script>\n<meta property=\"product:price:amount\" content=\"32.00\" \/>\n<meta property=\"product:price:currency\" content=\"EUR\" \/>\n<meta property=\"og:availability\" content=\"instock\" \/>\n<meta property=\"product:availability\" content=\"instock\" \/>\n<meta property=\"product:condition\" content=\"new\" \/>\n<!-- \/ Yoast SEO plugin. -->","yoast_head_json":{"title":"Medicube Azelaic Acid Exosome Shot 2000 ampula ar azela\u012bnsk\u0101bi un mikroadat\u0101m 30ml - FACECORNER","description":"Ampula ar azela\u012bnsk\u0101bi un mikroadat\u0101m \u2014 intelektu\u0101la \"p\u0101rstart\u0113\u0161ana\" \u0101dai, kurai ir nosliece uz nepiln\u012bb\u0101m.","robots":{"index":"index","follow":"follow","max-snippet":"max-snippet:-1","max-image-preview":"max-image-preview:large","max-video-preview":"max-video-preview:-1"},"canonical":"https:\/\/www.facecorner.lv\/lv\/shop\/medicube-azelaic-acid-exosome-shot-2000-ampula-ar-azelainskabi-un-mikroadatam-30ml\/","og_locale":"lv_LV","og_type":"article","og_title":"Medicube Azelaic Acid Exosome Shot 2000 ampula ar azela\u012bnsk\u0101bi un mikroadat\u0101m 30ml - FACECORNER","og_description":"Ampula ar azela\u012bnsk\u0101bi un mikroadat\u0101m \u2014 intelektu\u0101la \"p\u0101rstart\u0113\u0161ana\" \u0101dai, kurai ir nosliece uz nepiln\u012bb\u0101m.","og_url":"https:\/\/www.facecorner.lv\/lv\/shop\/medicube-azelaic-acid-exosome-shot-2000-ampula-ar-azelainskabi-un-mikroadatam-30ml\/","og_site_name":"FACECORNER","article_publisher":"https:\/\/www.facebook.com\/profile.php?id=100063824551839","article_modified_time":"2026-03-03T14:58:23+00:00","og_image":[{"width":921,"height":1000,"url":"https:\/\/www.facecorner.lv\/wp-content\/uploads\/2026\/01\/71TFpArxslL._AC_UF10001000_QL80_.jpg","type":"image\/jpeg"}],"twitter_card":"summary_large_image","twitter_misc":{"Price":"&euro;32.00","Availability":"In stock"},"schema":{"@context":"https:\/\/schema.org","@graph":[{"@type":"WebPage","@id":"https:\/\/www.facecorner.lv\/shop\/medicube-azelaic-acid-exosome-shot-2000-ampula-ar-azelainskabi-un-mikroadatam-30ml\/","url":"https:\/\/www.facecorner.lv\/shop\/medicube-azelaic-acid-exosome-shot-2000-ampula-ar-azelainskabi-un-mikroadatam-30ml\/","name":"Medicube Azelaic Acid Exosome Shot 2000 ampula ar azela\u012bnsk\u0101bi un mikroadat\u0101m 30ml - FACECORNER","isPartOf":{"@id":"https:\/\/www.facecorner.lv\/#website"},"primaryImageOfPage":{"@id":"https:\/\/www.facecorner.lv\/shop\/medicube-azelaic-acid-exosome-shot-2000-ampula-ar-azelainskabi-un-mikroadatam-30ml\/#primaryimage"},"image":{"@id":"https:\/\/www.facecorner.lv\/shop\/medicube-azelaic-acid-exosome-shot-2000-ampula-ar-azelainskabi-un-mikroadatam-30ml\/#primaryimage"},"thumbnailUrl":"https:\/\/www.facecorner.lv\/wp-content\/uploads\/2026\/01\/71TFpArxslL._AC_UF10001000_QL80_.jpg","datePublished":"2026-01-28T13:13:00+00:00","dateModified":"2026-03-03T14:58:23+00:00","description":"Ampula ar azela\u012bnsk\u0101bi un mikroadat\u0101m \u2014 intelektu\u0101la \"p\u0101rstart\u0113\u0161ana\" \u0101dai, kurai ir nosliece uz nepiln\u012bb\u0101m.","breadcrumb":{"@id":"https:\/\/www.facecorner.lv\/shop\/medicube-azelaic-acid-exosome-shot-2000-ampula-ar-azelainskabi-un-mikroadatam-30ml\/#breadcrumb"},"inLanguage":"lv-LV","potentialAction":[{"@type":"ReadAction","target":["https:\/\/www.facecorner.lv\/shop\/medicube-azelaic-acid-exosome-shot-2000-ampula-ar-azelainskabi-un-mikroadatam-30ml\/"]}]},{"@type":"ImageObject","inLanguage":"lv-LV","@id":"https:\/\/www.facecorner.lv\/shop\/medicube-azelaic-acid-exosome-shot-2000-ampula-ar-azelainskabi-un-mikroadatam-30ml\/#primaryimage","url":"https:\/\/www.facecorner.lv\/wp-content\/uploads\/2026\/01\/71TFpArxslL._AC_UF10001000_QL80_.jpg","contentUrl":"https:\/\/www.facecorner.lv\/wp-content\/uploads\/2026\/01\/71TFpArxslL._AC_UF10001000_QL80_.jpg","width":921,"height":1000,"caption":"Medicube Azelaic Acid Exosome Shot 2000"},{"@type":"BreadcrumbList","@id":"https:\/\/www.facecorner.lv\/shop\/medicube-azelaic-acid-exosome-shot-2000-ampula-ar-azelainskabi-un-mikroadatam-30ml\/#breadcrumb","itemListElement":[{"@type":"ListItem","position":1,"name":"Home","item":"https:\/\/www.facecorner.lv\/"},{"@type":"ListItem","position":2,"name":"Veikals","item":"https:\/\/www.facecorner.lv\/shop\/"},{"@type":"ListItem","position":3,"name":"Medicube Azelaic Acid Exosome Shot 2000 ampula ar azela\u012bnsk\u0101bi un mikroadat\u0101m 30ml"}]},{"@type":"WebSite","@id":"https:\/\/www.facecorner.lv\/#website","url":"https:\/\/www.facecorner.lv\/","name":"Facecorner","description":"","publisher":{"@id":"https:\/\/www.facecorner.lv\/#organization"},"potentialAction":[{"@type":"SearchAction","target":{"@type":"EntryPoint","urlTemplate":"https:\/\/www.facecorner.lv\/?s={search_term_string}"},"query-input":{"@type":"PropertyValueSpecification","valueRequired":true,"valueName":"search_term_string"}}],"inLanguage":"lv-LV"},{"@type":"Organization","@id":"https:\/\/www.facecorner.lv\/#organization","name":"Facecorner","url":"https:\/\/www.facecorner.lv\/","logo":{"@type":"ImageObject","inLanguage":"lv-LV","@id":"https:\/\/www.facecorner.lv\/#\/schema\/logo\/image\/","url":"https:\/\/www.facecorner.lv\/wp-content\/uploads\/2024\/04\/fc-logo.jpg","contentUrl":"https:\/\/www.facecorner.lv\/wp-content\/uploads\/2024\/04\/fc-logo.jpg","width":174,"height":28,"caption":"Facecorner"},"image":{"@id":"https:\/\/www.facecorner.lv\/#\/schema\/logo\/image\/"},"sameAs":["https:\/\/www.facebook.com\/profile.php?id=100063824551839","https:\/\/www.instagram.com\/facecorner_shop\/"]}]},"product_price_amount":"32.00","product_price_currency":"EUR","og_availability":"instock","product_availability":"instock","product_condition":"new"},"_links":{"self":[{"href":"https:\/\/www.facecorner.lv\/lv\/wp-json\/wp\/v2\/product\/26741","targetHints":{"allow":["GET"]}}],"collection":[{"href":"https:\/\/www.facecorner.lv\/lv\/wp-json\/wp\/v2\/product"}],"about":[{"href":"https:\/\/www.facecorner.lv\/lv\/wp-json\/wp\/v2\/types\/product"}],"replies":[{"embeddable":true,"href":"https:\/\/www.facecorner.lv\/lv\/wp-json\/wp\/v2\/comments?post=26741"}],"wp:featuredmedia":[{"embeddable":true,"href":"https:\/\/www.facecorner.lv\/lv\/wp-json\/wp\/v2\/media\/26742"}],"wp:attachment":[{"href":"https:\/\/www.facecorner.lv\/lv\/wp-json\/wp\/v2\/media?parent=26741"}],"wp:term":[{"taxonomy":"product_brand","embeddable":true,"href":"https:\/\/www.facecorner.lv\/lv\/wp-json\/wp\/v2\/product_brand?post=26741"},{"taxonomy":"product_cat","embeddable":true,"href":"https:\/\/www.facecorner.lv\/lv\/wp-json\/wp\/v2\/product_cat?post=26741"},{"taxonomy":"product_tag","embeddable":true,"href":"https:\/\/www.facecorner.lv\/lv\/wp-json\/wp\/v2\/product_tag?post=26741"},{"taxonomy":"berocket_brand","embeddable":true,"href":"https:\/\/www.facecorner.lv\/lv\/wp-json\/wp\/v2\/berocket_brand?post=26741"}],"curies":[{"name":"wp","href":"https:\/\/api.w.org\/{rel}","templated":true}]}}